{"id":14152,"date":"2025-09-21T12:50:53","date_gmt":"2025-09-21T15:50:53","guid":{"rendered":"https:\/\/deputadotaveirajr.com.br\/index.php\/motociclista-morre-e-passageiro-fica-ferido-apos-baterem-em-caminhao-no-rn\/"},"modified":"2025-09-21T12:50:53","modified_gmt":"2025-09-21T15:50:53","slug":"motociclista-morre-e-passageiro-fica-ferido-apos-baterem-em-caminhao-no-rn","status":"publish","type":"page","link":"https:\/\/deputadotaveirajr.com.br\/index.php\/motociclista-morre-e-passageiro-fica-ferido-apos-baterem-em-caminhao-no-rn\/","title":{"rendered":"Motociclista morre e passageiro fica ferido ap\u00f3s baterem em caminh\u00e3o no RN"},"content":{"rendered":"<p><img decoding=\"async\" src=\"https:\/\/s2-g1.glbimg.com\/_5ogUWb3xlD1VwrqCc5rYPV1qiQ=\/i.s3.glbimg.com\/v1\/AUTH_59edd422c0c84a879bd37670ae4f538a\/internal_photos\/bs\/2025\/p\/C\/kX4MhkTh6TSFrIawutAQ\/acidente-caico.jpg\" \/><br \/>     Policial rodovi\u00e1rio explica acidente que deixou uma pessoa morta e outra ferida em Caic\u00f3<br \/>\nUm acidente registrado na manh\u00e3 deste domingo (21) deixou uma pessoa morta e outra ferida em Caic\u00f3, no Serid\u00f3 potiguar. A colis\u00e3o entre uma moto e um caminh\u00e3o aconteceu por volta das 7h na Avenida Coronel Martiniano, perto da Delegacia de Pol\u00edcia Civil do munic\u00edpio.<br \/>\nAmbas as v\u00edtimas estavam na motocicleta. De acordo com a Pol\u00edcia Rodovi\u00e1ria Estadual, o acidente ocorreu ap\u00f3s uma ultrapassagem irregular feita pelo condutor da moto, que invadiu a faixa contr\u00e1ria e acabou colidindo de frente com o caminh\u00e3o que trafegava no sentido oposto.<br \/>\n\ud83d\udcf3 Clique aqui para seguir o canal do g1 RN no WhatsApp<br \/>\nO condutor da motocicleta morreu ainda no local. O passageiro foi socorrido pelo Servi\u00e7o de Atendimento M\u00f3vel de Urg\u00eancia (Samu) e levado ao Hospital Regional do Serid\u00f3.<br \/>\nMotociclista morreu e passageiro ficou ferido em colis\u00e3o frontal com caminh\u00e3o em Caic\u00f3, RN<br \/>\nCardoso Silva\/Inter TV Costa Branca<br \/>\nA identidade das v\u00edtimas n\u00e3o foi divulgada at\u00e9 a \u00faltima atualiza\u00e7\u00e3o desta mat\u00e9ria.<br \/>\nSegundo o sargento Nellison da Silva, da Pol\u00edcia Rodovi\u00e1ria Estadual, testemunhas confirmaram que a tentativa de ultrapassagem ocorreu em um trecho com faixa dupla e cont\u00ednua, onde a manobra \u00e9 proibida.<br \/>\nO motorista do caminh\u00e3o n\u00e3o se feriu permaneceu no local. Ele foi conduzido \u00e0 Delegacia de Pol\u00edcia Civil para prestar depoimento e realizou o teste do baf\u00f4metro, que n\u00e3o apontou consumo de \u00e1lcool.<br \/>\nVeja os v\u00eddeos mais assistidos no g1 RN<\/p>","protected":false},"excerpt":{"rendered":"<p>Policial rodovi\u00e1rio explica acidente que deixou uma pessoa morta e outra ferida em Caic\u00f3 Um acidente registrado na manh\u00e3 deste domingo (21) deixou uma pessoa morta e outra ferida em &#8230;<\/p>\n","protected":false},"author":0,"featured_media":14153,"parent":0,"menu_order":0,"comment_status":"closed","ping_status":"closed","template":"","meta":{"footnotes":""},"class_list":["post-14152","page","type-page","status-publish","has-post-thumbnail","hentry"],"yoast_head":"<!-- This site is optimized with the Yoast SEO plugin v27.1.1 - https:\/\/yoast.com\/product\/yoast-seo-wordpress\/ -->\n<title>Motociclista morre e passageiro fica ferido ap\u00f3s baterem em caminh\u00e3o no RN - Taveira Jr<\/title>\n<meta name=\"robots\" content=\"index, follow, max-snippet:-1, max-image-preview:large, max-video-preview:-1\" \/>\n<link rel=\"canonical\" href=\"https:\/\/deputadotaveirajr.com.br\/index.php\/motociclista-morre-e-passageiro-fica-ferido-apos-baterem-em-caminhao-no-rn\/\" \/>\n<meta property=\"og:locale\" content=\"pt_BR\" \/>\n<meta property=\"og:type\" content=\"article\" \/>\n<meta property=\"og:title\" content=\"Motociclista morre e passageiro fica ferido ap\u00f3s baterem em caminh\u00e3o no RN - Taveira Jr\" \/>\n<meta property=\"og:description\" content=\"Policial rodovi\u00e1rio explica acidente que deixou uma pessoa morta e outra ferida em Caic\u00f3 Um acidente registrado na manh\u00e3 deste domingo (21) deixou uma pessoa morta e outra ferida em ...\" \/>\n<meta property=\"og:url\" content=\"https:\/\/deputadotaveirajr.com.br\/index.php\/motociclista-morre-e-passageiro-fica-ferido-apos-baterem-em-caminhao-no-rn\/\" \/>\n<meta property=\"og:site_name\" content=\"Taveira Jr\" \/>\n<meta property=\"og:image\" content=\"https:\/\/s2-g1.glbimg.com\/_5ogUWb3xlD1VwrqCc5rYPV1qiQ=\/i.s3.glbimg.com\/v1\/AUTH_59edd422c0c84a879bd37670ae4f538a\/internal_photos\/bs\/2025\/p\/C\/kX4MhkTh6TSFrIawutAQ\/acidente-caico.jpg\" \/>\n<meta name=\"twitter:card\" content=\"summary_large_image\" \/>\n<meta name=\"twitter:label1\" content=\"Est. tempo de leitura\" \/>\n\t<meta name=\"twitter:data1\" content=\"1 minuto\" \/>\n<script type=\"application\/ld+json\" class=\"yoast-schema-graph\">{\"@context\":\"https:\/\/schema.org\",\"@graph\":[{\"@type\":\"WebPage\",\"@id\":\"https:\/\/deputadotaveirajr.com.br\/index.php\/motociclista-morre-e-passageiro-fica-ferido-apos-baterem-em-caminhao-no-rn\/\",\"url\":\"https:\/\/deputadotaveirajr.com.br\/index.php\/motociclista-morre-e-passageiro-fica-ferido-apos-baterem-em-caminhao-no-rn\/\",\"name\":\"Motociclista morre e passageiro fica ferido ap\u00f3s baterem em caminh\u00e3o no RN - Taveira Jr\",\"isPartOf\":{\"@id\":\"https:\/\/deputadotaveirajr.com.br\/#website\"},\"primaryImageOfPage\":{\"@id\":\"https:\/\/deputadotaveirajr.com.br\/index.php\/motociclista-morre-e-passageiro-fica-ferido-apos-baterem-em-caminhao-no-rn\/#primaryimage\"},\"image\":{\"@id\":\"https:\/\/deputadotaveirajr.com.br\/index.php\/motociclista-morre-e-passageiro-fica-ferido-apos-baterem-em-caminhao-no-rn\/#primaryimage\"},\"thumbnailUrl\":\"https:\/\/deputadotaveirajr.com.br\/wp-content\/uploads\/2025\/09\/acidente-caico-mtT0uD.jpg\",\"datePublished\":\"2025-09-21T15:50:53+00:00\",\"breadcrumb\":{\"@id\":\"https:\/\/deputadotaveirajr.com.br\/index.php\/motociclista-morre-e-passageiro-fica-ferido-apos-baterem-em-caminhao-no-rn\/#breadcrumb\"},\"inLanguage\":\"pt-BR\",\"potentialAction\":[{\"@type\":\"ReadAction\",\"target\":[\"https:\/\/deputadotaveirajr.com.br\/index.php\/motociclista-morre-e-passageiro-fica-ferido-apos-baterem-em-caminhao-no-rn\/\"]}]},{\"@type\":\"ImageObject\",\"inLanguage\":\"pt-BR\",\"@id\":\"https:\/\/deputadotaveirajr.com.br\/index.php\/motociclista-morre-e-passageiro-fica-ferido-apos-baterem-em-caminhao-no-rn\/#primaryimage\",\"url\":\"https:\/\/deputadotaveirajr.com.br\/wp-content\/uploads\/2025\/09\/acidente-caico-mtT0uD.jpg\",\"contentUrl\":\"https:\/\/deputadotaveirajr.com.br\/wp-content\/uploads\/2025\/09\/acidente-caico-mtT0uD.jpg\",\"width\":1600,\"height\":900},{\"@type\":\"BreadcrumbList\",\"@id\":\"https:\/\/deputadotaveirajr.com.br\/index.php\/motociclista-morre-e-passageiro-fica-ferido-apos-baterem-em-caminhao-no-rn\/#breadcrumb\",\"itemListElement\":[{\"@type\":\"ListItem\",\"position\":1,\"name\":\"In\u00edcio\",\"item\":\"https:\/\/deputadotaveirajr.com.br\/\"},{\"@type\":\"ListItem\",\"position\":2,\"name\":\"Motociclista morre e passageiro fica ferido ap\u00f3s baterem em caminh\u00e3o no RN\"}]},{\"@type\":\"WebSite\",\"@id\":\"https:\/\/deputadotaveirajr.com.br\/#website\",\"url\":\"https:\/\/deputadotaveirajr.com.br\/\",\"name\":\"Taveira Jr\",\"description\":\"Deputado Estadual\",\"publisher\":{\"@id\":\"https:\/\/deputadotaveirajr.com.br\/#organization\"},\"potentialAction\":[{\"@type\":\"SearchAction\",\"target\":{\"@type\":\"EntryPoint\",\"urlTemplate\":\"https:\/\/deputadotaveirajr.com.br\/?s={search_term_string}\"},\"query-input\":{\"@type\":\"PropertyValueSpecification\",\"valueRequired\":true,\"valueName\":\"search_term_string\"}}],\"inLanguage\":\"pt-BR\"},{\"@type\":\"Organization\",\"@id\":\"https:\/\/deputadotaveirajr.com.br\/#organization\",\"name\":\"Taveira Jr\",\"url\":\"https:\/\/deputadotaveirajr.com.br\/\",\"logo\":{\"@type\":\"ImageObject\",\"inLanguage\":\"pt-BR\",\"@id\":\"https:\/\/deputadotaveirajr.com.br\/#\/schema\/logo\/image\/\",\"url\":\"https:\/\/deputadotaveirajr.com.br\/wp-content\/uploads\/2026\/01\/logolow2a.png\",\"contentUrl\":\"https:\/\/deputadotaveirajr.com.br\/wp-content\/uploads\/2026\/01\/logolow2a.png\",\"width\":290,\"height\":80,\"caption\":\"Taveira Jr\"},\"image\":{\"@id\":\"https:\/\/deputadotaveirajr.com.br\/#\/schema\/logo\/image\/\"}}]}<\/script>\n<!-- \/ Yoast SEO plugin. -->","yoast_head_json":{"title":"Motociclista morre e passageiro fica ferido ap\u00f3s baterem em caminh\u00e3o no RN - Taveira Jr","robots":{"index":"index","follow":"follow","max-snippet":"max-snippet:-1","max-image-preview":"max-image-preview:large","max-video-preview":"max-video-preview:-1"},"canonical":"https:\/\/deputadotaveirajr.com.br\/index.php\/motociclista-morre-e-passageiro-fica-ferido-apos-baterem-em-caminhao-no-rn\/","og_locale":"pt_BR","og_type":"article","og_title":"Motociclista morre e passageiro fica ferido ap\u00f3s baterem em caminh\u00e3o no RN - Taveira Jr","og_description":"Policial rodovi\u00e1rio explica acidente que deixou uma pessoa morta e outra ferida em Caic\u00f3 Um acidente registrado na manh\u00e3 deste domingo (21) deixou uma pessoa morta e outra ferida em ...","og_url":"https:\/\/deputadotaveirajr.com.br\/index.php\/motociclista-morre-e-passageiro-fica-ferido-apos-baterem-em-caminhao-no-rn\/","og_site_name":"Taveira Jr","og_image":[{"url":"https:\/\/s2-g1.glbimg.com\/_5ogUWb3xlD1VwrqCc5rYPV1qiQ=\/i.s3.glbimg.com\/v1\/AUTH_59edd422c0c84a879bd37670ae4f538a\/internal_photos\/bs\/2025\/p\/C\/kX4MhkTh6TSFrIawutAQ\/acidente-caico.jpg","type":"","width":"","height":""}],"twitter_card":"summary_large_image","twitter_misc":{"Est. tempo de leitura":"1 minuto"},"schema":{"@context":"https:\/\/schema.org","@graph":[{"@type":"WebPage","@id":"https:\/\/deputadotaveirajr.com.br\/index.php\/motociclista-morre-e-passageiro-fica-ferido-apos-baterem-em-caminhao-no-rn\/","url":"https:\/\/deputadotaveirajr.com.br\/index.php\/motociclista-morre-e-passageiro-fica-ferido-apos-baterem-em-caminhao-no-rn\/","name":"Motociclista morre e passageiro fica ferido ap\u00f3s baterem em caminh\u00e3o no RN - Taveira Jr","isPartOf":{"@id":"https:\/\/deputadotaveirajr.com.br\/#website"},"primaryImageOfPage":{"@id":"https:\/\/deputadotaveirajr.com.br\/index.php\/motociclista-morre-e-passageiro-fica-ferido-apos-baterem-em-caminhao-no-rn\/#primaryimage"},"image":{"@id":"https:\/\/deputadotaveirajr.com.br\/index.php\/motociclista-morre-e-passageiro-fica-ferido-apos-baterem-em-caminhao-no-rn\/#primaryimage"},"thumbnailUrl":"https:\/\/deputadotaveirajr.com.br\/wp-content\/uploads\/2025\/09\/acidente-caico-mtT0uD.jpg","datePublished":"2025-09-21T15:50:53+00:00","breadcrumb":{"@id":"https:\/\/deputadotaveirajr.com.br\/index.php\/motociclista-morre-e-passageiro-fica-ferido-apos-baterem-em-caminhao-no-rn\/#breadcrumb"},"inLanguage":"pt-BR","potentialAction":[{"@type":"ReadAction","target":["https:\/\/deputadotaveirajr.com.br\/index.php\/motociclista-morre-e-passageiro-fica-ferido-apos-baterem-em-caminhao-no-rn\/"]}]},{"@type":"ImageObject","inLanguage":"pt-BR","@id":"https:\/\/deputadotaveirajr.com.br\/index.php\/motociclista-morre-e-passageiro-fica-ferido-apos-baterem-em-caminhao-no-rn\/#primaryimage","url":"https:\/\/deputadotaveirajr.com.br\/wp-content\/uploads\/2025\/09\/acidente-caico-mtT0uD.jpg","contentUrl":"https:\/\/deputadotaveirajr.com.br\/wp-content\/uploads\/2025\/09\/acidente-caico-mtT0uD.jpg","width":1600,"height":900},{"@type":"BreadcrumbList","@id":"https:\/\/deputadotaveirajr.com.br\/index.php\/motociclista-morre-e-passageiro-fica-ferido-apos-baterem-em-caminhao-no-rn\/#breadcrumb","itemListElement":[{"@type":"ListItem","position":1,"name":"In\u00edcio","item":"https:\/\/deputadotaveirajr.com.br\/"},{"@type":"ListItem","position":2,"name":"Motociclista morre e passageiro fica ferido ap\u00f3s baterem em caminh\u00e3o no RN"}]},{"@type":"WebSite","@id":"https:\/\/deputadotaveirajr.com.br\/#website","url":"https:\/\/deputadotaveirajr.com.br\/","name":"Taveira Jr","description":"Deputado Estadual","publisher":{"@id":"https:\/\/deputadotaveirajr.com.br\/#organization"},"potentialAction":[{"@type":"SearchAction","target":{"@type":"EntryPoint","urlTemplate":"https:\/\/deputadotaveirajr.com.br\/?s={search_term_string}"},"query-input":{"@type":"PropertyValueSpecification","valueRequired":true,"valueName":"search_term_string"}}],"inLanguage":"pt-BR"},{"@type":"Organization","@id":"https:\/\/deputadotaveirajr.com.br\/#organization","name":"Taveira Jr","url":"https:\/\/deputadotaveirajr.com.br\/","logo":{"@type":"ImageObject","inLanguage":"pt-BR","@id":"https:\/\/deputadotaveirajr.com.br\/#\/schema\/logo\/image\/","url":"https:\/\/deputadotaveirajr.com.br\/wp-content\/uploads\/2026\/01\/logolow2a.png","contentUrl":"https:\/\/deputadotaveirajr.com.br\/wp-content\/uploads\/2026\/01\/logolow2a.png","width":290,"height":80,"caption":"Taveira Jr"},"image":{"@id":"https:\/\/deputadotaveirajr.com.br\/#\/schema\/logo\/image\/"}}]}},"_links":{"self":[{"href":"https:\/\/deputadotaveirajr.com.br\/index.php\/wp-json\/wp\/v2\/pages\/14152","targetHints":{"allow":["GET"]}}],"collection":[{"href":"https:\/\/deputadotaveirajr.com.br\/index.php\/wp-json\/wp\/v2\/pages"}],"about":[{"href":"https:\/\/deputadotaveirajr.com.br\/index.php\/wp-json\/wp\/v2\/types\/page"}],"replies":[{"embeddable":true,"href":"https:\/\/deputadotaveirajr.com.br\/index.php\/wp-json\/wp\/v2\/comments?post=14152"}],"version-history":[{"count":0,"href":"https:\/\/deputadotaveirajr.com.br\/index.php\/wp-json\/wp\/v2\/pages\/14152\/revisions"}],"wp:featuredmedia":[{"embeddable":true,"href":"https:\/\/deputadotaveirajr.com.br\/index.php\/wp-json\/wp\/v2\/media\/14153"}],"wp:attachment":[{"href":"https:\/\/deputadotaveirajr.com.br\/index.php\/wp-json\/wp\/v2\/media?parent=14152"}],"curies":[{"name":"wp","href":"https:\/\/api.w.org\/{rel}","templated":true}]}}