{"id":14156,"date":"2025-09-21T10:38:40","date_gmt":"2025-09-21T13:38:40","guid":{"rendered":"https:\/\/deputadotaveirajr.com.br\/index.php\/manifestantes-fazem-ato-contra-pec-da-blindagem-e-pl-da-anistia-em-natal\/"},"modified":"2025-09-21T10:38:40","modified_gmt":"2025-09-21T13:38:40","slug":"manifestantes-fazem-ato-contra-pec-da-blindagem-e-pl-da-anistia-em-natal","status":"publish","type":"page","link":"https:\/\/deputadotaveirajr.com.br\/index.php\/manifestantes-fazem-ato-contra-pec-da-blindagem-e-pl-da-anistia-em-natal\/","title":{"rendered":"Manifestantes fazem ato contra PEC da Blindagem e PL da Anistia em Natal"},"content":{"rendered":"<p><img decoding=\"async\" src=\"https:\/\/s2-g1.glbimg.com\/RDe6dLHUbOm9BKOcPIrXPKKeMxc=\/i.s3.glbimg.com\/v1\/AUTH_59edd422c0c84a879bd37670ae4f538a\/internal_photos\/bs\/2025\/F\/K\/Avxlk2Qoa9q1sErXRRSw\/ato.jpeg\" \/><br \/>     Manifestantes fazem ato em Natal contra PEC da blindagem e projeto de lei da anistia<br \/>\nManifestantes realizaram um ato na manh\u00e3 deste domingo (21), em Natal, contra o projeto de emenda \u00e0 constitui\u00e7\u00e3o que ficou conhecido como PEC da Blindagem e contra o projeto de lei para anistia a pessoas condenadas pela tentativa de golpe de estado.<br \/>\n\ud83d\udcf3 Clique aqui para seguir o canal do g1 RN no WhatsApp<br \/>\nO ato foi convocado por partidos de esquerda e centrais sindicais no Rio Grande do Norte e come\u00e7ou a se concentrar por volta das 9h na avenida Roberto Freire, na Zona Sul da capital.<br \/>\nLEIA MAIS<br \/>\nManifestantes realizam atos contra PEC da Blindagem e PL da Anistia em capitais pelo pa\u00eds<br \/>\nC\u00e2mara aprova urg\u00eancia para projeto que prev\u00ea anistia, mas ainda vai definir alcance do texto<br \/>\nPEC da Blindagem: entenda o que pode mudar em casos de pris\u00e3o de parlamentares<br \/>\nManifesta\u00e7\u00e3o contra anistia e PEC da blindagem em Natal<br \/>\nBrunno Rocha\/Inter TV Cabugi<br \/>\nPor volta das 10h, o grupo saiu em caminhada das proximidades do viaduto de Ponta Negra no sentido \u00e0 praia de Ponta Negra, com cartazes e discursos em um carro de som.<br \/>\nTodas as faixas da avenida nesse sentido foram ocupadas e ficaram interditadas para o tr\u00e2nsito durante o ato.<br \/>\nA manifesta\u00e7\u00e3o foi encerrada por  volta das 12h.<br \/>\nManifesta\u00e7\u00e3o em Natal \u00e9 contra anistia a condenados por golpe e PEC da blindagem<br \/>\nBrunno Rocha\/Inter TV Cabugi<br \/>\nVeja os v\u00eddeos mais assistidos no g1 RN<\/p>","protected":false},"excerpt":{"rendered":"<p>Manifestantes fazem ato em Natal contra PEC da blindagem e projeto de lei da anistia Manifestantes realizaram um ato na manh\u00e3 deste domingo (21), em Natal, contra o projeto de &#8230;<\/p>\n","protected":false},"author":0,"featured_media":14157,"parent":0,"menu_order":0,"comment_status":"closed","ping_status":"closed","template":"","meta":{"footnotes":""},"class_list":["post-14156","page","type-page","status-publish","has-post-thumbnail","hentry"],"yoast_head":"<!-- This site is optimized with the Yoast SEO plugin v27.1.1 - https:\/\/yoast.com\/product\/yoast-seo-wordpress\/ -->\n<title>Manifestantes fazem ato contra PEC da Blindagem e PL da Anistia em Natal - Taveira Jr<\/title>\n<meta name=\"robots\" content=\"index, follow, max-snippet:-1, max-image-preview:large, max-video-preview:-1\" \/>\n<link rel=\"canonical\" href=\"https:\/\/deputadotaveirajr.com.br\/index.php\/manifestantes-fazem-ato-contra-pec-da-blindagem-e-pl-da-anistia-em-natal\/\" \/>\n<meta property=\"og:locale\" content=\"pt_BR\" \/>\n<meta property=\"og:type\" content=\"article\" \/>\n<meta property=\"og:title\" content=\"Manifestantes fazem ato contra PEC da Blindagem e PL da Anistia em Natal - Taveira Jr\" \/>\n<meta property=\"og:description\" content=\"Manifestantes fazem ato em Natal contra PEC da blindagem e projeto de lei da anistia Manifestantes realizaram um ato na manh\u00e3 deste domingo (21), em Natal, contra o projeto de ...\" \/>\n<meta property=\"og:url\" content=\"https:\/\/deputadotaveirajr.com.br\/index.php\/manifestantes-fazem-ato-contra-pec-da-blindagem-e-pl-da-anistia-em-natal\/\" \/>\n<meta property=\"og:site_name\" content=\"Taveira Jr\" \/>\n<meta property=\"og:image\" content=\"https:\/\/s2-g1.glbimg.com\/RDe6dLHUbOm9BKOcPIrXPKKeMxc=\/i.s3.glbimg.com\/v1\/AUTH_59edd422c0c84a879bd37670ae4f538a\/internal_photos\/bs\/2025\/F\/K\/Avxlk2Qoa9q1sErXRRSw\/ato.jpeg\" \/>\n<meta name=\"twitter:card\" content=\"summary_large_image\" \/>\n<meta name=\"twitter:label1\" content=\"Est. tempo de leitura\" \/>\n\t<meta name=\"twitter:data1\" content=\"1 minuto\" \/>\n<script type=\"application\/ld+json\" class=\"yoast-schema-graph\">{\"@context\":\"https:\/\/schema.org\",\"@graph\":[{\"@type\":\"WebPage\",\"@id\":\"https:\/\/deputadotaveirajr.com.br\/index.php\/manifestantes-fazem-ato-contra-pec-da-blindagem-e-pl-da-anistia-em-natal\/\",\"url\":\"https:\/\/deputadotaveirajr.com.br\/index.php\/manifestantes-fazem-ato-contra-pec-da-blindagem-e-pl-da-anistia-em-natal\/\",\"name\":\"Manifestantes fazem ato contra PEC da Blindagem e PL da Anistia em Natal - Taveira Jr\",\"isPartOf\":{\"@id\":\"https:\/\/deputadotaveirajr.com.br\/#website\"},\"primaryImageOfPage\":{\"@id\":\"https:\/\/deputadotaveirajr.com.br\/index.php\/manifestantes-fazem-ato-contra-pec-da-blindagem-e-pl-da-anistia-em-natal\/#primaryimage\"},\"image\":{\"@id\":\"https:\/\/deputadotaveirajr.com.br\/index.php\/manifestantes-fazem-ato-contra-pec-da-blindagem-e-pl-da-anistia-em-natal\/#primaryimage\"},\"thumbnailUrl\":\"https:\/\/deputadotaveirajr.com.br\/wp-content\/uploads\/2025\/09\/ato-g0ZdUe.jpg\",\"datePublished\":\"2025-09-21T13:38:40+00:00\",\"breadcrumb\":{\"@id\":\"https:\/\/deputadotaveirajr.com.br\/index.php\/manifestantes-fazem-ato-contra-pec-da-blindagem-e-pl-da-anistia-em-natal\/#breadcrumb\"},\"inLanguage\":\"pt-BR\",\"potentialAction\":[{\"@type\":\"ReadAction\",\"target\":[\"https:\/\/deputadotaveirajr.com.br\/index.php\/manifestantes-fazem-ato-contra-pec-da-blindagem-e-pl-da-anistia-em-natal\/\"]}]},{\"@type\":\"ImageObject\",\"inLanguage\":\"pt-BR\",\"@id\":\"https:\/\/deputadotaveirajr.com.br\/index.php\/manifestantes-fazem-ato-contra-pec-da-blindagem-e-pl-da-anistia-em-natal\/#primaryimage\",\"url\":\"https:\/\/deputadotaveirajr.com.br\/wp-content\/uploads\/2025\/09\/ato-g0ZdUe.jpg\",\"contentUrl\":\"https:\/\/deputadotaveirajr.com.br\/wp-content\/uploads\/2025\/09\/ato-g0ZdUe.jpg\",\"width\":1600,\"height\":900},{\"@type\":\"BreadcrumbList\",\"@id\":\"https:\/\/deputadotaveirajr.com.br\/index.php\/manifestantes-fazem-ato-contra-pec-da-blindagem-e-pl-da-anistia-em-natal\/#breadcrumb\",\"itemListElement\":[{\"@type\":\"ListItem\",\"position\":1,\"name\":\"In\u00edcio\",\"item\":\"https:\/\/deputadotaveirajr.com.br\/\"},{\"@type\":\"ListItem\",\"position\":2,\"name\":\"Manifestantes fazem ato contra PEC da Blindagem e PL da Anistia em Natal\"}]},{\"@type\":\"WebSite\",\"@id\":\"https:\/\/deputadotaveirajr.com.br\/#website\",\"url\":\"https:\/\/deputadotaveirajr.com.br\/\",\"name\":\"Taveira Jr\",\"description\":\"Deputado Estadual\",\"publisher\":{\"@id\":\"https:\/\/deputadotaveirajr.com.br\/#organization\"},\"potentialAction\":[{\"@type\":\"SearchAction\",\"target\":{\"@type\":\"EntryPoint\",\"urlTemplate\":\"https:\/\/deputadotaveirajr.com.br\/?s={search_term_string}\"},\"query-input\":{\"@type\":\"PropertyValueSpecification\",\"valueRequired\":true,\"valueName\":\"search_term_string\"}}],\"inLanguage\":\"pt-BR\"},{\"@type\":\"Organization\",\"@id\":\"https:\/\/deputadotaveirajr.com.br\/#organization\",\"name\":\"Taveira Jr\",\"url\":\"https:\/\/deputadotaveirajr.com.br\/\",\"logo\":{\"@type\":\"ImageObject\",\"inLanguage\":\"pt-BR\",\"@id\":\"https:\/\/deputadotaveirajr.com.br\/#\/schema\/logo\/image\/\",\"url\":\"https:\/\/deputadotaveirajr.com.br\/wp-content\/uploads\/2026\/01\/logolow2a.png\",\"contentUrl\":\"https:\/\/deputadotaveirajr.com.br\/wp-content\/uploads\/2026\/01\/logolow2a.png\",\"width\":290,\"height\":80,\"caption\":\"Taveira Jr\"},\"image\":{\"@id\":\"https:\/\/deputadotaveirajr.com.br\/#\/schema\/logo\/image\/\"}}]}<\/script>\n<!-- \/ Yoast SEO plugin. -->","yoast_head_json":{"title":"Manifestantes fazem ato contra PEC da Blindagem e PL da Anistia em Natal - Taveira Jr","robots":{"index":"index","follow":"follow","max-snippet":"max-snippet:-1","max-image-preview":"max-image-preview:large","max-video-preview":"max-video-preview:-1"},"canonical":"https:\/\/deputadotaveirajr.com.br\/index.php\/manifestantes-fazem-ato-contra-pec-da-blindagem-e-pl-da-anistia-em-natal\/","og_locale":"pt_BR","og_type":"article","og_title":"Manifestantes fazem ato contra PEC da Blindagem e PL da Anistia em Natal - Taveira Jr","og_description":"Manifestantes fazem ato em Natal contra PEC da blindagem e projeto de lei da anistia Manifestantes realizaram um ato na manh\u00e3 deste domingo (21), em Natal, contra o projeto de ...","og_url":"https:\/\/deputadotaveirajr.com.br\/index.php\/manifestantes-fazem-ato-contra-pec-da-blindagem-e-pl-da-anistia-em-natal\/","og_site_name":"Taveira Jr","og_image":[{"url":"https:\/\/s2-g1.glbimg.com\/RDe6dLHUbOm9BKOcPIrXPKKeMxc=\/i.s3.glbimg.com\/v1\/AUTH_59edd422c0c84a879bd37670ae4f538a\/internal_photos\/bs\/2025\/F\/K\/Avxlk2Qoa9q1sErXRRSw\/ato.jpeg","type":"","width":"","height":""}],"twitter_card":"summary_large_image","twitter_misc":{"Est. tempo de leitura":"1 minuto"},"schema":{"@context":"https:\/\/schema.org","@graph":[{"@type":"WebPage","@id":"https:\/\/deputadotaveirajr.com.br\/index.php\/manifestantes-fazem-ato-contra-pec-da-blindagem-e-pl-da-anistia-em-natal\/","url":"https:\/\/deputadotaveirajr.com.br\/index.php\/manifestantes-fazem-ato-contra-pec-da-blindagem-e-pl-da-anistia-em-natal\/","name":"Manifestantes fazem ato contra PEC da Blindagem e PL da Anistia em Natal - Taveira Jr","isPartOf":{"@id":"https:\/\/deputadotaveirajr.com.br\/#website"},"primaryImageOfPage":{"@id":"https:\/\/deputadotaveirajr.com.br\/index.php\/manifestantes-fazem-ato-contra-pec-da-blindagem-e-pl-da-anistia-em-natal\/#primaryimage"},"image":{"@id":"https:\/\/deputadotaveirajr.com.br\/index.php\/manifestantes-fazem-ato-contra-pec-da-blindagem-e-pl-da-anistia-em-natal\/#primaryimage"},"thumbnailUrl":"https:\/\/deputadotaveirajr.com.br\/wp-content\/uploads\/2025\/09\/ato-g0ZdUe.jpg","datePublished":"2025-09-21T13:38:40+00:00","breadcrumb":{"@id":"https:\/\/deputadotaveirajr.com.br\/index.php\/manifestantes-fazem-ato-contra-pec-da-blindagem-e-pl-da-anistia-em-natal\/#breadcrumb"},"inLanguage":"pt-BR","potentialAction":[{"@type":"ReadAction","target":["https:\/\/deputadotaveirajr.com.br\/index.php\/manifestantes-fazem-ato-contra-pec-da-blindagem-e-pl-da-anistia-em-natal\/"]}]},{"@type":"ImageObject","inLanguage":"pt-BR","@id":"https:\/\/deputadotaveirajr.com.br\/index.php\/manifestantes-fazem-ato-contra-pec-da-blindagem-e-pl-da-anistia-em-natal\/#primaryimage","url":"https:\/\/deputadotaveirajr.com.br\/wp-content\/uploads\/2025\/09\/ato-g0ZdUe.jpg","contentUrl":"https:\/\/deputadotaveirajr.com.br\/wp-content\/uploads\/2025\/09\/ato-g0ZdUe.jpg","width":1600,"height":900},{"@type":"BreadcrumbList","@id":"https:\/\/deputadotaveirajr.com.br\/index.php\/manifestantes-fazem-ato-contra-pec-da-blindagem-e-pl-da-anistia-em-natal\/#breadcrumb","itemListElement":[{"@type":"ListItem","position":1,"name":"In\u00edcio","item":"https:\/\/deputadotaveirajr.com.br\/"},{"@type":"ListItem","position":2,"name":"Manifestantes fazem ato contra PEC da Blindagem e PL da Anistia em Natal"}]},{"@type":"WebSite","@id":"https:\/\/deputadotaveirajr.com.br\/#website","url":"https:\/\/deputadotaveirajr.com.br\/","name":"Taveira Jr","description":"Deputado Estadual","publisher":{"@id":"https:\/\/deputadotaveirajr.com.br\/#organization"},"potentialAction":[{"@type":"SearchAction","target":{"@type":"EntryPoint","urlTemplate":"https:\/\/deputadotaveirajr.com.br\/?s={search_term_string}"},"query-input":{"@type":"PropertyValueSpecification","valueRequired":true,"valueName":"search_term_string"}}],"inLanguage":"pt-BR"},{"@type":"Organization","@id":"https:\/\/deputadotaveirajr.com.br\/#organization","name":"Taveira Jr","url":"https:\/\/deputadotaveirajr.com.br\/","logo":{"@type":"ImageObject","inLanguage":"pt-BR","@id":"https:\/\/deputadotaveirajr.com.br\/#\/schema\/logo\/image\/","url":"https:\/\/deputadotaveirajr.com.br\/wp-content\/uploads\/2026\/01\/logolow2a.png","contentUrl":"https:\/\/deputadotaveirajr.com.br\/wp-content\/uploads\/2026\/01\/logolow2a.png","width":290,"height":80,"caption":"Taveira Jr"},"image":{"@id":"https:\/\/deputadotaveirajr.com.br\/#\/schema\/logo\/image\/"}}]}},"_links":{"self":[{"href":"https:\/\/deputadotaveirajr.com.br\/index.php\/wp-json\/wp\/v2\/pages\/14156","targetHints":{"allow":["GET"]}}],"collection":[{"href":"https:\/\/deputadotaveirajr.com.br\/index.php\/wp-json\/wp\/v2\/pages"}],"about":[{"href":"https:\/\/deputadotaveirajr.com.br\/index.php\/wp-json\/wp\/v2\/types\/page"}],"replies":[{"embeddable":true,"href":"https:\/\/deputadotaveirajr.com.br\/index.php\/wp-json\/wp\/v2\/comments?post=14156"}],"version-history":[{"count":0,"href":"https:\/\/deputadotaveirajr.com.br\/index.php\/wp-json\/wp\/v2\/pages\/14156\/revisions"}],"wp:featuredmedia":[{"embeddable":true,"href":"https:\/\/deputadotaveirajr.com.br\/index.php\/wp-json\/wp\/v2\/media\/14157"}],"wp:attachment":[{"href":"https:\/\/deputadotaveirajr.com.br\/index.php\/wp-json\/wp\/v2\/media?parent=14156"}],"curies":[{"name":"wp","href":"https:\/\/api.w.org\/{rel}","templated":true}]}}