{"id":14177,"date":"2025-09-25T06:00:19","date_gmt":"2025-09-25T09:00:19","guid":{"rendered":"https:\/\/deputadotaveirajr.com.br\/index.php\/jorge-e-mateus-belo-e-dorgival-dantas-veja-agenda-cultural-do-fim-de-semana-em-natal\/"},"modified":"2025-09-25T06:00:19","modified_gmt":"2025-09-25T09:00:19","slug":"jorge-e-mateus-belo-e-dorgival-dantas-veja-agenda-cultural-do-fim-de-semana-em-natal","status":"publish","type":"page","link":"https:\/\/deputadotaveirajr.com.br\/index.php\/jorge-e-mateus-belo-e-dorgival-dantas-veja-agenda-cultural-do-fim-de-semana-em-natal\/","title":{"rendered":"Jorge e Mateus, Belo e Dorgival Dantas: veja agenda cultural do fim de semana em Natal"},"content":{"rendered":"<p><img decoding=\"async\" src=\"https:\/\/s2-g1.glbimg.com\/EfywgO2jNmcpInCkLmbX1fjP16E=\/i.s3.glbimg.com\/v1\/AUTH_59edd422c0c84a879bd37670ae4f538a\/internal_photos\/bs\/2025\/g\/F\/NeABedSGCev6k6l2POWQ\/encontro-de-sanfonas.png\" \/><br \/>     Encontro das Sanfonas re\u00fane Waldonys, Fl\u00e1vio Jos\u00e9 e Dorgival Dantas no Teatro Riachuelo<br \/>\nDivulga\u00e7\u00e3o<br \/>\nNatal ter\u00e1 um fim de semana movimentado com shows e festivais em diferentes palcos da cidade. Entre os destaques est\u00e1 a turn\u00ea comemorativa de 20 anos da dupla Jorge e Mateus, que se apresenta neste s\u00e1bado (27) na Arena das Dunas, ao lado de Belo, Z\u00e9 Vaqueiro e Pedro Libe. No mesmo dia, o Teatro Riachuelo sedia o Festival Ponto de Ebuli\u00e7\u00e3o, que mistura jazz, samba e house music, e no domingo (28), tem o &#8220;Encontro das Sanfonas&#8221;, reunindo Dorgival Dantas, Waldonys e Fl\u00e1vio Jos\u00e9 pela primeira vez no mesmo palco em Natal.<br \/>\nA agenda tamb\u00e9m traz a grava\u00e7\u00e3o do DVD Pega\u00e7\u00e3o de Luxo, onde Guga Playboy recebe Kelvy Pablo, Kak\u00e1 Grafith, Romin Mata e Briola, na quinta-feira (25).  A cantora potiguar Simona Talma celebra 25 anos de carreira no Teatro Alberto Maranh\u00e3o, na sexta-feira (26). E o cantor e compositor Thiago Brado desembarca no Teatro Riachuelo para uma noite de louvor, emo\u00e7\u00e3o e mem\u00f3rias, com sucessos do projeto &#8220;Cl\u00e1ssicos da Igreja&#8221;.<br \/>\n\ud83d\udcf3 Clique aqui para seguir o canal do g1 RN no WhatsApp<br \/>\nO g1 reuniu dicas culturais dispon\u00edveis a partir desta quinta-feira (25) at\u00e9 segunda-feira (29). Veja abaixo:<br \/>\nQuinta-feira (25)<br \/>\nQuinta Que Te Quero Samba &#8211; com Batuque de um Povo<br \/>\nLocal: Rua Coronel Cascudo 130, Cidade Alta (Bar da Nazar\u00e9)<br \/>\nHor\u00e1rio: 19h<br \/>\nIngressos: entrada gratuita<br \/>\nGrava\u00e7\u00e3o DVD Pega\u00e7\u00e3o de Luxo &#8211; Guga Playboy recebe Kelvy Pablo, Kak\u00e1 Grafith, Romin Mata e Briola<br \/>\nLocal: Malca Club<br \/>\nHor\u00e1rio: 20h<br \/>\nIngressos: a partir de R$ 45 (clique AQUI)<br \/>\nSexta-feira (26)<br \/>\nThiago Brado<br \/>\nLocal: Teatro Riachuelo<br \/>\nHor\u00e1rio: 20h<br \/>\nIngressos: a partir de R$ 100 (clique AQUI)<br \/>\nO cantor e compositor Thiago Brado desembarca no Teatro Riachuelo para uma noite inesquec\u00edvel de louvor, emo\u00e7\u00e3o e mem\u00f3rias<br \/>\nDivulga\u00e7\u00e3o<br \/>\nAnivers\u00e1rio Casa do Goiamum &#8211; O Rei das Antigas, R\u00f4mulo Santaray e As Estrelas<br \/>\nLocal: Casa do Goiamum<br \/>\nHor\u00e1rio: 18h<br \/>\nIngressos: a partir de R$\u00a045 (clique AQUI)<br \/>\nPr\u00e9via Jorge &amp; Mateus no Afonso &#8211; Forr\u00f3 dos 3, Valber Fernandes, Aleff e Ronny Vanucci<br \/>\nLocal: Afonso Pub<br \/>\nHor\u00e1rio: 21h<br \/>\nIngressos:  a partir de R$\u00a040 (clique AQUI)<br \/>\nPlana Club e Nanan\u00e1 O Djabo na Black Sheep<br \/>\nLocal: Black Sheep (Candel\u00e1ria)<br \/>\nHor\u00e1rio: 23h<br \/>\nIngressos: a partir de R$ 15 (clique AQUI)<br \/>\nSimona Talma &#8211; 25 anos de carreira<br \/>\nLocal: Teatro Alberto Maranh\u00e3o<br \/>\nHor\u00e1rio: 20h<br \/>\nIngressos: gratuitos (clique AQUI)<br \/>\nSimona Talma celebra 25 anos de carreira<br \/>\nMylena Sousa<br \/>\nMojo Blues Band e Mem\u00f3ria do Elefante no Wesley&#8217;s Bar<br \/>\nLocal: Wesley&#8217;s Bar<br \/>\nHor\u00e1rio: 21h<br \/>\nIngressos: a partir de R$ 15 (clique AQUI)<br \/>\nS\u00e1bado (27)<br \/>\nJorge &amp; Mateus 20 anos &#8211; Jorge e Mateus, Belo, Z\u00e9 Vaqueiro e Pedro Libe<br \/>\nLocal: Casa de Apostas Arena das Dunas<br \/>\nHor\u00e1rio: 20h<br \/>\nIngressos: a partir de R$ 140 (clique AQUI)<br \/>\nJorge e Mateus arrepiam Barretos com festival de hits antes da pausa<br \/>\nFestival Ponto de Ebuli\u00e7\u00e3o &#8211; S\u00e2mela Ramos, T\u00e2nia Maria, Rosa Passos e Leny Andrade, Will Barros, Edja Alvess, Analuh Soares e Taj Ma House<br \/>\nLocal: Teatro Riachuelo<br \/>\nHor\u00e1rio: 18h<br \/>\nIngressos: gratuitos (clique AQUI)<br \/>\nFestival de Sorvetes &#8211; Bisteca e Bochechinha<br \/>\nLocal: Espa\u00e7o Am\u00e9rica Mall (Avenida Rodrigues Alves)<br \/>\nHor\u00e1rio: 13h<br \/>\nIngressos: a partir de R$ 55 (clique AQUI)<br \/>\nTardezinha 294 &#8211; Pagode do Coxa<br \/>\nLocal: 294 Bar (Avenida Deodoro)<br \/>\nHor\u00e1rio: 17h<br \/>\nIngressos: a partir de R$ 30 (clique AQUI)<br \/>\nThe Black Wizards &#8211; Tributo a Black Sabbath<br \/>\nLocal: Cervejaria Black Sheep (Candel\u00e1ria)<br \/>\nHor\u00e1rio: 19h<br \/>\nIngressos: a partir de R$ 15 (clique AQUI)<br \/>\nEros Prado &#8211; Pagode da Ofensa: A 5\u00aa s\u00e9rie venceu!<br \/>\nLocal: Natal Comedy Club<br \/>\nHor\u00e1rio: 20h<br \/>\nIngressos: a partir de R$ 50 (clique AQUI)<br \/>\nDomingo (28)<br \/>\nEncontro das Sanfonas &#8211; Dorgival Dantas, Waldonys e Fl\u00e1vio Jos\u00e9<br \/>\nLocal: Teatro Riachuelo<br \/>\nHor\u00e1rio: 20h<br \/>\nIngressos: a partir de R$ 120 (clique AQUI)<br \/>\nCidade do Forr\u00f3: conhe\u00e7a a vila constru\u00edda por Dorgival Dantas no interior do RN<br \/>\nSegunda-feira (29)<br \/>\nSegunda de Vagabundo<br \/>\nLocal: Rua Pereira Sim\u00f5es , 43 B, Rocas<br \/>\nHor\u00e1rio: 20h<br \/>\nIngressos: entrada gratuita<\/p>","protected":false},"excerpt":{"rendered":"<p>Encontro das Sanfonas re\u00fane Waldonys, Fl\u00e1vio Jos\u00e9 e Dorgival Dantas no Teatro Riachuelo Divulga\u00e7\u00e3o Natal ter\u00e1 um fim de semana movimentado com shows e festivais em diferentes palcos da cidade. &#8230;<\/p>\n","protected":false},"author":0,"featured_media":14178,"parent":0,"menu_order":0,"comment_status":"closed","ping_status":"closed","template":"","meta":{"footnotes":""},"class_list":["post-14177","page","type-page","status-publish","has-post-thumbnail","hentry"],"yoast_head":"<!-- This site is optimized with the Yoast SEO plugin v27.1.1 - https:\/\/yoast.com\/product\/yoast-seo-wordpress\/ -->\n<title>Jorge e Mateus, Belo e Dorgival Dantas: veja agenda cultural do fim de semana em Natal - Taveira Jr<\/title>\n<meta name=\"robots\" content=\"index, follow, max-snippet:-1, max-image-preview:large, max-video-preview:-1\" \/>\n<link rel=\"canonical\" href=\"https:\/\/deputadotaveirajr.com.br\/index.php\/jorge-e-mateus-belo-e-dorgival-dantas-veja-agenda-cultural-do-fim-de-semana-em-natal\/\" \/>\n<meta property=\"og:locale\" content=\"pt_BR\" \/>\n<meta property=\"og:type\" content=\"article\" \/>\n<meta property=\"og:title\" content=\"Jorge e Mateus, Belo e Dorgival Dantas: veja agenda cultural do fim de semana em Natal - Taveira Jr\" \/>\n<meta property=\"og:description\" content=\"Encontro das Sanfonas re\u00fane Waldonys, Fl\u00e1vio Jos\u00e9 e Dorgival Dantas no Teatro Riachuelo Divulga\u00e7\u00e3o Natal ter\u00e1 um fim de semana movimentado com shows e festivais em diferentes palcos da cidade. ...\" \/>\n<meta property=\"og:url\" content=\"https:\/\/deputadotaveirajr.com.br\/index.php\/jorge-e-mateus-belo-e-dorgival-dantas-veja-agenda-cultural-do-fim-de-semana-em-natal\/\" \/>\n<meta property=\"og:site_name\" content=\"Taveira Jr\" \/>\n<meta property=\"og:image\" content=\"https:\/\/s2-g1.glbimg.com\/EfywgO2jNmcpInCkLmbX1fjP16E=\/i.s3.glbimg.com\/v1\/AUTH_59edd422c0c84a879bd37670ae4f538a\/internal_photos\/bs\/2025\/g\/F\/NeABedSGCev6k6l2POWQ\/encontro-de-sanfonas.png\" \/>\n<meta name=\"twitter:card\" content=\"summary_large_image\" \/>\n<meta name=\"twitter:label1\" content=\"Est. tempo de leitura\" \/>\n\t<meta name=\"twitter:data1\" content=\"3 minutos\" \/>\n<script type=\"application\/ld+json\" class=\"yoast-schema-graph\">{\"@context\":\"https:\/\/schema.org\",\"@graph\":[{\"@type\":\"WebPage\",\"@id\":\"https:\/\/deputadotaveirajr.com.br\/index.php\/jorge-e-mateus-belo-e-dorgival-dantas-veja-agenda-cultural-do-fim-de-semana-em-natal\/\",\"url\":\"https:\/\/deputadotaveirajr.com.br\/index.php\/jorge-e-mateus-belo-e-dorgival-dantas-veja-agenda-cultural-do-fim-de-semana-em-natal\/\",\"name\":\"Jorge e Mateus, Belo e Dorgival Dantas: veja agenda cultural do fim de semana em Natal - Taveira Jr\",\"isPartOf\":{\"@id\":\"https:\/\/deputadotaveirajr.com.br\/#website\"},\"primaryImageOfPage\":{\"@id\":\"https:\/\/deputadotaveirajr.com.br\/index.php\/jorge-e-mateus-belo-e-dorgival-dantas-veja-agenda-cultural-do-fim-de-semana-em-natal\/#primaryimage\"},\"image\":{\"@id\":\"https:\/\/deputadotaveirajr.com.br\/index.php\/jorge-e-mateus-belo-e-dorgival-dantas-veja-agenda-cultural-do-fim-de-semana-em-natal\/#primaryimage\"},\"thumbnailUrl\":\"https:\/\/deputadotaveirajr.com.br\/wp-content\/uploads\/2025\/09\/encontro-de-sanfonas-QU9buX.jpg\",\"datePublished\":\"2025-09-25T09:00:19+00:00\",\"breadcrumb\":{\"@id\":\"https:\/\/deputadotaveirajr.com.br\/index.php\/jorge-e-mateus-belo-e-dorgival-dantas-veja-agenda-cultural-do-fim-de-semana-em-natal\/#breadcrumb\"},\"inLanguage\":\"pt-BR\",\"potentialAction\":[{\"@type\":\"ReadAction\",\"target\":[\"https:\/\/deputadotaveirajr.com.br\/index.php\/jorge-e-mateus-belo-e-dorgival-dantas-veja-agenda-cultural-do-fim-de-semana-em-natal\/\"]}]},{\"@type\":\"ImageObject\",\"inLanguage\":\"pt-BR\",\"@id\":\"https:\/\/deputadotaveirajr.com.br\/index.php\/jorge-e-mateus-belo-e-dorgival-dantas-veja-agenda-cultural-do-fim-de-semana-em-natal\/#primaryimage\",\"url\":\"https:\/\/deputadotaveirajr.com.br\/wp-content\/uploads\/2025\/09\/encontro-de-sanfonas-QU9buX.jpg\",\"contentUrl\":\"https:\/\/deputadotaveirajr.com.br\/wp-content\/uploads\/2025\/09\/encontro-de-sanfonas-QU9buX.jpg\",\"width\":1600,\"height\":1066},{\"@type\":\"BreadcrumbList\",\"@id\":\"https:\/\/deputadotaveirajr.com.br\/index.php\/jorge-e-mateus-belo-e-dorgival-dantas-veja-agenda-cultural-do-fim-de-semana-em-natal\/#breadcrumb\",\"itemListElement\":[{\"@type\":\"ListItem\",\"position\":1,\"name\":\"In\u00edcio\",\"item\":\"https:\/\/deputadotaveirajr.com.br\/\"},{\"@type\":\"ListItem\",\"position\":2,\"name\":\"Jorge e Mateus, Belo e Dorgival Dantas: veja agenda cultural do fim de semana em Natal\"}]},{\"@type\":\"WebSite\",\"@id\":\"https:\/\/deputadotaveirajr.com.br\/#website\",\"url\":\"https:\/\/deputadotaveirajr.com.br\/\",\"name\":\"Taveira Jr\",\"description\":\"Deputado Estadual\",\"publisher\":{\"@id\":\"https:\/\/deputadotaveirajr.com.br\/#organization\"},\"potentialAction\":[{\"@type\":\"SearchAction\",\"target\":{\"@type\":\"EntryPoint\",\"urlTemplate\":\"https:\/\/deputadotaveirajr.com.br\/?s={search_term_string}\"},\"query-input\":{\"@type\":\"PropertyValueSpecification\",\"valueRequired\":true,\"valueName\":\"search_term_string\"}}],\"inLanguage\":\"pt-BR\"},{\"@type\":\"Organization\",\"@id\":\"https:\/\/deputadotaveirajr.com.br\/#organization\",\"name\":\"Taveira Jr\",\"url\":\"https:\/\/deputadotaveirajr.com.br\/\",\"logo\":{\"@type\":\"ImageObject\",\"inLanguage\":\"pt-BR\",\"@id\":\"https:\/\/deputadotaveirajr.com.br\/#\/schema\/logo\/image\/\",\"url\":\"https:\/\/deputadotaveirajr.com.br\/wp-content\/uploads\/2026\/01\/logolow2a.png\",\"contentUrl\":\"https:\/\/deputadotaveirajr.com.br\/wp-content\/uploads\/2026\/01\/logolow2a.png\",\"width\":290,\"height\":80,\"caption\":\"Taveira Jr\"},\"image\":{\"@id\":\"https:\/\/deputadotaveirajr.com.br\/#\/schema\/logo\/image\/\"}}]}<\/script>\n<!-- \/ Yoast SEO plugin. -->","yoast_head_json":{"title":"Jorge e Mateus, Belo e Dorgival Dantas: veja agenda cultural do fim de semana em Natal - Taveira Jr","robots":{"index":"index","follow":"follow","max-snippet":"max-snippet:-1","max-image-preview":"max-image-preview:large","max-video-preview":"max-video-preview:-1"},"canonical":"https:\/\/deputadotaveirajr.com.br\/index.php\/jorge-e-mateus-belo-e-dorgival-dantas-veja-agenda-cultural-do-fim-de-semana-em-natal\/","og_locale":"pt_BR","og_type":"article","og_title":"Jorge e Mateus, Belo e Dorgival Dantas: veja agenda cultural do fim de semana em Natal - Taveira Jr","og_description":"Encontro das Sanfonas re\u00fane Waldonys, Fl\u00e1vio Jos\u00e9 e Dorgival Dantas no Teatro Riachuelo Divulga\u00e7\u00e3o Natal ter\u00e1 um fim de semana movimentado com shows e festivais em diferentes palcos da cidade. ...","og_url":"https:\/\/deputadotaveirajr.com.br\/index.php\/jorge-e-mateus-belo-e-dorgival-dantas-veja-agenda-cultural-do-fim-de-semana-em-natal\/","og_site_name":"Taveira Jr","og_image":[{"url":"https:\/\/s2-g1.glbimg.com\/EfywgO2jNmcpInCkLmbX1fjP16E=\/i.s3.glbimg.com\/v1\/AUTH_59edd422c0c84a879bd37670ae4f538a\/internal_photos\/bs\/2025\/g\/F\/NeABedSGCev6k6l2POWQ\/encontro-de-sanfonas.png","type":"","width":"","height":""}],"twitter_card":"summary_large_image","twitter_misc":{"Est. tempo de leitura":"3 minutos"},"schema":{"@context":"https:\/\/schema.org","@graph":[{"@type":"WebPage","@id":"https:\/\/deputadotaveirajr.com.br\/index.php\/jorge-e-mateus-belo-e-dorgival-dantas-veja-agenda-cultural-do-fim-de-semana-em-natal\/","url":"https:\/\/deputadotaveirajr.com.br\/index.php\/jorge-e-mateus-belo-e-dorgival-dantas-veja-agenda-cultural-do-fim-de-semana-em-natal\/","name":"Jorge e Mateus, Belo e Dorgival Dantas: veja agenda cultural do fim de semana em Natal - Taveira Jr","isPartOf":{"@id":"https:\/\/deputadotaveirajr.com.br\/#website"},"primaryImageOfPage":{"@id":"https:\/\/deputadotaveirajr.com.br\/index.php\/jorge-e-mateus-belo-e-dorgival-dantas-veja-agenda-cultural-do-fim-de-semana-em-natal\/#primaryimage"},"image":{"@id":"https:\/\/deputadotaveirajr.com.br\/index.php\/jorge-e-mateus-belo-e-dorgival-dantas-veja-agenda-cultural-do-fim-de-semana-em-natal\/#primaryimage"},"thumbnailUrl":"https:\/\/deputadotaveirajr.com.br\/wp-content\/uploads\/2025\/09\/encontro-de-sanfonas-QU9buX.jpg","datePublished":"2025-09-25T09:00:19+00:00","breadcrumb":{"@id":"https:\/\/deputadotaveirajr.com.br\/index.php\/jorge-e-mateus-belo-e-dorgival-dantas-veja-agenda-cultural-do-fim-de-semana-em-natal\/#breadcrumb"},"inLanguage":"pt-BR","potentialAction":[{"@type":"ReadAction","target":["https:\/\/deputadotaveirajr.com.br\/index.php\/jorge-e-mateus-belo-e-dorgival-dantas-veja-agenda-cultural-do-fim-de-semana-em-natal\/"]}]},{"@type":"ImageObject","inLanguage":"pt-BR","@id":"https:\/\/deputadotaveirajr.com.br\/index.php\/jorge-e-mateus-belo-e-dorgival-dantas-veja-agenda-cultural-do-fim-de-semana-em-natal\/#primaryimage","url":"https:\/\/deputadotaveirajr.com.br\/wp-content\/uploads\/2025\/09\/encontro-de-sanfonas-QU9buX.jpg","contentUrl":"https:\/\/deputadotaveirajr.com.br\/wp-content\/uploads\/2025\/09\/encontro-de-sanfonas-QU9buX.jpg","width":1600,"height":1066},{"@type":"BreadcrumbList","@id":"https:\/\/deputadotaveirajr.com.br\/index.php\/jorge-e-mateus-belo-e-dorgival-dantas-veja-agenda-cultural-do-fim-de-semana-em-natal\/#breadcrumb","itemListElement":[{"@type":"ListItem","position":1,"name":"In\u00edcio","item":"https:\/\/deputadotaveirajr.com.br\/"},{"@type":"ListItem","position":2,"name":"Jorge e Mateus, Belo e Dorgival Dantas: veja agenda cultural do fim de semana em Natal"}]},{"@type":"WebSite","@id":"https:\/\/deputadotaveirajr.com.br\/#website","url":"https:\/\/deputadotaveirajr.com.br\/","name":"Taveira Jr","description":"Deputado Estadual","publisher":{"@id":"https:\/\/deputadotaveirajr.com.br\/#organization"},"potentialAction":[{"@type":"SearchAction","target":{"@type":"EntryPoint","urlTemplate":"https:\/\/deputadotaveirajr.com.br\/?s={search_term_string}"},"query-input":{"@type":"PropertyValueSpecification","valueRequired":true,"valueName":"search_term_string"}}],"inLanguage":"pt-BR"},{"@type":"Organization","@id":"https:\/\/deputadotaveirajr.com.br\/#organization","name":"Taveira Jr","url":"https:\/\/deputadotaveirajr.com.br\/","logo":{"@type":"ImageObject","inLanguage":"pt-BR","@id":"https:\/\/deputadotaveirajr.com.br\/#\/schema\/logo\/image\/","url":"https:\/\/deputadotaveirajr.com.br\/wp-content\/uploads\/2026\/01\/logolow2a.png","contentUrl":"https:\/\/deputadotaveirajr.com.br\/wp-content\/uploads\/2026\/01\/logolow2a.png","width":290,"height":80,"caption":"Taveira Jr"},"image":{"@id":"https:\/\/deputadotaveirajr.com.br\/#\/schema\/logo\/image\/"}}]}},"_links":{"self":[{"href":"https:\/\/deputadotaveirajr.com.br\/index.php\/wp-json\/wp\/v2\/pages\/14177","targetHints":{"allow":["GET"]}}],"collection":[{"href":"https:\/\/deputadotaveirajr.com.br\/index.php\/wp-json\/wp\/v2\/pages"}],"about":[{"href":"https:\/\/deputadotaveirajr.com.br\/index.php\/wp-json\/wp\/v2\/types\/page"}],"replies":[{"embeddable":true,"href":"https:\/\/deputadotaveirajr.com.br\/index.php\/wp-json\/wp\/v2\/comments?post=14177"}],"version-history":[{"count":0,"href":"https:\/\/deputadotaveirajr.com.br\/index.php\/wp-json\/wp\/v2\/pages\/14177\/revisions"}],"wp:featuredmedia":[{"embeddable":true,"href":"https:\/\/deputadotaveirajr.com.br\/index.php\/wp-json\/wp\/v2\/media\/14178"}],"wp:attachment":[{"href":"https:\/\/deputadotaveirajr.com.br\/index.php\/wp-json\/wp\/v2\/media?parent=14177"}],"curies":[{"name":"wp","href":"https:\/\/api.w.org\/{rel}","templated":true}]}}