{"id":14181,"date":"2025-09-27T10:40:05","date_gmt":"2025-09-27T13:40:05","guid":{"rendered":"https:\/\/deputadotaveirajr.com.br\/index.php\/morre-aluizio-alves-filho-ex-presidente-da-tv-cabugi\/"},"modified":"2025-09-27T10:40:05","modified_gmt":"2025-09-27T13:40:05","slug":"morre-aluizio-alves-filho-ex-presidente-da-tv-cabugi","status":"publish","type":"page","link":"https:\/\/deputadotaveirajr.com.br\/index.php\/morre-aluizio-alves-filho-ex-presidente-da-tv-cabugi\/","title":{"rendered":"Morre Alu\u00edzio Alves Filho, ex-presidente da TV Cabugi"},"content":{"rendered":"<p><img decoding=\"async\" src=\"https:\/\/s2-g1.glbimg.com\/9ll8zevT7iD8VbjPT3dByhDwG7s=\/i.s3.glbimg.com\/v1\/AUTH_59edd422c0c84a879bd37670ae4f538a\/internal_photos\/bs\/2025\/s\/o\/WRbhAKQ4iuDaIFEzHZeg\/whatsapp-image-2025-09-27-at-10.23.31.jpeg\" \/><br \/>     Alu\u00edzio Alves Filho ao lado dos irm\u00e3os Ana Catarina e Henrique Eduardo Alves<br \/>\nHeitor Greg\u00f3rio\/Cedida<br \/>\nMorreu na madrugada deste s\u00e1bado (27) o empres\u00e1rio Alu\u00edzio Alves Filho, filho do ex-governador do Rio Grande do Norte Alu\u00edzio Alves e Ivone Lyra. Aluizinho, como era carinhosamente conhecido, tinha 80 anos e foi encontrado sem vida em casa pela cuidadora.<br \/>\nO vel\u00f3rio ser\u00e1 a partir das 16h no Cemit\u00e9rio Morada da Paz, em Parnamirim, e o sepultamento \u00e0s 19h.<br \/>\nIrm\u00e3o de Alu\u00edzio, o ex-deputado Henrique Alves informou sobre o falecimento nas redes sociais.<br \/>\n&#8220;\u00c9 com imensa tristeza que comunico aos amigos o falecimento do meu querido irm\u00e3o Alu\u00edzio Alves Filho ocorrido na manh\u00e3 deste s\u00e1bado em sua resid\u00eancia. Assim que tivermos hor\u00e1rio sobre o vel\u00f3rio e sepultamento, avisaremos&#8221;, escreveu.<br \/>\n\ud83d\udcf3 Clique aqui para seguir o canal do g1 RN no WhatsApp<br \/>\nAlu\u00edzio Alves Filho comandou o Sistema Cabugi de Comunica\u00e7\u00e3o, que reuniu, entre outras empresas, o jornal Tribuna do Norte e a TV Cabugi, onde foi diretor-presidente entre 2001 e 2005. Alu\u00edzio tamb\u00e9m foi o fundador da Multi TV.<br \/>\nEle deixa o filho Alu\u00edzio Alves Neto, atual presidente da Inter TV Cabugi, e dois netos.<br \/>\nA Inter TV emitiu nota de pesar pelo falecimento de seu ex-presidente. &#8220;A Inter TV Cabugi manifesta profundo pesar pelo falecimento de Alu\u00edzio Alves Filho, ex-diretor da emissora e nome de destaque na comunica\u00e7\u00e3o potiguar. Aos 80 anos, deixa uma trajet\u00f3ria marcada pelo jornalismo e pelo compromisso com a informa\u00e7\u00e3o. Neste momento de despedida, a Inter TV Cabugi se une em solidariedade a familiares, amigos e a todos que sentem sua perda&#8221;.<br \/>\nV\u00cdDEOS: Mais vistos do RN nos \u00faltimos 7 dias<\/p>","protected":false},"excerpt":{"rendered":"<p>Alu\u00edzio Alves Filho ao lado dos irm\u00e3os Ana Catarina e Henrique Eduardo Alves Heitor Greg\u00f3rio\/Cedida Morreu na madrugada deste s\u00e1bado (27) o empres\u00e1rio Alu\u00edzio Alves Filho, filho do ex-governador do &#8230;<\/p>\n","protected":false},"author":0,"featured_media":14182,"parent":0,"menu_order":0,"comment_status":"closed","ping_status":"closed","template":"","meta":{"footnotes":""},"class_list":["post-14181","page","type-page","status-publish","has-post-thumbnail","hentry"],"yoast_head":"<!-- This site is optimized with the Yoast SEO plugin v27.1.1 - https:\/\/yoast.com\/product\/yoast-seo-wordpress\/ -->\n<title>Morre Alu\u00edzio Alves Filho, ex-presidente da TV Cabugi - Taveira Jr<\/title>\n<meta name=\"robots\" content=\"index, follow, max-snippet:-1, max-image-preview:large, max-video-preview:-1\" \/>\n<link rel=\"canonical\" href=\"https:\/\/deputadotaveirajr.com.br\/index.php\/morre-aluizio-alves-filho-ex-presidente-da-tv-cabugi\/\" \/>\n<meta property=\"og:locale\" content=\"pt_BR\" \/>\n<meta property=\"og:type\" content=\"article\" \/>\n<meta property=\"og:title\" content=\"Morre Alu\u00edzio Alves Filho, ex-presidente da TV Cabugi - Taveira Jr\" \/>\n<meta property=\"og:description\" content=\"Alu\u00edzio Alves Filho ao lado dos irm\u00e3os Ana Catarina e Henrique Eduardo Alves Heitor Greg\u00f3rio\/Cedida Morreu na madrugada deste s\u00e1bado (27) o empres\u00e1rio Alu\u00edzio Alves Filho, filho do ex-governador do ...\" \/>\n<meta property=\"og:url\" content=\"https:\/\/deputadotaveirajr.com.br\/index.php\/morre-aluizio-alves-filho-ex-presidente-da-tv-cabugi\/\" \/>\n<meta property=\"og:site_name\" content=\"Taveira Jr\" \/>\n<meta property=\"og:image\" content=\"https:\/\/s2-g1.glbimg.com\/9ll8zevT7iD8VbjPT3dByhDwG7s=\/i.s3.glbimg.com\/v1\/AUTH_59edd422c0c84a879bd37670ae4f538a\/internal_photos\/bs\/2025\/s\/o\/WRbhAKQ4iuDaIFEzHZeg\/whatsapp-image-2025-09-27-at-10.23.31.jpeg\" \/>\n<meta name=\"twitter:card\" content=\"summary_large_image\" \/>\n<meta name=\"twitter:label1\" content=\"Est. tempo de leitura\" \/>\n\t<meta name=\"twitter:data1\" content=\"1 minuto\" \/>\n<script type=\"application\/ld+json\" class=\"yoast-schema-graph\">{\"@context\":\"https:\/\/schema.org\",\"@graph\":[{\"@type\":\"WebPage\",\"@id\":\"https:\/\/deputadotaveirajr.com.br\/index.php\/morre-aluizio-alves-filho-ex-presidente-da-tv-cabugi\/\",\"url\":\"https:\/\/deputadotaveirajr.com.br\/index.php\/morre-aluizio-alves-filho-ex-presidente-da-tv-cabugi\/\",\"name\":\"Morre Alu\u00edzio Alves Filho, ex-presidente da TV Cabugi - Taveira Jr\",\"isPartOf\":{\"@id\":\"https:\/\/deputadotaveirajr.com.br\/#website\"},\"primaryImageOfPage\":{\"@id\":\"https:\/\/deputadotaveirajr.com.br\/index.php\/morre-aluizio-alves-filho-ex-presidente-da-tv-cabugi\/#primaryimage\"},\"image\":{\"@id\":\"https:\/\/deputadotaveirajr.com.br\/index.php\/morre-aluizio-alves-filho-ex-presidente-da-tv-cabugi\/#primaryimage\"},\"thumbnailUrl\":\"https:\/\/deputadotaveirajr.com.br\/wp-content\/uploads\/2025\/09\/whatsapp-image-2025-09-27-at-10.23.31-uWzTx1.jpg\",\"datePublished\":\"2025-09-27T13:40:05+00:00\",\"breadcrumb\":{\"@id\":\"https:\/\/deputadotaveirajr.com.br\/index.php\/morre-aluizio-alves-filho-ex-presidente-da-tv-cabugi\/#breadcrumb\"},\"inLanguage\":\"pt-BR\",\"potentialAction\":[{\"@type\":\"ReadAction\",\"target\":[\"https:\/\/deputadotaveirajr.com.br\/index.php\/morre-aluizio-alves-filho-ex-presidente-da-tv-cabugi\/\"]}]},{\"@type\":\"ImageObject\",\"inLanguage\":\"pt-BR\",\"@id\":\"https:\/\/deputadotaveirajr.com.br\/index.php\/morre-aluizio-alves-filho-ex-presidente-da-tv-cabugi\/#primaryimage\",\"url\":\"https:\/\/deputadotaveirajr.com.br\/wp-content\/uploads\/2025\/09\/whatsapp-image-2025-09-27-at-10.23.31-uWzTx1.jpg\",\"contentUrl\":\"https:\/\/deputadotaveirajr.com.br\/wp-content\/uploads\/2025\/09\/whatsapp-image-2025-09-27-at-10.23.31-uWzTx1.jpg\",\"width\":1500,\"height\":1077},{\"@type\":\"BreadcrumbList\",\"@id\":\"https:\/\/deputadotaveirajr.com.br\/index.php\/morre-aluizio-alves-filho-ex-presidente-da-tv-cabugi\/#breadcrumb\",\"itemListElement\":[{\"@type\":\"ListItem\",\"position\":1,\"name\":\"In\u00edcio\",\"item\":\"https:\/\/deputadotaveirajr.com.br\/\"},{\"@type\":\"ListItem\",\"position\":2,\"name\":\"Morre Alu\u00edzio Alves Filho, ex-presidente da TV Cabugi\"}]},{\"@type\":\"WebSite\",\"@id\":\"https:\/\/deputadotaveirajr.com.br\/#website\",\"url\":\"https:\/\/deputadotaveirajr.com.br\/\",\"name\":\"Taveira Jr\",\"description\":\"Deputado Estadual\",\"publisher\":{\"@id\":\"https:\/\/deputadotaveirajr.com.br\/#organization\"},\"potentialAction\":[{\"@type\":\"SearchAction\",\"target\":{\"@type\":\"EntryPoint\",\"urlTemplate\":\"https:\/\/deputadotaveirajr.com.br\/?s={search_term_string}\"},\"query-input\":{\"@type\":\"PropertyValueSpecification\",\"valueRequired\":true,\"valueName\":\"search_term_string\"}}],\"inLanguage\":\"pt-BR\"},{\"@type\":\"Organization\",\"@id\":\"https:\/\/deputadotaveirajr.com.br\/#organization\",\"name\":\"Taveira Jr\",\"url\":\"https:\/\/deputadotaveirajr.com.br\/\",\"logo\":{\"@type\":\"ImageObject\",\"inLanguage\":\"pt-BR\",\"@id\":\"https:\/\/deputadotaveirajr.com.br\/#\/schema\/logo\/image\/\",\"url\":\"https:\/\/deputadotaveirajr.com.br\/wp-content\/uploads\/2026\/01\/logolow2a.png\",\"contentUrl\":\"https:\/\/deputadotaveirajr.com.br\/wp-content\/uploads\/2026\/01\/logolow2a.png\",\"width\":290,\"height\":80,\"caption\":\"Taveira Jr\"},\"image\":{\"@id\":\"https:\/\/deputadotaveirajr.com.br\/#\/schema\/logo\/image\/\"}}]}<\/script>\n<!-- \/ Yoast SEO plugin. -->","yoast_head_json":{"title":"Morre Alu\u00edzio Alves Filho, ex-presidente da TV Cabugi - Taveira Jr","robots":{"index":"index","follow":"follow","max-snippet":"max-snippet:-1","max-image-preview":"max-image-preview:large","max-video-preview":"max-video-preview:-1"},"canonical":"https:\/\/deputadotaveirajr.com.br\/index.php\/morre-aluizio-alves-filho-ex-presidente-da-tv-cabugi\/","og_locale":"pt_BR","og_type":"article","og_title":"Morre Alu\u00edzio Alves Filho, ex-presidente da TV Cabugi - Taveira Jr","og_description":"Alu\u00edzio Alves Filho ao lado dos irm\u00e3os Ana Catarina e Henrique Eduardo Alves Heitor Greg\u00f3rio\/Cedida Morreu na madrugada deste s\u00e1bado (27) o empres\u00e1rio Alu\u00edzio Alves Filho, filho do ex-governador do ...","og_url":"https:\/\/deputadotaveirajr.com.br\/index.php\/morre-aluizio-alves-filho-ex-presidente-da-tv-cabugi\/","og_site_name":"Taveira Jr","og_image":[{"url":"https:\/\/s2-g1.glbimg.com\/9ll8zevT7iD8VbjPT3dByhDwG7s=\/i.s3.glbimg.com\/v1\/AUTH_59edd422c0c84a879bd37670ae4f538a\/internal_photos\/bs\/2025\/s\/o\/WRbhAKQ4iuDaIFEzHZeg\/whatsapp-image-2025-09-27-at-10.23.31.jpeg","type":"","width":"","height":""}],"twitter_card":"summary_large_image","twitter_misc":{"Est. tempo de leitura":"1 minuto"},"schema":{"@context":"https:\/\/schema.org","@graph":[{"@type":"WebPage","@id":"https:\/\/deputadotaveirajr.com.br\/index.php\/morre-aluizio-alves-filho-ex-presidente-da-tv-cabugi\/","url":"https:\/\/deputadotaveirajr.com.br\/index.php\/morre-aluizio-alves-filho-ex-presidente-da-tv-cabugi\/","name":"Morre Alu\u00edzio Alves Filho, ex-presidente da TV Cabugi - Taveira Jr","isPartOf":{"@id":"https:\/\/deputadotaveirajr.com.br\/#website"},"primaryImageOfPage":{"@id":"https:\/\/deputadotaveirajr.com.br\/index.php\/morre-aluizio-alves-filho-ex-presidente-da-tv-cabugi\/#primaryimage"},"image":{"@id":"https:\/\/deputadotaveirajr.com.br\/index.php\/morre-aluizio-alves-filho-ex-presidente-da-tv-cabugi\/#primaryimage"},"thumbnailUrl":"https:\/\/deputadotaveirajr.com.br\/wp-content\/uploads\/2025\/09\/whatsapp-image-2025-09-27-at-10.23.31-uWzTx1.jpg","datePublished":"2025-09-27T13:40:05+00:00","breadcrumb":{"@id":"https:\/\/deputadotaveirajr.com.br\/index.php\/morre-aluizio-alves-filho-ex-presidente-da-tv-cabugi\/#breadcrumb"},"inLanguage":"pt-BR","potentialAction":[{"@type":"ReadAction","target":["https:\/\/deputadotaveirajr.com.br\/index.php\/morre-aluizio-alves-filho-ex-presidente-da-tv-cabugi\/"]}]},{"@type":"ImageObject","inLanguage":"pt-BR","@id":"https:\/\/deputadotaveirajr.com.br\/index.php\/morre-aluizio-alves-filho-ex-presidente-da-tv-cabugi\/#primaryimage","url":"https:\/\/deputadotaveirajr.com.br\/wp-content\/uploads\/2025\/09\/whatsapp-image-2025-09-27-at-10.23.31-uWzTx1.jpg","contentUrl":"https:\/\/deputadotaveirajr.com.br\/wp-content\/uploads\/2025\/09\/whatsapp-image-2025-09-27-at-10.23.31-uWzTx1.jpg","width":1500,"height":1077},{"@type":"BreadcrumbList","@id":"https:\/\/deputadotaveirajr.com.br\/index.php\/morre-aluizio-alves-filho-ex-presidente-da-tv-cabugi\/#breadcrumb","itemListElement":[{"@type":"ListItem","position":1,"name":"In\u00edcio","item":"https:\/\/deputadotaveirajr.com.br\/"},{"@type":"ListItem","position":2,"name":"Morre Alu\u00edzio Alves Filho, ex-presidente da TV Cabugi"}]},{"@type":"WebSite","@id":"https:\/\/deputadotaveirajr.com.br\/#website","url":"https:\/\/deputadotaveirajr.com.br\/","name":"Taveira Jr","description":"Deputado Estadual","publisher":{"@id":"https:\/\/deputadotaveirajr.com.br\/#organization"},"potentialAction":[{"@type":"SearchAction","target":{"@type":"EntryPoint","urlTemplate":"https:\/\/deputadotaveirajr.com.br\/?s={search_term_string}"},"query-input":{"@type":"PropertyValueSpecification","valueRequired":true,"valueName":"search_term_string"}}],"inLanguage":"pt-BR"},{"@type":"Organization","@id":"https:\/\/deputadotaveirajr.com.br\/#organization","name":"Taveira Jr","url":"https:\/\/deputadotaveirajr.com.br\/","logo":{"@type":"ImageObject","inLanguage":"pt-BR","@id":"https:\/\/deputadotaveirajr.com.br\/#\/schema\/logo\/image\/","url":"https:\/\/deputadotaveirajr.com.br\/wp-content\/uploads\/2026\/01\/logolow2a.png","contentUrl":"https:\/\/deputadotaveirajr.com.br\/wp-content\/uploads\/2026\/01\/logolow2a.png","width":290,"height":80,"caption":"Taveira Jr"},"image":{"@id":"https:\/\/deputadotaveirajr.com.br\/#\/schema\/logo\/image\/"}}]}},"_links":{"self":[{"href":"https:\/\/deputadotaveirajr.com.br\/index.php\/wp-json\/wp\/v2\/pages\/14181","targetHints":{"allow":["GET"]}}],"collection":[{"href":"https:\/\/deputadotaveirajr.com.br\/index.php\/wp-json\/wp\/v2\/pages"}],"about":[{"href":"https:\/\/deputadotaveirajr.com.br\/index.php\/wp-json\/wp\/v2\/types\/page"}],"replies":[{"embeddable":true,"href":"https:\/\/deputadotaveirajr.com.br\/index.php\/wp-json\/wp\/v2\/comments?post=14181"}],"version-history":[{"count":0,"href":"https:\/\/deputadotaveirajr.com.br\/index.php\/wp-json\/wp\/v2\/pages\/14181\/revisions"}],"wp:featuredmedia":[{"embeddable":true,"href":"https:\/\/deputadotaveirajr.com.br\/index.php\/wp-json\/wp\/v2\/media\/14182"}],"wp:attachment":[{"href":"https:\/\/deputadotaveirajr.com.br\/index.php\/wp-json\/wp\/v2\/media?parent=14181"}],"curies":[{"name":"wp","href":"https:\/\/api.w.org\/{rel}","templated":true}]}}