{"id":14183,"date":"2025-09-27T07:30:42","date_gmt":"2025-09-27T10:30:42","guid":{"rendered":"https:\/\/deputadotaveirajr.com.br\/index.php\/presos-de-alcacuz-recebem-cursos-com-foco-na-profissionalizacao-e-retorno-a-sociedade\/"},"modified":"2025-09-27T07:30:42","modified_gmt":"2025-09-27T10:30:42","slug":"presos-de-alcacuz-recebem-cursos-com-foco-na-profissionalizacao-e-retorno-a-sociedade","status":"publish","type":"page","link":"https:\/\/deputadotaveirajr.com.br\/index.php\/presos-de-alcacuz-recebem-cursos-com-foco-na-profissionalizacao-e-retorno-a-sociedade\/","title":{"rendered":"Presos de Alca\u00e7uz recebem cursos com foco na profissionaliza\u00e7\u00e3o e retorno \u00e0 sociedade"},"content":{"rendered":"<p><img decoding=\"async\" src=\"https:\/\/s2-g1.glbimg.com\/VyI53bVwQc6hEAJOMkGX2dHQrY4=\/i.s3.glbimg.com\/v1\/AUTH_59edd422c0c84a879bd37670ae4f538a\/internal_photos\/bs\/2025\/x\/j\/QNyBZAQQmZhp31wD7LKA\/captura-de-tela-2025-09-26-as-09.14.27.png\" \/><br \/>     Cursos de qualifica\u00e7\u00e3o na penitenci\u00e1ria de Alca\u00e7uz<br \/>\nPresos na Penitenci\u00e1ria Estadual de Alca\u00e7uz, em N\u00edsia Floresta, na Grande Natal, j\u00e1 receberam cursos de eletricista, encanador, pedreiro e costureiro. O mais recente \u00e9 o de panifica\u00e7\u00e3o, que re\u00fane 21 internos em 160 horas de aulas sobre a produ\u00e7\u00e3o de p\u00e3es, biscoitos, massas e pizzas.<br \/>\nA penitenci\u00e1ria tem ampliado a oferta de cursos profissionalizantes como forma de capacitar os apenados para o retorno \u00e0 sociedade.<br \/>\n\ud83d\udcf3 Clique aqui para seguir o canal do g1 RN no WhatsApp<br \/>\nPara participar, \u00e9 necess\u00e1rio ter boa conduta carcer\u00e1ria e estar pr\u00f3ximo da progress\u00e3o para o regime semiaberto. Al\u00e9m da qualifica\u00e7\u00e3o, a atividade tamb\u00e9m possibilita a remiss\u00e3o de pena.<br \/>\n \u201cEstamos voltando para a cela mais relaxados e com mais esperan\u00e7a de mudar a nossa vida\u201d, diz um dos presos.<br \/>\nO projeto integra a Rede Trabalho Decente no Sistema Prisional, desenvolvida pelo Minist\u00e9rio P\u00fablico do Trabalho, Senai e Secretaria de Administra\u00e7\u00e3o Penitenci\u00e1ria (Seap). A meta \u00e9 qualificar mais de 1.300 internos no Rio Grande do Norte.<br \/>\nSegundo a professora do Senai, B\u00e1rbara Isabaux, respons\u00e1vel pelas aulas, a iniciativa tamb\u00e9m representa transforma\u00e7\u00e3o para quem ensina.<br \/>\n\u201cA gente traz uma esperan\u00e7a, uma possibilidade de mudan\u00e7a na vida dessas pessoas e de suas fam\u00edlias. Para n\u00f3s, como profissionais, \u00e9 muito gratificante\u201d, afirmou.<br \/>\nCurso de panifica\u00e7\u00e3o capacita presos de Alca\u00e7uz para o mercado de trabalho<br \/>\nS\u00e9rgio Henrique Santos\/Inter TV Cabugi<br \/>\nAtualmente, Alca\u00e7uz abriga 1.803 detentos. Para a dire\u00e7\u00e3o do pres\u00eddio, os cursos cumprem papel importante no processo de reinser\u00e7\u00e3o social.<br \/>\n \u201cSaindo daqui com uma profiss\u00e3o, eles v\u00e3o ter condi\u00e7\u00f5es de, l\u00e1 fora, tra\u00e7arem sua trajet\u00f3ria sem estar necessariamente tendo que se vincular ao crime&#8221;, afirma o diretor Jo\u00e3o Paulo Ribeiro de Souza.<br \/>\nNos pr\u00f3ximos meses, a penitenci\u00e1ria deve abrir novas turmas nas \u00e1reas de confeitaria e produ\u00e7\u00e3o de bolos regionais.<br \/>\nPenitenci\u00e1ria Estadual de Alca\u00e7uz, em N\u00edsia Floresta<br \/>\nS\u00e9rgio Henrique Santos\/Inter TV Cabugi<br \/>\nVeja os v\u00eddeos mais assistidos no g1 RN<br \/>\ns<\/p>","protected":false},"excerpt":{"rendered":"<p>Cursos de qualifica\u00e7\u00e3o na penitenci\u00e1ria de Alca\u00e7uz Presos na Penitenci\u00e1ria Estadual de Alca\u00e7uz, em N\u00edsia Floresta, na Grande Natal, j\u00e1 receberam cursos de eletricista, encanador, pedreiro e costureiro. O mais &#8230;<\/p>\n","protected":false},"author":0,"featured_media":14184,"parent":0,"menu_order":0,"comment_status":"closed","ping_status":"closed","template":"","meta":{"footnotes":""},"class_list":["post-14183","page","type-page","status-publish","has-post-thumbnail","hentry"],"yoast_head":"<!-- This site is optimized with the Yoast SEO plugin v27.1.1 - https:\/\/yoast.com\/product\/yoast-seo-wordpress\/ -->\n<title>Presos de Alca\u00e7uz recebem cursos com foco na profissionaliza\u00e7\u00e3o e retorno \u00e0 sociedade - Taveira Jr<\/title>\n<meta name=\"robots\" content=\"index, follow, max-snippet:-1, max-image-preview:large, max-video-preview:-1\" \/>\n<link rel=\"canonical\" href=\"https:\/\/deputadotaveirajr.com.br\/index.php\/presos-de-alcacuz-recebem-cursos-com-foco-na-profissionalizacao-e-retorno-a-sociedade\/\" \/>\n<meta property=\"og:locale\" content=\"pt_BR\" \/>\n<meta property=\"og:type\" content=\"article\" \/>\n<meta property=\"og:title\" content=\"Presos de Alca\u00e7uz recebem cursos com foco na profissionaliza\u00e7\u00e3o e retorno \u00e0 sociedade - Taveira Jr\" \/>\n<meta property=\"og:description\" content=\"Cursos de qualifica\u00e7\u00e3o na penitenci\u00e1ria de Alca\u00e7uz Presos na Penitenci\u00e1ria Estadual de Alca\u00e7uz, em N\u00edsia Floresta, na Grande Natal, j\u00e1 receberam cursos de eletricista, encanador, pedreiro e costureiro. O mais ...\" \/>\n<meta property=\"og:url\" content=\"https:\/\/deputadotaveirajr.com.br\/index.php\/presos-de-alcacuz-recebem-cursos-com-foco-na-profissionalizacao-e-retorno-a-sociedade\/\" \/>\n<meta property=\"og:site_name\" content=\"Taveira Jr\" \/>\n<meta property=\"og:image\" content=\"https:\/\/s2-g1.glbimg.com\/VyI53bVwQc6hEAJOMkGX2dHQrY4=\/i.s3.glbimg.com\/v1\/AUTH_59edd422c0c84a879bd37670ae4f538a\/internal_photos\/bs\/2025\/x\/j\/QNyBZAQQmZhp31wD7LKA\/captura-de-tela-2025-09-26-as-09.14.27.png\" \/>\n<meta name=\"twitter:card\" content=\"summary_large_image\" \/>\n<meta name=\"twitter:label1\" content=\"Est. tempo de leitura\" \/>\n\t<meta name=\"twitter:data1\" content=\"2 minutos\" \/>\n<script type=\"application\/ld+json\" class=\"yoast-schema-graph\">{\"@context\":\"https:\/\/schema.org\",\"@graph\":[{\"@type\":\"WebPage\",\"@id\":\"https:\/\/deputadotaveirajr.com.br\/index.php\/presos-de-alcacuz-recebem-cursos-com-foco-na-profissionalizacao-e-retorno-a-sociedade\/\",\"url\":\"https:\/\/deputadotaveirajr.com.br\/index.php\/presos-de-alcacuz-recebem-cursos-com-foco-na-profissionalizacao-e-retorno-a-sociedade\/\",\"name\":\"Presos de Alca\u00e7uz recebem cursos com foco na profissionaliza\u00e7\u00e3o e retorno \u00e0 sociedade - Taveira Jr\",\"isPartOf\":{\"@id\":\"https:\/\/deputadotaveirajr.com.br\/#website\"},\"primaryImageOfPage\":{\"@id\":\"https:\/\/deputadotaveirajr.com.br\/index.php\/presos-de-alcacuz-recebem-cursos-com-foco-na-profissionalizacao-e-retorno-a-sociedade\/#primaryimage\"},\"image\":{\"@id\":\"https:\/\/deputadotaveirajr.com.br\/index.php\/presos-de-alcacuz-recebem-cursos-com-foco-na-profissionalizacao-e-retorno-a-sociedade\/#primaryimage\"},\"thumbnailUrl\":\"https:\/\/deputadotaveirajr.com.br\/wp-content\/uploads\/2025\/09\/captura-de-tela-2025-09-26-as-09.14.27-rlubgA.jpg\",\"datePublished\":\"2025-09-27T10:30:42+00:00\",\"breadcrumb\":{\"@id\":\"https:\/\/deputadotaveirajr.com.br\/index.php\/presos-de-alcacuz-recebem-cursos-com-foco-na-profissionalizacao-e-retorno-a-sociedade\/#breadcrumb\"},\"inLanguage\":\"pt-BR\",\"potentialAction\":[{\"@type\":\"ReadAction\",\"target\":[\"https:\/\/deputadotaveirajr.com.br\/index.php\/presos-de-alcacuz-recebem-cursos-com-foco-na-profissionalizacao-e-retorno-a-sociedade\/\"]}]},{\"@type\":\"ImageObject\",\"inLanguage\":\"pt-BR\",\"@id\":\"https:\/\/deputadotaveirajr.com.br\/index.php\/presos-de-alcacuz-recebem-cursos-com-foco-na-profissionalizacao-e-retorno-a-sociedade\/#primaryimage\",\"url\":\"https:\/\/deputadotaveirajr.com.br\/wp-content\/uploads\/2025\/09\/captura-de-tela-2025-09-26-as-09.14.27-rlubgA.jpg\",\"contentUrl\":\"https:\/\/deputadotaveirajr.com.br\/wp-content\/uploads\/2025\/09\/captura-de-tela-2025-09-26-as-09.14.27-rlubgA.jpg\",\"width\":1200,\"height\":671},{\"@type\":\"BreadcrumbList\",\"@id\":\"https:\/\/deputadotaveirajr.com.br\/index.php\/presos-de-alcacuz-recebem-cursos-com-foco-na-profissionalizacao-e-retorno-a-sociedade\/#breadcrumb\",\"itemListElement\":[{\"@type\":\"ListItem\",\"position\":1,\"name\":\"In\u00edcio\",\"item\":\"https:\/\/deputadotaveirajr.com.br\/\"},{\"@type\":\"ListItem\",\"position\":2,\"name\":\"Presos de Alca\u00e7uz recebem cursos com foco na profissionaliza\u00e7\u00e3o e retorno \u00e0 sociedade\"}]},{\"@type\":\"WebSite\",\"@id\":\"https:\/\/deputadotaveirajr.com.br\/#website\",\"url\":\"https:\/\/deputadotaveirajr.com.br\/\",\"name\":\"Taveira Jr\",\"description\":\"Deputado Estadual\",\"publisher\":{\"@id\":\"https:\/\/deputadotaveirajr.com.br\/#organization\"},\"potentialAction\":[{\"@type\":\"SearchAction\",\"target\":{\"@type\":\"EntryPoint\",\"urlTemplate\":\"https:\/\/deputadotaveirajr.com.br\/?s={search_term_string}\"},\"query-input\":{\"@type\":\"PropertyValueSpecification\",\"valueRequired\":true,\"valueName\":\"search_term_string\"}}],\"inLanguage\":\"pt-BR\"},{\"@type\":\"Organization\",\"@id\":\"https:\/\/deputadotaveirajr.com.br\/#organization\",\"name\":\"Taveira Jr\",\"url\":\"https:\/\/deputadotaveirajr.com.br\/\",\"logo\":{\"@type\":\"ImageObject\",\"inLanguage\":\"pt-BR\",\"@id\":\"https:\/\/deputadotaveirajr.com.br\/#\/schema\/logo\/image\/\",\"url\":\"https:\/\/deputadotaveirajr.com.br\/wp-content\/uploads\/2026\/01\/logolow2a.png\",\"contentUrl\":\"https:\/\/deputadotaveirajr.com.br\/wp-content\/uploads\/2026\/01\/logolow2a.png\",\"width\":290,\"height\":80,\"caption\":\"Taveira Jr\"},\"image\":{\"@id\":\"https:\/\/deputadotaveirajr.com.br\/#\/schema\/logo\/image\/\"}}]}<\/script>\n<!-- \/ Yoast SEO plugin. -->","yoast_head_json":{"title":"Presos de Alca\u00e7uz recebem cursos com foco na profissionaliza\u00e7\u00e3o e retorno \u00e0 sociedade - Taveira Jr","robots":{"index":"index","follow":"follow","max-snippet":"max-snippet:-1","max-image-preview":"max-image-preview:large","max-video-preview":"max-video-preview:-1"},"canonical":"https:\/\/deputadotaveirajr.com.br\/index.php\/presos-de-alcacuz-recebem-cursos-com-foco-na-profissionalizacao-e-retorno-a-sociedade\/","og_locale":"pt_BR","og_type":"article","og_title":"Presos de Alca\u00e7uz recebem cursos com foco na profissionaliza\u00e7\u00e3o e retorno \u00e0 sociedade - Taveira Jr","og_description":"Cursos de qualifica\u00e7\u00e3o na penitenci\u00e1ria de Alca\u00e7uz Presos na Penitenci\u00e1ria Estadual de Alca\u00e7uz, em N\u00edsia Floresta, na Grande Natal, j\u00e1 receberam cursos de eletricista, encanador, pedreiro e costureiro. O mais ...","og_url":"https:\/\/deputadotaveirajr.com.br\/index.php\/presos-de-alcacuz-recebem-cursos-com-foco-na-profissionalizacao-e-retorno-a-sociedade\/","og_site_name":"Taveira Jr","og_image":[{"url":"https:\/\/s2-g1.glbimg.com\/VyI53bVwQc6hEAJOMkGX2dHQrY4=\/i.s3.glbimg.com\/v1\/AUTH_59edd422c0c84a879bd37670ae4f538a\/internal_photos\/bs\/2025\/x\/j\/QNyBZAQQmZhp31wD7LKA\/captura-de-tela-2025-09-26-as-09.14.27.png","type":"","width":"","height":""}],"twitter_card":"summary_large_image","twitter_misc":{"Est. tempo de leitura":"2 minutos"},"schema":{"@context":"https:\/\/schema.org","@graph":[{"@type":"WebPage","@id":"https:\/\/deputadotaveirajr.com.br\/index.php\/presos-de-alcacuz-recebem-cursos-com-foco-na-profissionalizacao-e-retorno-a-sociedade\/","url":"https:\/\/deputadotaveirajr.com.br\/index.php\/presos-de-alcacuz-recebem-cursos-com-foco-na-profissionalizacao-e-retorno-a-sociedade\/","name":"Presos de Alca\u00e7uz recebem cursos com foco na profissionaliza\u00e7\u00e3o e retorno \u00e0 sociedade - Taveira Jr","isPartOf":{"@id":"https:\/\/deputadotaveirajr.com.br\/#website"},"primaryImageOfPage":{"@id":"https:\/\/deputadotaveirajr.com.br\/index.php\/presos-de-alcacuz-recebem-cursos-com-foco-na-profissionalizacao-e-retorno-a-sociedade\/#primaryimage"},"image":{"@id":"https:\/\/deputadotaveirajr.com.br\/index.php\/presos-de-alcacuz-recebem-cursos-com-foco-na-profissionalizacao-e-retorno-a-sociedade\/#primaryimage"},"thumbnailUrl":"https:\/\/deputadotaveirajr.com.br\/wp-content\/uploads\/2025\/09\/captura-de-tela-2025-09-26-as-09.14.27-rlubgA.jpg","datePublished":"2025-09-27T10:30:42+00:00","breadcrumb":{"@id":"https:\/\/deputadotaveirajr.com.br\/index.php\/presos-de-alcacuz-recebem-cursos-com-foco-na-profissionalizacao-e-retorno-a-sociedade\/#breadcrumb"},"inLanguage":"pt-BR","potentialAction":[{"@type":"ReadAction","target":["https:\/\/deputadotaveirajr.com.br\/index.php\/presos-de-alcacuz-recebem-cursos-com-foco-na-profissionalizacao-e-retorno-a-sociedade\/"]}]},{"@type":"ImageObject","inLanguage":"pt-BR","@id":"https:\/\/deputadotaveirajr.com.br\/index.php\/presos-de-alcacuz-recebem-cursos-com-foco-na-profissionalizacao-e-retorno-a-sociedade\/#primaryimage","url":"https:\/\/deputadotaveirajr.com.br\/wp-content\/uploads\/2025\/09\/captura-de-tela-2025-09-26-as-09.14.27-rlubgA.jpg","contentUrl":"https:\/\/deputadotaveirajr.com.br\/wp-content\/uploads\/2025\/09\/captura-de-tela-2025-09-26-as-09.14.27-rlubgA.jpg","width":1200,"height":671},{"@type":"BreadcrumbList","@id":"https:\/\/deputadotaveirajr.com.br\/index.php\/presos-de-alcacuz-recebem-cursos-com-foco-na-profissionalizacao-e-retorno-a-sociedade\/#breadcrumb","itemListElement":[{"@type":"ListItem","position":1,"name":"In\u00edcio","item":"https:\/\/deputadotaveirajr.com.br\/"},{"@type":"ListItem","position":2,"name":"Presos de Alca\u00e7uz recebem cursos com foco na profissionaliza\u00e7\u00e3o e retorno \u00e0 sociedade"}]},{"@type":"WebSite","@id":"https:\/\/deputadotaveirajr.com.br\/#website","url":"https:\/\/deputadotaveirajr.com.br\/","name":"Taveira Jr","description":"Deputado Estadual","publisher":{"@id":"https:\/\/deputadotaveirajr.com.br\/#organization"},"potentialAction":[{"@type":"SearchAction","target":{"@type":"EntryPoint","urlTemplate":"https:\/\/deputadotaveirajr.com.br\/?s={search_term_string}"},"query-input":{"@type":"PropertyValueSpecification","valueRequired":true,"valueName":"search_term_string"}}],"inLanguage":"pt-BR"},{"@type":"Organization","@id":"https:\/\/deputadotaveirajr.com.br\/#organization","name":"Taveira Jr","url":"https:\/\/deputadotaveirajr.com.br\/","logo":{"@type":"ImageObject","inLanguage":"pt-BR","@id":"https:\/\/deputadotaveirajr.com.br\/#\/schema\/logo\/image\/","url":"https:\/\/deputadotaveirajr.com.br\/wp-content\/uploads\/2026\/01\/logolow2a.png","contentUrl":"https:\/\/deputadotaveirajr.com.br\/wp-content\/uploads\/2026\/01\/logolow2a.png","width":290,"height":80,"caption":"Taveira Jr"},"image":{"@id":"https:\/\/deputadotaveirajr.com.br\/#\/schema\/logo\/image\/"}}]}},"_links":{"self":[{"href":"https:\/\/deputadotaveirajr.com.br\/index.php\/wp-json\/wp\/v2\/pages\/14183","targetHints":{"allow":["GET"]}}],"collection":[{"href":"https:\/\/deputadotaveirajr.com.br\/index.php\/wp-json\/wp\/v2\/pages"}],"about":[{"href":"https:\/\/deputadotaveirajr.com.br\/index.php\/wp-json\/wp\/v2\/types\/page"}],"replies":[{"embeddable":true,"href":"https:\/\/deputadotaveirajr.com.br\/index.php\/wp-json\/wp\/v2\/comments?post=14183"}],"version-history":[{"count":0,"href":"https:\/\/deputadotaveirajr.com.br\/index.php\/wp-json\/wp\/v2\/pages\/14183\/revisions"}],"wp:featuredmedia":[{"embeddable":true,"href":"https:\/\/deputadotaveirajr.com.br\/index.php\/wp-json\/wp\/v2\/media\/14184"}],"wp:attachment":[{"href":"https:\/\/deputadotaveirajr.com.br\/index.php\/wp-json\/wp\/v2\/media?parent=14183"}],"curies":[{"name":"wp","href":"https:\/\/api.w.org\/{rel}","templated":true}]}}