{"id":14187,"date":"2025-09-26T17:54:11","date_gmt":"2025-09-26T20:54:11","guid":{"rendered":"https:\/\/deputadotaveirajr.com.br\/index.php\/servidores-municipais-de-natal-passam-a-usar-transporte-por-aplicativo-em-viagens-oficiais-diz-prefeitura\/"},"modified":"2025-09-26T17:54:11","modified_gmt":"2025-09-26T20:54:11","slug":"servidores-municipais-de-natal-passam-a-usar-transporte-por-aplicativo-em-viagens-oficiais-diz-prefeitura","status":"publish","type":"page","link":"https:\/\/deputadotaveirajr.com.br\/index.php\/servidores-municipais-de-natal-passam-a-usar-transporte-por-aplicativo-em-viagens-oficiais-diz-prefeitura\/","title":{"rendered":"Servidores municipais de Natal passam a usar transporte por aplicativo em viagens oficiais, diz Prefeitura"},"content":{"rendered":"<p><img decoding=\"async\" src=\"https:\/\/s2-g1.glbimg.com\/xwSrRUdaj1NDJJolbh5kRKccWHM=\/i.s3.glbimg.com\/v1\/AUTH_59edd422c0c84a879bd37670ae4f538a\/internal_photos\/bs\/2025\/B\/u\/BbvxTJSnAgofxZs54Ibw\/carro-prefeitura.jpg\" \/><br \/>     Carro na frente da sede da Prefeitura de Natal<br \/>\nMagnus Nascimento\/Prefeitura de Natal<br \/>\nA Prefeitura do Natal anunciou que come\u00e7ou a implantar um novo modelo de transporte para servidores em atividades oficiais, com substitui\u00e7\u00e3o de parte dos carros alugados por corridas de aplicativo.<br \/>\nO contrato com a plataforma BB Spid, do Banco do Brasil, j\u00e1 assinado, estima pagamentos de at\u00e9 R$ 9,6 milh\u00f5es, e \u00e9 v\u00e1lido at\u00e9 setembro de 2026. Segundo o munic\u00edpio, o servi\u00e7o deve gerar redu\u00e7\u00e3o direta de aproximadamente 70% nos custos de deslocamento institucional.<br \/>\n\ud83d\udcf3 Clique aqui para seguir o canal do g1 RN no WhatsApp<br \/>\n&#8220;A gest\u00e3o por meio de plataformas digitais possibilita o cadastro de usu\u00e1rios, defini\u00e7\u00e3o de perfis e limites de uso, controle centralizado via pain\u00e9is administrativos e gera\u00e7\u00e3o de relat\u00f3rios completos e audit\u00e1veis, promovendo transpar\u00eancia e controle das despesas&#8221;, diz a justificativa do extrato do termo de inexigibilidade de licita\u00e7\u00e3o publicado pela Secretaria de Administra\u00e7\u00e3o no Di\u00e1rio Oficial do Munic\u00edpio na quinta (25).<br \/>\nDe acordo com a pasta, o custo m\u00e9dio do quil\u00f4metro rodado nos ve\u00edculos substitu\u00eddos era de aproximadamente R$ 11\/km, enquanto a corrida pelo aplicativo tem valor estimado em R$ 3,30\/km.<br \/>\nO secret\u00e1rio municipal de Administra\u00e7\u00e3o, Brenno Queiroga, explicou que a decis\u00e3o foi baseada em um estudo t\u00e9cnico preliminar que comparou diferentes modalidades de transporte.<br \/>\n\u201cO sistema vai substituir parte dos ve\u00edculos locados e contribuir para reduzir despesas com manuten\u00e7\u00e3o, deprecia\u00e7\u00e3o, seguro, combust\u00edvel e ociosidade da frota pr\u00f3pria. Al\u00e9m disso, a transpar\u00eancia do modelo e o uso mais racional tendem a ampliar ainda mais a economia ao longo do tempo\u201d, ressaltou.<br \/>\nComo vai funcionar<br \/>\nO Spid est\u00e1 em fase de implanta\u00e7\u00e3o do servi\u00e7o. Um projeto-piloto est\u00e1 sendo testado na pr\u00f3pria Semad durante o m\u00eas de setembro, e a expectativa \u00e9 que, at\u00e9 o fim de outubro, o servi\u00e7o esteja dispon\u00edvel para todas as secretarias.<br \/>\nAs corridas ser\u00e3o realizadas apenas por servidores previamente autorizados e exclusivamente para atividades de trabalho, como reuni\u00f5es externas, inspe\u00e7\u00f5es e compromissos oficiais.<br \/>\nSegundo a prefeitura, o controle ser\u00e1 rigoroso: cada deslocamento ser\u00e1 registrado com origem, destino, quilometragem e valor.<br \/>\nRelat\u00f3rios mensais ser\u00e3o avaliados pelos gestores de cada secretaria antes do pagamento, e haver\u00e1 limites de viagens, centros de custo vinculados e hor\u00e1rios restritos.<br \/>\nEm caso de uso indevido, os valores correspondentes ser\u00e3o identificados e descontados automaticamente no contracheque do servidor.<br \/>\nO sistema tamb\u00e9m oferece auditoria em tempo real, com georreferenciamento das corridas e filtros por hor\u00e1rio e destino.<br \/>\nMonitoramento de resultados<br \/>\nO contrato prev\u00ea a gera\u00e7\u00e3o de relat\u00f3rios peri\u00f3dicos, avaliados semestralmente pela Semad e pela Controladoria. Entre os indicadores est\u00e3o: economia financeira, qualidade do servi\u00e7o, \u00edndices de satisfa\u00e7\u00e3o dos usu\u00e1rios e efetividade dos mecanismos de transpar\u00eancia.<br \/>\nA partir desses resultados, poder\u00e3o ser feitos ajustes nas regras de uso.<br \/>\nTransporte coletivo opcional: quase 100 permission\u00e1rios tiveram autoriza\u00e7\u00e3o cassada<br \/>\nSecretaria de Mobilidade cassa 97 permisso\u0303es do transporte opcional em Natal<br \/>\nVeja os v\u00eddeos mais assistidos no g1 RN<\/p>","protected":false},"excerpt":{"rendered":"<p>Carro na frente da sede da Prefeitura de Natal Magnus Nascimento\/Prefeitura de Natal A Prefeitura do Natal anunciou que come\u00e7ou a implantar um novo modelo de transporte para servidores em &#8230;<\/p>\n","protected":false},"author":0,"featured_media":14188,"parent":0,"menu_order":0,"comment_status":"closed","ping_status":"closed","template":"","meta":{"footnotes":""},"class_list":["post-14187","page","type-page","status-publish","has-post-thumbnail","hentry"],"yoast_head":"<!-- This site is optimized with the Yoast SEO plugin v27.1.1 - https:\/\/yoast.com\/product\/yoast-seo-wordpress\/ -->\n<title>Servidores municipais de Natal passam a usar transporte por aplicativo em viagens oficiais, diz Prefeitura - Taveira Jr<\/title>\n<meta name=\"robots\" content=\"index, follow, max-snippet:-1, max-image-preview:large, max-video-preview:-1\" \/>\n<link rel=\"canonical\" href=\"https:\/\/deputadotaveirajr.com.br\/index.php\/servidores-municipais-de-natal-passam-a-usar-transporte-por-aplicativo-em-viagens-oficiais-diz-prefeitura\/\" \/>\n<meta property=\"og:locale\" content=\"pt_BR\" \/>\n<meta property=\"og:type\" content=\"article\" \/>\n<meta property=\"og:title\" content=\"Servidores municipais de Natal passam a usar transporte por aplicativo em viagens oficiais, diz Prefeitura - Taveira Jr\" \/>\n<meta property=\"og:description\" content=\"Carro na frente da sede da Prefeitura de Natal Magnus Nascimento\/Prefeitura de Natal A Prefeitura do Natal anunciou que come\u00e7ou a implantar um novo modelo de transporte para servidores em ...\" \/>\n<meta property=\"og:url\" content=\"https:\/\/deputadotaveirajr.com.br\/index.php\/servidores-municipais-de-natal-passam-a-usar-transporte-por-aplicativo-em-viagens-oficiais-diz-prefeitura\/\" \/>\n<meta property=\"og:site_name\" content=\"Taveira Jr\" \/>\n<meta property=\"og:image\" content=\"https:\/\/s2-g1.glbimg.com\/xwSrRUdaj1NDJJolbh5kRKccWHM=\/i.s3.glbimg.com\/v1\/AUTH_59edd422c0c84a879bd37670ae4f538a\/internal_photos\/bs\/2025\/B\/u\/BbvxTJSnAgofxZs54Ibw\/carro-prefeitura.jpg\" \/>\n<meta name=\"twitter:card\" content=\"summary_large_image\" \/>\n<meta name=\"twitter:label1\" content=\"Est. tempo de leitura\" \/>\n\t<meta name=\"twitter:data1\" content=\"3 minutos\" \/>\n<script type=\"application\/ld+json\" class=\"yoast-schema-graph\">{\"@context\":\"https:\/\/schema.org\",\"@graph\":[{\"@type\":\"WebPage\",\"@id\":\"https:\/\/deputadotaveirajr.com.br\/index.php\/servidores-municipais-de-natal-passam-a-usar-transporte-por-aplicativo-em-viagens-oficiais-diz-prefeitura\/\",\"url\":\"https:\/\/deputadotaveirajr.com.br\/index.php\/servidores-municipais-de-natal-passam-a-usar-transporte-por-aplicativo-em-viagens-oficiais-diz-prefeitura\/\",\"name\":\"Servidores municipais de Natal passam a usar transporte por aplicativo em viagens oficiais, diz Prefeitura - Taveira Jr\",\"isPartOf\":{\"@id\":\"https:\/\/deputadotaveirajr.com.br\/#website\"},\"primaryImageOfPage\":{\"@id\":\"https:\/\/deputadotaveirajr.com.br\/index.php\/servidores-municipais-de-natal-passam-a-usar-transporte-por-aplicativo-em-viagens-oficiais-diz-prefeitura\/#primaryimage\"},\"image\":{\"@id\":\"https:\/\/deputadotaveirajr.com.br\/index.php\/servidores-municipais-de-natal-passam-a-usar-transporte-por-aplicativo-em-viagens-oficiais-diz-prefeitura\/#primaryimage\"},\"thumbnailUrl\":\"https:\/\/deputadotaveirajr.com.br\/wp-content\/uploads\/2025\/09\/carro-prefeitura-Ys7g1p.jpg\",\"datePublished\":\"2025-09-26T20:54:11+00:00\",\"breadcrumb\":{\"@id\":\"https:\/\/deputadotaveirajr.com.br\/index.php\/servidores-municipais-de-natal-passam-a-usar-transporte-por-aplicativo-em-viagens-oficiais-diz-prefeitura\/#breadcrumb\"},\"inLanguage\":\"pt-BR\",\"potentialAction\":[{\"@type\":\"ReadAction\",\"target\":[\"https:\/\/deputadotaveirajr.com.br\/index.php\/servidores-municipais-de-natal-passam-a-usar-transporte-por-aplicativo-em-viagens-oficiais-diz-prefeitura\/\"]}]},{\"@type\":\"ImageObject\",\"inLanguage\":\"pt-BR\",\"@id\":\"https:\/\/deputadotaveirajr.com.br\/index.php\/servidores-municipais-de-natal-passam-a-usar-transporte-por-aplicativo-em-viagens-oficiais-diz-prefeitura\/#primaryimage\",\"url\":\"https:\/\/deputadotaveirajr.com.br\/wp-content\/uploads\/2025\/09\/carro-prefeitura-Ys7g1p.jpg\",\"contentUrl\":\"https:\/\/deputadotaveirajr.com.br\/wp-content\/uploads\/2025\/09\/carro-prefeitura-Ys7g1p.jpg\",\"width\":1600,\"height\":1066},{\"@type\":\"BreadcrumbList\",\"@id\":\"https:\/\/deputadotaveirajr.com.br\/index.php\/servidores-municipais-de-natal-passam-a-usar-transporte-por-aplicativo-em-viagens-oficiais-diz-prefeitura\/#breadcrumb\",\"itemListElement\":[{\"@type\":\"ListItem\",\"position\":1,\"name\":\"In\u00edcio\",\"item\":\"https:\/\/deputadotaveirajr.com.br\/\"},{\"@type\":\"ListItem\",\"position\":2,\"name\":\"Servidores municipais de Natal passam a usar transporte por aplicativo em viagens oficiais, diz Prefeitura\"}]},{\"@type\":\"WebSite\",\"@id\":\"https:\/\/deputadotaveirajr.com.br\/#website\",\"url\":\"https:\/\/deputadotaveirajr.com.br\/\",\"name\":\"Taveira Jr\",\"description\":\"Deputado Estadual\",\"publisher\":{\"@id\":\"https:\/\/deputadotaveirajr.com.br\/#organization\"},\"potentialAction\":[{\"@type\":\"SearchAction\",\"target\":{\"@type\":\"EntryPoint\",\"urlTemplate\":\"https:\/\/deputadotaveirajr.com.br\/?s={search_term_string}\"},\"query-input\":{\"@type\":\"PropertyValueSpecification\",\"valueRequired\":true,\"valueName\":\"search_term_string\"}}],\"inLanguage\":\"pt-BR\"},{\"@type\":\"Organization\",\"@id\":\"https:\/\/deputadotaveirajr.com.br\/#organization\",\"name\":\"Taveira Jr\",\"url\":\"https:\/\/deputadotaveirajr.com.br\/\",\"logo\":{\"@type\":\"ImageObject\",\"inLanguage\":\"pt-BR\",\"@id\":\"https:\/\/deputadotaveirajr.com.br\/#\/schema\/logo\/image\/\",\"url\":\"https:\/\/deputadotaveirajr.com.br\/wp-content\/uploads\/2026\/01\/logolow2a.png\",\"contentUrl\":\"https:\/\/deputadotaveirajr.com.br\/wp-content\/uploads\/2026\/01\/logolow2a.png\",\"width\":290,\"height\":80,\"caption\":\"Taveira Jr\"},\"image\":{\"@id\":\"https:\/\/deputadotaveirajr.com.br\/#\/schema\/logo\/image\/\"}}]}<\/script>\n<!-- \/ Yoast SEO plugin. -->","yoast_head_json":{"title":"Servidores municipais de Natal passam a usar transporte por aplicativo em viagens oficiais, diz Prefeitura - Taveira Jr","robots":{"index":"index","follow":"follow","max-snippet":"max-snippet:-1","max-image-preview":"max-image-preview:large","max-video-preview":"max-video-preview:-1"},"canonical":"https:\/\/deputadotaveirajr.com.br\/index.php\/servidores-municipais-de-natal-passam-a-usar-transporte-por-aplicativo-em-viagens-oficiais-diz-prefeitura\/","og_locale":"pt_BR","og_type":"article","og_title":"Servidores municipais de Natal passam a usar transporte por aplicativo em viagens oficiais, diz Prefeitura - Taveira Jr","og_description":"Carro na frente da sede da Prefeitura de Natal Magnus Nascimento\/Prefeitura de Natal A Prefeitura do Natal anunciou que come\u00e7ou a implantar um novo modelo de transporte para servidores em ...","og_url":"https:\/\/deputadotaveirajr.com.br\/index.php\/servidores-municipais-de-natal-passam-a-usar-transporte-por-aplicativo-em-viagens-oficiais-diz-prefeitura\/","og_site_name":"Taveira Jr","og_image":[{"url":"https:\/\/s2-g1.glbimg.com\/xwSrRUdaj1NDJJolbh5kRKccWHM=\/i.s3.glbimg.com\/v1\/AUTH_59edd422c0c84a879bd37670ae4f538a\/internal_photos\/bs\/2025\/B\/u\/BbvxTJSnAgofxZs54Ibw\/carro-prefeitura.jpg","type":"","width":"","height":""}],"twitter_card":"summary_large_image","twitter_misc":{"Est. tempo de leitura":"3 minutos"},"schema":{"@context":"https:\/\/schema.org","@graph":[{"@type":"WebPage","@id":"https:\/\/deputadotaveirajr.com.br\/index.php\/servidores-municipais-de-natal-passam-a-usar-transporte-por-aplicativo-em-viagens-oficiais-diz-prefeitura\/","url":"https:\/\/deputadotaveirajr.com.br\/index.php\/servidores-municipais-de-natal-passam-a-usar-transporte-por-aplicativo-em-viagens-oficiais-diz-prefeitura\/","name":"Servidores municipais de Natal passam a usar transporte por aplicativo em viagens oficiais, diz Prefeitura - Taveira Jr","isPartOf":{"@id":"https:\/\/deputadotaveirajr.com.br\/#website"},"primaryImageOfPage":{"@id":"https:\/\/deputadotaveirajr.com.br\/index.php\/servidores-municipais-de-natal-passam-a-usar-transporte-por-aplicativo-em-viagens-oficiais-diz-prefeitura\/#primaryimage"},"image":{"@id":"https:\/\/deputadotaveirajr.com.br\/index.php\/servidores-municipais-de-natal-passam-a-usar-transporte-por-aplicativo-em-viagens-oficiais-diz-prefeitura\/#primaryimage"},"thumbnailUrl":"https:\/\/deputadotaveirajr.com.br\/wp-content\/uploads\/2025\/09\/carro-prefeitura-Ys7g1p.jpg","datePublished":"2025-09-26T20:54:11+00:00","breadcrumb":{"@id":"https:\/\/deputadotaveirajr.com.br\/index.php\/servidores-municipais-de-natal-passam-a-usar-transporte-por-aplicativo-em-viagens-oficiais-diz-prefeitura\/#breadcrumb"},"inLanguage":"pt-BR","potentialAction":[{"@type":"ReadAction","target":["https:\/\/deputadotaveirajr.com.br\/index.php\/servidores-municipais-de-natal-passam-a-usar-transporte-por-aplicativo-em-viagens-oficiais-diz-prefeitura\/"]}]},{"@type":"ImageObject","inLanguage":"pt-BR","@id":"https:\/\/deputadotaveirajr.com.br\/index.php\/servidores-municipais-de-natal-passam-a-usar-transporte-por-aplicativo-em-viagens-oficiais-diz-prefeitura\/#primaryimage","url":"https:\/\/deputadotaveirajr.com.br\/wp-content\/uploads\/2025\/09\/carro-prefeitura-Ys7g1p.jpg","contentUrl":"https:\/\/deputadotaveirajr.com.br\/wp-content\/uploads\/2025\/09\/carro-prefeitura-Ys7g1p.jpg","width":1600,"height":1066},{"@type":"BreadcrumbList","@id":"https:\/\/deputadotaveirajr.com.br\/index.php\/servidores-municipais-de-natal-passam-a-usar-transporte-por-aplicativo-em-viagens-oficiais-diz-prefeitura\/#breadcrumb","itemListElement":[{"@type":"ListItem","position":1,"name":"In\u00edcio","item":"https:\/\/deputadotaveirajr.com.br\/"},{"@type":"ListItem","position":2,"name":"Servidores municipais de Natal passam a usar transporte por aplicativo em viagens oficiais, diz Prefeitura"}]},{"@type":"WebSite","@id":"https:\/\/deputadotaveirajr.com.br\/#website","url":"https:\/\/deputadotaveirajr.com.br\/","name":"Taveira Jr","description":"Deputado Estadual","publisher":{"@id":"https:\/\/deputadotaveirajr.com.br\/#organization"},"potentialAction":[{"@type":"SearchAction","target":{"@type":"EntryPoint","urlTemplate":"https:\/\/deputadotaveirajr.com.br\/?s={search_term_string}"},"query-input":{"@type":"PropertyValueSpecification","valueRequired":true,"valueName":"search_term_string"}}],"inLanguage":"pt-BR"},{"@type":"Organization","@id":"https:\/\/deputadotaveirajr.com.br\/#organization","name":"Taveira Jr","url":"https:\/\/deputadotaveirajr.com.br\/","logo":{"@type":"ImageObject","inLanguage":"pt-BR","@id":"https:\/\/deputadotaveirajr.com.br\/#\/schema\/logo\/image\/","url":"https:\/\/deputadotaveirajr.com.br\/wp-content\/uploads\/2026\/01\/logolow2a.png","contentUrl":"https:\/\/deputadotaveirajr.com.br\/wp-content\/uploads\/2026\/01\/logolow2a.png","width":290,"height":80,"caption":"Taveira Jr"},"image":{"@id":"https:\/\/deputadotaveirajr.com.br\/#\/schema\/logo\/image\/"}}]}},"_links":{"self":[{"href":"https:\/\/deputadotaveirajr.com.br\/index.php\/wp-json\/wp\/v2\/pages\/14187","targetHints":{"allow":["GET"]}}],"collection":[{"href":"https:\/\/deputadotaveirajr.com.br\/index.php\/wp-json\/wp\/v2\/pages"}],"about":[{"href":"https:\/\/deputadotaveirajr.com.br\/index.php\/wp-json\/wp\/v2\/types\/page"}],"replies":[{"embeddable":true,"href":"https:\/\/deputadotaveirajr.com.br\/index.php\/wp-json\/wp\/v2\/comments?post=14187"}],"version-history":[{"count":0,"href":"https:\/\/deputadotaveirajr.com.br\/index.php\/wp-json\/wp\/v2\/pages\/14187\/revisions"}],"wp:featuredmedia":[{"embeddable":true,"href":"https:\/\/deputadotaveirajr.com.br\/index.php\/wp-json\/wp\/v2\/media\/14188"}],"wp:attachment":[{"href":"https:\/\/deputadotaveirajr.com.br\/index.php\/wp-json\/wp\/v2\/media?parent=14187"}],"curies":[{"name":"wp","href":"https:\/\/api.w.org\/{rel}","templated":true}]}}