{"id":14206,"date":"2025-10-01T08:48:22","date_gmt":"2025-10-01T11:48:22","guid":{"rendered":"https:\/\/deputadotaveirajr.com.br\/index.php\/lei-proibe-descarte-de-vidro-junto-de-lixo-comum-em-natal-cacos-devem-ser-embalados-em-caixas-ou-garrafas\/"},"modified":"2025-10-01T08:48:22","modified_gmt":"2025-10-01T11:48:22","slug":"lei-proibe-descarte-de-vidro-junto-de-lixo-comum-em-natal-cacos-devem-ser-embalados-em-caixas-ou-garrafas","status":"publish","type":"page","link":"https:\/\/deputadotaveirajr.com.br\/index.php\/lei-proibe-descarte-de-vidro-junto-de-lixo-comum-em-natal-cacos-devem-ser-embalados-em-caixas-ou-garrafas\/","title":{"rendered":"Lei pro\u00edbe descarte de vidro junto de lixo comum em Natal; cacos devem ser embalados em caixas ou garrafas"},"content":{"rendered":"<p><img decoding=\"async\" src=\"https:\/\/s2-g1.glbimg.com\/I3pscrBvKM3YW9RbXk-Hs4A8FTQ=\/i.s3.glbimg.com\/v1\/AUTH_59edd422c0c84a879bd37670ae4f538a\/internal_photos\/bs\/2024\/R\/E\/6RzHQaT6ivo5cJX6d1UQ\/vidro-porta-arrombada.jpg\" \/><br \/>     Mycleison Costa traz as not\u00edcias da pol\u00edtica no RN nesta ter\u00e7a<br \/>\nQuem quebrar um copo ou garrafa em casa n\u00e3o poder\u00e1 mais jogar os peda\u00e7os diretamente no lixo comum, em Natal.<br \/>\nUma nova lei sancionada na capital potiguar determina que todos os cacos e fragmentos de vidro sejam descartados em recipientes que impe\u00e7am cortes, como garrafas pl\u00e1sticas ou caixas de papel\u00e3o.<br \/>\n\ud83d\udcf3 Clique aqui para seguir o canal do g1 RN no WhatsApp<br \/>\nA medida \u00e9 prevista na Lei n\u00ba 7.959, publicada no Di\u00e1rio Oficial do Munic\u00edpio nesta ter\u00e7a-feira (30).<br \/>\nSegundo o munic\u00edpio, o objetivo \u00e9 reduzir o risco de acidentes com agentes de limpeza urbana e catadores de recicl\u00e1veis, que ficam expostos a cortes durante a coleta.<br \/>\nAl\u00e9m de usar embalagens seguras, moradores e comerciantes dever\u00e3o identificar os recipientes, com avisos indicando que dentro deles h\u00e1 material cortante.<br \/>\nVidro quebrado<br \/>\nTV Integra\u00e7\u00e3o\/Reprodu\u00e7\u00e3o<br \/>\nSempre que poss\u00edvel, os fragmentos de vidro tamb\u00e9m dever\u00e3o ser destinados a centros de reciclagem, segundo a lei.<br \/>\n&#8220;Em casa, quebrou um vidro. O que fazer? Separo do meu lixo dom\u00e9stico, posso colocar numa garrafa pet, numa garrafa de leite, de suco, vou vedar com fita adesiva, e identificar, para quando forem recolher, saberem o que tem ali&#8221;, exemplificou Bruna Azevedo, gerente de meio ambiente da Urbana &#8211; companhia de servi\u00e7os urbanos de Natal, respons\u00e1vel pela coleta de lixo.<br \/>\nSegundo a lei, quem descumprir a norma estar\u00e1 sujeito a penalidades previstas na legisla\u00e7\u00e3o ambiental municipal. Sobre o assunto, a gerente explicou que o munic\u00edpio tem 90 dias ap\u00f3s a publica\u00e7\u00e3o da lei para realizar a regulamenta\u00e7\u00e3o, definindo essas penalidades.<br \/>\n&#8220;Nesse in\u00edcio, o tom \u00e9 de educa\u00e7\u00e3o, conscientiza\u00e7\u00e3o da popula\u00e7\u00e3o sobre essa responsabilidade compartilhada&#8221;, pontuou.<br \/>\nVeja os v\u00eddeos mais assistidos no g1 RN<\/p>","protected":false},"excerpt":{"rendered":"<p>Mycleison Costa traz as not\u00edcias da pol\u00edtica no RN nesta ter\u00e7a Quem quebrar um copo ou garrafa em casa n\u00e3o poder\u00e1 mais jogar os peda\u00e7os diretamente no lixo comum, em &#8230;<\/p>\n","protected":false},"author":0,"featured_media":14207,"parent":0,"menu_order":0,"comment_status":"closed","ping_status":"closed","template":"","meta":{"footnotes":""},"class_list":["post-14206","page","type-page","status-publish","has-post-thumbnail","hentry"],"yoast_head":"<!-- This site is optimized with the Yoast SEO plugin v27.1.1 - https:\/\/yoast.com\/product\/yoast-seo-wordpress\/ -->\n<title>Lei pro\u00edbe descarte de vidro junto de lixo comum em Natal; cacos devem ser embalados em caixas ou garrafas - Taveira Jr<\/title>\n<meta name=\"robots\" content=\"index, follow, max-snippet:-1, max-image-preview:large, max-video-preview:-1\" \/>\n<link rel=\"canonical\" href=\"https:\/\/deputadotaveirajr.com.br\/index.php\/lei-proibe-descarte-de-vidro-junto-de-lixo-comum-em-natal-cacos-devem-ser-embalados-em-caixas-ou-garrafas\/\" \/>\n<meta property=\"og:locale\" content=\"pt_BR\" \/>\n<meta property=\"og:type\" content=\"article\" \/>\n<meta property=\"og:title\" content=\"Lei pro\u00edbe descarte de vidro junto de lixo comum em Natal; cacos devem ser embalados em caixas ou garrafas - Taveira Jr\" \/>\n<meta property=\"og:description\" content=\"Mycleison Costa traz as not\u00edcias da pol\u00edtica no RN nesta ter\u00e7a Quem quebrar um copo ou garrafa em casa n\u00e3o poder\u00e1 mais jogar os peda\u00e7os diretamente no lixo comum, em ...\" \/>\n<meta property=\"og:url\" content=\"https:\/\/deputadotaveirajr.com.br\/index.php\/lei-proibe-descarte-de-vidro-junto-de-lixo-comum-em-natal-cacos-devem-ser-embalados-em-caixas-ou-garrafas\/\" \/>\n<meta property=\"og:site_name\" content=\"Taveira Jr\" \/>\n<meta property=\"og:image\" content=\"https:\/\/s2-g1.glbimg.com\/I3pscrBvKM3YW9RbXk-Hs4A8FTQ=\/i.s3.glbimg.com\/v1\/AUTH_59edd422c0c84a879bd37670ae4f538a\/internal_photos\/bs\/2024\/R\/E\/6RzHQaT6ivo5cJX6d1UQ\/vidro-porta-arrombada.jpg\" \/>\n<meta name=\"twitter:card\" content=\"summary_large_image\" \/>\n<meta name=\"twitter:label1\" content=\"Est. tempo de leitura\" \/>\n\t<meta name=\"twitter:data1\" content=\"2 minutos\" \/>\n<script type=\"application\/ld+json\" class=\"yoast-schema-graph\">{\"@context\":\"https:\/\/schema.org\",\"@graph\":[{\"@type\":\"WebPage\",\"@id\":\"https:\/\/deputadotaveirajr.com.br\/index.php\/lei-proibe-descarte-de-vidro-junto-de-lixo-comum-em-natal-cacos-devem-ser-embalados-em-caixas-ou-garrafas\/\",\"url\":\"https:\/\/deputadotaveirajr.com.br\/index.php\/lei-proibe-descarte-de-vidro-junto-de-lixo-comum-em-natal-cacos-devem-ser-embalados-em-caixas-ou-garrafas\/\",\"name\":\"Lei pro\u00edbe descarte de vidro junto de lixo comum em Natal; cacos devem ser embalados em caixas ou garrafas - Taveira Jr\",\"isPartOf\":{\"@id\":\"https:\/\/deputadotaveirajr.com.br\/#website\"},\"primaryImageOfPage\":{\"@id\":\"https:\/\/deputadotaveirajr.com.br\/index.php\/lei-proibe-descarte-de-vidro-junto-de-lixo-comum-em-natal-cacos-devem-ser-embalados-em-caixas-ou-garrafas\/#primaryimage\"},\"image\":{\"@id\":\"https:\/\/deputadotaveirajr.com.br\/index.php\/lei-proibe-descarte-de-vidro-junto-de-lixo-comum-em-natal-cacos-devem-ser-embalados-em-caixas-ou-garrafas\/#primaryimage\"},\"thumbnailUrl\":\"https:\/\/deputadotaveirajr.com.br\/wp-content\/uploads\/2025\/10\/vidro-porta-arrombada-EVzSHv.jpg\",\"datePublished\":\"2025-10-01T11:48:22+00:00\",\"breadcrumb\":{\"@id\":\"https:\/\/deputadotaveirajr.com.br\/index.php\/lei-proibe-descarte-de-vidro-junto-de-lixo-comum-em-natal-cacos-devem-ser-embalados-em-caixas-ou-garrafas\/#breadcrumb\"},\"inLanguage\":\"pt-BR\",\"potentialAction\":[{\"@type\":\"ReadAction\",\"target\":[\"https:\/\/deputadotaveirajr.com.br\/index.php\/lei-proibe-descarte-de-vidro-junto-de-lixo-comum-em-natal-cacos-devem-ser-embalados-em-caixas-ou-garrafas\/\"]}]},{\"@type\":\"ImageObject\",\"inLanguage\":\"pt-BR\",\"@id\":\"https:\/\/deputadotaveirajr.com.br\/index.php\/lei-proibe-descarte-de-vidro-junto-de-lixo-comum-em-natal-cacos-devem-ser-embalados-em-caixas-ou-garrafas\/#primaryimage\",\"url\":\"https:\/\/deputadotaveirajr.com.br\/wp-content\/uploads\/2025\/10\/vidro-porta-arrombada-EVzSHv.jpg\",\"contentUrl\":\"https:\/\/deputadotaveirajr.com.br\/wp-content\/uploads\/2025\/10\/vidro-porta-arrombada-EVzSHv.jpg\",\"width\":1920,\"height\":1080},{\"@type\":\"BreadcrumbList\",\"@id\":\"https:\/\/deputadotaveirajr.com.br\/index.php\/lei-proibe-descarte-de-vidro-junto-de-lixo-comum-em-natal-cacos-devem-ser-embalados-em-caixas-ou-garrafas\/#breadcrumb\",\"itemListElement\":[{\"@type\":\"ListItem\",\"position\":1,\"name\":\"In\u00edcio\",\"item\":\"https:\/\/deputadotaveirajr.com.br\/\"},{\"@type\":\"ListItem\",\"position\":2,\"name\":\"Lei pro\u00edbe descarte de vidro junto de lixo comum em Natal; cacos devem ser embalados em caixas ou garrafas\"}]},{\"@type\":\"WebSite\",\"@id\":\"https:\/\/deputadotaveirajr.com.br\/#website\",\"url\":\"https:\/\/deputadotaveirajr.com.br\/\",\"name\":\"Taveira Jr\",\"description\":\"Deputado Estadual\",\"publisher\":{\"@id\":\"https:\/\/deputadotaveirajr.com.br\/#organization\"},\"potentialAction\":[{\"@type\":\"SearchAction\",\"target\":{\"@type\":\"EntryPoint\",\"urlTemplate\":\"https:\/\/deputadotaveirajr.com.br\/?s={search_term_string}\"},\"query-input\":{\"@type\":\"PropertyValueSpecification\",\"valueRequired\":true,\"valueName\":\"search_term_string\"}}],\"inLanguage\":\"pt-BR\"},{\"@type\":\"Organization\",\"@id\":\"https:\/\/deputadotaveirajr.com.br\/#organization\",\"name\":\"Taveira Jr\",\"url\":\"https:\/\/deputadotaveirajr.com.br\/\",\"logo\":{\"@type\":\"ImageObject\",\"inLanguage\":\"pt-BR\",\"@id\":\"https:\/\/deputadotaveirajr.com.br\/#\/schema\/logo\/image\/\",\"url\":\"https:\/\/deputadotaveirajr.com.br\/wp-content\/uploads\/2026\/01\/logolow2a.png\",\"contentUrl\":\"https:\/\/deputadotaveirajr.com.br\/wp-content\/uploads\/2026\/01\/logolow2a.png\",\"width\":290,\"height\":80,\"caption\":\"Taveira Jr\"},\"image\":{\"@id\":\"https:\/\/deputadotaveirajr.com.br\/#\/schema\/logo\/image\/\"}}]}<\/script>\n<!-- \/ Yoast SEO plugin. -->","yoast_head_json":{"title":"Lei pro\u00edbe descarte de vidro junto de lixo comum em Natal; cacos devem ser embalados em caixas ou garrafas - Taveira Jr","robots":{"index":"index","follow":"follow","max-snippet":"max-snippet:-1","max-image-preview":"max-image-preview:large","max-video-preview":"max-video-preview:-1"},"canonical":"https:\/\/deputadotaveirajr.com.br\/index.php\/lei-proibe-descarte-de-vidro-junto-de-lixo-comum-em-natal-cacos-devem-ser-embalados-em-caixas-ou-garrafas\/","og_locale":"pt_BR","og_type":"article","og_title":"Lei pro\u00edbe descarte de vidro junto de lixo comum em Natal; cacos devem ser embalados em caixas ou garrafas - Taveira Jr","og_description":"Mycleison Costa traz as not\u00edcias da pol\u00edtica no RN nesta ter\u00e7a Quem quebrar um copo ou garrafa em casa n\u00e3o poder\u00e1 mais jogar os peda\u00e7os diretamente no lixo comum, em ...","og_url":"https:\/\/deputadotaveirajr.com.br\/index.php\/lei-proibe-descarte-de-vidro-junto-de-lixo-comum-em-natal-cacos-devem-ser-embalados-em-caixas-ou-garrafas\/","og_site_name":"Taveira Jr","og_image":[{"url":"https:\/\/s2-g1.glbimg.com\/I3pscrBvKM3YW9RbXk-Hs4A8FTQ=\/i.s3.glbimg.com\/v1\/AUTH_59edd422c0c84a879bd37670ae4f538a\/internal_photos\/bs\/2024\/R\/E\/6RzHQaT6ivo5cJX6d1UQ\/vidro-porta-arrombada.jpg","type":"","width":"","height":""}],"twitter_card":"summary_large_image","twitter_misc":{"Est. tempo de leitura":"2 minutos"},"schema":{"@context":"https:\/\/schema.org","@graph":[{"@type":"WebPage","@id":"https:\/\/deputadotaveirajr.com.br\/index.php\/lei-proibe-descarte-de-vidro-junto-de-lixo-comum-em-natal-cacos-devem-ser-embalados-em-caixas-ou-garrafas\/","url":"https:\/\/deputadotaveirajr.com.br\/index.php\/lei-proibe-descarte-de-vidro-junto-de-lixo-comum-em-natal-cacos-devem-ser-embalados-em-caixas-ou-garrafas\/","name":"Lei pro\u00edbe descarte de vidro junto de lixo comum em Natal; cacos devem ser embalados em caixas ou garrafas - Taveira Jr","isPartOf":{"@id":"https:\/\/deputadotaveirajr.com.br\/#website"},"primaryImageOfPage":{"@id":"https:\/\/deputadotaveirajr.com.br\/index.php\/lei-proibe-descarte-de-vidro-junto-de-lixo-comum-em-natal-cacos-devem-ser-embalados-em-caixas-ou-garrafas\/#primaryimage"},"image":{"@id":"https:\/\/deputadotaveirajr.com.br\/index.php\/lei-proibe-descarte-de-vidro-junto-de-lixo-comum-em-natal-cacos-devem-ser-embalados-em-caixas-ou-garrafas\/#primaryimage"},"thumbnailUrl":"https:\/\/deputadotaveirajr.com.br\/wp-content\/uploads\/2025\/10\/vidro-porta-arrombada-EVzSHv.jpg","datePublished":"2025-10-01T11:48:22+00:00","breadcrumb":{"@id":"https:\/\/deputadotaveirajr.com.br\/index.php\/lei-proibe-descarte-de-vidro-junto-de-lixo-comum-em-natal-cacos-devem-ser-embalados-em-caixas-ou-garrafas\/#breadcrumb"},"inLanguage":"pt-BR","potentialAction":[{"@type":"ReadAction","target":["https:\/\/deputadotaveirajr.com.br\/index.php\/lei-proibe-descarte-de-vidro-junto-de-lixo-comum-em-natal-cacos-devem-ser-embalados-em-caixas-ou-garrafas\/"]}]},{"@type":"ImageObject","inLanguage":"pt-BR","@id":"https:\/\/deputadotaveirajr.com.br\/index.php\/lei-proibe-descarte-de-vidro-junto-de-lixo-comum-em-natal-cacos-devem-ser-embalados-em-caixas-ou-garrafas\/#primaryimage","url":"https:\/\/deputadotaveirajr.com.br\/wp-content\/uploads\/2025\/10\/vidro-porta-arrombada-EVzSHv.jpg","contentUrl":"https:\/\/deputadotaveirajr.com.br\/wp-content\/uploads\/2025\/10\/vidro-porta-arrombada-EVzSHv.jpg","width":1920,"height":1080},{"@type":"BreadcrumbList","@id":"https:\/\/deputadotaveirajr.com.br\/index.php\/lei-proibe-descarte-de-vidro-junto-de-lixo-comum-em-natal-cacos-devem-ser-embalados-em-caixas-ou-garrafas\/#breadcrumb","itemListElement":[{"@type":"ListItem","position":1,"name":"In\u00edcio","item":"https:\/\/deputadotaveirajr.com.br\/"},{"@type":"ListItem","position":2,"name":"Lei pro\u00edbe descarte de vidro junto de lixo comum em Natal; cacos devem ser embalados em caixas ou garrafas"}]},{"@type":"WebSite","@id":"https:\/\/deputadotaveirajr.com.br\/#website","url":"https:\/\/deputadotaveirajr.com.br\/","name":"Taveira Jr","description":"Deputado Estadual","publisher":{"@id":"https:\/\/deputadotaveirajr.com.br\/#organization"},"potentialAction":[{"@type":"SearchAction","target":{"@type":"EntryPoint","urlTemplate":"https:\/\/deputadotaveirajr.com.br\/?s={search_term_string}"},"query-input":{"@type":"PropertyValueSpecification","valueRequired":true,"valueName":"search_term_string"}}],"inLanguage":"pt-BR"},{"@type":"Organization","@id":"https:\/\/deputadotaveirajr.com.br\/#organization","name":"Taveira Jr","url":"https:\/\/deputadotaveirajr.com.br\/","logo":{"@type":"ImageObject","inLanguage":"pt-BR","@id":"https:\/\/deputadotaveirajr.com.br\/#\/schema\/logo\/image\/","url":"https:\/\/deputadotaveirajr.com.br\/wp-content\/uploads\/2026\/01\/logolow2a.png","contentUrl":"https:\/\/deputadotaveirajr.com.br\/wp-content\/uploads\/2026\/01\/logolow2a.png","width":290,"height":80,"caption":"Taveira Jr"},"image":{"@id":"https:\/\/deputadotaveirajr.com.br\/#\/schema\/logo\/image\/"}}]}},"_links":{"self":[{"href":"https:\/\/deputadotaveirajr.com.br\/index.php\/wp-json\/wp\/v2\/pages\/14206","targetHints":{"allow":["GET"]}}],"collection":[{"href":"https:\/\/deputadotaveirajr.com.br\/index.php\/wp-json\/wp\/v2\/pages"}],"about":[{"href":"https:\/\/deputadotaveirajr.com.br\/index.php\/wp-json\/wp\/v2\/types\/page"}],"replies":[{"embeddable":true,"href":"https:\/\/deputadotaveirajr.com.br\/index.php\/wp-json\/wp\/v2\/comments?post=14206"}],"version-history":[{"count":0,"href":"https:\/\/deputadotaveirajr.com.br\/index.php\/wp-json\/wp\/v2\/pages\/14206\/revisions"}],"wp:featuredmedia":[{"embeddable":true,"href":"https:\/\/deputadotaveirajr.com.br\/index.php\/wp-json\/wp\/v2\/media\/14207"}],"wp:attachment":[{"href":"https:\/\/deputadotaveirajr.com.br\/index.php\/wp-json\/wp\/v2\/media?parent=14206"}],"curies":[{"name":"wp","href":"https:\/\/api.w.org\/{rel}","templated":true}]}}