{"id":14212,"date":"2025-09-30T18:43:41","date_gmt":"2025-09-30T21:43:41","guid":{"rendered":"https:\/\/deputadotaveirajr.com.br\/index.php\/ifrn-inscricoes-para-selecao-com-3-708-vagas-em-cursos-tecnicos-integrados-ao-ensino-medio-terminam-na-proxima-segunda-6\/"},"modified":"2025-09-30T18:43:41","modified_gmt":"2025-09-30T21:43:41","slug":"ifrn-inscricoes-para-selecao-com-3-708-vagas-em-cursos-tecnicos-integrados-ao-ensino-medio-terminam-na-proxima-segunda-6","status":"publish","type":"page","link":"https:\/\/deputadotaveirajr.com.br\/index.php\/ifrn-inscricoes-para-selecao-com-3-708-vagas-em-cursos-tecnicos-integrados-ao-ensino-medio-terminam-na-proxima-segunda-6\/","title":{"rendered":"IFRN: Inscri\u00e7\u00f5es para sele\u00e7\u00e3o com 3.708 vagas em cursos t\u00e9cnicos integrados ao Ensino M\u00e9dio terminam na pr\u00f3xima segunda (6)"},"content":{"rendered":"<p><img decoding=\"async\" src=\"https:\/\/s2-g1.glbimg.com\/QX58zlLQnz4lS7uPE22_cg12i5U=\/i.s3.glbimg.com\/v1\/AUTH_59edd422c0c84a879bd37670ae4f538a\/internal_photos\/bs\/2025\/0\/p\/uG0XviRPeFxxutOPqIVg\/ifrn-mossoro.jpg\" \/><br \/>     IFRN Mossor\u00f3<br \/>\nDivulga\u00e7\u00e3o<br \/>\nTerminam na pr\u00f3xima segunda-feira (6) as inscri\u00e7\u00f5es no processo seletivo para os Cursos T\u00e9cnicos Integrados ao Ensino M\u00e9dio do Instituto Federal do Rio Grande do Norte (IFRN), com ingresso em 2026.<br \/>\nAo todo, s\u00e3o ofertadas 3.708 vagas, distribu\u00eddas em 21 campi da institui\u00e7\u00e3o espalhados pelo estado.<br \/>\n\ud83d\udcf3 Clique aqui para seguir o canal do g1 RN no WhatsApp<br \/>\nO quadro de vagas contempla cursos em \u00e1reas como Inform\u00e1tica, Eletrot\u00e9cnica, Qu\u00edmica, Edifica\u00e7\u00f5es, Agropecu\u00e1ria, Alimentos, Minera\u00e7\u00e3o, entre outras forma\u00e7\u00f5es que integram ensino m\u00e9dio e t\u00e9cnico. A oferta est\u00e1 distribu\u00edda de acordo com o perfil de cada campus.<br \/>\nInscri\u00e7\u00f5es e isen\u00e7\u00e3o<br \/>\nAs inscri\u00e7\u00f5es podem ser feitas na p\u00e1gina da Funda\u00e7\u00e3o de Apoio \u00e0 Educa\u00e7\u00e3o e ao Desenvolvimento Tecnol\u00f3gico do RN (Funcern) &#8211; AQUI &#8211;  respons\u00e1vel por todas as etapas da sele\u00e7\u00e3o.<br \/>\nIFRN abre mais de 3 mil vagas de cursos t\u00e9cnicos<br \/>\nSobre a sele\u00e7\u00e3o<br \/>\nO processo seletivo ser\u00e1 composto por provas de L\u00edngua Portuguesa, Matem\u00e1tica e uma Produ\u00e7\u00e3o Textual Escrita, abrangendo conte\u00fados do Ensino Fundamental.<br \/>\nAs avalia\u00e7\u00f5es ter\u00e3o dura\u00e7\u00e3o de quatro horas e ser\u00e3o aplicadas nos munic\u00edpios onde funcionam os cursos. Os candidatos dever\u00e3o comparecer ao local de prova com documento oficial de identifica\u00e7\u00e3o e o cart\u00e3o de inscri\u00e7\u00e3o impresso.<br \/>\nAl\u00e9m da ampla concorr\u00eancia, o edital prev\u00ea reserva de vagas por meio da pol\u00edtica de cotas, contemplando estudantes de escolas p\u00fablicas, pessoas com defici\u00eancia, candidatos de baixa renda, quilombolas e autodeclarados pretos, pardos e ind\u00edgenas, conforme a legisla\u00e7\u00e3o vigente.<br \/>\nO resultado final levar\u00e1 em conta o desempenho nas provas objetivas e na produ\u00e7\u00e3o textual, com divulga\u00e7\u00e3o prevista para o dia 22 de dezembro deste ano nos portais do IFRN e da Funcern.<br \/>\nD\u00favidas e informa\u00e7\u00f5es sobre o processo seletivo podem ser esclarecidas pela Funcern, pelo e-mail: inscricoesifrn@funcern.br; ou pelo WhatsApp (84) 99172-8830, dispon\u00edvel de segunda a sexta-feira, das 8h \u00e0s 17h.<br \/>\nVeja os v\u00eddeos mais assistidos no g1 RN<\/p>","protected":false},"excerpt":{"rendered":"<p>IFRN Mossor\u00f3 Divulga\u00e7\u00e3o Terminam na pr\u00f3xima segunda-feira (6) as inscri\u00e7\u00f5es no processo seletivo para os Cursos T\u00e9cnicos Integrados ao Ensino M\u00e9dio do Instituto Federal do Rio Grande do Norte (IFRN), &#8230;<\/p>\n","protected":false},"author":0,"featured_media":14213,"parent":0,"menu_order":0,"comment_status":"closed","ping_status":"closed","template":"","meta":{"footnotes":""},"class_list":["post-14212","page","type-page","status-publish","has-post-thumbnail","hentry"],"yoast_head":"<!-- This site is optimized with the Yoast SEO plugin v27.1.1 - https:\/\/yoast.com\/product\/yoast-seo-wordpress\/ -->\n<title>IFRN: Inscri\u00e7\u00f5es para sele\u00e7\u00e3o com 3.708 vagas em cursos t\u00e9cnicos integrados ao Ensino M\u00e9dio terminam na pr\u00f3xima segunda (6) - Taveira Jr<\/title>\n<meta name=\"robots\" content=\"index, follow, max-snippet:-1, max-image-preview:large, max-video-preview:-1\" \/>\n<link rel=\"canonical\" href=\"https:\/\/deputadotaveirajr.com.br\/index.php\/ifrn-inscricoes-para-selecao-com-3-708-vagas-em-cursos-tecnicos-integrados-ao-ensino-medio-terminam-na-proxima-segunda-6\/\" \/>\n<meta property=\"og:locale\" content=\"pt_BR\" \/>\n<meta property=\"og:type\" content=\"article\" \/>\n<meta property=\"og:title\" content=\"IFRN: Inscri\u00e7\u00f5es para sele\u00e7\u00e3o com 3.708 vagas em cursos t\u00e9cnicos integrados ao Ensino M\u00e9dio terminam na pr\u00f3xima segunda (6) - Taveira Jr\" \/>\n<meta property=\"og:description\" content=\"IFRN Mossor\u00f3 Divulga\u00e7\u00e3o Terminam na pr\u00f3xima segunda-feira (6) as inscri\u00e7\u00f5es no processo seletivo para os Cursos T\u00e9cnicos Integrados ao Ensino M\u00e9dio do Instituto Federal do Rio Grande do Norte (IFRN), ...\" \/>\n<meta property=\"og:url\" content=\"https:\/\/deputadotaveirajr.com.br\/index.php\/ifrn-inscricoes-para-selecao-com-3-708-vagas-em-cursos-tecnicos-integrados-ao-ensino-medio-terminam-na-proxima-segunda-6\/\" \/>\n<meta property=\"og:site_name\" content=\"Taveira Jr\" \/>\n<meta property=\"og:image\" content=\"https:\/\/s2-g1.glbimg.com\/QX58zlLQnz4lS7uPE22_cg12i5U=\/i.s3.glbimg.com\/v1\/AUTH_59edd422c0c84a879bd37670ae4f538a\/internal_photos\/bs\/2025\/0\/p\/uG0XviRPeFxxutOPqIVg\/ifrn-mossoro.jpg\" \/>\n<meta name=\"twitter:card\" content=\"summary_large_image\" \/>\n<meta name=\"twitter:label1\" content=\"Est. tempo de leitura\" \/>\n\t<meta name=\"twitter:data1\" content=\"2 minutos\" \/>\n<script type=\"application\/ld+json\" class=\"yoast-schema-graph\">{\"@context\":\"https:\/\/schema.org\",\"@graph\":[{\"@type\":\"WebPage\",\"@id\":\"https:\/\/deputadotaveirajr.com.br\/index.php\/ifrn-inscricoes-para-selecao-com-3-708-vagas-em-cursos-tecnicos-integrados-ao-ensino-medio-terminam-na-proxima-segunda-6\/\",\"url\":\"https:\/\/deputadotaveirajr.com.br\/index.php\/ifrn-inscricoes-para-selecao-com-3-708-vagas-em-cursos-tecnicos-integrados-ao-ensino-medio-terminam-na-proxima-segunda-6\/\",\"name\":\"IFRN: Inscri\u00e7\u00f5es para sele\u00e7\u00e3o com 3.708 vagas em cursos t\u00e9cnicos integrados ao Ensino M\u00e9dio terminam na pr\u00f3xima segunda (6) - Taveira Jr\",\"isPartOf\":{\"@id\":\"https:\/\/deputadotaveirajr.com.br\/#website\"},\"primaryImageOfPage\":{\"@id\":\"https:\/\/deputadotaveirajr.com.br\/index.php\/ifrn-inscricoes-para-selecao-com-3-708-vagas-em-cursos-tecnicos-integrados-ao-ensino-medio-terminam-na-proxima-segunda-6\/#primaryimage\"},\"image\":{\"@id\":\"https:\/\/deputadotaveirajr.com.br\/index.php\/ifrn-inscricoes-para-selecao-com-3-708-vagas-em-cursos-tecnicos-integrados-ao-ensino-medio-terminam-na-proxima-segunda-6\/#primaryimage\"},\"thumbnailUrl\":\"https:\/\/deputadotaveirajr.com.br\/wp-content\/uploads\/2025\/09\/ifrn-mossoro-wDLMcz.jpg\",\"datePublished\":\"2025-09-30T21:43:41+00:00\",\"breadcrumb\":{\"@id\":\"https:\/\/deputadotaveirajr.com.br\/index.php\/ifrn-inscricoes-para-selecao-com-3-708-vagas-em-cursos-tecnicos-integrados-ao-ensino-medio-terminam-na-proxima-segunda-6\/#breadcrumb\"},\"inLanguage\":\"pt-BR\",\"potentialAction\":[{\"@type\":\"ReadAction\",\"target\":[\"https:\/\/deputadotaveirajr.com.br\/index.php\/ifrn-inscricoes-para-selecao-com-3-708-vagas-em-cursos-tecnicos-integrados-ao-ensino-medio-terminam-na-proxima-segunda-6\/\"]}]},{\"@type\":\"ImageObject\",\"inLanguage\":\"pt-BR\",\"@id\":\"https:\/\/deputadotaveirajr.com.br\/index.php\/ifrn-inscricoes-para-selecao-com-3-708-vagas-em-cursos-tecnicos-integrados-ao-ensino-medio-terminam-na-proxima-segunda-6\/#primaryimage\",\"url\":\"https:\/\/deputadotaveirajr.com.br\/wp-content\/uploads\/2025\/09\/ifrn-mossoro-wDLMcz.jpg\",\"contentUrl\":\"https:\/\/deputadotaveirajr.com.br\/wp-content\/uploads\/2025\/09\/ifrn-mossoro-wDLMcz.jpg\",\"width\":1200,\"height\":568},{\"@type\":\"BreadcrumbList\",\"@id\":\"https:\/\/deputadotaveirajr.com.br\/index.php\/ifrn-inscricoes-para-selecao-com-3-708-vagas-em-cursos-tecnicos-integrados-ao-ensino-medio-terminam-na-proxima-segunda-6\/#breadcrumb\",\"itemListElement\":[{\"@type\":\"ListItem\",\"position\":1,\"name\":\"In\u00edcio\",\"item\":\"https:\/\/deputadotaveirajr.com.br\/\"},{\"@type\":\"ListItem\",\"position\":2,\"name\":\"IFRN: Inscri\u00e7\u00f5es para sele\u00e7\u00e3o com 3.708 vagas em cursos t\u00e9cnicos integrados ao Ensino M\u00e9dio terminam na pr\u00f3xima segunda (6)\"}]},{\"@type\":\"WebSite\",\"@id\":\"https:\/\/deputadotaveirajr.com.br\/#website\",\"url\":\"https:\/\/deputadotaveirajr.com.br\/\",\"name\":\"Taveira Jr\",\"description\":\"Deputado Estadual\",\"publisher\":{\"@id\":\"https:\/\/deputadotaveirajr.com.br\/#organization\"},\"potentialAction\":[{\"@type\":\"SearchAction\",\"target\":{\"@type\":\"EntryPoint\",\"urlTemplate\":\"https:\/\/deputadotaveirajr.com.br\/?s={search_term_string}\"},\"query-input\":{\"@type\":\"PropertyValueSpecification\",\"valueRequired\":true,\"valueName\":\"search_term_string\"}}],\"inLanguage\":\"pt-BR\"},{\"@type\":\"Organization\",\"@id\":\"https:\/\/deputadotaveirajr.com.br\/#organization\",\"name\":\"Taveira Jr\",\"url\":\"https:\/\/deputadotaveirajr.com.br\/\",\"logo\":{\"@type\":\"ImageObject\",\"inLanguage\":\"pt-BR\",\"@id\":\"https:\/\/deputadotaveirajr.com.br\/#\/schema\/logo\/image\/\",\"url\":\"https:\/\/deputadotaveirajr.com.br\/wp-content\/uploads\/2026\/01\/logolow2a.png\",\"contentUrl\":\"https:\/\/deputadotaveirajr.com.br\/wp-content\/uploads\/2026\/01\/logolow2a.png\",\"width\":290,\"height\":80,\"caption\":\"Taveira Jr\"},\"image\":{\"@id\":\"https:\/\/deputadotaveirajr.com.br\/#\/schema\/logo\/image\/\"}}]}<\/script>\n<!-- \/ Yoast SEO plugin. -->","yoast_head_json":{"title":"IFRN: Inscri\u00e7\u00f5es para sele\u00e7\u00e3o com 3.708 vagas em cursos t\u00e9cnicos integrados ao Ensino M\u00e9dio terminam na pr\u00f3xima segunda (6) - Taveira Jr","robots":{"index":"index","follow":"follow","max-snippet":"max-snippet:-1","max-image-preview":"max-image-preview:large","max-video-preview":"max-video-preview:-1"},"canonical":"https:\/\/deputadotaveirajr.com.br\/index.php\/ifrn-inscricoes-para-selecao-com-3-708-vagas-em-cursos-tecnicos-integrados-ao-ensino-medio-terminam-na-proxima-segunda-6\/","og_locale":"pt_BR","og_type":"article","og_title":"IFRN: Inscri\u00e7\u00f5es para sele\u00e7\u00e3o com 3.708 vagas em cursos t\u00e9cnicos integrados ao Ensino M\u00e9dio terminam na pr\u00f3xima segunda (6) - Taveira Jr","og_description":"IFRN Mossor\u00f3 Divulga\u00e7\u00e3o Terminam na pr\u00f3xima segunda-feira (6) as inscri\u00e7\u00f5es no processo seletivo para os Cursos T\u00e9cnicos Integrados ao Ensino M\u00e9dio do Instituto Federal do Rio Grande do Norte (IFRN), ...","og_url":"https:\/\/deputadotaveirajr.com.br\/index.php\/ifrn-inscricoes-para-selecao-com-3-708-vagas-em-cursos-tecnicos-integrados-ao-ensino-medio-terminam-na-proxima-segunda-6\/","og_site_name":"Taveira Jr","og_image":[{"url":"https:\/\/s2-g1.glbimg.com\/QX58zlLQnz4lS7uPE22_cg12i5U=\/i.s3.glbimg.com\/v1\/AUTH_59edd422c0c84a879bd37670ae4f538a\/internal_photos\/bs\/2025\/0\/p\/uG0XviRPeFxxutOPqIVg\/ifrn-mossoro.jpg","type":"","width":"","height":""}],"twitter_card":"summary_large_image","twitter_misc":{"Est. tempo de leitura":"2 minutos"},"schema":{"@context":"https:\/\/schema.org","@graph":[{"@type":"WebPage","@id":"https:\/\/deputadotaveirajr.com.br\/index.php\/ifrn-inscricoes-para-selecao-com-3-708-vagas-em-cursos-tecnicos-integrados-ao-ensino-medio-terminam-na-proxima-segunda-6\/","url":"https:\/\/deputadotaveirajr.com.br\/index.php\/ifrn-inscricoes-para-selecao-com-3-708-vagas-em-cursos-tecnicos-integrados-ao-ensino-medio-terminam-na-proxima-segunda-6\/","name":"IFRN: Inscri\u00e7\u00f5es para sele\u00e7\u00e3o com 3.708 vagas em cursos t\u00e9cnicos integrados ao Ensino M\u00e9dio terminam na pr\u00f3xima segunda (6) - Taveira Jr","isPartOf":{"@id":"https:\/\/deputadotaveirajr.com.br\/#website"},"primaryImageOfPage":{"@id":"https:\/\/deputadotaveirajr.com.br\/index.php\/ifrn-inscricoes-para-selecao-com-3-708-vagas-em-cursos-tecnicos-integrados-ao-ensino-medio-terminam-na-proxima-segunda-6\/#primaryimage"},"image":{"@id":"https:\/\/deputadotaveirajr.com.br\/index.php\/ifrn-inscricoes-para-selecao-com-3-708-vagas-em-cursos-tecnicos-integrados-ao-ensino-medio-terminam-na-proxima-segunda-6\/#primaryimage"},"thumbnailUrl":"https:\/\/deputadotaveirajr.com.br\/wp-content\/uploads\/2025\/09\/ifrn-mossoro-wDLMcz.jpg","datePublished":"2025-09-30T21:43:41+00:00","breadcrumb":{"@id":"https:\/\/deputadotaveirajr.com.br\/index.php\/ifrn-inscricoes-para-selecao-com-3-708-vagas-em-cursos-tecnicos-integrados-ao-ensino-medio-terminam-na-proxima-segunda-6\/#breadcrumb"},"inLanguage":"pt-BR","potentialAction":[{"@type":"ReadAction","target":["https:\/\/deputadotaveirajr.com.br\/index.php\/ifrn-inscricoes-para-selecao-com-3-708-vagas-em-cursos-tecnicos-integrados-ao-ensino-medio-terminam-na-proxima-segunda-6\/"]}]},{"@type":"ImageObject","inLanguage":"pt-BR","@id":"https:\/\/deputadotaveirajr.com.br\/index.php\/ifrn-inscricoes-para-selecao-com-3-708-vagas-em-cursos-tecnicos-integrados-ao-ensino-medio-terminam-na-proxima-segunda-6\/#primaryimage","url":"https:\/\/deputadotaveirajr.com.br\/wp-content\/uploads\/2025\/09\/ifrn-mossoro-wDLMcz.jpg","contentUrl":"https:\/\/deputadotaveirajr.com.br\/wp-content\/uploads\/2025\/09\/ifrn-mossoro-wDLMcz.jpg","width":1200,"height":568},{"@type":"BreadcrumbList","@id":"https:\/\/deputadotaveirajr.com.br\/index.php\/ifrn-inscricoes-para-selecao-com-3-708-vagas-em-cursos-tecnicos-integrados-ao-ensino-medio-terminam-na-proxima-segunda-6\/#breadcrumb","itemListElement":[{"@type":"ListItem","position":1,"name":"In\u00edcio","item":"https:\/\/deputadotaveirajr.com.br\/"},{"@type":"ListItem","position":2,"name":"IFRN: Inscri\u00e7\u00f5es para sele\u00e7\u00e3o com 3.708 vagas em cursos t\u00e9cnicos integrados ao Ensino M\u00e9dio terminam na pr\u00f3xima segunda (6)"}]},{"@type":"WebSite","@id":"https:\/\/deputadotaveirajr.com.br\/#website","url":"https:\/\/deputadotaveirajr.com.br\/","name":"Taveira Jr","description":"Deputado Estadual","publisher":{"@id":"https:\/\/deputadotaveirajr.com.br\/#organization"},"potentialAction":[{"@type":"SearchAction","target":{"@type":"EntryPoint","urlTemplate":"https:\/\/deputadotaveirajr.com.br\/?s={search_term_string}"},"query-input":{"@type":"PropertyValueSpecification","valueRequired":true,"valueName":"search_term_string"}}],"inLanguage":"pt-BR"},{"@type":"Organization","@id":"https:\/\/deputadotaveirajr.com.br\/#organization","name":"Taveira Jr","url":"https:\/\/deputadotaveirajr.com.br\/","logo":{"@type":"ImageObject","inLanguage":"pt-BR","@id":"https:\/\/deputadotaveirajr.com.br\/#\/schema\/logo\/image\/","url":"https:\/\/deputadotaveirajr.com.br\/wp-content\/uploads\/2026\/01\/logolow2a.png","contentUrl":"https:\/\/deputadotaveirajr.com.br\/wp-content\/uploads\/2026\/01\/logolow2a.png","width":290,"height":80,"caption":"Taveira Jr"},"image":{"@id":"https:\/\/deputadotaveirajr.com.br\/#\/schema\/logo\/image\/"}}]}},"_links":{"self":[{"href":"https:\/\/deputadotaveirajr.com.br\/index.php\/wp-json\/wp\/v2\/pages\/14212","targetHints":{"allow":["GET"]}}],"collection":[{"href":"https:\/\/deputadotaveirajr.com.br\/index.php\/wp-json\/wp\/v2\/pages"}],"about":[{"href":"https:\/\/deputadotaveirajr.com.br\/index.php\/wp-json\/wp\/v2\/types\/page"}],"replies":[{"embeddable":true,"href":"https:\/\/deputadotaveirajr.com.br\/index.php\/wp-json\/wp\/v2\/comments?post=14212"}],"version-history":[{"count":0,"href":"https:\/\/deputadotaveirajr.com.br\/index.php\/wp-json\/wp\/v2\/pages\/14212\/revisions"}],"wp:featuredmedia":[{"embeddable":true,"href":"https:\/\/deputadotaveirajr.com.br\/index.php\/wp-json\/wp\/v2\/media\/14213"}],"wp:attachment":[{"href":"https:\/\/deputadotaveirajr.com.br\/index.php\/wp-json\/wp\/v2\/media?parent=14212"}],"curies":[{"name":"wp","href":"https:\/\/api.w.org\/{rel}","templated":true}]}}