{"id":14214,"date":"2025-09-30T16:57:32","date_gmt":"2025-09-30T19:57:32","guid":{"rendered":"https:\/\/deputadotaveirajr.com.br\/index.php\/projeto-capacita-mao-de-obra-para-a-construcao-civil-no-rn-veja-como-se-inscrever\/"},"modified":"2025-09-30T16:57:32","modified_gmt":"2025-09-30T19:57:32","slug":"projeto-capacita-mao-de-obra-para-a-construcao-civil-no-rn-veja-como-se-inscrever","status":"publish","type":"page","link":"https:\/\/deputadotaveirajr.com.br\/index.php\/projeto-capacita-mao-de-obra-para-a-construcao-civil-no-rn-veja-como-se-inscrever\/","title":{"rendered":"Projeto capacita m\u00e3o de obra para a constru\u00e7\u00e3o civil no RN; veja como se inscrever"},"content":{"rendered":"<p><img decoding=\"async\" src=\"https:\/\/s2-g1.glbimg.com\/_pFRkUIsyInIIrpOZ6CdTzjYClM=\/i.s3.glbimg.com\/v1\/AUTH_59edd422c0c84a879bd37670ae4f538a\/internal_photos\/bs\/2025\/U\/x\/22MUn3SA29b592ojGEmQ\/construcao-3.jpg\" \/><br \/>     Constru\u00e7\u00e3o civil: pilares que sustentam o desenvolvimento do pa\u00eds<br \/>\nAugusto C\u00e9sar Gomes<br \/>\nCursos gratuitos ou com taxas reduzidas voltados para jovens em busca do primeiro emprego e trabalhadores que querem se reposicionar no mercado fazem parte de uma nova iniciativa lan\u00e7ada no Rio Grande do Norte nesta ter\u00e7a-feira (30).<br \/>\nO Sindicato da Ind\u00fastria da Constru\u00e7\u00e3o Civil do RN (Sinduscon\/RN) e o Servi\u00e7o Nacional de Aprendizagem Industrial do RN (Senai\/RN) anunciaram o projeto &#8220;Valorizando o Futuro da Constru\u00e7\u00e3o Civil&#8221;, com objetivo de enfrentar a escassez de m\u00e3o de obra qualificada no setor de constru\u00e7\u00e3o.<br \/>\n\ud83d\udcf3 Clique aqui para seguir o canal do g1 RN no WhatsApp<br \/>\nDe acordo com dados da C\u00e2mara Brasileira da Ind\u00fastria da Constru\u00e7\u00e3o (CBIC), mais de 60% das construtoras no pa\u00eds relatam dificuldades em contratar profissionais capacitados, o que impacta diretamente na produtividade, prazos e a qualidade das obras.<br \/>\nSegundo o Sinduscon, essa realidade se reflete tamb\u00e9m no RN. Por isso, o programa oferece cursos de capacita\u00e7\u00e3o t\u00e9cnica com certifica\u00e7\u00e3o do Senai\/RN.<br \/>\nAl\u00e9m da forma\u00e7\u00e3o de qualidade, os participantes ter\u00e3o acesso a encaminhamento para vagas, atualiza\u00e7\u00e3o em canteiros de obras e reconhecimento profissional em eventos do setor.<br \/>\nO programa tamb\u00e9m visa inclus\u00e3o e diversidade no setor, ampliando oportunidades para mulheres e grupos historicamente sub-representados na constru\u00e7\u00e3o civil.<br \/>\n&#8220;A constru\u00e7\u00e3o civil \u00e9 um setor estrat\u00e9gico para o crescimento do estado. Com este projeto, queremos aproximar os jovens, quebrar estere\u00f3tipos e mostrar que a nossa \u00e1rea \u00e9 um caminho s\u00f3lido de oportunidades, inova\u00e7\u00e3o e valoriza\u00e7\u00e3o profissional\u201d, disse S\u00e9rgio Azevedo, presidente do Sinduscon\/RN.<br \/>\nInscri\u00e7\u00f5es<br \/>\nAs inscri\u00e7\u00f5es j\u00e1 est\u00e3o abertas e podem ser feitas atrav\u00e9s do site oficial do projeto (aqui).<br \/>\nSegundo o Sinduscon, mais informa\u00e7\u00f5es ser\u00e3o divulgadas no site oficial do projeto.<br \/>\nFalta de m\u00e3o de obra na constru\u00e7\u00e3o civil pressiona custos e prazos<br \/>\nVeja os v\u00eddeos mais assistidos no g1 RN<\/p>","protected":false},"excerpt":{"rendered":"<p>Constru\u00e7\u00e3o civil: pilares que sustentam o desenvolvimento do pa\u00eds Augusto C\u00e9sar Gomes Cursos gratuitos ou com taxas reduzidas voltados para jovens em busca do primeiro emprego e trabalhadores que querem &#8230;<\/p>\n","protected":false},"author":0,"featured_media":14215,"parent":0,"menu_order":0,"comment_status":"closed","ping_status":"closed","template":"","meta":{"footnotes":""},"class_list":["post-14214","page","type-page","status-publish","has-post-thumbnail","hentry"],"yoast_head":"<!-- This site is optimized with the Yoast SEO plugin v27.1.1 - https:\/\/yoast.com\/product\/yoast-seo-wordpress\/ -->\n<title>Projeto capacita m\u00e3o de obra para a constru\u00e7\u00e3o civil no RN; veja como se inscrever - Taveira Jr<\/title>\n<meta name=\"robots\" content=\"index, follow, max-snippet:-1, max-image-preview:large, max-video-preview:-1\" \/>\n<link rel=\"canonical\" href=\"https:\/\/deputadotaveirajr.com.br\/index.php\/projeto-capacita-mao-de-obra-para-a-construcao-civil-no-rn-veja-como-se-inscrever\/\" \/>\n<meta property=\"og:locale\" content=\"pt_BR\" \/>\n<meta property=\"og:type\" content=\"article\" \/>\n<meta property=\"og:title\" content=\"Projeto capacita m\u00e3o de obra para a constru\u00e7\u00e3o civil no RN; veja como se inscrever - Taveira Jr\" \/>\n<meta property=\"og:description\" content=\"Constru\u00e7\u00e3o civil: pilares que sustentam o desenvolvimento do pa\u00eds Augusto C\u00e9sar Gomes Cursos gratuitos ou com taxas reduzidas voltados para jovens em busca do primeiro emprego e trabalhadores que querem ...\" \/>\n<meta property=\"og:url\" content=\"https:\/\/deputadotaveirajr.com.br\/index.php\/projeto-capacita-mao-de-obra-para-a-construcao-civil-no-rn-veja-como-se-inscrever\/\" \/>\n<meta property=\"og:site_name\" content=\"Taveira Jr\" \/>\n<meta property=\"og:image\" content=\"https:\/\/s2-g1.glbimg.com\/_pFRkUIsyInIIrpOZ6CdTzjYClM=\/i.s3.glbimg.com\/v1\/AUTH_59edd422c0c84a879bd37670ae4f538a\/internal_photos\/bs\/2025\/U\/x\/22MUn3SA29b592ojGEmQ\/construcao-3.jpg\" \/>\n<meta name=\"twitter:card\" content=\"summary_large_image\" \/>\n<meta name=\"twitter:label1\" content=\"Est. tempo de leitura\" \/>\n\t<meta name=\"twitter:data1\" content=\"2 minutos\" \/>\n<script type=\"application\/ld+json\" class=\"yoast-schema-graph\">{\"@context\":\"https:\/\/schema.org\",\"@graph\":[{\"@type\":\"WebPage\",\"@id\":\"https:\/\/deputadotaveirajr.com.br\/index.php\/projeto-capacita-mao-de-obra-para-a-construcao-civil-no-rn-veja-como-se-inscrever\/\",\"url\":\"https:\/\/deputadotaveirajr.com.br\/index.php\/projeto-capacita-mao-de-obra-para-a-construcao-civil-no-rn-veja-como-se-inscrever\/\",\"name\":\"Projeto capacita m\u00e3o de obra para a constru\u00e7\u00e3o civil no RN; veja como se inscrever - Taveira Jr\",\"isPartOf\":{\"@id\":\"https:\/\/deputadotaveirajr.com.br\/#website\"},\"primaryImageOfPage\":{\"@id\":\"https:\/\/deputadotaveirajr.com.br\/index.php\/projeto-capacita-mao-de-obra-para-a-construcao-civil-no-rn-veja-como-se-inscrever\/#primaryimage\"},\"image\":{\"@id\":\"https:\/\/deputadotaveirajr.com.br\/index.php\/projeto-capacita-mao-de-obra-para-a-construcao-civil-no-rn-veja-como-se-inscrever\/#primaryimage\"},\"thumbnailUrl\":\"https:\/\/deputadotaveirajr.com.br\/wp-content\/uploads\/2025\/09\/construcao-3-uXyJyt-scaled.jpg\",\"datePublished\":\"2025-09-30T19:57:32+00:00\",\"breadcrumb\":{\"@id\":\"https:\/\/deputadotaveirajr.com.br\/index.php\/projeto-capacita-mao-de-obra-para-a-construcao-civil-no-rn-veja-como-se-inscrever\/#breadcrumb\"},\"inLanguage\":\"pt-BR\",\"potentialAction\":[{\"@type\":\"ReadAction\",\"target\":[\"https:\/\/deputadotaveirajr.com.br\/index.php\/projeto-capacita-mao-de-obra-para-a-construcao-civil-no-rn-veja-como-se-inscrever\/\"]}]},{\"@type\":\"ImageObject\",\"inLanguage\":\"pt-BR\",\"@id\":\"https:\/\/deputadotaveirajr.com.br\/index.php\/projeto-capacita-mao-de-obra-para-a-construcao-civil-no-rn-veja-como-se-inscrever\/#primaryimage\",\"url\":\"https:\/\/deputadotaveirajr.com.br\/wp-content\/uploads\/2025\/09\/construcao-3-uXyJyt-scaled.jpg\",\"contentUrl\":\"https:\/\/deputadotaveirajr.com.br\/wp-content\/uploads\/2025\/09\/construcao-3-uXyJyt-scaled.jpg\",\"width\":2560,\"height\":2387},{\"@type\":\"BreadcrumbList\",\"@id\":\"https:\/\/deputadotaveirajr.com.br\/index.php\/projeto-capacita-mao-de-obra-para-a-construcao-civil-no-rn-veja-como-se-inscrever\/#breadcrumb\",\"itemListElement\":[{\"@type\":\"ListItem\",\"position\":1,\"name\":\"In\u00edcio\",\"item\":\"https:\/\/deputadotaveirajr.com.br\/\"},{\"@type\":\"ListItem\",\"position\":2,\"name\":\"Projeto capacita m\u00e3o de obra para a constru\u00e7\u00e3o civil no RN; veja como se inscrever\"}]},{\"@type\":\"WebSite\",\"@id\":\"https:\/\/deputadotaveirajr.com.br\/#website\",\"url\":\"https:\/\/deputadotaveirajr.com.br\/\",\"name\":\"Taveira Jr\",\"description\":\"Deputado Estadual\",\"publisher\":{\"@id\":\"https:\/\/deputadotaveirajr.com.br\/#organization\"},\"potentialAction\":[{\"@type\":\"SearchAction\",\"target\":{\"@type\":\"EntryPoint\",\"urlTemplate\":\"https:\/\/deputadotaveirajr.com.br\/?s={search_term_string}\"},\"query-input\":{\"@type\":\"PropertyValueSpecification\",\"valueRequired\":true,\"valueName\":\"search_term_string\"}}],\"inLanguage\":\"pt-BR\"},{\"@type\":\"Organization\",\"@id\":\"https:\/\/deputadotaveirajr.com.br\/#organization\",\"name\":\"Taveira Jr\",\"url\":\"https:\/\/deputadotaveirajr.com.br\/\",\"logo\":{\"@type\":\"ImageObject\",\"inLanguage\":\"pt-BR\",\"@id\":\"https:\/\/deputadotaveirajr.com.br\/#\/schema\/logo\/image\/\",\"url\":\"https:\/\/deputadotaveirajr.com.br\/wp-content\/uploads\/2026\/01\/logolow2a.png\",\"contentUrl\":\"https:\/\/deputadotaveirajr.com.br\/wp-content\/uploads\/2026\/01\/logolow2a.png\",\"width\":290,\"height\":80,\"caption\":\"Taveira Jr\"},\"image\":{\"@id\":\"https:\/\/deputadotaveirajr.com.br\/#\/schema\/logo\/image\/\"}}]}<\/script>\n<!-- \/ Yoast SEO plugin. -->","yoast_head_json":{"title":"Projeto capacita m\u00e3o de obra para a constru\u00e7\u00e3o civil no RN; veja como se inscrever - Taveira Jr","robots":{"index":"index","follow":"follow","max-snippet":"max-snippet:-1","max-image-preview":"max-image-preview:large","max-video-preview":"max-video-preview:-1"},"canonical":"https:\/\/deputadotaveirajr.com.br\/index.php\/projeto-capacita-mao-de-obra-para-a-construcao-civil-no-rn-veja-como-se-inscrever\/","og_locale":"pt_BR","og_type":"article","og_title":"Projeto capacita m\u00e3o de obra para a constru\u00e7\u00e3o civil no RN; veja como se inscrever - Taveira Jr","og_description":"Constru\u00e7\u00e3o civil: pilares que sustentam o desenvolvimento do pa\u00eds Augusto C\u00e9sar Gomes Cursos gratuitos ou com taxas reduzidas voltados para jovens em busca do primeiro emprego e trabalhadores que querem ...","og_url":"https:\/\/deputadotaveirajr.com.br\/index.php\/projeto-capacita-mao-de-obra-para-a-construcao-civil-no-rn-veja-como-se-inscrever\/","og_site_name":"Taveira Jr","og_image":[{"url":"https:\/\/s2-g1.glbimg.com\/_pFRkUIsyInIIrpOZ6CdTzjYClM=\/i.s3.glbimg.com\/v1\/AUTH_59edd422c0c84a879bd37670ae4f538a\/internal_photos\/bs\/2025\/U\/x\/22MUn3SA29b592ojGEmQ\/construcao-3.jpg","type":"","width":"","height":""}],"twitter_card":"summary_large_image","twitter_misc":{"Est. tempo de leitura":"2 minutos"},"schema":{"@context":"https:\/\/schema.org","@graph":[{"@type":"WebPage","@id":"https:\/\/deputadotaveirajr.com.br\/index.php\/projeto-capacita-mao-de-obra-para-a-construcao-civil-no-rn-veja-como-se-inscrever\/","url":"https:\/\/deputadotaveirajr.com.br\/index.php\/projeto-capacita-mao-de-obra-para-a-construcao-civil-no-rn-veja-como-se-inscrever\/","name":"Projeto capacita m\u00e3o de obra para a constru\u00e7\u00e3o civil no RN; veja como se inscrever - Taveira Jr","isPartOf":{"@id":"https:\/\/deputadotaveirajr.com.br\/#website"},"primaryImageOfPage":{"@id":"https:\/\/deputadotaveirajr.com.br\/index.php\/projeto-capacita-mao-de-obra-para-a-construcao-civil-no-rn-veja-como-se-inscrever\/#primaryimage"},"image":{"@id":"https:\/\/deputadotaveirajr.com.br\/index.php\/projeto-capacita-mao-de-obra-para-a-construcao-civil-no-rn-veja-como-se-inscrever\/#primaryimage"},"thumbnailUrl":"https:\/\/deputadotaveirajr.com.br\/wp-content\/uploads\/2025\/09\/construcao-3-uXyJyt-scaled.jpg","datePublished":"2025-09-30T19:57:32+00:00","breadcrumb":{"@id":"https:\/\/deputadotaveirajr.com.br\/index.php\/projeto-capacita-mao-de-obra-para-a-construcao-civil-no-rn-veja-como-se-inscrever\/#breadcrumb"},"inLanguage":"pt-BR","potentialAction":[{"@type":"ReadAction","target":["https:\/\/deputadotaveirajr.com.br\/index.php\/projeto-capacita-mao-de-obra-para-a-construcao-civil-no-rn-veja-como-se-inscrever\/"]}]},{"@type":"ImageObject","inLanguage":"pt-BR","@id":"https:\/\/deputadotaveirajr.com.br\/index.php\/projeto-capacita-mao-de-obra-para-a-construcao-civil-no-rn-veja-como-se-inscrever\/#primaryimage","url":"https:\/\/deputadotaveirajr.com.br\/wp-content\/uploads\/2025\/09\/construcao-3-uXyJyt-scaled.jpg","contentUrl":"https:\/\/deputadotaveirajr.com.br\/wp-content\/uploads\/2025\/09\/construcao-3-uXyJyt-scaled.jpg","width":2560,"height":2387},{"@type":"BreadcrumbList","@id":"https:\/\/deputadotaveirajr.com.br\/index.php\/projeto-capacita-mao-de-obra-para-a-construcao-civil-no-rn-veja-como-se-inscrever\/#breadcrumb","itemListElement":[{"@type":"ListItem","position":1,"name":"In\u00edcio","item":"https:\/\/deputadotaveirajr.com.br\/"},{"@type":"ListItem","position":2,"name":"Projeto capacita m\u00e3o de obra para a constru\u00e7\u00e3o civil no RN; veja como se inscrever"}]},{"@type":"WebSite","@id":"https:\/\/deputadotaveirajr.com.br\/#website","url":"https:\/\/deputadotaveirajr.com.br\/","name":"Taveira Jr","description":"Deputado Estadual","publisher":{"@id":"https:\/\/deputadotaveirajr.com.br\/#organization"},"potentialAction":[{"@type":"SearchAction","target":{"@type":"EntryPoint","urlTemplate":"https:\/\/deputadotaveirajr.com.br\/?s={search_term_string}"},"query-input":{"@type":"PropertyValueSpecification","valueRequired":true,"valueName":"search_term_string"}}],"inLanguage":"pt-BR"},{"@type":"Organization","@id":"https:\/\/deputadotaveirajr.com.br\/#organization","name":"Taveira Jr","url":"https:\/\/deputadotaveirajr.com.br\/","logo":{"@type":"ImageObject","inLanguage":"pt-BR","@id":"https:\/\/deputadotaveirajr.com.br\/#\/schema\/logo\/image\/","url":"https:\/\/deputadotaveirajr.com.br\/wp-content\/uploads\/2026\/01\/logolow2a.png","contentUrl":"https:\/\/deputadotaveirajr.com.br\/wp-content\/uploads\/2026\/01\/logolow2a.png","width":290,"height":80,"caption":"Taveira Jr"},"image":{"@id":"https:\/\/deputadotaveirajr.com.br\/#\/schema\/logo\/image\/"}}]}},"_links":{"self":[{"href":"https:\/\/deputadotaveirajr.com.br\/index.php\/wp-json\/wp\/v2\/pages\/14214","targetHints":{"allow":["GET"]}}],"collection":[{"href":"https:\/\/deputadotaveirajr.com.br\/index.php\/wp-json\/wp\/v2\/pages"}],"about":[{"href":"https:\/\/deputadotaveirajr.com.br\/index.php\/wp-json\/wp\/v2\/types\/page"}],"replies":[{"embeddable":true,"href":"https:\/\/deputadotaveirajr.com.br\/index.php\/wp-json\/wp\/v2\/comments?post=14214"}],"version-history":[{"count":0,"href":"https:\/\/deputadotaveirajr.com.br\/index.php\/wp-json\/wp\/v2\/pages\/14214\/revisions"}],"wp:featuredmedia":[{"embeddable":true,"href":"https:\/\/deputadotaveirajr.com.br\/index.php\/wp-json\/wp\/v2\/media\/14215"}],"wp:attachment":[{"href":"https:\/\/deputadotaveirajr.com.br\/index.php\/wp-json\/wp\/v2\/media?parent=14214"}],"curies":[{"name":"wp","href":"https:\/\/api.w.org\/{rel}","templated":true}]}}