{"id":14223,"date":"2025-10-03T19:04:41","date_gmt":"2025-10-03T22:04:41","guid":{"rendered":"https:\/\/deputadotaveirajr.com.br\/index.php\/lei-no-rn-cria-punicoes-para-casos-de-violencia-fisica-ou-psicologica-no-adestramento-de-animais\/"},"modified":"2025-10-03T19:04:41","modified_gmt":"2025-10-03T22:04:41","slug":"lei-no-rn-cria-punicoes-para-casos-de-violencia-fisica-ou-psicologica-no-adestramento-de-animais","status":"publish","type":"page","link":"https:\/\/deputadotaveirajr.com.br\/index.php\/lei-no-rn-cria-punicoes-para-casos-de-violencia-fisica-ou-psicologica-no-adestramento-de-animais\/","title":{"rendered":"Lei no RN cria puni\u00e7\u00f5es para casos de viol\u00eancia f\u00edsica ou psicol\u00f3gica no adestramento de animais"},"content":{"rendered":"<p><img decoding=\"async\" src=\"https:\/\/s2-g1.glbimg.com\/wEMy4OQwrysSvgyTn-CcJXlwE9E=\/i.s3.glbimg.com\/v1\/AUTH_59edd422c0c84a879bd37670ae4f538a\/internal_photos\/bs\/2025\/T\/U\/Ca12eMRkajPtSUlTzTlQ\/cachorrinho-sentado-perto-das-pernas-dono-no-parque-de-verao.jpg\" \/><br \/>     Adestramento de c\u00e3es: Saiba o que pode levar os animais a comportamentos agressivos<br \/>\nUma lei sancionada pelo governo do Rio Grande do Norte estabeleceu san\u00e7\u00f5es administrativas para casos de viol\u00eancia f\u00edsica ou psicol\u00f3gica no adestramento de animais dom\u00e9sticos no estado.<br \/>\nA lei foi publicada na edi\u00e7\u00e3o desta sexta-feira (3) do Di\u00e1rio Oficial do Estado (DOE) e entra em vigor ap\u00f3s 60 dias.<br \/>\n\ud83d\udcf3 Clique aqui para seguir o canal do g1 RN no WhatsApp<br \/>\nS\u00e3o consideradas, segundo a lei:<br \/>\n viol\u00eancia f\u00edsica &#8211; toda a\u00e7\u00e3o ou omiss\u00e3o que comprometa a integridade corporal do animal, ocasio-nando dor, desconforto, les\u00f5es ou ferimentos;<br \/>\n viol\u00eancia psicol\u00f3gica &#8211; toda a\u00e7\u00e3o ou omiss\u00e3o que afete a integridade emocional do animal, cau-sando medo, estresse, sofrimento ou ansiedade, inclusive a que impe\u00e7a o exerc\u00edcio de comportamentos naturais da esp\u00e9cie.<br \/>\nSegundo a lei, \u00e9 configurada como viol\u00eancia f\u00edsica ou psicol\u00f3gica &#8220;qualquer ato que se caracterize como maus-tratos, conforme o disposto no art. 32 da Lei Federal n\u00ba 9.605, de 12 de fevereiro de 1998, e na Resolu\u00e7\u00e3o n\u00ba 1.236, de 26 de outubro de 2018, do Conselho Federal de Medicina Veterin\u00e1ria&#8221;.<br \/>\nCachorro c\u00e3o adestrado adestramento treinado<br \/>\nArtPhoto_studio\/Freepik<br \/>\nPuni\u00e7\u00f5es<br \/>\nO descumprimento da lei prev\u00ea a aplica\u00e7\u00e3o de san\u00e7\u00f5es de forma cumulativa, ou seja, sem anular outras penalidades de natureza civil, penal ou administrativa previstas em outras legisla\u00e7\u00f5es.<br \/>\nAs puni\u00e7\u00f5es previstas s\u00e3o:<br \/>\nMulta entre 200 e 500 vezes o valor da UFIRN (Unidade Fiscal de Refer\u00eancia do Estado do Rio Grande do Norte), a ser graduada &#8220;de acordo com a gravidade da infra\u00e7\u00e3o, o porte econ\u00f4mico do infrator, a conduta e o resultado produzido&#8221;.<br \/>\nCassa\u00e7\u00e3o da Inscri\u00e7\u00e3o Estadual (para pessoa jur\u00eddica) mediante a um processo administrativo, com direito a ampla defesa da empresa. A san\u00e7\u00e3o vale caso seja comprovado &#8220;que seu preposto tinha ci\u00eancia, ou razoavelmente deveria suspeitar, da pr\u00e1tica de maus-tratos por parte do adestrador, e, ainda assim, deixou de adotar as medidas cab\u00edveis para prevenir, impedir ou comunicar a conduta il\u00edcita \u00e0s autoridades competentes&#8221;.<br \/>\n\u26a0\ufe0f A fiscaliza\u00e7\u00e3o e a aplica\u00e7\u00e3o das san\u00e7\u00f5es, segundo a lei, ser\u00e3o de responsabilidade dos \u00f3rg\u00e3os competentes da Administra\u00e7\u00e3o P\u00fablica, no \u00e2mbito de suas respectivas atribui\u00e7\u00f5es.<br \/>\nV\u00eddeos mais assistidos do g1 RN<\/p>","protected":false},"excerpt":{"rendered":"<p>Adestramento de c\u00e3es: Saiba o que pode levar os animais a comportamentos agressivos Uma lei sancionada pelo governo do Rio Grande do Norte estabeleceu san\u00e7\u00f5es administrativas para casos de viol\u00eancia &#8230;<\/p>\n","protected":false},"author":0,"featured_media":14224,"parent":0,"menu_order":0,"comment_status":"closed","ping_status":"closed","template":"","meta":{"footnotes":""},"class_list":["post-14223","page","type-page","status-publish","has-post-thumbnail","hentry"],"yoast_head":"<!-- This site is optimized with the Yoast SEO plugin v27.1.1 - https:\/\/yoast.com\/product\/yoast-seo-wordpress\/ -->\n<title>Lei no RN cria puni\u00e7\u00f5es para casos de viol\u00eancia f\u00edsica ou psicol\u00f3gica no adestramento de animais - Taveira Jr<\/title>\n<meta name=\"robots\" content=\"index, follow, max-snippet:-1, max-image-preview:large, max-video-preview:-1\" \/>\n<link rel=\"canonical\" href=\"https:\/\/deputadotaveirajr.com.br\/index.php\/lei-no-rn-cria-punicoes-para-casos-de-violencia-fisica-ou-psicologica-no-adestramento-de-animais\/\" \/>\n<meta property=\"og:locale\" content=\"pt_BR\" \/>\n<meta property=\"og:type\" content=\"article\" \/>\n<meta property=\"og:title\" content=\"Lei no RN cria puni\u00e7\u00f5es para casos de viol\u00eancia f\u00edsica ou psicol\u00f3gica no adestramento de animais - Taveira Jr\" \/>\n<meta property=\"og:description\" content=\"Adestramento de c\u00e3es: Saiba o que pode levar os animais a comportamentos agressivos Uma lei sancionada pelo governo do Rio Grande do Norte estabeleceu san\u00e7\u00f5es administrativas para casos de viol\u00eancia ...\" \/>\n<meta property=\"og:url\" content=\"https:\/\/deputadotaveirajr.com.br\/index.php\/lei-no-rn-cria-punicoes-para-casos-de-violencia-fisica-ou-psicologica-no-adestramento-de-animais\/\" \/>\n<meta property=\"og:site_name\" content=\"Taveira Jr\" \/>\n<meta property=\"og:image\" content=\"https:\/\/s2-g1.glbimg.com\/wEMy4OQwrysSvgyTn-CcJXlwE9E=\/i.s3.glbimg.com\/v1\/AUTH_59edd422c0c84a879bd37670ae4f538a\/internal_photos\/bs\/2025\/T\/U\/Ca12eMRkajPtSUlTzTlQ\/cachorrinho-sentado-perto-das-pernas-dono-no-parque-de-verao.jpg\" \/>\n<meta name=\"twitter:card\" content=\"summary_large_image\" \/>\n<meta name=\"twitter:label1\" content=\"Est. tempo de leitura\" \/>\n\t<meta name=\"twitter:data1\" content=\"2 minutos\" \/>\n<script type=\"application\/ld+json\" class=\"yoast-schema-graph\">{\"@context\":\"https:\/\/schema.org\",\"@graph\":[{\"@type\":\"WebPage\",\"@id\":\"https:\/\/deputadotaveirajr.com.br\/index.php\/lei-no-rn-cria-punicoes-para-casos-de-violencia-fisica-ou-psicologica-no-adestramento-de-animais\/\",\"url\":\"https:\/\/deputadotaveirajr.com.br\/index.php\/lei-no-rn-cria-punicoes-para-casos-de-violencia-fisica-ou-psicologica-no-adestramento-de-animais\/\",\"name\":\"Lei no RN cria puni\u00e7\u00f5es para casos de viol\u00eancia f\u00edsica ou psicol\u00f3gica no adestramento de animais - Taveira Jr\",\"isPartOf\":{\"@id\":\"https:\/\/deputadotaveirajr.com.br\/#website\"},\"primaryImageOfPage\":{\"@id\":\"https:\/\/deputadotaveirajr.com.br\/index.php\/lei-no-rn-cria-punicoes-para-casos-de-violencia-fisica-ou-psicologica-no-adestramento-de-animais\/#primaryimage\"},\"image\":{\"@id\":\"https:\/\/deputadotaveirajr.com.br\/index.php\/lei-no-rn-cria-punicoes-para-casos-de-violencia-fisica-ou-psicologica-no-adestramento-de-animais\/#primaryimage\"},\"thumbnailUrl\":\"https:\/\/deputadotaveirajr.com.br\/wp-content\/uploads\/2025\/10\/cachorrinho-sentado-perto-das-pernas-dono-no-parque-de-verao-UWpPKe.jpg\",\"datePublished\":\"2025-10-03T22:04:41+00:00\",\"breadcrumb\":{\"@id\":\"https:\/\/deputadotaveirajr.com.br\/index.php\/lei-no-rn-cria-punicoes-para-casos-de-violencia-fisica-ou-psicologica-no-adestramento-de-animais\/#breadcrumb\"},\"inLanguage\":\"pt-BR\",\"potentialAction\":[{\"@type\":\"ReadAction\",\"target\":[\"https:\/\/deputadotaveirajr.com.br\/index.php\/lei-no-rn-cria-punicoes-para-casos-de-violencia-fisica-ou-psicologica-no-adestramento-de-animais\/\"]}]},{\"@type\":\"ImageObject\",\"inLanguage\":\"pt-BR\",\"@id\":\"https:\/\/deputadotaveirajr.com.br\/index.php\/lei-no-rn-cria-punicoes-para-casos-de-violencia-fisica-ou-psicologica-no-adestramento-de-animais\/#primaryimage\",\"url\":\"https:\/\/deputadotaveirajr.com.br\/wp-content\/uploads\/2025\/10\/cachorrinho-sentado-perto-das-pernas-dono-no-parque-de-verao-UWpPKe.jpg\",\"contentUrl\":\"https:\/\/deputadotaveirajr.com.br\/wp-content\/uploads\/2025\/10\/cachorrinho-sentado-perto-das-pernas-dono-no-parque-de-verao-UWpPKe.jpg\",\"width\":1600,\"height\":1067},{\"@type\":\"BreadcrumbList\",\"@id\":\"https:\/\/deputadotaveirajr.com.br\/index.php\/lei-no-rn-cria-punicoes-para-casos-de-violencia-fisica-ou-psicologica-no-adestramento-de-animais\/#breadcrumb\",\"itemListElement\":[{\"@type\":\"ListItem\",\"position\":1,\"name\":\"In\u00edcio\",\"item\":\"https:\/\/deputadotaveirajr.com.br\/\"},{\"@type\":\"ListItem\",\"position\":2,\"name\":\"Lei no RN cria puni\u00e7\u00f5es para casos de viol\u00eancia f\u00edsica ou psicol\u00f3gica no adestramento de animais\"}]},{\"@type\":\"WebSite\",\"@id\":\"https:\/\/deputadotaveirajr.com.br\/#website\",\"url\":\"https:\/\/deputadotaveirajr.com.br\/\",\"name\":\"Taveira Jr\",\"description\":\"Deputado Estadual\",\"publisher\":{\"@id\":\"https:\/\/deputadotaveirajr.com.br\/#organization\"},\"potentialAction\":[{\"@type\":\"SearchAction\",\"target\":{\"@type\":\"EntryPoint\",\"urlTemplate\":\"https:\/\/deputadotaveirajr.com.br\/?s={search_term_string}\"},\"query-input\":{\"@type\":\"PropertyValueSpecification\",\"valueRequired\":true,\"valueName\":\"search_term_string\"}}],\"inLanguage\":\"pt-BR\"},{\"@type\":\"Organization\",\"@id\":\"https:\/\/deputadotaveirajr.com.br\/#organization\",\"name\":\"Taveira Jr\",\"url\":\"https:\/\/deputadotaveirajr.com.br\/\",\"logo\":{\"@type\":\"ImageObject\",\"inLanguage\":\"pt-BR\",\"@id\":\"https:\/\/deputadotaveirajr.com.br\/#\/schema\/logo\/image\/\",\"url\":\"https:\/\/deputadotaveirajr.com.br\/wp-content\/uploads\/2026\/01\/logolow2a.png\",\"contentUrl\":\"https:\/\/deputadotaveirajr.com.br\/wp-content\/uploads\/2026\/01\/logolow2a.png\",\"width\":290,\"height\":80,\"caption\":\"Taveira Jr\"},\"image\":{\"@id\":\"https:\/\/deputadotaveirajr.com.br\/#\/schema\/logo\/image\/\"}}]}<\/script>\n<!-- \/ Yoast SEO plugin. -->","yoast_head_json":{"title":"Lei no RN cria puni\u00e7\u00f5es para casos de viol\u00eancia f\u00edsica ou psicol\u00f3gica no adestramento de animais - Taveira Jr","robots":{"index":"index","follow":"follow","max-snippet":"max-snippet:-1","max-image-preview":"max-image-preview:large","max-video-preview":"max-video-preview:-1"},"canonical":"https:\/\/deputadotaveirajr.com.br\/index.php\/lei-no-rn-cria-punicoes-para-casos-de-violencia-fisica-ou-psicologica-no-adestramento-de-animais\/","og_locale":"pt_BR","og_type":"article","og_title":"Lei no RN cria puni\u00e7\u00f5es para casos de viol\u00eancia f\u00edsica ou psicol\u00f3gica no adestramento de animais - Taveira Jr","og_description":"Adestramento de c\u00e3es: Saiba o que pode levar os animais a comportamentos agressivos Uma lei sancionada pelo governo do Rio Grande do Norte estabeleceu san\u00e7\u00f5es administrativas para casos de viol\u00eancia ...","og_url":"https:\/\/deputadotaveirajr.com.br\/index.php\/lei-no-rn-cria-punicoes-para-casos-de-violencia-fisica-ou-psicologica-no-adestramento-de-animais\/","og_site_name":"Taveira Jr","og_image":[{"url":"https:\/\/s2-g1.glbimg.com\/wEMy4OQwrysSvgyTn-CcJXlwE9E=\/i.s3.glbimg.com\/v1\/AUTH_59edd422c0c84a879bd37670ae4f538a\/internal_photos\/bs\/2025\/T\/U\/Ca12eMRkajPtSUlTzTlQ\/cachorrinho-sentado-perto-das-pernas-dono-no-parque-de-verao.jpg","type":"","width":"","height":""}],"twitter_card":"summary_large_image","twitter_misc":{"Est. tempo de leitura":"2 minutos"},"schema":{"@context":"https:\/\/schema.org","@graph":[{"@type":"WebPage","@id":"https:\/\/deputadotaveirajr.com.br\/index.php\/lei-no-rn-cria-punicoes-para-casos-de-violencia-fisica-ou-psicologica-no-adestramento-de-animais\/","url":"https:\/\/deputadotaveirajr.com.br\/index.php\/lei-no-rn-cria-punicoes-para-casos-de-violencia-fisica-ou-psicologica-no-adestramento-de-animais\/","name":"Lei no RN cria puni\u00e7\u00f5es para casos de viol\u00eancia f\u00edsica ou psicol\u00f3gica no adestramento de animais - Taveira Jr","isPartOf":{"@id":"https:\/\/deputadotaveirajr.com.br\/#website"},"primaryImageOfPage":{"@id":"https:\/\/deputadotaveirajr.com.br\/index.php\/lei-no-rn-cria-punicoes-para-casos-de-violencia-fisica-ou-psicologica-no-adestramento-de-animais\/#primaryimage"},"image":{"@id":"https:\/\/deputadotaveirajr.com.br\/index.php\/lei-no-rn-cria-punicoes-para-casos-de-violencia-fisica-ou-psicologica-no-adestramento-de-animais\/#primaryimage"},"thumbnailUrl":"https:\/\/deputadotaveirajr.com.br\/wp-content\/uploads\/2025\/10\/cachorrinho-sentado-perto-das-pernas-dono-no-parque-de-verao-UWpPKe.jpg","datePublished":"2025-10-03T22:04:41+00:00","breadcrumb":{"@id":"https:\/\/deputadotaveirajr.com.br\/index.php\/lei-no-rn-cria-punicoes-para-casos-de-violencia-fisica-ou-psicologica-no-adestramento-de-animais\/#breadcrumb"},"inLanguage":"pt-BR","potentialAction":[{"@type":"ReadAction","target":["https:\/\/deputadotaveirajr.com.br\/index.php\/lei-no-rn-cria-punicoes-para-casos-de-violencia-fisica-ou-psicologica-no-adestramento-de-animais\/"]}]},{"@type":"ImageObject","inLanguage":"pt-BR","@id":"https:\/\/deputadotaveirajr.com.br\/index.php\/lei-no-rn-cria-punicoes-para-casos-de-violencia-fisica-ou-psicologica-no-adestramento-de-animais\/#primaryimage","url":"https:\/\/deputadotaveirajr.com.br\/wp-content\/uploads\/2025\/10\/cachorrinho-sentado-perto-das-pernas-dono-no-parque-de-verao-UWpPKe.jpg","contentUrl":"https:\/\/deputadotaveirajr.com.br\/wp-content\/uploads\/2025\/10\/cachorrinho-sentado-perto-das-pernas-dono-no-parque-de-verao-UWpPKe.jpg","width":1600,"height":1067},{"@type":"BreadcrumbList","@id":"https:\/\/deputadotaveirajr.com.br\/index.php\/lei-no-rn-cria-punicoes-para-casos-de-violencia-fisica-ou-psicologica-no-adestramento-de-animais\/#breadcrumb","itemListElement":[{"@type":"ListItem","position":1,"name":"In\u00edcio","item":"https:\/\/deputadotaveirajr.com.br\/"},{"@type":"ListItem","position":2,"name":"Lei no RN cria puni\u00e7\u00f5es para casos de viol\u00eancia f\u00edsica ou psicol\u00f3gica no adestramento de animais"}]},{"@type":"WebSite","@id":"https:\/\/deputadotaveirajr.com.br\/#website","url":"https:\/\/deputadotaveirajr.com.br\/","name":"Taveira Jr","description":"Deputado Estadual","publisher":{"@id":"https:\/\/deputadotaveirajr.com.br\/#organization"},"potentialAction":[{"@type":"SearchAction","target":{"@type":"EntryPoint","urlTemplate":"https:\/\/deputadotaveirajr.com.br\/?s={search_term_string}"},"query-input":{"@type":"PropertyValueSpecification","valueRequired":true,"valueName":"search_term_string"}}],"inLanguage":"pt-BR"},{"@type":"Organization","@id":"https:\/\/deputadotaveirajr.com.br\/#organization","name":"Taveira Jr","url":"https:\/\/deputadotaveirajr.com.br\/","logo":{"@type":"ImageObject","inLanguage":"pt-BR","@id":"https:\/\/deputadotaveirajr.com.br\/#\/schema\/logo\/image\/","url":"https:\/\/deputadotaveirajr.com.br\/wp-content\/uploads\/2026\/01\/logolow2a.png","contentUrl":"https:\/\/deputadotaveirajr.com.br\/wp-content\/uploads\/2026\/01\/logolow2a.png","width":290,"height":80,"caption":"Taveira Jr"},"image":{"@id":"https:\/\/deputadotaveirajr.com.br\/#\/schema\/logo\/image\/"}}]}},"_links":{"self":[{"href":"https:\/\/deputadotaveirajr.com.br\/index.php\/wp-json\/wp\/v2\/pages\/14223","targetHints":{"allow":["GET"]}}],"collection":[{"href":"https:\/\/deputadotaveirajr.com.br\/index.php\/wp-json\/wp\/v2\/pages"}],"about":[{"href":"https:\/\/deputadotaveirajr.com.br\/index.php\/wp-json\/wp\/v2\/types\/page"}],"replies":[{"embeddable":true,"href":"https:\/\/deputadotaveirajr.com.br\/index.php\/wp-json\/wp\/v2\/comments?post=14223"}],"version-history":[{"count":0,"href":"https:\/\/deputadotaveirajr.com.br\/index.php\/wp-json\/wp\/v2\/pages\/14223\/revisions"}],"wp:featuredmedia":[{"embeddable":true,"href":"https:\/\/deputadotaveirajr.com.br\/index.php\/wp-json\/wp\/v2\/media\/14224"}],"wp:attachment":[{"href":"https:\/\/deputadotaveirajr.com.br\/index.php\/wp-json\/wp\/v2\/media?parent=14223"}],"curies":[{"name":"wp","href":"https:\/\/api.w.org\/{rel}","templated":true}]}}