{"id":14229,"date":"2025-10-04T11:25:58","date_gmt":"2025-10-04T14:25:58","guid":{"rendered":"https:\/\/deputadotaveirajr.com.br\/index.php\/mostra-em-natal-exibe-telas-e-pecas-ineditas-de-51-mestres-das-artes-visuais-do-rn\/"},"modified":"2025-10-04T11:25:58","modified_gmt":"2025-10-04T14:25:58","slug":"mostra-em-natal-exibe-telas-e-pecas-ineditas-de-51-mestres-das-artes-visuais-do-rn","status":"publish","type":"page","link":"https:\/\/deputadotaveirajr.com.br\/index.php\/mostra-em-natal-exibe-telas-e-pecas-ineditas-de-51-mestres-das-artes-visuais-do-rn\/","title":{"rendered":"Mostra em Natal exibe telas e pe\u00e7as in\u00e9ditas de 51 mestres das artes visuais do RN"},"content":{"rendered":"<p><img decoding=\"async\" src=\"https:\/\/s2-g1.glbimg.com\/FUl0ba_loAcMsblQyzON_W7XCE4=\/i.s3.glbimg.com\/v1\/AUTH_59edd422c0c84a879bd37670ae4f538a\/internal_photos\/bs\/2025\/3\/y\/ibYD5YSHen6uD3d8hQFw\/moraes-exposicao.png\" \/><br \/>     Exposi\u00e7\u00e3o Feito Potiguar \u00e9 atra\u00e7\u00e3o cultural gratuita para o fim de semana<br \/>\nMoraes Neto\/Sebrae<br \/>\nA exposi\u00e7\u00e3o &#8220;Feito Potiguar: Identidade e Mem\u00f3ria das Artes Visuais do RN&#8221; est\u00e1 aberta \u00e0 visita\u00e7\u00e3o neste s\u00e1bado (4) e domingo (5), das 9h \u00e0s 16h, na Pinacoteca do Estado, em Natal. A mostra exibe telas e pe\u00e7as in\u00e9ditas de 51 mestres das artes visuais do Rio Grande do Norte. A entrada \u00e9 gratuita.<br \/>\n\ud83d\udcf3 Participe do canal do g1 RN no WhatsApp<br \/>\nO curador Manoel Onofre destaca que a exposi\u00e7\u00e3o &#8220;revela as diversas camadas que comp\u00f5em o ser potiguar, desde a representa\u00e7\u00e3o da paisagem e do cotidiano at\u00e9 a exalta\u00e7\u00e3o da cultura popular, dos personagens que habitam a mem\u00f3ria coletiva, da natureza exuberante e do legado feminino na arte, tecendo um fio condutor que une passado e presente, tradi\u00e7\u00e3o e inova\u00e7\u00e3o&#8221;.<br \/>\nA mostra, fruto de uma iniciativa do Sebrae-RN em parceria com o Conselho Estadual de Cultura, \u00e9 dividida em quatro m\u00f3dulos (veja abaixo), com exibi\u00e7\u00e3o de pe\u00e7as nunca antes vistas pelo p\u00fablico, em sua maioria pin\u00e7adas do acervo da Pinacoteca.<br \/>\n&#8220;Po\u00e9tica Fundante&#8221;, com paisagens que v\u00e3o do litoral ao sert\u00e3o, registros dos casarios hist\u00f3ricos, dos trabalhadores do campo e da pesca, e das figura populares;<br \/>\n&#8220;Cascudo, as Tradi\u00e7\u00f5es e o Folclore&#8221;, com obras que celebram as festas populares e os ritos de f\u00e9, devo\u00e7\u00e3o e misticismo que permeiam o cotidiano do povo potiguar;<br \/>\n&#8220;Natureza Viva&#8221;, que tem como fio condutor a exuber\u00e2ncia da flora e fauna potiguar, com destaque para o caju, s\u00edmbolo maior do RN;<br \/>\n&#8220;Feito Feminino&#8221;, n\u00facleo que faz um tributo \u00e0s mulheres potiguares que ousaram romper barreiras e construir um caminho significativo no cen\u00e1rio das artes visuais.<br \/>\nExposi\u00e7\u00e3o celebra mestres das artes visuais do RN<br \/>\nEst\u00e3o expostos trabalhos de nomes como Dorian Gray, Erasmo Xavier, Moura Rabello, Newton Navarro, Xico Santeiro, Maria do Sant\u00edssimo, Leopoldo Nelson, Za\u00edra Caldas, al\u00e9m de C\u00e9lia Albuquerque e Vatenor, o &#8220;pintor dos cajus&#8221;.<br \/>\nA exposi\u00e7\u00e3o ficar\u00e1 aberta ao p\u00fablico at\u00e9 o dia 30 de novembro &#8211; aos s\u00e1bados e domingos, das 9h \u00e0s 16h; e de ter\u00e7a a sexta-feira, das 8h \u00e0s 16h.<\/p>","protected":false},"excerpt":{"rendered":"<p>Exposi\u00e7\u00e3o Feito Potiguar \u00e9 atra\u00e7\u00e3o cultural gratuita para o fim de semana Moraes Neto\/Sebrae A exposi\u00e7\u00e3o &#8220;Feito Potiguar: Identidade e Mem\u00f3ria das Artes Visuais do RN&#8221; est\u00e1 aberta \u00e0 visita\u00e7\u00e3o &#8230;<\/p>\n","protected":false},"author":0,"featured_media":14230,"parent":0,"menu_order":0,"comment_status":"closed","ping_status":"closed","template":"","meta":{"footnotes":""},"class_list":["post-14229","page","type-page","status-publish","has-post-thumbnail","hentry"],"yoast_head":"<!-- This site is optimized with the Yoast SEO plugin v27.1.1 - https:\/\/yoast.com\/product\/yoast-seo-wordpress\/ -->\n<title>Mostra em Natal exibe telas e pe\u00e7as in\u00e9ditas de 51 mestres das artes visuais do RN - Taveira Jr<\/title>\n<meta name=\"robots\" content=\"index, follow, max-snippet:-1, max-image-preview:large, max-video-preview:-1\" \/>\n<link rel=\"canonical\" href=\"https:\/\/deputadotaveirajr.com.br\/index.php\/mostra-em-natal-exibe-telas-e-pecas-ineditas-de-51-mestres-das-artes-visuais-do-rn\/\" \/>\n<meta property=\"og:locale\" content=\"pt_BR\" \/>\n<meta property=\"og:type\" content=\"article\" \/>\n<meta property=\"og:title\" content=\"Mostra em Natal exibe telas e pe\u00e7as in\u00e9ditas de 51 mestres das artes visuais do RN - Taveira Jr\" \/>\n<meta property=\"og:description\" content=\"Exposi\u00e7\u00e3o Feito Potiguar \u00e9 atra\u00e7\u00e3o cultural gratuita para o fim de semana Moraes Neto\/Sebrae A exposi\u00e7\u00e3o &#8220;Feito Potiguar: Identidade e Mem\u00f3ria das Artes Visuais do RN&#8221; est\u00e1 aberta \u00e0 visita\u00e7\u00e3o ...\" \/>\n<meta property=\"og:url\" content=\"https:\/\/deputadotaveirajr.com.br\/index.php\/mostra-em-natal-exibe-telas-e-pecas-ineditas-de-51-mestres-das-artes-visuais-do-rn\/\" \/>\n<meta property=\"og:site_name\" content=\"Taveira Jr\" \/>\n<meta property=\"og:image\" content=\"https:\/\/s2-g1.glbimg.com\/FUl0ba_loAcMsblQyzON_W7XCE4=\/i.s3.glbimg.com\/v1\/AUTH_59edd422c0c84a879bd37670ae4f538a\/internal_photos\/bs\/2025\/3\/y\/ibYD5YSHen6uD3d8hQFw\/moraes-exposicao.png\" \/>\n<meta name=\"twitter:card\" content=\"summary_large_image\" \/>\n<meta name=\"twitter:label1\" content=\"Est. tempo de leitura\" \/>\n\t<meta name=\"twitter:data1\" content=\"2 minutos\" \/>\n<script type=\"application\/ld+json\" class=\"yoast-schema-graph\">{\"@context\":\"https:\/\/schema.org\",\"@graph\":[{\"@type\":\"WebPage\",\"@id\":\"https:\/\/deputadotaveirajr.com.br\/index.php\/mostra-em-natal-exibe-telas-e-pecas-ineditas-de-51-mestres-das-artes-visuais-do-rn\/\",\"url\":\"https:\/\/deputadotaveirajr.com.br\/index.php\/mostra-em-natal-exibe-telas-e-pecas-ineditas-de-51-mestres-das-artes-visuais-do-rn\/\",\"name\":\"Mostra em Natal exibe telas e pe\u00e7as in\u00e9ditas de 51 mestres das artes visuais do RN - Taveira Jr\",\"isPartOf\":{\"@id\":\"https:\/\/deputadotaveirajr.com.br\/#website\"},\"primaryImageOfPage\":{\"@id\":\"https:\/\/deputadotaveirajr.com.br\/index.php\/mostra-em-natal-exibe-telas-e-pecas-ineditas-de-51-mestres-das-artes-visuais-do-rn\/#primaryimage\"},\"image\":{\"@id\":\"https:\/\/deputadotaveirajr.com.br\/index.php\/mostra-em-natal-exibe-telas-e-pecas-ineditas-de-51-mestres-das-artes-visuais-do-rn\/#primaryimage\"},\"thumbnailUrl\":\"https:\/\/deputadotaveirajr.com.br\/wp-content\/uploads\/2025\/10\/moraes-exposicao-sRNnq2.jpg\",\"datePublished\":\"2025-10-04T14:25:58+00:00\",\"breadcrumb\":{\"@id\":\"https:\/\/deputadotaveirajr.com.br\/index.php\/mostra-em-natal-exibe-telas-e-pecas-ineditas-de-51-mestres-das-artes-visuais-do-rn\/#breadcrumb\"},\"inLanguage\":\"pt-BR\",\"potentialAction\":[{\"@type\":\"ReadAction\",\"target\":[\"https:\/\/deputadotaveirajr.com.br\/index.php\/mostra-em-natal-exibe-telas-e-pecas-ineditas-de-51-mestres-das-artes-visuais-do-rn\/\"]}]},{\"@type\":\"ImageObject\",\"inLanguage\":\"pt-BR\",\"@id\":\"https:\/\/deputadotaveirajr.com.br\/index.php\/mostra-em-natal-exibe-telas-e-pecas-ineditas-de-51-mestres-das-artes-visuais-do-rn\/#primaryimage\",\"url\":\"https:\/\/deputadotaveirajr.com.br\/wp-content\/uploads\/2025\/10\/moraes-exposicao-sRNnq2.jpg\",\"contentUrl\":\"https:\/\/deputadotaveirajr.com.br\/wp-content\/uploads\/2025\/10\/moraes-exposicao-sRNnq2.jpg\",\"width\":2560,\"height\":1706},{\"@type\":\"BreadcrumbList\",\"@id\":\"https:\/\/deputadotaveirajr.com.br\/index.php\/mostra-em-natal-exibe-telas-e-pecas-ineditas-de-51-mestres-das-artes-visuais-do-rn\/#breadcrumb\",\"itemListElement\":[{\"@type\":\"ListItem\",\"position\":1,\"name\":\"In\u00edcio\",\"item\":\"https:\/\/deputadotaveirajr.com.br\/\"},{\"@type\":\"ListItem\",\"position\":2,\"name\":\"Mostra em Natal exibe telas e pe\u00e7as in\u00e9ditas de 51 mestres das artes visuais do RN\"}]},{\"@type\":\"WebSite\",\"@id\":\"https:\/\/deputadotaveirajr.com.br\/#website\",\"url\":\"https:\/\/deputadotaveirajr.com.br\/\",\"name\":\"Taveira Jr\",\"description\":\"Deputado Estadual\",\"publisher\":{\"@id\":\"https:\/\/deputadotaveirajr.com.br\/#organization\"},\"potentialAction\":[{\"@type\":\"SearchAction\",\"target\":{\"@type\":\"EntryPoint\",\"urlTemplate\":\"https:\/\/deputadotaveirajr.com.br\/?s={search_term_string}\"},\"query-input\":{\"@type\":\"PropertyValueSpecification\",\"valueRequired\":true,\"valueName\":\"search_term_string\"}}],\"inLanguage\":\"pt-BR\"},{\"@type\":\"Organization\",\"@id\":\"https:\/\/deputadotaveirajr.com.br\/#organization\",\"name\":\"Taveira Jr\",\"url\":\"https:\/\/deputadotaveirajr.com.br\/\",\"logo\":{\"@type\":\"ImageObject\",\"inLanguage\":\"pt-BR\",\"@id\":\"https:\/\/deputadotaveirajr.com.br\/#\/schema\/logo\/image\/\",\"url\":\"https:\/\/deputadotaveirajr.com.br\/wp-content\/uploads\/2026\/01\/logolow2a.png\",\"contentUrl\":\"https:\/\/deputadotaveirajr.com.br\/wp-content\/uploads\/2026\/01\/logolow2a.png\",\"width\":290,\"height\":80,\"caption\":\"Taveira Jr\"},\"image\":{\"@id\":\"https:\/\/deputadotaveirajr.com.br\/#\/schema\/logo\/image\/\"}}]}<\/script>\n<!-- \/ Yoast SEO plugin. -->","yoast_head_json":{"title":"Mostra em Natal exibe telas e pe\u00e7as in\u00e9ditas de 51 mestres das artes visuais do RN - Taveira Jr","robots":{"index":"index","follow":"follow","max-snippet":"max-snippet:-1","max-image-preview":"max-image-preview:large","max-video-preview":"max-video-preview:-1"},"canonical":"https:\/\/deputadotaveirajr.com.br\/index.php\/mostra-em-natal-exibe-telas-e-pecas-ineditas-de-51-mestres-das-artes-visuais-do-rn\/","og_locale":"pt_BR","og_type":"article","og_title":"Mostra em Natal exibe telas e pe\u00e7as in\u00e9ditas de 51 mestres das artes visuais do RN - Taveira Jr","og_description":"Exposi\u00e7\u00e3o Feito Potiguar \u00e9 atra\u00e7\u00e3o cultural gratuita para o fim de semana Moraes Neto\/Sebrae A exposi\u00e7\u00e3o &#8220;Feito Potiguar: Identidade e Mem\u00f3ria das Artes Visuais do RN&#8221; est\u00e1 aberta \u00e0 visita\u00e7\u00e3o ...","og_url":"https:\/\/deputadotaveirajr.com.br\/index.php\/mostra-em-natal-exibe-telas-e-pecas-ineditas-de-51-mestres-das-artes-visuais-do-rn\/","og_site_name":"Taveira Jr","og_image":[{"url":"https:\/\/s2-g1.glbimg.com\/FUl0ba_loAcMsblQyzON_W7XCE4=\/i.s3.glbimg.com\/v1\/AUTH_59edd422c0c84a879bd37670ae4f538a\/internal_photos\/bs\/2025\/3\/y\/ibYD5YSHen6uD3d8hQFw\/moraes-exposicao.png","type":"","width":"","height":""}],"twitter_card":"summary_large_image","twitter_misc":{"Est. tempo de leitura":"2 minutos"},"schema":{"@context":"https:\/\/schema.org","@graph":[{"@type":"WebPage","@id":"https:\/\/deputadotaveirajr.com.br\/index.php\/mostra-em-natal-exibe-telas-e-pecas-ineditas-de-51-mestres-das-artes-visuais-do-rn\/","url":"https:\/\/deputadotaveirajr.com.br\/index.php\/mostra-em-natal-exibe-telas-e-pecas-ineditas-de-51-mestres-das-artes-visuais-do-rn\/","name":"Mostra em Natal exibe telas e pe\u00e7as in\u00e9ditas de 51 mestres das artes visuais do RN - Taveira Jr","isPartOf":{"@id":"https:\/\/deputadotaveirajr.com.br\/#website"},"primaryImageOfPage":{"@id":"https:\/\/deputadotaveirajr.com.br\/index.php\/mostra-em-natal-exibe-telas-e-pecas-ineditas-de-51-mestres-das-artes-visuais-do-rn\/#primaryimage"},"image":{"@id":"https:\/\/deputadotaveirajr.com.br\/index.php\/mostra-em-natal-exibe-telas-e-pecas-ineditas-de-51-mestres-das-artes-visuais-do-rn\/#primaryimage"},"thumbnailUrl":"https:\/\/deputadotaveirajr.com.br\/wp-content\/uploads\/2025\/10\/moraes-exposicao-sRNnq2.jpg","datePublished":"2025-10-04T14:25:58+00:00","breadcrumb":{"@id":"https:\/\/deputadotaveirajr.com.br\/index.php\/mostra-em-natal-exibe-telas-e-pecas-ineditas-de-51-mestres-das-artes-visuais-do-rn\/#breadcrumb"},"inLanguage":"pt-BR","potentialAction":[{"@type":"ReadAction","target":["https:\/\/deputadotaveirajr.com.br\/index.php\/mostra-em-natal-exibe-telas-e-pecas-ineditas-de-51-mestres-das-artes-visuais-do-rn\/"]}]},{"@type":"ImageObject","inLanguage":"pt-BR","@id":"https:\/\/deputadotaveirajr.com.br\/index.php\/mostra-em-natal-exibe-telas-e-pecas-ineditas-de-51-mestres-das-artes-visuais-do-rn\/#primaryimage","url":"https:\/\/deputadotaveirajr.com.br\/wp-content\/uploads\/2025\/10\/moraes-exposicao-sRNnq2.jpg","contentUrl":"https:\/\/deputadotaveirajr.com.br\/wp-content\/uploads\/2025\/10\/moraes-exposicao-sRNnq2.jpg","width":2560,"height":1706},{"@type":"BreadcrumbList","@id":"https:\/\/deputadotaveirajr.com.br\/index.php\/mostra-em-natal-exibe-telas-e-pecas-ineditas-de-51-mestres-das-artes-visuais-do-rn\/#breadcrumb","itemListElement":[{"@type":"ListItem","position":1,"name":"In\u00edcio","item":"https:\/\/deputadotaveirajr.com.br\/"},{"@type":"ListItem","position":2,"name":"Mostra em Natal exibe telas e pe\u00e7as in\u00e9ditas de 51 mestres das artes visuais do RN"}]},{"@type":"WebSite","@id":"https:\/\/deputadotaveirajr.com.br\/#website","url":"https:\/\/deputadotaveirajr.com.br\/","name":"Taveira Jr","description":"Deputado Estadual","publisher":{"@id":"https:\/\/deputadotaveirajr.com.br\/#organization"},"potentialAction":[{"@type":"SearchAction","target":{"@type":"EntryPoint","urlTemplate":"https:\/\/deputadotaveirajr.com.br\/?s={search_term_string}"},"query-input":{"@type":"PropertyValueSpecification","valueRequired":true,"valueName":"search_term_string"}}],"inLanguage":"pt-BR"},{"@type":"Organization","@id":"https:\/\/deputadotaveirajr.com.br\/#organization","name":"Taveira Jr","url":"https:\/\/deputadotaveirajr.com.br\/","logo":{"@type":"ImageObject","inLanguage":"pt-BR","@id":"https:\/\/deputadotaveirajr.com.br\/#\/schema\/logo\/image\/","url":"https:\/\/deputadotaveirajr.com.br\/wp-content\/uploads\/2026\/01\/logolow2a.png","contentUrl":"https:\/\/deputadotaveirajr.com.br\/wp-content\/uploads\/2026\/01\/logolow2a.png","width":290,"height":80,"caption":"Taveira Jr"},"image":{"@id":"https:\/\/deputadotaveirajr.com.br\/#\/schema\/logo\/image\/"}}]}},"_links":{"self":[{"href":"https:\/\/deputadotaveirajr.com.br\/index.php\/wp-json\/wp\/v2\/pages\/14229","targetHints":{"allow":["GET"]}}],"collection":[{"href":"https:\/\/deputadotaveirajr.com.br\/index.php\/wp-json\/wp\/v2\/pages"}],"about":[{"href":"https:\/\/deputadotaveirajr.com.br\/index.php\/wp-json\/wp\/v2\/types\/page"}],"replies":[{"embeddable":true,"href":"https:\/\/deputadotaveirajr.com.br\/index.php\/wp-json\/wp\/v2\/comments?post=14229"}],"version-history":[{"count":0,"href":"https:\/\/deputadotaveirajr.com.br\/index.php\/wp-json\/wp\/v2\/pages\/14229\/revisions"}],"wp:featuredmedia":[{"embeddable":true,"href":"https:\/\/deputadotaveirajr.com.br\/index.php\/wp-json\/wp\/v2\/media\/14230"}],"wp:attachment":[{"href":"https:\/\/deputadotaveirajr.com.br\/index.php\/wp-json\/wp\/v2\/media?parent=14229"}],"curies":[{"name":"wp","href":"https:\/\/api.w.org\/{rel}","templated":true}]}}