{"id":14237,"date":"2025-10-07T15:53:30","date_gmt":"2025-10-07T18:53:30","guid":{"rendered":"https:\/\/deputadotaveirajr.com.br\/index.php\/nona-edicao-do-festival-literario-da-pipa-anuncia-programacao\/"},"modified":"2025-10-07T15:53:30","modified_gmt":"2025-10-07T18:53:30","slug":"nona-edicao-do-festival-literario-da-pipa-anuncia-programacao","status":"publish","type":"page","link":"https:\/\/deputadotaveirajr.com.br\/index.php\/nona-edicao-do-festival-literario-da-pipa-anuncia-programacao\/","title":{"rendered":"Nona edi\u00e7\u00e3o do Festival Liter\u00e1rio da Pipa anuncia programa\u00e7\u00e3o"},"content":{"rendered":"<p><img decoding=\"async\" src=\"https:\/\/s2-g1.glbimg.com\/swtcpMjSC8LEkgZupLO__kzuCXA=\/i.s3.glbimg.com\/v1\/AUTH_59edd422c0c84a879bd37670ae4f538a\/internal_photos\/bs\/2025\/D\/s\/MWd95JRCa6SBKIFoiUGA\/copia-de-1790654-credito-mauro-khouri.jpg\" \/><br \/>     Paulo Betti est\u00e1 entre atra\u00e7\u00f5es do FliPipa<br \/>\nDivulga\u00e7\u00e3o<br \/>\nA nona edi\u00e7\u00e3o do Festival Liter\u00e1rio da Pipa (FliPipa) est\u00e1 confirmada para o per\u00edodo de 30 de outubro a 1\u00ba de novembro, na praia da Pipa, no litoral Sul do Rio Grande do Norte. A programa\u00e7\u00e3o foi apresentada nesta segunda-feira (6), durante evento na sede da Funda\u00e7\u00e3o H\u00e9lio Galv\u00e3o, e confirmou nomes Sidarta Ribeiro, Paulo Betti, M\u00e1rio Magalh\u00e3es, Tigan\u00e1 Santana e Pedro Lu\u00eds.<br \/>\nO Flipipa 2025 vai abordar &#8220;Mem\u00f3ria em Movimento&#8221;, passando pela presen\u00e7a do Romanceiro Ib\u00e9rico em Tibau do Sul, visitando biografias, mem\u00f3rias, ancestralidades e literatura ind\u00edgena.<br \/>\n\ud83d\udcf3 Clique aqui para seguir o canal do g1 RN no WhatsApp<br \/>\n&#8220;Essa edi\u00e7\u00e3o est\u00e1 empenhada na forma\u00e7\u00e3o e no debate de narrativas liter\u00e1rias composta pelas vias locais, do romanceiro, da oralidade. Marcando ancestralidades literatas ind\u00edgenas e afrodescendentes &#8211; em di\u00e1logo criativo coma a produ\u00e7\u00e3o liter\u00e1ria contempor\u00e2nea&#8221;, explica o curador D\u00e1cio Galv\u00e3o.<br \/>\nA Pra\u00e7a do Pescador vai receber debates, oficinas, palestras e a\u00e7\u00f5es educacionais e ambientais, com acesso gratuito durante todo o dia. Tamb\u00e9m est\u00e3o mantidas as sess\u00f5es de aut\u00f3grafos, a Feira de Livros e os lan\u00e7amentos da Cooperativa Cultural da UFRN, de sebos, editoras e as a\u00e7\u00f5es do Sesc.<br \/>\nHot\u00e9is e restaurantes de Pipa tamb\u00e9m se tornar\u00e3o espa\u00e7os culturais com programa\u00e7\u00e3o di\u00e1ria &#8211; Pipa Lagoa, Sun Bay, Bicho Pregui\u00e7a, Cal\u00edgula, Macoco Cozinha Artesanal e Athenas Creperia.<br \/>\nNomes como os violeiros Felipe Pereira e Helanio Moreira e os m\u00fasicos Carlos Zens, Chico Bethoven e Gilberto Cabral tamb\u00e9m v\u00e3o ministrar aulas espet\u00e1culos em Pipa.<br \/>\nLan\u00e7amento do FliPipa 2025<br \/>\nRog\u00e9rio Vital<br \/>\nFeira do Livro da Cooperativa Cultura<br \/>\nV\u00eddeos mais assistidos do g1 RN<\/p>","protected":false},"excerpt":{"rendered":"<p>Paulo Betti est\u00e1 entre atra\u00e7\u00f5es do FliPipa Divulga\u00e7\u00e3o A nona edi\u00e7\u00e3o do Festival Liter\u00e1rio da Pipa (FliPipa) est\u00e1 confirmada para o per\u00edodo de 30 de outubro a 1\u00ba de novembro, &#8230;<\/p>\n","protected":false},"author":0,"featured_media":14238,"parent":0,"menu_order":0,"comment_status":"closed","ping_status":"closed","template":"","meta":{"footnotes":""},"class_list":["post-14237","page","type-page","status-publish","has-post-thumbnail","hentry"],"yoast_head":"<!-- This site is optimized with the Yoast SEO plugin v27.1.1 - https:\/\/yoast.com\/product\/yoast-seo-wordpress\/ -->\n<title>Nona edi\u00e7\u00e3o do Festival Liter\u00e1rio da Pipa anuncia programa\u00e7\u00e3o - Taveira Jr<\/title>\n<meta name=\"robots\" content=\"index, follow, max-snippet:-1, max-image-preview:large, max-video-preview:-1\" \/>\n<link rel=\"canonical\" href=\"https:\/\/deputadotaveirajr.com.br\/index.php\/nona-edicao-do-festival-literario-da-pipa-anuncia-programacao\/\" \/>\n<meta property=\"og:locale\" content=\"pt_BR\" \/>\n<meta property=\"og:type\" content=\"article\" \/>\n<meta property=\"og:title\" content=\"Nona edi\u00e7\u00e3o do Festival Liter\u00e1rio da Pipa anuncia programa\u00e7\u00e3o - Taveira Jr\" \/>\n<meta property=\"og:description\" content=\"Paulo Betti est\u00e1 entre atra\u00e7\u00f5es do FliPipa Divulga\u00e7\u00e3o A nona edi\u00e7\u00e3o do Festival Liter\u00e1rio da Pipa (FliPipa) est\u00e1 confirmada para o per\u00edodo de 30 de outubro a 1\u00ba de novembro, ...\" \/>\n<meta property=\"og:url\" content=\"https:\/\/deputadotaveirajr.com.br\/index.php\/nona-edicao-do-festival-literario-da-pipa-anuncia-programacao\/\" \/>\n<meta property=\"og:site_name\" content=\"Taveira Jr\" \/>\n<meta property=\"og:image\" content=\"https:\/\/s2-g1.glbimg.com\/swtcpMjSC8LEkgZupLO__kzuCXA=\/i.s3.glbimg.com\/v1\/AUTH_59edd422c0c84a879bd37670ae4f538a\/internal_photos\/bs\/2025\/D\/s\/MWd95JRCa6SBKIFoiUGA\/copia-de-1790654-credito-mauro-khouri.jpg\" \/>\n<meta name=\"twitter:card\" content=\"summary_large_image\" \/>\n<meta name=\"twitter:label1\" content=\"Est. tempo de leitura\" \/>\n\t<meta name=\"twitter:data1\" content=\"2 minutos\" \/>\n<script type=\"application\/ld+json\" class=\"yoast-schema-graph\">{\"@context\":\"https:\/\/schema.org\",\"@graph\":[{\"@type\":\"WebPage\",\"@id\":\"https:\/\/deputadotaveirajr.com.br\/index.php\/nona-edicao-do-festival-literario-da-pipa-anuncia-programacao\/\",\"url\":\"https:\/\/deputadotaveirajr.com.br\/index.php\/nona-edicao-do-festival-literario-da-pipa-anuncia-programacao\/\",\"name\":\"Nona edi\u00e7\u00e3o do Festival Liter\u00e1rio da Pipa anuncia programa\u00e7\u00e3o - Taveira Jr\",\"isPartOf\":{\"@id\":\"https:\/\/deputadotaveirajr.com.br\/#website\"},\"primaryImageOfPage\":{\"@id\":\"https:\/\/deputadotaveirajr.com.br\/index.php\/nona-edicao-do-festival-literario-da-pipa-anuncia-programacao\/#primaryimage\"},\"image\":{\"@id\":\"https:\/\/deputadotaveirajr.com.br\/index.php\/nona-edicao-do-festival-literario-da-pipa-anuncia-programacao\/#primaryimage\"},\"thumbnailUrl\":\"https:\/\/deputadotaveirajr.com.br\/wp-content\/uploads\/2025\/10\/copia-de-1790654-credito-mauro-khouri-IeZ3WD.jpg\",\"datePublished\":\"2025-10-07T18:53:30+00:00\",\"breadcrumb\":{\"@id\":\"https:\/\/deputadotaveirajr.com.br\/index.php\/nona-edicao-do-festival-literario-da-pipa-anuncia-programacao\/#breadcrumb\"},\"inLanguage\":\"pt-BR\",\"potentialAction\":[{\"@type\":\"ReadAction\",\"target\":[\"https:\/\/deputadotaveirajr.com.br\/index.php\/nona-edicao-do-festival-literario-da-pipa-anuncia-programacao\/\"]}]},{\"@type\":\"ImageObject\",\"inLanguage\":\"pt-BR\",\"@id\":\"https:\/\/deputadotaveirajr.com.br\/index.php\/nona-edicao-do-festival-literario-da-pipa-anuncia-programacao\/#primaryimage\",\"url\":\"https:\/\/deputadotaveirajr.com.br\/wp-content\/uploads\/2025\/10\/copia-de-1790654-credito-mauro-khouri-IeZ3WD.jpg\",\"contentUrl\":\"https:\/\/deputadotaveirajr.com.br\/wp-content\/uploads\/2025\/10\/copia-de-1790654-credito-mauro-khouri-IeZ3WD.jpg\",\"width\":2303,\"height\":1535},{\"@type\":\"BreadcrumbList\",\"@id\":\"https:\/\/deputadotaveirajr.com.br\/index.php\/nona-edicao-do-festival-literario-da-pipa-anuncia-programacao\/#breadcrumb\",\"itemListElement\":[{\"@type\":\"ListItem\",\"position\":1,\"name\":\"In\u00edcio\",\"item\":\"https:\/\/deputadotaveirajr.com.br\/\"},{\"@type\":\"ListItem\",\"position\":2,\"name\":\"Nona edi\u00e7\u00e3o do Festival Liter\u00e1rio da Pipa anuncia programa\u00e7\u00e3o\"}]},{\"@type\":\"WebSite\",\"@id\":\"https:\/\/deputadotaveirajr.com.br\/#website\",\"url\":\"https:\/\/deputadotaveirajr.com.br\/\",\"name\":\"Taveira Jr\",\"description\":\"Deputado Estadual\",\"publisher\":{\"@id\":\"https:\/\/deputadotaveirajr.com.br\/#organization\"},\"potentialAction\":[{\"@type\":\"SearchAction\",\"target\":{\"@type\":\"EntryPoint\",\"urlTemplate\":\"https:\/\/deputadotaveirajr.com.br\/?s={search_term_string}\"},\"query-input\":{\"@type\":\"PropertyValueSpecification\",\"valueRequired\":true,\"valueName\":\"search_term_string\"}}],\"inLanguage\":\"pt-BR\"},{\"@type\":\"Organization\",\"@id\":\"https:\/\/deputadotaveirajr.com.br\/#organization\",\"name\":\"Taveira Jr\",\"url\":\"https:\/\/deputadotaveirajr.com.br\/\",\"logo\":{\"@type\":\"ImageObject\",\"inLanguage\":\"pt-BR\",\"@id\":\"https:\/\/deputadotaveirajr.com.br\/#\/schema\/logo\/image\/\",\"url\":\"https:\/\/deputadotaveirajr.com.br\/wp-content\/uploads\/2026\/01\/logolow2a.png\",\"contentUrl\":\"https:\/\/deputadotaveirajr.com.br\/wp-content\/uploads\/2026\/01\/logolow2a.png\",\"width\":290,\"height\":80,\"caption\":\"Taveira Jr\"},\"image\":{\"@id\":\"https:\/\/deputadotaveirajr.com.br\/#\/schema\/logo\/image\/\"}}]}<\/script>\n<!-- \/ Yoast SEO plugin. -->","yoast_head_json":{"title":"Nona edi\u00e7\u00e3o do Festival Liter\u00e1rio da Pipa anuncia programa\u00e7\u00e3o - Taveira Jr","robots":{"index":"index","follow":"follow","max-snippet":"max-snippet:-1","max-image-preview":"max-image-preview:large","max-video-preview":"max-video-preview:-1"},"canonical":"https:\/\/deputadotaveirajr.com.br\/index.php\/nona-edicao-do-festival-literario-da-pipa-anuncia-programacao\/","og_locale":"pt_BR","og_type":"article","og_title":"Nona edi\u00e7\u00e3o do Festival Liter\u00e1rio da Pipa anuncia programa\u00e7\u00e3o - Taveira Jr","og_description":"Paulo Betti est\u00e1 entre atra\u00e7\u00f5es do FliPipa Divulga\u00e7\u00e3o A nona edi\u00e7\u00e3o do Festival Liter\u00e1rio da Pipa (FliPipa) est\u00e1 confirmada para o per\u00edodo de 30 de outubro a 1\u00ba de novembro, ...","og_url":"https:\/\/deputadotaveirajr.com.br\/index.php\/nona-edicao-do-festival-literario-da-pipa-anuncia-programacao\/","og_site_name":"Taveira Jr","og_image":[{"url":"https:\/\/s2-g1.glbimg.com\/swtcpMjSC8LEkgZupLO__kzuCXA=\/i.s3.glbimg.com\/v1\/AUTH_59edd422c0c84a879bd37670ae4f538a\/internal_photos\/bs\/2025\/D\/s\/MWd95JRCa6SBKIFoiUGA\/copia-de-1790654-credito-mauro-khouri.jpg","type":"","width":"","height":""}],"twitter_card":"summary_large_image","twitter_misc":{"Est. tempo de leitura":"2 minutos"},"schema":{"@context":"https:\/\/schema.org","@graph":[{"@type":"WebPage","@id":"https:\/\/deputadotaveirajr.com.br\/index.php\/nona-edicao-do-festival-literario-da-pipa-anuncia-programacao\/","url":"https:\/\/deputadotaveirajr.com.br\/index.php\/nona-edicao-do-festival-literario-da-pipa-anuncia-programacao\/","name":"Nona edi\u00e7\u00e3o do Festival Liter\u00e1rio da Pipa anuncia programa\u00e7\u00e3o - Taveira Jr","isPartOf":{"@id":"https:\/\/deputadotaveirajr.com.br\/#website"},"primaryImageOfPage":{"@id":"https:\/\/deputadotaveirajr.com.br\/index.php\/nona-edicao-do-festival-literario-da-pipa-anuncia-programacao\/#primaryimage"},"image":{"@id":"https:\/\/deputadotaveirajr.com.br\/index.php\/nona-edicao-do-festival-literario-da-pipa-anuncia-programacao\/#primaryimage"},"thumbnailUrl":"https:\/\/deputadotaveirajr.com.br\/wp-content\/uploads\/2025\/10\/copia-de-1790654-credito-mauro-khouri-IeZ3WD.jpg","datePublished":"2025-10-07T18:53:30+00:00","breadcrumb":{"@id":"https:\/\/deputadotaveirajr.com.br\/index.php\/nona-edicao-do-festival-literario-da-pipa-anuncia-programacao\/#breadcrumb"},"inLanguage":"pt-BR","potentialAction":[{"@type":"ReadAction","target":["https:\/\/deputadotaveirajr.com.br\/index.php\/nona-edicao-do-festival-literario-da-pipa-anuncia-programacao\/"]}]},{"@type":"ImageObject","inLanguage":"pt-BR","@id":"https:\/\/deputadotaveirajr.com.br\/index.php\/nona-edicao-do-festival-literario-da-pipa-anuncia-programacao\/#primaryimage","url":"https:\/\/deputadotaveirajr.com.br\/wp-content\/uploads\/2025\/10\/copia-de-1790654-credito-mauro-khouri-IeZ3WD.jpg","contentUrl":"https:\/\/deputadotaveirajr.com.br\/wp-content\/uploads\/2025\/10\/copia-de-1790654-credito-mauro-khouri-IeZ3WD.jpg","width":2303,"height":1535},{"@type":"BreadcrumbList","@id":"https:\/\/deputadotaveirajr.com.br\/index.php\/nona-edicao-do-festival-literario-da-pipa-anuncia-programacao\/#breadcrumb","itemListElement":[{"@type":"ListItem","position":1,"name":"In\u00edcio","item":"https:\/\/deputadotaveirajr.com.br\/"},{"@type":"ListItem","position":2,"name":"Nona edi\u00e7\u00e3o do Festival Liter\u00e1rio da Pipa anuncia programa\u00e7\u00e3o"}]},{"@type":"WebSite","@id":"https:\/\/deputadotaveirajr.com.br\/#website","url":"https:\/\/deputadotaveirajr.com.br\/","name":"Taveira Jr","description":"Deputado Estadual","publisher":{"@id":"https:\/\/deputadotaveirajr.com.br\/#organization"},"potentialAction":[{"@type":"SearchAction","target":{"@type":"EntryPoint","urlTemplate":"https:\/\/deputadotaveirajr.com.br\/?s={search_term_string}"},"query-input":{"@type":"PropertyValueSpecification","valueRequired":true,"valueName":"search_term_string"}}],"inLanguage":"pt-BR"},{"@type":"Organization","@id":"https:\/\/deputadotaveirajr.com.br\/#organization","name":"Taveira Jr","url":"https:\/\/deputadotaveirajr.com.br\/","logo":{"@type":"ImageObject","inLanguage":"pt-BR","@id":"https:\/\/deputadotaveirajr.com.br\/#\/schema\/logo\/image\/","url":"https:\/\/deputadotaveirajr.com.br\/wp-content\/uploads\/2026\/01\/logolow2a.png","contentUrl":"https:\/\/deputadotaveirajr.com.br\/wp-content\/uploads\/2026\/01\/logolow2a.png","width":290,"height":80,"caption":"Taveira Jr"},"image":{"@id":"https:\/\/deputadotaveirajr.com.br\/#\/schema\/logo\/image\/"}}]}},"_links":{"self":[{"href":"https:\/\/deputadotaveirajr.com.br\/index.php\/wp-json\/wp\/v2\/pages\/14237","targetHints":{"allow":["GET"]}}],"collection":[{"href":"https:\/\/deputadotaveirajr.com.br\/index.php\/wp-json\/wp\/v2\/pages"}],"about":[{"href":"https:\/\/deputadotaveirajr.com.br\/index.php\/wp-json\/wp\/v2\/types\/page"}],"replies":[{"embeddable":true,"href":"https:\/\/deputadotaveirajr.com.br\/index.php\/wp-json\/wp\/v2\/comments?post=14237"}],"version-history":[{"count":0,"href":"https:\/\/deputadotaveirajr.com.br\/index.php\/wp-json\/wp\/v2\/pages\/14237\/revisions"}],"wp:featuredmedia":[{"embeddable":true,"href":"https:\/\/deputadotaveirajr.com.br\/index.php\/wp-json\/wp\/v2\/media\/14238"}],"wp:attachment":[{"href":"https:\/\/deputadotaveirajr.com.br\/index.php\/wp-json\/wp\/v2\/media?parent=14237"}],"curies":[{"name":"wp","href":"https:\/\/api.w.org\/{rel}","templated":true}]}}