{"id":14243,"date":"2025-10-07T10:04:22","date_gmt":"2025-10-07T13:04:22","guid":{"rendered":"https:\/\/deputadotaveirajr.com.br\/index.php\/mostra-de-profissoes-da-ufrn-apresenta-cursos-da-instituicao-a-estudantes-confira-a-programacao\/"},"modified":"2025-10-07T10:04:22","modified_gmt":"2025-10-07T13:04:22","slug":"mostra-de-profissoes-da-ufrn-apresenta-cursos-da-instituicao-a-estudantes-confira-a-programacao","status":"publish","type":"page","link":"https:\/\/deputadotaveirajr.com.br\/index.php\/mostra-de-profissoes-da-ufrn-apresenta-cursos-da-instituicao-a-estudantes-confira-a-programacao\/","title":{"rendered":"Mostra de Profiss\u00f5es da UFRN apresenta cursos da institui\u00e7\u00e3o a estudantes; confira a programa\u00e7\u00e3o"},"content":{"rendered":"<p><img decoding=\"async\" src=\"https:\/\/s2-g1.glbimg.com\/QQ0BenpPcqECapAeW_tq0hxJfLg=\/i.s3.glbimg.com\/v1\/AUTH_59edd422c0c84a879bd37670ae4f538a\/internal_photos\/bs\/2025\/T\/A\/s3JiEAT6e9lhtnFRZi6w\/whatsapp-image-2025-10-07-at-09.57.00.jpeg\" \/><br \/>     Mostra de Profiss\u00f5es da UFRN em 2025<br \/>\nA Universidade Federal do Rio Grande do Norte (UFRN) realiza nestas ter\u00e7a (7) e quarta-feira (8) a 17\u00aa edi\u00e7\u00e3o da Mostra de Profiss\u00f5es, com palestras e outras atividades que visam apresentar os cursos e oportunidades da institui\u00e7\u00e3o para estudantes potiguares.<br \/>\nO evento anual acontece no Campus Central da UFRN, em Natal, bem como nos campi do interior.<br \/>\n\ud83d\udcf3 Clique aqui para seguir o canal do g1 RN no WhatsApp<br \/>\nA a\u00e7\u00e3o \u00e9 gratuita e re\u00fane estudantes dos anos finais do ensino fundamental, alunos do ensino m\u00e9dio e do ensino t\u00e9cnico, professores, al\u00e9m de profissionais no mercado e demais interessados.<br \/>\nCONFIRA A PROGRAMA\u00c7\u00c2O COMPLETA AQUI<br \/>\nMostra de Profiss\u00f5es da UFRN apresenta cursos da institui\u00e7\u00e3o a estudantes<br \/>\nJ\u00falia Zauli<br \/>\nSegundo a universidade, a novidade desta edi\u00e7\u00e3o \u00e9 que, al\u00e9m da divulga\u00e7\u00e3o dos 117 cursos de gradua\u00e7\u00e3o, em 2025 a Mostra passa a contar com a participa\u00e7\u00e3o dos cursos t\u00e9cnicos em um ambiente integrativo, no qual os visitantes poder\u00e3o conhecer ainda mais as oportunidades de forma\u00e7\u00e3o profissional da UFRN.<br \/>\nAs unidades que oferecem cursos t\u00e9cnicos s\u00e3o o Instituto Metr\u00f3pole Digital (IMD), a Escola de M\u00fasica (EMUFRN), a Escola de Sa\u00fade (ESUFRN) e a Escola Agr\u00edcola de Jundia\u00ed (EAJ).<br \/>\nS\u00e3o disponibilizadas palestras a respeito dos cursos, al\u00e9m de espa\u00e7os tem\u00e1ticos onde os profissionais que atuam nas respectivas \u00e1reas est\u00e3o \u00e0 disposi\u00e7\u00e3o para esclarecer d\u00favidas e compartilhar experi\u00eancias.<br \/>\nSegundo a universidade, encontros possibilitam que os estudantes tenham contato com as \u00e1reas de forma\u00e7\u00e3o e com as possibilidades de atua\u00e7\u00e3o, auxiliando-os a tomar decis\u00f5es mais seguras e minimizando as insatisfa\u00e7\u00f5es relativas \u00e0 profissionaliza\u00e7\u00e3o precoce&#8221;.<br \/>\nVeja os v\u00eddeos mais assistidos no g1 RN<\/p>","protected":false},"excerpt":{"rendered":"<p>Mostra de Profiss\u00f5es da UFRN em 2025 A Universidade Federal do Rio Grande do Norte (UFRN) realiza nestas ter\u00e7a (7) e quarta-feira (8) a 17\u00aa edi\u00e7\u00e3o da Mostra de Profiss\u00f5es, &#8230;<\/p>\n","protected":false},"author":0,"featured_media":14244,"parent":0,"menu_order":0,"comment_status":"closed","ping_status":"closed","template":"","meta":{"footnotes":""},"class_list":["post-14243","page","type-page","status-publish","has-post-thumbnail","hentry"],"yoast_head":"<!-- This site is optimized with the Yoast SEO plugin v27.1.1 - https:\/\/yoast.com\/product\/yoast-seo-wordpress\/ -->\n<title>Mostra de Profiss\u00f5es da UFRN apresenta cursos da institui\u00e7\u00e3o a estudantes; confira a programa\u00e7\u00e3o - Taveira Jr<\/title>\n<meta name=\"robots\" content=\"index, follow, max-snippet:-1, max-image-preview:large, max-video-preview:-1\" \/>\n<link rel=\"canonical\" href=\"https:\/\/deputadotaveirajr.com.br\/index.php\/mostra-de-profissoes-da-ufrn-apresenta-cursos-da-instituicao-a-estudantes-confira-a-programacao\/\" \/>\n<meta property=\"og:locale\" content=\"pt_BR\" \/>\n<meta property=\"og:type\" content=\"article\" \/>\n<meta property=\"og:title\" content=\"Mostra de Profiss\u00f5es da UFRN apresenta cursos da institui\u00e7\u00e3o a estudantes; confira a programa\u00e7\u00e3o - Taveira Jr\" \/>\n<meta property=\"og:description\" content=\"Mostra de Profiss\u00f5es da UFRN em 2025 A Universidade Federal do Rio Grande do Norte (UFRN) realiza nestas ter\u00e7a (7) e quarta-feira (8) a 17\u00aa edi\u00e7\u00e3o da Mostra de Profiss\u00f5es, ...\" \/>\n<meta property=\"og:url\" content=\"https:\/\/deputadotaveirajr.com.br\/index.php\/mostra-de-profissoes-da-ufrn-apresenta-cursos-da-instituicao-a-estudantes-confira-a-programacao\/\" \/>\n<meta property=\"og:site_name\" content=\"Taveira Jr\" \/>\n<meta property=\"og:image\" content=\"https:\/\/s2-g1.glbimg.com\/QQ0BenpPcqECapAeW_tq0hxJfLg=\/i.s3.glbimg.com\/v1\/AUTH_59edd422c0c84a879bd37670ae4f538a\/internal_photos\/bs\/2025\/T\/A\/s3JiEAT6e9lhtnFRZi6w\/whatsapp-image-2025-10-07-at-09.57.00.jpeg\" \/>\n<meta name=\"twitter:card\" content=\"summary_large_image\" \/>\n<meta name=\"twitter:label1\" content=\"Est. tempo de leitura\" \/>\n\t<meta name=\"twitter:data1\" content=\"2 minutos\" \/>\n<script type=\"application\/ld+json\" class=\"yoast-schema-graph\">{\"@context\":\"https:\/\/schema.org\",\"@graph\":[{\"@type\":\"WebPage\",\"@id\":\"https:\/\/deputadotaveirajr.com.br\/index.php\/mostra-de-profissoes-da-ufrn-apresenta-cursos-da-instituicao-a-estudantes-confira-a-programacao\/\",\"url\":\"https:\/\/deputadotaveirajr.com.br\/index.php\/mostra-de-profissoes-da-ufrn-apresenta-cursos-da-instituicao-a-estudantes-confira-a-programacao\/\",\"name\":\"Mostra de Profiss\u00f5es da UFRN apresenta cursos da institui\u00e7\u00e3o a estudantes; confira a programa\u00e7\u00e3o - Taveira Jr\",\"isPartOf\":{\"@id\":\"https:\/\/deputadotaveirajr.com.br\/#website\"},\"primaryImageOfPage\":{\"@id\":\"https:\/\/deputadotaveirajr.com.br\/index.php\/mostra-de-profissoes-da-ufrn-apresenta-cursos-da-instituicao-a-estudantes-confira-a-programacao\/#primaryimage\"},\"image\":{\"@id\":\"https:\/\/deputadotaveirajr.com.br\/index.php\/mostra-de-profissoes-da-ufrn-apresenta-cursos-da-instituicao-a-estudantes-confira-a-programacao\/#primaryimage\"},\"thumbnailUrl\":\"https:\/\/deputadotaveirajr.com.br\/wp-content\/uploads\/2025\/10\/whatsapp-image-2025-10-07-at-09.57.00-AaMTCs.jpg\",\"datePublished\":\"2025-10-07T13:04:22+00:00\",\"breadcrumb\":{\"@id\":\"https:\/\/deputadotaveirajr.com.br\/index.php\/mostra-de-profissoes-da-ufrn-apresenta-cursos-da-instituicao-a-estudantes-confira-a-programacao\/#breadcrumb\"},\"inLanguage\":\"pt-BR\",\"potentialAction\":[{\"@type\":\"ReadAction\",\"target\":[\"https:\/\/deputadotaveirajr.com.br\/index.php\/mostra-de-profissoes-da-ufrn-apresenta-cursos-da-instituicao-a-estudantes-confira-a-programacao\/\"]}]},{\"@type\":\"ImageObject\",\"inLanguage\":\"pt-BR\",\"@id\":\"https:\/\/deputadotaveirajr.com.br\/index.php\/mostra-de-profissoes-da-ufrn-apresenta-cursos-da-instituicao-a-estudantes-confira-a-programacao\/#primaryimage\",\"url\":\"https:\/\/deputadotaveirajr.com.br\/wp-content\/uploads\/2025\/10\/whatsapp-image-2025-10-07-at-09.57.00-AaMTCs.jpg\",\"contentUrl\":\"https:\/\/deputadotaveirajr.com.br\/wp-content\/uploads\/2025\/10\/whatsapp-image-2025-10-07-at-09.57.00-AaMTCs.jpg\",\"width\":1600,\"height\":900},{\"@type\":\"BreadcrumbList\",\"@id\":\"https:\/\/deputadotaveirajr.com.br\/index.php\/mostra-de-profissoes-da-ufrn-apresenta-cursos-da-instituicao-a-estudantes-confira-a-programacao\/#breadcrumb\",\"itemListElement\":[{\"@type\":\"ListItem\",\"position\":1,\"name\":\"In\u00edcio\",\"item\":\"https:\/\/deputadotaveirajr.com.br\/\"},{\"@type\":\"ListItem\",\"position\":2,\"name\":\"Mostra de Profiss\u00f5es da UFRN apresenta cursos da institui\u00e7\u00e3o a estudantes; confira a programa\u00e7\u00e3o\"}]},{\"@type\":\"WebSite\",\"@id\":\"https:\/\/deputadotaveirajr.com.br\/#website\",\"url\":\"https:\/\/deputadotaveirajr.com.br\/\",\"name\":\"Taveira Jr\",\"description\":\"Deputado Estadual\",\"publisher\":{\"@id\":\"https:\/\/deputadotaveirajr.com.br\/#organization\"},\"potentialAction\":[{\"@type\":\"SearchAction\",\"target\":{\"@type\":\"EntryPoint\",\"urlTemplate\":\"https:\/\/deputadotaveirajr.com.br\/?s={search_term_string}\"},\"query-input\":{\"@type\":\"PropertyValueSpecification\",\"valueRequired\":true,\"valueName\":\"search_term_string\"}}],\"inLanguage\":\"pt-BR\"},{\"@type\":\"Organization\",\"@id\":\"https:\/\/deputadotaveirajr.com.br\/#organization\",\"name\":\"Taveira Jr\",\"url\":\"https:\/\/deputadotaveirajr.com.br\/\",\"logo\":{\"@type\":\"ImageObject\",\"inLanguage\":\"pt-BR\",\"@id\":\"https:\/\/deputadotaveirajr.com.br\/#\/schema\/logo\/image\/\",\"url\":\"https:\/\/deputadotaveirajr.com.br\/wp-content\/uploads\/2026\/01\/logolow2a.png\",\"contentUrl\":\"https:\/\/deputadotaveirajr.com.br\/wp-content\/uploads\/2026\/01\/logolow2a.png\",\"width\":290,\"height\":80,\"caption\":\"Taveira Jr\"},\"image\":{\"@id\":\"https:\/\/deputadotaveirajr.com.br\/#\/schema\/logo\/image\/\"}}]}<\/script>\n<!-- \/ Yoast SEO plugin. -->","yoast_head_json":{"title":"Mostra de Profiss\u00f5es da UFRN apresenta cursos da institui\u00e7\u00e3o a estudantes; confira a programa\u00e7\u00e3o - Taveira Jr","robots":{"index":"index","follow":"follow","max-snippet":"max-snippet:-1","max-image-preview":"max-image-preview:large","max-video-preview":"max-video-preview:-1"},"canonical":"https:\/\/deputadotaveirajr.com.br\/index.php\/mostra-de-profissoes-da-ufrn-apresenta-cursos-da-instituicao-a-estudantes-confira-a-programacao\/","og_locale":"pt_BR","og_type":"article","og_title":"Mostra de Profiss\u00f5es da UFRN apresenta cursos da institui\u00e7\u00e3o a estudantes; confira a programa\u00e7\u00e3o - Taveira Jr","og_description":"Mostra de Profiss\u00f5es da UFRN em 2025 A Universidade Federal do Rio Grande do Norte (UFRN) realiza nestas ter\u00e7a (7) e quarta-feira (8) a 17\u00aa edi\u00e7\u00e3o da Mostra de Profiss\u00f5es, ...","og_url":"https:\/\/deputadotaveirajr.com.br\/index.php\/mostra-de-profissoes-da-ufrn-apresenta-cursos-da-instituicao-a-estudantes-confira-a-programacao\/","og_site_name":"Taveira Jr","og_image":[{"url":"https:\/\/s2-g1.glbimg.com\/QQ0BenpPcqECapAeW_tq0hxJfLg=\/i.s3.glbimg.com\/v1\/AUTH_59edd422c0c84a879bd37670ae4f538a\/internal_photos\/bs\/2025\/T\/A\/s3JiEAT6e9lhtnFRZi6w\/whatsapp-image-2025-10-07-at-09.57.00.jpeg","type":"","width":"","height":""}],"twitter_card":"summary_large_image","twitter_misc":{"Est. tempo de leitura":"2 minutos"},"schema":{"@context":"https:\/\/schema.org","@graph":[{"@type":"WebPage","@id":"https:\/\/deputadotaveirajr.com.br\/index.php\/mostra-de-profissoes-da-ufrn-apresenta-cursos-da-instituicao-a-estudantes-confira-a-programacao\/","url":"https:\/\/deputadotaveirajr.com.br\/index.php\/mostra-de-profissoes-da-ufrn-apresenta-cursos-da-instituicao-a-estudantes-confira-a-programacao\/","name":"Mostra de Profiss\u00f5es da UFRN apresenta cursos da institui\u00e7\u00e3o a estudantes; confira a programa\u00e7\u00e3o - Taveira Jr","isPartOf":{"@id":"https:\/\/deputadotaveirajr.com.br\/#website"},"primaryImageOfPage":{"@id":"https:\/\/deputadotaveirajr.com.br\/index.php\/mostra-de-profissoes-da-ufrn-apresenta-cursos-da-instituicao-a-estudantes-confira-a-programacao\/#primaryimage"},"image":{"@id":"https:\/\/deputadotaveirajr.com.br\/index.php\/mostra-de-profissoes-da-ufrn-apresenta-cursos-da-instituicao-a-estudantes-confira-a-programacao\/#primaryimage"},"thumbnailUrl":"https:\/\/deputadotaveirajr.com.br\/wp-content\/uploads\/2025\/10\/whatsapp-image-2025-10-07-at-09.57.00-AaMTCs.jpg","datePublished":"2025-10-07T13:04:22+00:00","breadcrumb":{"@id":"https:\/\/deputadotaveirajr.com.br\/index.php\/mostra-de-profissoes-da-ufrn-apresenta-cursos-da-instituicao-a-estudantes-confira-a-programacao\/#breadcrumb"},"inLanguage":"pt-BR","potentialAction":[{"@type":"ReadAction","target":["https:\/\/deputadotaveirajr.com.br\/index.php\/mostra-de-profissoes-da-ufrn-apresenta-cursos-da-instituicao-a-estudantes-confira-a-programacao\/"]}]},{"@type":"ImageObject","inLanguage":"pt-BR","@id":"https:\/\/deputadotaveirajr.com.br\/index.php\/mostra-de-profissoes-da-ufrn-apresenta-cursos-da-instituicao-a-estudantes-confira-a-programacao\/#primaryimage","url":"https:\/\/deputadotaveirajr.com.br\/wp-content\/uploads\/2025\/10\/whatsapp-image-2025-10-07-at-09.57.00-AaMTCs.jpg","contentUrl":"https:\/\/deputadotaveirajr.com.br\/wp-content\/uploads\/2025\/10\/whatsapp-image-2025-10-07-at-09.57.00-AaMTCs.jpg","width":1600,"height":900},{"@type":"BreadcrumbList","@id":"https:\/\/deputadotaveirajr.com.br\/index.php\/mostra-de-profissoes-da-ufrn-apresenta-cursos-da-instituicao-a-estudantes-confira-a-programacao\/#breadcrumb","itemListElement":[{"@type":"ListItem","position":1,"name":"In\u00edcio","item":"https:\/\/deputadotaveirajr.com.br\/"},{"@type":"ListItem","position":2,"name":"Mostra de Profiss\u00f5es da UFRN apresenta cursos da institui\u00e7\u00e3o a estudantes; confira a programa\u00e7\u00e3o"}]},{"@type":"WebSite","@id":"https:\/\/deputadotaveirajr.com.br\/#website","url":"https:\/\/deputadotaveirajr.com.br\/","name":"Taveira Jr","description":"Deputado Estadual","publisher":{"@id":"https:\/\/deputadotaveirajr.com.br\/#organization"},"potentialAction":[{"@type":"SearchAction","target":{"@type":"EntryPoint","urlTemplate":"https:\/\/deputadotaveirajr.com.br\/?s={search_term_string}"},"query-input":{"@type":"PropertyValueSpecification","valueRequired":true,"valueName":"search_term_string"}}],"inLanguage":"pt-BR"},{"@type":"Organization","@id":"https:\/\/deputadotaveirajr.com.br\/#organization","name":"Taveira Jr","url":"https:\/\/deputadotaveirajr.com.br\/","logo":{"@type":"ImageObject","inLanguage":"pt-BR","@id":"https:\/\/deputadotaveirajr.com.br\/#\/schema\/logo\/image\/","url":"https:\/\/deputadotaveirajr.com.br\/wp-content\/uploads\/2026\/01\/logolow2a.png","contentUrl":"https:\/\/deputadotaveirajr.com.br\/wp-content\/uploads\/2026\/01\/logolow2a.png","width":290,"height":80,"caption":"Taveira Jr"},"image":{"@id":"https:\/\/deputadotaveirajr.com.br\/#\/schema\/logo\/image\/"}}]}},"_links":{"self":[{"href":"https:\/\/deputadotaveirajr.com.br\/index.php\/wp-json\/wp\/v2\/pages\/14243","targetHints":{"allow":["GET"]}}],"collection":[{"href":"https:\/\/deputadotaveirajr.com.br\/index.php\/wp-json\/wp\/v2\/pages"}],"about":[{"href":"https:\/\/deputadotaveirajr.com.br\/index.php\/wp-json\/wp\/v2\/types\/page"}],"replies":[{"embeddable":true,"href":"https:\/\/deputadotaveirajr.com.br\/index.php\/wp-json\/wp\/v2\/comments?post=14243"}],"version-history":[{"count":0,"href":"https:\/\/deputadotaveirajr.com.br\/index.php\/wp-json\/wp\/v2\/pages\/14243\/revisions"}],"wp:featuredmedia":[{"embeddable":true,"href":"https:\/\/deputadotaveirajr.com.br\/index.php\/wp-json\/wp\/v2\/media\/14244"}],"wp:attachment":[{"href":"https:\/\/deputadotaveirajr.com.br\/index.php\/wp-json\/wp\/v2\/media?parent=14243"}],"curies":[{"name":"wp","href":"https:\/\/api.w.org\/{rel}","templated":true}]}}