{"id":14251,"date":"2025-10-10T19:10:09","date_gmt":"2025-10-10T22:10:09","guid":{"rendered":"https:\/\/deputadotaveirajr.com.br\/index.php\/policia-civil-e-receita-federal-apreendem-mais-de-1-tonelada-de-maconha-na-grande-natal\/"},"modified":"2025-10-10T19:10:09","modified_gmt":"2025-10-10T22:10:09","slug":"policia-civil-e-receita-federal-apreendem-mais-de-1-tonelada-de-maconha-na-grande-natal","status":"publish","type":"page","link":"https:\/\/deputadotaveirajr.com.br\/index.php\/policia-civil-e-receita-federal-apreendem-mais-de-1-tonelada-de-maconha-na-grande-natal\/","title":{"rendered":"Pol\u00edcia Civil e Receita Federal apreendem mais de 1 tonelada de maconha na Grande Natal"},"content":{"rendered":"<p><img decoding=\"async\" src=\"https:\/\/s2-g1.glbimg.com\/HD27OEVao4dRss3gWlE0GGNrkqs=\/i.s3.glbimg.com\/v1\/AUTH_59edd422c0c84a879bd37670ae4f538a\/internal_photos\/bs\/2025\/P\/X\/XXAnbGQEGEhoJaDrnbhg\/droga-em-tambor.jpg\" \/><br \/>     Mais de 1 tonelada de maconha foi apreendida em Parnamirim (RN)<br \/>\nA Pol\u00edcia Civil e a Receita Federal apreenderam nesta sexta-feira (10) mais de 1 tonelada de maconha em uma opera\u00e7\u00e3o em Parnamirim, na Grande Natal. Tr\u00eas pessoas foram presas em flagrante na a\u00e7\u00e3o.<br \/>\n\ud83d\udcf3 Clique aqui para seguir o canal do g1 RN no WhatsApp<br \/>\nA opera\u00e7\u00e3o foi dividida em duas etapas:<br \/>\nPela manh\u00e3, foram apreendidos mais de 500 quilos de maconha em uma transportadora, que n\u00e3o teve o nome divulgado, localizada no bairro Monte Castelo, pr\u00f3ximo ao Parque Arist\u00f3fanes Fernandes. A droga estava em tambores met\u00e1licos.<br \/>\n\u00c0 tarde, outros cerca de 500 quilos do entorpecente foram localizados em uma resid\u00eancia no bairro Vale do Sol. A droga estava prestes a ser enterrada &#8211; havia buracos abertos no terreno e alguns tambores j\u00e1 posicionados.<br \/>\nDroga foi encontrada em tambores em Parnamirim<br \/>\nDivulga\u00e7\u00e3o\/Pol\u00edcia Civil<br \/>\nDe acordo com a Pol\u00edcia Civil, a droga estava avaliada em cerca de R$ 2 milh\u00f5es e seria distribu\u00edda em Natal e em cidades da Regi\u00e3o Metropolitana.<br \/>\nA opera\u00e7\u00e3o, denominada de &#8220;Duplo Impacto\u201d, foi conduzida por policiais civis da Divis\u00e3o Especializada em Investiga\u00e7\u00e3o e Combate ao Crime Organizado (DEICOR), por meio da Delegacia Especializada em Narc\u00f3ticos (DENARC) de Natal, em atua\u00e7\u00e3o conjunta com equipes da Receita Federal.<br \/>\nNo fim de setembro, uma outra opera\u00e7\u00e3o da Pol\u00edcia Civil e da Receita Federal apreendeu 1,2 tonelada de coca\u00edna no bairro da Redinha, em Natal.<br \/>\nSegundo a Pol\u00edcia Civil, o nome da opera\u00e7\u00e3o desta sexta,  \u201cDuplo Impacto\u201d, fez refer\u00eancia tamb\u00e9m \u00e0 anterior: por se tratar da segunda grande apreens\u00e3o de mais de uma tonelada de drogas realizada em menos de 10 dias pelos \u00f3rg\u00e3os.<br \/>\nPoli\u0301cia apreende 1,2 tonelada de cocai\u0301na em Natal<br \/>\nV\u00eddeos mais assistidos do g1 RN<\/p>","protected":false},"excerpt":{"rendered":"<p>Mais de 1 tonelada de maconha foi apreendida em Parnamirim (RN) A Pol\u00edcia Civil e a Receita Federal apreenderam nesta sexta-feira (10) mais de 1 tonelada de maconha em uma &#8230;<\/p>\n","protected":false},"author":0,"featured_media":14252,"parent":0,"menu_order":0,"comment_status":"closed","ping_status":"closed","template":"","meta":{"footnotes":""},"class_list":["post-14251","page","type-page","status-publish","has-post-thumbnail","hentry"],"yoast_head":"<!-- This site is optimized with the Yoast SEO plugin v27.1.1 - https:\/\/yoast.com\/product\/yoast-seo-wordpress\/ -->\n<title>Pol\u00edcia Civil e Receita Federal apreendem mais de 1 tonelada de maconha na Grande Natal - Taveira Jr<\/title>\n<meta name=\"robots\" content=\"index, follow, max-snippet:-1, max-image-preview:large, max-video-preview:-1\" \/>\n<link rel=\"canonical\" href=\"https:\/\/deputadotaveirajr.com.br\/index.php\/policia-civil-e-receita-federal-apreendem-mais-de-1-tonelada-de-maconha-na-grande-natal\/\" \/>\n<meta property=\"og:locale\" content=\"pt_BR\" \/>\n<meta property=\"og:type\" content=\"article\" \/>\n<meta property=\"og:title\" content=\"Pol\u00edcia Civil e Receita Federal apreendem mais de 1 tonelada de maconha na Grande Natal - Taveira Jr\" \/>\n<meta property=\"og:description\" content=\"Mais de 1 tonelada de maconha foi apreendida em Parnamirim (RN) A Pol\u00edcia Civil e a Receita Federal apreenderam nesta sexta-feira (10) mais de 1 tonelada de maconha em uma ...\" \/>\n<meta property=\"og:url\" content=\"https:\/\/deputadotaveirajr.com.br\/index.php\/policia-civil-e-receita-federal-apreendem-mais-de-1-tonelada-de-maconha-na-grande-natal\/\" \/>\n<meta property=\"og:site_name\" content=\"Taveira Jr\" \/>\n<meta property=\"og:image\" content=\"https:\/\/s2-g1.glbimg.com\/HD27OEVao4dRss3gWlE0GGNrkqs=\/i.s3.glbimg.com\/v1\/AUTH_59edd422c0c84a879bd37670ae4f538a\/internal_photos\/bs\/2025\/P\/X\/XXAnbGQEGEhoJaDrnbhg\/droga-em-tambor.jpg\" \/>\n<meta name=\"twitter:card\" content=\"summary_large_image\" \/>\n<meta name=\"twitter:label1\" content=\"Est. tempo de leitura\" \/>\n\t<meta name=\"twitter:data1\" content=\"2 minutos\" \/>\n<script type=\"application\/ld+json\" class=\"yoast-schema-graph\">{\"@context\":\"https:\/\/schema.org\",\"@graph\":[{\"@type\":\"WebPage\",\"@id\":\"https:\/\/deputadotaveirajr.com.br\/index.php\/policia-civil-e-receita-federal-apreendem-mais-de-1-tonelada-de-maconha-na-grande-natal\/\",\"url\":\"https:\/\/deputadotaveirajr.com.br\/index.php\/policia-civil-e-receita-federal-apreendem-mais-de-1-tonelada-de-maconha-na-grande-natal\/\",\"name\":\"Pol\u00edcia Civil e Receita Federal apreendem mais de 1 tonelada de maconha na Grande Natal - Taveira Jr\",\"isPartOf\":{\"@id\":\"https:\/\/deputadotaveirajr.com.br\/#website\"},\"primaryImageOfPage\":{\"@id\":\"https:\/\/deputadotaveirajr.com.br\/index.php\/policia-civil-e-receita-federal-apreendem-mais-de-1-tonelada-de-maconha-na-grande-natal\/#primaryimage\"},\"image\":{\"@id\":\"https:\/\/deputadotaveirajr.com.br\/index.php\/policia-civil-e-receita-federal-apreendem-mais-de-1-tonelada-de-maconha-na-grande-natal\/#primaryimage\"},\"thumbnailUrl\":\"https:\/\/deputadotaveirajr.com.br\/wp-content\/uploads\/2025\/10\/droga-em-tambor-bMYnGT.jpg\",\"datePublished\":\"2025-10-10T22:10:09+00:00\",\"breadcrumb\":{\"@id\":\"https:\/\/deputadotaveirajr.com.br\/index.php\/policia-civil-e-receita-federal-apreendem-mais-de-1-tonelada-de-maconha-na-grande-natal\/#breadcrumb\"},\"inLanguage\":\"pt-BR\",\"potentialAction\":[{\"@type\":\"ReadAction\",\"target\":[\"https:\/\/deputadotaveirajr.com.br\/index.php\/policia-civil-e-receita-federal-apreendem-mais-de-1-tonelada-de-maconha-na-grande-natal\/\"]}]},{\"@type\":\"ImageObject\",\"inLanguage\":\"pt-BR\",\"@id\":\"https:\/\/deputadotaveirajr.com.br\/index.php\/policia-civil-e-receita-federal-apreendem-mais-de-1-tonelada-de-maconha-na-grande-natal\/#primaryimage\",\"url\":\"https:\/\/deputadotaveirajr.com.br\/wp-content\/uploads\/2025\/10\/droga-em-tambor-bMYnGT.jpg\",\"contentUrl\":\"https:\/\/deputadotaveirajr.com.br\/wp-content\/uploads\/2025\/10\/droga-em-tambor-bMYnGT.jpg\",\"width\":1605,\"height\":900},{\"@type\":\"BreadcrumbList\",\"@id\":\"https:\/\/deputadotaveirajr.com.br\/index.php\/policia-civil-e-receita-federal-apreendem-mais-de-1-tonelada-de-maconha-na-grande-natal\/#breadcrumb\",\"itemListElement\":[{\"@type\":\"ListItem\",\"position\":1,\"name\":\"In\u00edcio\",\"item\":\"https:\/\/deputadotaveirajr.com.br\/\"},{\"@type\":\"ListItem\",\"position\":2,\"name\":\"Pol\u00edcia Civil e Receita Federal apreendem mais de 1 tonelada de maconha na Grande Natal\"}]},{\"@type\":\"WebSite\",\"@id\":\"https:\/\/deputadotaveirajr.com.br\/#website\",\"url\":\"https:\/\/deputadotaveirajr.com.br\/\",\"name\":\"Taveira Jr\",\"description\":\"Deputado Estadual\",\"publisher\":{\"@id\":\"https:\/\/deputadotaveirajr.com.br\/#organization\"},\"potentialAction\":[{\"@type\":\"SearchAction\",\"target\":{\"@type\":\"EntryPoint\",\"urlTemplate\":\"https:\/\/deputadotaveirajr.com.br\/?s={search_term_string}\"},\"query-input\":{\"@type\":\"PropertyValueSpecification\",\"valueRequired\":true,\"valueName\":\"search_term_string\"}}],\"inLanguage\":\"pt-BR\"},{\"@type\":\"Organization\",\"@id\":\"https:\/\/deputadotaveirajr.com.br\/#organization\",\"name\":\"Taveira Jr\",\"url\":\"https:\/\/deputadotaveirajr.com.br\/\",\"logo\":{\"@type\":\"ImageObject\",\"inLanguage\":\"pt-BR\",\"@id\":\"https:\/\/deputadotaveirajr.com.br\/#\/schema\/logo\/image\/\",\"url\":\"https:\/\/deputadotaveirajr.com.br\/wp-content\/uploads\/2026\/01\/logolow2a.png\",\"contentUrl\":\"https:\/\/deputadotaveirajr.com.br\/wp-content\/uploads\/2026\/01\/logolow2a.png\",\"width\":290,\"height\":80,\"caption\":\"Taveira Jr\"},\"image\":{\"@id\":\"https:\/\/deputadotaveirajr.com.br\/#\/schema\/logo\/image\/\"}}]}<\/script>\n<!-- \/ Yoast SEO plugin. -->","yoast_head_json":{"title":"Pol\u00edcia Civil e Receita Federal apreendem mais de 1 tonelada de maconha na Grande Natal - Taveira Jr","robots":{"index":"index","follow":"follow","max-snippet":"max-snippet:-1","max-image-preview":"max-image-preview:large","max-video-preview":"max-video-preview:-1"},"canonical":"https:\/\/deputadotaveirajr.com.br\/index.php\/policia-civil-e-receita-federal-apreendem-mais-de-1-tonelada-de-maconha-na-grande-natal\/","og_locale":"pt_BR","og_type":"article","og_title":"Pol\u00edcia Civil e Receita Federal apreendem mais de 1 tonelada de maconha na Grande Natal - Taveira Jr","og_description":"Mais de 1 tonelada de maconha foi apreendida em Parnamirim (RN) A Pol\u00edcia Civil e a Receita Federal apreenderam nesta sexta-feira (10) mais de 1 tonelada de maconha em uma ...","og_url":"https:\/\/deputadotaveirajr.com.br\/index.php\/policia-civil-e-receita-federal-apreendem-mais-de-1-tonelada-de-maconha-na-grande-natal\/","og_site_name":"Taveira Jr","og_image":[{"url":"https:\/\/s2-g1.glbimg.com\/HD27OEVao4dRss3gWlE0GGNrkqs=\/i.s3.glbimg.com\/v1\/AUTH_59edd422c0c84a879bd37670ae4f538a\/internal_photos\/bs\/2025\/P\/X\/XXAnbGQEGEhoJaDrnbhg\/droga-em-tambor.jpg","type":"","width":"","height":""}],"twitter_card":"summary_large_image","twitter_misc":{"Est. tempo de leitura":"2 minutos"},"schema":{"@context":"https:\/\/schema.org","@graph":[{"@type":"WebPage","@id":"https:\/\/deputadotaveirajr.com.br\/index.php\/policia-civil-e-receita-federal-apreendem-mais-de-1-tonelada-de-maconha-na-grande-natal\/","url":"https:\/\/deputadotaveirajr.com.br\/index.php\/policia-civil-e-receita-federal-apreendem-mais-de-1-tonelada-de-maconha-na-grande-natal\/","name":"Pol\u00edcia Civil e Receita Federal apreendem mais de 1 tonelada de maconha na Grande Natal - Taveira Jr","isPartOf":{"@id":"https:\/\/deputadotaveirajr.com.br\/#website"},"primaryImageOfPage":{"@id":"https:\/\/deputadotaveirajr.com.br\/index.php\/policia-civil-e-receita-federal-apreendem-mais-de-1-tonelada-de-maconha-na-grande-natal\/#primaryimage"},"image":{"@id":"https:\/\/deputadotaveirajr.com.br\/index.php\/policia-civil-e-receita-federal-apreendem-mais-de-1-tonelada-de-maconha-na-grande-natal\/#primaryimage"},"thumbnailUrl":"https:\/\/deputadotaveirajr.com.br\/wp-content\/uploads\/2025\/10\/droga-em-tambor-bMYnGT.jpg","datePublished":"2025-10-10T22:10:09+00:00","breadcrumb":{"@id":"https:\/\/deputadotaveirajr.com.br\/index.php\/policia-civil-e-receita-federal-apreendem-mais-de-1-tonelada-de-maconha-na-grande-natal\/#breadcrumb"},"inLanguage":"pt-BR","potentialAction":[{"@type":"ReadAction","target":["https:\/\/deputadotaveirajr.com.br\/index.php\/policia-civil-e-receita-federal-apreendem-mais-de-1-tonelada-de-maconha-na-grande-natal\/"]}]},{"@type":"ImageObject","inLanguage":"pt-BR","@id":"https:\/\/deputadotaveirajr.com.br\/index.php\/policia-civil-e-receita-federal-apreendem-mais-de-1-tonelada-de-maconha-na-grande-natal\/#primaryimage","url":"https:\/\/deputadotaveirajr.com.br\/wp-content\/uploads\/2025\/10\/droga-em-tambor-bMYnGT.jpg","contentUrl":"https:\/\/deputadotaveirajr.com.br\/wp-content\/uploads\/2025\/10\/droga-em-tambor-bMYnGT.jpg","width":1605,"height":900},{"@type":"BreadcrumbList","@id":"https:\/\/deputadotaveirajr.com.br\/index.php\/policia-civil-e-receita-federal-apreendem-mais-de-1-tonelada-de-maconha-na-grande-natal\/#breadcrumb","itemListElement":[{"@type":"ListItem","position":1,"name":"In\u00edcio","item":"https:\/\/deputadotaveirajr.com.br\/"},{"@type":"ListItem","position":2,"name":"Pol\u00edcia Civil e Receita Federal apreendem mais de 1 tonelada de maconha na Grande Natal"}]},{"@type":"WebSite","@id":"https:\/\/deputadotaveirajr.com.br\/#website","url":"https:\/\/deputadotaveirajr.com.br\/","name":"Taveira Jr","description":"Deputado Estadual","publisher":{"@id":"https:\/\/deputadotaveirajr.com.br\/#organization"},"potentialAction":[{"@type":"SearchAction","target":{"@type":"EntryPoint","urlTemplate":"https:\/\/deputadotaveirajr.com.br\/?s={search_term_string}"},"query-input":{"@type":"PropertyValueSpecification","valueRequired":true,"valueName":"search_term_string"}}],"inLanguage":"pt-BR"},{"@type":"Organization","@id":"https:\/\/deputadotaveirajr.com.br\/#organization","name":"Taveira Jr","url":"https:\/\/deputadotaveirajr.com.br\/","logo":{"@type":"ImageObject","inLanguage":"pt-BR","@id":"https:\/\/deputadotaveirajr.com.br\/#\/schema\/logo\/image\/","url":"https:\/\/deputadotaveirajr.com.br\/wp-content\/uploads\/2026\/01\/logolow2a.png","contentUrl":"https:\/\/deputadotaveirajr.com.br\/wp-content\/uploads\/2026\/01\/logolow2a.png","width":290,"height":80,"caption":"Taveira Jr"},"image":{"@id":"https:\/\/deputadotaveirajr.com.br\/#\/schema\/logo\/image\/"}}]}},"_links":{"self":[{"href":"https:\/\/deputadotaveirajr.com.br\/index.php\/wp-json\/wp\/v2\/pages\/14251","targetHints":{"allow":["GET"]}}],"collection":[{"href":"https:\/\/deputadotaveirajr.com.br\/index.php\/wp-json\/wp\/v2\/pages"}],"about":[{"href":"https:\/\/deputadotaveirajr.com.br\/index.php\/wp-json\/wp\/v2\/types\/page"}],"replies":[{"embeddable":true,"href":"https:\/\/deputadotaveirajr.com.br\/index.php\/wp-json\/wp\/v2\/comments?post=14251"}],"version-history":[{"count":0,"href":"https:\/\/deputadotaveirajr.com.br\/index.php\/wp-json\/wp\/v2\/pages\/14251\/revisions"}],"wp:featuredmedia":[{"embeddable":true,"href":"https:\/\/deputadotaveirajr.com.br\/index.php\/wp-json\/wp\/v2\/media\/14252"}],"wp:attachment":[{"href":"https:\/\/deputadotaveirajr.com.br\/index.php\/wp-json\/wp\/v2\/media?parent=14251"}],"curies":[{"name":"wp","href":"https:\/\/api.w.org\/{rel}","templated":true}]}}