{"id":14257,"date":"2025-10-10T15:45:49","date_gmt":"2025-10-10T18:45:49","guid":{"rendered":"https:\/\/deputadotaveirajr.com.br\/index.php\/rn-tem-a-menor-taxa-de-inseguranca-alimentar-do-nordeste-diz-ibge\/"},"modified":"2025-10-10T15:45:49","modified_gmt":"2025-10-10T18:45:49","slug":"rn-tem-a-menor-taxa-de-inseguranca-alimentar-do-nordeste-diz-ibge","status":"publish","type":"page","link":"https:\/\/deputadotaveirajr.com.br\/index.php\/rn-tem-a-menor-taxa-de-inseguranca-alimentar-do-nordeste-diz-ibge\/","title":{"rendered":"RN tem a menor taxa de inseguran\u00e7a alimentar do Nordeste, diz IBGE"},"content":{"rendered":"<p><img decoding=\"async\" src=\"https:\/\/s2-g1.glbimg.com\/IajbgzhbTTpkQYAG7E6ObK3P4iw=\/i.s3.glbimg.com\/v1\/AUTH_59edd422c0c84a879bd37670ae4f538a\/internal_photos\/bs\/2025\/2\/k\/ALplAwQQAi0SBFzJrVUw\/videoframe-3746983.png\" \/><br \/>     Consumo de arroz e feij\u00e3o no Brasil diminui e atinge menores \u00edndices desde os anos 1960<br \/>\nJornal Nacional\/ Reprodu\u00e7\u00e3o<br \/>\nA sensa\u00e7\u00e3o de inseguran\u00e7a alimentar esteve presente em 29,4% dos domic\u00edlios do Rio Grande do Norte em 2024, o que representou uma queda em rela\u00e7\u00e3o ao ano anterior, quando essa taxa era 33,7%.  Essa foi a menor taxa do Nordeste.<br \/>\nAo todo, 371 mil resid\u00eancias potiguares tiveram algum n\u00edvel de inseguran\u00e7a alimentar em algum per\u00edodo do ano passado (entenda, mais abaixo, os n\u00edveis).<br \/>\n\ud83d\udcf3 Clique aqui para seguir o canal do g1 RN no WhatsApp<br \/>\nO dado consta no m\u00f3dulo sobre Seguran\u00e7a Alimentar da Pesquisa Nacional por Amostra de Domic\u00edlios (Pnad) Cont\u00ednua, que foi divulgado nesta sexta-feira (10) pelo Instituto Brasileiro de Geografia e Estat\u00edstica (IBGE).<br \/>\nSegundo o IBGE, o Nordeste apresentou queda nas taxas em todos os estados. Apesar do recuo no Rio Grande do Norte, o percentual ainda \u00e9 maior que a m\u00e9dia nacional de 24,2%.<br \/>\nO Piau\u00ed segue encabe\u00e7ando o ranking nordestino, com 39,3% dos seus domic\u00edlios em situa\u00e7\u00e3o de inseguran\u00e7a alimentar no \u00faltimo ano.<br \/>\nLEIA TAMB\u00c9M<br \/>\nENTENDA: Qual \u00e9 a diferen\u00e7a entre fome e inseguran\u00e7a alimentar<br \/>\nIBGE: Fome atinge 6,48 milh\u00f5es de pessoas no Brasil, menor n\u00edvel em 20 anos<br \/>\nBrasil \u00e9 um grande produtor de alimentos, mas convive com a inseguran\u00e7a alimentar<br \/>\n371 mil resid\u00eancias no RN<br \/>\nO levantamento estima que em 371 mil resid\u00eancias potiguares pelo menos uma pessoa teve percep\u00e7\u00e3o de algum grau de inseguran\u00e7a alimentar no per\u00edodo analisado &#8211; entre leve, moderado ou grave.<br \/>\nA avalia\u00e7\u00e3o do grau \u00e9 feita com base na Escala Brasileira de Inseguran\u00e7a Alimentar (EBIA) utilizada na pesquisa.<br \/>\n\u201cA EBIA permite identificar e classificar a percep\u00e7\u00e3o da fam\u00edlia sobre a seguran\u00e7a alimentar e nutricional em suas experi\u00eancias cotidianas\u201d, explicou a analista do IBGE, Maria Lucia Vieira.<br \/>\nLeve, grave e moderada<br \/>\nDo total dos domic\u00edlios potiguares, 19,3% apresentaram situa\u00e7\u00e3o de inseguran\u00e7a alimentar leve.<br \/>\nNessas resid\u00eancias, foram relatadas preocupa\u00e7\u00e3o ou incerteza quanto o acesso aos alimentos no futuro, ou ainda o consumo de alimentos com qualidade inadequada como estrat\u00e9gia para n\u00e3o comprometer a quantidade de comida dispon\u00edvel em casa. Havia 243 mil domic\u00edlios no RN nessa situa\u00e7\u00e3o em 2024.<br \/>\nA inseguran\u00e7a alimentar grave esteve presente em 3,9% das resid\u00eancias.<br \/>\nIsso significa que todos os moradores de cerca de 49 mil domic\u00edlios do RN conviveram com falta de alimentos, incluindo as crian\u00e7as. Nessa situa\u00e7\u00e3o, a fome passa a ser uma experi\u00eancia vivida no domic\u00edlio.<br \/>\nA inseguran\u00e7a alimentar moderada foi relatada em 6,3% dos domic\u00edlios potiguares.<br \/>\nNesse caso h\u00e1 redu\u00e7\u00e3o quantitativa de alimentos ou ruptura nos padr\u00f5es de alimenta\u00e7\u00e3o resultante da falta de alimentos entre os adultos.<br \/>\nGr\u00e1fico de inseguran\u00e7a alimentar<br \/>\nIBGE<br \/>\nPnad Cont\u00ednua: Seguran\u00e7a Alimentar<br \/>\nO m\u00f3dulo de Seguran\u00e7a Alimentar da Pnad Cont\u00ednua acontece por meio de uma parceria entre o IBGE e o Minist\u00e9rio do Desenvolvimento e Assist\u00eancia Social, Fam\u00edlia e Combate \u00e0 Fome, trazendo dados sobre a condi\u00e7\u00e3o de seguran\u00e7a alimentar nas unidades domiciliares do pa\u00eds, tendo como referencial metodol\u00f3gico a Escala Brasileira de Inseguran\u00e7a Alimentar (EBIA).<br \/>\nPor meio dessa escala, \u00e9 poss\u00edvel identificar e classificar os domic\u00edlios de acordo com os graus de severidade com que o fen\u00f4meno \u00e9 vivenciado pelas fam\u00edlias neles residentes, possibilitando, assim, estimar a magnitude do problema da inseguran\u00e7a alimentar nessas unidades.<br \/>\nV\u00eddeos mais assistidos do g1 RN<\/p>","protected":false},"excerpt":{"rendered":"<p>Consumo de arroz e feij\u00e3o no Brasil diminui e atinge menores \u00edndices desde os anos 1960 Jornal Nacional\/ Reprodu\u00e7\u00e3o A sensa\u00e7\u00e3o de inseguran\u00e7a alimentar esteve presente em 29,4% dos domic\u00edlios &#8230;<\/p>\n","protected":false},"author":0,"featured_media":14258,"parent":0,"menu_order":0,"comment_status":"closed","ping_status":"closed","template":"","meta":{"footnotes":""},"class_list":["post-14257","page","type-page","status-publish","has-post-thumbnail","hentry"],"yoast_head":"<!-- This site is optimized with the Yoast SEO plugin v27.1.1 - https:\/\/yoast.com\/product\/yoast-seo-wordpress\/ -->\n<title>RN tem a menor taxa de inseguran\u00e7a alimentar do Nordeste, diz IBGE - Taveira Jr<\/title>\n<meta name=\"robots\" content=\"index, follow, max-snippet:-1, max-image-preview:large, max-video-preview:-1\" \/>\n<link rel=\"canonical\" href=\"https:\/\/deputadotaveirajr.com.br\/index.php\/rn-tem-a-menor-taxa-de-inseguranca-alimentar-do-nordeste-diz-ibge\/\" \/>\n<meta property=\"og:locale\" content=\"pt_BR\" \/>\n<meta property=\"og:type\" content=\"article\" \/>\n<meta property=\"og:title\" content=\"RN tem a menor taxa de inseguran\u00e7a alimentar do Nordeste, diz IBGE - Taveira Jr\" \/>\n<meta property=\"og:description\" content=\"Consumo de arroz e feij\u00e3o no Brasil diminui e atinge menores \u00edndices desde os anos 1960 Jornal Nacional\/ Reprodu\u00e7\u00e3o A sensa\u00e7\u00e3o de inseguran\u00e7a alimentar esteve presente em 29,4% dos domic\u00edlios ...\" \/>\n<meta property=\"og:url\" content=\"https:\/\/deputadotaveirajr.com.br\/index.php\/rn-tem-a-menor-taxa-de-inseguranca-alimentar-do-nordeste-diz-ibge\/\" \/>\n<meta property=\"og:site_name\" content=\"Taveira Jr\" \/>\n<meta property=\"og:image\" content=\"https:\/\/s2-g1.glbimg.com\/IajbgzhbTTpkQYAG7E6ObK3P4iw=\/i.s3.glbimg.com\/v1\/AUTH_59edd422c0c84a879bd37670ae4f538a\/internal_photos\/bs\/2025\/2\/k\/ALplAwQQAi0SBFzJrVUw\/videoframe-3746983.png\" \/>\n<meta name=\"twitter:card\" content=\"summary_large_image\" \/>\n<meta name=\"twitter:label1\" content=\"Est. tempo de leitura\" \/>\n\t<meta name=\"twitter:data1\" content=\"3 minutos\" \/>\n<script type=\"application\/ld+json\" class=\"yoast-schema-graph\">{\"@context\":\"https:\/\/schema.org\",\"@graph\":[{\"@type\":\"WebPage\",\"@id\":\"https:\/\/deputadotaveirajr.com.br\/index.php\/rn-tem-a-menor-taxa-de-inseguranca-alimentar-do-nordeste-diz-ibge\/\",\"url\":\"https:\/\/deputadotaveirajr.com.br\/index.php\/rn-tem-a-menor-taxa-de-inseguranca-alimentar-do-nordeste-diz-ibge\/\",\"name\":\"RN tem a menor taxa de inseguran\u00e7a alimentar do Nordeste, diz IBGE - Taveira Jr\",\"isPartOf\":{\"@id\":\"https:\/\/deputadotaveirajr.com.br\/#website\"},\"primaryImageOfPage\":{\"@id\":\"https:\/\/deputadotaveirajr.com.br\/index.php\/rn-tem-a-menor-taxa-de-inseguranca-alimentar-do-nordeste-diz-ibge\/#primaryimage\"},\"image\":{\"@id\":\"https:\/\/deputadotaveirajr.com.br\/index.php\/rn-tem-a-menor-taxa-de-inseguranca-alimentar-do-nordeste-diz-ibge\/#primaryimage\"},\"thumbnailUrl\":\"https:\/\/deputadotaveirajr.com.br\/wp-content\/uploads\/2025\/10\/videoframe-3746983-Wm1WB8.jpg\",\"datePublished\":\"2025-10-10T18:45:49+00:00\",\"breadcrumb\":{\"@id\":\"https:\/\/deputadotaveirajr.com.br\/index.php\/rn-tem-a-menor-taxa-de-inseguranca-alimentar-do-nordeste-diz-ibge\/#breadcrumb\"},\"inLanguage\":\"pt-BR\",\"potentialAction\":[{\"@type\":\"ReadAction\",\"target\":[\"https:\/\/deputadotaveirajr.com.br\/index.php\/rn-tem-a-menor-taxa-de-inseguranca-alimentar-do-nordeste-diz-ibge\/\"]}]},{\"@type\":\"ImageObject\",\"inLanguage\":\"pt-BR\",\"@id\":\"https:\/\/deputadotaveirajr.com.br\/index.php\/rn-tem-a-menor-taxa-de-inseguranca-alimentar-do-nordeste-diz-ibge\/#primaryimage\",\"url\":\"https:\/\/deputadotaveirajr.com.br\/wp-content\/uploads\/2025\/10\/videoframe-3746983-Wm1WB8.jpg\",\"contentUrl\":\"https:\/\/deputadotaveirajr.com.br\/wp-content\/uploads\/2025\/10\/videoframe-3746983-Wm1WB8.jpg\",\"width\":1920,\"height\":1080},{\"@type\":\"BreadcrumbList\",\"@id\":\"https:\/\/deputadotaveirajr.com.br\/index.php\/rn-tem-a-menor-taxa-de-inseguranca-alimentar-do-nordeste-diz-ibge\/#breadcrumb\",\"itemListElement\":[{\"@type\":\"ListItem\",\"position\":1,\"name\":\"In\u00edcio\",\"item\":\"https:\/\/deputadotaveirajr.com.br\/\"},{\"@type\":\"ListItem\",\"position\":2,\"name\":\"RN tem a menor taxa de inseguran\u00e7a alimentar do Nordeste, diz IBGE\"}]},{\"@type\":\"WebSite\",\"@id\":\"https:\/\/deputadotaveirajr.com.br\/#website\",\"url\":\"https:\/\/deputadotaveirajr.com.br\/\",\"name\":\"Taveira Jr\",\"description\":\"Deputado Estadual\",\"publisher\":{\"@id\":\"https:\/\/deputadotaveirajr.com.br\/#organization\"},\"potentialAction\":[{\"@type\":\"SearchAction\",\"target\":{\"@type\":\"EntryPoint\",\"urlTemplate\":\"https:\/\/deputadotaveirajr.com.br\/?s={search_term_string}\"},\"query-input\":{\"@type\":\"PropertyValueSpecification\",\"valueRequired\":true,\"valueName\":\"search_term_string\"}}],\"inLanguage\":\"pt-BR\"},{\"@type\":\"Organization\",\"@id\":\"https:\/\/deputadotaveirajr.com.br\/#organization\",\"name\":\"Taveira Jr\",\"url\":\"https:\/\/deputadotaveirajr.com.br\/\",\"logo\":{\"@type\":\"ImageObject\",\"inLanguage\":\"pt-BR\",\"@id\":\"https:\/\/deputadotaveirajr.com.br\/#\/schema\/logo\/image\/\",\"url\":\"https:\/\/deputadotaveirajr.com.br\/wp-content\/uploads\/2026\/01\/logolow2a.png\",\"contentUrl\":\"https:\/\/deputadotaveirajr.com.br\/wp-content\/uploads\/2026\/01\/logolow2a.png\",\"width\":290,\"height\":80,\"caption\":\"Taveira Jr\"},\"image\":{\"@id\":\"https:\/\/deputadotaveirajr.com.br\/#\/schema\/logo\/image\/\"}}]}<\/script>\n<!-- \/ Yoast SEO plugin. -->","yoast_head_json":{"title":"RN tem a menor taxa de inseguran\u00e7a alimentar do Nordeste, diz IBGE - Taveira Jr","robots":{"index":"index","follow":"follow","max-snippet":"max-snippet:-1","max-image-preview":"max-image-preview:large","max-video-preview":"max-video-preview:-1"},"canonical":"https:\/\/deputadotaveirajr.com.br\/index.php\/rn-tem-a-menor-taxa-de-inseguranca-alimentar-do-nordeste-diz-ibge\/","og_locale":"pt_BR","og_type":"article","og_title":"RN tem a menor taxa de inseguran\u00e7a alimentar do Nordeste, diz IBGE - Taveira Jr","og_description":"Consumo de arroz e feij\u00e3o no Brasil diminui e atinge menores \u00edndices desde os anos 1960 Jornal Nacional\/ Reprodu\u00e7\u00e3o A sensa\u00e7\u00e3o de inseguran\u00e7a alimentar esteve presente em 29,4% dos domic\u00edlios ...","og_url":"https:\/\/deputadotaveirajr.com.br\/index.php\/rn-tem-a-menor-taxa-de-inseguranca-alimentar-do-nordeste-diz-ibge\/","og_site_name":"Taveira Jr","og_image":[{"url":"https:\/\/s2-g1.glbimg.com\/IajbgzhbTTpkQYAG7E6ObK3P4iw=\/i.s3.glbimg.com\/v1\/AUTH_59edd422c0c84a879bd37670ae4f538a\/internal_photos\/bs\/2025\/2\/k\/ALplAwQQAi0SBFzJrVUw\/videoframe-3746983.png","type":"","width":"","height":""}],"twitter_card":"summary_large_image","twitter_misc":{"Est. tempo de leitura":"3 minutos"},"schema":{"@context":"https:\/\/schema.org","@graph":[{"@type":"WebPage","@id":"https:\/\/deputadotaveirajr.com.br\/index.php\/rn-tem-a-menor-taxa-de-inseguranca-alimentar-do-nordeste-diz-ibge\/","url":"https:\/\/deputadotaveirajr.com.br\/index.php\/rn-tem-a-menor-taxa-de-inseguranca-alimentar-do-nordeste-diz-ibge\/","name":"RN tem a menor taxa de inseguran\u00e7a alimentar do Nordeste, diz IBGE - Taveira Jr","isPartOf":{"@id":"https:\/\/deputadotaveirajr.com.br\/#website"},"primaryImageOfPage":{"@id":"https:\/\/deputadotaveirajr.com.br\/index.php\/rn-tem-a-menor-taxa-de-inseguranca-alimentar-do-nordeste-diz-ibge\/#primaryimage"},"image":{"@id":"https:\/\/deputadotaveirajr.com.br\/index.php\/rn-tem-a-menor-taxa-de-inseguranca-alimentar-do-nordeste-diz-ibge\/#primaryimage"},"thumbnailUrl":"https:\/\/deputadotaveirajr.com.br\/wp-content\/uploads\/2025\/10\/videoframe-3746983-Wm1WB8.jpg","datePublished":"2025-10-10T18:45:49+00:00","breadcrumb":{"@id":"https:\/\/deputadotaveirajr.com.br\/index.php\/rn-tem-a-menor-taxa-de-inseguranca-alimentar-do-nordeste-diz-ibge\/#breadcrumb"},"inLanguage":"pt-BR","potentialAction":[{"@type":"ReadAction","target":["https:\/\/deputadotaveirajr.com.br\/index.php\/rn-tem-a-menor-taxa-de-inseguranca-alimentar-do-nordeste-diz-ibge\/"]}]},{"@type":"ImageObject","inLanguage":"pt-BR","@id":"https:\/\/deputadotaveirajr.com.br\/index.php\/rn-tem-a-menor-taxa-de-inseguranca-alimentar-do-nordeste-diz-ibge\/#primaryimage","url":"https:\/\/deputadotaveirajr.com.br\/wp-content\/uploads\/2025\/10\/videoframe-3746983-Wm1WB8.jpg","contentUrl":"https:\/\/deputadotaveirajr.com.br\/wp-content\/uploads\/2025\/10\/videoframe-3746983-Wm1WB8.jpg","width":1920,"height":1080},{"@type":"BreadcrumbList","@id":"https:\/\/deputadotaveirajr.com.br\/index.php\/rn-tem-a-menor-taxa-de-inseguranca-alimentar-do-nordeste-diz-ibge\/#breadcrumb","itemListElement":[{"@type":"ListItem","position":1,"name":"In\u00edcio","item":"https:\/\/deputadotaveirajr.com.br\/"},{"@type":"ListItem","position":2,"name":"RN tem a menor taxa de inseguran\u00e7a alimentar do Nordeste, diz IBGE"}]},{"@type":"WebSite","@id":"https:\/\/deputadotaveirajr.com.br\/#website","url":"https:\/\/deputadotaveirajr.com.br\/","name":"Taveira Jr","description":"Deputado Estadual","publisher":{"@id":"https:\/\/deputadotaveirajr.com.br\/#organization"},"potentialAction":[{"@type":"SearchAction","target":{"@type":"EntryPoint","urlTemplate":"https:\/\/deputadotaveirajr.com.br\/?s={search_term_string}"},"query-input":{"@type":"PropertyValueSpecification","valueRequired":true,"valueName":"search_term_string"}}],"inLanguage":"pt-BR"},{"@type":"Organization","@id":"https:\/\/deputadotaveirajr.com.br\/#organization","name":"Taveira Jr","url":"https:\/\/deputadotaveirajr.com.br\/","logo":{"@type":"ImageObject","inLanguage":"pt-BR","@id":"https:\/\/deputadotaveirajr.com.br\/#\/schema\/logo\/image\/","url":"https:\/\/deputadotaveirajr.com.br\/wp-content\/uploads\/2026\/01\/logolow2a.png","contentUrl":"https:\/\/deputadotaveirajr.com.br\/wp-content\/uploads\/2026\/01\/logolow2a.png","width":290,"height":80,"caption":"Taveira Jr"},"image":{"@id":"https:\/\/deputadotaveirajr.com.br\/#\/schema\/logo\/image\/"}}]}},"_links":{"self":[{"href":"https:\/\/deputadotaveirajr.com.br\/index.php\/wp-json\/wp\/v2\/pages\/14257","targetHints":{"allow":["GET"]}}],"collection":[{"href":"https:\/\/deputadotaveirajr.com.br\/index.php\/wp-json\/wp\/v2\/pages"}],"about":[{"href":"https:\/\/deputadotaveirajr.com.br\/index.php\/wp-json\/wp\/v2\/types\/page"}],"replies":[{"embeddable":true,"href":"https:\/\/deputadotaveirajr.com.br\/index.php\/wp-json\/wp\/v2\/comments?post=14257"}],"version-history":[{"count":0,"href":"https:\/\/deputadotaveirajr.com.br\/index.php\/wp-json\/wp\/v2\/pages\/14257\/revisions"}],"wp:featuredmedia":[{"embeddable":true,"href":"https:\/\/deputadotaveirajr.com.br\/index.php\/wp-json\/wp\/v2\/media\/14258"}],"wp:attachment":[{"href":"https:\/\/deputadotaveirajr.com.br\/index.php\/wp-json\/wp\/v2\/media?parent=14257"}],"curies":[{"name":"wp","href":"https:\/\/api.w.org\/{rel}","templated":true}]}}