{"id":14263,"date":"2025-10-11T10:18:39","date_gmt":"2025-10-11T13:18:39","guid":{"rendered":"https:\/\/deputadotaveirajr.com.br\/index.php\/pm-e-baleado-durante-confronto-com-criminosos-na-zona-oeste-de-natal\/"},"modified":"2025-10-11T10:18:39","modified_gmt":"2025-10-11T13:18:39","slug":"pm-e-baleado-durante-confronto-com-criminosos-na-zona-oeste-de-natal","status":"publish","type":"page","link":"https:\/\/deputadotaveirajr.com.br\/index.php\/pm-e-baleado-durante-confronto-com-criminosos-na-zona-oeste-de-natal\/","title":{"rendered":"PM \u00e9 baleado durante confronto com criminosos na Zona Oeste de Natal"},"content":{"rendered":"<p><img decoding=\"async\" src=\"https:\/\/s2-g1.glbimg.com\/K4SkeH28byrtJx_eVWFG62rniks=\/i.s3.glbimg.com\/v1\/AUTH_59edd422c0c84a879bd37670ae4f538a\/internal_photos\/bs\/2023\/f\/J\/GZ5KcoSoWFBeER2b2Vig\/whatsapp-image-2023-12-19-at-10.17.31.jpeg\" \/><br \/>     Giroflex<br \/>\nFoto: Divulga\u00e7\u00e3o<br \/>\nUm policial militar foi baleado durante confronto com criminosos, na noite de sexta-feira (10) no bairro Nova Cidade, na Zona Oeste de Natal. Ele foi atendido e est\u00e1 fora de perigo, segundo a corpora\u00e7\u00e3o.<br \/>\nO caso aconteceu por volta das 23h50 na Travessa Cabugi. De acordo com a Pol\u00edcia Militar, equipes da For\u00e7a T\u00e1tica do 9\u00ba Batalh\u00e3o tinham sido enviadas para verificar uma den\u00fancia de que havia suspeitos armados no local.<br \/>\n\ud83d\udcf3 Clique aqui para seguir o canal do g1 RN no WhatsApp<br \/>\nDurante a incurs\u00e3o a p\u00e9, os policiais foram surpreendidos por disparos de arma de fogo. Houve troca de tiros e um 2\u00ba sargento da For\u00e7a T\u00e1tica foi atingido no bra\u00e7o esquerdo.<br \/>\nVeja os v\u00eddeos que est\u00e3o em alta no g1<br \/>\n&#8220;O militar foi socorrido de imediato ao Hospital Monsenhor Walfredo Gurgel, onde recebeu atendimento m\u00e9dico, sendo medicado e liberado, encontrando-se bem e fora de perigo&#8221;, informou a corpora\u00e7\u00e3o.<br \/>\nOs criminosos conseguiram fugir. Segundo a pol\u00edcia, dilig\u00eancias seguem em andamento com o objetivo de localizar e capturar suspeitos.<br \/>\nVeja os v\u00eddeos mais assistidos no g1 RN<\/p>","protected":false},"excerpt":{"rendered":"<p>Giroflex Foto: Divulga\u00e7\u00e3o Um policial militar foi baleado durante confronto com criminosos, na noite de sexta-feira (10) no bairro Nova Cidade, na Zona Oeste de Natal. Ele foi atendido e &#8230;<\/p>\n","protected":false},"author":0,"featured_media":14264,"parent":0,"menu_order":0,"comment_status":"closed","ping_status":"closed","template":"","meta":{"footnotes":""},"class_list":["post-14263","page","type-page","status-publish","has-post-thumbnail","hentry"],"yoast_head":"<!-- This site is optimized with the Yoast SEO plugin v27.1.1 - https:\/\/yoast.com\/product\/yoast-seo-wordpress\/ -->\n<title>PM \u00e9 baleado durante confronto com criminosos na Zona Oeste de Natal - Taveira Jr<\/title>\n<meta name=\"robots\" content=\"index, follow, max-snippet:-1, max-image-preview:large, max-video-preview:-1\" \/>\n<link rel=\"canonical\" href=\"https:\/\/deputadotaveirajr.com.br\/index.php\/pm-e-baleado-durante-confronto-com-criminosos-na-zona-oeste-de-natal\/\" \/>\n<meta property=\"og:locale\" content=\"pt_BR\" \/>\n<meta property=\"og:type\" content=\"article\" \/>\n<meta property=\"og:title\" content=\"PM \u00e9 baleado durante confronto com criminosos na Zona Oeste de Natal - Taveira Jr\" \/>\n<meta property=\"og:description\" content=\"Giroflex Foto: Divulga\u00e7\u00e3o Um policial militar foi baleado durante confronto com criminosos, na noite de sexta-feira (10) no bairro Nova Cidade, na Zona Oeste de Natal. Ele foi atendido e ...\" \/>\n<meta property=\"og:url\" content=\"https:\/\/deputadotaveirajr.com.br\/index.php\/pm-e-baleado-durante-confronto-com-criminosos-na-zona-oeste-de-natal\/\" \/>\n<meta property=\"og:site_name\" content=\"Taveira Jr\" \/>\n<meta property=\"og:image\" content=\"https:\/\/s2-g1.glbimg.com\/K4SkeH28byrtJx_eVWFG62rniks=\/i.s3.glbimg.com\/v1\/AUTH_59edd422c0c84a879bd37670ae4f538a\/internal_photos\/bs\/2023\/f\/J\/GZ5KcoSoWFBeER2b2Vig\/whatsapp-image-2023-12-19-at-10.17.31.jpeg\" \/>\n<meta name=\"twitter:card\" content=\"summary_large_image\" \/>\n<meta name=\"twitter:label1\" content=\"Est. tempo de leitura\" \/>\n\t<meta name=\"twitter:data1\" content=\"1 minuto\" \/>\n<script type=\"application\/ld+json\" class=\"yoast-schema-graph\">{\"@context\":\"https:\/\/schema.org\",\"@graph\":[{\"@type\":\"WebPage\",\"@id\":\"https:\/\/deputadotaveirajr.com.br\/index.php\/pm-e-baleado-durante-confronto-com-criminosos-na-zona-oeste-de-natal\/\",\"url\":\"https:\/\/deputadotaveirajr.com.br\/index.php\/pm-e-baleado-durante-confronto-com-criminosos-na-zona-oeste-de-natal\/\",\"name\":\"PM \u00e9 baleado durante confronto com criminosos na Zona Oeste de Natal - Taveira Jr\",\"isPartOf\":{\"@id\":\"https:\/\/deputadotaveirajr.com.br\/#website\"},\"primaryImageOfPage\":{\"@id\":\"https:\/\/deputadotaveirajr.com.br\/index.php\/pm-e-baleado-durante-confronto-com-criminosos-na-zona-oeste-de-natal\/#primaryimage\"},\"image\":{\"@id\":\"https:\/\/deputadotaveirajr.com.br\/index.php\/pm-e-baleado-durante-confronto-com-criminosos-na-zona-oeste-de-natal\/#primaryimage\"},\"thumbnailUrl\":\"https:\/\/deputadotaveirajr.com.br\/wp-content\/uploads\/2025\/10\/whatsapp-image-2023-12-19-at-10.17.31-FyXo9M.jpg\",\"datePublished\":\"2025-10-11T13:18:39+00:00\",\"breadcrumb\":{\"@id\":\"https:\/\/deputadotaveirajr.com.br\/index.php\/pm-e-baleado-durante-confronto-com-criminosos-na-zona-oeste-de-natal\/#breadcrumb\"},\"inLanguage\":\"pt-BR\",\"potentialAction\":[{\"@type\":\"ReadAction\",\"target\":[\"https:\/\/deputadotaveirajr.com.br\/index.php\/pm-e-baleado-durante-confronto-com-criminosos-na-zona-oeste-de-natal\/\"]}]},{\"@type\":\"ImageObject\",\"inLanguage\":\"pt-BR\",\"@id\":\"https:\/\/deputadotaveirajr.com.br\/index.php\/pm-e-baleado-durante-confronto-com-criminosos-na-zona-oeste-de-natal\/#primaryimage\",\"url\":\"https:\/\/deputadotaveirajr.com.br\/wp-content\/uploads\/2025\/10\/whatsapp-image-2023-12-19-at-10.17.31-FyXo9M.jpg\",\"contentUrl\":\"https:\/\/deputadotaveirajr.com.br\/wp-content\/uploads\/2025\/10\/whatsapp-image-2023-12-19-at-10.17.31-FyXo9M.jpg\",\"width\":1280,\"height\":854},{\"@type\":\"BreadcrumbList\",\"@id\":\"https:\/\/deputadotaveirajr.com.br\/index.php\/pm-e-baleado-durante-confronto-com-criminosos-na-zona-oeste-de-natal\/#breadcrumb\",\"itemListElement\":[{\"@type\":\"ListItem\",\"position\":1,\"name\":\"In\u00edcio\",\"item\":\"https:\/\/deputadotaveirajr.com.br\/\"},{\"@type\":\"ListItem\",\"position\":2,\"name\":\"PM \u00e9 baleado durante confronto com criminosos na Zona Oeste de Natal\"}]},{\"@type\":\"WebSite\",\"@id\":\"https:\/\/deputadotaveirajr.com.br\/#website\",\"url\":\"https:\/\/deputadotaveirajr.com.br\/\",\"name\":\"Taveira Jr\",\"description\":\"Deputado Estadual\",\"publisher\":{\"@id\":\"https:\/\/deputadotaveirajr.com.br\/#organization\"},\"potentialAction\":[{\"@type\":\"SearchAction\",\"target\":{\"@type\":\"EntryPoint\",\"urlTemplate\":\"https:\/\/deputadotaveirajr.com.br\/?s={search_term_string}\"},\"query-input\":{\"@type\":\"PropertyValueSpecification\",\"valueRequired\":true,\"valueName\":\"search_term_string\"}}],\"inLanguage\":\"pt-BR\"},{\"@type\":\"Organization\",\"@id\":\"https:\/\/deputadotaveirajr.com.br\/#organization\",\"name\":\"Taveira Jr\",\"url\":\"https:\/\/deputadotaveirajr.com.br\/\",\"logo\":{\"@type\":\"ImageObject\",\"inLanguage\":\"pt-BR\",\"@id\":\"https:\/\/deputadotaveirajr.com.br\/#\/schema\/logo\/image\/\",\"url\":\"https:\/\/deputadotaveirajr.com.br\/wp-content\/uploads\/2026\/01\/logolow2a.png\",\"contentUrl\":\"https:\/\/deputadotaveirajr.com.br\/wp-content\/uploads\/2026\/01\/logolow2a.png\",\"width\":290,\"height\":80,\"caption\":\"Taveira Jr\"},\"image\":{\"@id\":\"https:\/\/deputadotaveirajr.com.br\/#\/schema\/logo\/image\/\"}}]}<\/script>\n<!-- \/ Yoast SEO plugin. -->","yoast_head_json":{"title":"PM \u00e9 baleado durante confronto com criminosos na Zona Oeste de Natal - Taveira Jr","robots":{"index":"index","follow":"follow","max-snippet":"max-snippet:-1","max-image-preview":"max-image-preview:large","max-video-preview":"max-video-preview:-1"},"canonical":"https:\/\/deputadotaveirajr.com.br\/index.php\/pm-e-baleado-durante-confronto-com-criminosos-na-zona-oeste-de-natal\/","og_locale":"pt_BR","og_type":"article","og_title":"PM \u00e9 baleado durante confronto com criminosos na Zona Oeste de Natal - Taveira Jr","og_description":"Giroflex Foto: Divulga\u00e7\u00e3o Um policial militar foi baleado durante confronto com criminosos, na noite de sexta-feira (10) no bairro Nova Cidade, na Zona Oeste de Natal. Ele foi atendido e ...","og_url":"https:\/\/deputadotaveirajr.com.br\/index.php\/pm-e-baleado-durante-confronto-com-criminosos-na-zona-oeste-de-natal\/","og_site_name":"Taveira Jr","og_image":[{"url":"https:\/\/s2-g1.glbimg.com\/K4SkeH28byrtJx_eVWFG62rniks=\/i.s3.glbimg.com\/v1\/AUTH_59edd422c0c84a879bd37670ae4f538a\/internal_photos\/bs\/2023\/f\/J\/GZ5KcoSoWFBeER2b2Vig\/whatsapp-image-2023-12-19-at-10.17.31.jpeg","type":"","width":"","height":""}],"twitter_card":"summary_large_image","twitter_misc":{"Est. tempo de leitura":"1 minuto"},"schema":{"@context":"https:\/\/schema.org","@graph":[{"@type":"WebPage","@id":"https:\/\/deputadotaveirajr.com.br\/index.php\/pm-e-baleado-durante-confronto-com-criminosos-na-zona-oeste-de-natal\/","url":"https:\/\/deputadotaveirajr.com.br\/index.php\/pm-e-baleado-durante-confronto-com-criminosos-na-zona-oeste-de-natal\/","name":"PM \u00e9 baleado durante confronto com criminosos na Zona Oeste de Natal - Taveira Jr","isPartOf":{"@id":"https:\/\/deputadotaveirajr.com.br\/#website"},"primaryImageOfPage":{"@id":"https:\/\/deputadotaveirajr.com.br\/index.php\/pm-e-baleado-durante-confronto-com-criminosos-na-zona-oeste-de-natal\/#primaryimage"},"image":{"@id":"https:\/\/deputadotaveirajr.com.br\/index.php\/pm-e-baleado-durante-confronto-com-criminosos-na-zona-oeste-de-natal\/#primaryimage"},"thumbnailUrl":"https:\/\/deputadotaveirajr.com.br\/wp-content\/uploads\/2025\/10\/whatsapp-image-2023-12-19-at-10.17.31-FyXo9M.jpg","datePublished":"2025-10-11T13:18:39+00:00","breadcrumb":{"@id":"https:\/\/deputadotaveirajr.com.br\/index.php\/pm-e-baleado-durante-confronto-com-criminosos-na-zona-oeste-de-natal\/#breadcrumb"},"inLanguage":"pt-BR","potentialAction":[{"@type":"ReadAction","target":["https:\/\/deputadotaveirajr.com.br\/index.php\/pm-e-baleado-durante-confronto-com-criminosos-na-zona-oeste-de-natal\/"]}]},{"@type":"ImageObject","inLanguage":"pt-BR","@id":"https:\/\/deputadotaveirajr.com.br\/index.php\/pm-e-baleado-durante-confronto-com-criminosos-na-zona-oeste-de-natal\/#primaryimage","url":"https:\/\/deputadotaveirajr.com.br\/wp-content\/uploads\/2025\/10\/whatsapp-image-2023-12-19-at-10.17.31-FyXo9M.jpg","contentUrl":"https:\/\/deputadotaveirajr.com.br\/wp-content\/uploads\/2025\/10\/whatsapp-image-2023-12-19-at-10.17.31-FyXo9M.jpg","width":1280,"height":854},{"@type":"BreadcrumbList","@id":"https:\/\/deputadotaveirajr.com.br\/index.php\/pm-e-baleado-durante-confronto-com-criminosos-na-zona-oeste-de-natal\/#breadcrumb","itemListElement":[{"@type":"ListItem","position":1,"name":"In\u00edcio","item":"https:\/\/deputadotaveirajr.com.br\/"},{"@type":"ListItem","position":2,"name":"PM \u00e9 baleado durante confronto com criminosos na Zona Oeste de Natal"}]},{"@type":"WebSite","@id":"https:\/\/deputadotaveirajr.com.br\/#website","url":"https:\/\/deputadotaveirajr.com.br\/","name":"Taveira Jr","description":"Deputado Estadual","publisher":{"@id":"https:\/\/deputadotaveirajr.com.br\/#organization"},"potentialAction":[{"@type":"SearchAction","target":{"@type":"EntryPoint","urlTemplate":"https:\/\/deputadotaveirajr.com.br\/?s={search_term_string}"},"query-input":{"@type":"PropertyValueSpecification","valueRequired":true,"valueName":"search_term_string"}}],"inLanguage":"pt-BR"},{"@type":"Organization","@id":"https:\/\/deputadotaveirajr.com.br\/#organization","name":"Taveira Jr","url":"https:\/\/deputadotaveirajr.com.br\/","logo":{"@type":"ImageObject","inLanguage":"pt-BR","@id":"https:\/\/deputadotaveirajr.com.br\/#\/schema\/logo\/image\/","url":"https:\/\/deputadotaveirajr.com.br\/wp-content\/uploads\/2026\/01\/logolow2a.png","contentUrl":"https:\/\/deputadotaveirajr.com.br\/wp-content\/uploads\/2026\/01\/logolow2a.png","width":290,"height":80,"caption":"Taveira Jr"},"image":{"@id":"https:\/\/deputadotaveirajr.com.br\/#\/schema\/logo\/image\/"}}]}},"_links":{"self":[{"href":"https:\/\/deputadotaveirajr.com.br\/index.php\/wp-json\/wp\/v2\/pages\/14263","targetHints":{"allow":["GET"]}}],"collection":[{"href":"https:\/\/deputadotaveirajr.com.br\/index.php\/wp-json\/wp\/v2\/pages"}],"about":[{"href":"https:\/\/deputadotaveirajr.com.br\/index.php\/wp-json\/wp\/v2\/types\/page"}],"replies":[{"embeddable":true,"href":"https:\/\/deputadotaveirajr.com.br\/index.php\/wp-json\/wp\/v2\/comments?post=14263"}],"version-history":[{"count":0,"href":"https:\/\/deputadotaveirajr.com.br\/index.php\/wp-json\/wp\/v2\/pages\/14263\/revisions"}],"wp:featuredmedia":[{"embeddable":true,"href":"https:\/\/deputadotaveirajr.com.br\/index.php\/wp-json\/wp\/v2\/media\/14264"}],"wp:attachment":[{"href":"https:\/\/deputadotaveirajr.com.br\/index.php\/wp-json\/wp\/v2\/media?parent=14263"}],"curies":[{"name":"wp","href":"https:\/\/api.w.org\/{rel}","templated":true}]}}