{"id":14272,"date":"2025-10-13T19:18:27","date_gmt":"2025-10-13T22:18:27","guid":{"rendered":"https:\/\/deputadotaveirajr.com.br\/index.php\/tomografos-do-walfredo-gurgel-quebram-pela-2a-vez-em-menos-de-um-mes-e-afetam-atendimentos\/"},"modified":"2025-10-13T19:18:27","modified_gmt":"2025-10-13T22:18:27","slug":"tomografos-do-walfredo-gurgel-quebram-pela-2a-vez-em-menos-de-um-mes-e-afetam-atendimentos","status":"publish","type":"page","link":"https:\/\/deputadotaveirajr.com.br\/index.php\/tomografos-do-walfredo-gurgel-quebram-pela-2a-vez-em-menos-de-um-mes-e-afetam-atendimentos\/","title":{"rendered":"Tom\u00f3grafos do Walfredo Gurgel quebram pela 2\u00aa vez em menos de um m\u00eas e afetam atendimentos"},"content":{"rendered":"<p><img decoding=\"async\" src=\"https:\/\/s2-g1.glbimg.com\/dqCyvLGrH71m-Y36150ULg0EVig=\/i.s3.glbimg.com\/v1\/AUTH_59edd422c0c84a879bd37670ae4f538a\/internal_photos\/bs\/2025\/Y\/2\/jlqZy1ROORbnyYefn0RA\/whatsapp-image-2025-10-13-at-16.09.25.jpeg\" \/><br \/>     Hospital Walfredo Gurgel, em Natal, est\u00e1 com tomo\u0301grafos quebrados<br \/>\nOs dois tom\u00f3grafos do Hospital Monsenhor Walfredo Gurgel, a maior unidade de sa\u00fade p\u00fablica do estado, quebraram pela segunda vez em menos de um m\u00eas &#8211; em setembro os equipamentos tamb\u00e9m ficaram sem funcionar simultaneamente. (Relembre, no v\u00eddeo acima, quando os tom\u00f3grafos quebraram em setembro).<br \/>\nO problema nas m\u00e1quinas afetou o funcionamento do hospital e o diagn\u00f3stico de pacientes no \u00faltimos dias. A dire\u00e7\u00e3o do hospital informou que a empresa respons\u00e1vel pela manuten\u00e7\u00e3o dos aparelhos espera concluir o trabalho de repara\u00e7\u00e3o nesta segunda-feira (13). (Veja detalhes mais abaixo).<br \/>\nUm dos pacientes que precisou do exame neste fim de semana foi Dami\u00e3o da Silva, de 80 anos, que sofreu um acidente de bicicleta na cidade de Campo Grande e foi transferido para o Walfredo Gurgel, em Natal.<br \/>\n\ud83d\udcf3 Clique aqui para seguir o canal do g1 RN no WhatsApp<br \/>\nCom os equipamentos quebrados, ele precisou ser deslocado para o Hospital Deocl\u00e9cio Marques, em Parnamirim, para realizar a tomografia.<br \/>\n&#8220;Ele foi atropelado por volta das 8 horas, e, na cidade que ele residia, foram prestados os primeiros socorros. Ele foi encaminhado para o Walfredo Gurgel. L\u00e1, de imediato, quando n\u00f3s chegamos, fomos bem atendidos, e foi solicitado o raio-x e a tomografia, j\u00e1 que ele teve pancada na cabe\u00e7a&#8221;, contou a nora Ariedna Lima.<br \/>\nSegundo ela, Dami\u00e3o teve uma fratura exposta nas costas, onde foi colocado um curativo enquanto ele aguardava os exames.<br \/>\n&#8220;Ele passou muito tempo na maca deitado. Por qu\u00ea? N\u00f3s chegamos no Walfredo \u00e0s 14 horas, mas n\u00f3s s\u00f3 conseguimos bater a tomografia \u00e0s 18 horas, depois de esperar bastante&#8221;, contou.<br \/>\nAp\u00f3s retornar ao Walfredo Gurgel, o paciente n\u00e3o resistiu aos ferimentos e morreu &#8211; antes mesmo de entrar na sala de cirurgia. Segundo a fam\u00edlia, ele teve m\u00faltiplas fraturas, incluindo em cinco costelas, na clav\u00edcula e no p\u00e9, e tamb\u00e9m perfura\u00e7\u00e3o no pulm\u00e3o.<br \/>\nUm dos tom\u00f3grafos tem nove anos, enquanto o outro tem 15. Segundo a dire\u00e7\u00e3o do hospital, os dois tom\u00f3grafos s\u00e3o respons\u00e1veis por mais de 4 mil exames de imagem por m\u00eas.<br \/>\nO tom\u00f3grafo com nove anos passa por manuten\u00e7\u00e3o e necessita de troca de pe\u00e7as importadas. O outro aparelho, mais antigo, chegou a voltar a funcionar nesta segunda-feira (13), mas apresentou novas falhas durante os testes.<br \/>\nTom\u00f3grafo Walfredo Gurgel em natal hospital quebrado<br \/>\nThiago C\u00e9sar\/Inter TV Cabugi<br \/>\nNecessidade de novo aparelho<br \/>\nSegundo o diretor do hospital, Geraldo Neto, h\u00e1 uma necessidade de comprar de um novo equipamento, mas h\u00e1 um empecilho or\u00e7ament\u00e1rio para que isso ocorra.<br \/>\n&#8220;Quando a gente chegou aqui no Walfredo, a gente identificou, na verdade, a fragilidade que j\u00e1 existia na estrutura, voltada para essa parte do setor de tomografia, do setor de imagem. E a\u00ed, na verdade, j\u00e1 existe um termo de obsolesc\u00eancia de uma dessas m\u00e1quinas e a gente pediu \u00e0 empresa que faz manuten\u00e7\u00e3o preventiva e corretiva para estender um pouco mais, sabendo justamente das limita\u00e7\u00f5es de or\u00e7amento que o Estado tem. N\u00e3o \u00e9 novidade para ningu\u00e9m a nossa dificuldade de or\u00e7amento&#8221;, falou.<br \/>\nO or\u00e7amento para a compra de um equipamento novo e mais moderno j\u00e1 foi feito, mas o hospital aguarda o direcionamento de verba: cerca de R$ 2,5 milh\u00f5es.<br \/>\n&#8220;O Estado vive nessa situa\u00e7\u00e3o delicada financeira, o que nos impediu de fazer uma aquisi\u00e7\u00e3o de forma mais tempestiva, mas a dire\u00e7\u00e3o, assim que enxergou a necessidade de fazer a substitui\u00e7\u00e3o desses equipamentos, n\u00f3s j\u00e1 disparamos processos de compra para que n\u00f3s fiz\u00e9ssemos a aquisi\u00e7\u00e3o de um equipamento maior, mais robusto&#8221;, completou.<br \/>\nSegundo ele, o processo visa a compra de um equipamento com 64 canais &#8211; o atual tem 16.  &#8220;Ele \u00e9 um equipamento muito mais completo e que a gente com com certeza vai conseguir dar uma resposta muito mais r\u00e1pida para fechar diagn\u00f3stico e realmente para tomar a decis\u00e3o&#8221;, explicou.<br \/>\nN\u00e3o h\u00e1 previs\u00e3o, no entanto, para que essa compra seja realizada.<br \/>\nV\u00eddeos mais assistidos do g1 RN<\/p>","protected":false},"excerpt":{"rendered":"<p>Hospital Walfredo Gurgel, em Natal, est\u00e1 com tomo\u0301grafos quebrados Os dois tom\u00f3grafos do Hospital Monsenhor Walfredo Gurgel, a maior unidade de sa\u00fade p\u00fablica do estado, quebraram pela segunda vez em &#8230;<\/p>\n","protected":false},"author":0,"featured_media":14273,"parent":0,"menu_order":0,"comment_status":"closed","ping_status":"closed","template":"","meta":{"footnotes":""},"class_list":["post-14272","page","type-page","status-publish","has-post-thumbnail","hentry"],"yoast_head":"<!-- This site is optimized with the Yoast SEO plugin v27.1.1 - https:\/\/yoast.com\/product\/yoast-seo-wordpress\/ -->\n<title>Tom\u00f3grafos do Walfredo Gurgel quebram pela 2\u00aa vez em menos de um m\u00eas e afetam atendimentos - Taveira Jr<\/title>\n<meta name=\"robots\" content=\"index, follow, max-snippet:-1, max-image-preview:large, max-video-preview:-1\" \/>\n<link rel=\"canonical\" href=\"https:\/\/deputadotaveirajr.com.br\/index.php\/tomografos-do-walfredo-gurgel-quebram-pela-2a-vez-em-menos-de-um-mes-e-afetam-atendimentos\/\" \/>\n<meta property=\"og:locale\" content=\"pt_BR\" \/>\n<meta property=\"og:type\" content=\"article\" \/>\n<meta property=\"og:title\" content=\"Tom\u00f3grafos do Walfredo Gurgel quebram pela 2\u00aa vez em menos de um m\u00eas e afetam atendimentos - Taveira Jr\" \/>\n<meta property=\"og:description\" content=\"Hospital Walfredo Gurgel, em Natal, est\u00e1 com tomo\u0301grafos quebrados Os dois tom\u00f3grafos do Hospital Monsenhor Walfredo Gurgel, a maior unidade de sa\u00fade p\u00fablica do estado, quebraram pela segunda vez em ...\" \/>\n<meta property=\"og:url\" content=\"https:\/\/deputadotaveirajr.com.br\/index.php\/tomografos-do-walfredo-gurgel-quebram-pela-2a-vez-em-menos-de-um-mes-e-afetam-atendimentos\/\" \/>\n<meta property=\"og:site_name\" content=\"Taveira Jr\" \/>\n<meta property=\"og:image\" content=\"https:\/\/s2-g1.glbimg.com\/dqCyvLGrH71m-Y36150ULg0EVig=\/i.s3.glbimg.com\/v1\/AUTH_59edd422c0c84a879bd37670ae4f538a\/internal_photos\/bs\/2025\/Y\/2\/jlqZy1ROORbnyYefn0RA\/whatsapp-image-2025-10-13-at-16.09.25.jpeg\" \/>\n<meta name=\"twitter:card\" content=\"summary_large_image\" \/>\n<meta name=\"twitter:label1\" content=\"Est. tempo de leitura\" \/>\n\t<meta name=\"twitter:data1\" content=\"4 minutos\" \/>\n<script type=\"application\/ld+json\" class=\"yoast-schema-graph\">{\"@context\":\"https:\/\/schema.org\",\"@graph\":[{\"@type\":\"WebPage\",\"@id\":\"https:\/\/deputadotaveirajr.com.br\/index.php\/tomografos-do-walfredo-gurgel-quebram-pela-2a-vez-em-menos-de-um-mes-e-afetam-atendimentos\/\",\"url\":\"https:\/\/deputadotaveirajr.com.br\/index.php\/tomografos-do-walfredo-gurgel-quebram-pela-2a-vez-em-menos-de-um-mes-e-afetam-atendimentos\/\",\"name\":\"Tom\u00f3grafos do Walfredo Gurgel quebram pela 2\u00aa vez em menos de um m\u00eas e afetam atendimentos - Taveira Jr\",\"isPartOf\":{\"@id\":\"https:\/\/deputadotaveirajr.com.br\/#website\"},\"primaryImageOfPage\":{\"@id\":\"https:\/\/deputadotaveirajr.com.br\/index.php\/tomografos-do-walfredo-gurgel-quebram-pela-2a-vez-em-menos-de-um-mes-e-afetam-atendimentos\/#primaryimage\"},\"image\":{\"@id\":\"https:\/\/deputadotaveirajr.com.br\/index.php\/tomografos-do-walfredo-gurgel-quebram-pela-2a-vez-em-menos-de-um-mes-e-afetam-atendimentos\/#primaryimage\"},\"thumbnailUrl\":\"https:\/\/deputadotaveirajr.com.br\/wp-content\/uploads\/2025\/10\/whatsapp-image-2025-10-13-at-16.09.25-lghxW0.jpg\",\"datePublished\":\"2025-10-13T22:18:27+00:00\",\"breadcrumb\":{\"@id\":\"https:\/\/deputadotaveirajr.com.br\/index.php\/tomografos-do-walfredo-gurgel-quebram-pela-2a-vez-em-menos-de-um-mes-e-afetam-atendimentos\/#breadcrumb\"},\"inLanguage\":\"pt-BR\",\"potentialAction\":[{\"@type\":\"ReadAction\",\"target\":[\"https:\/\/deputadotaveirajr.com.br\/index.php\/tomografos-do-walfredo-gurgel-quebram-pela-2a-vez-em-menos-de-um-mes-e-afetam-atendimentos\/\"]}]},{\"@type\":\"ImageObject\",\"inLanguage\":\"pt-BR\",\"@id\":\"https:\/\/deputadotaveirajr.com.br\/index.php\/tomografos-do-walfredo-gurgel-quebram-pela-2a-vez-em-menos-de-um-mes-e-afetam-atendimentos\/#primaryimage\",\"url\":\"https:\/\/deputadotaveirajr.com.br\/wp-content\/uploads\/2025\/10\/whatsapp-image-2025-10-13-at-16.09.25-lghxW0.jpg\",\"contentUrl\":\"https:\/\/deputadotaveirajr.com.br\/wp-content\/uploads\/2025\/10\/whatsapp-image-2025-10-13-at-16.09.25-lghxW0.jpg\",\"width\":1600,\"height\":900},{\"@type\":\"BreadcrumbList\",\"@id\":\"https:\/\/deputadotaveirajr.com.br\/index.php\/tomografos-do-walfredo-gurgel-quebram-pela-2a-vez-em-menos-de-um-mes-e-afetam-atendimentos\/#breadcrumb\",\"itemListElement\":[{\"@type\":\"ListItem\",\"position\":1,\"name\":\"In\u00edcio\",\"item\":\"https:\/\/deputadotaveirajr.com.br\/\"},{\"@type\":\"ListItem\",\"position\":2,\"name\":\"Tom\u00f3grafos do Walfredo Gurgel quebram pela 2\u00aa vez em menos de um m\u00eas e afetam atendimentos\"}]},{\"@type\":\"WebSite\",\"@id\":\"https:\/\/deputadotaveirajr.com.br\/#website\",\"url\":\"https:\/\/deputadotaveirajr.com.br\/\",\"name\":\"Taveira Jr\",\"description\":\"Deputado Estadual\",\"publisher\":{\"@id\":\"https:\/\/deputadotaveirajr.com.br\/#organization\"},\"potentialAction\":[{\"@type\":\"SearchAction\",\"target\":{\"@type\":\"EntryPoint\",\"urlTemplate\":\"https:\/\/deputadotaveirajr.com.br\/?s={search_term_string}\"},\"query-input\":{\"@type\":\"PropertyValueSpecification\",\"valueRequired\":true,\"valueName\":\"search_term_string\"}}],\"inLanguage\":\"pt-BR\"},{\"@type\":\"Organization\",\"@id\":\"https:\/\/deputadotaveirajr.com.br\/#organization\",\"name\":\"Taveira Jr\",\"url\":\"https:\/\/deputadotaveirajr.com.br\/\",\"logo\":{\"@type\":\"ImageObject\",\"inLanguage\":\"pt-BR\",\"@id\":\"https:\/\/deputadotaveirajr.com.br\/#\/schema\/logo\/image\/\",\"url\":\"https:\/\/deputadotaveirajr.com.br\/wp-content\/uploads\/2026\/01\/logolow2a.png\",\"contentUrl\":\"https:\/\/deputadotaveirajr.com.br\/wp-content\/uploads\/2026\/01\/logolow2a.png\",\"width\":290,\"height\":80,\"caption\":\"Taveira Jr\"},\"image\":{\"@id\":\"https:\/\/deputadotaveirajr.com.br\/#\/schema\/logo\/image\/\"}}]}<\/script>\n<!-- \/ Yoast SEO plugin. -->","yoast_head_json":{"title":"Tom\u00f3grafos do Walfredo Gurgel quebram pela 2\u00aa vez em menos de um m\u00eas e afetam atendimentos - Taveira Jr","robots":{"index":"index","follow":"follow","max-snippet":"max-snippet:-1","max-image-preview":"max-image-preview:large","max-video-preview":"max-video-preview:-1"},"canonical":"https:\/\/deputadotaveirajr.com.br\/index.php\/tomografos-do-walfredo-gurgel-quebram-pela-2a-vez-em-menos-de-um-mes-e-afetam-atendimentos\/","og_locale":"pt_BR","og_type":"article","og_title":"Tom\u00f3grafos do Walfredo Gurgel quebram pela 2\u00aa vez em menos de um m\u00eas e afetam atendimentos - Taveira Jr","og_description":"Hospital Walfredo Gurgel, em Natal, est\u00e1 com tomo\u0301grafos quebrados Os dois tom\u00f3grafos do Hospital Monsenhor Walfredo Gurgel, a maior unidade de sa\u00fade p\u00fablica do estado, quebraram pela segunda vez em ...","og_url":"https:\/\/deputadotaveirajr.com.br\/index.php\/tomografos-do-walfredo-gurgel-quebram-pela-2a-vez-em-menos-de-um-mes-e-afetam-atendimentos\/","og_site_name":"Taveira Jr","og_image":[{"url":"https:\/\/s2-g1.glbimg.com\/dqCyvLGrH71m-Y36150ULg0EVig=\/i.s3.glbimg.com\/v1\/AUTH_59edd422c0c84a879bd37670ae4f538a\/internal_photos\/bs\/2025\/Y\/2\/jlqZy1ROORbnyYefn0RA\/whatsapp-image-2025-10-13-at-16.09.25.jpeg","type":"","width":"","height":""}],"twitter_card":"summary_large_image","twitter_misc":{"Est. tempo de leitura":"4 minutos"},"schema":{"@context":"https:\/\/schema.org","@graph":[{"@type":"WebPage","@id":"https:\/\/deputadotaveirajr.com.br\/index.php\/tomografos-do-walfredo-gurgel-quebram-pela-2a-vez-em-menos-de-um-mes-e-afetam-atendimentos\/","url":"https:\/\/deputadotaveirajr.com.br\/index.php\/tomografos-do-walfredo-gurgel-quebram-pela-2a-vez-em-menos-de-um-mes-e-afetam-atendimentos\/","name":"Tom\u00f3grafos do Walfredo Gurgel quebram pela 2\u00aa vez em menos de um m\u00eas e afetam atendimentos - Taveira Jr","isPartOf":{"@id":"https:\/\/deputadotaveirajr.com.br\/#website"},"primaryImageOfPage":{"@id":"https:\/\/deputadotaveirajr.com.br\/index.php\/tomografos-do-walfredo-gurgel-quebram-pela-2a-vez-em-menos-de-um-mes-e-afetam-atendimentos\/#primaryimage"},"image":{"@id":"https:\/\/deputadotaveirajr.com.br\/index.php\/tomografos-do-walfredo-gurgel-quebram-pela-2a-vez-em-menos-de-um-mes-e-afetam-atendimentos\/#primaryimage"},"thumbnailUrl":"https:\/\/deputadotaveirajr.com.br\/wp-content\/uploads\/2025\/10\/whatsapp-image-2025-10-13-at-16.09.25-lghxW0.jpg","datePublished":"2025-10-13T22:18:27+00:00","breadcrumb":{"@id":"https:\/\/deputadotaveirajr.com.br\/index.php\/tomografos-do-walfredo-gurgel-quebram-pela-2a-vez-em-menos-de-um-mes-e-afetam-atendimentos\/#breadcrumb"},"inLanguage":"pt-BR","potentialAction":[{"@type":"ReadAction","target":["https:\/\/deputadotaveirajr.com.br\/index.php\/tomografos-do-walfredo-gurgel-quebram-pela-2a-vez-em-menos-de-um-mes-e-afetam-atendimentos\/"]}]},{"@type":"ImageObject","inLanguage":"pt-BR","@id":"https:\/\/deputadotaveirajr.com.br\/index.php\/tomografos-do-walfredo-gurgel-quebram-pela-2a-vez-em-menos-de-um-mes-e-afetam-atendimentos\/#primaryimage","url":"https:\/\/deputadotaveirajr.com.br\/wp-content\/uploads\/2025\/10\/whatsapp-image-2025-10-13-at-16.09.25-lghxW0.jpg","contentUrl":"https:\/\/deputadotaveirajr.com.br\/wp-content\/uploads\/2025\/10\/whatsapp-image-2025-10-13-at-16.09.25-lghxW0.jpg","width":1600,"height":900},{"@type":"BreadcrumbList","@id":"https:\/\/deputadotaveirajr.com.br\/index.php\/tomografos-do-walfredo-gurgel-quebram-pela-2a-vez-em-menos-de-um-mes-e-afetam-atendimentos\/#breadcrumb","itemListElement":[{"@type":"ListItem","position":1,"name":"In\u00edcio","item":"https:\/\/deputadotaveirajr.com.br\/"},{"@type":"ListItem","position":2,"name":"Tom\u00f3grafos do Walfredo Gurgel quebram pela 2\u00aa vez em menos de um m\u00eas e afetam atendimentos"}]},{"@type":"WebSite","@id":"https:\/\/deputadotaveirajr.com.br\/#website","url":"https:\/\/deputadotaveirajr.com.br\/","name":"Taveira Jr","description":"Deputado Estadual","publisher":{"@id":"https:\/\/deputadotaveirajr.com.br\/#organization"},"potentialAction":[{"@type":"SearchAction","target":{"@type":"EntryPoint","urlTemplate":"https:\/\/deputadotaveirajr.com.br\/?s={search_term_string}"},"query-input":{"@type":"PropertyValueSpecification","valueRequired":true,"valueName":"search_term_string"}}],"inLanguage":"pt-BR"},{"@type":"Organization","@id":"https:\/\/deputadotaveirajr.com.br\/#organization","name":"Taveira Jr","url":"https:\/\/deputadotaveirajr.com.br\/","logo":{"@type":"ImageObject","inLanguage":"pt-BR","@id":"https:\/\/deputadotaveirajr.com.br\/#\/schema\/logo\/image\/","url":"https:\/\/deputadotaveirajr.com.br\/wp-content\/uploads\/2026\/01\/logolow2a.png","contentUrl":"https:\/\/deputadotaveirajr.com.br\/wp-content\/uploads\/2026\/01\/logolow2a.png","width":290,"height":80,"caption":"Taveira Jr"},"image":{"@id":"https:\/\/deputadotaveirajr.com.br\/#\/schema\/logo\/image\/"}}]}},"_links":{"self":[{"href":"https:\/\/deputadotaveirajr.com.br\/index.php\/wp-json\/wp\/v2\/pages\/14272","targetHints":{"allow":["GET"]}}],"collection":[{"href":"https:\/\/deputadotaveirajr.com.br\/index.php\/wp-json\/wp\/v2\/pages"}],"about":[{"href":"https:\/\/deputadotaveirajr.com.br\/index.php\/wp-json\/wp\/v2\/types\/page"}],"replies":[{"embeddable":true,"href":"https:\/\/deputadotaveirajr.com.br\/index.php\/wp-json\/wp\/v2\/comments?post=14272"}],"version-history":[{"count":0,"href":"https:\/\/deputadotaveirajr.com.br\/index.php\/wp-json\/wp\/v2\/pages\/14272\/revisions"}],"wp:featuredmedia":[{"embeddable":true,"href":"https:\/\/deputadotaveirajr.com.br\/index.php\/wp-json\/wp\/v2\/media\/14273"}],"wp:attachment":[{"href":"https:\/\/deputadotaveirajr.com.br\/index.php\/wp-json\/wp\/v2\/media?parent=14272"}],"curies":[{"name":"wp","href":"https:\/\/api.w.org\/{rel}","templated":true}]}}