{"id":14278,"date":"2025-10-14T11:45:44","date_gmt":"2025-10-14T14:45:44","guid":{"rendered":"https:\/\/deputadotaveirajr.com.br\/index.php\/prefeitura-de-natal-protocola-3-projetos-de-lei-para-viabilizar-licitacao-do-transporte-publico-e-preve-edital-ainda-em-outubro\/"},"modified":"2025-10-14T11:45:44","modified_gmt":"2025-10-14T14:45:44","slug":"prefeitura-de-natal-protocola-3-projetos-de-lei-para-viabilizar-licitacao-do-transporte-publico-e-preve-edital-ainda-em-outubro","status":"publish","type":"page","link":"https:\/\/deputadotaveirajr.com.br\/index.php\/prefeitura-de-natal-protocola-3-projetos-de-lei-para-viabilizar-licitacao-do-transporte-publico-e-preve-edital-ainda-em-outubro\/","title":{"rendered":"Prefeitura de Natal protocola 3 projetos de lei para &#8216;viabilizar&#8217; licita\u00e7\u00e3o do transporte p\u00fablico e prev\u00ea edital ainda em outubro"},"content":{"rendered":"<p><img decoding=\"async\" src=\"https:\/\/s2-g1.glbimg.com\/F2F_7LfJQFiEve7uBkbw5LfyJC4=\/i.s3.glbimg.com\/v1\/AUTH_59edd422c0c84a879bd37670ae4f538a\/internal_photos\/bs\/2025\/M\/T\/6435tZT9ypI9qOlkuMmg\/prefeito.jpg\" \/><br \/>     Prefeito de Natal fala sobre projetos de lei ligados \u00e0 licita\u00e7\u00e3o do transporte p\u00fablico<br \/>\nO prefeito de Natal, Paulinho Freire (Uni\u00e3o Brasil), protocolou nesta ter\u00e7a-feira (14) na C\u00e2mara Municipal tr\u00eas projetos de lei considerados pela prefeitura como fundamentais para viabilizar a licita\u00e7\u00e3o do transporte p\u00fablico da capital potiguar.<br \/>\nSegundo a prefeitura, com a tramita\u00e7\u00e3o dos projetos na C\u00e2mara Municipal, a expectativa \u00e9 de que o edital de licita\u00e7\u00e3o seja lan\u00e7ado ainda no m\u00eas de outubro.<br \/>\n\ud83d\udcf3 Clique aqui para seguir o canal do g1 RN no WhatsApp<br \/>\nNatal nunca teve licita\u00e7\u00e3o do transporte p\u00fablico e as \u00faltimas tentativas realizadas pelo munic\u00edpio deram desertas.<br \/>\nAs propostas envolvem altera\u00e7\u00f5es na regulamenta\u00e7\u00e3o dos transportes opcionais, isen\u00e7\u00e3o de impostos e autoriza\u00e7\u00e3o para subs\u00eddio tarif\u00e1rio \u2014 um conjunto de medidas que comp\u00f5em o novo marco legal do sistema.<br \/>\nPrefeito de Natal, Paulinho Freire (Uni\u00e3o Brasil) protocolou projetos de lei durante reuni\u00e3o com vereadores da base governista<br \/>\nDemis Roussos\/Secom Natal<br \/>\nVeja quais s\u00e3o os projetos<br \/>\nLei dos Opcionais: revoga a legisla\u00e7\u00e3o anterior de 1997 e estabelece um novo regime transit\u00f3rio para as permiss\u00f5es e autoriza\u00e7\u00f5es em vigor. A proposta busca uniformizar as regras do setor, corrigindo o que a prefeitura classificou como uma situa\u00e7\u00e3o de inseguran\u00e7a jur\u00eddica, causada pela exist\u00eancia de normas distintas para sistemas paralelos de transporte.<br \/>\nLei do ISSQN: o projeto prop\u00f5e a isen\u00e7\u00e3o do Imposto Sobre Servi\u00e7os para as operadoras do transporte coletivo urbano. Segundo a gest\u00e3o municipal, a medida visa conter o aumento da tarifa t\u00e9cnica e reduzir a necessidade de subs\u00eddios maiores por parte do munic\u00edpio.<br \/>\nLei do Subs\u00eddio: autoriza a concess\u00e3o de subs\u00eddio tarif\u00e1rio aos usu\u00e1rios do transporte coletivo, condicionado \u00e0 exist\u00eancia de dota\u00e7\u00e3o or\u00e7ament\u00e1ria espec\u00edfica. A proposta permite que a licita\u00e7\u00e3o preveja o uso de recursos p\u00fablicos para manter uma tarifa acess\u00edvel \u00e0 popula\u00e7\u00e3o, assegurando o equil\u00edbrio financeiro do munic\u00edpio e das empresas operadoras.<br \/>\n&#8220;Os tr\u00eas projetos formam a base legal necess\u00e1ria para o avan\u00e7o da licita\u00e7\u00e3o do transporte p\u00fablico, que est\u00e1 entre as principais demandas da sociedade natalense. A expectativa \u00e9 de que, com o novo marco, o sistema passe a operar com maior seguran\u00e7a jur\u00eddica, efici\u00eancia e qualidade&#8221;, disse o prefeito.<br \/>\nSegundo o Executivo, a licita\u00e7\u00e3o deve trazer melhorias como a renova\u00e7\u00e3o e moderniza\u00e7\u00e3o da frota de \u00f4nibus, redu\u00e7\u00e3o no tempo de espera nos pontos de paradas e maior conforto aos usu\u00e1rios.<br \/>\nVeja os v\u00eddeos mais assistidos no g1 RN<\/p>","protected":false},"excerpt":{"rendered":"<p>Prefeito de Natal fala sobre projetos de lei ligados \u00e0 licita\u00e7\u00e3o do transporte p\u00fablico O prefeito de Natal, Paulinho Freire (Uni\u00e3o Brasil), protocolou nesta ter\u00e7a-feira (14) na C\u00e2mara Municipal tr\u00eas &#8230;<\/p>\n","protected":false},"author":0,"featured_media":14279,"parent":0,"menu_order":0,"comment_status":"closed","ping_status":"closed","template":"","meta":{"footnotes":""},"class_list":["post-14278","page","type-page","status-publish","has-post-thumbnail","hentry"],"yoast_head":"<!-- This site is optimized with the Yoast SEO plugin v27.1.1 - https:\/\/yoast.com\/product\/yoast-seo-wordpress\/ -->\n<title>Prefeitura de Natal protocola 3 projetos de lei para &#039;viabilizar&#039; licita\u00e7\u00e3o do transporte p\u00fablico e prev\u00ea edital ainda em outubro - Taveira Jr<\/title>\n<meta name=\"robots\" content=\"index, follow, max-snippet:-1, max-image-preview:large, max-video-preview:-1\" \/>\n<link rel=\"canonical\" href=\"https:\/\/deputadotaveirajr.com.br\/index.php\/prefeitura-de-natal-protocola-3-projetos-de-lei-para-viabilizar-licitacao-do-transporte-publico-e-preve-edital-ainda-em-outubro\/\" \/>\n<meta property=\"og:locale\" content=\"pt_BR\" \/>\n<meta property=\"og:type\" content=\"article\" \/>\n<meta property=\"og:title\" content=\"Prefeitura de Natal protocola 3 projetos de lei para &#039;viabilizar&#039; licita\u00e7\u00e3o do transporte p\u00fablico e prev\u00ea edital ainda em outubro - Taveira Jr\" \/>\n<meta property=\"og:description\" content=\"Prefeito de Natal fala sobre projetos de lei ligados \u00e0 licita\u00e7\u00e3o do transporte p\u00fablico O prefeito de Natal, Paulinho Freire (Uni\u00e3o Brasil), protocolou nesta ter\u00e7a-feira (14) na C\u00e2mara Municipal tr\u00eas ...\" \/>\n<meta property=\"og:url\" content=\"https:\/\/deputadotaveirajr.com.br\/index.php\/prefeitura-de-natal-protocola-3-projetos-de-lei-para-viabilizar-licitacao-do-transporte-publico-e-preve-edital-ainda-em-outubro\/\" \/>\n<meta property=\"og:site_name\" content=\"Taveira Jr\" \/>\n<meta property=\"og:image\" content=\"https:\/\/s2-g1.glbimg.com\/F2F_7LfJQFiEve7uBkbw5LfyJC4=\/i.s3.glbimg.com\/v1\/AUTH_59edd422c0c84a879bd37670ae4f538a\/internal_photos\/bs\/2025\/M\/T\/6435tZT9ypI9qOlkuMmg\/prefeito.jpg\" \/>\n<meta name=\"twitter:card\" content=\"summary_large_image\" \/>\n<meta name=\"twitter:label1\" content=\"Est. tempo de leitura\" \/>\n\t<meta name=\"twitter:data1\" content=\"2 minutos\" \/>\n<script type=\"application\/ld+json\" class=\"yoast-schema-graph\">{\"@context\":\"https:\/\/schema.org\",\"@graph\":[{\"@type\":\"WebPage\",\"@id\":\"https:\/\/deputadotaveirajr.com.br\/index.php\/prefeitura-de-natal-protocola-3-projetos-de-lei-para-viabilizar-licitacao-do-transporte-publico-e-preve-edital-ainda-em-outubro\/\",\"url\":\"https:\/\/deputadotaveirajr.com.br\/index.php\/prefeitura-de-natal-protocola-3-projetos-de-lei-para-viabilizar-licitacao-do-transporte-publico-e-preve-edital-ainda-em-outubro\/\",\"name\":\"Prefeitura de Natal protocola 3 projetos de lei para 'viabilizar' licita\u00e7\u00e3o do transporte p\u00fablico e prev\u00ea edital ainda em outubro - Taveira Jr\",\"isPartOf\":{\"@id\":\"https:\/\/deputadotaveirajr.com.br\/#website\"},\"primaryImageOfPage\":{\"@id\":\"https:\/\/deputadotaveirajr.com.br\/index.php\/prefeitura-de-natal-protocola-3-projetos-de-lei-para-viabilizar-licitacao-do-transporte-publico-e-preve-edital-ainda-em-outubro\/#primaryimage\"},\"image\":{\"@id\":\"https:\/\/deputadotaveirajr.com.br\/index.php\/prefeitura-de-natal-protocola-3-projetos-de-lei-para-viabilizar-licitacao-do-transporte-publico-e-preve-edital-ainda-em-outubro\/#primaryimage\"},\"thumbnailUrl\":\"https:\/\/deputadotaveirajr.com.br\/wp-content\/uploads\/2025\/10\/prefeito-avxS6y.jpg\",\"datePublished\":\"2025-10-14T14:45:44+00:00\",\"breadcrumb\":{\"@id\":\"https:\/\/deputadotaveirajr.com.br\/index.php\/prefeitura-de-natal-protocola-3-projetos-de-lei-para-viabilizar-licitacao-do-transporte-publico-e-preve-edital-ainda-em-outubro\/#breadcrumb\"},\"inLanguage\":\"pt-BR\",\"potentialAction\":[{\"@type\":\"ReadAction\",\"target\":[\"https:\/\/deputadotaveirajr.com.br\/index.php\/prefeitura-de-natal-protocola-3-projetos-de-lei-para-viabilizar-licitacao-do-transporte-publico-e-preve-edital-ainda-em-outubro\/\"]}]},{\"@type\":\"ImageObject\",\"inLanguage\":\"pt-BR\",\"@id\":\"https:\/\/deputadotaveirajr.com.br\/index.php\/prefeitura-de-natal-protocola-3-projetos-de-lei-para-viabilizar-licitacao-do-transporte-publico-e-preve-edital-ainda-em-outubro\/#primaryimage\",\"url\":\"https:\/\/deputadotaveirajr.com.br\/wp-content\/uploads\/2025\/10\/prefeito-avxS6y.jpg\",\"contentUrl\":\"https:\/\/deputadotaveirajr.com.br\/wp-content\/uploads\/2025\/10\/prefeito-avxS6y.jpg\",\"width\":1200,\"height\":674},{\"@type\":\"BreadcrumbList\",\"@id\":\"https:\/\/deputadotaveirajr.com.br\/index.php\/prefeitura-de-natal-protocola-3-projetos-de-lei-para-viabilizar-licitacao-do-transporte-publico-e-preve-edital-ainda-em-outubro\/#breadcrumb\",\"itemListElement\":[{\"@type\":\"ListItem\",\"position\":1,\"name\":\"In\u00edcio\",\"item\":\"https:\/\/deputadotaveirajr.com.br\/\"},{\"@type\":\"ListItem\",\"position\":2,\"name\":\"Prefeitura de Natal protocola 3 projetos de lei para &#8216;viabilizar&#8217; licita\u00e7\u00e3o do transporte p\u00fablico e prev\u00ea edital ainda em outubro\"}]},{\"@type\":\"WebSite\",\"@id\":\"https:\/\/deputadotaveirajr.com.br\/#website\",\"url\":\"https:\/\/deputadotaveirajr.com.br\/\",\"name\":\"Taveira Jr\",\"description\":\"Deputado Estadual\",\"publisher\":{\"@id\":\"https:\/\/deputadotaveirajr.com.br\/#organization\"},\"potentialAction\":[{\"@type\":\"SearchAction\",\"target\":{\"@type\":\"EntryPoint\",\"urlTemplate\":\"https:\/\/deputadotaveirajr.com.br\/?s={search_term_string}\"},\"query-input\":{\"@type\":\"PropertyValueSpecification\",\"valueRequired\":true,\"valueName\":\"search_term_string\"}}],\"inLanguage\":\"pt-BR\"},{\"@type\":\"Organization\",\"@id\":\"https:\/\/deputadotaveirajr.com.br\/#organization\",\"name\":\"Taveira Jr\",\"url\":\"https:\/\/deputadotaveirajr.com.br\/\",\"logo\":{\"@type\":\"ImageObject\",\"inLanguage\":\"pt-BR\",\"@id\":\"https:\/\/deputadotaveirajr.com.br\/#\/schema\/logo\/image\/\",\"url\":\"https:\/\/deputadotaveirajr.com.br\/wp-content\/uploads\/2026\/01\/logolow2a.png\",\"contentUrl\":\"https:\/\/deputadotaveirajr.com.br\/wp-content\/uploads\/2026\/01\/logolow2a.png\",\"width\":290,\"height\":80,\"caption\":\"Taveira Jr\"},\"image\":{\"@id\":\"https:\/\/deputadotaveirajr.com.br\/#\/schema\/logo\/image\/\"}}]}<\/script>\n<!-- \/ Yoast SEO plugin. -->","yoast_head_json":{"title":"Prefeitura de Natal protocola 3 projetos de lei para 'viabilizar' licita\u00e7\u00e3o do transporte p\u00fablico e prev\u00ea edital ainda em outubro - Taveira Jr","robots":{"index":"index","follow":"follow","max-snippet":"max-snippet:-1","max-image-preview":"max-image-preview:large","max-video-preview":"max-video-preview:-1"},"canonical":"https:\/\/deputadotaveirajr.com.br\/index.php\/prefeitura-de-natal-protocola-3-projetos-de-lei-para-viabilizar-licitacao-do-transporte-publico-e-preve-edital-ainda-em-outubro\/","og_locale":"pt_BR","og_type":"article","og_title":"Prefeitura de Natal protocola 3 projetos de lei para 'viabilizar' licita\u00e7\u00e3o do transporte p\u00fablico e prev\u00ea edital ainda em outubro - Taveira Jr","og_description":"Prefeito de Natal fala sobre projetos de lei ligados \u00e0 licita\u00e7\u00e3o do transporte p\u00fablico O prefeito de Natal, Paulinho Freire (Uni\u00e3o Brasil), protocolou nesta ter\u00e7a-feira (14) na C\u00e2mara Municipal tr\u00eas ...","og_url":"https:\/\/deputadotaveirajr.com.br\/index.php\/prefeitura-de-natal-protocola-3-projetos-de-lei-para-viabilizar-licitacao-do-transporte-publico-e-preve-edital-ainda-em-outubro\/","og_site_name":"Taveira Jr","og_image":[{"url":"https:\/\/s2-g1.glbimg.com\/F2F_7LfJQFiEve7uBkbw5LfyJC4=\/i.s3.glbimg.com\/v1\/AUTH_59edd422c0c84a879bd37670ae4f538a\/internal_photos\/bs\/2025\/M\/T\/6435tZT9ypI9qOlkuMmg\/prefeito.jpg","type":"","width":"","height":""}],"twitter_card":"summary_large_image","twitter_misc":{"Est. tempo de leitura":"2 minutos"},"schema":{"@context":"https:\/\/schema.org","@graph":[{"@type":"WebPage","@id":"https:\/\/deputadotaveirajr.com.br\/index.php\/prefeitura-de-natal-protocola-3-projetos-de-lei-para-viabilizar-licitacao-do-transporte-publico-e-preve-edital-ainda-em-outubro\/","url":"https:\/\/deputadotaveirajr.com.br\/index.php\/prefeitura-de-natal-protocola-3-projetos-de-lei-para-viabilizar-licitacao-do-transporte-publico-e-preve-edital-ainda-em-outubro\/","name":"Prefeitura de Natal protocola 3 projetos de lei para 'viabilizar' licita\u00e7\u00e3o do transporte p\u00fablico e prev\u00ea edital ainda em outubro - Taveira Jr","isPartOf":{"@id":"https:\/\/deputadotaveirajr.com.br\/#website"},"primaryImageOfPage":{"@id":"https:\/\/deputadotaveirajr.com.br\/index.php\/prefeitura-de-natal-protocola-3-projetos-de-lei-para-viabilizar-licitacao-do-transporte-publico-e-preve-edital-ainda-em-outubro\/#primaryimage"},"image":{"@id":"https:\/\/deputadotaveirajr.com.br\/index.php\/prefeitura-de-natal-protocola-3-projetos-de-lei-para-viabilizar-licitacao-do-transporte-publico-e-preve-edital-ainda-em-outubro\/#primaryimage"},"thumbnailUrl":"https:\/\/deputadotaveirajr.com.br\/wp-content\/uploads\/2025\/10\/prefeito-avxS6y.jpg","datePublished":"2025-10-14T14:45:44+00:00","breadcrumb":{"@id":"https:\/\/deputadotaveirajr.com.br\/index.php\/prefeitura-de-natal-protocola-3-projetos-de-lei-para-viabilizar-licitacao-do-transporte-publico-e-preve-edital-ainda-em-outubro\/#breadcrumb"},"inLanguage":"pt-BR","potentialAction":[{"@type":"ReadAction","target":["https:\/\/deputadotaveirajr.com.br\/index.php\/prefeitura-de-natal-protocola-3-projetos-de-lei-para-viabilizar-licitacao-do-transporte-publico-e-preve-edital-ainda-em-outubro\/"]}]},{"@type":"ImageObject","inLanguage":"pt-BR","@id":"https:\/\/deputadotaveirajr.com.br\/index.php\/prefeitura-de-natal-protocola-3-projetos-de-lei-para-viabilizar-licitacao-do-transporte-publico-e-preve-edital-ainda-em-outubro\/#primaryimage","url":"https:\/\/deputadotaveirajr.com.br\/wp-content\/uploads\/2025\/10\/prefeito-avxS6y.jpg","contentUrl":"https:\/\/deputadotaveirajr.com.br\/wp-content\/uploads\/2025\/10\/prefeito-avxS6y.jpg","width":1200,"height":674},{"@type":"BreadcrumbList","@id":"https:\/\/deputadotaveirajr.com.br\/index.php\/prefeitura-de-natal-protocola-3-projetos-de-lei-para-viabilizar-licitacao-do-transporte-publico-e-preve-edital-ainda-em-outubro\/#breadcrumb","itemListElement":[{"@type":"ListItem","position":1,"name":"In\u00edcio","item":"https:\/\/deputadotaveirajr.com.br\/"},{"@type":"ListItem","position":2,"name":"Prefeitura de Natal protocola 3 projetos de lei para &#8216;viabilizar&#8217; licita\u00e7\u00e3o do transporte p\u00fablico e prev\u00ea edital ainda em outubro"}]},{"@type":"WebSite","@id":"https:\/\/deputadotaveirajr.com.br\/#website","url":"https:\/\/deputadotaveirajr.com.br\/","name":"Taveira Jr","description":"Deputado Estadual","publisher":{"@id":"https:\/\/deputadotaveirajr.com.br\/#organization"},"potentialAction":[{"@type":"SearchAction","target":{"@type":"EntryPoint","urlTemplate":"https:\/\/deputadotaveirajr.com.br\/?s={search_term_string}"},"query-input":{"@type":"PropertyValueSpecification","valueRequired":true,"valueName":"search_term_string"}}],"inLanguage":"pt-BR"},{"@type":"Organization","@id":"https:\/\/deputadotaveirajr.com.br\/#organization","name":"Taveira Jr","url":"https:\/\/deputadotaveirajr.com.br\/","logo":{"@type":"ImageObject","inLanguage":"pt-BR","@id":"https:\/\/deputadotaveirajr.com.br\/#\/schema\/logo\/image\/","url":"https:\/\/deputadotaveirajr.com.br\/wp-content\/uploads\/2026\/01\/logolow2a.png","contentUrl":"https:\/\/deputadotaveirajr.com.br\/wp-content\/uploads\/2026\/01\/logolow2a.png","width":290,"height":80,"caption":"Taveira Jr"},"image":{"@id":"https:\/\/deputadotaveirajr.com.br\/#\/schema\/logo\/image\/"}}]}},"_links":{"self":[{"href":"https:\/\/deputadotaveirajr.com.br\/index.php\/wp-json\/wp\/v2\/pages\/14278","targetHints":{"allow":["GET"]}}],"collection":[{"href":"https:\/\/deputadotaveirajr.com.br\/index.php\/wp-json\/wp\/v2\/pages"}],"about":[{"href":"https:\/\/deputadotaveirajr.com.br\/index.php\/wp-json\/wp\/v2\/types\/page"}],"replies":[{"embeddable":true,"href":"https:\/\/deputadotaveirajr.com.br\/index.php\/wp-json\/wp\/v2\/comments?post=14278"}],"version-history":[{"count":0,"href":"https:\/\/deputadotaveirajr.com.br\/index.php\/wp-json\/wp\/v2\/pages\/14278\/revisions"}],"wp:featuredmedia":[{"embeddable":true,"href":"https:\/\/deputadotaveirajr.com.br\/index.php\/wp-json\/wp\/v2\/media\/14279"}],"wp:attachment":[{"href":"https:\/\/deputadotaveirajr.com.br\/index.php\/wp-json\/wp\/v2\/media?parent=14278"}],"curies":[{"name":"wp","href":"https:\/\/api.w.org\/{rel}","templated":true}]}}