{"id":14282,"date":"2025-10-14T16:41:57","date_gmt":"2025-10-14T19:41:57","guid":{"rendered":"https:\/\/deputadotaveirajr.com.br\/index.php\/sesc-rn-oferece-200-vagas-para-cursos-gratuitos-em-novembro-saiba-como-se-inscrever\/"},"modified":"2025-10-14T16:41:57","modified_gmt":"2025-10-14T19:41:57","slug":"sesc-rn-oferece-200-vagas-para-cursos-gratuitos-em-novembro-saiba-como-se-inscrever","status":"publish","type":"page","link":"https:\/\/deputadotaveirajr.com.br\/index.php\/sesc-rn-oferece-200-vagas-para-cursos-gratuitos-em-novembro-saiba-como-se-inscrever\/","title":{"rendered":"Sesc-RN oferece 200 vagas para cursos gratuitos em novembro; saiba como se inscrever"},"content":{"rendered":"<p><img decoding=\"async\" src=\"https:\/\/s2-g1.glbimg.com\/oRDAtj7ZliiEs7RfqSRtcxbAWlU=\/i.s3.glbimg.com\/v1\/AUTH_59edd422c0c84a879bd37670ae4f538a\/internal_photos\/bs\/2025\/D\/X\/ZAPrNjSZWXLAC5B2DgxA\/panetone.jpg\" \/><br \/>     Curso para produ\u00e7\u00e3o de panetones \u00e9 oferecido pelo Sesc<br \/>\nFred Casagrande\/Arquivo Prefeitura de Praia Grande<br \/>\nO Servi\u00e7o Social do Com\u00e9rcio do Rio Grande do Norte (Sesc RN), entidade ligada ao Sistema Fecom\u00e9rcio-RN, abriu 200 vagas para cursos gratuitos de valoriza\u00e7\u00e3o social no m\u00eas de novembro.<br \/>\nAs inscri\u00e7\u00f5es podem ser feitas at\u00e9 sexta-feira (17) nas Centrais de Relacionamento do Sesc (hor\u00e1rio das 08h \u00e0s 12h e das 13h \u00e0s 17h) ou pelo site sescrn.com.br. (Veja mais abaixo o que \u00e9 preciso para se inscrever).<br \/>\n\ud83d\udcf3 Clique aqui para seguir o canal do g1 RN no WhatsApp<br \/>\nAo todo, s\u00e3o dez turmas abertas, sendo nove com tem\u00e1tica natalina &#8211; \u00e9poca importante e de grande movimenta\u00e7\u00e3o para o com\u00e9rcio.<br \/>\nVeja, abaixo, as unidades e os cursos oferecidos em novembro:<br \/>\nVeja os v\u00eddeos que est\u00e3o em alta no g1<br \/>\nSesc Cidade Alta (Natal)<br \/>\nGuirlanda natalina \u2013 De 03 a 07 de novembro, das 13h \u00e0s 17h<br \/>\nMontagem de \u00e1rvore de Natal \u2013 De 10 a 14 de novembro, das 13h \u00e0s 17h<br \/>\nCaic\u00f3<br \/>\nGuirlanda natalina \u2013 De 10 a 14 de novembro, das 18h \u00e0s 22h<br \/>\nPanetone e Frutas Cristalizadas \u2013 De 17 a 21 de novembro, das 18h \u00e0s 22h<br \/>\nNova Cruz<br \/>\nGuirlanda natalina \u2013 De 03 a 07 de novembro, das 18h \u00e0s 22h<br \/>\nMontagem de \u00e1rvore de Natal \u2013 De 10 a 14 de novembro, das 18h \u00e0s 22h<br \/>\nMossor\u00f3<br \/>\nSalgados \u2013 De 24 a 28 de novembro, das 13h \u00e0s 17h<br \/>\nMaca\u00edba<br \/>\nGuirlanda natalina \u2013 De 10 a 14 de novembro, das 13 \u00e0s 17h<br \/>\nS\u00e3o Paulo do Potengi<br \/>\nPanetone e Frutas Cristalizadas \u2013 De 10 a 14 de novembro, das 18h \u00e0s 22h<br \/>\nCeia natalina e mesa posta \u2013 De 17 a 21 de novembro, das 18h \u00e0s 22h<br \/>\nTodas as turmas t\u00eam 20 horas e duram uma semana.<br \/>\nTodos os cursos s\u00e3o regidos pelo edital de Programa de Comprometimento e Gratuidade (PCG), por isso o p\u00fablico-alvo s\u00e3o pessoas matriculadas ou egressas da Educa\u00e7\u00e3o B\u00e1sica e que possuem renda familiar per capita de at\u00e9 2 sal\u00e1rios-m\u00ednimos.<br \/>\nAl\u00e9m disso, o projeto d\u00e1 prefer\u00eancia a trabalhadores do com\u00e9rcio de bens, servi\u00e7os e turismo e seus dependentes.<br \/>\nO que \u00e9 preciso para se inscrever?<br \/>\nPara se inscrever, os interessados devem se dirigir \u00e0 Central de Relacionamento de alguma unidade Sesc ou realizar a inscri\u00e7\u00e3o de forma online pelo site sescrn.com.br\/cursos.<br \/>\n\u00c9 preciso apresentar:<br \/>\ndocumento de identidade (RG ou certid\u00e3o de nascimento);<br \/>\nCPF do candidato ou do respons\u00e1vel legal;<br \/>\ncomprovante de resid\u00eancia (com emiss\u00e3o inferior a 60 dias);<br \/>\ne comprovante de renda.<br \/>\nResultado e aulas<br \/>\nO resultado com a confirma\u00e7\u00e3o de quem far\u00e1 parte das primeiras turmas ser\u00e1 divulgado no dia 24 de outubro.<br \/>\nJ\u00e1 as aulas s\u00e3o previstas para ocorrer entre 3 a 21 de novembro, a depender da turma.<br \/>\nPara os cursos dos pr\u00f3ximos meses, os cronogramas ser\u00e3o divulgados no site do Sesc RN.<br \/>\nV\u00eddeos mais assistidos do g1 RN<\/p>","protected":false},"excerpt":{"rendered":"<p>Curso para produ\u00e7\u00e3o de panetones \u00e9 oferecido pelo Sesc Fred Casagrande\/Arquivo Prefeitura de Praia Grande O Servi\u00e7o Social do Com\u00e9rcio do Rio Grande do Norte (Sesc RN), entidade ligada ao &#8230;<\/p>\n","protected":false},"author":0,"featured_media":14283,"parent":0,"menu_order":0,"comment_status":"closed","ping_status":"closed","template":"","meta":{"footnotes":""},"class_list":["post-14282","page","type-page","status-publish","has-post-thumbnail","hentry"],"yoast_head":"<!-- This site is optimized with the Yoast SEO plugin v27.1.1 - https:\/\/yoast.com\/product\/yoast-seo-wordpress\/ -->\n<title>Sesc-RN oferece 200 vagas para cursos gratuitos em novembro; saiba como se inscrever - Taveira Jr<\/title>\n<meta name=\"robots\" content=\"index, follow, max-snippet:-1, max-image-preview:large, max-video-preview:-1\" \/>\n<link rel=\"canonical\" href=\"https:\/\/deputadotaveirajr.com.br\/index.php\/sesc-rn-oferece-200-vagas-para-cursos-gratuitos-em-novembro-saiba-como-se-inscrever\/\" \/>\n<meta property=\"og:locale\" content=\"pt_BR\" \/>\n<meta property=\"og:type\" content=\"article\" \/>\n<meta property=\"og:title\" content=\"Sesc-RN oferece 200 vagas para cursos gratuitos em novembro; saiba como se inscrever - Taveira Jr\" \/>\n<meta property=\"og:description\" content=\"Curso para produ\u00e7\u00e3o de panetones \u00e9 oferecido pelo Sesc Fred Casagrande\/Arquivo Prefeitura de Praia Grande O Servi\u00e7o Social do Com\u00e9rcio do Rio Grande do Norte (Sesc RN), entidade ligada ao ...\" \/>\n<meta property=\"og:url\" content=\"https:\/\/deputadotaveirajr.com.br\/index.php\/sesc-rn-oferece-200-vagas-para-cursos-gratuitos-em-novembro-saiba-como-se-inscrever\/\" \/>\n<meta property=\"og:site_name\" content=\"Taveira Jr\" \/>\n<meta property=\"og:image\" content=\"https:\/\/s2-g1.glbimg.com\/oRDAtj7ZliiEs7RfqSRtcxbAWlU=\/i.s3.glbimg.com\/v1\/AUTH_59edd422c0c84a879bd37670ae4f538a\/internal_photos\/bs\/2025\/D\/X\/ZAPrNjSZWXLAC5B2DgxA\/panetone.jpg\" \/>\n<meta name=\"twitter:card\" content=\"summary_large_image\" \/>\n<meta name=\"twitter:label1\" content=\"Est. tempo de leitura\" \/>\n\t<meta name=\"twitter:data1\" content=\"2 minutos\" \/>\n<script type=\"application\/ld+json\" class=\"yoast-schema-graph\">{\"@context\":\"https:\/\/schema.org\",\"@graph\":[{\"@type\":\"WebPage\",\"@id\":\"https:\/\/deputadotaveirajr.com.br\/index.php\/sesc-rn-oferece-200-vagas-para-cursos-gratuitos-em-novembro-saiba-como-se-inscrever\/\",\"url\":\"https:\/\/deputadotaveirajr.com.br\/index.php\/sesc-rn-oferece-200-vagas-para-cursos-gratuitos-em-novembro-saiba-como-se-inscrever\/\",\"name\":\"Sesc-RN oferece 200 vagas para cursos gratuitos em novembro; saiba como se inscrever - Taveira Jr\",\"isPartOf\":{\"@id\":\"https:\/\/deputadotaveirajr.com.br\/#website\"},\"primaryImageOfPage\":{\"@id\":\"https:\/\/deputadotaveirajr.com.br\/index.php\/sesc-rn-oferece-200-vagas-para-cursos-gratuitos-em-novembro-saiba-como-se-inscrever\/#primaryimage\"},\"image\":{\"@id\":\"https:\/\/deputadotaveirajr.com.br\/index.php\/sesc-rn-oferece-200-vagas-para-cursos-gratuitos-em-novembro-saiba-como-se-inscrever\/#primaryimage\"},\"thumbnailUrl\":\"https:\/\/deputadotaveirajr.com.br\/wp-content\/uploads\/2025\/10\/panetone-qpqUQJ.jpg\",\"datePublished\":\"2025-10-14T19:41:57+00:00\",\"breadcrumb\":{\"@id\":\"https:\/\/deputadotaveirajr.com.br\/index.php\/sesc-rn-oferece-200-vagas-para-cursos-gratuitos-em-novembro-saiba-como-se-inscrever\/#breadcrumb\"},\"inLanguage\":\"pt-BR\",\"potentialAction\":[{\"@type\":\"ReadAction\",\"target\":[\"https:\/\/deputadotaveirajr.com.br\/index.php\/sesc-rn-oferece-200-vagas-para-cursos-gratuitos-em-novembro-saiba-como-se-inscrever\/\"]}]},{\"@type\":\"ImageObject\",\"inLanguage\":\"pt-BR\",\"@id\":\"https:\/\/deputadotaveirajr.com.br\/index.php\/sesc-rn-oferece-200-vagas-para-cursos-gratuitos-em-novembro-saiba-como-se-inscrever\/#primaryimage\",\"url\":\"https:\/\/deputadotaveirajr.com.br\/wp-content\/uploads\/2025\/10\/panetone-qpqUQJ.jpg\",\"contentUrl\":\"https:\/\/deputadotaveirajr.com.br\/wp-content\/uploads\/2025\/10\/panetone-qpqUQJ.jpg\",\"width\":1200,\"height\":900},{\"@type\":\"BreadcrumbList\",\"@id\":\"https:\/\/deputadotaveirajr.com.br\/index.php\/sesc-rn-oferece-200-vagas-para-cursos-gratuitos-em-novembro-saiba-como-se-inscrever\/#breadcrumb\",\"itemListElement\":[{\"@type\":\"ListItem\",\"position\":1,\"name\":\"In\u00edcio\",\"item\":\"https:\/\/deputadotaveirajr.com.br\/\"},{\"@type\":\"ListItem\",\"position\":2,\"name\":\"Sesc-RN oferece 200 vagas para cursos gratuitos em novembro; saiba como se inscrever\"}]},{\"@type\":\"WebSite\",\"@id\":\"https:\/\/deputadotaveirajr.com.br\/#website\",\"url\":\"https:\/\/deputadotaveirajr.com.br\/\",\"name\":\"Taveira Jr\",\"description\":\"Deputado Estadual\",\"publisher\":{\"@id\":\"https:\/\/deputadotaveirajr.com.br\/#organization\"},\"potentialAction\":[{\"@type\":\"SearchAction\",\"target\":{\"@type\":\"EntryPoint\",\"urlTemplate\":\"https:\/\/deputadotaveirajr.com.br\/?s={search_term_string}\"},\"query-input\":{\"@type\":\"PropertyValueSpecification\",\"valueRequired\":true,\"valueName\":\"search_term_string\"}}],\"inLanguage\":\"pt-BR\"},{\"@type\":\"Organization\",\"@id\":\"https:\/\/deputadotaveirajr.com.br\/#organization\",\"name\":\"Taveira Jr\",\"url\":\"https:\/\/deputadotaveirajr.com.br\/\",\"logo\":{\"@type\":\"ImageObject\",\"inLanguage\":\"pt-BR\",\"@id\":\"https:\/\/deputadotaveirajr.com.br\/#\/schema\/logo\/image\/\",\"url\":\"https:\/\/deputadotaveirajr.com.br\/wp-content\/uploads\/2026\/01\/logolow2a.png\",\"contentUrl\":\"https:\/\/deputadotaveirajr.com.br\/wp-content\/uploads\/2026\/01\/logolow2a.png\",\"width\":290,\"height\":80,\"caption\":\"Taveira Jr\"},\"image\":{\"@id\":\"https:\/\/deputadotaveirajr.com.br\/#\/schema\/logo\/image\/\"}}]}<\/script>\n<!-- \/ Yoast SEO plugin. -->","yoast_head_json":{"title":"Sesc-RN oferece 200 vagas para cursos gratuitos em novembro; saiba como se inscrever - Taveira Jr","robots":{"index":"index","follow":"follow","max-snippet":"max-snippet:-1","max-image-preview":"max-image-preview:large","max-video-preview":"max-video-preview:-1"},"canonical":"https:\/\/deputadotaveirajr.com.br\/index.php\/sesc-rn-oferece-200-vagas-para-cursos-gratuitos-em-novembro-saiba-como-se-inscrever\/","og_locale":"pt_BR","og_type":"article","og_title":"Sesc-RN oferece 200 vagas para cursos gratuitos em novembro; saiba como se inscrever - Taveira Jr","og_description":"Curso para produ\u00e7\u00e3o de panetones \u00e9 oferecido pelo Sesc Fred Casagrande\/Arquivo Prefeitura de Praia Grande O Servi\u00e7o Social do Com\u00e9rcio do Rio Grande do Norte (Sesc RN), entidade ligada ao ...","og_url":"https:\/\/deputadotaveirajr.com.br\/index.php\/sesc-rn-oferece-200-vagas-para-cursos-gratuitos-em-novembro-saiba-como-se-inscrever\/","og_site_name":"Taveira Jr","og_image":[{"url":"https:\/\/s2-g1.glbimg.com\/oRDAtj7ZliiEs7RfqSRtcxbAWlU=\/i.s3.glbimg.com\/v1\/AUTH_59edd422c0c84a879bd37670ae4f538a\/internal_photos\/bs\/2025\/D\/X\/ZAPrNjSZWXLAC5B2DgxA\/panetone.jpg","type":"","width":"","height":""}],"twitter_card":"summary_large_image","twitter_misc":{"Est. tempo de leitura":"2 minutos"},"schema":{"@context":"https:\/\/schema.org","@graph":[{"@type":"WebPage","@id":"https:\/\/deputadotaveirajr.com.br\/index.php\/sesc-rn-oferece-200-vagas-para-cursos-gratuitos-em-novembro-saiba-como-se-inscrever\/","url":"https:\/\/deputadotaveirajr.com.br\/index.php\/sesc-rn-oferece-200-vagas-para-cursos-gratuitos-em-novembro-saiba-como-se-inscrever\/","name":"Sesc-RN oferece 200 vagas para cursos gratuitos em novembro; saiba como se inscrever - Taveira Jr","isPartOf":{"@id":"https:\/\/deputadotaveirajr.com.br\/#website"},"primaryImageOfPage":{"@id":"https:\/\/deputadotaveirajr.com.br\/index.php\/sesc-rn-oferece-200-vagas-para-cursos-gratuitos-em-novembro-saiba-como-se-inscrever\/#primaryimage"},"image":{"@id":"https:\/\/deputadotaveirajr.com.br\/index.php\/sesc-rn-oferece-200-vagas-para-cursos-gratuitos-em-novembro-saiba-como-se-inscrever\/#primaryimage"},"thumbnailUrl":"https:\/\/deputadotaveirajr.com.br\/wp-content\/uploads\/2025\/10\/panetone-qpqUQJ.jpg","datePublished":"2025-10-14T19:41:57+00:00","breadcrumb":{"@id":"https:\/\/deputadotaveirajr.com.br\/index.php\/sesc-rn-oferece-200-vagas-para-cursos-gratuitos-em-novembro-saiba-como-se-inscrever\/#breadcrumb"},"inLanguage":"pt-BR","potentialAction":[{"@type":"ReadAction","target":["https:\/\/deputadotaveirajr.com.br\/index.php\/sesc-rn-oferece-200-vagas-para-cursos-gratuitos-em-novembro-saiba-como-se-inscrever\/"]}]},{"@type":"ImageObject","inLanguage":"pt-BR","@id":"https:\/\/deputadotaveirajr.com.br\/index.php\/sesc-rn-oferece-200-vagas-para-cursos-gratuitos-em-novembro-saiba-como-se-inscrever\/#primaryimage","url":"https:\/\/deputadotaveirajr.com.br\/wp-content\/uploads\/2025\/10\/panetone-qpqUQJ.jpg","contentUrl":"https:\/\/deputadotaveirajr.com.br\/wp-content\/uploads\/2025\/10\/panetone-qpqUQJ.jpg","width":1200,"height":900},{"@type":"BreadcrumbList","@id":"https:\/\/deputadotaveirajr.com.br\/index.php\/sesc-rn-oferece-200-vagas-para-cursos-gratuitos-em-novembro-saiba-como-se-inscrever\/#breadcrumb","itemListElement":[{"@type":"ListItem","position":1,"name":"In\u00edcio","item":"https:\/\/deputadotaveirajr.com.br\/"},{"@type":"ListItem","position":2,"name":"Sesc-RN oferece 200 vagas para cursos gratuitos em novembro; saiba como se inscrever"}]},{"@type":"WebSite","@id":"https:\/\/deputadotaveirajr.com.br\/#website","url":"https:\/\/deputadotaveirajr.com.br\/","name":"Taveira Jr","description":"Deputado Estadual","publisher":{"@id":"https:\/\/deputadotaveirajr.com.br\/#organization"},"potentialAction":[{"@type":"SearchAction","target":{"@type":"EntryPoint","urlTemplate":"https:\/\/deputadotaveirajr.com.br\/?s={search_term_string}"},"query-input":{"@type":"PropertyValueSpecification","valueRequired":true,"valueName":"search_term_string"}}],"inLanguage":"pt-BR"},{"@type":"Organization","@id":"https:\/\/deputadotaveirajr.com.br\/#organization","name":"Taveira Jr","url":"https:\/\/deputadotaveirajr.com.br\/","logo":{"@type":"ImageObject","inLanguage":"pt-BR","@id":"https:\/\/deputadotaveirajr.com.br\/#\/schema\/logo\/image\/","url":"https:\/\/deputadotaveirajr.com.br\/wp-content\/uploads\/2026\/01\/logolow2a.png","contentUrl":"https:\/\/deputadotaveirajr.com.br\/wp-content\/uploads\/2026\/01\/logolow2a.png","width":290,"height":80,"caption":"Taveira Jr"},"image":{"@id":"https:\/\/deputadotaveirajr.com.br\/#\/schema\/logo\/image\/"}}]}},"_links":{"self":[{"href":"https:\/\/deputadotaveirajr.com.br\/index.php\/wp-json\/wp\/v2\/pages\/14282","targetHints":{"allow":["GET"]}}],"collection":[{"href":"https:\/\/deputadotaveirajr.com.br\/index.php\/wp-json\/wp\/v2\/pages"}],"about":[{"href":"https:\/\/deputadotaveirajr.com.br\/index.php\/wp-json\/wp\/v2\/types\/page"}],"replies":[{"embeddable":true,"href":"https:\/\/deputadotaveirajr.com.br\/index.php\/wp-json\/wp\/v2\/comments?post=14282"}],"version-history":[{"count":0,"href":"https:\/\/deputadotaveirajr.com.br\/index.php\/wp-json\/wp\/v2\/pages\/14282\/revisions"}],"wp:featuredmedia":[{"embeddable":true,"href":"https:\/\/deputadotaveirajr.com.br\/index.php\/wp-json\/wp\/v2\/media\/14283"}],"wp:attachment":[{"href":"https:\/\/deputadotaveirajr.com.br\/index.php\/wp-json\/wp\/v2\/media?parent=14282"}],"curies":[{"name":"wp","href":"https:\/\/api.w.org\/{rel}","templated":true}]}}