{"id":14284,"date":"2025-10-14T15:15:10","date_gmt":"2025-10-14T18:15:10","guid":{"rendered":"https:\/\/deputadotaveirajr.com.br\/index.php\/itep-rn-se-muda-da-ribeira-para-novo-predio-a-partir-de-quinta-16-veja-endereco\/"},"modified":"2025-10-14T15:15:10","modified_gmt":"2025-10-14T18:15:10","slug":"itep-rn-se-muda-da-ribeira-para-novo-predio-a-partir-de-quinta-16-veja-endereco","status":"publish","type":"page","link":"https:\/\/deputadotaveirajr.com.br\/index.php\/itep-rn-se-muda-da-ribeira-para-novo-predio-a-partir-de-quinta-16-veja-endereco\/","title":{"rendered":"Itep-RN se muda da Ribeira para novo pr\u00e9dio a partir de quinta (16); veja endere\u00e7o"},"content":{"rendered":"<p><img decoding=\"async\" src=\"https:\/\/s2-g1.glbimg.com\/Thymy6iYyu6VqzMMtPpaug6MEi8=\/i.s3.glbimg.com\/v1\/AUTH_59edd422c0c84a879bd37670ae4f538a\/internal_photos\/bs\/2025\/W\/t\/iCrIHsSBCSUVH9aufLjw\/whatsapp-image-2025-10-06-at-15.43.49.jpeg\" \/><br \/>     Itep passou a se chamar Pol\u00edcia Cient\u00edfica: novo pr\u00e9dio fica em Felipe Camar\u00e3o<br \/>\nThiago C\u00e9sar\/Inter TV Cabugi<br \/>\nO antigo Instituto T\u00e9cnico-Cient\u00edfico de Per\u00edcia (Itep-RN), que passou a se chamar Pol\u00edcia Cient\u00edfica do Rio Grande do Norte, vai mudar de pr\u00e9dio em Natal a partir desta quinta-feira, saindo do bairro da Ribeira.<br \/>\n \ud83d\udccd O novo endere\u00e7o da Pol\u00edcia Cient\u00edfica fica na Rua dos Campos, n\u00ba 293, no bairro Felipe Camar\u00e3o.<br \/>\n\ud83d\udcf3 Clique aqui para seguir o canal do g1 RN no WhatsApp<br \/>\n\u26a0\ufe0f Com a mudan\u00e7a, todos os atendimentos do Instituto de Medicina Legal e Criminal\u00edstica deixam de funcionar na Ribeira.<br \/>\nDurante a transi\u00e7\u00e3o, os atendimentos de plant\u00e3o do IML v\u00e3o ser suspensos temporariamente na madrugada do dia 16 de outubro, a partir das 2h, nas depend\u00eancias da Ribeira. O servi\u00e7o volta ao normal \u00e0s 7h no novo endere\u00e7o.<br \/>\nVeja os v\u00eddeos que est\u00e3o em alta no g1<br \/>\nA Pol\u00edcia Cient\u00edfica informou que a interrup\u00e7\u00e3o \u00e9 necess\u00e1ria para garantir a seguran\u00e7a operacional e a continuidade dos servi\u00e7os de forma adequada nas novas instala\u00e7\u00f5es.<br \/>\nO processo para a constru\u00e7\u00e3o do novo pr\u00e9dio come\u00e7ou em 2022 com a publica\u00e7\u00e3o do edital para as obras do complexo.<br \/>\nA Pol\u00edcia Cient\u00edfica informou que a mudan\u00e7a &#8220;faz parte do processo de moderniza\u00e7\u00e3o e reestrutura\u00e7\u00e3o que o Governo do Estado tem promovido para a Pol\u00edcia Cient\u00edfica, investindo em melhorias na infraestrutura e na qualidade dos servi\u00e7os prestados \u00e0 popula\u00e7\u00e3o potiguar&#8221;.<br \/>\nSegundo o \u00f3rg\u00e3o, a nova oferece melhores condi\u00e7\u00f5es de trabalho aos servidores e mais conforto e acessibilidade aos usu\u00e1rios.<br \/>\nV\u00eddeos mais assistidos do g1 RN<\/p>","protected":false},"excerpt":{"rendered":"<p>Itep passou a se chamar Pol\u00edcia Cient\u00edfica: novo pr\u00e9dio fica em Felipe Camar\u00e3o Thiago C\u00e9sar\/Inter TV Cabugi O antigo Instituto T\u00e9cnico-Cient\u00edfico de Per\u00edcia (Itep-RN), que passou a se chamar Pol\u00edcia &#8230;<\/p>\n","protected":false},"author":0,"featured_media":14285,"parent":0,"menu_order":0,"comment_status":"closed","ping_status":"closed","template":"","meta":{"footnotes":""},"class_list":["post-14284","page","type-page","status-publish","has-post-thumbnail","hentry"],"yoast_head":"<!-- This site is optimized with the Yoast SEO plugin v27.1.1 - https:\/\/yoast.com\/product\/yoast-seo-wordpress\/ -->\n<title>Itep-RN se muda da Ribeira para novo pr\u00e9dio a partir de quinta (16); veja endere\u00e7o - Taveira Jr<\/title>\n<meta name=\"robots\" content=\"index, follow, max-snippet:-1, max-image-preview:large, max-video-preview:-1\" \/>\n<link rel=\"canonical\" href=\"https:\/\/deputadotaveirajr.com.br\/index.php\/itep-rn-se-muda-da-ribeira-para-novo-predio-a-partir-de-quinta-16-veja-endereco\/\" \/>\n<meta property=\"og:locale\" content=\"pt_BR\" \/>\n<meta property=\"og:type\" content=\"article\" \/>\n<meta property=\"og:title\" content=\"Itep-RN se muda da Ribeira para novo pr\u00e9dio a partir de quinta (16); veja endere\u00e7o - Taveira Jr\" \/>\n<meta property=\"og:description\" content=\"Itep passou a se chamar Pol\u00edcia Cient\u00edfica: novo pr\u00e9dio fica em Felipe Camar\u00e3o Thiago C\u00e9sar\/Inter TV Cabugi O antigo Instituto T\u00e9cnico-Cient\u00edfico de Per\u00edcia (Itep-RN), que passou a se chamar Pol\u00edcia ...\" \/>\n<meta property=\"og:url\" content=\"https:\/\/deputadotaveirajr.com.br\/index.php\/itep-rn-se-muda-da-ribeira-para-novo-predio-a-partir-de-quinta-16-veja-endereco\/\" \/>\n<meta property=\"og:site_name\" content=\"Taveira Jr\" \/>\n<meta property=\"og:image\" content=\"https:\/\/s2-g1.glbimg.com\/Thymy6iYyu6VqzMMtPpaug6MEi8=\/i.s3.glbimg.com\/v1\/AUTH_59edd422c0c84a879bd37670ae4f538a\/internal_photos\/bs\/2025\/W\/t\/iCrIHsSBCSUVH9aufLjw\/whatsapp-image-2025-10-06-at-15.43.49.jpeg\" \/>\n<meta name=\"twitter:card\" content=\"summary_large_image\" \/>\n<meta name=\"twitter:label1\" content=\"Est. tempo de leitura\" \/>\n\t<meta name=\"twitter:data1\" content=\"2 minutos\" \/>\n<script type=\"application\/ld+json\" class=\"yoast-schema-graph\">{\"@context\":\"https:\/\/schema.org\",\"@graph\":[{\"@type\":\"WebPage\",\"@id\":\"https:\/\/deputadotaveirajr.com.br\/index.php\/itep-rn-se-muda-da-ribeira-para-novo-predio-a-partir-de-quinta-16-veja-endereco\/\",\"url\":\"https:\/\/deputadotaveirajr.com.br\/index.php\/itep-rn-se-muda-da-ribeira-para-novo-predio-a-partir-de-quinta-16-veja-endereco\/\",\"name\":\"Itep-RN se muda da Ribeira para novo pr\u00e9dio a partir de quinta (16); veja endere\u00e7o - Taveira Jr\",\"isPartOf\":{\"@id\":\"https:\/\/deputadotaveirajr.com.br\/#website\"},\"primaryImageOfPage\":{\"@id\":\"https:\/\/deputadotaveirajr.com.br\/index.php\/itep-rn-se-muda-da-ribeira-para-novo-predio-a-partir-de-quinta-16-veja-endereco\/#primaryimage\"},\"image\":{\"@id\":\"https:\/\/deputadotaveirajr.com.br\/index.php\/itep-rn-se-muda-da-ribeira-para-novo-predio-a-partir-de-quinta-16-veja-endereco\/#primaryimage\"},\"thumbnailUrl\":\"https:\/\/deputadotaveirajr.com.br\/wp-content\/uploads\/2025\/10\/whatsapp-image-2025-10-06-at-15.43.49-0kFJV2.jpg\",\"datePublished\":\"2025-10-14T18:15:10+00:00\",\"breadcrumb\":{\"@id\":\"https:\/\/deputadotaveirajr.com.br\/index.php\/itep-rn-se-muda-da-ribeira-para-novo-predio-a-partir-de-quinta-16-veja-endereco\/#breadcrumb\"},\"inLanguage\":\"pt-BR\",\"potentialAction\":[{\"@type\":\"ReadAction\",\"target\":[\"https:\/\/deputadotaveirajr.com.br\/index.php\/itep-rn-se-muda-da-ribeira-para-novo-predio-a-partir-de-quinta-16-veja-endereco\/\"]}]},{\"@type\":\"ImageObject\",\"inLanguage\":\"pt-BR\",\"@id\":\"https:\/\/deputadotaveirajr.com.br\/index.php\/itep-rn-se-muda-da-ribeira-para-novo-predio-a-partir-de-quinta-16-veja-endereco\/#primaryimage\",\"url\":\"https:\/\/deputadotaveirajr.com.br\/wp-content\/uploads\/2025\/10\/whatsapp-image-2025-10-06-at-15.43.49-0kFJV2.jpg\",\"contentUrl\":\"https:\/\/deputadotaveirajr.com.br\/wp-content\/uploads\/2025\/10\/whatsapp-image-2025-10-06-at-15.43.49-0kFJV2.jpg\",\"width\":1600,\"height\":900},{\"@type\":\"BreadcrumbList\",\"@id\":\"https:\/\/deputadotaveirajr.com.br\/index.php\/itep-rn-se-muda-da-ribeira-para-novo-predio-a-partir-de-quinta-16-veja-endereco\/#breadcrumb\",\"itemListElement\":[{\"@type\":\"ListItem\",\"position\":1,\"name\":\"In\u00edcio\",\"item\":\"https:\/\/deputadotaveirajr.com.br\/\"},{\"@type\":\"ListItem\",\"position\":2,\"name\":\"Itep-RN se muda da Ribeira para novo pr\u00e9dio a partir de quinta (16); veja endere\u00e7o\"}]},{\"@type\":\"WebSite\",\"@id\":\"https:\/\/deputadotaveirajr.com.br\/#website\",\"url\":\"https:\/\/deputadotaveirajr.com.br\/\",\"name\":\"Taveira Jr\",\"description\":\"Deputado Estadual\",\"publisher\":{\"@id\":\"https:\/\/deputadotaveirajr.com.br\/#organization\"},\"potentialAction\":[{\"@type\":\"SearchAction\",\"target\":{\"@type\":\"EntryPoint\",\"urlTemplate\":\"https:\/\/deputadotaveirajr.com.br\/?s={search_term_string}\"},\"query-input\":{\"@type\":\"PropertyValueSpecification\",\"valueRequired\":true,\"valueName\":\"search_term_string\"}}],\"inLanguage\":\"pt-BR\"},{\"@type\":\"Organization\",\"@id\":\"https:\/\/deputadotaveirajr.com.br\/#organization\",\"name\":\"Taveira Jr\",\"url\":\"https:\/\/deputadotaveirajr.com.br\/\",\"logo\":{\"@type\":\"ImageObject\",\"inLanguage\":\"pt-BR\",\"@id\":\"https:\/\/deputadotaveirajr.com.br\/#\/schema\/logo\/image\/\",\"url\":\"https:\/\/deputadotaveirajr.com.br\/wp-content\/uploads\/2026\/01\/logolow2a.png\",\"contentUrl\":\"https:\/\/deputadotaveirajr.com.br\/wp-content\/uploads\/2026\/01\/logolow2a.png\",\"width\":290,\"height\":80,\"caption\":\"Taveira Jr\"},\"image\":{\"@id\":\"https:\/\/deputadotaveirajr.com.br\/#\/schema\/logo\/image\/\"}}]}<\/script>\n<!-- \/ Yoast SEO plugin. -->","yoast_head_json":{"title":"Itep-RN se muda da Ribeira para novo pr\u00e9dio a partir de quinta (16); veja endere\u00e7o - Taveira Jr","robots":{"index":"index","follow":"follow","max-snippet":"max-snippet:-1","max-image-preview":"max-image-preview:large","max-video-preview":"max-video-preview:-1"},"canonical":"https:\/\/deputadotaveirajr.com.br\/index.php\/itep-rn-se-muda-da-ribeira-para-novo-predio-a-partir-de-quinta-16-veja-endereco\/","og_locale":"pt_BR","og_type":"article","og_title":"Itep-RN se muda da Ribeira para novo pr\u00e9dio a partir de quinta (16); veja endere\u00e7o - Taveira Jr","og_description":"Itep passou a se chamar Pol\u00edcia Cient\u00edfica: novo pr\u00e9dio fica em Felipe Camar\u00e3o Thiago C\u00e9sar\/Inter TV Cabugi O antigo Instituto T\u00e9cnico-Cient\u00edfico de Per\u00edcia (Itep-RN), que passou a se chamar Pol\u00edcia ...","og_url":"https:\/\/deputadotaveirajr.com.br\/index.php\/itep-rn-se-muda-da-ribeira-para-novo-predio-a-partir-de-quinta-16-veja-endereco\/","og_site_name":"Taveira Jr","og_image":[{"url":"https:\/\/s2-g1.glbimg.com\/Thymy6iYyu6VqzMMtPpaug6MEi8=\/i.s3.glbimg.com\/v1\/AUTH_59edd422c0c84a879bd37670ae4f538a\/internal_photos\/bs\/2025\/W\/t\/iCrIHsSBCSUVH9aufLjw\/whatsapp-image-2025-10-06-at-15.43.49.jpeg","type":"","width":"","height":""}],"twitter_card":"summary_large_image","twitter_misc":{"Est. tempo de leitura":"2 minutos"},"schema":{"@context":"https:\/\/schema.org","@graph":[{"@type":"WebPage","@id":"https:\/\/deputadotaveirajr.com.br\/index.php\/itep-rn-se-muda-da-ribeira-para-novo-predio-a-partir-de-quinta-16-veja-endereco\/","url":"https:\/\/deputadotaveirajr.com.br\/index.php\/itep-rn-se-muda-da-ribeira-para-novo-predio-a-partir-de-quinta-16-veja-endereco\/","name":"Itep-RN se muda da Ribeira para novo pr\u00e9dio a partir de quinta (16); veja endere\u00e7o - Taveira Jr","isPartOf":{"@id":"https:\/\/deputadotaveirajr.com.br\/#website"},"primaryImageOfPage":{"@id":"https:\/\/deputadotaveirajr.com.br\/index.php\/itep-rn-se-muda-da-ribeira-para-novo-predio-a-partir-de-quinta-16-veja-endereco\/#primaryimage"},"image":{"@id":"https:\/\/deputadotaveirajr.com.br\/index.php\/itep-rn-se-muda-da-ribeira-para-novo-predio-a-partir-de-quinta-16-veja-endereco\/#primaryimage"},"thumbnailUrl":"https:\/\/deputadotaveirajr.com.br\/wp-content\/uploads\/2025\/10\/whatsapp-image-2025-10-06-at-15.43.49-0kFJV2.jpg","datePublished":"2025-10-14T18:15:10+00:00","breadcrumb":{"@id":"https:\/\/deputadotaveirajr.com.br\/index.php\/itep-rn-se-muda-da-ribeira-para-novo-predio-a-partir-de-quinta-16-veja-endereco\/#breadcrumb"},"inLanguage":"pt-BR","potentialAction":[{"@type":"ReadAction","target":["https:\/\/deputadotaveirajr.com.br\/index.php\/itep-rn-se-muda-da-ribeira-para-novo-predio-a-partir-de-quinta-16-veja-endereco\/"]}]},{"@type":"ImageObject","inLanguage":"pt-BR","@id":"https:\/\/deputadotaveirajr.com.br\/index.php\/itep-rn-se-muda-da-ribeira-para-novo-predio-a-partir-de-quinta-16-veja-endereco\/#primaryimage","url":"https:\/\/deputadotaveirajr.com.br\/wp-content\/uploads\/2025\/10\/whatsapp-image-2025-10-06-at-15.43.49-0kFJV2.jpg","contentUrl":"https:\/\/deputadotaveirajr.com.br\/wp-content\/uploads\/2025\/10\/whatsapp-image-2025-10-06-at-15.43.49-0kFJV2.jpg","width":1600,"height":900},{"@type":"BreadcrumbList","@id":"https:\/\/deputadotaveirajr.com.br\/index.php\/itep-rn-se-muda-da-ribeira-para-novo-predio-a-partir-de-quinta-16-veja-endereco\/#breadcrumb","itemListElement":[{"@type":"ListItem","position":1,"name":"In\u00edcio","item":"https:\/\/deputadotaveirajr.com.br\/"},{"@type":"ListItem","position":2,"name":"Itep-RN se muda da Ribeira para novo pr\u00e9dio a partir de quinta (16); veja endere\u00e7o"}]},{"@type":"WebSite","@id":"https:\/\/deputadotaveirajr.com.br\/#website","url":"https:\/\/deputadotaveirajr.com.br\/","name":"Taveira Jr","description":"Deputado Estadual","publisher":{"@id":"https:\/\/deputadotaveirajr.com.br\/#organization"},"potentialAction":[{"@type":"SearchAction","target":{"@type":"EntryPoint","urlTemplate":"https:\/\/deputadotaveirajr.com.br\/?s={search_term_string}"},"query-input":{"@type":"PropertyValueSpecification","valueRequired":true,"valueName":"search_term_string"}}],"inLanguage":"pt-BR"},{"@type":"Organization","@id":"https:\/\/deputadotaveirajr.com.br\/#organization","name":"Taveira Jr","url":"https:\/\/deputadotaveirajr.com.br\/","logo":{"@type":"ImageObject","inLanguage":"pt-BR","@id":"https:\/\/deputadotaveirajr.com.br\/#\/schema\/logo\/image\/","url":"https:\/\/deputadotaveirajr.com.br\/wp-content\/uploads\/2026\/01\/logolow2a.png","contentUrl":"https:\/\/deputadotaveirajr.com.br\/wp-content\/uploads\/2026\/01\/logolow2a.png","width":290,"height":80,"caption":"Taveira Jr"},"image":{"@id":"https:\/\/deputadotaveirajr.com.br\/#\/schema\/logo\/image\/"}}]}},"_links":{"self":[{"href":"https:\/\/deputadotaveirajr.com.br\/index.php\/wp-json\/wp\/v2\/pages\/14284","targetHints":{"allow":["GET"]}}],"collection":[{"href":"https:\/\/deputadotaveirajr.com.br\/index.php\/wp-json\/wp\/v2\/pages"}],"about":[{"href":"https:\/\/deputadotaveirajr.com.br\/index.php\/wp-json\/wp\/v2\/types\/page"}],"replies":[{"embeddable":true,"href":"https:\/\/deputadotaveirajr.com.br\/index.php\/wp-json\/wp\/v2\/comments?post=14284"}],"version-history":[{"count":0,"href":"https:\/\/deputadotaveirajr.com.br\/index.php\/wp-json\/wp\/v2\/pages\/14284\/revisions"}],"wp:featuredmedia":[{"embeddable":true,"href":"https:\/\/deputadotaveirajr.com.br\/index.php\/wp-json\/wp\/v2\/media\/14285"}],"wp:attachment":[{"href":"https:\/\/deputadotaveirajr.com.br\/index.php\/wp-json\/wp\/v2\/media?parent=14284"}],"curies":[{"name":"wp","href":"https:\/\/api.w.org\/{rel}","templated":true}]}}