{"id":14286,"date":"2025-10-14T17:44:13","date_gmt":"2025-10-14T20:44:13","guid":{"rendered":"https:\/\/deputadotaveirajr.com.br\/index.php\/motorista-perde-o-controle-de-carro-e-derruba-poste-na-via-costeira-em-natal\/"},"modified":"2025-10-14T17:44:13","modified_gmt":"2025-10-14T20:44:13","slug":"motorista-perde-o-controle-de-carro-e-derruba-poste-na-via-costeira-em-natal","status":"publish","type":"page","link":"https:\/\/deputadotaveirajr.com.br\/index.php\/motorista-perde-o-controle-de-carro-e-derruba-poste-na-via-costeira-em-natal\/","title":{"rendered":"Motorista perde o controle de carro e derruba poste na Via Costeira em Natal"},"content":{"rendered":"<p><img decoding=\"async\" src=\"https:\/\/s2-g1.glbimg.com\/OZLw675Dap44yEU_u5Un7llQjBY=\/i.s3.glbimg.com\/v1\/AUTH_59edd422c0c84a879bd37670ae4f538a\/internal_photos\/bs\/2025\/O\/a\/IimyQxQbaDABJJTmQMcA\/via-costeira.png\" \/><br \/>     Motorista perde o controle do carro e derruba poste na Via Costeira em Natal<br \/>\nUm motorista perdeu o controle do carro e derrubou um poste na Via Costeira, em Natal, no fim da tarde desta ter\u00e7a-feira (14), interditando completamente o sentido Centro-Ponta Negra.<br \/>\nDe acordo com testemunhas, o ve\u00edculo seguia no sentido Ponta NegraCentro quando o condutor, que estava sozinho, tentou desviar de outros carros e acabou colidindo de frente com o poste. O impacto foi t\u00e3o forte que a estrutura caiu, bloqueando totalmente a pista no sentido contr\u00e1rio.<br \/>\n\ud83d\udcf3Participe do canal do g1 RN no WhatsApp<br \/>\nMotorista perde o controle de carro e derruba poste na Via Costeira em Natal<br \/>\nKleber Teixeira\/Inter TV Cabugi<br \/>\nPoliciais do Comando de Policiamento Rodovi\u00e1rio Estadual registraram a ocorr\u00eancia e controlaram o tr\u00e2nsito. O outro lado da via precisou funcionar em m\u00e3o dupla para permitir a passagem de ve\u00edculos. T\u00e9cnicos da companhia de energia precisaram quebrar parte do poste para facilitar a remo\u00e7\u00e3o do carro.<br \/>\nImagens a\u00e9reas mostraram o congestionamento formado na regi\u00e3o. Alguns motoristas relataram que chegaram a ficar cerca de 45 minutos presos no engarrafamento.<br \/>\nCarro derruba poste na Via Costeira em Natal<\/p>","protected":false},"excerpt":{"rendered":"<p>Motorista perde o controle do carro e derruba poste na Via Costeira em Natal Um motorista perdeu o controle do carro e derrubou um poste na Via Costeira, em Natal, &#8230;<\/p>\n","protected":false},"author":0,"featured_media":14287,"parent":0,"menu_order":0,"comment_status":"closed","ping_status":"closed","template":"","meta":{"footnotes":""},"class_list":["post-14286","page","type-page","status-publish","has-post-thumbnail","hentry"],"yoast_head":"<!-- This site is optimized with the Yoast SEO plugin v27.1.1 - https:\/\/yoast.com\/product\/yoast-seo-wordpress\/ -->\n<title>Motorista perde o controle de carro e derruba poste na Via Costeira em Natal - Taveira Jr<\/title>\n<meta name=\"robots\" content=\"index, follow, max-snippet:-1, max-image-preview:large, max-video-preview:-1\" \/>\n<link rel=\"canonical\" href=\"https:\/\/deputadotaveirajr.com.br\/index.php\/motorista-perde-o-controle-de-carro-e-derruba-poste-na-via-costeira-em-natal\/\" \/>\n<meta property=\"og:locale\" content=\"pt_BR\" \/>\n<meta property=\"og:type\" content=\"article\" \/>\n<meta property=\"og:title\" content=\"Motorista perde o controle de carro e derruba poste na Via Costeira em Natal - Taveira Jr\" \/>\n<meta property=\"og:description\" content=\"Motorista perde o controle do carro e derruba poste na Via Costeira em Natal Um motorista perdeu o controle do carro e derrubou um poste na Via Costeira, em Natal, ...\" \/>\n<meta property=\"og:url\" content=\"https:\/\/deputadotaveirajr.com.br\/index.php\/motorista-perde-o-controle-de-carro-e-derruba-poste-na-via-costeira-em-natal\/\" \/>\n<meta property=\"og:site_name\" content=\"Taveira Jr\" \/>\n<meta property=\"og:image\" content=\"https:\/\/s2-g1.glbimg.com\/OZLw675Dap44yEU_u5Un7llQjBY=\/i.s3.glbimg.com\/v1\/AUTH_59edd422c0c84a879bd37670ae4f538a\/internal_photos\/bs\/2025\/O\/a\/IimyQxQbaDABJJTmQMcA\/via-costeira.png\" \/>\n<meta name=\"twitter:card\" content=\"summary_large_image\" \/>\n<meta name=\"twitter:label1\" content=\"Est. tempo de leitura\" \/>\n\t<meta name=\"twitter:data1\" content=\"1 minuto\" \/>\n<script type=\"application\/ld+json\" class=\"yoast-schema-graph\">{\"@context\":\"https:\/\/schema.org\",\"@graph\":[{\"@type\":\"WebPage\",\"@id\":\"https:\/\/deputadotaveirajr.com.br\/index.php\/motorista-perde-o-controle-de-carro-e-derruba-poste-na-via-costeira-em-natal\/\",\"url\":\"https:\/\/deputadotaveirajr.com.br\/index.php\/motorista-perde-o-controle-de-carro-e-derruba-poste-na-via-costeira-em-natal\/\",\"name\":\"Motorista perde o controle de carro e derruba poste na Via Costeira em Natal - Taveira Jr\",\"isPartOf\":{\"@id\":\"https:\/\/deputadotaveirajr.com.br\/#website\"},\"primaryImageOfPage\":{\"@id\":\"https:\/\/deputadotaveirajr.com.br\/index.php\/motorista-perde-o-controle-de-carro-e-derruba-poste-na-via-costeira-em-natal\/#primaryimage\"},\"image\":{\"@id\":\"https:\/\/deputadotaveirajr.com.br\/index.php\/motorista-perde-o-controle-de-carro-e-derruba-poste-na-via-costeira-em-natal\/#primaryimage\"},\"thumbnailUrl\":\"https:\/\/deputadotaveirajr.com.br\/wp-content\/uploads\/2025\/10\/via-costeira-bKxQWY.jpg\",\"datePublished\":\"2025-10-14T20:44:13+00:00\",\"breadcrumb\":{\"@id\":\"https:\/\/deputadotaveirajr.com.br\/index.php\/motorista-perde-o-controle-de-carro-e-derruba-poste-na-via-costeira-em-natal\/#breadcrumb\"},\"inLanguage\":\"pt-BR\",\"potentialAction\":[{\"@type\":\"ReadAction\",\"target\":[\"https:\/\/deputadotaveirajr.com.br\/index.php\/motorista-perde-o-controle-de-carro-e-derruba-poste-na-via-costeira-em-natal\/\"]}]},{\"@type\":\"ImageObject\",\"inLanguage\":\"pt-BR\",\"@id\":\"https:\/\/deputadotaveirajr.com.br\/index.php\/motorista-perde-o-controle-de-carro-e-derruba-poste-na-via-costeira-em-natal\/#primaryimage\",\"url\":\"https:\/\/deputadotaveirajr.com.br\/wp-content\/uploads\/2025\/10\/via-costeira-bKxQWY.jpg\",\"contentUrl\":\"https:\/\/deputadotaveirajr.com.br\/wp-content\/uploads\/2025\/10\/via-costeira-bKxQWY.jpg\",\"width\":1311,\"height\":731},{\"@type\":\"BreadcrumbList\",\"@id\":\"https:\/\/deputadotaveirajr.com.br\/index.php\/motorista-perde-o-controle-de-carro-e-derruba-poste-na-via-costeira-em-natal\/#breadcrumb\",\"itemListElement\":[{\"@type\":\"ListItem\",\"position\":1,\"name\":\"In\u00edcio\",\"item\":\"https:\/\/deputadotaveirajr.com.br\/\"},{\"@type\":\"ListItem\",\"position\":2,\"name\":\"Motorista perde o controle de carro e derruba poste na Via Costeira em Natal\"}]},{\"@type\":\"WebSite\",\"@id\":\"https:\/\/deputadotaveirajr.com.br\/#website\",\"url\":\"https:\/\/deputadotaveirajr.com.br\/\",\"name\":\"Taveira Jr\",\"description\":\"Deputado Estadual\",\"publisher\":{\"@id\":\"https:\/\/deputadotaveirajr.com.br\/#organization\"},\"potentialAction\":[{\"@type\":\"SearchAction\",\"target\":{\"@type\":\"EntryPoint\",\"urlTemplate\":\"https:\/\/deputadotaveirajr.com.br\/?s={search_term_string}\"},\"query-input\":{\"@type\":\"PropertyValueSpecification\",\"valueRequired\":true,\"valueName\":\"search_term_string\"}}],\"inLanguage\":\"pt-BR\"},{\"@type\":\"Organization\",\"@id\":\"https:\/\/deputadotaveirajr.com.br\/#organization\",\"name\":\"Taveira Jr\",\"url\":\"https:\/\/deputadotaveirajr.com.br\/\",\"logo\":{\"@type\":\"ImageObject\",\"inLanguage\":\"pt-BR\",\"@id\":\"https:\/\/deputadotaveirajr.com.br\/#\/schema\/logo\/image\/\",\"url\":\"https:\/\/deputadotaveirajr.com.br\/wp-content\/uploads\/2026\/01\/logolow2a.png\",\"contentUrl\":\"https:\/\/deputadotaveirajr.com.br\/wp-content\/uploads\/2026\/01\/logolow2a.png\",\"width\":290,\"height\":80,\"caption\":\"Taveira Jr\"},\"image\":{\"@id\":\"https:\/\/deputadotaveirajr.com.br\/#\/schema\/logo\/image\/\"}}]}<\/script>\n<!-- \/ Yoast SEO plugin. -->","yoast_head_json":{"title":"Motorista perde o controle de carro e derruba poste na Via Costeira em Natal - Taveira Jr","robots":{"index":"index","follow":"follow","max-snippet":"max-snippet:-1","max-image-preview":"max-image-preview:large","max-video-preview":"max-video-preview:-1"},"canonical":"https:\/\/deputadotaveirajr.com.br\/index.php\/motorista-perde-o-controle-de-carro-e-derruba-poste-na-via-costeira-em-natal\/","og_locale":"pt_BR","og_type":"article","og_title":"Motorista perde o controle de carro e derruba poste na Via Costeira em Natal - Taveira Jr","og_description":"Motorista perde o controle do carro e derruba poste na Via Costeira em Natal Um motorista perdeu o controle do carro e derrubou um poste na Via Costeira, em Natal, ...","og_url":"https:\/\/deputadotaveirajr.com.br\/index.php\/motorista-perde-o-controle-de-carro-e-derruba-poste-na-via-costeira-em-natal\/","og_site_name":"Taveira Jr","og_image":[{"url":"https:\/\/s2-g1.glbimg.com\/OZLw675Dap44yEU_u5Un7llQjBY=\/i.s3.glbimg.com\/v1\/AUTH_59edd422c0c84a879bd37670ae4f538a\/internal_photos\/bs\/2025\/O\/a\/IimyQxQbaDABJJTmQMcA\/via-costeira.png","type":"","width":"","height":""}],"twitter_card":"summary_large_image","twitter_misc":{"Est. tempo de leitura":"1 minuto"},"schema":{"@context":"https:\/\/schema.org","@graph":[{"@type":"WebPage","@id":"https:\/\/deputadotaveirajr.com.br\/index.php\/motorista-perde-o-controle-de-carro-e-derruba-poste-na-via-costeira-em-natal\/","url":"https:\/\/deputadotaveirajr.com.br\/index.php\/motorista-perde-o-controle-de-carro-e-derruba-poste-na-via-costeira-em-natal\/","name":"Motorista perde o controle de carro e derruba poste na Via Costeira em Natal - Taveira Jr","isPartOf":{"@id":"https:\/\/deputadotaveirajr.com.br\/#website"},"primaryImageOfPage":{"@id":"https:\/\/deputadotaveirajr.com.br\/index.php\/motorista-perde-o-controle-de-carro-e-derruba-poste-na-via-costeira-em-natal\/#primaryimage"},"image":{"@id":"https:\/\/deputadotaveirajr.com.br\/index.php\/motorista-perde-o-controle-de-carro-e-derruba-poste-na-via-costeira-em-natal\/#primaryimage"},"thumbnailUrl":"https:\/\/deputadotaveirajr.com.br\/wp-content\/uploads\/2025\/10\/via-costeira-bKxQWY.jpg","datePublished":"2025-10-14T20:44:13+00:00","breadcrumb":{"@id":"https:\/\/deputadotaveirajr.com.br\/index.php\/motorista-perde-o-controle-de-carro-e-derruba-poste-na-via-costeira-em-natal\/#breadcrumb"},"inLanguage":"pt-BR","potentialAction":[{"@type":"ReadAction","target":["https:\/\/deputadotaveirajr.com.br\/index.php\/motorista-perde-o-controle-de-carro-e-derruba-poste-na-via-costeira-em-natal\/"]}]},{"@type":"ImageObject","inLanguage":"pt-BR","@id":"https:\/\/deputadotaveirajr.com.br\/index.php\/motorista-perde-o-controle-de-carro-e-derruba-poste-na-via-costeira-em-natal\/#primaryimage","url":"https:\/\/deputadotaveirajr.com.br\/wp-content\/uploads\/2025\/10\/via-costeira-bKxQWY.jpg","contentUrl":"https:\/\/deputadotaveirajr.com.br\/wp-content\/uploads\/2025\/10\/via-costeira-bKxQWY.jpg","width":1311,"height":731},{"@type":"BreadcrumbList","@id":"https:\/\/deputadotaveirajr.com.br\/index.php\/motorista-perde-o-controle-de-carro-e-derruba-poste-na-via-costeira-em-natal\/#breadcrumb","itemListElement":[{"@type":"ListItem","position":1,"name":"In\u00edcio","item":"https:\/\/deputadotaveirajr.com.br\/"},{"@type":"ListItem","position":2,"name":"Motorista perde o controle de carro e derruba poste na Via Costeira em Natal"}]},{"@type":"WebSite","@id":"https:\/\/deputadotaveirajr.com.br\/#website","url":"https:\/\/deputadotaveirajr.com.br\/","name":"Taveira Jr","description":"Deputado Estadual","publisher":{"@id":"https:\/\/deputadotaveirajr.com.br\/#organization"},"potentialAction":[{"@type":"SearchAction","target":{"@type":"EntryPoint","urlTemplate":"https:\/\/deputadotaveirajr.com.br\/?s={search_term_string}"},"query-input":{"@type":"PropertyValueSpecification","valueRequired":true,"valueName":"search_term_string"}}],"inLanguage":"pt-BR"},{"@type":"Organization","@id":"https:\/\/deputadotaveirajr.com.br\/#organization","name":"Taveira Jr","url":"https:\/\/deputadotaveirajr.com.br\/","logo":{"@type":"ImageObject","inLanguage":"pt-BR","@id":"https:\/\/deputadotaveirajr.com.br\/#\/schema\/logo\/image\/","url":"https:\/\/deputadotaveirajr.com.br\/wp-content\/uploads\/2026\/01\/logolow2a.png","contentUrl":"https:\/\/deputadotaveirajr.com.br\/wp-content\/uploads\/2026\/01\/logolow2a.png","width":290,"height":80,"caption":"Taveira Jr"},"image":{"@id":"https:\/\/deputadotaveirajr.com.br\/#\/schema\/logo\/image\/"}}]}},"_links":{"self":[{"href":"https:\/\/deputadotaveirajr.com.br\/index.php\/wp-json\/wp\/v2\/pages\/14286","targetHints":{"allow":["GET"]}}],"collection":[{"href":"https:\/\/deputadotaveirajr.com.br\/index.php\/wp-json\/wp\/v2\/pages"}],"about":[{"href":"https:\/\/deputadotaveirajr.com.br\/index.php\/wp-json\/wp\/v2\/types\/page"}],"replies":[{"embeddable":true,"href":"https:\/\/deputadotaveirajr.com.br\/index.php\/wp-json\/wp\/v2\/comments?post=14286"}],"version-history":[{"count":0,"href":"https:\/\/deputadotaveirajr.com.br\/index.php\/wp-json\/wp\/v2\/pages\/14286\/revisions"}],"wp:featuredmedia":[{"embeddable":true,"href":"https:\/\/deputadotaveirajr.com.br\/index.php\/wp-json\/wp\/v2\/media\/14287"}],"wp:attachment":[{"href":"https:\/\/deputadotaveirajr.com.br\/index.php\/wp-json\/wp\/v2\/media?parent=14286"}],"curies":[{"name":"wp","href":"https:\/\/api.w.org\/{rel}","templated":true}]}}