{"id":14288,"date":"2025-10-14T17:04:28","date_gmt":"2025-10-14T20:04:28","guid":{"rendered":"https:\/\/deputadotaveirajr.com.br\/index.php\/festival-mada-2025-confira-os-horarios-dos-shows\/"},"modified":"2025-10-14T17:04:28","modified_gmt":"2025-10-14T20:04:28","slug":"festival-mada-2025-confira-os-horarios-dos-shows","status":"publish","type":"page","link":"https:\/\/deputadotaveirajr.com.br\/index.php\/festival-mada-2025-confira-os-horarios-dos-shows\/","title":{"rendered":"Festival Mada 2025: confira os hor\u00e1rios dos shows"},"content":{"rendered":"<p><img decoding=\"async\" src=\"https:\/\/s2-g1.glbimg.com\/kjVnzfwPW8upIYEIAVFrFpKTwmo=\/i.s3.glbimg.com\/v1\/AUTH_59edd422c0c84a879bd37670ae4f538a\/internal_photos\/bs\/2025\/c\/h\/5dJBQFTFCYXZFg465Crw\/liniker.jpg\" \/><br \/>     Inter TV confirma transmiss\u00e3o do MADA 2025<br \/>\nO Festival Mada 2025 est\u00e1 chegando e promete agitar Natal com dois dias de m\u00fasica e mais de 30 atra\u00e7\u00f5es. O evento ser\u00e1 realizado nesta sexta (17) e s\u00e1bado (18), na Casa de Apostas Arena das Dunas. Os hor\u00e1rios dos shows foram divulgados nesta ter\u00e7a-feira (14). Entre os destaques da programa\u00e7\u00e3o est\u00e3o Mano Brown, Marina Sena, Liniker, BaianaSystem e o projeto &#8220;Dominguinho&#8221;, com Jo\u00e3o Gomes, Mestrinho e Jota.P\u00ea (veja abaixo o line-up).<br \/>\nO festival contar\u00e1 com dois palcos no gramado, com abertura dos port\u00f5es \u00e0s 19h nos dois dias de evento. A programa\u00e7\u00e3o inclui ainda o tradicional Baile da Amada, sempre a partir das 20h, at\u00e9 o amanhecer.<br \/>\n\ud83d\udcf3 Participe do canal do g1 RN no WhatsApp<br \/>\nLiniker ser\u00e1 uma das principais atra\u00e7\u00f5es do Mada no s\u00e1bado (18)<br \/>\nAGATHA GAMEIRO\/ZIMEL PRESS\/ESTAD\u00c3O CONTE\u00daDO)<br \/>\nO Mada ser\u00e1 transmitido pela Inter TV Cabugi para 45 emissoras da TV Globo nos estados do Nordeste, Norte e Sudeste do pa\u00eds &#8211; na sexta (17), ser\u00e1 depois do Jornal da Globo, e no s\u00e1bado (18), depois do Altas Horas. O g1 tamb\u00e9m vai transmitir os shows dos dois palcos principais.<br \/>\nMada ter\u00e1 Mano Brown, Marina Sena, BaianaSystem, Liniker e mais de 30 atra\u00e7\u00f5es<br \/>\nFestival Mada ser\u00e1 transmitido ao vivo na TV Globo, Globoplay e G1<br \/>\nDominguinho: Jo\u00e3o Gomes, Jota.p\u00ea e Mestrinho cantam no palco do Show da Vida<br \/>\nOs \u00faltimos ingressos para esta 27\u00aa edi\u00e7\u00e3o do festival est\u00e3o \u00e0 venda pela internet.<br \/>\nConfira os hor\u00e1rios dos shows:<br \/>\nSexta-feira, 17 de outubro de 2025<br \/>\nAbertura dos port\u00f5es \u00e0s 19h<br \/>\n19h30 &#8211; Dani Cruz (Palco 2)<br \/>\n20h30 &#8211; Melly (Palco 1)<br \/>\n21h30 &#8211; Boogarins (Palco 2)<br \/>\n22h30 &#8211; Marina Sena (Palco 1)<br \/>\n23h40 &#8211; Dominguinho &#8211; Jo\u00e3o Gomes, Mestrinho e Jota.P\u00ea (Palco 2)<br \/>\n1h20 &#8211; Don L (Palco 1)<br \/>\nPalco TIM &#8211; Baile da Amada<br \/>\n20h &#8211; Jadsa<br \/>\n21h15 &#8211; MC RB KBLZ convida Mika<br \/>\n22h30 &#8211; Tinoc<br \/>\n23h30 &#8211; Afreekasia<br \/>\n0h30 &#8211; Bateu Pode Comemorar<br \/>\n1h30 &#8211; D. Silvestre<br \/>\n2h45 &#8211; Febem<br \/>\n4h &#8211; Kenya20HZ<br \/>\n5h &#8211; Jennify C convida Casixtranha<br \/>\nS\u00e1bado, 18 de outubro de 2025<br \/>\nAbertura dos port\u00f5es \u00e0s 19h<br \/>\n19h50 &#8211; Guto Brant (Palco 2)<br \/>\n20h40 &#8211; Sourebel (Palco 1)<br \/>\n21h30 &#8211; Potyguara Bardo (Palco 2)<br \/>\n22h20 &#8211; Rachel Reis (Palco 1)<br \/>\n23h30 &#8211; BaianaSystem (Palco 2)<br \/>\n1h &#8211; Liniker (Palco 1)<br \/>\n2h30 &#8211; Mano Brown (Palco 2)<br \/>\nPalco TIM &#8211; Baile da Amada<br \/>\n20h &#8211; Cheiro do Queijo<br \/>\n21h15 &#8211; Edgar<br \/>\n22h15 &#8211; Val Pescador<br \/>\n23h30 &#8211; Taj Ma House<br \/>\n0h30 &#8211; Brisa<br \/>\n1h30 &#8211; Seed Selector<br \/>\n2h45 &#8211; Katy da Voz e As Abusadas<br \/>\n3h50 &#8211; Irm\u00e3s de Pau<br \/>\n4h40 &#8211; Aya Ibeji<\/p>","protected":false},"excerpt":{"rendered":"<p>Inter TV confirma transmiss\u00e3o do MADA 2025 O Festival Mada 2025 est\u00e1 chegando e promete agitar Natal com dois dias de m\u00fasica e mais de 30 atra\u00e7\u00f5es. O evento ser\u00e1 &#8230;<\/p>\n","protected":false},"author":0,"featured_media":14289,"parent":0,"menu_order":0,"comment_status":"closed","ping_status":"closed","template":"","meta":{"footnotes":""},"class_list":["post-14288","page","type-page","status-publish","has-post-thumbnail","hentry"],"yoast_head":"<!-- This site is optimized with the Yoast SEO plugin v27.1.1 - https:\/\/yoast.com\/product\/yoast-seo-wordpress\/ -->\n<title>Festival Mada 2025: confira os hor\u00e1rios dos shows - Taveira Jr<\/title>\n<meta name=\"robots\" content=\"index, follow, max-snippet:-1, max-image-preview:large, max-video-preview:-1\" \/>\n<link rel=\"canonical\" href=\"https:\/\/deputadotaveirajr.com.br\/index.php\/festival-mada-2025-confira-os-horarios-dos-shows\/\" \/>\n<meta property=\"og:locale\" content=\"pt_BR\" \/>\n<meta property=\"og:type\" content=\"article\" \/>\n<meta property=\"og:title\" content=\"Festival Mada 2025: confira os hor\u00e1rios dos shows - Taveira Jr\" \/>\n<meta property=\"og:description\" content=\"Inter TV confirma transmiss\u00e3o do MADA 2025 O Festival Mada 2025 est\u00e1 chegando e promete agitar Natal com dois dias de m\u00fasica e mais de 30 atra\u00e7\u00f5es. O evento ser\u00e1 ...\" \/>\n<meta property=\"og:url\" content=\"https:\/\/deputadotaveirajr.com.br\/index.php\/festival-mada-2025-confira-os-horarios-dos-shows\/\" \/>\n<meta property=\"og:site_name\" content=\"Taveira Jr\" \/>\n<meta property=\"og:image\" content=\"https:\/\/s2-g1.glbimg.com\/kjVnzfwPW8upIYEIAVFrFpKTwmo=\/i.s3.glbimg.com\/v1\/AUTH_59edd422c0c84a879bd37670ae4f538a\/internal_photos\/bs\/2025\/c\/h\/5dJBQFTFCYXZFg465Crw\/liniker.jpg\" \/>\n<meta name=\"twitter:card\" content=\"summary_large_image\" \/>\n<meta name=\"twitter:label1\" content=\"Est. tempo de leitura\" \/>\n\t<meta name=\"twitter:data1\" content=\"2 minutos\" \/>\n<script type=\"application\/ld+json\" class=\"yoast-schema-graph\">{\"@context\":\"https:\/\/schema.org\",\"@graph\":[{\"@type\":\"WebPage\",\"@id\":\"https:\/\/deputadotaveirajr.com.br\/index.php\/festival-mada-2025-confira-os-horarios-dos-shows\/\",\"url\":\"https:\/\/deputadotaveirajr.com.br\/index.php\/festival-mada-2025-confira-os-horarios-dos-shows\/\",\"name\":\"Festival Mada 2025: confira os hor\u00e1rios dos shows - Taveira Jr\",\"isPartOf\":{\"@id\":\"https:\/\/deputadotaveirajr.com.br\/#website\"},\"primaryImageOfPage\":{\"@id\":\"https:\/\/deputadotaveirajr.com.br\/index.php\/festival-mada-2025-confira-os-horarios-dos-shows\/#primaryimage\"},\"image\":{\"@id\":\"https:\/\/deputadotaveirajr.com.br\/index.php\/festival-mada-2025-confira-os-horarios-dos-shows\/#primaryimage\"},\"thumbnailUrl\":\"https:\/\/deputadotaveirajr.com.br\/wp-content\/uploads\/2025\/10\/liniker-mcvyGD.jpg\",\"datePublished\":\"2025-10-14T20:04:28+00:00\",\"breadcrumb\":{\"@id\":\"https:\/\/deputadotaveirajr.com.br\/index.php\/festival-mada-2025-confira-os-horarios-dos-shows\/#breadcrumb\"},\"inLanguage\":\"pt-BR\",\"potentialAction\":[{\"@type\":\"ReadAction\",\"target\":[\"https:\/\/deputadotaveirajr.com.br\/index.php\/festival-mada-2025-confira-os-horarios-dos-shows\/\"]}]},{\"@type\":\"ImageObject\",\"inLanguage\":\"pt-BR\",\"@id\":\"https:\/\/deputadotaveirajr.com.br\/index.php\/festival-mada-2025-confira-os-horarios-dos-shows\/#primaryimage\",\"url\":\"https:\/\/deputadotaveirajr.com.br\/wp-content\/uploads\/2025\/10\/liniker-mcvyGD.jpg\",\"contentUrl\":\"https:\/\/deputadotaveirajr.com.br\/wp-content\/uploads\/2025\/10\/liniker-mcvyGD.jpg\",\"width\":1200,\"height\":800},{\"@type\":\"BreadcrumbList\",\"@id\":\"https:\/\/deputadotaveirajr.com.br\/index.php\/festival-mada-2025-confira-os-horarios-dos-shows\/#breadcrumb\",\"itemListElement\":[{\"@type\":\"ListItem\",\"position\":1,\"name\":\"In\u00edcio\",\"item\":\"https:\/\/deputadotaveirajr.com.br\/\"},{\"@type\":\"ListItem\",\"position\":2,\"name\":\"Festival Mada 2025: confira os hor\u00e1rios dos shows\"}]},{\"@type\":\"WebSite\",\"@id\":\"https:\/\/deputadotaveirajr.com.br\/#website\",\"url\":\"https:\/\/deputadotaveirajr.com.br\/\",\"name\":\"Taveira Jr\",\"description\":\"Deputado Estadual\",\"publisher\":{\"@id\":\"https:\/\/deputadotaveirajr.com.br\/#organization\"},\"potentialAction\":[{\"@type\":\"SearchAction\",\"target\":{\"@type\":\"EntryPoint\",\"urlTemplate\":\"https:\/\/deputadotaveirajr.com.br\/?s={search_term_string}\"},\"query-input\":{\"@type\":\"PropertyValueSpecification\",\"valueRequired\":true,\"valueName\":\"search_term_string\"}}],\"inLanguage\":\"pt-BR\"},{\"@type\":\"Organization\",\"@id\":\"https:\/\/deputadotaveirajr.com.br\/#organization\",\"name\":\"Taveira Jr\",\"url\":\"https:\/\/deputadotaveirajr.com.br\/\",\"logo\":{\"@type\":\"ImageObject\",\"inLanguage\":\"pt-BR\",\"@id\":\"https:\/\/deputadotaveirajr.com.br\/#\/schema\/logo\/image\/\",\"url\":\"https:\/\/deputadotaveirajr.com.br\/wp-content\/uploads\/2026\/01\/logolow2a.png\",\"contentUrl\":\"https:\/\/deputadotaveirajr.com.br\/wp-content\/uploads\/2026\/01\/logolow2a.png\",\"width\":290,\"height\":80,\"caption\":\"Taveira Jr\"},\"image\":{\"@id\":\"https:\/\/deputadotaveirajr.com.br\/#\/schema\/logo\/image\/\"}}]}<\/script>\n<!-- \/ Yoast SEO plugin. -->","yoast_head_json":{"title":"Festival Mada 2025: confira os hor\u00e1rios dos shows - Taveira Jr","robots":{"index":"index","follow":"follow","max-snippet":"max-snippet:-1","max-image-preview":"max-image-preview:large","max-video-preview":"max-video-preview:-1"},"canonical":"https:\/\/deputadotaveirajr.com.br\/index.php\/festival-mada-2025-confira-os-horarios-dos-shows\/","og_locale":"pt_BR","og_type":"article","og_title":"Festival Mada 2025: confira os hor\u00e1rios dos shows - Taveira Jr","og_description":"Inter TV confirma transmiss\u00e3o do MADA 2025 O Festival Mada 2025 est\u00e1 chegando e promete agitar Natal com dois dias de m\u00fasica e mais de 30 atra\u00e7\u00f5es. O evento ser\u00e1 ...","og_url":"https:\/\/deputadotaveirajr.com.br\/index.php\/festival-mada-2025-confira-os-horarios-dos-shows\/","og_site_name":"Taveira Jr","og_image":[{"url":"https:\/\/s2-g1.glbimg.com\/kjVnzfwPW8upIYEIAVFrFpKTwmo=\/i.s3.glbimg.com\/v1\/AUTH_59edd422c0c84a879bd37670ae4f538a\/internal_photos\/bs\/2025\/c\/h\/5dJBQFTFCYXZFg465Crw\/liniker.jpg","type":"","width":"","height":""}],"twitter_card":"summary_large_image","twitter_misc":{"Est. tempo de leitura":"2 minutos"},"schema":{"@context":"https:\/\/schema.org","@graph":[{"@type":"WebPage","@id":"https:\/\/deputadotaveirajr.com.br\/index.php\/festival-mada-2025-confira-os-horarios-dos-shows\/","url":"https:\/\/deputadotaveirajr.com.br\/index.php\/festival-mada-2025-confira-os-horarios-dos-shows\/","name":"Festival Mada 2025: confira os hor\u00e1rios dos shows - Taveira Jr","isPartOf":{"@id":"https:\/\/deputadotaveirajr.com.br\/#website"},"primaryImageOfPage":{"@id":"https:\/\/deputadotaveirajr.com.br\/index.php\/festival-mada-2025-confira-os-horarios-dos-shows\/#primaryimage"},"image":{"@id":"https:\/\/deputadotaveirajr.com.br\/index.php\/festival-mada-2025-confira-os-horarios-dos-shows\/#primaryimage"},"thumbnailUrl":"https:\/\/deputadotaveirajr.com.br\/wp-content\/uploads\/2025\/10\/liniker-mcvyGD.jpg","datePublished":"2025-10-14T20:04:28+00:00","breadcrumb":{"@id":"https:\/\/deputadotaveirajr.com.br\/index.php\/festival-mada-2025-confira-os-horarios-dos-shows\/#breadcrumb"},"inLanguage":"pt-BR","potentialAction":[{"@type":"ReadAction","target":["https:\/\/deputadotaveirajr.com.br\/index.php\/festival-mada-2025-confira-os-horarios-dos-shows\/"]}]},{"@type":"ImageObject","inLanguage":"pt-BR","@id":"https:\/\/deputadotaveirajr.com.br\/index.php\/festival-mada-2025-confira-os-horarios-dos-shows\/#primaryimage","url":"https:\/\/deputadotaveirajr.com.br\/wp-content\/uploads\/2025\/10\/liniker-mcvyGD.jpg","contentUrl":"https:\/\/deputadotaveirajr.com.br\/wp-content\/uploads\/2025\/10\/liniker-mcvyGD.jpg","width":1200,"height":800},{"@type":"BreadcrumbList","@id":"https:\/\/deputadotaveirajr.com.br\/index.php\/festival-mada-2025-confira-os-horarios-dos-shows\/#breadcrumb","itemListElement":[{"@type":"ListItem","position":1,"name":"In\u00edcio","item":"https:\/\/deputadotaveirajr.com.br\/"},{"@type":"ListItem","position":2,"name":"Festival Mada 2025: confira os hor\u00e1rios dos shows"}]},{"@type":"WebSite","@id":"https:\/\/deputadotaveirajr.com.br\/#website","url":"https:\/\/deputadotaveirajr.com.br\/","name":"Taveira Jr","description":"Deputado Estadual","publisher":{"@id":"https:\/\/deputadotaveirajr.com.br\/#organization"},"potentialAction":[{"@type":"SearchAction","target":{"@type":"EntryPoint","urlTemplate":"https:\/\/deputadotaveirajr.com.br\/?s={search_term_string}"},"query-input":{"@type":"PropertyValueSpecification","valueRequired":true,"valueName":"search_term_string"}}],"inLanguage":"pt-BR"},{"@type":"Organization","@id":"https:\/\/deputadotaveirajr.com.br\/#organization","name":"Taveira Jr","url":"https:\/\/deputadotaveirajr.com.br\/","logo":{"@type":"ImageObject","inLanguage":"pt-BR","@id":"https:\/\/deputadotaveirajr.com.br\/#\/schema\/logo\/image\/","url":"https:\/\/deputadotaveirajr.com.br\/wp-content\/uploads\/2026\/01\/logolow2a.png","contentUrl":"https:\/\/deputadotaveirajr.com.br\/wp-content\/uploads\/2026\/01\/logolow2a.png","width":290,"height":80,"caption":"Taveira Jr"},"image":{"@id":"https:\/\/deputadotaveirajr.com.br\/#\/schema\/logo\/image\/"}}]}},"_links":{"self":[{"href":"https:\/\/deputadotaveirajr.com.br\/index.php\/wp-json\/wp\/v2\/pages\/14288","targetHints":{"allow":["GET"]}}],"collection":[{"href":"https:\/\/deputadotaveirajr.com.br\/index.php\/wp-json\/wp\/v2\/pages"}],"about":[{"href":"https:\/\/deputadotaveirajr.com.br\/index.php\/wp-json\/wp\/v2\/types\/page"}],"replies":[{"embeddable":true,"href":"https:\/\/deputadotaveirajr.com.br\/index.php\/wp-json\/wp\/v2\/comments?post=14288"}],"version-history":[{"count":0,"href":"https:\/\/deputadotaveirajr.com.br\/index.php\/wp-json\/wp\/v2\/pages\/14288\/revisions"}],"wp:featuredmedia":[{"embeddable":true,"href":"https:\/\/deputadotaveirajr.com.br\/index.php\/wp-json\/wp\/v2\/media\/14289"}],"wp:attachment":[{"href":"https:\/\/deputadotaveirajr.com.br\/index.php\/wp-json\/wp\/v2\/media?parent=14288"}],"curies":[{"name":"wp","href":"https:\/\/api.w.org\/{rel}","templated":true}]}}