{"id":14290,"date":"2025-10-14T17:59:51","date_gmt":"2025-10-14T20:59:51","guid":{"rendered":"https:\/\/deputadotaveirajr.com.br\/index.php\/justica-federal-bloqueia-site-que-divulgava-e-vendia-dados-pessoais-de-brasileiros\/"},"modified":"2025-10-14T17:59:51","modified_gmt":"2025-10-14T20:59:51","slug":"justica-federal-bloqueia-site-que-divulgava-e-vendia-dados-pessoais-de-brasileiros","status":"publish","type":"page","link":"https:\/\/deputadotaveirajr.com.br\/index.php\/justica-federal-bloqueia-site-que-divulgava-e-vendia-dados-pessoais-de-brasileiros\/","title":{"rendered":"Justi\u00e7a Federal bloqueia site que divulgava e vendia dados pessoais de brasileiros"},"content":{"rendered":"<p><img decoding=\"async\" src=\"https:\/\/s2-g1.glbimg.com\/4MGCjkGtR1ur-QMrd4wP-3ziHC8=\/i.s3.glbimg.com\/v1\/AUTH_59edd422c0c84a879bd37670ae4f538a\/internal_photos\/bs\/2025\/h\/w\/N3Bz8OT7iM8fN7JkqV4Q\/hacker-em-neon-escuro-iluminado-subterraneo-hq-codificacao-de-malware.jpg\" \/><br \/>     Hacker<br \/>\nDC Studio\/Freepik<br \/>\nA Justi\u00e7a Federal no Rio Grande do Norte bloqueou em definitivo um site que divulgava e vendia informa\u00e7\u00f5es pessoais de brasileiros sem qualquer autoriza\u00e7\u00e3o. A a\u00e7\u00e3o foi movida pelo Minist\u00e9rio P\u00fablico Federal.<br \/>\nA senten\u00e7a da 1\u00aa Vara Federal do Rio Grande do Norte tamb\u00e9m prev\u00ea o envio de pedido de coopera\u00e7\u00e3o internacional \u00e0 Su\u00e9cia, pa\u00eds onde o dom\u00ednio estava registrado, para a desativa\u00e7\u00e3o da p\u00e1gina no atual endere\u00e7o. Ainda cabe recurso da senten\u00e7a.<br \/>\n\ud83d\udcf3 Clique aqui para seguir o canal do g1 RN no WhatsApp<br \/>\nO site em quest\u00e3o oferecia dados como CPF, endere\u00e7o, data de nascimento e perfis de parentes, o que representa uma viola\u00e7\u00e3o ao direito \u00e0 privacidade e \u00e0 prote\u00e7\u00e3o de dados.<br \/>\nO MPF argumentou na a\u00e7\u00e3o que a pr\u00e1tica expunha milh\u00f5es de brasileiros a riscos graves, como fraudes e amea\u00e7as \u00e0 integridade f\u00edsica.<br \/>\nVeja os v\u00eddeos que est\u00e3o em alta no g1<br \/>\nO site violou a Constitui\u00e7\u00e3o Federal, o Marco Civil da Internet e a Lei Geral de Prote\u00e7\u00e3o de Dados (LGPD), de acordo com a decis\u00e3o judicial.<br \/>\nA Justi\u00e7a tamb\u00e9m determinou a condena\u00e7\u00e3o dos r\u00e9us ao pagamento de R$ 20 mil em honor\u00e1rios por litig\u00e2ncia de m\u00e1-f\u00e9.<br \/>\nEm pedidos anteriores, o MPF j\u00e1 havia conseguido que operadoras de telecomunica\u00e7\u00f5es bloqueassem o acesso ao site no Brasil.<br \/>\nDe acordo com o MPF, durante o atual processo, a empresa respons\u00e1vel pelo site tentou ocultar a responsabilidade por meio de uma firma registrada nas Ilhas Seychelles e de um provedor nos Estados Unidos.<br \/>\nO MPF, por\u00e9m, demonstrou que o Marco Civil da Internet (Lei n\u00ba 12.965\/2014) se aplica tamb\u00e9m a empresas estrangeiras que ofere\u00e7am servi\u00e7os a brasileiros.<br \/>\nA a\u00e7\u00e3o civil p\u00fablica, de autoria do procurador da Rep\u00fablica Kleber Martins, tramitou por dez anos at\u00e9 a atual senten\u00e7a.<br \/>\nA Uni\u00e3o ingressou no processo como parte ativa, junto ao MPF, enquanto a Autoridade Nacional de Prote\u00e7\u00e3o de Dados (ANPD) participou como amicus curiae &#8211; institui\u00e7\u00e3o ou especialista que contribui com informa\u00e7\u00f5es t\u00e9cnicas ou de interesse p\u00fablico, mesmo n\u00e3o sendo parte envolvida.<br \/>\nV\u00eddeos mais assistidos do g1 RN<\/p>","protected":false},"excerpt":{"rendered":"<p>Hacker DC Studio\/Freepik A Justi\u00e7a Federal no Rio Grande do Norte bloqueou em definitivo um site que divulgava e vendia informa\u00e7\u00f5es pessoais de brasileiros sem qualquer autoriza\u00e7\u00e3o. A a\u00e7\u00e3o foi &#8230;<\/p>\n","protected":false},"author":0,"featured_media":14291,"parent":0,"menu_order":0,"comment_status":"closed","ping_status":"closed","template":"","meta":{"footnotes":""},"class_list":["post-14290","page","type-page","status-publish","has-post-thumbnail","hentry"],"yoast_head":"<!-- This site is optimized with the Yoast SEO plugin v27.1.1 - https:\/\/yoast.com\/product\/yoast-seo-wordpress\/ -->\n<title>Justi\u00e7a Federal bloqueia site que divulgava e vendia dados pessoais de brasileiros - Taveira Jr<\/title>\n<meta name=\"robots\" content=\"index, follow, max-snippet:-1, max-image-preview:large, max-video-preview:-1\" \/>\n<link rel=\"canonical\" href=\"https:\/\/deputadotaveirajr.com.br\/index.php\/justica-federal-bloqueia-site-que-divulgava-e-vendia-dados-pessoais-de-brasileiros\/\" \/>\n<meta property=\"og:locale\" content=\"pt_BR\" \/>\n<meta property=\"og:type\" content=\"article\" \/>\n<meta property=\"og:title\" content=\"Justi\u00e7a Federal bloqueia site que divulgava e vendia dados pessoais de brasileiros - Taveira Jr\" \/>\n<meta property=\"og:description\" content=\"Hacker DC Studio\/Freepik A Justi\u00e7a Federal no Rio Grande do Norte bloqueou em definitivo um site que divulgava e vendia informa\u00e7\u00f5es pessoais de brasileiros sem qualquer autoriza\u00e7\u00e3o. A a\u00e7\u00e3o foi ...\" \/>\n<meta property=\"og:url\" content=\"https:\/\/deputadotaveirajr.com.br\/index.php\/justica-federal-bloqueia-site-que-divulgava-e-vendia-dados-pessoais-de-brasileiros\/\" \/>\n<meta property=\"og:site_name\" content=\"Taveira Jr\" \/>\n<meta property=\"og:image\" content=\"https:\/\/s2-g1.glbimg.com\/4MGCjkGtR1ur-QMrd4wP-3ziHC8=\/i.s3.glbimg.com\/v1\/AUTH_59edd422c0c84a879bd37670ae4f538a\/internal_photos\/bs\/2025\/h\/w\/N3Bz8OT7iM8fN7JkqV4Q\/hacker-em-neon-escuro-iluminado-subterraneo-hq-codificacao-de-malware.jpg\" \/>\n<meta name=\"twitter:card\" content=\"summary_large_image\" \/>\n<meta name=\"twitter:label1\" content=\"Est. tempo de leitura\" \/>\n\t<meta name=\"twitter:data1\" content=\"2 minutos\" \/>\n<script type=\"application\/ld+json\" class=\"yoast-schema-graph\">{\"@context\":\"https:\/\/schema.org\",\"@graph\":[{\"@type\":\"WebPage\",\"@id\":\"https:\/\/deputadotaveirajr.com.br\/index.php\/justica-federal-bloqueia-site-que-divulgava-e-vendia-dados-pessoais-de-brasileiros\/\",\"url\":\"https:\/\/deputadotaveirajr.com.br\/index.php\/justica-federal-bloqueia-site-que-divulgava-e-vendia-dados-pessoais-de-brasileiros\/\",\"name\":\"Justi\u00e7a Federal bloqueia site que divulgava e vendia dados pessoais de brasileiros - Taveira Jr\",\"isPartOf\":{\"@id\":\"https:\/\/deputadotaveirajr.com.br\/#website\"},\"primaryImageOfPage\":{\"@id\":\"https:\/\/deputadotaveirajr.com.br\/index.php\/justica-federal-bloqueia-site-que-divulgava-e-vendia-dados-pessoais-de-brasileiros\/#primaryimage\"},\"image\":{\"@id\":\"https:\/\/deputadotaveirajr.com.br\/index.php\/justica-federal-bloqueia-site-que-divulgava-e-vendia-dados-pessoais-de-brasileiros\/#primaryimage\"},\"thumbnailUrl\":\"https:\/\/deputadotaveirajr.com.br\/wp-content\/uploads\/2025\/10\/hacker-em-neon-escuro-iluminado-subterraneo-hq-codificacao-de-malware-rLIRmc-scaled.jpg\",\"datePublished\":\"2025-10-14T20:59:51+00:00\",\"breadcrumb\":{\"@id\":\"https:\/\/deputadotaveirajr.com.br\/index.php\/justica-federal-bloqueia-site-que-divulgava-e-vendia-dados-pessoais-de-brasileiros\/#breadcrumb\"},\"inLanguage\":\"pt-BR\",\"potentialAction\":[{\"@type\":\"ReadAction\",\"target\":[\"https:\/\/deputadotaveirajr.com.br\/index.php\/justica-federal-bloqueia-site-que-divulgava-e-vendia-dados-pessoais-de-brasileiros\/\"]}]},{\"@type\":\"ImageObject\",\"inLanguage\":\"pt-BR\",\"@id\":\"https:\/\/deputadotaveirajr.com.br\/index.php\/justica-federal-bloqueia-site-que-divulgava-e-vendia-dados-pessoais-de-brasileiros\/#primaryimage\",\"url\":\"https:\/\/deputadotaveirajr.com.br\/wp-content\/uploads\/2025\/10\/hacker-em-neon-escuro-iluminado-subterraneo-hq-codificacao-de-malware-rLIRmc-scaled.jpg\",\"contentUrl\":\"https:\/\/deputadotaveirajr.com.br\/wp-content\/uploads\/2025\/10\/hacker-em-neon-escuro-iluminado-subterraneo-hq-codificacao-de-malware-rLIRmc-scaled.jpg\",\"width\":2560,\"height\":1440},{\"@type\":\"BreadcrumbList\",\"@id\":\"https:\/\/deputadotaveirajr.com.br\/index.php\/justica-federal-bloqueia-site-que-divulgava-e-vendia-dados-pessoais-de-brasileiros\/#breadcrumb\",\"itemListElement\":[{\"@type\":\"ListItem\",\"position\":1,\"name\":\"In\u00edcio\",\"item\":\"https:\/\/deputadotaveirajr.com.br\/\"},{\"@type\":\"ListItem\",\"position\":2,\"name\":\"Justi\u00e7a Federal bloqueia site que divulgava e vendia dados pessoais de brasileiros\"}]},{\"@type\":\"WebSite\",\"@id\":\"https:\/\/deputadotaveirajr.com.br\/#website\",\"url\":\"https:\/\/deputadotaveirajr.com.br\/\",\"name\":\"Taveira Jr\",\"description\":\"Deputado Estadual\",\"publisher\":{\"@id\":\"https:\/\/deputadotaveirajr.com.br\/#organization\"},\"potentialAction\":[{\"@type\":\"SearchAction\",\"target\":{\"@type\":\"EntryPoint\",\"urlTemplate\":\"https:\/\/deputadotaveirajr.com.br\/?s={search_term_string}\"},\"query-input\":{\"@type\":\"PropertyValueSpecification\",\"valueRequired\":true,\"valueName\":\"search_term_string\"}}],\"inLanguage\":\"pt-BR\"},{\"@type\":\"Organization\",\"@id\":\"https:\/\/deputadotaveirajr.com.br\/#organization\",\"name\":\"Taveira Jr\",\"url\":\"https:\/\/deputadotaveirajr.com.br\/\",\"logo\":{\"@type\":\"ImageObject\",\"inLanguage\":\"pt-BR\",\"@id\":\"https:\/\/deputadotaveirajr.com.br\/#\/schema\/logo\/image\/\",\"url\":\"https:\/\/deputadotaveirajr.com.br\/wp-content\/uploads\/2026\/01\/logolow2a.png\",\"contentUrl\":\"https:\/\/deputadotaveirajr.com.br\/wp-content\/uploads\/2026\/01\/logolow2a.png\",\"width\":290,\"height\":80,\"caption\":\"Taveira Jr\"},\"image\":{\"@id\":\"https:\/\/deputadotaveirajr.com.br\/#\/schema\/logo\/image\/\"}}]}<\/script>\n<!-- \/ Yoast SEO plugin. -->","yoast_head_json":{"title":"Justi\u00e7a Federal bloqueia site que divulgava e vendia dados pessoais de brasileiros - Taveira Jr","robots":{"index":"index","follow":"follow","max-snippet":"max-snippet:-1","max-image-preview":"max-image-preview:large","max-video-preview":"max-video-preview:-1"},"canonical":"https:\/\/deputadotaveirajr.com.br\/index.php\/justica-federal-bloqueia-site-que-divulgava-e-vendia-dados-pessoais-de-brasileiros\/","og_locale":"pt_BR","og_type":"article","og_title":"Justi\u00e7a Federal bloqueia site que divulgava e vendia dados pessoais de brasileiros - Taveira Jr","og_description":"Hacker DC Studio\/Freepik A Justi\u00e7a Federal no Rio Grande do Norte bloqueou em definitivo um site que divulgava e vendia informa\u00e7\u00f5es pessoais de brasileiros sem qualquer autoriza\u00e7\u00e3o. A a\u00e7\u00e3o foi ...","og_url":"https:\/\/deputadotaveirajr.com.br\/index.php\/justica-federal-bloqueia-site-que-divulgava-e-vendia-dados-pessoais-de-brasileiros\/","og_site_name":"Taveira Jr","og_image":[{"url":"https:\/\/s2-g1.glbimg.com\/4MGCjkGtR1ur-QMrd4wP-3ziHC8=\/i.s3.glbimg.com\/v1\/AUTH_59edd422c0c84a879bd37670ae4f538a\/internal_photos\/bs\/2025\/h\/w\/N3Bz8OT7iM8fN7JkqV4Q\/hacker-em-neon-escuro-iluminado-subterraneo-hq-codificacao-de-malware.jpg","type":"","width":"","height":""}],"twitter_card":"summary_large_image","twitter_misc":{"Est. tempo de leitura":"2 minutos"},"schema":{"@context":"https:\/\/schema.org","@graph":[{"@type":"WebPage","@id":"https:\/\/deputadotaveirajr.com.br\/index.php\/justica-federal-bloqueia-site-que-divulgava-e-vendia-dados-pessoais-de-brasileiros\/","url":"https:\/\/deputadotaveirajr.com.br\/index.php\/justica-federal-bloqueia-site-que-divulgava-e-vendia-dados-pessoais-de-brasileiros\/","name":"Justi\u00e7a Federal bloqueia site que divulgava e vendia dados pessoais de brasileiros - Taveira Jr","isPartOf":{"@id":"https:\/\/deputadotaveirajr.com.br\/#website"},"primaryImageOfPage":{"@id":"https:\/\/deputadotaveirajr.com.br\/index.php\/justica-federal-bloqueia-site-que-divulgava-e-vendia-dados-pessoais-de-brasileiros\/#primaryimage"},"image":{"@id":"https:\/\/deputadotaveirajr.com.br\/index.php\/justica-federal-bloqueia-site-que-divulgava-e-vendia-dados-pessoais-de-brasileiros\/#primaryimage"},"thumbnailUrl":"https:\/\/deputadotaveirajr.com.br\/wp-content\/uploads\/2025\/10\/hacker-em-neon-escuro-iluminado-subterraneo-hq-codificacao-de-malware-rLIRmc-scaled.jpg","datePublished":"2025-10-14T20:59:51+00:00","breadcrumb":{"@id":"https:\/\/deputadotaveirajr.com.br\/index.php\/justica-federal-bloqueia-site-que-divulgava-e-vendia-dados-pessoais-de-brasileiros\/#breadcrumb"},"inLanguage":"pt-BR","potentialAction":[{"@type":"ReadAction","target":["https:\/\/deputadotaveirajr.com.br\/index.php\/justica-federal-bloqueia-site-que-divulgava-e-vendia-dados-pessoais-de-brasileiros\/"]}]},{"@type":"ImageObject","inLanguage":"pt-BR","@id":"https:\/\/deputadotaveirajr.com.br\/index.php\/justica-federal-bloqueia-site-que-divulgava-e-vendia-dados-pessoais-de-brasileiros\/#primaryimage","url":"https:\/\/deputadotaveirajr.com.br\/wp-content\/uploads\/2025\/10\/hacker-em-neon-escuro-iluminado-subterraneo-hq-codificacao-de-malware-rLIRmc-scaled.jpg","contentUrl":"https:\/\/deputadotaveirajr.com.br\/wp-content\/uploads\/2025\/10\/hacker-em-neon-escuro-iluminado-subterraneo-hq-codificacao-de-malware-rLIRmc-scaled.jpg","width":2560,"height":1440},{"@type":"BreadcrumbList","@id":"https:\/\/deputadotaveirajr.com.br\/index.php\/justica-federal-bloqueia-site-que-divulgava-e-vendia-dados-pessoais-de-brasileiros\/#breadcrumb","itemListElement":[{"@type":"ListItem","position":1,"name":"In\u00edcio","item":"https:\/\/deputadotaveirajr.com.br\/"},{"@type":"ListItem","position":2,"name":"Justi\u00e7a Federal bloqueia site que divulgava e vendia dados pessoais de brasileiros"}]},{"@type":"WebSite","@id":"https:\/\/deputadotaveirajr.com.br\/#website","url":"https:\/\/deputadotaveirajr.com.br\/","name":"Taveira Jr","description":"Deputado Estadual","publisher":{"@id":"https:\/\/deputadotaveirajr.com.br\/#organization"},"potentialAction":[{"@type":"SearchAction","target":{"@type":"EntryPoint","urlTemplate":"https:\/\/deputadotaveirajr.com.br\/?s={search_term_string}"},"query-input":{"@type":"PropertyValueSpecification","valueRequired":true,"valueName":"search_term_string"}}],"inLanguage":"pt-BR"},{"@type":"Organization","@id":"https:\/\/deputadotaveirajr.com.br\/#organization","name":"Taveira Jr","url":"https:\/\/deputadotaveirajr.com.br\/","logo":{"@type":"ImageObject","inLanguage":"pt-BR","@id":"https:\/\/deputadotaveirajr.com.br\/#\/schema\/logo\/image\/","url":"https:\/\/deputadotaveirajr.com.br\/wp-content\/uploads\/2026\/01\/logolow2a.png","contentUrl":"https:\/\/deputadotaveirajr.com.br\/wp-content\/uploads\/2026\/01\/logolow2a.png","width":290,"height":80,"caption":"Taveira Jr"},"image":{"@id":"https:\/\/deputadotaveirajr.com.br\/#\/schema\/logo\/image\/"}}]}},"_links":{"self":[{"href":"https:\/\/deputadotaveirajr.com.br\/index.php\/wp-json\/wp\/v2\/pages\/14290","targetHints":{"allow":["GET"]}}],"collection":[{"href":"https:\/\/deputadotaveirajr.com.br\/index.php\/wp-json\/wp\/v2\/pages"}],"about":[{"href":"https:\/\/deputadotaveirajr.com.br\/index.php\/wp-json\/wp\/v2\/types\/page"}],"replies":[{"embeddable":true,"href":"https:\/\/deputadotaveirajr.com.br\/index.php\/wp-json\/wp\/v2\/comments?post=14290"}],"version-history":[{"count":0,"href":"https:\/\/deputadotaveirajr.com.br\/index.php\/wp-json\/wp\/v2\/pages\/14290\/revisions"}],"wp:featuredmedia":[{"embeddable":true,"href":"https:\/\/deputadotaveirajr.com.br\/index.php\/wp-json\/wp\/v2\/media\/14291"}],"wp:attachment":[{"href":"https:\/\/deputadotaveirajr.com.br\/index.php\/wp-json\/wp\/v2\/media?parent=14290"}],"curies":[{"name":"wp","href":"https:\/\/api.w.org\/{rel}","templated":true}]}}