{"id":14292,"date":"2025-10-14T19:43:34","date_gmt":"2025-10-14T22:43:34","guid":{"rendered":"https:\/\/deputadotaveirajr.com.br\/index.php\/medicos-de-alta-e-media-complexidade-paralisam-atividades-na-rede-publica-de-natal\/"},"modified":"2025-10-14T19:43:34","modified_gmt":"2025-10-14T22:43:34","slug":"medicos-de-alta-e-media-complexidade-paralisam-atividades-na-rede-publica-de-natal","status":"publish","type":"page","link":"https:\/\/deputadotaveirajr.com.br\/index.php\/medicos-de-alta-e-media-complexidade-paralisam-atividades-na-rede-publica-de-natal\/","title":{"rendered":"M\u00e9dicos de alta e m\u00e9dia complexidade paralisam atividades na rede p\u00fablica de Natal"},"content":{"rendered":"<p><img decoding=\"async\" src=\"https:\/\/s2-g1.glbimg.com\/YhZsnPC8OFHO3Z2KxUr6dOc1V0g=\/i.s3.glbimg.com\/v1\/AUTH_59edd422c0c84a879bd37670ae4f538a\/internal_photos\/bs\/2025\/9\/u\/Bin43ATOaH39N0G0I7Kg\/whatsapp-image-2025-09-06-at-08.43.15.jpeg\" \/><br \/>     Hospital Infantil Varela Santiago, em Natal, \u00e9 um dos afetados<br \/>\nS\u00e9rgio Henrique Santos\/Inter TV Cabugi\/ARQUIVO<br \/>\nOs m\u00e9dicos especialistas da alta e m\u00e9dia complexidade que prestam servi\u00e7os na rede p\u00fablica de Natal paralisaram as atividades nesta ter\u00e7a-feira (14), sem previs\u00e3o de retorno.<br \/>\nNa pr\u00e1tica, est\u00e3o suspensas, parcialmente ou completamente, cirurgias, procedimentos e consultas m\u00e9dicas em hospitais como a Liga contra o C\u00e2ncer e Varela Santiago, al\u00e9m de outras unidades privadas conveniadas com o Munic\u00edpio.<br \/>\n\ud83d\udcf3 Clique aqui para seguir o canal do g1 RN no WhatsApp<br \/>\nO motivo da paralisa\u00e7\u00e3o, segundo a categoria, \u00e9 a falta de um contrato com Munic\u00edpio desde que o servi\u00e7o deixou de ser prestado por uma cooperativa e passou a ser realizado por uma empresa terceirizada, em setembro.<br \/>\nDesde ent\u00e3o, segundo o movimento dos profissionais especializados, a Prefeitura de Natal n\u00e3o firmou nenhum contrato com a categoria.<br \/>\nVeja os v\u00eddeos que est\u00e3o em alta no g1<br \/>\nEm nota, a Secretaria Municipal de Sa\u00fade (SMS) informou que trabalha em conjunto com o Minist\u00e9rio P\u00fablico (MP), a Procuradoria-Geral do Munic\u00edpio (PGM) e com representantes dos hospitais envolvidos  &#8220;na busca de uma solu\u00e7\u00e3o que garanta seguran\u00e7a jur\u00eddica e viabilize o atendimento das demandas apresentadas pelas equipes m\u00e9dicas que optaram por n\u00e3o firmar contrato com as empresas vencedoras do processo licitat\u00f3rio&#8221;.<br \/>\nA SMS informou que cumpre &#8220;integralmente os pontos acordados durante a audi\u00eancia de media\u00e7\u00e3o &#8211; dentre eles, o pagamento indenizat\u00f3rio para os profissionais &#8211; e segue nos est\u00e1gios finais de afirma\u00e7\u00e3o do Termo de Ajustamento de Conduta (TAC), visando a regulariza\u00e7\u00e3o da oferta de procedimentos de alta complexidade no munic\u00edpio&#8221;.<br \/>\nA pasta informou ainda que n\u00e3o foram todos os prestadores que aderiram \u00e0 paralisa\u00e7\u00e3o e que o servi\u00e7o continua sendo prestado na rede p\u00fablica municipal.<br \/>\n&#8220;Refor\u00e7a tamb\u00e9m que os servi\u00e7os m\u00e9dicos vinham sendo prestados anteriormente sem cobertura contratual na capital, e que a partir deste ano, a SMS vem regularizando a situa\u00e7\u00e3o, sempre em contato com os \u00f3rg\u00e3os competentes, como o Minist\u00e9rio P\u00fablico, de modo a garantir a melhor solu\u00e7\u00e3o definitiva para de fato avan\u00e7ar dentro da assist\u00eancia p\u00fablica de Natal&#8221;.<br \/>\n90 cirurgias deixam de ser realizadas<br \/>\nSegundo os m\u00e9dicos, cerca de 90 cirurgias deixaram de ser realizadas por conta da paralisa\u00e7\u00e3o, al\u00e9m de atendimentos e outros procedimentos. Ao todo, cerca de 120 profissionais paralisaram as atividades.<br \/>\nA paralisa\u00e7\u00e3o atinge as cirurgias oncol\u00f3gicas, neurocirurgia, mastologia, urologia, cirurgia de cabe\u00e7a e pesco\u00e7o, cirurgia tor\u00e1cica, cirurgia pl\u00e1stica, ortopedia oncol\u00f3gica, ginecologia oncol\u00f3gica, cirurgia pedi\u00e1trica, cirurgia card\u00edaca e toda a parte de hemodin\u00e2mica realizadas pelos hospitais conveniados com a Prefeitura de Natal.<br \/>\nSegundo os profissionais, a solu\u00e7\u00e3o apontada pela Secretaria Municipal de Sa\u00fade, de efetuar o pagamento dos profissionais via o hospital prestador do servi\u00e7o, n\u00e3o foi efetivada.<br \/>\n&#8220;O novo contrato entrou em vigor em 01\/09\/2025, sem que as empresas apresentassem equipes m\u00e9dicas habilitadas, tampouco houvesse tempo h\u00e1bil para a formaliza\u00e7\u00e3o de novos v\u00ednculos.  Mesmo assim, os profissionais mantiveram os servi\u00e7os em pleno funcionamento para evitar desassist\u00eancia \u00e0 popula\u00e7\u00e3o. Ou seja, os profissionais hoje est\u00e3o sem qualquer contrato, o que impede a continuidade dos servi\u00e7os&#8221;, citaram, em nota, os m\u00e9dicos especialistas.<br \/>\nOs profissionais pedem o contrato sem necessidade de intermedi\u00e1rios e a programa\u00e7\u00e3o dos honor\u00e1rios atrasados.<br \/>\nLiga cita &#8216;preocupa\u00e7\u00e3o&#8217;<br \/>\nEm nota, a Liga Contra o C\u00e2ncer, uma das unidades afetadas, externou a preocupa\u00e7\u00e3o &#8220;com as consequ\u00eancias dessa medida para os pacientes, que ter\u00e3o seus tratamentos interrompidos&#8221;.<br \/>\nAo mesmo tempo, se solidarizou com os cirurgi\u00f5es parceiros, &#8220;que vivem um momento de incertezas contratuais e j\u00e1 amargando atrasos superiores a 90 dias na quita\u00e7\u00e3o dos seus honor\u00e1rios&#8221;.<br \/>\nA Liga Contra o C\u00e2ncer ressaltou ainda que toda presta\u00e7\u00e3o de servi\u00e7o m\u00e9dico \u00e9 realizada integralmente por profissionais sem v\u00ednculo empregat\u00edcio direto com as suas unidades, o que d\u00e1 autonomia para o corpo de cirurgi\u00f5es adotar quaisquer medidas.<br \/>\nA Liga informou ainda que contou &#8220;com a sensibilidade dos profissionais, que j\u00e1 garantiram a realiza\u00e7\u00e3o de todas as cirurgias de urg\u00eancia&#8221;, tendo sido paralisados os procedimentos eletivos, o que implica em cerca de 30 cirurgias que est\u00e3o deixando de serem realizadas por dia.<br \/>\nV\u00eddeos mais assistidos do g1 RN<\/p>","protected":false},"excerpt":{"rendered":"<p>Hospital Infantil Varela Santiago, em Natal, \u00e9 um dos afetados S\u00e9rgio Henrique Santos\/Inter TV Cabugi\/ARQUIVO Os m\u00e9dicos especialistas da alta e m\u00e9dia complexidade que prestam servi\u00e7os na rede p\u00fablica de &#8230;<\/p>\n","protected":false},"author":0,"featured_media":14293,"parent":0,"menu_order":0,"comment_status":"closed","ping_status":"closed","template":"","meta":{"footnotes":""},"class_list":["post-14292","page","type-page","status-publish","has-post-thumbnail","hentry"],"yoast_head":"<!-- This site is optimized with the Yoast SEO plugin v27.1.1 - https:\/\/yoast.com\/product\/yoast-seo-wordpress\/ -->\n<title>M\u00e9dicos de alta e m\u00e9dia complexidade paralisam atividades na rede p\u00fablica de Natal - Taveira Jr<\/title>\n<meta name=\"robots\" content=\"index, follow, max-snippet:-1, max-image-preview:large, max-video-preview:-1\" \/>\n<link rel=\"canonical\" href=\"https:\/\/deputadotaveirajr.com.br\/index.php\/medicos-de-alta-e-media-complexidade-paralisam-atividades-na-rede-publica-de-natal\/\" \/>\n<meta property=\"og:locale\" content=\"pt_BR\" \/>\n<meta property=\"og:type\" content=\"article\" \/>\n<meta property=\"og:title\" content=\"M\u00e9dicos de alta e m\u00e9dia complexidade paralisam atividades na rede p\u00fablica de Natal - Taveira Jr\" \/>\n<meta property=\"og:description\" content=\"Hospital Infantil Varela Santiago, em Natal, \u00e9 um dos afetados S\u00e9rgio Henrique Santos\/Inter TV Cabugi\/ARQUIVO Os m\u00e9dicos especialistas da alta e m\u00e9dia complexidade que prestam servi\u00e7os na rede p\u00fablica de ...\" \/>\n<meta property=\"og:url\" content=\"https:\/\/deputadotaveirajr.com.br\/index.php\/medicos-de-alta-e-media-complexidade-paralisam-atividades-na-rede-publica-de-natal\/\" \/>\n<meta property=\"og:site_name\" content=\"Taveira Jr\" \/>\n<meta property=\"og:image\" content=\"https:\/\/s2-g1.glbimg.com\/YhZsnPC8OFHO3Z2KxUr6dOc1V0g=\/i.s3.glbimg.com\/v1\/AUTH_59edd422c0c84a879bd37670ae4f538a\/internal_photos\/bs\/2025\/9\/u\/Bin43ATOaH39N0G0I7Kg\/whatsapp-image-2025-09-06-at-08.43.15.jpeg\" \/>\n<meta name=\"twitter:card\" content=\"summary_large_image\" \/>\n<meta name=\"twitter:label1\" content=\"Est. tempo de leitura\" \/>\n\t<meta name=\"twitter:data1\" content=\"4 minutos\" \/>\n<script type=\"application\/ld+json\" class=\"yoast-schema-graph\">{\"@context\":\"https:\/\/schema.org\",\"@graph\":[{\"@type\":\"WebPage\",\"@id\":\"https:\/\/deputadotaveirajr.com.br\/index.php\/medicos-de-alta-e-media-complexidade-paralisam-atividades-na-rede-publica-de-natal\/\",\"url\":\"https:\/\/deputadotaveirajr.com.br\/index.php\/medicos-de-alta-e-media-complexidade-paralisam-atividades-na-rede-publica-de-natal\/\",\"name\":\"M\u00e9dicos de alta e m\u00e9dia complexidade paralisam atividades na rede p\u00fablica de Natal - Taveira Jr\",\"isPartOf\":{\"@id\":\"https:\/\/deputadotaveirajr.com.br\/#website\"},\"primaryImageOfPage\":{\"@id\":\"https:\/\/deputadotaveirajr.com.br\/index.php\/medicos-de-alta-e-media-complexidade-paralisam-atividades-na-rede-publica-de-natal\/#primaryimage\"},\"image\":{\"@id\":\"https:\/\/deputadotaveirajr.com.br\/index.php\/medicos-de-alta-e-media-complexidade-paralisam-atividades-na-rede-publica-de-natal\/#primaryimage\"},\"thumbnailUrl\":\"https:\/\/deputadotaveirajr.com.br\/wp-content\/uploads\/2025\/10\/whatsapp-image-2025-09-06-at-08.43.15-E9y7kg-scaled.jpg\",\"datePublished\":\"2025-10-14T22:43:34+00:00\",\"breadcrumb\":{\"@id\":\"https:\/\/deputadotaveirajr.com.br\/index.php\/medicos-de-alta-e-media-complexidade-paralisam-atividades-na-rede-publica-de-natal\/#breadcrumb\"},\"inLanguage\":\"pt-BR\",\"potentialAction\":[{\"@type\":\"ReadAction\",\"target\":[\"https:\/\/deputadotaveirajr.com.br\/index.php\/medicos-de-alta-e-media-complexidade-paralisam-atividades-na-rede-publica-de-natal\/\"]}]},{\"@type\":\"ImageObject\",\"inLanguage\":\"pt-BR\",\"@id\":\"https:\/\/deputadotaveirajr.com.br\/index.php\/medicos-de-alta-e-media-complexidade-paralisam-atividades-na-rede-publica-de-natal\/#primaryimage\",\"url\":\"https:\/\/deputadotaveirajr.com.br\/wp-content\/uploads\/2025\/10\/whatsapp-image-2025-09-06-at-08.43.15-E9y7kg-scaled.jpg\",\"contentUrl\":\"https:\/\/deputadotaveirajr.com.br\/wp-content\/uploads\/2025\/10\/whatsapp-image-2025-09-06-at-08.43.15-E9y7kg-scaled.jpg\",\"width\":2560,\"height\":1920},{\"@type\":\"BreadcrumbList\",\"@id\":\"https:\/\/deputadotaveirajr.com.br\/index.php\/medicos-de-alta-e-media-complexidade-paralisam-atividades-na-rede-publica-de-natal\/#breadcrumb\",\"itemListElement\":[{\"@type\":\"ListItem\",\"position\":1,\"name\":\"In\u00edcio\",\"item\":\"https:\/\/deputadotaveirajr.com.br\/\"},{\"@type\":\"ListItem\",\"position\":2,\"name\":\"M\u00e9dicos de alta e m\u00e9dia complexidade paralisam atividades na rede p\u00fablica de Natal\"}]},{\"@type\":\"WebSite\",\"@id\":\"https:\/\/deputadotaveirajr.com.br\/#website\",\"url\":\"https:\/\/deputadotaveirajr.com.br\/\",\"name\":\"Taveira Jr\",\"description\":\"Deputado Estadual\",\"publisher\":{\"@id\":\"https:\/\/deputadotaveirajr.com.br\/#organization\"},\"potentialAction\":[{\"@type\":\"SearchAction\",\"target\":{\"@type\":\"EntryPoint\",\"urlTemplate\":\"https:\/\/deputadotaveirajr.com.br\/?s={search_term_string}\"},\"query-input\":{\"@type\":\"PropertyValueSpecification\",\"valueRequired\":true,\"valueName\":\"search_term_string\"}}],\"inLanguage\":\"pt-BR\"},{\"@type\":\"Organization\",\"@id\":\"https:\/\/deputadotaveirajr.com.br\/#organization\",\"name\":\"Taveira Jr\",\"url\":\"https:\/\/deputadotaveirajr.com.br\/\",\"logo\":{\"@type\":\"ImageObject\",\"inLanguage\":\"pt-BR\",\"@id\":\"https:\/\/deputadotaveirajr.com.br\/#\/schema\/logo\/image\/\",\"url\":\"https:\/\/deputadotaveirajr.com.br\/wp-content\/uploads\/2026\/01\/logolow2a.png\",\"contentUrl\":\"https:\/\/deputadotaveirajr.com.br\/wp-content\/uploads\/2026\/01\/logolow2a.png\",\"width\":290,\"height\":80,\"caption\":\"Taveira Jr\"},\"image\":{\"@id\":\"https:\/\/deputadotaveirajr.com.br\/#\/schema\/logo\/image\/\"}}]}<\/script>\n<!-- \/ Yoast SEO plugin. -->","yoast_head_json":{"title":"M\u00e9dicos de alta e m\u00e9dia complexidade paralisam atividades na rede p\u00fablica de Natal - Taveira Jr","robots":{"index":"index","follow":"follow","max-snippet":"max-snippet:-1","max-image-preview":"max-image-preview:large","max-video-preview":"max-video-preview:-1"},"canonical":"https:\/\/deputadotaveirajr.com.br\/index.php\/medicos-de-alta-e-media-complexidade-paralisam-atividades-na-rede-publica-de-natal\/","og_locale":"pt_BR","og_type":"article","og_title":"M\u00e9dicos de alta e m\u00e9dia complexidade paralisam atividades na rede p\u00fablica de Natal - Taveira Jr","og_description":"Hospital Infantil Varela Santiago, em Natal, \u00e9 um dos afetados S\u00e9rgio Henrique Santos\/Inter TV Cabugi\/ARQUIVO Os m\u00e9dicos especialistas da alta e m\u00e9dia complexidade que prestam servi\u00e7os na rede p\u00fablica de ...","og_url":"https:\/\/deputadotaveirajr.com.br\/index.php\/medicos-de-alta-e-media-complexidade-paralisam-atividades-na-rede-publica-de-natal\/","og_site_name":"Taveira Jr","og_image":[{"url":"https:\/\/s2-g1.glbimg.com\/YhZsnPC8OFHO3Z2KxUr6dOc1V0g=\/i.s3.glbimg.com\/v1\/AUTH_59edd422c0c84a879bd37670ae4f538a\/internal_photos\/bs\/2025\/9\/u\/Bin43ATOaH39N0G0I7Kg\/whatsapp-image-2025-09-06-at-08.43.15.jpeg","type":"","width":"","height":""}],"twitter_card":"summary_large_image","twitter_misc":{"Est. tempo de leitura":"4 minutos"},"schema":{"@context":"https:\/\/schema.org","@graph":[{"@type":"WebPage","@id":"https:\/\/deputadotaveirajr.com.br\/index.php\/medicos-de-alta-e-media-complexidade-paralisam-atividades-na-rede-publica-de-natal\/","url":"https:\/\/deputadotaveirajr.com.br\/index.php\/medicos-de-alta-e-media-complexidade-paralisam-atividades-na-rede-publica-de-natal\/","name":"M\u00e9dicos de alta e m\u00e9dia complexidade paralisam atividades na rede p\u00fablica de Natal - Taveira Jr","isPartOf":{"@id":"https:\/\/deputadotaveirajr.com.br\/#website"},"primaryImageOfPage":{"@id":"https:\/\/deputadotaveirajr.com.br\/index.php\/medicos-de-alta-e-media-complexidade-paralisam-atividades-na-rede-publica-de-natal\/#primaryimage"},"image":{"@id":"https:\/\/deputadotaveirajr.com.br\/index.php\/medicos-de-alta-e-media-complexidade-paralisam-atividades-na-rede-publica-de-natal\/#primaryimage"},"thumbnailUrl":"https:\/\/deputadotaveirajr.com.br\/wp-content\/uploads\/2025\/10\/whatsapp-image-2025-09-06-at-08.43.15-E9y7kg-scaled.jpg","datePublished":"2025-10-14T22:43:34+00:00","breadcrumb":{"@id":"https:\/\/deputadotaveirajr.com.br\/index.php\/medicos-de-alta-e-media-complexidade-paralisam-atividades-na-rede-publica-de-natal\/#breadcrumb"},"inLanguage":"pt-BR","potentialAction":[{"@type":"ReadAction","target":["https:\/\/deputadotaveirajr.com.br\/index.php\/medicos-de-alta-e-media-complexidade-paralisam-atividades-na-rede-publica-de-natal\/"]}]},{"@type":"ImageObject","inLanguage":"pt-BR","@id":"https:\/\/deputadotaveirajr.com.br\/index.php\/medicos-de-alta-e-media-complexidade-paralisam-atividades-na-rede-publica-de-natal\/#primaryimage","url":"https:\/\/deputadotaveirajr.com.br\/wp-content\/uploads\/2025\/10\/whatsapp-image-2025-09-06-at-08.43.15-E9y7kg-scaled.jpg","contentUrl":"https:\/\/deputadotaveirajr.com.br\/wp-content\/uploads\/2025\/10\/whatsapp-image-2025-09-06-at-08.43.15-E9y7kg-scaled.jpg","width":2560,"height":1920},{"@type":"BreadcrumbList","@id":"https:\/\/deputadotaveirajr.com.br\/index.php\/medicos-de-alta-e-media-complexidade-paralisam-atividades-na-rede-publica-de-natal\/#breadcrumb","itemListElement":[{"@type":"ListItem","position":1,"name":"In\u00edcio","item":"https:\/\/deputadotaveirajr.com.br\/"},{"@type":"ListItem","position":2,"name":"M\u00e9dicos de alta e m\u00e9dia complexidade paralisam atividades na rede p\u00fablica de Natal"}]},{"@type":"WebSite","@id":"https:\/\/deputadotaveirajr.com.br\/#website","url":"https:\/\/deputadotaveirajr.com.br\/","name":"Taveira Jr","description":"Deputado Estadual","publisher":{"@id":"https:\/\/deputadotaveirajr.com.br\/#organization"},"potentialAction":[{"@type":"SearchAction","target":{"@type":"EntryPoint","urlTemplate":"https:\/\/deputadotaveirajr.com.br\/?s={search_term_string}"},"query-input":{"@type":"PropertyValueSpecification","valueRequired":true,"valueName":"search_term_string"}}],"inLanguage":"pt-BR"},{"@type":"Organization","@id":"https:\/\/deputadotaveirajr.com.br\/#organization","name":"Taveira Jr","url":"https:\/\/deputadotaveirajr.com.br\/","logo":{"@type":"ImageObject","inLanguage":"pt-BR","@id":"https:\/\/deputadotaveirajr.com.br\/#\/schema\/logo\/image\/","url":"https:\/\/deputadotaveirajr.com.br\/wp-content\/uploads\/2026\/01\/logolow2a.png","contentUrl":"https:\/\/deputadotaveirajr.com.br\/wp-content\/uploads\/2026\/01\/logolow2a.png","width":290,"height":80,"caption":"Taveira Jr"},"image":{"@id":"https:\/\/deputadotaveirajr.com.br\/#\/schema\/logo\/image\/"}}]}},"_links":{"self":[{"href":"https:\/\/deputadotaveirajr.com.br\/index.php\/wp-json\/wp\/v2\/pages\/14292","targetHints":{"allow":["GET"]}}],"collection":[{"href":"https:\/\/deputadotaveirajr.com.br\/index.php\/wp-json\/wp\/v2\/pages"}],"about":[{"href":"https:\/\/deputadotaveirajr.com.br\/index.php\/wp-json\/wp\/v2\/types\/page"}],"replies":[{"embeddable":true,"href":"https:\/\/deputadotaveirajr.com.br\/index.php\/wp-json\/wp\/v2\/comments?post=14292"}],"version-history":[{"count":0,"href":"https:\/\/deputadotaveirajr.com.br\/index.php\/wp-json\/wp\/v2\/pages\/14292\/revisions"}],"wp:featuredmedia":[{"embeddable":true,"href":"https:\/\/deputadotaveirajr.com.br\/index.php\/wp-json\/wp\/v2\/media\/14293"}],"wp:attachment":[{"href":"https:\/\/deputadotaveirajr.com.br\/index.php\/wp-json\/wp\/v2\/media?parent=14292"}],"curies":[{"name":"wp","href":"https:\/\/api.w.org\/{rel}","templated":true}]}}