{"id":14306,"date":"2025-10-17T17:09:49","date_gmt":"2025-10-17T20:09:49","guid":{"rendered":"https:\/\/deputadotaveirajr.com.br\/index.php\/dia-d-de-multivacinacao-onde-se-vacinar-em-natal-mossoro-e-parnamirim-neste-sabado-18\/"},"modified":"2025-10-17T17:09:49","modified_gmt":"2025-10-17T20:09:49","slug":"dia-d-de-multivacinacao-onde-se-vacinar-em-natal-mossoro-e-parnamirim-neste-sabado-18","status":"publish","type":"page","link":"https:\/\/deputadotaveirajr.com.br\/index.php\/dia-d-de-multivacinacao-onde-se-vacinar-em-natal-mossoro-e-parnamirim-neste-sabado-18\/","title":{"rendered":"Dia D de Multivacina\u00e7\u00e3o: onde se vacinar em Natal, Mossor\u00f3 e Parnamirim neste s\u00e1bado (18)"},"content":{"rendered":"<p><img decoding=\"async\" src=\"https:\/\/s2-g1.glbimg.com\/xFiIVUZTk5qu0OjHzsrhJLPQSxQ=\/i.s3.glbimg.com\/v1\/AUTH_59edd422c0c84a879bd37670ae4f538a\/internal_photos\/bs\/2025\/f\/a\/FCFVx5RHeFKuHEPgVcvQ\/vacina-1-.jpg\" \/><br \/>     Campanha de multivacina\u00e7\u00e3o tem dia &#8220;D&#8221; no s\u00e1bado<br \/>\nO Dia D da Campanha de Multivacina\u00e7\u00e3o, que visa atualizar a caderneta de vacina de crian\u00e7as e adolescentes menores de 15 anos, acontece neste s\u00e1bado (18) em todo o Brasil.<br \/>\nNo Rio Grande do Norte, cidades como Natal, Parnamirim e Mossor\u00f3 divulgaram quais postos de sa\u00fade funcionam na campanha e os hor\u00e1rios estendidos de alguns pontos de imuniza\u00e7\u00e3o. (Veja, detalhado, mais abaixo).<br \/>\n\ud83d\udcf3 Clique aqui para seguir o canal do g1 RN no WhatsApp<br \/>\nA Campanha de Multivacina\u00e7\u00e3o iniciou no dia 6 no munic\u00edpio e segue at\u00e9 o dia 31 de outubro. A estrat\u00e9gia faz parte das a\u00e7\u00f5es do Minist\u00e9rio da Sa\u00fade no incentivo \u00e0 realiza\u00e7\u00e3o de busca ativa por crian\u00e7as e adolescentes n\u00e3o vacinados ou com a situa\u00e7\u00e3o vacinal incompleta.<br \/>\nSegundo a Secretaria de Estado da Sa\u00fade P\u00fablica (Sesap), a campanha prioriza os imunizantes do Calend\u00e1rio Nacional de Vacina\u00e7\u00e3o 2025, incluindo poliomielite e Covid-19, al\u00e9m do resgate de n\u00e3o vacinados contra HPV, febre amarela e sarampo.<br \/>\nVacina\u00e7\u00e3o<br \/>\nDivulga\u00e7\u00e3o\/Prefeitura de Mogi das Cruzes<br \/>\n\ud83d\udccd  Natal<br \/>\nA a\u00e7\u00e3o acontece em todas as salas de vacina\u00e7\u00e3o do munic\u00edpio, que estar\u00e3o abertas das 8h \u00e0s 12h, oferecendo a imuniza\u00e7\u00e3o para a popula\u00e7\u00e3o.<br \/>\n\u23f1\ufe0f Dez Unidades de Sa\u00fade tamb\u00e9m v\u00e3o funcionar em hor\u00e1rio estendido, das 8h \u00e0s 16h. Veja abaixo:<br \/>\nSul: Ros\u00e2ngela Lima e Mirassol<br \/>\nLeste: S\u00e3o Jo\u00e3o e M\u00e3e Luiza<br \/>\nOeste: Monte L\u00edbano e Felipe Camar\u00e3o II<br \/>\nNorte I: Nova Natal e Paju\u00e7ara<br \/>\nNorte II: Vale Dourado e Potengi<br \/>\nJ\u00e1 os pontos extras, localizados nos shoppings Midway Mall e Partage Norte Shopping, v\u00e3o funcionar das 13h \u00e0s 18h.<br \/>\nEm Natal, a abertura oficial acontece a partir das 8h, na Unidade de Sa\u00fade Ros\u00e2ngela Lima, localizada na Rua Santa Beatriz, s\/n, no bairro Planalto, na Zona Oeste.<br \/>\nDurante o s\u00e1bado, os mun\u00edcipes v\u00e3o poder contar com a oferta de todas as vacinas do calend\u00e1rio nacional, com destaque para as vacinas contra dengue (para crian\u00e7as e adolescentes entre 10 e 14 anos), febre amarela, tr\u00edplice viral, HPV (para crian\u00e7as e adolescentes de 9 a 19 anos), al\u00e9m do imunizante contra a poliomielite e a vacina contra catapora (a tr\u00edplice viral) para crian\u00e7as menores de cinco anos.<br \/>\n\ud83d\udccd  Mossor\u00f3<br \/>\nSer\u00e3o disponibilizados 12 pontos de vacina\u00e7\u00e3o neste final de semana, sendo 10 no s\u00e1bado e 2 no domingo (19).  Veja abaixo:<br \/>\nS\u00e1bado (18)<br \/>\n\u23f1\ufe0f  Das 8h \u00e0s 12h<br \/>\nUBS Vereador Durval Costa (Walfredo Gurgel)<br \/>\nUBS Maria Neide (Jardim das Palmeiras)<br \/>\nUBS Raimundo Nonato \u201cCAIC\u201d (Belo Horizonte)<br \/>\nUBS Dr. Lu\u00eds Escol\u00e1stico (Santa Delmira)<br \/>\nUBS Chico Porto (Ouro Negro)<br \/>\nUBS Sueldo C\u00e2mara (Quixabeirinha)<br \/>\nUBS Chico Costa (Santo Ant\u00f4nio)<br \/>\nIgreja Assembleia de Deus Chafariz \u2013 Rua Francisco Pascoal, S\/N, Estrada da Raiz\/Santo Ant\u00f4nio<br \/>\n\u23f1\ufe0f Das 7h \u00e0s 15h<br \/>\nUBS Jos\u00e9 Fernandes (Lagoa do Mato)<br \/>\nUBS Enfermeira Conchita Ciarlini (Aboli\u00e7\u00e3o II)<br \/>\n\u23f1\ufe0f Das 10h \u00e0s 18h<br \/>\nPartage Shopping<br \/>\nDomingo (19)<br \/>\n\u23f1\ufe0f Das 11h \u00e0s 18h<br \/>\nPartage Shopping<br \/>\n\u23f1\ufe0f Das 16h \u00e0s 21h<br \/>\nPra\u00e7a do Quixabeirinha (nova)<br \/>\n\ud83d\udccd  Parnamirim<br \/>\nO Dia D da Multivacina\u00e7\u00e3o conta com pontos distribu\u00eddos por toda a cidade, com o objetivo de ampliar a cobertura vacinal da popula\u00e7\u00e3o.<br \/>\nS\u00e1bado (18)<br \/>\n\u23f1\ufe0f Das 8h \u00e0s 17h<br \/>\nTodas as Unidade B\u00e1sicas de Sa\u00fade (UBSs);<br \/>\nE pontos extras: Leroy Merlin; SuperF\u00e1cil de Ema\u00fas; Drive na rua lateral da Festa do Boi: Avenida Bela Parnamirim.<br \/>\n\u00c9 necess\u00e1rio, segundo o Munic\u00edpio, para vacina\u00e7\u00e3o:<br \/>\nDocumento com foto;<br \/>\nCarteira de Vacina\u00e7\u00e3o;<br \/>\n Cart\u00e3o do SUS.<br \/>\nV\u00eddeos mais assistidos do g1 RN<\/p>","protected":false},"excerpt":{"rendered":"<p>Campanha de multivacina\u00e7\u00e3o tem dia &#8220;D&#8221; no s\u00e1bado O Dia D da Campanha de Multivacina\u00e7\u00e3o, que visa atualizar a caderneta de vacina de crian\u00e7as e adolescentes menores de 15 anos, &#8230;<\/p>\n","protected":false},"author":0,"featured_media":14307,"parent":0,"menu_order":0,"comment_status":"closed","ping_status":"closed","template":"","meta":{"footnotes":""},"class_list":["post-14306","page","type-page","status-publish","has-post-thumbnail","hentry"],"yoast_head":"<!-- This site is optimized with the Yoast SEO plugin v27.1.1 - https:\/\/yoast.com\/product\/yoast-seo-wordpress\/ -->\n<title>Dia D de Multivacina\u00e7\u00e3o: onde se vacinar em Natal, Mossor\u00f3 e Parnamirim neste s\u00e1bado (18) - Taveira Jr<\/title>\n<meta name=\"robots\" content=\"index, follow, max-snippet:-1, max-image-preview:large, max-video-preview:-1\" \/>\n<link rel=\"canonical\" href=\"https:\/\/deputadotaveirajr.com.br\/index.php\/dia-d-de-multivacinacao-onde-se-vacinar-em-natal-mossoro-e-parnamirim-neste-sabado-18\/\" \/>\n<meta property=\"og:locale\" content=\"pt_BR\" \/>\n<meta property=\"og:type\" content=\"article\" \/>\n<meta property=\"og:title\" content=\"Dia D de Multivacina\u00e7\u00e3o: onde se vacinar em Natal, Mossor\u00f3 e Parnamirim neste s\u00e1bado (18) - Taveira Jr\" \/>\n<meta property=\"og:description\" content=\"Campanha de multivacina\u00e7\u00e3o tem dia &#8220;D&#8221; no s\u00e1bado O Dia D da Campanha de Multivacina\u00e7\u00e3o, que visa atualizar a caderneta de vacina de crian\u00e7as e adolescentes menores de 15 anos, ...\" \/>\n<meta property=\"og:url\" content=\"https:\/\/deputadotaveirajr.com.br\/index.php\/dia-d-de-multivacinacao-onde-se-vacinar-em-natal-mossoro-e-parnamirim-neste-sabado-18\/\" \/>\n<meta property=\"og:site_name\" content=\"Taveira Jr\" \/>\n<meta property=\"og:image\" content=\"https:\/\/s2-g1.glbimg.com\/xFiIVUZTk5qu0OjHzsrhJLPQSxQ=\/i.s3.glbimg.com\/v1\/AUTH_59edd422c0c84a879bd37670ae4f538a\/internal_photos\/bs\/2025\/f\/a\/FCFVx5RHeFKuHEPgVcvQ\/vacina-1-.jpg\" \/>\n<meta name=\"twitter:card\" content=\"summary_large_image\" \/>\n<meta name=\"twitter:label1\" content=\"Est. tempo de leitura\" \/>\n\t<meta name=\"twitter:data1\" content=\"3 minutos\" \/>\n<script type=\"application\/ld+json\" class=\"yoast-schema-graph\">{\"@context\":\"https:\/\/schema.org\",\"@graph\":[{\"@type\":\"WebPage\",\"@id\":\"https:\/\/deputadotaveirajr.com.br\/index.php\/dia-d-de-multivacinacao-onde-se-vacinar-em-natal-mossoro-e-parnamirim-neste-sabado-18\/\",\"url\":\"https:\/\/deputadotaveirajr.com.br\/index.php\/dia-d-de-multivacinacao-onde-se-vacinar-em-natal-mossoro-e-parnamirim-neste-sabado-18\/\",\"name\":\"Dia D de Multivacina\u00e7\u00e3o: onde se vacinar em Natal, Mossor\u00f3 e Parnamirim neste s\u00e1bado (18) - Taveira Jr\",\"isPartOf\":{\"@id\":\"https:\/\/deputadotaveirajr.com.br\/#website\"},\"primaryImageOfPage\":{\"@id\":\"https:\/\/deputadotaveirajr.com.br\/index.php\/dia-d-de-multivacinacao-onde-se-vacinar-em-natal-mossoro-e-parnamirim-neste-sabado-18\/#primaryimage\"},\"image\":{\"@id\":\"https:\/\/deputadotaveirajr.com.br\/index.php\/dia-d-de-multivacinacao-onde-se-vacinar-em-natal-mossoro-e-parnamirim-neste-sabado-18\/#primaryimage\"},\"thumbnailUrl\":\"https:\/\/deputadotaveirajr.com.br\/wp-content\/uploads\/2025\/10\/vacina-1-TQVpWR.jpg\",\"datePublished\":\"2025-10-17T20:09:49+00:00\",\"breadcrumb\":{\"@id\":\"https:\/\/deputadotaveirajr.com.br\/index.php\/dia-d-de-multivacinacao-onde-se-vacinar-em-natal-mossoro-e-parnamirim-neste-sabado-18\/#breadcrumb\"},\"inLanguage\":\"pt-BR\",\"potentialAction\":[{\"@type\":\"ReadAction\",\"target\":[\"https:\/\/deputadotaveirajr.com.br\/index.php\/dia-d-de-multivacinacao-onde-se-vacinar-em-natal-mossoro-e-parnamirim-neste-sabado-18\/\"]}]},{\"@type\":\"ImageObject\",\"inLanguage\":\"pt-BR\",\"@id\":\"https:\/\/deputadotaveirajr.com.br\/index.php\/dia-d-de-multivacinacao-onde-se-vacinar-em-natal-mossoro-e-parnamirim-neste-sabado-18\/#primaryimage\",\"url\":\"https:\/\/deputadotaveirajr.com.br\/wp-content\/uploads\/2025\/10\/vacina-1-TQVpWR.jpg\",\"contentUrl\":\"https:\/\/deputadotaveirajr.com.br\/wp-content\/uploads\/2025\/10\/vacina-1-TQVpWR.jpg\",\"width\":1200,\"height\":696},{\"@type\":\"BreadcrumbList\",\"@id\":\"https:\/\/deputadotaveirajr.com.br\/index.php\/dia-d-de-multivacinacao-onde-se-vacinar-em-natal-mossoro-e-parnamirim-neste-sabado-18\/#breadcrumb\",\"itemListElement\":[{\"@type\":\"ListItem\",\"position\":1,\"name\":\"In\u00edcio\",\"item\":\"https:\/\/deputadotaveirajr.com.br\/\"},{\"@type\":\"ListItem\",\"position\":2,\"name\":\"Dia D de Multivacina\u00e7\u00e3o: onde se vacinar em Natal, Mossor\u00f3 e Parnamirim neste s\u00e1bado (18)\"}]},{\"@type\":\"WebSite\",\"@id\":\"https:\/\/deputadotaveirajr.com.br\/#website\",\"url\":\"https:\/\/deputadotaveirajr.com.br\/\",\"name\":\"Taveira Jr\",\"description\":\"Deputado Estadual\",\"publisher\":{\"@id\":\"https:\/\/deputadotaveirajr.com.br\/#organization\"},\"potentialAction\":[{\"@type\":\"SearchAction\",\"target\":{\"@type\":\"EntryPoint\",\"urlTemplate\":\"https:\/\/deputadotaveirajr.com.br\/?s={search_term_string}\"},\"query-input\":{\"@type\":\"PropertyValueSpecification\",\"valueRequired\":true,\"valueName\":\"search_term_string\"}}],\"inLanguage\":\"pt-BR\"},{\"@type\":\"Organization\",\"@id\":\"https:\/\/deputadotaveirajr.com.br\/#organization\",\"name\":\"Taveira Jr\",\"url\":\"https:\/\/deputadotaveirajr.com.br\/\",\"logo\":{\"@type\":\"ImageObject\",\"inLanguage\":\"pt-BR\",\"@id\":\"https:\/\/deputadotaveirajr.com.br\/#\/schema\/logo\/image\/\",\"url\":\"https:\/\/deputadotaveirajr.com.br\/wp-content\/uploads\/2026\/01\/logolow2a.png\",\"contentUrl\":\"https:\/\/deputadotaveirajr.com.br\/wp-content\/uploads\/2026\/01\/logolow2a.png\",\"width\":290,\"height\":80,\"caption\":\"Taveira Jr\"},\"image\":{\"@id\":\"https:\/\/deputadotaveirajr.com.br\/#\/schema\/logo\/image\/\"}}]}<\/script>\n<!-- \/ Yoast SEO plugin. -->","yoast_head_json":{"title":"Dia D de Multivacina\u00e7\u00e3o: onde se vacinar em Natal, Mossor\u00f3 e Parnamirim neste s\u00e1bado (18) - Taveira Jr","robots":{"index":"index","follow":"follow","max-snippet":"max-snippet:-1","max-image-preview":"max-image-preview:large","max-video-preview":"max-video-preview:-1"},"canonical":"https:\/\/deputadotaveirajr.com.br\/index.php\/dia-d-de-multivacinacao-onde-se-vacinar-em-natal-mossoro-e-parnamirim-neste-sabado-18\/","og_locale":"pt_BR","og_type":"article","og_title":"Dia D de Multivacina\u00e7\u00e3o: onde se vacinar em Natal, Mossor\u00f3 e Parnamirim neste s\u00e1bado (18) - Taveira Jr","og_description":"Campanha de multivacina\u00e7\u00e3o tem dia &#8220;D&#8221; no s\u00e1bado O Dia D da Campanha de Multivacina\u00e7\u00e3o, que visa atualizar a caderneta de vacina de crian\u00e7as e adolescentes menores de 15 anos, ...","og_url":"https:\/\/deputadotaveirajr.com.br\/index.php\/dia-d-de-multivacinacao-onde-se-vacinar-em-natal-mossoro-e-parnamirim-neste-sabado-18\/","og_site_name":"Taveira Jr","og_image":[{"url":"https:\/\/s2-g1.glbimg.com\/xFiIVUZTk5qu0OjHzsrhJLPQSxQ=\/i.s3.glbimg.com\/v1\/AUTH_59edd422c0c84a879bd37670ae4f538a\/internal_photos\/bs\/2025\/f\/a\/FCFVx5RHeFKuHEPgVcvQ\/vacina-1-.jpg","type":"","width":"","height":""}],"twitter_card":"summary_large_image","twitter_misc":{"Est. tempo de leitura":"3 minutos"},"schema":{"@context":"https:\/\/schema.org","@graph":[{"@type":"WebPage","@id":"https:\/\/deputadotaveirajr.com.br\/index.php\/dia-d-de-multivacinacao-onde-se-vacinar-em-natal-mossoro-e-parnamirim-neste-sabado-18\/","url":"https:\/\/deputadotaveirajr.com.br\/index.php\/dia-d-de-multivacinacao-onde-se-vacinar-em-natal-mossoro-e-parnamirim-neste-sabado-18\/","name":"Dia D de Multivacina\u00e7\u00e3o: onde se vacinar em Natal, Mossor\u00f3 e Parnamirim neste s\u00e1bado (18) - Taveira Jr","isPartOf":{"@id":"https:\/\/deputadotaveirajr.com.br\/#website"},"primaryImageOfPage":{"@id":"https:\/\/deputadotaveirajr.com.br\/index.php\/dia-d-de-multivacinacao-onde-se-vacinar-em-natal-mossoro-e-parnamirim-neste-sabado-18\/#primaryimage"},"image":{"@id":"https:\/\/deputadotaveirajr.com.br\/index.php\/dia-d-de-multivacinacao-onde-se-vacinar-em-natal-mossoro-e-parnamirim-neste-sabado-18\/#primaryimage"},"thumbnailUrl":"https:\/\/deputadotaveirajr.com.br\/wp-content\/uploads\/2025\/10\/vacina-1-TQVpWR.jpg","datePublished":"2025-10-17T20:09:49+00:00","breadcrumb":{"@id":"https:\/\/deputadotaveirajr.com.br\/index.php\/dia-d-de-multivacinacao-onde-se-vacinar-em-natal-mossoro-e-parnamirim-neste-sabado-18\/#breadcrumb"},"inLanguage":"pt-BR","potentialAction":[{"@type":"ReadAction","target":["https:\/\/deputadotaveirajr.com.br\/index.php\/dia-d-de-multivacinacao-onde-se-vacinar-em-natal-mossoro-e-parnamirim-neste-sabado-18\/"]}]},{"@type":"ImageObject","inLanguage":"pt-BR","@id":"https:\/\/deputadotaveirajr.com.br\/index.php\/dia-d-de-multivacinacao-onde-se-vacinar-em-natal-mossoro-e-parnamirim-neste-sabado-18\/#primaryimage","url":"https:\/\/deputadotaveirajr.com.br\/wp-content\/uploads\/2025\/10\/vacina-1-TQVpWR.jpg","contentUrl":"https:\/\/deputadotaveirajr.com.br\/wp-content\/uploads\/2025\/10\/vacina-1-TQVpWR.jpg","width":1200,"height":696},{"@type":"BreadcrumbList","@id":"https:\/\/deputadotaveirajr.com.br\/index.php\/dia-d-de-multivacinacao-onde-se-vacinar-em-natal-mossoro-e-parnamirim-neste-sabado-18\/#breadcrumb","itemListElement":[{"@type":"ListItem","position":1,"name":"In\u00edcio","item":"https:\/\/deputadotaveirajr.com.br\/"},{"@type":"ListItem","position":2,"name":"Dia D de Multivacina\u00e7\u00e3o: onde se vacinar em Natal, Mossor\u00f3 e Parnamirim neste s\u00e1bado (18)"}]},{"@type":"WebSite","@id":"https:\/\/deputadotaveirajr.com.br\/#website","url":"https:\/\/deputadotaveirajr.com.br\/","name":"Taveira Jr","description":"Deputado Estadual","publisher":{"@id":"https:\/\/deputadotaveirajr.com.br\/#organization"},"potentialAction":[{"@type":"SearchAction","target":{"@type":"EntryPoint","urlTemplate":"https:\/\/deputadotaveirajr.com.br\/?s={search_term_string}"},"query-input":{"@type":"PropertyValueSpecification","valueRequired":true,"valueName":"search_term_string"}}],"inLanguage":"pt-BR"},{"@type":"Organization","@id":"https:\/\/deputadotaveirajr.com.br\/#organization","name":"Taveira Jr","url":"https:\/\/deputadotaveirajr.com.br\/","logo":{"@type":"ImageObject","inLanguage":"pt-BR","@id":"https:\/\/deputadotaveirajr.com.br\/#\/schema\/logo\/image\/","url":"https:\/\/deputadotaveirajr.com.br\/wp-content\/uploads\/2026\/01\/logolow2a.png","contentUrl":"https:\/\/deputadotaveirajr.com.br\/wp-content\/uploads\/2026\/01\/logolow2a.png","width":290,"height":80,"caption":"Taveira Jr"},"image":{"@id":"https:\/\/deputadotaveirajr.com.br\/#\/schema\/logo\/image\/"}}]}},"_links":{"self":[{"href":"https:\/\/deputadotaveirajr.com.br\/index.php\/wp-json\/wp\/v2\/pages\/14306","targetHints":{"allow":["GET"]}}],"collection":[{"href":"https:\/\/deputadotaveirajr.com.br\/index.php\/wp-json\/wp\/v2\/pages"}],"about":[{"href":"https:\/\/deputadotaveirajr.com.br\/index.php\/wp-json\/wp\/v2\/types\/page"}],"replies":[{"embeddable":true,"href":"https:\/\/deputadotaveirajr.com.br\/index.php\/wp-json\/wp\/v2\/comments?post=14306"}],"version-history":[{"count":0,"href":"https:\/\/deputadotaveirajr.com.br\/index.php\/wp-json\/wp\/v2\/pages\/14306\/revisions"}],"wp:featuredmedia":[{"embeddable":true,"href":"https:\/\/deputadotaveirajr.com.br\/index.php\/wp-json\/wp\/v2\/media\/14307"}],"wp:attachment":[{"href":"https:\/\/deputadotaveirajr.com.br\/index.php\/wp-json\/wp\/v2\/media?parent=14306"}],"curies":[{"name":"wp","href":"https:\/\/api.w.org\/{rel}","templated":true}]}}