{"id":14308,"date":"2025-10-17T15:00:30","date_gmt":"2025-10-17T18:00:30","guid":{"rendered":"https:\/\/deputadotaveirajr.com.br\/index.php\/policia-indicia-tres-pessoas-por-transfobia-contra-vereadora-de-natal-durante-sessao-na-camara\/"},"modified":"2025-10-17T15:00:30","modified_gmt":"2025-10-17T18:00:30","slug":"policia-indicia-tres-pessoas-por-transfobia-contra-vereadora-de-natal-durante-sessao-na-camara","status":"publish","type":"page","link":"https:\/\/deputadotaveirajr.com.br\/index.php\/policia-indicia-tres-pessoas-por-transfobia-contra-vereadora-de-natal-durante-sessao-na-camara\/","title":{"rendered":"Pol\u00edcia indicia tr\u00eas pessoas por transfobia contra vereadora de Natal durante sess\u00e3o na C\u00e2mara"},"content":{"rendered":"<p><img decoding=\"async\" src=\"https:\/\/s2-g1.glbimg.com\/3O7oh0IQYNsk2z6dwsvXll0J1_s=\/i.s3.glbimg.com\/v1\/AUTH_59edd422c0c84a879bd37670ae4f538a\/internal_photos\/bs\/2025\/T\/q\/qZicXPSMOmALW0LBIJVg\/thabatta-pimenta.jpg\" \/><br \/>     Delegada fala sobre caso de transfobia contra vereadora na C\u00e2mara de Natal<br \/>\nA Pol\u00edcia Civil indiciou duas mulheres e um homem por transfobia contra a vereadora de Natal Thabatta Pimenta durante uma sess\u00e3o ordin\u00e1ria da C\u00e2mara Municipal. O fato aconteceu no dia 20 de maio deste ano.<br \/>\nDe acordo com os depoimentos colhidos e v\u00eddeos analisados pela Pol\u00edcia Civil, a vereadora foi alvo de ofensas e insultos de cunho transf\u00f3bico feitos por pessoas que estavam na galeria do plen\u00e1rio.<br \/>\n\ud83d\udcf3 Clique aqui para seguir o canal do g1 RN no WhatsApp<br \/>\n&#8220;Naquela ocasi\u00e3o, existia uma sess\u00e3o plen\u00e1ria em que, durante a fala, a manifesta\u00e7\u00e3o de uma parlamentar mulher trans, pessoas das galerias iniciaram pr\u00e1ticas discriminat\u00f3rias em raz\u00e3o da sua identidade  de g\u00eanero&#8221;, relatou a delegada Paoulla Mau\u00e9s, da Delegacia Especializada em Crimes de Racismo, Intoler\u00e2ncia e Discrimina\u00e7\u00e3o (Decrid), que investigou o caso.<br \/>\nO g1 procurou a vereadora, atrav\u00e9s da assessoria de imprensa, para comentar o caso, mas n\u00e3o recebeu respostas at\u00e9 a atualiza\u00e7\u00e3o mais recente desta reportagem.<br \/>\nAs tr\u00eas pessoas foram indiciadas pela pol\u00edcia pela pr\u00e1tica dos crimes previstos nos artigos 2\u00ba-A e 20 da Lei n\u00ba 7.716\/1989, que tratam de condutas de discrimina\u00e7\u00e3o e preconceito em raz\u00e3o de identidade de g\u00eanero.<br \/>\n&#8220;O STF j\u00e1 decidiu que crimes de transfobia e homofobia, ou seja, a discrimina\u00e7\u00e3o em raz\u00e3o da identidade de g\u00eanero e em raz\u00e3o da orienta\u00e7\u00e3o sexual \u00e9 considerado crime de racismo&#8221;, explicou a delegada.<br \/>\n\u27a1\ufe0f Thabatta Pimenta foi a primeira pessoa trans a tomar posse como vereadora em Natal, ap\u00f3s ser eleita em 2024 com mais de 7 mil votos. Antes, havia sido vereadora em Carna\u00faba dos Dantas, onde se elegeu em 2020, se tornando a primeira vereadora trans em todo o Rio Grande do Norte.<br \/>\nThabatta Pimenta em sess\u00e3o na C\u00e2mara Municipal de Natal<br \/>\nElp\u00eddio J\u00fanior\/CMN<br \/>\nImagens, testemunhas e per\u00edcia<br \/>\nPara a conclus\u00e3o do inqu\u00e9rito, a Pol\u00edcia Civil analisou imagens, ouviu testemunhas e contou com laudos periciais da Pol\u00edcia Cient\u00edfica &#8211; os peritos confirmaram a correspond\u00eancia de voz entre uma das investigadas e as falas ofensivas registradas em v\u00eddeo.<br \/>\nSegundo a Pol\u00edcia Civil, testemunhas ouvidas confirmaram que os ataques foram dirigidos especificamente \u00e0 vereadora em raz\u00e3o de ela ser uma mulher trans, caracterizando preconceito e inj\u00faria em raz\u00e3o da identidade de g\u00eanero.<br \/>\n&#8220;O que chamou mais aten\u00e7\u00e3o na pol\u00edcia foi o fato de que mulheres que estavam na galeria passaram a discriminar uma outra mulher, afirmando que ela, sim, ela, a ofensora, era mulher e aquela que estava falando [a vereadora] n\u00e3o era mulher, discriminando-a, subjugando-a e humilhando t\u00e3o somente em raz\u00e3o da sua identidade de g\u00eanero&#8221;, afirmou a delegada Paoulla Mau\u00e9s.<br \/>\nO relat\u00f3rio final destacou que os atos de transfobia foram praticados em ambiente p\u00fablico e durante o exerc\u00edcio da fun\u00e7\u00e3o parlamentar da v\u00edtima.<br \/>\nA Pol\u00edcia Civil informou que o inqu\u00e9rito foi remetido \u00e0 Justi\u00e7a para as medidas cab\u00edveis.<br \/>\nBrasil<br \/>\nO Supremo Tribunal Federal (STF) determinou em agosto de 2023 que atos de transfobia sejam igualados ao crime de inj\u00faria racial. E quem os fizer n\u00e3o tem direito a fian\u00e7a, nem limite de tempo para responder judicialmente.<br \/>\nEm 2019, o STF j\u00e1 tinha reconhecido o crime de transfobia, mas deveria ser enquadrado como crime de racismo. Quatro anos depois, ampliou a prote\u00e7\u00e3o e determinou que as ofensas dever\u00e3o ser punidas como inj\u00faria racial. A diferen\u00e7a entre os dois \u00e9:<br \/>\ncrime de racismo &#8211; \u00e9 um ato de discrimina\u00e7\u00e3o contra um grupo ou coletividade;<br \/>\nInj\u00faria racial &#8211; \u00e9 uma ofensa \u00e0 dignidade de uma \u00fanica pessoa.<br \/>\nAmbos os crimes s\u00e3o inafian\u00e7\u00e1veis e n\u00e3o prescrevem. A pena \u00e9 de pris\u00e3o de dois a cinco anos, que pode ser dobrada se o crime for cometido por duas ou mais pessoas.<br \/>\nSTF determina que atos de homofobia e transfobia contra indiv\u00edduos sejam punidos como inj\u00faria racial<br \/>\nV\u00eddeos mais assistidos do g1 RN<\/p>","protected":false},"excerpt":{"rendered":"<p>Delegada fala sobre caso de transfobia contra vereadora na C\u00e2mara de Natal A Pol\u00edcia Civil indiciou duas mulheres e um homem por transfobia contra a vereadora de Natal Thabatta Pimenta &#8230;<\/p>\n","protected":false},"author":0,"featured_media":14309,"parent":0,"menu_order":0,"comment_status":"closed","ping_status":"closed","template":"","meta":{"footnotes":""},"class_list":["post-14308","page","type-page","status-publish","has-post-thumbnail","hentry"],"yoast_head":"<!-- This site is optimized with the Yoast SEO plugin v27.1.1 - https:\/\/yoast.com\/product\/yoast-seo-wordpress\/ -->\n<title>Pol\u00edcia indicia tr\u00eas pessoas por transfobia contra vereadora de Natal durante sess\u00e3o na C\u00e2mara - Taveira Jr<\/title>\n<meta name=\"robots\" content=\"index, follow, max-snippet:-1, max-image-preview:large, max-video-preview:-1\" \/>\n<link rel=\"canonical\" href=\"https:\/\/deputadotaveirajr.com.br\/index.php\/policia-indicia-tres-pessoas-por-transfobia-contra-vereadora-de-natal-durante-sessao-na-camara\/\" \/>\n<meta property=\"og:locale\" content=\"pt_BR\" \/>\n<meta property=\"og:type\" content=\"article\" \/>\n<meta property=\"og:title\" content=\"Pol\u00edcia indicia tr\u00eas pessoas por transfobia contra vereadora de Natal durante sess\u00e3o na C\u00e2mara - Taveira Jr\" \/>\n<meta property=\"og:description\" content=\"Delegada fala sobre caso de transfobia contra vereadora na C\u00e2mara de Natal A Pol\u00edcia Civil indiciou duas mulheres e um homem por transfobia contra a vereadora de Natal Thabatta Pimenta ...\" \/>\n<meta property=\"og:url\" content=\"https:\/\/deputadotaveirajr.com.br\/index.php\/policia-indicia-tres-pessoas-por-transfobia-contra-vereadora-de-natal-durante-sessao-na-camara\/\" \/>\n<meta property=\"og:site_name\" content=\"Taveira Jr\" \/>\n<meta property=\"og:image\" content=\"https:\/\/s2-g1.glbimg.com\/3O7oh0IQYNsk2z6dwsvXll0J1_s=\/i.s3.glbimg.com\/v1\/AUTH_59edd422c0c84a879bd37670ae4f538a\/internal_photos\/bs\/2025\/T\/q\/qZicXPSMOmALW0LBIJVg\/thabatta-pimenta.jpg\" \/>\n<meta name=\"twitter:card\" content=\"summary_large_image\" \/>\n<meta name=\"twitter:label1\" content=\"Est. tempo de leitura\" \/>\n\t<meta name=\"twitter:data1\" content=\"4 minutos\" \/>\n<script type=\"application\/ld+json\" class=\"yoast-schema-graph\">{\"@context\":\"https:\/\/schema.org\",\"@graph\":[{\"@type\":\"WebPage\",\"@id\":\"https:\/\/deputadotaveirajr.com.br\/index.php\/policia-indicia-tres-pessoas-por-transfobia-contra-vereadora-de-natal-durante-sessao-na-camara\/\",\"url\":\"https:\/\/deputadotaveirajr.com.br\/index.php\/policia-indicia-tres-pessoas-por-transfobia-contra-vereadora-de-natal-durante-sessao-na-camara\/\",\"name\":\"Pol\u00edcia indicia tr\u00eas pessoas por transfobia contra vereadora de Natal durante sess\u00e3o na C\u00e2mara - Taveira Jr\",\"isPartOf\":{\"@id\":\"https:\/\/deputadotaveirajr.com.br\/#website\"},\"primaryImageOfPage\":{\"@id\":\"https:\/\/deputadotaveirajr.com.br\/index.php\/policia-indicia-tres-pessoas-por-transfobia-contra-vereadora-de-natal-durante-sessao-na-camara\/#primaryimage\"},\"image\":{\"@id\":\"https:\/\/deputadotaveirajr.com.br\/index.php\/policia-indicia-tres-pessoas-por-transfobia-contra-vereadora-de-natal-durante-sessao-na-camara\/#primaryimage\"},\"thumbnailUrl\":\"https:\/\/deputadotaveirajr.com.br\/wp-content\/uploads\/2025\/10\/thabatta-pimenta-1RybNC.jpg\",\"datePublished\":\"2025-10-17T18:00:30+00:00\",\"breadcrumb\":{\"@id\":\"https:\/\/deputadotaveirajr.com.br\/index.php\/policia-indicia-tres-pessoas-por-transfobia-contra-vereadora-de-natal-durante-sessao-na-camara\/#breadcrumb\"},\"inLanguage\":\"pt-BR\",\"potentialAction\":[{\"@type\":\"ReadAction\",\"target\":[\"https:\/\/deputadotaveirajr.com.br\/index.php\/policia-indicia-tres-pessoas-por-transfobia-contra-vereadora-de-natal-durante-sessao-na-camara\/\"]}]},{\"@type\":\"ImageObject\",\"inLanguage\":\"pt-BR\",\"@id\":\"https:\/\/deputadotaveirajr.com.br\/index.php\/policia-indicia-tres-pessoas-por-transfobia-contra-vereadora-de-natal-durante-sessao-na-camara\/#primaryimage\",\"url\":\"https:\/\/deputadotaveirajr.com.br\/wp-content\/uploads\/2025\/10\/thabatta-pimenta-1RybNC.jpg\",\"contentUrl\":\"https:\/\/deputadotaveirajr.com.br\/wp-content\/uploads\/2025\/10\/thabatta-pimenta-1RybNC.jpg\",\"width\":2000,\"height\":1387},{\"@type\":\"BreadcrumbList\",\"@id\":\"https:\/\/deputadotaveirajr.com.br\/index.php\/policia-indicia-tres-pessoas-por-transfobia-contra-vereadora-de-natal-durante-sessao-na-camara\/#breadcrumb\",\"itemListElement\":[{\"@type\":\"ListItem\",\"position\":1,\"name\":\"In\u00edcio\",\"item\":\"https:\/\/deputadotaveirajr.com.br\/\"},{\"@type\":\"ListItem\",\"position\":2,\"name\":\"Pol\u00edcia indicia tr\u00eas pessoas por transfobia contra vereadora de Natal durante sess\u00e3o na C\u00e2mara\"}]},{\"@type\":\"WebSite\",\"@id\":\"https:\/\/deputadotaveirajr.com.br\/#website\",\"url\":\"https:\/\/deputadotaveirajr.com.br\/\",\"name\":\"Taveira Jr\",\"description\":\"Deputado Estadual\",\"publisher\":{\"@id\":\"https:\/\/deputadotaveirajr.com.br\/#organization\"},\"potentialAction\":[{\"@type\":\"SearchAction\",\"target\":{\"@type\":\"EntryPoint\",\"urlTemplate\":\"https:\/\/deputadotaveirajr.com.br\/?s={search_term_string}\"},\"query-input\":{\"@type\":\"PropertyValueSpecification\",\"valueRequired\":true,\"valueName\":\"search_term_string\"}}],\"inLanguage\":\"pt-BR\"},{\"@type\":\"Organization\",\"@id\":\"https:\/\/deputadotaveirajr.com.br\/#organization\",\"name\":\"Taveira Jr\",\"url\":\"https:\/\/deputadotaveirajr.com.br\/\",\"logo\":{\"@type\":\"ImageObject\",\"inLanguage\":\"pt-BR\",\"@id\":\"https:\/\/deputadotaveirajr.com.br\/#\/schema\/logo\/image\/\",\"url\":\"https:\/\/deputadotaveirajr.com.br\/wp-content\/uploads\/2026\/01\/logolow2a.png\",\"contentUrl\":\"https:\/\/deputadotaveirajr.com.br\/wp-content\/uploads\/2026\/01\/logolow2a.png\",\"width\":290,\"height\":80,\"caption\":\"Taveira Jr\"},\"image\":{\"@id\":\"https:\/\/deputadotaveirajr.com.br\/#\/schema\/logo\/image\/\"}}]}<\/script>\n<!-- \/ Yoast SEO plugin. -->","yoast_head_json":{"title":"Pol\u00edcia indicia tr\u00eas pessoas por transfobia contra vereadora de Natal durante sess\u00e3o na C\u00e2mara - Taveira Jr","robots":{"index":"index","follow":"follow","max-snippet":"max-snippet:-1","max-image-preview":"max-image-preview:large","max-video-preview":"max-video-preview:-1"},"canonical":"https:\/\/deputadotaveirajr.com.br\/index.php\/policia-indicia-tres-pessoas-por-transfobia-contra-vereadora-de-natal-durante-sessao-na-camara\/","og_locale":"pt_BR","og_type":"article","og_title":"Pol\u00edcia indicia tr\u00eas pessoas por transfobia contra vereadora de Natal durante sess\u00e3o na C\u00e2mara - Taveira Jr","og_description":"Delegada fala sobre caso de transfobia contra vereadora na C\u00e2mara de Natal A Pol\u00edcia Civil indiciou duas mulheres e um homem por transfobia contra a vereadora de Natal Thabatta Pimenta ...","og_url":"https:\/\/deputadotaveirajr.com.br\/index.php\/policia-indicia-tres-pessoas-por-transfobia-contra-vereadora-de-natal-durante-sessao-na-camara\/","og_site_name":"Taveira Jr","og_image":[{"url":"https:\/\/s2-g1.glbimg.com\/3O7oh0IQYNsk2z6dwsvXll0J1_s=\/i.s3.glbimg.com\/v1\/AUTH_59edd422c0c84a879bd37670ae4f538a\/internal_photos\/bs\/2025\/T\/q\/qZicXPSMOmALW0LBIJVg\/thabatta-pimenta.jpg","type":"","width":"","height":""}],"twitter_card":"summary_large_image","twitter_misc":{"Est. tempo de leitura":"4 minutos"},"schema":{"@context":"https:\/\/schema.org","@graph":[{"@type":"WebPage","@id":"https:\/\/deputadotaveirajr.com.br\/index.php\/policia-indicia-tres-pessoas-por-transfobia-contra-vereadora-de-natal-durante-sessao-na-camara\/","url":"https:\/\/deputadotaveirajr.com.br\/index.php\/policia-indicia-tres-pessoas-por-transfobia-contra-vereadora-de-natal-durante-sessao-na-camara\/","name":"Pol\u00edcia indicia tr\u00eas pessoas por transfobia contra vereadora de Natal durante sess\u00e3o na C\u00e2mara - Taveira Jr","isPartOf":{"@id":"https:\/\/deputadotaveirajr.com.br\/#website"},"primaryImageOfPage":{"@id":"https:\/\/deputadotaveirajr.com.br\/index.php\/policia-indicia-tres-pessoas-por-transfobia-contra-vereadora-de-natal-durante-sessao-na-camara\/#primaryimage"},"image":{"@id":"https:\/\/deputadotaveirajr.com.br\/index.php\/policia-indicia-tres-pessoas-por-transfobia-contra-vereadora-de-natal-durante-sessao-na-camara\/#primaryimage"},"thumbnailUrl":"https:\/\/deputadotaveirajr.com.br\/wp-content\/uploads\/2025\/10\/thabatta-pimenta-1RybNC.jpg","datePublished":"2025-10-17T18:00:30+00:00","breadcrumb":{"@id":"https:\/\/deputadotaveirajr.com.br\/index.php\/policia-indicia-tres-pessoas-por-transfobia-contra-vereadora-de-natal-durante-sessao-na-camara\/#breadcrumb"},"inLanguage":"pt-BR","potentialAction":[{"@type":"ReadAction","target":["https:\/\/deputadotaveirajr.com.br\/index.php\/policia-indicia-tres-pessoas-por-transfobia-contra-vereadora-de-natal-durante-sessao-na-camara\/"]}]},{"@type":"ImageObject","inLanguage":"pt-BR","@id":"https:\/\/deputadotaveirajr.com.br\/index.php\/policia-indicia-tres-pessoas-por-transfobia-contra-vereadora-de-natal-durante-sessao-na-camara\/#primaryimage","url":"https:\/\/deputadotaveirajr.com.br\/wp-content\/uploads\/2025\/10\/thabatta-pimenta-1RybNC.jpg","contentUrl":"https:\/\/deputadotaveirajr.com.br\/wp-content\/uploads\/2025\/10\/thabatta-pimenta-1RybNC.jpg","width":2000,"height":1387},{"@type":"BreadcrumbList","@id":"https:\/\/deputadotaveirajr.com.br\/index.php\/policia-indicia-tres-pessoas-por-transfobia-contra-vereadora-de-natal-durante-sessao-na-camara\/#breadcrumb","itemListElement":[{"@type":"ListItem","position":1,"name":"In\u00edcio","item":"https:\/\/deputadotaveirajr.com.br\/"},{"@type":"ListItem","position":2,"name":"Pol\u00edcia indicia tr\u00eas pessoas por transfobia contra vereadora de Natal durante sess\u00e3o na C\u00e2mara"}]},{"@type":"WebSite","@id":"https:\/\/deputadotaveirajr.com.br\/#website","url":"https:\/\/deputadotaveirajr.com.br\/","name":"Taveira Jr","description":"Deputado Estadual","publisher":{"@id":"https:\/\/deputadotaveirajr.com.br\/#organization"},"potentialAction":[{"@type":"SearchAction","target":{"@type":"EntryPoint","urlTemplate":"https:\/\/deputadotaveirajr.com.br\/?s={search_term_string}"},"query-input":{"@type":"PropertyValueSpecification","valueRequired":true,"valueName":"search_term_string"}}],"inLanguage":"pt-BR"},{"@type":"Organization","@id":"https:\/\/deputadotaveirajr.com.br\/#organization","name":"Taveira Jr","url":"https:\/\/deputadotaveirajr.com.br\/","logo":{"@type":"ImageObject","inLanguage":"pt-BR","@id":"https:\/\/deputadotaveirajr.com.br\/#\/schema\/logo\/image\/","url":"https:\/\/deputadotaveirajr.com.br\/wp-content\/uploads\/2026\/01\/logolow2a.png","contentUrl":"https:\/\/deputadotaveirajr.com.br\/wp-content\/uploads\/2026\/01\/logolow2a.png","width":290,"height":80,"caption":"Taveira Jr"},"image":{"@id":"https:\/\/deputadotaveirajr.com.br\/#\/schema\/logo\/image\/"}}]}},"_links":{"self":[{"href":"https:\/\/deputadotaveirajr.com.br\/index.php\/wp-json\/wp\/v2\/pages\/14308","targetHints":{"allow":["GET"]}}],"collection":[{"href":"https:\/\/deputadotaveirajr.com.br\/index.php\/wp-json\/wp\/v2\/pages"}],"about":[{"href":"https:\/\/deputadotaveirajr.com.br\/index.php\/wp-json\/wp\/v2\/types\/page"}],"replies":[{"embeddable":true,"href":"https:\/\/deputadotaveirajr.com.br\/index.php\/wp-json\/wp\/v2\/comments?post=14308"}],"version-history":[{"count":0,"href":"https:\/\/deputadotaveirajr.com.br\/index.php\/wp-json\/wp\/v2\/pages\/14308\/revisions"}],"wp:featuredmedia":[{"embeddable":true,"href":"https:\/\/deputadotaveirajr.com.br\/index.php\/wp-json\/wp\/v2\/media\/14309"}],"wp:attachment":[{"href":"https:\/\/deputadotaveirajr.com.br\/index.php\/wp-json\/wp\/v2\/media?parent=14308"}],"curies":[{"name":"wp","href":"https:\/\/api.w.org\/{rel}","templated":true}]}}