{"id":14310,"date":"2025-10-17T13:30:21","date_gmt":"2025-10-17T16:30:21","guid":{"rendered":"https:\/\/deputadotaveirajr.com.br\/index.php\/novo-video-mostra-criminoso-perseguindo-empresario-assassinado-no-interior-do-rn\/"},"modified":"2025-10-17T13:30:21","modified_gmt":"2025-10-17T16:30:21","slug":"novo-video-mostra-criminoso-perseguindo-empresario-assassinado-no-interior-do-rn","status":"publish","type":"page","link":"https:\/\/deputadotaveirajr.com.br\/index.php\/novo-video-mostra-criminoso-perseguindo-empresario-assassinado-no-interior-do-rn\/","title":{"rendered":"Novo v\u00eddeo mostra criminoso perseguindo empres\u00e1rio assassinado no interior do RN"},"content":{"rendered":"<p><img decoding=\"async\" src=\"https:\/\/s2-g1.glbimg.com\/W6t4c41ZiWwdmNK3i39ShrFqJjM=\/i.s3.glbimg.com\/v1\/AUTH_59edd422c0c84a879bd37670ae4f538a\/internal_photos\/bs\/2025\/f\/h\/F1sRiCT1CNw8fzsZBmKQ\/perseguicao.jpg\" \/><br \/>     Video mostra persegui\u00e7\u00e3o de criminoso a empres\u00e1rio assassinado em S\u00e3o Miguel, RN<br \/>\nUm novo v\u00eddeo de c\u00e2mera de seguran\u00e7a divulgado registrou o atentado a tiros que resultou na morte de tr\u00eas pessoas no fim da tarde de quinta-feira (16) em S\u00e3o Miguel, no Alto Oeste potiguar.<br \/>\nAs imagens mostram o momento em que o empres\u00e1rio Isomar Ces\u00e1rio Soares, de 51 anos, sai correndo de dentro da loja de carros dele para fugir dos criminosos e cai do outro lado da rua, pr\u00f3ximo a um poste. Um dos assassinos corre em dire\u00e7\u00e3o a ele e atira \u00e0 queima roupa contra a v\u00edtima.<br \/>\n\ud83d\udcf3 Clique aqui para seguir o canal do g1 RN no WhatsApp<br \/>\nNa filmagem, tamb\u00e9m \u00e9 poss\u00edvel ver o momento em que o jovem Miqu\u00e9ias Oliveira de Carvalho, de 19 anos, corre na cal\u00e7ada da loja de ve\u00edculos ap\u00f3s ser atingido por uma bala perdida.<br \/>\nEmpres\u00e1rio saiu correndo de loja de carro e caiu pr\u00f3ximo a poste. Criminoso foi at\u00e9 ele e atirou mais vezes<br \/>\nReprodu\u00e7\u00e3o<br \/>\nSegundos depois, um policial \u00e0 paisana que era amigo do empres\u00e1rio (vestindo uma camiseta vermelha), sai de dentro da loja, e troca tiros com o criminoso. Ele j\u00e1 havia baleado outro suspeito, Paulo Jos\u00e9 Santos Monteiro, que morreu dentro da loja.<br \/>\nO segundo suspeito voltou correndo para dentro da loja, pegou a moto com que chegou ao local e fugiu, aparentemente sem ferimentos.<br \/>\nOs mortos no crime s\u00e3o:<br \/>\nIsomar Ces\u00e1rio Soares, de 51 anos, empres\u00e1rio apontado pela pol\u00edcia como alvo do crime, foi alvejado por v\u00e1rios disparos, chegou a ser socorrido ao hospital da cidade, mas n\u00e3o resistiu.<br \/>\nPaulo Jos\u00e9 Santos Monteiro, 32 anos, apontado como um dos executores do empres\u00e1rio, baleado por um policial que presenciou o crime.<br \/>\nMiqu\u00e9ias Oliveira de Carvalho, 19 anos, jovem aprendiz de uma empresa de telecomunica\u00e7\u00f5es que foi atingido por bala perdida.<br \/>\nVeja momento em que os criminosos chegaram \u00e0 loja:<br \/>\nTr\u00eas pessoas morrem em troca de tiros no Alto Oeste potiguar<br \/>\nOutro v\u00eddeo mostra dois homens chegando a uma concession\u00e1ria de ve\u00edculos em uma motocicleta. O passageiro desce armado e caminha em dire\u00e7\u00e3o ao empres\u00e1rio dono da concession\u00e1ria, que estava sentado em uma mesa e correu ao perceber a arma.<br \/>\nO piloto da moto tamb\u00e9m saca uma arma e os criminosos atiram contra o empres\u00e1rio. O policial \u00e0 paisana que estava sentado na mesma mesa que o empres\u00e1rio se afasta, se resguarda entre os carros e atira contra um dos criminosos, que cai no ch\u00e3o.<br \/>\nCrime aconteceu em loja de carros em S\u00e3o Miguel, no Alto Oeste potiguar<br \/>\nReprodu\u00e7\u00e3o<br \/>\nOutro v\u00eddeo mostra o momento em que o jovem Miqu\u00e9ias, que estava em um carro preto do lado de fora da concession\u00e1ria, sai do ve\u00edculo correndo. Ele morreu ainda no local. Segundo a pol\u00edcia, o rapaz foi atingido por uma bala perdida.<br \/>\nEmpres\u00e1rio Isomar Ces\u00e1rio Soares, de 51 anos, foi morto a tiros em S\u00e3o Miguel, RN<br \/>\nRedes sociais<br \/>\nInvestiga\u00e7\u00e3o<br \/>\nO caso \u00e9 investigado pela Delegacia da Pol\u00edcia Civil de S\u00e3o Miguel, que trata o caso como execu\u00e7\u00e3o. Segundo o delegado, o empres\u00e1rio n\u00e3o tinha antecedentes criminais.<br \/>\n&#8220;At\u00e9 o momento n\u00e3o se sabe a motiva\u00e7\u00e3o do crime, j\u00e1 que o empres\u00e1rio era bem quisto na cidade, mas os criminosos vieram para executar ele\u201d afirmou o delegado Jonaildo C\u00e2ndido.<br \/>\nUma das armas, uma pistola .40, foi apreendida pela pol\u00edcia. Policiais tamb\u00e9m realizaram dilig\u00eancias na regi\u00e3o, mas nenhum suspeito foi preso.<br \/>\nMiqu\u00e9ias Oliveira de Carvalho, de 19 anos, foi atingido por bala perdida durante atentado em S\u00e3o Miguel, RN<br \/>\nReprodu\u00e7\u00e3o\/Redes sociais<br \/>\nVeja os v\u00eddeos mais assistidos no g1 RN<\/p>","protected":false},"excerpt":{"rendered":"<p>Video mostra persegui\u00e7\u00e3o de criminoso a empres\u00e1rio assassinado em S\u00e3o Miguel, RN Um novo v\u00eddeo de c\u00e2mera de seguran\u00e7a divulgado registrou o atentado a tiros que resultou na morte de &#8230;<\/p>\n","protected":false},"author":0,"featured_media":14311,"parent":0,"menu_order":0,"comment_status":"closed","ping_status":"closed","template":"","meta":{"footnotes":""},"class_list":["post-14310","page","type-page","status-publish","has-post-thumbnail","hentry"],"yoast_head":"<!-- This site is optimized with the Yoast SEO plugin v27.1.1 - https:\/\/yoast.com\/product\/yoast-seo-wordpress\/ -->\n<title>Novo v\u00eddeo mostra criminoso perseguindo empres\u00e1rio assassinado no interior do RN - Taveira Jr<\/title>\n<meta name=\"robots\" content=\"index, follow, max-snippet:-1, max-image-preview:large, max-video-preview:-1\" \/>\n<link rel=\"canonical\" href=\"https:\/\/deputadotaveirajr.com.br\/index.php\/novo-video-mostra-criminoso-perseguindo-empresario-assassinado-no-interior-do-rn\/\" \/>\n<meta property=\"og:locale\" content=\"pt_BR\" \/>\n<meta property=\"og:type\" content=\"article\" \/>\n<meta property=\"og:title\" content=\"Novo v\u00eddeo mostra criminoso perseguindo empres\u00e1rio assassinado no interior do RN - Taveira Jr\" \/>\n<meta property=\"og:description\" content=\"Video mostra persegui\u00e7\u00e3o de criminoso a empres\u00e1rio assassinado em S\u00e3o Miguel, RN Um novo v\u00eddeo de c\u00e2mera de seguran\u00e7a divulgado registrou o atentado a tiros que resultou na morte de ...\" \/>\n<meta property=\"og:url\" content=\"https:\/\/deputadotaveirajr.com.br\/index.php\/novo-video-mostra-criminoso-perseguindo-empresario-assassinado-no-interior-do-rn\/\" \/>\n<meta property=\"og:site_name\" content=\"Taveira Jr\" \/>\n<meta property=\"og:image\" content=\"https:\/\/s2-g1.glbimg.com\/W6t4c41ZiWwdmNK3i39ShrFqJjM=\/i.s3.glbimg.com\/v1\/AUTH_59edd422c0c84a879bd37670ae4f538a\/internal_photos\/bs\/2025\/f\/h\/F1sRiCT1CNw8fzsZBmKQ\/perseguicao.jpg\" \/>\n<meta name=\"twitter:card\" content=\"summary_large_image\" \/>\n<meta name=\"twitter:label1\" content=\"Est. tempo de leitura\" \/>\n\t<meta name=\"twitter:data1\" content=\"3 minutos\" \/>\n<script type=\"application\/ld+json\" class=\"yoast-schema-graph\">{\"@context\":\"https:\/\/schema.org\",\"@graph\":[{\"@type\":\"WebPage\",\"@id\":\"https:\/\/deputadotaveirajr.com.br\/index.php\/novo-video-mostra-criminoso-perseguindo-empresario-assassinado-no-interior-do-rn\/\",\"url\":\"https:\/\/deputadotaveirajr.com.br\/index.php\/novo-video-mostra-criminoso-perseguindo-empresario-assassinado-no-interior-do-rn\/\",\"name\":\"Novo v\u00eddeo mostra criminoso perseguindo empres\u00e1rio assassinado no interior do RN - Taveira Jr\",\"isPartOf\":{\"@id\":\"https:\/\/deputadotaveirajr.com.br\/#website\"},\"primaryImageOfPage\":{\"@id\":\"https:\/\/deputadotaveirajr.com.br\/index.php\/novo-video-mostra-criminoso-perseguindo-empresario-assassinado-no-interior-do-rn\/#primaryimage\"},\"image\":{\"@id\":\"https:\/\/deputadotaveirajr.com.br\/index.php\/novo-video-mostra-criminoso-perseguindo-empresario-assassinado-no-interior-do-rn\/#primaryimage\"},\"thumbnailUrl\":\"https:\/\/deputadotaveirajr.com.br\/wp-content\/uploads\/2025\/10\/perseguicao-vDJIKV.jpg\",\"datePublished\":\"2025-10-17T16:30:21+00:00\",\"breadcrumb\":{\"@id\":\"https:\/\/deputadotaveirajr.com.br\/index.php\/novo-video-mostra-criminoso-perseguindo-empresario-assassinado-no-interior-do-rn\/#breadcrumb\"},\"inLanguage\":\"pt-BR\",\"potentialAction\":[{\"@type\":\"ReadAction\",\"target\":[\"https:\/\/deputadotaveirajr.com.br\/index.php\/novo-video-mostra-criminoso-perseguindo-empresario-assassinado-no-interior-do-rn\/\"]}]},{\"@type\":\"ImageObject\",\"inLanguage\":\"pt-BR\",\"@id\":\"https:\/\/deputadotaveirajr.com.br\/index.php\/novo-video-mostra-criminoso-perseguindo-empresario-assassinado-no-interior-do-rn\/#primaryimage\",\"url\":\"https:\/\/deputadotaveirajr.com.br\/wp-content\/uploads\/2025\/10\/perseguicao-vDJIKV.jpg\",\"contentUrl\":\"https:\/\/deputadotaveirajr.com.br\/wp-content\/uploads\/2025\/10\/perseguicao-vDJIKV.jpg\",\"width\":1200,\"height\":717},{\"@type\":\"BreadcrumbList\",\"@id\":\"https:\/\/deputadotaveirajr.com.br\/index.php\/novo-video-mostra-criminoso-perseguindo-empresario-assassinado-no-interior-do-rn\/#breadcrumb\",\"itemListElement\":[{\"@type\":\"ListItem\",\"position\":1,\"name\":\"In\u00edcio\",\"item\":\"https:\/\/deputadotaveirajr.com.br\/\"},{\"@type\":\"ListItem\",\"position\":2,\"name\":\"Novo v\u00eddeo mostra criminoso perseguindo empres\u00e1rio assassinado no interior do RN\"}]},{\"@type\":\"WebSite\",\"@id\":\"https:\/\/deputadotaveirajr.com.br\/#website\",\"url\":\"https:\/\/deputadotaveirajr.com.br\/\",\"name\":\"Taveira Jr\",\"description\":\"Deputado Estadual\",\"publisher\":{\"@id\":\"https:\/\/deputadotaveirajr.com.br\/#organization\"},\"potentialAction\":[{\"@type\":\"SearchAction\",\"target\":{\"@type\":\"EntryPoint\",\"urlTemplate\":\"https:\/\/deputadotaveirajr.com.br\/?s={search_term_string}\"},\"query-input\":{\"@type\":\"PropertyValueSpecification\",\"valueRequired\":true,\"valueName\":\"search_term_string\"}}],\"inLanguage\":\"pt-BR\"},{\"@type\":\"Organization\",\"@id\":\"https:\/\/deputadotaveirajr.com.br\/#organization\",\"name\":\"Taveira Jr\",\"url\":\"https:\/\/deputadotaveirajr.com.br\/\",\"logo\":{\"@type\":\"ImageObject\",\"inLanguage\":\"pt-BR\",\"@id\":\"https:\/\/deputadotaveirajr.com.br\/#\/schema\/logo\/image\/\",\"url\":\"https:\/\/deputadotaveirajr.com.br\/wp-content\/uploads\/2026\/01\/logolow2a.png\",\"contentUrl\":\"https:\/\/deputadotaveirajr.com.br\/wp-content\/uploads\/2026\/01\/logolow2a.png\",\"width\":290,\"height\":80,\"caption\":\"Taveira Jr\"},\"image\":{\"@id\":\"https:\/\/deputadotaveirajr.com.br\/#\/schema\/logo\/image\/\"}}]}<\/script>\n<!-- \/ Yoast SEO plugin. -->","yoast_head_json":{"title":"Novo v\u00eddeo mostra criminoso perseguindo empres\u00e1rio assassinado no interior do RN - Taveira Jr","robots":{"index":"index","follow":"follow","max-snippet":"max-snippet:-1","max-image-preview":"max-image-preview:large","max-video-preview":"max-video-preview:-1"},"canonical":"https:\/\/deputadotaveirajr.com.br\/index.php\/novo-video-mostra-criminoso-perseguindo-empresario-assassinado-no-interior-do-rn\/","og_locale":"pt_BR","og_type":"article","og_title":"Novo v\u00eddeo mostra criminoso perseguindo empres\u00e1rio assassinado no interior do RN - Taveira Jr","og_description":"Video mostra persegui\u00e7\u00e3o de criminoso a empres\u00e1rio assassinado em S\u00e3o Miguel, RN Um novo v\u00eddeo de c\u00e2mera de seguran\u00e7a divulgado registrou o atentado a tiros que resultou na morte de ...","og_url":"https:\/\/deputadotaveirajr.com.br\/index.php\/novo-video-mostra-criminoso-perseguindo-empresario-assassinado-no-interior-do-rn\/","og_site_name":"Taveira Jr","og_image":[{"url":"https:\/\/s2-g1.glbimg.com\/W6t4c41ZiWwdmNK3i39ShrFqJjM=\/i.s3.glbimg.com\/v1\/AUTH_59edd422c0c84a879bd37670ae4f538a\/internal_photos\/bs\/2025\/f\/h\/F1sRiCT1CNw8fzsZBmKQ\/perseguicao.jpg","type":"","width":"","height":""}],"twitter_card":"summary_large_image","twitter_misc":{"Est. tempo de leitura":"3 minutos"},"schema":{"@context":"https:\/\/schema.org","@graph":[{"@type":"WebPage","@id":"https:\/\/deputadotaveirajr.com.br\/index.php\/novo-video-mostra-criminoso-perseguindo-empresario-assassinado-no-interior-do-rn\/","url":"https:\/\/deputadotaveirajr.com.br\/index.php\/novo-video-mostra-criminoso-perseguindo-empresario-assassinado-no-interior-do-rn\/","name":"Novo v\u00eddeo mostra criminoso perseguindo empres\u00e1rio assassinado no interior do RN - Taveira Jr","isPartOf":{"@id":"https:\/\/deputadotaveirajr.com.br\/#website"},"primaryImageOfPage":{"@id":"https:\/\/deputadotaveirajr.com.br\/index.php\/novo-video-mostra-criminoso-perseguindo-empresario-assassinado-no-interior-do-rn\/#primaryimage"},"image":{"@id":"https:\/\/deputadotaveirajr.com.br\/index.php\/novo-video-mostra-criminoso-perseguindo-empresario-assassinado-no-interior-do-rn\/#primaryimage"},"thumbnailUrl":"https:\/\/deputadotaveirajr.com.br\/wp-content\/uploads\/2025\/10\/perseguicao-vDJIKV.jpg","datePublished":"2025-10-17T16:30:21+00:00","breadcrumb":{"@id":"https:\/\/deputadotaveirajr.com.br\/index.php\/novo-video-mostra-criminoso-perseguindo-empresario-assassinado-no-interior-do-rn\/#breadcrumb"},"inLanguage":"pt-BR","potentialAction":[{"@type":"ReadAction","target":["https:\/\/deputadotaveirajr.com.br\/index.php\/novo-video-mostra-criminoso-perseguindo-empresario-assassinado-no-interior-do-rn\/"]}]},{"@type":"ImageObject","inLanguage":"pt-BR","@id":"https:\/\/deputadotaveirajr.com.br\/index.php\/novo-video-mostra-criminoso-perseguindo-empresario-assassinado-no-interior-do-rn\/#primaryimage","url":"https:\/\/deputadotaveirajr.com.br\/wp-content\/uploads\/2025\/10\/perseguicao-vDJIKV.jpg","contentUrl":"https:\/\/deputadotaveirajr.com.br\/wp-content\/uploads\/2025\/10\/perseguicao-vDJIKV.jpg","width":1200,"height":717},{"@type":"BreadcrumbList","@id":"https:\/\/deputadotaveirajr.com.br\/index.php\/novo-video-mostra-criminoso-perseguindo-empresario-assassinado-no-interior-do-rn\/#breadcrumb","itemListElement":[{"@type":"ListItem","position":1,"name":"In\u00edcio","item":"https:\/\/deputadotaveirajr.com.br\/"},{"@type":"ListItem","position":2,"name":"Novo v\u00eddeo mostra criminoso perseguindo empres\u00e1rio assassinado no interior do RN"}]},{"@type":"WebSite","@id":"https:\/\/deputadotaveirajr.com.br\/#website","url":"https:\/\/deputadotaveirajr.com.br\/","name":"Taveira Jr","description":"Deputado Estadual","publisher":{"@id":"https:\/\/deputadotaveirajr.com.br\/#organization"},"potentialAction":[{"@type":"SearchAction","target":{"@type":"EntryPoint","urlTemplate":"https:\/\/deputadotaveirajr.com.br\/?s={search_term_string}"},"query-input":{"@type":"PropertyValueSpecification","valueRequired":true,"valueName":"search_term_string"}}],"inLanguage":"pt-BR"},{"@type":"Organization","@id":"https:\/\/deputadotaveirajr.com.br\/#organization","name":"Taveira Jr","url":"https:\/\/deputadotaveirajr.com.br\/","logo":{"@type":"ImageObject","inLanguage":"pt-BR","@id":"https:\/\/deputadotaveirajr.com.br\/#\/schema\/logo\/image\/","url":"https:\/\/deputadotaveirajr.com.br\/wp-content\/uploads\/2026\/01\/logolow2a.png","contentUrl":"https:\/\/deputadotaveirajr.com.br\/wp-content\/uploads\/2026\/01\/logolow2a.png","width":290,"height":80,"caption":"Taveira Jr"},"image":{"@id":"https:\/\/deputadotaveirajr.com.br\/#\/schema\/logo\/image\/"}}]}},"_links":{"self":[{"href":"https:\/\/deputadotaveirajr.com.br\/index.php\/wp-json\/wp\/v2\/pages\/14310","targetHints":{"allow":["GET"]}}],"collection":[{"href":"https:\/\/deputadotaveirajr.com.br\/index.php\/wp-json\/wp\/v2\/pages"}],"about":[{"href":"https:\/\/deputadotaveirajr.com.br\/index.php\/wp-json\/wp\/v2\/types\/page"}],"replies":[{"embeddable":true,"href":"https:\/\/deputadotaveirajr.com.br\/index.php\/wp-json\/wp\/v2\/comments?post=14310"}],"version-history":[{"count":0,"href":"https:\/\/deputadotaveirajr.com.br\/index.php\/wp-json\/wp\/v2\/pages\/14310\/revisions"}],"wp:featuredmedia":[{"embeddable":true,"href":"https:\/\/deputadotaveirajr.com.br\/index.php\/wp-json\/wp\/v2\/media\/14311"}],"wp:attachment":[{"href":"https:\/\/deputadotaveirajr.com.br\/index.php\/wp-json\/wp\/v2\/media?parent=14310"}],"curies":[{"name":"wp","href":"https:\/\/api.w.org\/{rel}","templated":true}]}}