{"id":14320,"date":"2025-10-18T12:50:55","date_gmt":"2025-10-18T15:50:55","guid":{"rendered":"https:\/\/deputadotaveirajr.com.br\/index.php\/governo-federal-publica-licitacao-para-duplicacao-da-br-304-entre-mossoro-e-assu\/"},"modified":"2025-10-18T12:50:55","modified_gmt":"2025-10-18T15:50:55","slug":"governo-federal-publica-licitacao-para-duplicacao-da-br-304-entre-mossoro-e-assu","status":"publish","type":"page","link":"https:\/\/deputadotaveirajr.com.br\/index.php\/governo-federal-publica-licitacao-para-duplicacao-da-br-304-entre-mossoro-e-assu\/","title":{"rendered":"Governo federal publica licita\u00e7\u00e3o para duplica\u00e7\u00e3o da BR-304 entre Mossor\u00f3 e Assu"},"content":{"rendered":"<p><img decoding=\"async\" src=\"https:\/\/s2-g1.glbimg.com\/T8LSUJws8eknRQNjPrrbjshuSnc=\/i.s3.glbimg.com\/v1\/AUTH_59edd422c0c84a879bd37670ae4f538a\/internal_photos\/bs\/2025\/B\/u\/toMaNJQVmvyklU3rbaIg\/br-304.jpg\" \/><br \/>     BR-304 em Assu, onde acaba o primeiro trecho de duplica\u00e7\u00e3o com licita\u00e7\u00e3o aberta pelo governo federal<br \/>\nGoogle maps\/Reprodu\u00e7\u00e3o<br \/>\nO Minist\u00e9rio dos Transportes publicou o edital para contratar uma empresa que dever\u00e1 come\u00e7ar a duplica\u00e7\u00e3o da BR-304, no Rio Grande do Norte nesta sexta-feira (17) no Di\u00e1rio Oficial da Uni\u00e3o.<br \/>\nSegundo o edital, o primeiro lote de obras abrange quase 57,6 km quil\u00f4metros no trecho entre Mossor\u00f3 e Ass\u00fa. A licita\u00e7\u00e3o tem valor previsto de R$ 375.487.560,84.<br \/>\n\ud83d\udcf3 Clique aqui para seguir o canal do g1 RN no WhatsApp<br \/>\nA obra dever\u00e1 ocorrer a partir do atual fim da pista dupla em Mossor\u00f3 at\u00e9 a entrada da RN-233, que d\u00e1 acesso a Para\u00fa.<br \/>\nLEIA MAIS<br \/>\nDnit pede licen\u00e7a pr\u00e9via ao Idema para obra de duplica\u00e7\u00e3o da BR-304<br \/>\nBR-304 \u00e9 a rodovia federal com maior n\u00famero de mortes em acidentes no RN<br \/>\nDuplica\u00e7\u00e3o da BR-304 entre o RN e o Cear\u00e1 \u00e9 or\u00e7ada em quase R$ 3 bilh\u00f5es<br \/>\nDe acordo com o documento, as empresas interessadas poder\u00e3o apresentar propostas para concorrer \u00e0 licita\u00e7\u00e3o da obra at\u00e9 o dia 25 de novembro.<br \/>\nEm setembro, o governo anunciou que edital seria lan\u00e7ado no dia 10 de outubro e tamb\u00e9m contemplaria outro trecho:<br \/>\nGoverno federal diz que vai publicar edital de duplica\u00e7\u00e3o da BR-304 at\u00e9 dia 10\/10<br \/>\nAp\u00f3s as entregas das documenta\u00e7\u00f5es, o Departamento Nacional de Infraestrutura de Tr\u00e2nsito (Dnit) vai entrar em fase de an\u00e1lise. Em seguida, ser\u00e1 a fase de lances.<br \/>\nSegundo o governo federal, os recursos s\u00e3o garantidos pelo Novo PAC. Ao todo, o programa dever\u00e1 contemplar sete lotes e cerca de 280 quil\u00f4metros de interven\u00e7\u00f5es na rodovia.<br \/>\nCom fluxo m\u00e9dio di\u00e1rio de 6 mil ve\u00edculos, a BR-304 \u00e9 um dos principais corredores log\u00edsticos do Nordeste, fundamental para o escoamento da produ\u00e7\u00e3o agr\u00edcola e industrial, al\u00e9m do transporte de passageiros e do fomento ao turismo local.<br \/>\nA rodovia corta o Rio Grande do Norte de Leste a Oeste e ligando as principais cidades potiguares, Natal e Mossor\u00f3.<br \/>\nVeja os v\u00eddeos mais assistidos no g1 RN<\/p>","protected":false},"excerpt":{"rendered":"<p>BR-304 em Assu, onde acaba o primeiro trecho de duplica\u00e7\u00e3o com licita\u00e7\u00e3o aberta pelo governo federal Google maps\/Reprodu\u00e7\u00e3o O Minist\u00e9rio dos Transportes publicou o edital para contratar uma empresa que &#8230;<\/p>\n","protected":false},"author":0,"featured_media":14321,"parent":0,"menu_order":0,"comment_status":"closed","ping_status":"closed","template":"","meta":{"footnotes":""},"class_list":["post-14320","page","type-page","status-publish","has-post-thumbnail","hentry"],"yoast_head":"<!-- This site is optimized with the Yoast SEO plugin v27.1.1 - https:\/\/yoast.com\/product\/yoast-seo-wordpress\/ -->\n<title>Governo federal publica licita\u00e7\u00e3o para duplica\u00e7\u00e3o da BR-304 entre Mossor\u00f3 e Assu - Taveira Jr<\/title>\n<meta name=\"robots\" content=\"index, follow, max-snippet:-1, max-image-preview:large, max-video-preview:-1\" \/>\n<link rel=\"canonical\" href=\"https:\/\/deputadotaveirajr.com.br\/index.php\/governo-federal-publica-licitacao-para-duplicacao-da-br-304-entre-mossoro-e-assu\/\" \/>\n<meta property=\"og:locale\" content=\"pt_BR\" \/>\n<meta property=\"og:type\" content=\"article\" \/>\n<meta property=\"og:title\" content=\"Governo federal publica licita\u00e7\u00e3o para duplica\u00e7\u00e3o da BR-304 entre Mossor\u00f3 e Assu - Taveira Jr\" \/>\n<meta property=\"og:description\" content=\"BR-304 em Assu, onde acaba o primeiro trecho de duplica\u00e7\u00e3o com licita\u00e7\u00e3o aberta pelo governo federal Google maps\/Reprodu\u00e7\u00e3o O Minist\u00e9rio dos Transportes publicou o edital para contratar uma empresa que ...\" \/>\n<meta property=\"og:url\" content=\"https:\/\/deputadotaveirajr.com.br\/index.php\/governo-federal-publica-licitacao-para-duplicacao-da-br-304-entre-mossoro-e-assu\/\" \/>\n<meta property=\"og:site_name\" content=\"Taveira Jr\" \/>\n<meta property=\"og:image\" content=\"https:\/\/s2-g1.glbimg.com\/T8LSUJws8eknRQNjPrrbjshuSnc=\/i.s3.glbimg.com\/v1\/AUTH_59edd422c0c84a879bd37670ae4f538a\/internal_photos\/bs\/2025\/B\/u\/toMaNJQVmvyklU3rbaIg\/br-304.jpg\" \/>\n<meta name=\"twitter:card\" content=\"summary_large_image\" \/>\n<meta name=\"twitter:label1\" content=\"Est. tempo de leitura\" \/>\n\t<meta name=\"twitter:data1\" content=\"2 minutos\" \/>\n<script type=\"application\/ld+json\" class=\"yoast-schema-graph\">{\"@context\":\"https:\/\/schema.org\",\"@graph\":[{\"@type\":\"WebPage\",\"@id\":\"https:\/\/deputadotaveirajr.com.br\/index.php\/governo-federal-publica-licitacao-para-duplicacao-da-br-304-entre-mossoro-e-assu\/\",\"url\":\"https:\/\/deputadotaveirajr.com.br\/index.php\/governo-federal-publica-licitacao-para-duplicacao-da-br-304-entre-mossoro-e-assu\/\",\"name\":\"Governo federal publica licita\u00e7\u00e3o para duplica\u00e7\u00e3o da BR-304 entre Mossor\u00f3 e Assu - Taveira Jr\",\"isPartOf\":{\"@id\":\"https:\/\/deputadotaveirajr.com.br\/#website\"},\"primaryImageOfPage\":{\"@id\":\"https:\/\/deputadotaveirajr.com.br\/index.php\/governo-federal-publica-licitacao-para-duplicacao-da-br-304-entre-mossoro-e-assu\/#primaryimage\"},\"image\":{\"@id\":\"https:\/\/deputadotaveirajr.com.br\/index.php\/governo-federal-publica-licitacao-para-duplicacao-da-br-304-entre-mossoro-e-assu\/#primaryimage\"},\"thumbnailUrl\":\"https:\/\/deputadotaveirajr.com.br\/wp-content\/uploads\/2025\/10\/br-304-qEC6U2.jpg\",\"datePublished\":\"2025-10-18T15:50:55+00:00\",\"breadcrumb\":{\"@id\":\"https:\/\/deputadotaveirajr.com.br\/index.php\/governo-federal-publica-licitacao-para-duplicacao-da-br-304-entre-mossoro-e-assu\/#breadcrumb\"},\"inLanguage\":\"pt-BR\",\"potentialAction\":[{\"@type\":\"ReadAction\",\"target\":[\"https:\/\/deputadotaveirajr.com.br\/index.php\/governo-federal-publica-licitacao-para-duplicacao-da-br-304-entre-mossoro-e-assu\/\"]}]},{\"@type\":\"ImageObject\",\"inLanguage\":\"pt-BR\",\"@id\":\"https:\/\/deputadotaveirajr.com.br\/index.php\/governo-federal-publica-licitacao-para-duplicacao-da-br-304-entre-mossoro-e-assu\/#primaryimage\",\"url\":\"https:\/\/deputadotaveirajr.com.br\/wp-content\/uploads\/2025\/10\/br-304-qEC6U2.jpg\",\"contentUrl\":\"https:\/\/deputadotaveirajr.com.br\/wp-content\/uploads\/2025\/10\/br-304-qEC6U2.jpg\",\"width\":1200,\"height\":720},{\"@type\":\"BreadcrumbList\",\"@id\":\"https:\/\/deputadotaveirajr.com.br\/index.php\/governo-federal-publica-licitacao-para-duplicacao-da-br-304-entre-mossoro-e-assu\/#breadcrumb\",\"itemListElement\":[{\"@type\":\"ListItem\",\"position\":1,\"name\":\"In\u00edcio\",\"item\":\"https:\/\/deputadotaveirajr.com.br\/\"},{\"@type\":\"ListItem\",\"position\":2,\"name\":\"Governo federal publica licita\u00e7\u00e3o para duplica\u00e7\u00e3o da BR-304 entre Mossor\u00f3 e Assu\"}]},{\"@type\":\"WebSite\",\"@id\":\"https:\/\/deputadotaveirajr.com.br\/#website\",\"url\":\"https:\/\/deputadotaveirajr.com.br\/\",\"name\":\"Taveira Jr\",\"description\":\"Deputado Estadual\",\"publisher\":{\"@id\":\"https:\/\/deputadotaveirajr.com.br\/#organization\"},\"potentialAction\":[{\"@type\":\"SearchAction\",\"target\":{\"@type\":\"EntryPoint\",\"urlTemplate\":\"https:\/\/deputadotaveirajr.com.br\/?s={search_term_string}\"},\"query-input\":{\"@type\":\"PropertyValueSpecification\",\"valueRequired\":true,\"valueName\":\"search_term_string\"}}],\"inLanguage\":\"pt-BR\"},{\"@type\":\"Organization\",\"@id\":\"https:\/\/deputadotaveirajr.com.br\/#organization\",\"name\":\"Taveira Jr\",\"url\":\"https:\/\/deputadotaveirajr.com.br\/\",\"logo\":{\"@type\":\"ImageObject\",\"inLanguage\":\"pt-BR\",\"@id\":\"https:\/\/deputadotaveirajr.com.br\/#\/schema\/logo\/image\/\",\"url\":\"https:\/\/deputadotaveirajr.com.br\/wp-content\/uploads\/2026\/01\/logolow2a.png\",\"contentUrl\":\"https:\/\/deputadotaveirajr.com.br\/wp-content\/uploads\/2026\/01\/logolow2a.png\",\"width\":290,\"height\":80,\"caption\":\"Taveira Jr\"},\"image\":{\"@id\":\"https:\/\/deputadotaveirajr.com.br\/#\/schema\/logo\/image\/\"}}]}<\/script>\n<!-- \/ Yoast SEO plugin. -->","yoast_head_json":{"title":"Governo federal publica licita\u00e7\u00e3o para duplica\u00e7\u00e3o da BR-304 entre Mossor\u00f3 e Assu - Taveira Jr","robots":{"index":"index","follow":"follow","max-snippet":"max-snippet:-1","max-image-preview":"max-image-preview:large","max-video-preview":"max-video-preview:-1"},"canonical":"https:\/\/deputadotaveirajr.com.br\/index.php\/governo-federal-publica-licitacao-para-duplicacao-da-br-304-entre-mossoro-e-assu\/","og_locale":"pt_BR","og_type":"article","og_title":"Governo federal publica licita\u00e7\u00e3o para duplica\u00e7\u00e3o da BR-304 entre Mossor\u00f3 e Assu - Taveira Jr","og_description":"BR-304 em Assu, onde acaba o primeiro trecho de duplica\u00e7\u00e3o com licita\u00e7\u00e3o aberta pelo governo federal Google maps\/Reprodu\u00e7\u00e3o O Minist\u00e9rio dos Transportes publicou o edital para contratar uma empresa que ...","og_url":"https:\/\/deputadotaveirajr.com.br\/index.php\/governo-federal-publica-licitacao-para-duplicacao-da-br-304-entre-mossoro-e-assu\/","og_site_name":"Taveira Jr","og_image":[{"url":"https:\/\/s2-g1.glbimg.com\/T8LSUJws8eknRQNjPrrbjshuSnc=\/i.s3.glbimg.com\/v1\/AUTH_59edd422c0c84a879bd37670ae4f538a\/internal_photos\/bs\/2025\/B\/u\/toMaNJQVmvyklU3rbaIg\/br-304.jpg","type":"","width":"","height":""}],"twitter_card":"summary_large_image","twitter_misc":{"Est. tempo de leitura":"2 minutos"},"schema":{"@context":"https:\/\/schema.org","@graph":[{"@type":"WebPage","@id":"https:\/\/deputadotaveirajr.com.br\/index.php\/governo-federal-publica-licitacao-para-duplicacao-da-br-304-entre-mossoro-e-assu\/","url":"https:\/\/deputadotaveirajr.com.br\/index.php\/governo-federal-publica-licitacao-para-duplicacao-da-br-304-entre-mossoro-e-assu\/","name":"Governo federal publica licita\u00e7\u00e3o para duplica\u00e7\u00e3o da BR-304 entre Mossor\u00f3 e Assu - Taveira Jr","isPartOf":{"@id":"https:\/\/deputadotaveirajr.com.br\/#website"},"primaryImageOfPage":{"@id":"https:\/\/deputadotaveirajr.com.br\/index.php\/governo-federal-publica-licitacao-para-duplicacao-da-br-304-entre-mossoro-e-assu\/#primaryimage"},"image":{"@id":"https:\/\/deputadotaveirajr.com.br\/index.php\/governo-federal-publica-licitacao-para-duplicacao-da-br-304-entre-mossoro-e-assu\/#primaryimage"},"thumbnailUrl":"https:\/\/deputadotaveirajr.com.br\/wp-content\/uploads\/2025\/10\/br-304-qEC6U2.jpg","datePublished":"2025-10-18T15:50:55+00:00","breadcrumb":{"@id":"https:\/\/deputadotaveirajr.com.br\/index.php\/governo-federal-publica-licitacao-para-duplicacao-da-br-304-entre-mossoro-e-assu\/#breadcrumb"},"inLanguage":"pt-BR","potentialAction":[{"@type":"ReadAction","target":["https:\/\/deputadotaveirajr.com.br\/index.php\/governo-federal-publica-licitacao-para-duplicacao-da-br-304-entre-mossoro-e-assu\/"]}]},{"@type":"ImageObject","inLanguage":"pt-BR","@id":"https:\/\/deputadotaveirajr.com.br\/index.php\/governo-federal-publica-licitacao-para-duplicacao-da-br-304-entre-mossoro-e-assu\/#primaryimage","url":"https:\/\/deputadotaveirajr.com.br\/wp-content\/uploads\/2025\/10\/br-304-qEC6U2.jpg","contentUrl":"https:\/\/deputadotaveirajr.com.br\/wp-content\/uploads\/2025\/10\/br-304-qEC6U2.jpg","width":1200,"height":720},{"@type":"BreadcrumbList","@id":"https:\/\/deputadotaveirajr.com.br\/index.php\/governo-federal-publica-licitacao-para-duplicacao-da-br-304-entre-mossoro-e-assu\/#breadcrumb","itemListElement":[{"@type":"ListItem","position":1,"name":"In\u00edcio","item":"https:\/\/deputadotaveirajr.com.br\/"},{"@type":"ListItem","position":2,"name":"Governo federal publica licita\u00e7\u00e3o para duplica\u00e7\u00e3o da BR-304 entre Mossor\u00f3 e Assu"}]},{"@type":"WebSite","@id":"https:\/\/deputadotaveirajr.com.br\/#website","url":"https:\/\/deputadotaveirajr.com.br\/","name":"Taveira Jr","description":"Deputado Estadual","publisher":{"@id":"https:\/\/deputadotaveirajr.com.br\/#organization"},"potentialAction":[{"@type":"SearchAction","target":{"@type":"EntryPoint","urlTemplate":"https:\/\/deputadotaveirajr.com.br\/?s={search_term_string}"},"query-input":{"@type":"PropertyValueSpecification","valueRequired":true,"valueName":"search_term_string"}}],"inLanguage":"pt-BR"},{"@type":"Organization","@id":"https:\/\/deputadotaveirajr.com.br\/#organization","name":"Taveira Jr","url":"https:\/\/deputadotaveirajr.com.br\/","logo":{"@type":"ImageObject","inLanguage":"pt-BR","@id":"https:\/\/deputadotaveirajr.com.br\/#\/schema\/logo\/image\/","url":"https:\/\/deputadotaveirajr.com.br\/wp-content\/uploads\/2026\/01\/logolow2a.png","contentUrl":"https:\/\/deputadotaveirajr.com.br\/wp-content\/uploads\/2026\/01\/logolow2a.png","width":290,"height":80,"caption":"Taveira Jr"},"image":{"@id":"https:\/\/deputadotaveirajr.com.br\/#\/schema\/logo\/image\/"}}]}},"_links":{"self":[{"href":"https:\/\/deputadotaveirajr.com.br\/index.php\/wp-json\/wp\/v2\/pages\/14320","targetHints":{"allow":["GET"]}}],"collection":[{"href":"https:\/\/deputadotaveirajr.com.br\/index.php\/wp-json\/wp\/v2\/pages"}],"about":[{"href":"https:\/\/deputadotaveirajr.com.br\/index.php\/wp-json\/wp\/v2\/types\/page"}],"replies":[{"embeddable":true,"href":"https:\/\/deputadotaveirajr.com.br\/index.php\/wp-json\/wp\/v2\/comments?post=14320"}],"version-history":[{"count":0,"href":"https:\/\/deputadotaveirajr.com.br\/index.php\/wp-json\/wp\/v2\/pages\/14320\/revisions"}],"wp:featuredmedia":[{"embeddable":true,"href":"https:\/\/deputadotaveirajr.com.br\/index.php\/wp-json\/wp\/v2\/media\/14321"}],"wp:attachment":[{"href":"https:\/\/deputadotaveirajr.com.br\/index.php\/wp-json\/wp\/v2\/media?parent=14320"}],"curies":[{"name":"wp","href":"https:\/\/api.w.org\/{rel}","templated":true}]}}