{"id":14322,"date":"2025-10-18T14:46:15","date_gmt":"2025-10-18T17:46:15","guid":{"rendered":"https:\/\/deputadotaveirajr.com.br\/index.php\/veja-como-foi-a-primeira-noite-do-mada-2025\/"},"modified":"2025-10-18T14:46:15","modified_gmt":"2025-10-18T17:46:15","slug":"veja-como-foi-a-primeira-noite-do-mada-2025","status":"publish","type":"page","link":"https:\/\/deputadotaveirajr.com.br\/index.php\/veja-como-foi-a-primeira-noite-do-mada-2025\/","title":{"rendered":"Veja como foi a primeira noite do Mada 2025"},"content":{"rendered":"<p><img decoding=\"async\" src=\"https:\/\/s2-g1.glbimg.com\/mjEmxpVXWnANYGnd5GEUdL5kELE=\/i.s3.glbimg.com\/v1\/AUTH_59edd422c0c84a879bd37670ae4f538a\/internal_photos\/bs\/2025\/e\/F\/fQLm4pSOiw7zBGMws7pQ\/mada1.jpg\" \/><br \/>     Veja imagem a\u00e9rea da primeira noite do Mada 2025<br \/>\nO Festival Mada 2025 come\u00e7ou nesta sexta-feira (17) movimentando a Arena das Dunas, em Natal, com uma estrutura de grandes propor\u00e7\u00f5es \u2014 tanto no palco quanto por tr\u00e1s dele.<br \/>\nPara o evento funcionar, mais de 1.300 profissionais atuam nos bastidores em diferentes frentes: produ\u00e7\u00e3o, cenografia, montagem e organiza\u00e7\u00e3o.<br \/>\n\ud83d\udcf3 Clique aqui para seguir o canal do g1 RN no WhatsApp<br \/>\nNos dois palcos principais, uma equipe trabalhava em ritmo intenso para que tudo saia como o planejado.<br \/>\n\u201cS\u00e3o 11 meses de trabalho em pr\u00e9-produ\u00e7\u00e3o, com muita planilha e organiza\u00e7\u00e3o, para que tudo aconte\u00e7a direitinho aqui\u201d, contou Camila Pedrassoli, diretora de palco do festival.<br \/>\nLEIA MAIS<br \/>\nFestival Mada 2025: confira os hor\u00e1rios dos shows<br \/>\nMada tem Mano Brown, Marina Sena, BaianaSystem, Liniker e mais de 30 atra\u00e7\u00f5es<br \/>\nFestival Mada ser\u00e1 transmitido ao vivo na TV Globo, Globoplay e G1<br \/>\nEnquanto um show acontece, outro j\u00e1 come\u00e7a a ser preparado. Instrumentos e cen\u00e1rios das pr\u00f3ximas atra\u00e7\u00f5es s\u00e3o posicionados em quest\u00e3o de minutos \u2014 um trabalho de sincronismo que mant\u00e9m o festival fluindo sem pausas.<br \/>\nFestival Mada come\u00e7ou nesta sexta-feira (17) na Arena das Dunas, em Natal<br \/>\nBia Azvedo\/Mada<br \/>\nAl\u00e9m dos palcos principais, o evento conta ainda com um terceiro espa\u00e7o, o Baile da Amada, montado em outro ambiente dentro da Arena das Dunas. O projeto \u00e9 descrito pelos organizadores como \u201cum festival dentro do festival\u201d, com programa\u00e7\u00e3o paralela voltada \u00e0 m\u00fasica eletr\u00f4nica e performances interativas.<br \/>\nP\u00fablico chegou cedo para garantir o melhor lugar<br \/>\nLogo nas primeiras horas da sexta-feira (17), f\u00e3s j\u00e1 se reuniam na entrada do Mada. Teve gente que chegou duas horas antes da abertura dos port\u00f5es para ficar bem perto do palco.<br \/>\n\u201cSa\u00ed de casa umas 5h30. A gente chega cedo porque quer garantir um lugar bom, n\u00e9?\u201d, contou uma das primeiras pessoas da fila. Muitos esperavam ansiosamente pelo show de Marina Sena, uma das atra\u00e7\u00f5es mais aguardadas da noite.<br \/>\nPotiguar abre festival<br \/>\nA cantora potiguar Dani Cruz foi a respons\u00e1vel por abrir a 27\u00aa edi\u00e7\u00e3o do Mada. Ela encantou o p\u00fablico e emocionou a fam\u00edlia. O pai dela, o juiz Carlito Ant\u00f4nio Cruz, acompanhou tudo de perto.<br \/>\n\u201cDani \u00e9 humilde, como a gente ensinou. Est\u00e1 brilhando agora, gra\u00e7as a Deus, com o apoio da Inter TV. \u00c9 uma emo\u00e7\u00e3o enorme para toda a fam\u00edlia\u201d, afirmou.<br \/>\nTransmiss\u00e3o nacional e clima de celebra\u00e7\u00e3o<br \/>\nNeste ano, o Mada \u00e9 exibido para 45 emissoras da TV Globo, al\u00e9m de transmiss\u00e3o ao vivo pelo g1 RN e Globoplay. No total, mais de 120 profissionais trabalham na cobertura televisiva e digital do evento.<br \/>\n\u201cNosso sentimento \u00e9 de fazer quem est\u00e1 em casa ser feliz com esse festival que tem tanto a nossa cara&#8221;, disse o apresentador Diego Negrellos.<br \/>\n&#8220;A gente quer levar o que \u00e9 a nossa cultura, a nossa m\u00fasica, e abra\u00e7ar tamb\u00e9m estilos de todo o Brasil\u201d, complementou a apresentadora Kelly Vieira.<br \/>\nQuem foi \u00e0 Arena das Dunas tamb\u00e9m encontrou op\u00e7\u00f5es de lazer al\u00e9m da m\u00fasica. Uma tirolesa instalada no espa\u00e7o atraiu filas de pessoas dispostas a se aventurar durante os intervalos dos shows.<br \/>\nPrograma\u00e7\u00e3o segue neste s\u00e1bado<br \/>\nA primeira noite do festival terminou ao som de Marina Sena, mas o Mada continua neste s\u00e1bado (18) com Mano Brown, Liniker e BaianaSystem, entre as mais de 30 atra\u00e7\u00f5es previstas para os dois dias de evento.<br \/>\nVeja os v\u00eddeos mais assistidos no g1 RN<\/p>","protected":false},"excerpt":{"rendered":"<p>Veja imagem a\u00e9rea da primeira noite do Mada 2025 O Festival Mada 2025 come\u00e7ou nesta sexta-feira (17) movimentando a Arena das Dunas, em Natal, com uma estrutura de grandes propor\u00e7\u00f5es &#8230;<\/p>\n","protected":false},"author":0,"featured_media":14323,"parent":0,"menu_order":0,"comment_status":"closed","ping_status":"closed","template":"","meta":{"footnotes":""},"class_list":["post-14322","page","type-page","status-publish","has-post-thumbnail","hentry"],"yoast_head":"<!-- This site is optimized with the Yoast SEO plugin v27.1.1 - https:\/\/yoast.com\/product\/yoast-seo-wordpress\/ -->\n<title>Veja como foi a primeira noite do Mada 2025 - Taveira Jr<\/title>\n<meta name=\"robots\" content=\"index, follow, max-snippet:-1, max-image-preview:large, max-video-preview:-1\" \/>\n<link rel=\"canonical\" href=\"https:\/\/deputadotaveirajr.com.br\/index.php\/veja-como-foi-a-primeira-noite-do-mada-2025\/\" \/>\n<meta property=\"og:locale\" content=\"pt_BR\" \/>\n<meta property=\"og:type\" content=\"article\" \/>\n<meta property=\"og:title\" content=\"Veja como foi a primeira noite do Mada 2025 - Taveira Jr\" \/>\n<meta property=\"og:description\" content=\"Veja imagem a\u00e9rea da primeira noite do Mada 2025 O Festival Mada 2025 come\u00e7ou nesta sexta-feira (17) movimentando a Arena das Dunas, em Natal, com uma estrutura de grandes propor\u00e7\u00f5es ...\" \/>\n<meta property=\"og:url\" content=\"https:\/\/deputadotaveirajr.com.br\/index.php\/veja-como-foi-a-primeira-noite-do-mada-2025\/\" \/>\n<meta property=\"og:site_name\" content=\"Taveira Jr\" \/>\n<meta property=\"og:image\" content=\"https:\/\/s2-g1.glbimg.com\/mjEmxpVXWnANYGnd5GEUdL5kELE=\/i.s3.glbimg.com\/v1\/AUTH_59edd422c0c84a879bd37670ae4f538a\/internal_photos\/bs\/2025\/e\/F\/fQLm4pSOiw7zBGMws7pQ\/mada1.jpg\" \/>\n<meta name=\"twitter:card\" content=\"summary_large_image\" \/>\n<meta name=\"twitter:label1\" content=\"Est. tempo de leitura\" \/>\n\t<meta name=\"twitter:data1\" content=\"3 minutos\" \/>\n<script type=\"application\/ld+json\" class=\"yoast-schema-graph\">{\"@context\":\"https:\/\/schema.org\",\"@graph\":[{\"@type\":\"WebPage\",\"@id\":\"https:\/\/deputadotaveirajr.com.br\/index.php\/veja-como-foi-a-primeira-noite-do-mada-2025\/\",\"url\":\"https:\/\/deputadotaveirajr.com.br\/index.php\/veja-como-foi-a-primeira-noite-do-mada-2025\/\",\"name\":\"Veja como foi a primeira noite do Mada 2025 - Taveira Jr\",\"isPartOf\":{\"@id\":\"https:\/\/deputadotaveirajr.com.br\/#website\"},\"primaryImageOfPage\":{\"@id\":\"https:\/\/deputadotaveirajr.com.br\/index.php\/veja-como-foi-a-primeira-noite-do-mada-2025\/#primaryimage\"},\"image\":{\"@id\":\"https:\/\/deputadotaveirajr.com.br\/index.php\/veja-como-foi-a-primeira-noite-do-mada-2025\/#primaryimage\"},\"thumbnailUrl\":\"https:\/\/deputadotaveirajr.com.br\/wp-content\/uploads\/2025\/10\/mada1-1FVbZk.jpg\",\"datePublished\":\"2025-10-18T17:46:15+00:00\",\"breadcrumb\":{\"@id\":\"https:\/\/deputadotaveirajr.com.br\/index.php\/veja-como-foi-a-primeira-noite-do-mada-2025\/#breadcrumb\"},\"inLanguage\":\"pt-BR\",\"potentialAction\":[{\"@type\":\"ReadAction\",\"target\":[\"https:\/\/deputadotaveirajr.com.br\/index.php\/veja-como-foi-a-primeira-noite-do-mada-2025\/\"]}]},{\"@type\":\"ImageObject\",\"inLanguage\":\"pt-BR\",\"@id\":\"https:\/\/deputadotaveirajr.com.br\/index.php\/veja-como-foi-a-primeira-noite-do-mada-2025\/#primaryimage\",\"url\":\"https:\/\/deputadotaveirajr.com.br\/wp-content\/uploads\/2025\/10\/mada1-1FVbZk.jpg\",\"contentUrl\":\"https:\/\/deputadotaveirajr.com.br\/wp-content\/uploads\/2025\/10\/mada1-1FVbZk.jpg\",\"width\":1280,\"height\":720},{\"@type\":\"BreadcrumbList\",\"@id\":\"https:\/\/deputadotaveirajr.com.br\/index.php\/veja-como-foi-a-primeira-noite-do-mada-2025\/#breadcrumb\",\"itemListElement\":[{\"@type\":\"ListItem\",\"position\":1,\"name\":\"In\u00edcio\",\"item\":\"https:\/\/deputadotaveirajr.com.br\/\"},{\"@type\":\"ListItem\",\"position\":2,\"name\":\"Veja como foi a primeira noite do Mada 2025\"}]},{\"@type\":\"WebSite\",\"@id\":\"https:\/\/deputadotaveirajr.com.br\/#website\",\"url\":\"https:\/\/deputadotaveirajr.com.br\/\",\"name\":\"Taveira Jr\",\"description\":\"Deputado Estadual\",\"publisher\":{\"@id\":\"https:\/\/deputadotaveirajr.com.br\/#organization\"},\"potentialAction\":[{\"@type\":\"SearchAction\",\"target\":{\"@type\":\"EntryPoint\",\"urlTemplate\":\"https:\/\/deputadotaveirajr.com.br\/?s={search_term_string}\"},\"query-input\":{\"@type\":\"PropertyValueSpecification\",\"valueRequired\":true,\"valueName\":\"search_term_string\"}}],\"inLanguage\":\"pt-BR\"},{\"@type\":\"Organization\",\"@id\":\"https:\/\/deputadotaveirajr.com.br\/#organization\",\"name\":\"Taveira Jr\",\"url\":\"https:\/\/deputadotaveirajr.com.br\/\",\"logo\":{\"@type\":\"ImageObject\",\"inLanguage\":\"pt-BR\",\"@id\":\"https:\/\/deputadotaveirajr.com.br\/#\/schema\/logo\/image\/\",\"url\":\"https:\/\/deputadotaveirajr.com.br\/wp-content\/uploads\/2026\/01\/logolow2a.png\",\"contentUrl\":\"https:\/\/deputadotaveirajr.com.br\/wp-content\/uploads\/2026\/01\/logolow2a.png\",\"width\":290,\"height\":80,\"caption\":\"Taveira Jr\"},\"image\":{\"@id\":\"https:\/\/deputadotaveirajr.com.br\/#\/schema\/logo\/image\/\"}}]}<\/script>\n<!-- \/ Yoast SEO plugin. -->","yoast_head_json":{"title":"Veja como foi a primeira noite do Mada 2025 - Taveira Jr","robots":{"index":"index","follow":"follow","max-snippet":"max-snippet:-1","max-image-preview":"max-image-preview:large","max-video-preview":"max-video-preview:-1"},"canonical":"https:\/\/deputadotaveirajr.com.br\/index.php\/veja-como-foi-a-primeira-noite-do-mada-2025\/","og_locale":"pt_BR","og_type":"article","og_title":"Veja como foi a primeira noite do Mada 2025 - Taveira Jr","og_description":"Veja imagem a\u00e9rea da primeira noite do Mada 2025 O Festival Mada 2025 come\u00e7ou nesta sexta-feira (17) movimentando a Arena das Dunas, em Natal, com uma estrutura de grandes propor\u00e7\u00f5es ...","og_url":"https:\/\/deputadotaveirajr.com.br\/index.php\/veja-como-foi-a-primeira-noite-do-mada-2025\/","og_site_name":"Taveira Jr","og_image":[{"url":"https:\/\/s2-g1.glbimg.com\/mjEmxpVXWnANYGnd5GEUdL5kELE=\/i.s3.glbimg.com\/v1\/AUTH_59edd422c0c84a879bd37670ae4f538a\/internal_photos\/bs\/2025\/e\/F\/fQLm4pSOiw7zBGMws7pQ\/mada1.jpg","type":"","width":"","height":""}],"twitter_card":"summary_large_image","twitter_misc":{"Est. tempo de leitura":"3 minutos"},"schema":{"@context":"https:\/\/schema.org","@graph":[{"@type":"WebPage","@id":"https:\/\/deputadotaveirajr.com.br\/index.php\/veja-como-foi-a-primeira-noite-do-mada-2025\/","url":"https:\/\/deputadotaveirajr.com.br\/index.php\/veja-como-foi-a-primeira-noite-do-mada-2025\/","name":"Veja como foi a primeira noite do Mada 2025 - Taveira Jr","isPartOf":{"@id":"https:\/\/deputadotaveirajr.com.br\/#website"},"primaryImageOfPage":{"@id":"https:\/\/deputadotaveirajr.com.br\/index.php\/veja-como-foi-a-primeira-noite-do-mada-2025\/#primaryimage"},"image":{"@id":"https:\/\/deputadotaveirajr.com.br\/index.php\/veja-como-foi-a-primeira-noite-do-mada-2025\/#primaryimage"},"thumbnailUrl":"https:\/\/deputadotaveirajr.com.br\/wp-content\/uploads\/2025\/10\/mada1-1FVbZk.jpg","datePublished":"2025-10-18T17:46:15+00:00","breadcrumb":{"@id":"https:\/\/deputadotaveirajr.com.br\/index.php\/veja-como-foi-a-primeira-noite-do-mada-2025\/#breadcrumb"},"inLanguage":"pt-BR","potentialAction":[{"@type":"ReadAction","target":["https:\/\/deputadotaveirajr.com.br\/index.php\/veja-como-foi-a-primeira-noite-do-mada-2025\/"]}]},{"@type":"ImageObject","inLanguage":"pt-BR","@id":"https:\/\/deputadotaveirajr.com.br\/index.php\/veja-como-foi-a-primeira-noite-do-mada-2025\/#primaryimage","url":"https:\/\/deputadotaveirajr.com.br\/wp-content\/uploads\/2025\/10\/mada1-1FVbZk.jpg","contentUrl":"https:\/\/deputadotaveirajr.com.br\/wp-content\/uploads\/2025\/10\/mada1-1FVbZk.jpg","width":1280,"height":720},{"@type":"BreadcrumbList","@id":"https:\/\/deputadotaveirajr.com.br\/index.php\/veja-como-foi-a-primeira-noite-do-mada-2025\/#breadcrumb","itemListElement":[{"@type":"ListItem","position":1,"name":"In\u00edcio","item":"https:\/\/deputadotaveirajr.com.br\/"},{"@type":"ListItem","position":2,"name":"Veja como foi a primeira noite do Mada 2025"}]},{"@type":"WebSite","@id":"https:\/\/deputadotaveirajr.com.br\/#website","url":"https:\/\/deputadotaveirajr.com.br\/","name":"Taveira Jr","description":"Deputado Estadual","publisher":{"@id":"https:\/\/deputadotaveirajr.com.br\/#organization"},"potentialAction":[{"@type":"SearchAction","target":{"@type":"EntryPoint","urlTemplate":"https:\/\/deputadotaveirajr.com.br\/?s={search_term_string}"},"query-input":{"@type":"PropertyValueSpecification","valueRequired":true,"valueName":"search_term_string"}}],"inLanguage":"pt-BR"},{"@type":"Organization","@id":"https:\/\/deputadotaveirajr.com.br\/#organization","name":"Taveira Jr","url":"https:\/\/deputadotaveirajr.com.br\/","logo":{"@type":"ImageObject","inLanguage":"pt-BR","@id":"https:\/\/deputadotaveirajr.com.br\/#\/schema\/logo\/image\/","url":"https:\/\/deputadotaveirajr.com.br\/wp-content\/uploads\/2026\/01\/logolow2a.png","contentUrl":"https:\/\/deputadotaveirajr.com.br\/wp-content\/uploads\/2026\/01\/logolow2a.png","width":290,"height":80,"caption":"Taveira Jr"},"image":{"@id":"https:\/\/deputadotaveirajr.com.br\/#\/schema\/logo\/image\/"}}]}},"_links":{"self":[{"href":"https:\/\/deputadotaveirajr.com.br\/index.php\/wp-json\/wp\/v2\/pages\/14322","targetHints":{"allow":["GET"]}}],"collection":[{"href":"https:\/\/deputadotaveirajr.com.br\/index.php\/wp-json\/wp\/v2\/pages"}],"about":[{"href":"https:\/\/deputadotaveirajr.com.br\/index.php\/wp-json\/wp\/v2\/types\/page"}],"replies":[{"embeddable":true,"href":"https:\/\/deputadotaveirajr.com.br\/index.php\/wp-json\/wp\/v2\/comments?post=14322"}],"version-history":[{"count":0,"href":"https:\/\/deputadotaveirajr.com.br\/index.php\/wp-json\/wp\/v2\/pages\/14322\/revisions"}],"wp:featuredmedia":[{"embeddable":true,"href":"https:\/\/deputadotaveirajr.com.br\/index.php\/wp-json\/wp\/v2\/media\/14323"}],"wp:attachment":[{"href":"https:\/\/deputadotaveirajr.com.br\/index.php\/wp-json\/wp\/v2\/media?parent=14322"}],"curies":[{"name":"wp","href":"https:\/\/api.w.org\/{rel}","templated":true}]}}