{"id":14328,"date":"2025-10-21T18:48:22","date_gmt":"2025-10-21T21:48:22","guid":{"rendered":"https:\/\/deputadotaveirajr.com.br\/index.php\/policia-descobre-laboratorio-clandestino-de-anabolizantes-em-natal-suspeito-e-preso\/"},"modified":"2025-10-21T18:48:22","modified_gmt":"2025-10-21T21:48:22","slug":"policia-descobre-laboratorio-clandestino-de-anabolizantes-em-natal-suspeito-e-preso","status":"publish","type":"page","link":"https:\/\/deputadotaveirajr.com.br\/index.php\/policia-descobre-laboratorio-clandestino-de-anabolizantes-em-natal-suspeito-e-preso\/","title":{"rendered":"Pol\u00edcia descobre laborat\u00f3rio clandestino de anabolizantes em Natal; suspeito \u00e9 preso"},"content":{"rendered":"<p><img decoding=\"async\" src=\"https:\/\/s2-g1.glbimg.com\/88LcJd9dInWE3PpeTG3GSSaeVSo=\/i.s3.glbimg.com\/v1\/AUTH_59edd422c0c84a879bd37670ae4f538a\/internal_photos\/bs\/2025\/T\/B\/za6rhrQpaqkEAp7s6Ngw\/whatsapp-image-2025-10-21-at-13.58.25.jpeg\" \/><br \/>     Material apreendido em cl\u00ednica clandestina de anabolizantes em Natal<br \/>\nA Pol\u00edcia Civil encontrou um laborat\u00f3rio clandestino de anabolizantes e medicamentos controlados em Natal em uma opera\u00e7\u00e3o nesta ter\u00e7a-feira (21). Um suspeito, de 33 anos, foi preso em flagrante.<br \/>\nO laborat\u00f3rio ficava no bairro Lagoa Azul, na Zona Norte, e servia, segundo a pol\u00edcia, para produ\u00e7\u00e3o e manipula\u00e7\u00e3o de anabolizantes. No local, foram encontrados frascos, seringas, etiquetas falsificadas, material qu\u00edmico e produtos j\u00e1 prontos para comercializa\u00e7\u00e3o<br \/>\n\ud83d\udcf3 Clique aqui para seguir o canal do g1 RN no WhatsApp<br \/>\nDe acordo com a Pol\u00edcia Cvil, o laborat\u00f3rio era utilizado para manipular, embalar, etiquetar e vender subst\u00e2ncias &#8220;que deveriam ser de uso estritamente m\u00e9dico, com controle especial, mas que estavam sendo vendidas de forma indiscriminada&#8221;.<br \/>\nAnabolizantes e medicamentos controlados foram apreendidos pela pol\u00edcia<br \/>\nDivulga\u00e7\u00e3o\/Pol\u00edcia Civil<br \/>\nA pol\u00edcia informou que os produtos eram vendidos em academias, redes sociais e at\u00e9 na pr\u00f3pria resid\u00eancia do suspeito, &#8220;onde ele aplicava os produtos em terceiros&#8221;.<br \/>\nAs investiga\u00e7\u00f5es da Delegacia Especializada em Narc\u00f3ticos de Natal (Denarc) come\u00e7aram h\u00e1 cerca de dois meses, ap\u00f3s uma den\u00fancia an\u00f4nima.<br \/>\nA investiga\u00e7\u00e3o revelou que o suspeito n\u00e3o apenas revendia anabolizantes, mas atuava na produ\u00e7\u00e3o e distribui\u00e7\u00e3o de medicamentos adulterados. Segundo a pol\u00edcia, ele criou a pr\u00f3pria marca e comercializava em escala nacional.<br \/>\nA Opera\u00e7\u00e3o &#8220;Atrofia&#8221; foi realizada pela Divis\u00e3o Especializada em Investiga\u00e7\u00e3o e Combate ao Crime Organizado (DEICOR) por interm\u00e9dio da Denarc.<br \/>\n&#8220;Em um contexto nacional onde j\u00e1 se registram mortes em decorr\u00eancia do consumo de subst\u00e2ncias adulteradas, o caso refor\u00e7a a import\u00e2ncia do combate ao tr\u00e1fico de medicamentos e a conscientiza\u00e7\u00e3o da popula\u00e7\u00e3o sobre os riscos do uso de anabolizantes fora de controle m\u00e9dico&#8221;, citou a Pol\u00edcia Civil.<br \/>\nV\u00eddeos mais assistidos do g1 RN<\/p>","protected":false},"excerpt":{"rendered":"<p>Material apreendido em cl\u00ednica clandestina de anabolizantes em Natal A Pol\u00edcia Civil encontrou um laborat\u00f3rio clandestino de anabolizantes e medicamentos controlados em Natal em uma opera\u00e7\u00e3o nesta ter\u00e7a-feira (21). Um &#8230;<\/p>\n","protected":false},"author":0,"featured_media":14329,"parent":0,"menu_order":0,"comment_status":"closed","ping_status":"closed","template":"","meta":{"footnotes":""},"class_list":["post-14328","page","type-page","status-publish","has-post-thumbnail","hentry"],"yoast_head":"<!-- This site is optimized with the Yoast SEO plugin v27.1.1 - https:\/\/yoast.com\/product\/yoast-seo-wordpress\/ -->\n<title>Pol\u00edcia descobre laborat\u00f3rio clandestino de anabolizantes em Natal; suspeito \u00e9 preso - Taveira Jr<\/title>\n<meta name=\"robots\" content=\"index, follow, max-snippet:-1, max-image-preview:large, max-video-preview:-1\" \/>\n<link rel=\"canonical\" href=\"https:\/\/deputadotaveirajr.com.br\/index.php\/policia-descobre-laboratorio-clandestino-de-anabolizantes-em-natal-suspeito-e-preso\/\" \/>\n<meta property=\"og:locale\" content=\"pt_BR\" \/>\n<meta property=\"og:type\" content=\"article\" \/>\n<meta property=\"og:title\" content=\"Pol\u00edcia descobre laborat\u00f3rio clandestino de anabolizantes em Natal; suspeito \u00e9 preso - Taveira Jr\" \/>\n<meta property=\"og:description\" content=\"Material apreendido em cl\u00ednica clandestina de anabolizantes em Natal A Pol\u00edcia Civil encontrou um laborat\u00f3rio clandestino de anabolizantes e medicamentos controlados em Natal em uma opera\u00e7\u00e3o nesta ter\u00e7a-feira (21). Um ...\" \/>\n<meta property=\"og:url\" content=\"https:\/\/deputadotaveirajr.com.br\/index.php\/policia-descobre-laboratorio-clandestino-de-anabolizantes-em-natal-suspeito-e-preso\/\" \/>\n<meta property=\"og:site_name\" content=\"Taveira Jr\" \/>\n<meta property=\"og:image\" content=\"https:\/\/s2-g1.glbimg.com\/88LcJd9dInWE3PpeTG3GSSaeVSo=\/i.s3.glbimg.com\/v1\/AUTH_59edd422c0c84a879bd37670ae4f538a\/internal_photos\/bs\/2025\/T\/B\/za6rhrQpaqkEAp7s6Ngw\/whatsapp-image-2025-10-21-at-13.58.25.jpeg\" \/>\n<meta name=\"twitter:card\" content=\"summary_large_image\" \/>\n<meta name=\"twitter:label1\" content=\"Est. tempo de leitura\" \/>\n\t<meta name=\"twitter:data1\" content=\"2 minutos\" \/>\n<script type=\"application\/ld+json\" class=\"yoast-schema-graph\">{\"@context\":\"https:\/\/schema.org\",\"@graph\":[{\"@type\":\"WebPage\",\"@id\":\"https:\/\/deputadotaveirajr.com.br\/index.php\/policia-descobre-laboratorio-clandestino-de-anabolizantes-em-natal-suspeito-e-preso\/\",\"url\":\"https:\/\/deputadotaveirajr.com.br\/index.php\/policia-descobre-laboratorio-clandestino-de-anabolizantes-em-natal-suspeito-e-preso\/\",\"name\":\"Pol\u00edcia descobre laborat\u00f3rio clandestino de anabolizantes em Natal; suspeito \u00e9 preso - Taveira Jr\",\"isPartOf\":{\"@id\":\"https:\/\/deputadotaveirajr.com.br\/#website\"},\"primaryImageOfPage\":{\"@id\":\"https:\/\/deputadotaveirajr.com.br\/index.php\/policia-descobre-laboratorio-clandestino-de-anabolizantes-em-natal-suspeito-e-preso\/#primaryimage\"},\"image\":{\"@id\":\"https:\/\/deputadotaveirajr.com.br\/index.php\/policia-descobre-laboratorio-clandestino-de-anabolizantes-em-natal-suspeito-e-preso\/#primaryimage\"},\"thumbnailUrl\":\"https:\/\/deputadotaveirajr.com.br\/wp-content\/uploads\/2025\/10\/whatsapp-image-2025-10-21-at-13.58.25-CIhBqx.jpg\",\"datePublished\":\"2025-10-21T21:48:22+00:00\",\"breadcrumb\":{\"@id\":\"https:\/\/deputadotaveirajr.com.br\/index.php\/policia-descobre-laboratorio-clandestino-de-anabolizantes-em-natal-suspeito-e-preso\/#breadcrumb\"},\"inLanguage\":\"pt-BR\",\"potentialAction\":[{\"@type\":\"ReadAction\",\"target\":[\"https:\/\/deputadotaveirajr.com.br\/index.php\/policia-descobre-laboratorio-clandestino-de-anabolizantes-em-natal-suspeito-e-preso\/\"]}]},{\"@type\":\"ImageObject\",\"inLanguage\":\"pt-BR\",\"@id\":\"https:\/\/deputadotaveirajr.com.br\/index.php\/policia-descobre-laboratorio-clandestino-de-anabolizantes-em-natal-suspeito-e-preso\/#primaryimage\",\"url\":\"https:\/\/deputadotaveirajr.com.br\/wp-content\/uploads\/2025\/10\/whatsapp-image-2025-10-21-at-13.58.25-CIhBqx.jpg\",\"contentUrl\":\"https:\/\/deputadotaveirajr.com.br\/wp-content\/uploads\/2025\/10\/whatsapp-image-2025-10-21-at-13.58.25-CIhBqx.jpg\",\"width\":1280,\"height\":960},{\"@type\":\"BreadcrumbList\",\"@id\":\"https:\/\/deputadotaveirajr.com.br\/index.php\/policia-descobre-laboratorio-clandestino-de-anabolizantes-em-natal-suspeito-e-preso\/#breadcrumb\",\"itemListElement\":[{\"@type\":\"ListItem\",\"position\":1,\"name\":\"In\u00edcio\",\"item\":\"https:\/\/deputadotaveirajr.com.br\/\"},{\"@type\":\"ListItem\",\"position\":2,\"name\":\"Pol\u00edcia descobre laborat\u00f3rio clandestino de anabolizantes em Natal; suspeito \u00e9 preso\"}]},{\"@type\":\"WebSite\",\"@id\":\"https:\/\/deputadotaveirajr.com.br\/#website\",\"url\":\"https:\/\/deputadotaveirajr.com.br\/\",\"name\":\"Taveira Jr\",\"description\":\"Deputado Estadual\",\"publisher\":{\"@id\":\"https:\/\/deputadotaveirajr.com.br\/#organization\"},\"potentialAction\":[{\"@type\":\"SearchAction\",\"target\":{\"@type\":\"EntryPoint\",\"urlTemplate\":\"https:\/\/deputadotaveirajr.com.br\/?s={search_term_string}\"},\"query-input\":{\"@type\":\"PropertyValueSpecification\",\"valueRequired\":true,\"valueName\":\"search_term_string\"}}],\"inLanguage\":\"pt-BR\"},{\"@type\":\"Organization\",\"@id\":\"https:\/\/deputadotaveirajr.com.br\/#organization\",\"name\":\"Taveira Jr\",\"url\":\"https:\/\/deputadotaveirajr.com.br\/\",\"logo\":{\"@type\":\"ImageObject\",\"inLanguage\":\"pt-BR\",\"@id\":\"https:\/\/deputadotaveirajr.com.br\/#\/schema\/logo\/image\/\",\"url\":\"https:\/\/deputadotaveirajr.com.br\/wp-content\/uploads\/2026\/01\/logolow2a.png\",\"contentUrl\":\"https:\/\/deputadotaveirajr.com.br\/wp-content\/uploads\/2026\/01\/logolow2a.png\",\"width\":290,\"height\":80,\"caption\":\"Taveira Jr\"},\"image\":{\"@id\":\"https:\/\/deputadotaveirajr.com.br\/#\/schema\/logo\/image\/\"}}]}<\/script>\n<!-- \/ Yoast SEO plugin. -->","yoast_head_json":{"title":"Pol\u00edcia descobre laborat\u00f3rio clandestino de anabolizantes em Natal; suspeito \u00e9 preso - Taveira Jr","robots":{"index":"index","follow":"follow","max-snippet":"max-snippet:-1","max-image-preview":"max-image-preview:large","max-video-preview":"max-video-preview:-1"},"canonical":"https:\/\/deputadotaveirajr.com.br\/index.php\/policia-descobre-laboratorio-clandestino-de-anabolizantes-em-natal-suspeito-e-preso\/","og_locale":"pt_BR","og_type":"article","og_title":"Pol\u00edcia descobre laborat\u00f3rio clandestino de anabolizantes em Natal; suspeito \u00e9 preso - Taveira Jr","og_description":"Material apreendido em cl\u00ednica clandestina de anabolizantes em Natal A Pol\u00edcia Civil encontrou um laborat\u00f3rio clandestino de anabolizantes e medicamentos controlados em Natal em uma opera\u00e7\u00e3o nesta ter\u00e7a-feira (21). Um ...","og_url":"https:\/\/deputadotaveirajr.com.br\/index.php\/policia-descobre-laboratorio-clandestino-de-anabolizantes-em-natal-suspeito-e-preso\/","og_site_name":"Taveira Jr","og_image":[{"url":"https:\/\/s2-g1.glbimg.com\/88LcJd9dInWE3PpeTG3GSSaeVSo=\/i.s3.glbimg.com\/v1\/AUTH_59edd422c0c84a879bd37670ae4f538a\/internal_photos\/bs\/2025\/T\/B\/za6rhrQpaqkEAp7s6Ngw\/whatsapp-image-2025-10-21-at-13.58.25.jpeg","type":"","width":"","height":""}],"twitter_card":"summary_large_image","twitter_misc":{"Est. tempo de leitura":"2 minutos"},"schema":{"@context":"https:\/\/schema.org","@graph":[{"@type":"WebPage","@id":"https:\/\/deputadotaveirajr.com.br\/index.php\/policia-descobre-laboratorio-clandestino-de-anabolizantes-em-natal-suspeito-e-preso\/","url":"https:\/\/deputadotaveirajr.com.br\/index.php\/policia-descobre-laboratorio-clandestino-de-anabolizantes-em-natal-suspeito-e-preso\/","name":"Pol\u00edcia descobre laborat\u00f3rio clandestino de anabolizantes em Natal; suspeito \u00e9 preso - Taveira Jr","isPartOf":{"@id":"https:\/\/deputadotaveirajr.com.br\/#website"},"primaryImageOfPage":{"@id":"https:\/\/deputadotaveirajr.com.br\/index.php\/policia-descobre-laboratorio-clandestino-de-anabolizantes-em-natal-suspeito-e-preso\/#primaryimage"},"image":{"@id":"https:\/\/deputadotaveirajr.com.br\/index.php\/policia-descobre-laboratorio-clandestino-de-anabolizantes-em-natal-suspeito-e-preso\/#primaryimage"},"thumbnailUrl":"https:\/\/deputadotaveirajr.com.br\/wp-content\/uploads\/2025\/10\/whatsapp-image-2025-10-21-at-13.58.25-CIhBqx.jpg","datePublished":"2025-10-21T21:48:22+00:00","breadcrumb":{"@id":"https:\/\/deputadotaveirajr.com.br\/index.php\/policia-descobre-laboratorio-clandestino-de-anabolizantes-em-natal-suspeito-e-preso\/#breadcrumb"},"inLanguage":"pt-BR","potentialAction":[{"@type":"ReadAction","target":["https:\/\/deputadotaveirajr.com.br\/index.php\/policia-descobre-laboratorio-clandestino-de-anabolizantes-em-natal-suspeito-e-preso\/"]}]},{"@type":"ImageObject","inLanguage":"pt-BR","@id":"https:\/\/deputadotaveirajr.com.br\/index.php\/policia-descobre-laboratorio-clandestino-de-anabolizantes-em-natal-suspeito-e-preso\/#primaryimage","url":"https:\/\/deputadotaveirajr.com.br\/wp-content\/uploads\/2025\/10\/whatsapp-image-2025-10-21-at-13.58.25-CIhBqx.jpg","contentUrl":"https:\/\/deputadotaveirajr.com.br\/wp-content\/uploads\/2025\/10\/whatsapp-image-2025-10-21-at-13.58.25-CIhBqx.jpg","width":1280,"height":960},{"@type":"BreadcrumbList","@id":"https:\/\/deputadotaveirajr.com.br\/index.php\/policia-descobre-laboratorio-clandestino-de-anabolizantes-em-natal-suspeito-e-preso\/#breadcrumb","itemListElement":[{"@type":"ListItem","position":1,"name":"In\u00edcio","item":"https:\/\/deputadotaveirajr.com.br\/"},{"@type":"ListItem","position":2,"name":"Pol\u00edcia descobre laborat\u00f3rio clandestino de anabolizantes em Natal; suspeito \u00e9 preso"}]},{"@type":"WebSite","@id":"https:\/\/deputadotaveirajr.com.br\/#website","url":"https:\/\/deputadotaveirajr.com.br\/","name":"Taveira Jr","description":"Deputado Estadual","publisher":{"@id":"https:\/\/deputadotaveirajr.com.br\/#organization"},"potentialAction":[{"@type":"SearchAction","target":{"@type":"EntryPoint","urlTemplate":"https:\/\/deputadotaveirajr.com.br\/?s={search_term_string}"},"query-input":{"@type":"PropertyValueSpecification","valueRequired":true,"valueName":"search_term_string"}}],"inLanguage":"pt-BR"},{"@type":"Organization","@id":"https:\/\/deputadotaveirajr.com.br\/#organization","name":"Taveira Jr","url":"https:\/\/deputadotaveirajr.com.br\/","logo":{"@type":"ImageObject","inLanguage":"pt-BR","@id":"https:\/\/deputadotaveirajr.com.br\/#\/schema\/logo\/image\/","url":"https:\/\/deputadotaveirajr.com.br\/wp-content\/uploads\/2026\/01\/logolow2a.png","contentUrl":"https:\/\/deputadotaveirajr.com.br\/wp-content\/uploads\/2026\/01\/logolow2a.png","width":290,"height":80,"caption":"Taveira Jr"},"image":{"@id":"https:\/\/deputadotaveirajr.com.br\/#\/schema\/logo\/image\/"}}]}},"_links":{"self":[{"href":"https:\/\/deputadotaveirajr.com.br\/index.php\/wp-json\/wp\/v2\/pages\/14328","targetHints":{"allow":["GET"]}}],"collection":[{"href":"https:\/\/deputadotaveirajr.com.br\/index.php\/wp-json\/wp\/v2\/pages"}],"about":[{"href":"https:\/\/deputadotaveirajr.com.br\/index.php\/wp-json\/wp\/v2\/types\/page"}],"replies":[{"embeddable":true,"href":"https:\/\/deputadotaveirajr.com.br\/index.php\/wp-json\/wp\/v2\/comments?post=14328"}],"version-history":[{"count":0,"href":"https:\/\/deputadotaveirajr.com.br\/index.php\/wp-json\/wp\/v2\/pages\/14328\/revisions"}],"wp:featuredmedia":[{"embeddable":true,"href":"https:\/\/deputadotaveirajr.com.br\/index.php\/wp-json\/wp\/v2\/media\/14329"}],"wp:attachment":[{"href":"https:\/\/deputadotaveirajr.com.br\/index.php\/wp-json\/wp\/v2\/media?parent=14328"}],"curies":[{"name":"wp","href":"https:\/\/api.w.org\/{rel}","templated":true}]}}