{"id":14330,"date":"2025-10-21T16:51:04","date_gmt":"2025-10-21T19:51:04","guid":{"rendered":"https:\/\/deputadotaveirajr.com.br\/index.php\/falso-promotor-homem-que-se-passava-por-integrante-do-mp-em-rede-social-deve-ter-perfil-excluido-determina-justica\/"},"modified":"2025-10-21T16:51:04","modified_gmt":"2025-10-21T19:51:04","slug":"falso-promotor-homem-que-se-passava-por-integrante-do-mp-em-rede-social-deve-ter-perfil-excluido-determina-justica","status":"publish","type":"page","link":"https:\/\/deputadotaveirajr.com.br\/index.php\/falso-promotor-homem-que-se-passava-por-integrante-do-mp-em-rede-social-deve-ter-perfil-excluido-determina-justica\/","title":{"rendered":"Falso promotor: Homem que se passava por integrante do MP em rede social deve ter perfil exclu\u00eddo, determina Justi\u00e7a"},"content":{"rendered":"<p><img decoding=\"async\" src=\"https:\/\/s2-g1.glbimg.com\/oARAoCPD28pyBRkSPT8KjDbuEtI=\/i.s3.glbimg.com\/v1\/AUTH_59edd422c0c84a879bd37670ae4f538a\/internal_photos\/bs\/2022\/H\/n\/0XehJuRXKkjI1Ugw7J0g\/whatsapp-image-2022-02-03-at-16.44.39.jpeg\" \/><br \/>     Pr\u00e9dio fachada sede do Tribunal de Justi\u00e7a do Rio Grande do Norte RN TJRN<br \/>\nS\u00e9rgio Henrique Santos\/Inter TV Cabugi<br \/>\nA Justi\u00e7a determinou que o Instagram remova, de forma imediata, um perfil falso de um homem que se passava por integrante do Minist\u00e9rio P\u00fablico do Rio Grande do Norte, como um falso promotor. A pena prevista em caso de descumprimento \u00e9 de R$ 5 mil.<br \/>\nA decis\u00e3o \u00e9 do juiz Jos\u00e9 Ronivon Beija-Mim de Lima, da Vara \u00danica da Comarca de Monte Alegre, e tamb\u00e9m pro\u00edbe o homem, que n\u00e3o teve a identidade revelada, de criar novas contas que se identifiquem de maneira falsa como integrante do MPRN, sob pena de multa de R$ 10 mil por cada nova cria\u00e7\u00e3o.<br \/>\n\ud83d\udcf3 Clique aqui para seguir o canal do g1 RN no WhatsApp<br \/>\nA a\u00e7\u00e3o foi movida pelo pr\u00f3prio MPRN. Segundo o Tribunal de Justi\u00e7a do RN (TJRN), o perfil em quest\u00e3o utilizava a identidade de um suposto promotor de Justi\u00e7a, al\u00e9m de fazer refer\u00eancia ao pr\u00f3prio TJRN, podendo induzir terceiros ao erro e comprometer a imagem institucional dos \u00f3rg\u00e3os.<br \/>\nO trabalho de apura\u00e7\u00e3o para identifica\u00e7\u00e3o do homem, segundo o TJRN, ocorreu por meio de an\u00e1lises t\u00e9cnicas e requisi\u00e7\u00f5es a empresas de telefonia e provedores de internet que, a partir disso, permitiram vincular a cria\u00e7\u00e3o do perfil ao acusado.<br \/>\nVeja os v\u00eddeos que est\u00e3o em alta no g1<br \/>\nDe acordo com o TJRN, o r\u00e9u ainda possu\u00eda uma outra p\u00e1gina na qual publicava conte\u00fados ofensivos, de cunho mis\u00f3gino e com potencial de afetar a credibilidade das institui\u00e7\u00f5es.<br \/>\n\u201cDe acordo com o Minist\u00e9rio P\u00fablico, al\u00e9m da indevida apropria\u00e7\u00e3o de identidade funcional, o perfil \u00e9 utilizado para publica\u00e7\u00f5es ofensivas e coment\u00e1rios de cunho mis\u00f3gino, os quais podem gerar descr\u00e9dito \u00e0 imagem institucional do MPRN&#8221;, citou na decis\u00e3o o magistrado,<br \/>\n&#8220;Ressaltou, ainda, que o requerido j\u00e1 esteve envolvido em outras condutas an\u00e1logas, sendo apontado como propriet\u00e1rio de outra p\u00e1gina, uma das principais plataformas dedicadas \u00e0 dissemina\u00e7\u00e3o de fake news e ataques \u00e0 reputa\u00e7\u00e3o de membros do MPRN e de agentes p\u00fablicos\u201d, completou.<br \/>\n&#8216;Escudo para pr\u00e1ticas criminosas&#8217;<br \/>\nNa decis\u00e3o, o juiz citou que a liberdade de express\u00e3o \u00e9 um direito fundamental assegurado pela Constitui\u00e7\u00e3o Federal, mas que n\u00e3o deve ser utilizada como escudo para a pr\u00e1tica de il\u00edcitos ou para a difus\u00e3o de ataques a institui\u00e7\u00f5es p\u00fablicas.<br \/>\n\u201cTodavia, a liberdade de express\u00e3o n\u00e3o pode ser invocada como subterf\u00fagio para a pr\u00e1tica de crimes ou para a difus\u00e3o de ataques a institui\u00e7\u00f5es, sobretudo quando o agente se vale de perfil falso para tanto&#8221;, citou.<br \/>\n&#8220;Tal conduta demonstra que a inten\u00e7\u00e3o n\u00e3o \u00e9 promover reflex\u00f5es ou compartilhar opini\u00f5es de forma respeitosa e racional, mas sim utilizar o anonimato como escudo para mascarar pr\u00e1ticas criminosas\u201d, completou.<br \/>\nV\u00eddeos mais assistidos do g1 RN<\/p>","protected":false},"excerpt":{"rendered":"<p>Pr\u00e9dio fachada sede do Tribunal de Justi\u00e7a do Rio Grande do Norte RN TJRN S\u00e9rgio Henrique Santos\/Inter TV Cabugi A Justi\u00e7a determinou que o Instagram remova, de forma imediata, um &#8230;<\/p>\n","protected":false},"author":0,"featured_media":14331,"parent":0,"menu_order":0,"comment_status":"closed","ping_status":"closed","template":"","meta":{"footnotes":""},"class_list":["post-14330","page","type-page","status-publish","has-post-thumbnail","hentry"],"yoast_head":"<!-- This site is optimized with the Yoast SEO plugin v27.1.1 - https:\/\/yoast.com\/product\/yoast-seo-wordpress\/ -->\n<title>Falso promotor: Homem que se passava por integrante do MP em rede social deve ter perfil exclu\u00eddo, determina Justi\u00e7a - Taveira Jr<\/title>\n<meta name=\"robots\" content=\"index, follow, max-snippet:-1, max-image-preview:large, max-video-preview:-1\" \/>\n<link rel=\"canonical\" href=\"https:\/\/deputadotaveirajr.com.br\/index.php\/falso-promotor-homem-que-se-passava-por-integrante-do-mp-em-rede-social-deve-ter-perfil-excluido-determina-justica\/\" \/>\n<meta property=\"og:locale\" content=\"pt_BR\" \/>\n<meta property=\"og:type\" content=\"article\" \/>\n<meta property=\"og:title\" content=\"Falso promotor: Homem que se passava por integrante do MP em rede social deve ter perfil exclu\u00eddo, determina Justi\u00e7a - Taveira Jr\" \/>\n<meta property=\"og:description\" content=\"Pr\u00e9dio fachada sede do Tribunal de Justi\u00e7a do Rio Grande do Norte RN TJRN S\u00e9rgio Henrique Santos\/Inter TV Cabugi A Justi\u00e7a determinou que o Instagram remova, de forma imediata, um ...\" \/>\n<meta property=\"og:url\" content=\"https:\/\/deputadotaveirajr.com.br\/index.php\/falso-promotor-homem-que-se-passava-por-integrante-do-mp-em-rede-social-deve-ter-perfil-excluido-determina-justica\/\" \/>\n<meta property=\"og:site_name\" content=\"Taveira Jr\" \/>\n<meta property=\"og:image\" content=\"https:\/\/s2-g1.glbimg.com\/oARAoCPD28pyBRkSPT8KjDbuEtI=\/i.s3.glbimg.com\/v1\/AUTH_59edd422c0c84a879bd37670ae4f538a\/internal_photos\/bs\/2022\/H\/n\/0XehJuRXKkjI1Ugw7J0g\/whatsapp-image-2022-02-03-at-16.44.39.jpeg\" \/>\n<meta name=\"twitter:card\" content=\"summary_large_image\" \/>\n<meta name=\"twitter:label1\" content=\"Est. tempo de leitura\" \/>\n\t<meta name=\"twitter:data1\" content=\"3 minutos\" \/>\n<script type=\"application\/ld+json\" class=\"yoast-schema-graph\">{\"@context\":\"https:\/\/schema.org\",\"@graph\":[{\"@type\":\"WebPage\",\"@id\":\"https:\/\/deputadotaveirajr.com.br\/index.php\/falso-promotor-homem-que-se-passava-por-integrante-do-mp-em-rede-social-deve-ter-perfil-excluido-determina-justica\/\",\"url\":\"https:\/\/deputadotaveirajr.com.br\/index.php\/falso-promotor-homem-que-se-passava-por-integrante-do-mp-em-rede-social-deve-ter-perfil-excluido-determina-justica\/\",\"name\":\"Falso promotor: Homem que se passava por integrante do MP em rede social deve ter perfil exclu\u00eddo, determina Justi\u00e7a - Taveira Jr\",\"isPartOf\":{\"@id\":\"https:\/\/deputadotaveirajr.com.br\/#website\"},\"primaryImageOfPage\":{\"@id\":\"https:\/\/deputadotaveirajr.com.br\/index.php\/falso-promotor-homem-que-se-passava-por-integrante-do-mp-em-rede-social-deve-ter-perfil-excluido-determina-justica\/#primaryimage\"},\"image\":{\"@id\":\"https:\/\/deputadotaveirajr.com.br\/index.php\/falso-promotor-homem-que-se-passava-por-integrante-do-mp-em-rede-social-deve-ter-perfil-excluido-determina-justica\/#primaryimage\"},\"thumbnailUrl\":\"https:\/\/deputadotaveirajr.com.br\/wp-content\/uploads\/2025\/10\/whatsapp-image-2022-02-03-at-16.44.39-39gbU7.jpg\",\"datePublished\":\"2025-10-21T19:51:04+00:00\",\"breadcrumb\":{\"@id\":\"https:\/\/deputadotaveirajr.com.br\/index.php\/falso-promotor-homem-que-se-passava-por-integrante-do-mp-em-rede-social-deve-ter-perfil-excluido-determina-justica\/#breadcrumb\"},\"inLanguage\":\"pt-BR\",\"potentialAction\":[{\"@type\":\"ReadAction\",\"target\":[\"https:\/\/deputadotaveirajr.com.br\/index.php\/falso-promotor-homem-que-se-passava-por-integrante-do-mp-em-rede-social-deve-ter-perfil-excluido-determina-justica\/\"]}]},{\"@type\":\"ImageObject\",\"inLanguage\":\"pt-BR\",\"@id\":\"https:\/\/deputadotaveirajr.com.br\/index.php\/falso-promotor-homem-que-se-passava-por-integrante-do-mp-em-rede-social-deve-ter-perfil-excluido-determina-justica\/#primaryimage\",\"url\":\"https:\/\/deputadotaveirajr.com.br\/wp-content\/uploads\/2025\/10\/whatsapp-image-2022-02-03-at-16.44.39-39gbU7.jpg\",\"contentUrl\":\"https:\/\/deputadotaveirajr.com.br\/wp-content\/uploads\/2025\/10\/whatsapp-image-2022-02-03-at-16.44.39-39gbU7.jpg\",\"width\":1280,\"height\":720},{\"@type\":\"BreadcrumbList\",\"@id\":\"https:\/\/deputadotaveirajr.com.br\/index.php\/falso-promotor-homem-que-se-passava-por-integrante-do-mp-em-rede-social-deve-ter-perfil-excluido-determina-justica\/#breadcrumb\",\"itemListElement\":[{\"@type\":\"ListItem\",\"position\":1,\"name\":\"In\u00edcio\",\"item\":\"https:\/\/deputadotaveirajr.com.br\/\"},{\"@type\":\"ListItem\",\"position\":2,\"name\":\"Falso promotor: Homem que se passava por integrante do MP em rede social deve ter perfil exclu\u00eddo, determina Justi\u00e7a\"}]},{\"@type\":\"WebSite\",\"@id\":\"https:\/\/deputadotaveirajr.com.br\/#website\",\"url\":\"https:\/\/deputadotaveirajr.com.br\/\",\"name\":\"Taveira Jr\",\"description\":\"Deputado Estadual\",\"publisher\":{\"@id\":\"https:\/\/deputadotaveirajr.com.br\/#organization\"},\"potentialAction\":[{\"@type\":\"SearchAction\",\"target\":{\"@type\":\"EntryPoint\",\"urlTemplate\":\"https:\/\/deputadotaveirajr.com.br\/?s={search_term_string}\"},\"query-input\":{\"@type\":\"PropertyValueSpecification\",\"valueRequired\":true,\"valueName\":\"search_term_string\"}}],\"inLanguage\":\"pt-BR\"},{\"@type\":\"Organization\",\"@id\":\"https:\/\/deputadotaveirajr.com.br\/#organization\",\"name\":\"Taveira Jr\",\"url\":\"https:\/\/deputadotaveirajr.com.br\/\",\"logo\":{\"@type\":\"ImageObject\",\"inLanguage\":\"pt-BR\",\"@id\":\"https:\/\/deputadotaveirajr.com.br\/#\/schema\/logo\/image\/\",\"url\":\"https:\/\/deputadotaveirajr.com.br\/wp-content\/uploads\/2026\/01\/logolow2a.png\",\"contentUrl\":\"https:\/\/deputadotaveirajr.com.br\/wp-content\/uploads\/2026\/01\/logolow2a.png\",\"width\":290,\"height\":80,\"caption\":\"Taveira Jr\"},\"image\":{\"@id\":\"https:\/\/deputadotaveirajr.com.br\/#\/schema\/logo\/image\/\"}}]}<\/script>\n<!-- \/ Yoast SEO plugin. -->","yoast_head_json":{"title":"Falso promotor: Homem que se passava por integrante do MP em rede social deve ter perfil exclu\u00eddo, determina Justi\u00e7a - Taveira Jr","robots":{"index":"index","follow":"follow","max-snippet":"max-snippet:-1","max-image-preview":"max-image-preview:large","max-video-preview":"max-video-preview:-1"},"canonical":"https:\/\/deputadotaveirajr.com.br\/index.php\/falso-promotor-homem-que-se-passava-por-integrante-do-mp-em-rede-social-deve-ter-perfil-excluido-determina-justica\/","og_locale":"pt_BR","og_type":"article","og_title":"Falso promotor: Homem que se passava por integrante do MP em rede social deve ter perfil exclu\u00eddo, determina Justi\u00e7a - Taveira Jr","og_description":"Pr\u00e9dio fachada sede do Tribunal de Justi\u00e7a do Rio Grande do Norte RN TJRN S\u00e9rgio Henrique Santos\/Inter TV Cabugi A Justi\u00e7a determinou que o Instagram remova, de forma imediata, um ...","og_url":"https:\/\/deputadotaveirajr.com.br\/index.php\/falso-promotor-homem-que-se-passava-por-integrante-do-mp-em-rede-social-deve-ter-perfil-excluido-determina-justica\/","og_site_name":"Taveira Jr","og_image":[{"url":"https:\/\/s2-g1.glbimg.com\/oARAoCPD28pyBRkSPT8KjDbuEtI=\/i.s3.glbimg.com\/v1\/AUTH_59edd422c0c84a879bd37670ae4f538a\/internal_photos\/bs\/2022\/H\/n\/0XehJuRXKkjI1Ugw7J0g\/whatsapp-image-2022-02-03-at-16.44.39.jpeg","type":"","width":"","height":""}],"twitter_card":"summary_large_image","twitter_misc":{"Est. tempo de leitura":"3 minutos"},"schema":{"@context":"https:\/\/schema.org","@graph":[{"@type":"WebPage","@id":"https:\/\/deputadotaveirajr.com.br\/index.php\/falso-promotor-homem-que-se-passava-por-integrante-do-mp-em-rede-social-deve-ter-perfil-excluido-determina-justica\/","url":"https:\/\/deputadotaveirajr.com.br\/index.php\/falso-promotor-homem-que-se-passava-por-integrante-do-mp-em-rede-social-deve-ter-perfil-excluido-determina-justica\/","name":"Falso promotor: Homem que se passava por integrante do MP em rede social deve ter perfil exclu\u00eddo, determina Justi\u00e7a - Taveira Jr","isPartOf":{"@id":"https:\/\/deputadotaveirajr.com.br\/#website"},"primaryImageOfPage":{"@id":"https:\/\/deputadotaveirajr.com.br\/index.php\/falso-promotor-homem-que-se-passava-por-integrante-do-mp-em-rede-social-deve-ter-perfil-excluido-determina-justica\/#primaryimage"},"image":{"@id":"https:\/\/deputadotaveirajr.com.br\/index.php\/falso-promotor-homem-que-se-passava-por-integrante-do-mp-em-rede-social-deve-ter-perfil-excluido-determina-justica\/#primaryimage"},"thumbnailUrl":"https:\/\/deputadotaveirajr.com.br\/wp-content\/uploads\/2025\/10\/whatsapp-image-2022-02-03-at-16.44.39-39gbU7.jpg","datePublished":"2025-10-21T19:51:04+00:00","breadcrumb":{"@id":"https:\/\/deputadotaveirajr.com.br\/index.php\/falso-promotor-homem-que-se-passava-por-integrante-do-mp-em-rede-social-deve-ter-perfil-excluido-determina-justica\/#breadcrumb"},"inLanguage":"pt-BR","potentialAction":[{"@type":"ReadAction","target":["https:\/\/deputadotaveirajr.com.br\/index.php\/falso-promotor-homem-que-se-passava-por-integrante-do-mp-em-rede-social-deve-ter-perfil-excluido-determina-justica\/"]}]},{"@type":"ImageObject","inLanguage":"pt-BR","@id":"https:\/\/deputadotaveirajr.com.br\/index.php\/falso-promotor-homem-que-se-passava-por-integrante-do-mp-em-rede-social-deve-ter-perfil-excluido-determina-justica\/#primaryimage","url":"https:\/\/deputadotaveirajr.com.br\/wp-content\/uploads\/2025\/10\/whatsapp-image-2022-02-03-at-16.44.39-39gbU7.jpg","contentUrl":"https:\/\/deputadotaveirajr.com.br\/wp-content\/uploads\/2025\/10\/whatsapp-image-2022-02-03-at-16.44.39-39gbU7.jpg","width":1280,"height":720},{"@type":"BreadcrumbList","@id":"https:\/\/deputadotaveirajr.com.br\/index.php\/falso-promotor-homem-que-se-passava-por-integrante-do-mp-em-rede-social-deve-ter-perfil-excluido-determina-justica\/#breadcrumb","itemListElement":[{"@type":"ListItem","position":1,"name":"In\u00edcio","item":"https:\/\/deputadotaveirajr.com.br\/"},{"@type":"ListItem","position":2,"name":"Falso promotor: Homem que se passava por integrante do MP em rede social deve ter perfil exclu\u00eddo, determina Justi\u00e7a"}]},{"@type":"WebSite","@id":"https:\/\/deputadotaveirajr.com.br\/#website","url":"https:\/\/deputadotaveirajr.com.br\/","name":"Taveira Jr","description":"Deputado Estadual","publisher":{"@id":"https:\/\/deputadotaveirajr.com.br\/#organization"},"potentialAction":[{"@type":"SearchAction","target":{"@type":"EntryPoint","urlTemplate":"https:\/\/deputadotaveirajr.com.br\/?s={search_term_string}"},"query-input":{"@type":"PropertyValueSpecification","valueRequired":true,"valueName":"search_term_string"}}],"inLanguage":"pt-BR"},{"@type":"Organization","@id":"https:\/\/deputadotaveirajr.com.br\/#organization","name":"Taveira Jr","url":"https:\/\/deputadotaveirajr.com.br\/","logo":{"@type":"ImageObject","inLanguage":"pt-BR","@id":"https:\/\/deputadotaveirajr.com.br\/#\/schema\/logo\/image\/","url":"https:\/\/deputadotaveirajr.com.br\/wp-content\/uploads\/2026\/01\/logolow2a.png","contentUrl":"https:\/\/deputadotaveirajr.com.br\/wp-content\/uploads\/2026\/01\/logolow2a.png","width":290,"height":80,"caption":"Taveira Jr"},"image":{"@id":"https:\/\/deputadotaveirajr.com.br\/#\/schema\/logo\/image\/"}}]}},"_links":{"self":[{"href":"https:\/\/deputadotaveirajr.com.br\/index.php\/wp-json\/wp\/v2\/pages\/14330","targetHints":{"allow":["GET"]}}],"collection":[{"href":"https:\/\/deputadotaveirajr.com.br\/index.php\/wp-json\/wp\/v2\/pages"}],"about":[{"href":"https:\/\/deputadotaveirajr.com.br\/index.php\/wp-json\/wp\/v2\/types\/page"}],"replies":[{"embeddable":true,"href":"https:\/\/deputadotaveirajr.com.br\/index.php\/wp-json\/wp\/v2\/comments?post=14330"}],"version-history":[{"count":0,"href":"https:\/\/deputadotaveirajr.com.br\/index.php\/wp-json\/wp\/v2\/pages\/14330\/revisions"}],"wp:featuredmedia":[{"embeddable":true,"href":"https:\/\/deputadotaveirajr.com.br\/index.php\/wp-json\/wp\/v2\/media\/14331"}],"wp:attachment":[{"href":"https:\/\/deputadotaveirajr.com.br\/index.php\/wp-json\/wp\/v2\/media?parent=14330"}],"curies":[{"name":"wp","href":"https:\/\/api.w.org\/{rel}","templated":true}]}}