{"id":14332,"date":"2025-10-21T14:42:46","date_gmt":"2025-10-21T17:42:46","guid":{"rendered":"https:\/\/deputadotaveirajr.com.br\/index.php\/justica-condena-ex-governadora-do-rn-rosalba-ciarlini-por-improbidade-na-construcao-do-hospital-da-mulher\/"},"modified":"2025-10-21T14:42:46","modified_gmt":"2025-10-21T17:42:46","slug":"justica-condena-ex-governadora-do-rn-rosalba-ciarlini-por-improbidade-na-construcao-do-hospital-da-mulher","status":"publish","type":"page","link":"https:\/\/deputadotaveirajr.com.br\/index.php\/justica-condena-ex-governadora-do-rn-rosalba-ciarlini-por-improbidade-na-construcao-do-hospital-da-mulher\/","title":{"rendered":"Justi\u00e7a condena ex-governadora do RN Rosalba Ciarlini por improbidade na constru\u00e7\u00e3o do Hospital da Mulher"},"content":{"rendered":"<p><img decoding=\"async\" src=\"https:\/\/s2-g1.glbimg.com\/W054VQdJGt4L3QZB3oTW8jl_GKI=\/i.s3.glbimg.com\/v1\/AUTH_59edd422c0c84a879bd37670ae4f538a\/internal_photos\/bs\/2022\/Q\/c\/mPPDAmRHS0zvaqB2O5Fg\/hospital-da-mulher-raiane-miranda4.jpg\" \/><br \/>     Confira as not\u00edcias da pol\u00edtica no RN<br \/>\nA Justi\u00e7a do Rio Grande do Norte condenou a ex-governadora Rosalba Ciarlini por improbidade administrativa no caso da constru\u00e7\u00e3o do Hospital da Mulher Parteira Maria Correia, em Mossor\u00f3, no Oeste potiguar.<br \/>\nA decis\u00e3o tamb\u00e9m abrange outras 13 pessoas e oito entidades privadas, de acordo com senten\u00e7a da 3\u00aa Vara da Fazenda P\u00fablica de Natal.<br \/>\n\ud83d\udcf3 Clique aqui para seguir o canal do g1 RN no WhatsApp<br \/>\nA a\u00e7\u00e3o proposta pelo Minist\u00e9rio P\u00fablico do Rio Grande do Norte (MPRN) apontou uma s\u00e9rie de irregularidades na execu\u00e7\u00e3o do projeto do hospital, incluindo fraudes em licita\u00e7\u00f5es, direcionamento contratual, falta de presta\u00e7\u00e3o adequada dos servi\u00e7os e desvio de recursos p\u00fablicos.<br \/>\nEm nota, a defesa de Rosalba Ciarlini informou que vai recorrer da decis\u00e3o e afirmou que, desde o in\u00edcio do processo, ficou demonstrado que a ex-governadora \u201cn\u00e3o participou da gest\u00e3o do Hospital da Mulher, nem manuseou verbas, inexistindo provas de dolo\u201d.<br \/>\nO juiz entendeu que as provas reunidas no processo indicam que Rosalba encabe\u00e7ou a dispensa de licita\u00e7\u00e3o para a constru\u00e7\u00e3o do hospital, o que teria desencadeado as demais irregularidades.<br \/>\nHospital da Mulher Parteira Maria Correia, em Mossor\u00f3<br \/>\nRaiane Miranda<br \/>\nO magistrado tamb\u00e9m destacou que a ent\u00e3o governadora autorizou a libera\u00e7\u00e3o de cerca de R$ 23 milh\u00f5es \u00e0s empresas envolvidas sem que houvesse comprova\u00e7\u00e3o da execu\u00e7\u00e3o dos servi\u00e7os.<br \/>\nCom a condena\u00e7\u00e3o, Rosalba Ciarlini teve os direitos pol\u00edticos suspensos por dez anos e foi condenada a devolver R$ 19 milh\u00f5es aos cofres p\u00fablicos, solidariamente com os demais r\u00e9us.<br \/>\nA ex-governadora tamb\u00e9m dever\u00e1 pagar multa civil de igual valor e ficar\u00e1 proibida de contratar com o poder p\u00fablico por dez anos.<br \/>\nV\u00eddeos mais assistidos do g1 RN<\/p>","protected":false},"excerpt":{"rendered":"<p>Confira as not\u00edcias da pol\u00edtica no RN A Justi\u00e7a do Rio Grande do Norte condenou a ex-governadora Rosalba Ciarlini por improbidade administrativa no caso da constru\u00e7\u00e3o do Hospital da Mulher &#8230;<\/p>\n","protected":false},"author":0,"featured_media":14333,"parent":0,"menu_order":0,"comment_status":"closed","ping_status":"closed","template":"","meta":{"footnotes":""},"class_list":["post-14332","page","type-page","status-publish","has-post-thumbnail","hentry"],"yoast_head":"<!-- This site is optimized with the Yoast SEO plugin v27.1.1 - https:\/\/yoast.com\/product\/yoast-seo-wordpress\/ -->\n<title>Justi\u00e7a condena ex-governadora do RN Rosalba Ciarlini por improbidade na constru\u00e7\u00e3o do Hospital da Mulher - Taveira Jr<\/title>\n<meta name=\"robots\" content=\"index, follow, max-snippet:-1, max-image-preview:large, max-video-preview:-1\" \/>\n<link rel=\"canonical\" href=\"https:\/\/deputadotaveirajr.com.br\/index.php\/justica-condena-ex-governadora-do-rn-rosalba-ciarlini-por-improbidade-na-construcao-do-hospital-da-mulher\/\" \/>\n<meta property=\"og:locale\" content=\"pt_BR\" \/>\n<meta property=\"og:type\" content=\"article\" \/>\n<meta property=\"og:title\" content=\"Justi\u00e7a condena ex-governadora do RN Rosalba Ciarlini por improbidade na constru\u00e7\u00e3o do Hospital da Mulher - Taveira Jr\" \/>\n<meta property=\"og:description\" content=\"Confira as not\u00edcias da pol\u00edtica no RN A Justi\u00e7a do Rio Grande do Norte condenou a ex-governadora Rosalba Ciarlini por improbidade administrativa no caso da constru\u00e7\u00e3o do Hospital da Mulher ...\" \/>\n<meta property=\"og:url\" content=\"https:\/\/deputadotaveirajr.com.br\/index.php\/justica-condena-ex-governadora-do-rn-rosalba-ciarlini-por-improbidade-na-construcao-do-hospital-da-mulher\/\" \/>\n<meta property=\"og:site_name\" content=\"Taveira Jr\" \/>\n<meta property=\"og:image\" content=\"https:\/\/s2-g1.glbimg.com\/W054VQdJGt4L3QZB3oTW8jl_GKI=\/i.s3.glbimg.com\/v1\/AUTH_59edd422c0c84a879bd37670ae4f538a\/internal_photos\/bs\/2022\/Q\/c\/mPPDAmRHS0zvaqB2O5Fg\/hospital-da-mulher-raiane-miranda4.jpg\" \/>\n<meta name=\"twitter:card\" content=\"summary_large_image\" \/>\n<meta name=\"twitter:label1\" content=\"Est. tempo de leitura\" \/>\n\t<meta name=\"twitter:data1\" content=\"2 minutos\" \/>\n<script type=\"application\/ld+json\" class=\"yoast-schema-graph\">{\"@context\":\"https:\/\/schema.org\",\"@graph\":[{\"@type\":\"WebPage\",\"@id\":\"https:\/\/deputadotaveirajr.com.br\/index.php\/justica-condena-ex-governadora-do-rn-rosalba-ciarlini-por-improbidade-na-construcao-do-hospital-da-mulher\/\",\"url\":\"https:\/\/deputadotaveirajr.com.br\/index.php\/justica-condena-ex-governadora-do-rn-rosalba-ciarlini-por-improbidade-na-construcao-do-hospital-da-mulher\/\",\"name\":\"Justi\u00e7a condena ex-governadora do RN Rosalba Ciarlini por improbidade na constru\u00e7\u00e3o do Hospital da Mulher - Taveira Jr\",\"isPartOf\":{\"@id\":\"https:\/\/deputadotaveirajr.com.br\/#website\"},\"primaryImageOfPage\":{\"@id\":\"https:\/\/deputadotaveirajr.com.br\/index.php\/justica-condena-ex-governadora-do-rn-rosalba-ciarlini-por-improbidade-na-construcao-do-hospital-da-mulher\/#primaryimage\"},\"image\":{\"@id\":\"https:\/\/deputadotaveirajr.com.br\/index.php\/justica-condena-ex-governadora-do-rn-rosalba-ciarlini-por-improbidade-na-construcao-do-hospital-da-mulher\/#primaryimage\"},\"thumbnailUrl\":\"https:\/\/deputadotaveirajr.com.br\/wp-content\/uploads\/2025\/10\/hospital-da-mulher-raiane-miranda4-4ZzAS6-scaled.jpg\",\"datePublished\":\"2025-10-21T17:42:46+00:00\",\"breadcrumb\":{\"@id\":\"https:\/\/deputadotaveirajr.com.br\/index.php\/justica-condena-ex-governadora-do-rn-rosalba-ciarlini-por-improbidade-na-construcao-do-hospital-da-mulher\/#breadcrumb\"},\"inLanguage\":\"pt-BR\",\"potentialAction\":[{\"@type\":\"ReadAction\",\"target\":[\"https:\/\/deputadotaveirajr.com.br\/index.php\/justica-condena-ex-governadora-do-rn-rosalba-ciarlini-por-improbidade-na-construcao-do-hospital-da-mulher\/\"]}]},{\"@type\":\"ImageObject\",\"inLanguage\":\"pt-BR\",\"@id\":\"https:\/\/deputadotaveirajr.com.br\/index.php\/justica-condena-ex-governadora-do-rn-rosalba-ciarlini-por-improbidade-na-construcao-do-hospital-da-mulher\/#primaryimage\",\"url\":\"https:\/\/deputadotaveirajr.com.br\/wp-content\/uploads\/2025\/10\/hospital-da-mulher-raiane-miranda4-4ZzAS6-scaled.jpg\",\"contentUrl\":\"https:\/\/deputadotaveirajr.com.br\/wp-content\/uploads\/2025\/10\/hospital-da-mulher-raiane-miranda4-4ZzAS6-scaled.jpg\",\"width\":2560,\"height\":1707},{\"@type\":\"BreadcrumbList\",\"@id\":\"https:\/\/deputadotaveirajr.com.br\/index.php\/justica-condena-ex-governadora-do-rn-rosalba-ciarlini-por-improbidade-na-construcao-do-hospital-da-mulher\/#breadcrumb\",\"itemListElement\":[{\"@type\":\"ListItem\",\"position\":1,\"name\":\"In\u00edcio\",\"item\":\"https:\/\/deputadotaveirajr.com.br\/\"},{\"@type\":\"ListItem\",\"position\":2,\"name\":\"Justi\u00e7a condena ex-governadora do RN Rosalba Ciarlini por improbidade na constru\u00e7\u00e3o do Hospital da Mulher\"}]},{\"@type\":\"WebSite\",\"@id\":\"https:\/\/deputadotaveirajr.com.br\/#website\",\"url\":\"https:\/\/deputadotaveirajr.com.br\/\",\"name\":\"Taveira Jr\",\"description\":\"Deputado Estadual\",\"publisher\":{\"@id\":\"https:\/\/deputadotaveirajr.com.br\/#organization\"},\"potentialAction\":[{\"@type\":\"SearchAction\",\"target\":{\"@type\":\"EntryPoint\",\"urlTemplate\":\"https:\/\/deputadotaveirajr.com.br\/?s={search_term_string}\"},\"query-input\":{\"@type\":\"PropertyValueSpecification\",\"valueRequired\":true,\"valueName\":\"search_term_string\"}}],\"inLanguage\":\"pt-BR\"},{\"@type\":\"Organization\",\"@id\":\"https:\/\/deputadotaveirajr.com.br\/#organization\",\"name\":\"Taveira Jr\",\"url\":\"https:\/\/deputadotaveirajr.com.br\/\",\"logo\":{\"@type\":\"ImageObject\",\"inLanguage\":\"pt-BR\",\"@id\":\"https:\/\/deputadotaveirajr.com.br\/#\/schema\/logo\/image\/\",\"url\":\"https:\/\/deputadotaveirajr.com.br\/wp-content\/uploads\/2026\/01\/logolow2a.png\",\"contentUrl\":\"https:\/\/deputadotaveirajr.com.br\/wp-content\/uploads\/2026\/01\/logolow2a.png\",\"width\":290,\"height\":80,\"caption\":\"Taveira Jr\"},\"image\":{\"@id\":\"https:\/\/deputadotaveirajr.com.br\/#\/schema\/logo\/image\/\"}}]}<\/script>\n<!-- \/ Yoast SEO plugin. -->","yoast_head_json":{"title":"Justi\u00e7a condena ex-governadora do RN Rosalba Ciarlini por improbidade na constru\u00e7\u00e3o do Hospital da Mulher - Taveira Jr","robots":{"index":"index","follow":"follow","max-snippet":"max-snippet:-1","max-image-preview":"max-image-preview:large","max-video-preview":"max-video-preview:-1"},"canonical":"https:\/\/deputadotaveirajr.com.br\/index.php\/justica-condena-ex-governadora-do-rn-rosalba-ciarlini-por-improbidade-na-construcao-do-hospital-da-mulher\/","og_locale":"pt_BR","og_type":"article","og_title":"Justi\u00e7a condena ex-governadora do RN Rosalba Ciarlini por improbidade na constru\u00e7\u00e3o do Hospital da Mulher - Taveira Jr","og_description":"Confira as not\u00edcias da pol\u00edtica no RN A Justi\u00e7a do Rio Grande do Norte condenou a ex-governadora Rosalba Ciarlini por improbidade administrativa no caso da constru\u00e7\u00e3o do Hospital da Mulher ...","og_url":"https:\/\/deputadotaveirajr.com.br\/index.php\/justica-condena-ex-governadora-do-rn-rosalba-ciarlini-por-improbidade-na-construcao-do-hospital-da-mulher\/","og_site_name":"Taveira Jr","og_image":[{"url":"https:\/\/s2-g1.glbimg.com\/W054VQdJGt4L3QZB3oTW8jl_GKI=\/i.s3.glbimg.com\/v1\/AUTH_59edd422c0c84a879bd37670ae4f538a\/internal_photos\/bs\/2022\/Q\/c\/mPPDAmRHS0zvaqB2O5Fg\/hospital-da-mulher-raiane-miranda4.jpg","type":"","width":"","height":""}],"twitter_card":"summary_large_image","twitter_misc":{"Est. tempo de leitura":"2 minutos"},"schema":{"@context":"https:\/\/schema.org","@graph":[{"@type":"WebPage","@id":"https:\/\/deputadotaveirajr.com.br\/index.php\/justica-condena-ex-governadora-do-rn-rosalba-ciarlini-por-improbidade-na-construcao-do-hospital-da-mulher\/","url":"https:\/\/deputadotaveirajr.com.br\/index.php\/justica-condena-ex-governadora-do-rn-rosalba-ciarlini-por-improbidade-na-construcao-do-hospital-da-mulher\/","name":"Justi\u00e7a condena ex-governadora do RN Rosalba Ciarlini por improbidade na constru\u00e7\u00e3o do Hospital da Mulher - Taveira Jr","isPartOf":{"@id":"https:\/\/deputadotaveirajr.com.br\/#website"},"primaryImageOfPage":{"@id":"https:\/\/deputadotaveirajr.com.br\/index.php\/justica-condena-ex-governadora-do-rn-rosalba-ciarlini-por-improbidade-na-construcao-do-hospital-da-mulher\/#primaryimage"},"image":{"@id":"https:\/\/deputadotaveirajr.com.br\/index.php\/justica-condena-ex-governadora-do-rn-rosalba-ciarlini-por-improbidade-na-construcao-do-hospital-da-mulher\/#primaryimage"},"thumbnailUrl":"https:\/\/deputadotaveirajr.com.br\/wp-content\/uploads\/2025\/10\/hospital-da-mulher-raiane-miranda4-4ZzAS6-scaled.jpg","datePublished":"2025-10-21T17:42:46+00:00","breadcrumb":{"@id":"https:\/\/deputadotaveirajr.com.br\/index.php\/justica-condena-ex-governadora-do-rn-rosalba-ciarlini-por-improbidade-na-construcao-do-hospital-da-mulher\/#breadcrumb"},"inLanguage":"pt-BR","potentialAction":[{"@type":"ReadAction","target":["https:\/\/deputadotaveirajr.com.br\/index.php\/justica-condena-ex-governadora-do-rn-rosalba-ciarlini-por-improbidade-na-construcao-do-hospital-da-mulher\/"]}]},{"@type":"ImageObject","inLanguage":"pt-BR","@id":"https:\/\/deputadotaveirajr.com.br\/index.php\/justica-condena-ex-governadora-do-rn-rosalba-ciarlini-por-improbidade-na-construcao-do-hospital-da-mulher\/#primaryimage","url":"https:\/\/deputadotaveirajr.com.br\/wp-content\/uploads\/2025\/10\/hospital-da-mulher-raiane-miranda4-4ZzAS6-scaled.jpg","contentUrl":"https:\/\/deputadotaveirajr.com.br\/wp-content\/uploads\/2025\/10\/hospital-da-mulher-raiane-miranda4-4ZzAS6-scaled.jpg","width":2560,"height":1707},{"@type":"BreadcrumbList","@id":"https:\/\/deputadotaveirajr.com.br\/index.php\/justica-condena-ex-governadora-do-rn-rosalba-ciarlini-por-improbidade-na-construcao-do-hospital-da-mulher\/#breadcrumb","itemListElement":[{"@type":"ListItem","position":1,"name":"In\u00edcio","item":"https:\/\/deputadotaveirajr.com.br\/"},{"@type":"ListItem","position":2,"name":"Justi\u00e7a condena ex-governadora do RN Rosalba Ciarlini por improbidade na constru\u00e7\u00e3o do Hospital da Mulher"}]},{"@type":"WebSite","@id":"https:\/\/deputadotaveirajr.com.br\/#website","url":"https:\/\/deputadotaveirajr.com.br\/","name":"Taveira Jr","description":"Deputado Estadual","publisher":{"@id":"https:\/\/deputadotaveirajr.com.br\/#organization"},"potentialAction":[{"@type":"SearchAction","target":{"@type":"EntryPoint","urlTemplate":"https:\/\/deputadotaveirajr.com.br\/?s={search_term_string}"},"query-input":{"@type":"PropertyValueSpecification","valueRequired":true,"valueName":"search_term_string"}}],"inLanguage":"pt-BR"},{"@type":"Organization","@id":"https:\/\/deputadotaveirajr.com.br\/#organization","name":"Taveira Jr","url":"https:\/\/deputadotaveirajr.com.br\/","logo":{"@type":"ImageObject","inLanguage":"pt-BR","@id":"https:\/\/deputadotaveirajr.com.br\/#\/schema\/logo\/image\/","url":"https:\/\/deputadotaveirajr.com.br\/wp-content\/uploads\/2026\/01\/logolow2a.png","contentUrl":"https:\/\/deputadotaveirajr.com.br\/wp-content\/uploads\/2026\/01\/logolow2a.png","width":290,"height":80,"caption":"Taveira Jr"},"image":{"@id":"https:\/\/deputadotaveirajr.com.br\/#\/schema\/logo\/image\/"}}]}},"_links":{"self":[{"href":"https:\/\/deputadotaveirajr.com.br\/index.php\/wp-json\/wp\/v2\/pages\/14332","targetHints":{"allow":["GET"]}}],"collection":[{"href":"https:\/\/deputadotaveirajr.com.br\/index.php\/wp-json\/wp\/v2\/pages"}],"about":[{"href":"https:\/\/deputadotaveirajr.com.br\/index.php\/wp-json\/wp\/v2\/types\/page"}],"replies":[{"embeddable":true,"href":"https:\/\/deputadotaveirajr.com.br\/index.php\/wp-json\/wp\/v2\/comments?post=14332"}],"version-history":[{"count":0,"href":"https:\/\/deputadotaveirajr.com.br\/index.php\/wp-json\/wp\/v2\/pages\/14332\/revisions"}],"wp:featuredmedia":[{"embeddable":true,"href":"https:\/\/deputadotaveirajr.com.br\/index.php\/wp-json\/wp\/v2\/media\/14333"}],"wp:attachment":[{"href":"https:\/\/deputadotaveirajr.com.br\/index.php\/wp-json\/wp\/v2\/media?parent=14332"}],"curies":[{"name":"wp","href":"https:\/\/api.w.org\/{rel}","templated":true}]}}