{"id":14387,"date":"2025-10-30T20:10:14","date_gmt":"2025-10-30T23:10:14","guid":{"rendered":"https:\/\/deputadotaveirajr.com.br\/index.php\/secretaria-de-saude-do-rn-publica-resultado-de-concurso-publico-confira\/"},"modified":"2025-10-30T20:10:14","modified_gmt":"2025-10-30T23:10:14","slug":"secretaria-de-saude-do-rn-publica-resultado-de-concurso-publico-confira","status":"publish","type":"page","link":"https:\/\/deputadotaveirajr.com.br\/index.php\/secretaria-de-saude-do-rn-publica-resultado-de-concurso-publico-confira\/","title":{"rendered":"Secretaria de Sa\u00fade do RN publica resultado de concurso p\u00fablico; confira"},"content":{"rendered":"<p><img decoding=\"async\" src=\"https:\/\/s2-g1.glbimg.com\/I9ddOu--sfsGlT2vuMYDYLgEM5U=\/i.s3.glbimg.com\/v1\/AUTH_59edd422c0c84a879bd37670ae4f538a\/internal_photos\/bs\/2025\/T\/G\/A7vfGWSOOi2NOiaE7E8Q\/saude.jpg\" \/><br \/>     Leito sa\u00fade Natal RN RIO Grande do Norte<br \/>\nReprodu\u00e7\u00e3o\/Inter TV Cabugi<br \/>\nO governo do Rio Grande do Norte publicou nesta quinta-feira (30), o resultado final do concurso p\u00fablico da Secretaria de Estado da Sa\u00fade P\u00fablica (Sesap), que teve edital publicado neste ano.<br \/>\n\ud83d\udcc3 CLIQUE AQUI PARA VER OS APROVADOS NO CONCURSO<br \/>\nO certame ofereceu 306 vagas efetivas e forma\u00e7\u00e3o de cadastro de reserva em 90 especialidades para cargos de n\u00edvel superior.<br \/>\nEntre as fun\u00e7\u00f5es, est\u00e3o cargos de m\u00e9dico, enfermeiro, fisioterapeuta, psic\u00f3logo e assistente social, entre outras.<br \/>\n\ud83d\udcf3 Clique aqui para seguir o canal do g1 RN no WhatsApp<br \/>\nSegundo a governadora do Rio Grande do Norte, F\u00e1tima Bezerra (PT), a partir da conclus\u00e3o desta fase, &#8220;o governo atuar\u00e1 junto ao Poder Judici\u00e1rio e ao Minist\u00e9rio P\u00fablico para dotar toda a rede da sa\u00fade do RN com servidores de carreira&#8221;.<br \/>\nA gestora informou que a nomea\u00e7\u00e3o est\u00e1 prevista para ocorrer em dezembro deste ano.<br \/>\nAo todo, foram 26.346 inscritos, com 14.526 candidatos aprovados.<br \/>\nVeja os v\u00eddeos que est\u00e3o em alta no g1<br \/>\nEste foi o segundo concurso da Sa\u00fade conclu\u00eddo em 2025. O primeiro, regido pelo Edital n\u00ba 01\/2025, ofertou 259 vagas imediatas e forma\u00e7\u00e3o de cadastro de reserva para cargos de n\u00edvel m\u00e9dio e t\u00e9cnico, resultando em 14.617 aprovados.<br \/>\nPublicado o resultado final, o Governo do RN passa \u00e0 fase de homologa\u00e7\u00e3o e nomea\u00e7\u00e3o dos aprovados, concluindo o processo de ingresso dos novos servidores.<br \/>\nV\u00eddeos mais assistidos do g1 RN<\/p>","protected":false},"excerpt":{"rendered":"<p>Leito sa\u00fade Natal RN RIO Grande do Norte Reprodu\u00e7\u00e3o\/Inter TV Cabugi O governo do Rio Grande do Norte publicou nesta quinta-feira (30), o resultado final do concurso p\u00fablico da Secretaria &#8230;<\/p>\n","protected":false},"author":0,"featured_media":14388,"parent":0,"menu_order":0,"comment_status":"closed","ping_status":"closed","template":"","meta":{"footnotes":""},"class_list":["post-14387","page","type-page","status-publish","has-post-thumbnail","hentry"],"yoast_head":"<!-- This site is optimized with the Yoast SEO plugin v27.1.1 - https:\/\/yoast.com\/product\/yoast-seo-wordpress\/ -->\n<title>Secretaria de Sa\u00fade do RN publica resultado de concurso p\u00fablico; confira - Taveira Jr<\/title>\n<meta name=\"robots\" content=\"index, follow, max-snippet:-1, max-image-preview:large, max-video-preview:-1\" \/>\n<link rel=\"canonical\" href=\"https:\/\/deputadotaveirajr.com.br\/index.php\/secretaria-de-saude-do-rn-publica-resultado-de-concurso-publico-confira\/\" \/>\n<meta property=\"og:locale\" content=\"pt_BR\" \/>\n<meta property=\"og:type\" content=\"article\" \/>\n<meta property=\"og:title\" content=\"Secretaria de Sa\u00fade do RN publica resultado de concurso p\u00fablico; confira - Taveira Jr\" \/>\n<meta property=\"og:description\" content=\"Leito sa\u00fade Natal RN RIO Grande do Norte Reprodu\u00e7\u00e3o\/Inter TV Cabugi O governo do Rio Grande do Norte publicou nesta quinta-feira (30), o resultado final do concurso p\u00fablico da Secretaria ...\" \/>\n<meta property=\"og:url\" content=\"https:\/\/deputadotaveirajr.com.br\/index.php\/secretaria-de-saude-do-rn-publica-resultado-de-concurso-publico-confira\/\" \/>\n<meta property=\"og:site_name\" content=\"Taveira Jr\" \/>\n<meta property=\"og:image\" content=\"https:\/\/s2-g1.glbimg.com\/I9ddOu--sfsGlT2vuMYDYLgEM5U=\/i.s3.glbimg.com\/v1\/AUTH_59edd422c0c84a879bd37670ae4f538a\/internal_photos\/bs\/2025\/T\/G\/A7vfGWSOOi2NOiaE7E8Q\/saude.jpg\" \/>\n<meta name=\"twitter:card\" content=\"summary_large_image\" \/>\n<meta name=\"twitter:label1\" content=\"Est. tempo de leitura\" \/>\n\t<meta name=\"twitter:data1\" content=\"1 minuto\" \/>\n<script type=\"application\/ld+json\" class=\"yoast-schema-graph\">{\"@context\":\"https:\/\/schema.org\",\"@graph\":[{\"@type\":\"WebPage\",\"@id\":\"https:\/\/deputadotaveirajr.com.br\/index.php\/secretaria-de-saude-do-rn-publica-resultado-de-concurso-publico-confira\/\",\"url\":\"https:\/\/deputadotaveirajr.com.br\/index.php\/secretaria-de-saude-do-rn-publica-resultado-de-concurso-publico-confira\/\",\"name\":\"Secretaria de Sa\u00fade do RN publica resultado de concurso p\u00fablico; confira - Taveira Jr\",\"isPartOf\":{\"@id\":\"https:\/\/deputadotaveirajr.com.br\/#website\"},\"primaryImageOfPage\":{\"@id\":\"https:\/\/deputadotaveirajr.com.br\/index.php\/secretaria-de-saude-do-rn-publica-resultado-de-concurso-publico-confira\/#primaryimage\"},\"image\":{\"@id\":\"https:\/\/deputadotaveirajr.com.br\/index.php\/secretaria-de-saude-do-rn-publica-resultado-de-concurso-publico-confira\/#primaryimage\"},\"thumbnailUrl\":\"https:\/\/deputadotaveirajr.com.br\/wp-content\/uploads\/2025\/10\/saude-Xf7e1q.jpg\",\"datePublished\":\"2025-10-30T23:10:14+00:00\",\"breadcrumb\":{\"@id\":\"https:\/\/deputadotaveirajr.com.br\/index.php\/secretaria-de-saude-do-rn-publica-resultado-de-concurso-publico-confira\/#breadcrumb\"},\"inLanguage\":\"pt-BR\",\"potentialAction\":[{\"@type\":\"ReadAction\",\"target\":[\"https:\/\/deputadotaveirajr.com.br\/index.php\/secretaria-de-saude-do-rn-publica-resultado-de-concurso-publico-confira\/\"]}]},{\"@type\":\"ImageObject\",\"inLanguage\":\"pt-BR\",\"@id\":\"https:\/\/deputadotaveirajr.com.br\/index.php\/secretaria-de-saude-do-rn-publica-resultado-de-concurso-publico-confira\/#primaryimage\",\"url\":\"https:\/\/deputadotaveirajr.com.br\/wp-content\/uploads\/2025\/10\/saude-Xf7e1q.jpg\",\"contentUrl\":\"https:\/\/deputadotaveirajr.com.br\/wp-content\/uploads\/2025\/10\/saude-Xf7e1q.jpg\",\"width\":1601,\"height\":832},{\"@type\":\"BreadcrumbList\",\"@id\":\"https:\/\/deputadotaveirajr.com.br\/index.php\/secretaria-de-saude-do-rn-publica-resultado-de-concurso-publico-confira\/#breadcrumb\",\"itemListElement\":[{\"@type\":\"ListItem\",\"position\":1,\"name\":\"In\u00edcio\",\"item\":\"https:\/\/deputadotaveirajr.com.br\/\"},{\"@type\":\"ListItem\",\"position\":2,\"name\":\"Secretaria de Sa\u00fade do RN publica resultado de concurso p\u00fablico; confira\"}]},{\"@type\":\"WebSite\",\"@id\":\"https:\/\/deputadotaveirajr.com.br\/#website\",\"url\":\"https:\/\/deputadotaveirajr.com.br\/\",\"name\":\"Taveira Jr\",\"description\":\"Deputado Estadual\",\"publisher\":{\"@id\":\"https:\/\/deputadotaveirajr.com.br\/#organization\"},\"potentialAction\":[{\"@type\":\"SearchAction\",\"target\":{\"@type\":\"EntryPoint\",\"urlTemplate\":\"https:\/\/deputadotaveirajr.com.br\/?s={search_term_string}\"},\"query-input\":{\"@type\":\"PropertyValueSpecification\",\"valueRequired\":true,\"valueName\":\"search_term_string\"}}],\"inLanguage\":\"pt-BR\"},{\"@type\":\"Organization\",\"@id\":\"https:\/\/deputadotaveirajr.com.br\/#organization\",\"name\":\"Taveira Jr\",\"url\":\"https:\/\/deputadotaveirajr.com.br\/\",\"logo\":{\"@type\":\"ImageObject\",\"inLanguage\":\"pt-BR\",\"@id\":\"https:\/\/deputadotaveirajr.com.br\/#\/schema\/logo\/image\/\",\"url\":\"https:\/\/deputadotaveirajr.com.br\/wp-content\/uploads\/2026\/01\/logolow2a.png\",\"contentUrl\":\"https:\/\/deputadotaveirajr.com.br\/wp-content\/uploads\/2026\/01\/logolow2a.png\",\"width\":290,\"height\":80,\"caption\":\"Taveira Jr\"},\"image\":{\"@id\":\"https:\/\/deputadotaveirajr.com.br\/#\/schema\/logo\/image\/\"}}]}<\/script>\n<!-- \/ Yoast SEO plugin. -->","yoast_head_json":{"title":"Secretaria de Sa\u00fade do RN publica resultado de concurso p\u00fablico; confira - Taveira Jr","robots":{"index":"index","follow":"follow","max-snippet":"max-snippet:-1","max-image-preview":"max-image-preview:large","max-video-preview":"max-video-preview:-1"},"canonical":"https:\/\/deputadotaveirajr.com.br\/index.php\/secretaria-de-saude-do-rn-publica-resultado-de-concurso-publico-confira\/","og_locale":"pt_BR","og_type":"article","og_title":"Secretaria de Sa\u00fade do RN publica resultado de concurso p\u00fablico; confira - Taveira Jr","og_description":"Leito sa\u00fade Natal RN RIO Grande do Norte Reprodu\u00e7\u00e3o\/Inter TV Cabugi O governo do Rio Grande do Norte publicou nesta quinta-feira (30), o resultado final do concurso p\u00fablico da Secretaria ...","og_url":"https:\/\/deputadotaveirajr.com.br\/index.php\/secretaria-de-saude-do-rn-publica-resultado-de-concurso-publico-confira\/","og_site_name":"Taveira Jr","og_image":[{"url":"https:\/\/s2-g1.glbimg.com\/I9ddOu--sfsGlT2vuMYDYLgEM5U=\/i.s3.glbimg.com\/v1\/AUTH_59edd422c0c84a879bd37670ae4f538a\/internal_photos\/bs\/2025\/T\/G\/A7vfGWSOOi2NOiaE7E8Q\/saude.jpg","type":"","width":"","height":""}],"twitter_card":"summary_large_image","twitter_misc":{"Est. tempo de leitura":"1 minuto"},"schema":{"@context":"https:\/\/schema.org","@graph":[{"@type":"WebPage","@id":"https:\/\/deputadotaveirajr.com.br\/index.php\/secretaria-de-saude-do-rn-publica-resultado-de-concurso-publico-confira\/","url":"https:\/\/deputadotaveirajr.com.br\/index.php\/secretaria-de-saude-do-rn-publica-resultado-de-concurso-publico-confira\/","name":"Secretaria de Sa\u00fade do RN publica resultado de concurso p\u00fablico; confira - Taveira Jr","isPartOf":{"@id":"https:\/\/deputadotaveirajr.com.br\/#website"},"primaryImageOfPage":{"@id":"https:\/\/deputadotaveirajr.com.br\/index.php\/secretaria-de-saude-do-rn-publica-resultado-de-concurso-publico-confira\/#primaryimage"},"image":{"@id":"https:\/\/deputadotaveirajr.com.br\/index.php\/secretaria-de-saude-do-rn-publica-resultado-de-concurso-publico-confira\/#primaryimage"},"thumbnailUrl":"https:\/\/deputadotaveirajr.com.br\/wp-content\/uploads\/2025\/10\/saude-Xf7e1q.jpg","datePublished":"2025-10-30T23:10:14+00:00","breadcrumb":{"@id":"https:\/\/deputadotaveirajr.com.br\/index.php\/secretaria-de-saude-do-rn-publica-resultado-de-concurso-publico-confira\/#breadcrumb"},"inLanguage":"pt-BR","potentialAction":[{"@type":"ReadAction","target":["https:\/\/deputadotaveirajr.com.br\/index.php\/secretaria-de-saude-do-rn-publica-resultado-de-concurso-publico-confira\/"]}]},{"@type":"ImageObject","inLanguage":"pt-BR","@id":"https:\/\/deputadotaveirajr.com.br\/index.php\/secretaria-de-saude-do-rn-publica-resultado-de-concurso-publico-confira\/#primaryimage","url":"https:\/\/deputadotaveirajr.com.br\/wp-content\/uploads\/2025\/10\/saude-Xf7e1q.jpg","contentUrl":"https:\/\/deputadotaveirajr.com.br\/wp-content\/uploads\/2025\/10\/saude-Xf7e1q.jpg","width":1601,"height":832},{"@type":"BreadcrumbList","@id":"https:\/\/deputadotaveirajr.com.br\/index.php\/secretaria-de-saude-do-rn-publica-resultado-de-concurso-publico-confira\/#breadcrumb","itemListElement":[{"@type":"ListItem","position":1,"name":"In\u00edcio","item":"https:\/\/deputadotaveirajr.com.br\/"},{"@type":"ListItem","position":2,"name":"Secretaria de Sa\u00fade do RN publica resultado de concurso p\u00fablico; confira"}]},{"@type":"WebSite","@id":"https:\/\/deputadotaveirajr.com.br\/#website","url":"https:\/\/deputadotaveirajr.com.br\/","name":"Taveira Jr","description":"Deputado Estadual","publisher":{"@id":"https:\/\/deputadotaveirajr.com.br\/#organization"},"potentialAction":[{"@type":"SearchAction","target":{"@type":"EntryPoint","urlTemplate":"https:\/\/deputadotaveirajr.com.br\/?s={search_term_string}"},"query-input":{"@type":"PropertyValueSpecification","valueRequired":true,"valueName":"search_term_string"}}],"inLanguage":"pt-BR"},{"@type":"Organization","@id":"https:\/\/deputadotaveirajr.com.br\/#organization","name":"Taveira Jr","url":"https:\/\/deputadotaveirajr.com.br\/","logo":{"@type":"ImageObject","inLanguage":"pt-BR","@id":"https:\/\/deputadotaveirajr.com.br\/#\/schema\/logo\/image\/","url":"https:\/\/deputadotaveirajr.com.br\/wp-content\/uploads\/2026\/01\/logolow2a.png","contentUrl":"https:\/\/deputadotaveirajr.com.br\/wp-content\/uploads\/2026\/01\/logolow2a.png","width":290,"height":80,"caption":"Taveira Jr"},"image":{"@id":"https:\/\/deputadotaveirajr.com.br\/#\/schema\/logo\/image\/"}}]}},"_links":{"self":[{"href":"https:\/\/deputadotaveirajr.com.br\/index.php\/wp-json\/wp\/v2\/pages\/14387","targetHints":{"allow":["GET"]}}],"collection":[{"href":"https:\/\/deputadotaveirajr.com.br\/index.php\/wp-json\/wp\/v2\/pages"}],"about":[{"href":"https:\/\/deputadotaveirajr.com.br\/index.php\/wp-json\/wp\/v2\/types\/page"}],"replies":[{"embeddable":true,"href":"https:\/\/deputadotaveirajr.com.br\/index.php\/wp-json\/wp\/v2\/comments?post=14387"}],"version-history":[{"count":0,"href":"https:\/\/deputadotaveirajr.com.br\/index.php\/wp-json\/wp\/v2\/pages\/14387\/revisions"}],"wp:featuredmedia":[{"embeddable":true,"href":"https:\/\/deputadotaveirajr.com.br\/index.php\/wp-json\/wp\/v2\/media\/14388"}],"wp:attachment":[{"href":"https:\/\/deputadotaveirajr.com.br\/index.php\/wp-json\/wp\/v2\/media?parent=14387"}],"curies":[{"name":"wp","href":"https:\/\/api.w.org\/{rel}","templated":true}]}}