{"id":14389,"date":"2025-10-30T19:49:26","date_gmt":"2025-10-30T22:49:26","guid":{"rendered":"https:\/\/deputadotaveirajr.com.br\/index.php\/prefeitura-de-natal-publica-regras-para-construcoes-na-via-costeira-mp-pede-anulacao-de-lei\/"},"modified":"2025-10-30T19:49:26","modified_gmt":"2025-10-30T22:49:26","slug":"prefeitura-de-natal-publica-regras-para-construcoes-na-via-costeira-mp-pede-anulacao-de-lei","status":"publish","type":"page","link":"https:\/\/deputadotaveirajr.com.br\/index.php\/prefeitura-de-natal-publica-regras-para-construcoes-na-via-costeira-mp-pede-anulacao-de-lei\/","title":{"rendered":"Prefeitura de Natal publica regras para constru\u00e7\u00f5es na Via Costeira; MP pede anula\u00e7\u00e3o de lei"},"content":{"rendered":"<p><img decoding=\"async\" src=\"https:\/\/s2-g1.glbimg.com\/jwDdGAIfSfI52B0GxRyUUtyJUFc=\/i.s3.glbimg.com\/v1\/AUTH_59edd422c0c84a879bd37670ae4f538a\/internal_photos\/bs\/2024\/B\/c\/1Y3SiySDyAFz9VXbHQ9A\/natal-sandro-menezes.jpg\" \/><br \/>     Via Costeira, em Natal<br \/>\nSandro Menezes<br \/>\nA Secretaria Municipal de Meio Ambiente e Urbanismo (Semurb) publicou nesta quinta-feira (30) uma instru\u00e7\u00e3o informativa que estabelece crit\u00e9rios para o licenciamento de empreendimentos de uso misto, ou seja, constru\u00e7\u00f5es comerciais e residenciais, na Via Costeira, em Natal.<br \/>\nA lei que permite as constru\u00e7\u00f5es na Via Costeira e em outras quatro \u00e1reas de interesse tur\u00edstico e paisag\u00edstico (AEITPs) foi sancionada pela prefeitura de Natal em dezembro do ano passado.<br \/>\n\ud83d\udcf3 Clique aqui para seguir o canal do g1 RN no WhatsApp<br \/>\nTamb\u00e9m nesta quinta-feira (30), o Minist\u00e9rio P\u00fablico do Rio Grande do Norte entrou com uma a\u00e7\u00e3o na Justi\u00e7a pedindo a nulidade da lei que permite as constru\u00e7\u00f5es nessa \u00e1rea (veja detalhes mais abaixo).<br \/>\nDe acordo com a nova instru\u00e7\u00e3o informativa publicada pela Semurb nesta quinta-feira, o licenciamento de empreendimentos na Via Costeira deve obedecer, prioritariamente, os seguintes princ\u00edpios:<br \/>\nPreserva\u00e7\u00e3o paisag\u00edstica e acesso p\u00fablico \u00e0 praia;<br \/>\nCumprimento do gabarito m\u00e1ximo de 15 metros<br \/>\nApresenta\u00e7\u00e3o de projeto de conten\u00e7\u00e3o costeira<br \/>\nObserv\u00e2ncia do lote m\u00ednimo de 2.000 m\u00b2, quando aplic\u00e1vel;<br \/>\nCumprimento das demais prescri\u00e7\u00f5es urban\u00edsticas\/ambientais e de acessibilidade previstas na legisla\u00e7\u00e3o em vigor.<br \/>\nA \u00e1rea da Via Costeira dentro da lei fica entre a Praia de Areia Preta e o Centro de Conven\u00e7\u00f5es.<br \/>\nSegundo o secret\u00e1rio titular da Semurb, Thiago Mesquita, a instru\u00e7\u00e3o informativa foi publicada devido \u00e0 procura de interessados em construir na \u00e1rea.<br \/>\n&#8220;Essa normativa vem para poder trazer esclarecimentos. O que motivou esse documento? Exatamente o n\u00famero j\u00e1 significativo de entradas na secretaria, de consultas pr\u00e9vias. &#8216;Queremos saber qual \u00e9 o regramento, o que \u00e9 que o novo Plano Diretor fala sobre a Via Costeira, e o que \u00e9 que a lei da AITPs, das \u00e1reas especiais de interesse tur\u00edstico e paisag\u00edstico'&#8221;, explicou.<br \/>\n&#8220;Ent\u00e3o, n\u00f3s fizemos uma regra para dar transpar\u00eancia, publicidade, para quem quer investir e tamb\u00e9m para quem vai analisar, os analistas da Semurb&#8221;, completou.<br \/>\nDe acordo com o secret\u00e1rio da Semurb, o controle dos lotes para constru\u00e7\u00f5es deve ser feito pela Procuradoria Geral do Estado, j\u00e1 que os terrenos do local s\u00e3o concess\u00f5es dadas pelo governo do RN. Procurada pela Inter TV Cabugi, a PGE preferiu n\u00e3o se manifestar.<br \/>\nVeja, no v\u00eddeo abaixo, como est\u00e1 hotel abandonado h\u00e1 20 anos na Via Costeira, em Natal:<br \/>\nVeja como est\u00e1 hotel abandonado h\u00e1 20 anos na Via Costeira, em Natal<br \/>\nMP pede nulidade da lei<br \/>\nO Minist\u00e9rio P\u00fablico do RN informou nesta quinta-feira (30) que entrou com uma a\u00e7\u00e3o na Justi\u00e7a pedindo a nulidade da lei, sancionada no ano passado, que disp\u00f5e sobre o uso e ocupa\u00e7\u00e3o do solo em AEITPs, como \u00e9 o caso da Via Costeira.<br \/>\nA a\u00e7\u00e3o civil p\u00fablica foi da 45\u00aa Promotoria de Justi\u00e7a de Defesa do Meio Ambiente de Natal.   A a\u00e7\u00e3o pediu ainda, em tutela de urg\u00eancia, a suspens\u00e3o imediata de novas licen\u00e7as urban\u00edsticas e alvar\u00e1s de constru\u00e7\u00e3o para evitar danos cumulativos e irrevers\u00edveis \u00e0 malha urbana e ao meio ambiente.<br \/>\nNa a\u00e7\u00e3o, o MP aponta que a legisla\u00e7\u00e3o, sob a pretens\u00e3o de regulamentar, &#8220;promove altera\u00e7\u00f5es n\u00e3o previstas no Plano Diretor de Natal, consideradas como padr\u00f5es m\u00e1ximos, al\u00e9m de apresentar v\u00edcios procedimentais, como a falta de estudos t\u00e9cnicos e de participa\u00e7\u00e3o popular, pr\u00f3prios da gest\u00e3o democr\u00e1tica das cidades&#8221;.<br \/>\nO MP pontuou que a lei estabelece prescri\u00e7\u00f5es urban\u00edsticas das AEITPs, que, segundo a peti\u00e7\u00e3o inicial, ser\u00e3o submetidas aos mesmos padr\u00f5es de \u00e1reas adens\u00e1veis. Na Via Costeira, uma dessas \u00e1reas, por exemplo, o potencial construtivo foi elevado de 1,0, conforme previsto no Plano Diretor de Natal, para at\u00e9 5,0.<br \/>\nAs mudan\u00e7as, ent\u00e3o, anulam o car\u00e1ter \u201cespecial\u201d dessas \u00e1reas, aponta o MP, que indica ainda que a lei se trata de uma lei ordin\u00e1ria, &#8220;o que viola a hierarquia normativa&#8221;.<br \/>\n&#8220;Isso porque a Lei Org\u00e2nica Municipal exige que as modifica\u00e7\u00f5es do Plano Diretor de Natal, que \u00e9 uma lei complementar, sigam o mesmo rito (de lei complementar)&#8221;, pontuou.<br \/>\nNa a\u00e7\u00e3o, o MP alertou ainda sobre &#8220;a aus\u00eancia de gest\u00e3o democr\u00e1tica e participa\u00e7\u00e3o popular efetiva&#8221;, citando que houve somente uma audi\u00eancia p\u00fablica na C\u00e2mara Municipal, &#8220;necessitando de outros momentos para uma escuta qualificada e consequente da popula\u00e7\u00e3o (outras audi\u00eancias p\u00fablicas, reuni\u00f5es t\u00e9cnicas, oficinas, etc)&#8221;.<br \/>\nA lei tamb\u00e9m n\u00e3o foi submetida \u00e0 an\u00e1lise do Conselho de Planejamento Urbano e Meio Ambiente (CONPLAM), segundo o MP, \u00f3rg\u00e3o que tem car\u00e1ter consultivo e deliberativo, e cujas atribui\u00e7\u00f5es incluem apreciar e opinar sobre altera\u00e7\u00f5es do Plano Diretor.<br \/>\n&#8220;Al\u00e9m disso, n\u00e3o houve consulta pr\u00e9via, livre e informada \u00e0s comunidades tradicionais dos pescadores e pescadoras artesanais&#8221;, completou.<br \/>\nA a\u00e7\u00e3o apontou ainda que a lei n\u00e3o apresentou qualquer estudo urban\u00edstico ou ambiental.<br \/>\n&#8220;A aus\u00eancia de embasamento por si s\u00f3 j\u00e1 deveria levar \u00e0 anula\u00e7\u00e3o da lei por car\u00eancia de requisitos m\u00ednimos de validade&#8221;, refor\u00e7ou o \u00f3rg\u00e3o.<br \/>\nNa a\u00e7\u00e3o, o MP solicitou tamb\u00e9m que seja determinada a elabora\u00e7\u00e3o de um cronograma de a\u00e7\u00f5es para uma nova regulamenta\u00e7\u00e3o das AEITPs.<br \/>\nV\u00eddeos mais assistidos do g1 RN<\/p>","protected":false},"excerpt":{"rendered":"<p>Via Costeira, em Natal Sandro Menezes A Secretaria Municipal de Meio Ambiente e Urbanismo (Semurb) publicou nesta quinta-feira (30) uma instru\u00e7\u00e3o informativa que estabelece crit\u00e9rios para o licenciamento de empreendimentos &#8230;<\/p>\n","protected":false},"author":0,"featured_media":14390,"parent":0,"menu_order":0,"comment_status":"closed","ping_status":"closed","template":"","meta":{"footnotes":""},"class_list":["post-14389","page","type-page","status-publish","has-post-thumbnail","hentry"],"yoast_head":"<!-- This site is optimized with the Yoast SEO plugin v27.1.1 - https:\/\/yoast.com\/product\/yoast-seo-wordpress\/ -->\n<title>Prefeitura de Natal publica regras para constru\u00e7\u00f5es na Via Costeira; MP pede anula\u00e7\u00e3o de lei - Taveira Jr<\/title>\n<meta name=\"robots\" content=\"index, follow, max-snippet:-1, max-image-preview:large, max-video-preview:-1\" \/>\n<link rel=\"canonical\" href=\"https:\/\/deputadotaveirajr.com.br\/index.php\/prefeitura-de-natal-publica-regras-para-construcoes-na-via-costeira-mp-pede-anulacao-de-lei\/\" \/>\n<meta property=\"og:locale\" content=\"pt_BR\" \/>\n<meta property=\"og:type\" content=\"article\" \/>\n<meta property=\"og:title\" content=\"Prefeitura de Natal publica regras para constru\u00e7\u00f5es na Via Costeira; MP pede anula\u00e7\u00e3o de lei - Taveira Jr\" \/>\n<meta property=\"og:description\" content=\"Via Costeira, em Natal Sandro Menezes A Secretaria Municipal de Meio Ambiente e Urbanismo (Semurb) publicou nesta quinta-feira (30) uma instru\u00e7\u00e3o informativa que estabelece crit\u00e9rios para o licenciamento de empreendimentos ...\" \/>\n<meta property=\"og:url\" content=\"https:\/\/deputadotaveirajr.com.br\/index.php\/prefeitura-de-natal-publica-regras-para-construcoes-na-via-costeira-mp-pede-anulacao-de-lei\/\" \/>\n<meta property=\"og:site_name\" content=\"Taveira Jr\" \/>\n<meta property=\"og:image\" content=\"https:\/\/s2-g1.glbimg.com\/jwDdGAIfSfI52B0GxRyUUtyJUFc=\/i.s3.glbimg.com\/v1\/AUTH_59edd422c0c84a879bd37670ae4f538a\/internal_photos\/bs\/2024\/B\/c\/1Y3SiySDyAFz9VXbHQ9A\/natal-sandro-menezes.jpg\" \/>\n<meta name=\"twitter:card\" content=\"summary_large_image\" \/>\n<meta name=\"twitter:label1\" content=\"Est. tempo de leitura\" \/>\n\t<meta name=\"twitter:data1\" content=\"5 minutos\" \/>\n<script type=\"application\/ld+json\" class=\"yoast-schema-graph\">{\"@context\":\"https:\/\/schema.org\",\"@graph\":[{\"@type\":\"WebPage\",\"@id\":\"https:\/\/deputadotaveirajr.com.br\/index.php\/prefeitura-de-natal-publica-regras-para-construcoes-na-via-costeira-mp-pede-anulacao-de-lei\/\",\"url\":\"https:\/\/deputadotaveirajr.com.br\/index.php\/prefeitura-de-natal-publica-regras-para-construcoes-na-via-costeira-mp-pede-anulacao-de-lei\/\",\"name\":\"Prefeitura de Natal publica regras para constru\u00e7\u00f5es na Via Costeira; MP pede anula\u00e7\u00e3o de lei - Taveira Jr\",\"isPartOf\":{\"@id\":\"https:\/\/deputadotaveirajr.com.br\/#website\"},\"primaryImageOfPage\":{\"@id\":\"https:\/\/deputadotaveirajr.com.br\/index.php\/prefeitura-de-natal-publica-regras-para-construcoes-na-via-costeira-mp-pede-anulacao-de-lei\/#primaryimage\"},\"image\":{\"@id\":\"https:\/\/deputadotaveirajr.com.br\/index.php\/prefeitura-de-natal-publica-regras-para-construcoes-na-via-costeira-mp-pede-anulacao-de-lei\/#primaryimage\"},\"thumbnailUrl\":\"https:\/\/deputadotaveirajr.com.br\/wp-content\/uploads\/2025\/10\/natal-sandro-menezes-MsW4XR-scaled.jpg\",\"datePublished\":\"2025-10-30T22:49:26+00:00\",\"breadcrumb\":{\"@id\":\"https:\/\/deputadotaveirajr.com.br\/index.php\/prefeitura-de-natal-publica-regras-para-construcoes-na-via-costeira-mp-pede-anulacao-de-lei\/#breadcrumb\"},\"inLanguage\":\"pt-BR\",\"potentialAction\":[{\"@type\":\"ReadAction\",\"target\":[\"https:\/\/deputadotaveirajr.com.br\/index.php\/prefeitura-de-natal-publica-regras-para-construcoes-na-via-costeira-mp-pede-anulacao-de-lei\/\"]}]},{\"@type\":\"ImageObject\",\"inLanguage\":\"pt-BR\",\"@id\":\"https:\/\/deputadotaveirajr.com.br\/index.php\/prefeitura-de-natal-publica-regras-para-construcoes-na-via-costeira-mp-pede-anulacao-de-lei\/#primaryimage\",\"url\":\"https:\/\/deputadotaveirajr.com.br\/wp-content\/uploads\/2025\/10\/natal-sandro-menezes-MsW4XR-scaled.jpg\",\"contentUrl\":\"https:\/\/deputadotaveirajr.com.br\/wp-content\/uploads\/2025\/10\/natal-sandro-menezes-MsW4XR-scaled.jpg\",\"width\":2560,\"height\":1437},{\"@type\":\"BreadcrumbList\",\"@id\":\"https:\/\/deputadotaveirajr.com.br\/index.php\/prefeitura-de-natal-publica-regras-para-construcoes-na-via-costeira-mp-pede-anulacao-de-lei\/#breadcrumb\",\"itemListElement\":[{\"@type\":\"ListItem\",\"position\":1,\"name\":\"In\u00edcio\",\"item\":\"https:\/\/deputadotaveirajr.com.br\/\"},{\"@type\":\"ListItem\",\"position\":2,\"name\":\"Prefeitura de Natal publica regras para constru\u00e7\u00f5es na Via Costeira; MP pede anula\u00e7\u00e3o de lei\"}]},{\"@type\":\"WebSite\",\"@id\":\"https:\/\/deputadotaveirajr.com.br\/#website\",\"url\":\"https:\/\/deputadotaveirajr.com.br\/\",\"name\":\"Taveira Jr\",\"description\":\"Deputado Estadual\",\"publisher\":{\"@id\":\"https:\/\/deputadotaveirajr.com.br\/#organization\"},\"potentialAction\":[{\"@type\":\"SearchAction\",\"target\":{\"@type\":\"EntryPoint\",\"urlTemplate\":\"https:\/\/deputadotaveirajr.com.br\/?s={search_term_string}\"},\"query-input\":{\"@type\":\"PropertyValueSpecification\",\"valueRequired\":true,\"valueName\":\"search_term_string\"}}],\"inLanguage\":\"pt-BR\"},{\"@type\":\"Organization\",\"@id\":\"https:\/\/deputadotaveirajr.com.br\/#organization\",\"name\":\"Taveira Jr\",\"url\":\"https:\/\/deputadotaveirajr.com.br\/\",\"logo\":{\"@type\":\"ImageObject\",\"inLanguage\":\"pt-BR\",\"@id\":\"https:\/\/deputadotaveirajr.com.br\/#\/schema\/logo\/image\/\",\"url\":\"https:\/\/deputadotaveirajr.com.br\/wp-content\/uploads\/2026\/01\/logolow2a.png\",\"contentUrl\":\"https:\/\/deputadotaveirajr.com.br\/wp-content\/uploads\/2026\/01\/logolow2a.png\",\"width\":290,\"height\":80,\"caption\":\"Taveira Jr\"},\"image\":{\"@id\":\"https:\/\/deputadotaveirajr.com.br\/#\/schema\/logo\/image\/\"}}]}<\/script>\n<!-- \/ Yoast SEO plugin. -->","yoast_head_json":{"title":"Prefeitura de Natal publica regras para constru\u00e7\u00f5es na Via Costeira; MP pede anula\u00e7\u00e3o de lei - Taveira Jr","robots":{"index":"index","follow":"follow","max-snippet":"max-snippet:-1","max-image-preview":"max-image-preview:large","max-video-preview":"max-video-preview:-1"},"canonical":"https:\/\/deputadotaveirajr.com.br\/index.php\/prefeitura-de-natal-publica-regras-para-construcoes-na-via-costeira-mp-pede-anulacao-de-lei\/","og_locale":"pt_BR","og_type":"article","og_title":"Prefeitura de Natal publica regras para constru\u00e7\u00f5es na Via Costeira; MP pede anula\u00e7\u00e3o de lei - Taveira Jr","og_description":"Via Costeira, em Natal Sandro Menezes A Secretaria Municipal de Meio Ambiente e Urbanismo (Semurb) publicou nesta quinta-feira (30) uma instru\u00e7\u00e3o informativa que estabelece crit\u00e9rios para o licenciamento de empreendimentos ...","og_url":"https:\/\/deputadotaveirajr.com.br\/index.php\/prefeitura-de-natal-publica-regras-para-construcoes-na-via-costeira-mp-pede-anulacao-de-lei\/","og_site_name":"Taveira Jr","og_image":[{"url":"https:\/\/s2-g1.glbimg.com\/jwDdGAIfSfI52B0GxRyUUtyJUFc=\/i.s3.glbimg.com\/v1\/AUTH_59edd422c0c84a879bd37670ae4f538a\/internal_photos\/bs\/2024\/B\/c\/1Y3SiySDyAFz9VXbHQ9A\/natal-sandro-menezes.jpg","type":"","width":"","height":""}],"twitter_card":"summary_large_image","twitter_misc":{"Est. tempo de leitura":"5 minutos"},"schema":{"@context":"https:\/\/schema.org","@graph":[{"@type":"WebPage","@id":"https:\/\/deputadotaveirajr.com.br\/index.php\/prefeitura-de-natal-publica-regras-para-construcoes-na-via-costeira-mp-pede-anulacao-de-lei\/","url":"https:\/\/deputadotaveirajr.com.br\/index.php\/prefeitura-de-natal-publica-regras-para-construcoes-na-via-costeira-mp-pede-anulacao-de-lei\/","name":"Prefeitura de Natal publica regras para constru\u00e7\u00f5es na Via Costeira; MP pede anula\u00e7\u00e3o de lei - Taveira Jr","isPartOf":{"@id":"https:\/\/deputadotaveirajr.com.br\/#website"},"primaryImageOfPage":{"@id":"https:\/\/deputadotaveirajr.com.br\/index.php\/prefeitura-de-natal-publica-regras-para-construcoes-na-via-costeira-mp-pede-anulacao-de-lei\/#primaryimage"},"image":{"@id":"https:\/\/deputadotaveirajr.com.br\/index.php\/prefeitura-de-natal-publica-regras-para-construcoes-na-via-costeira-mp-pede-anulacao-de-lei\/#primaryimage"},"thumbnailUrl":"https:\/\/deputadotaveirajr.com.br\/wp-content\/uploads\/2025\/10\/natal-sandro-menezes-MsW4XR-scaled.jpg","datePublished":"2025-10-30T22:49:26+00:00","breadcrumb":{"@id":"https:\/\/deputadotaveirajr.com.br\/index.php\/prefeitura-de-natal-publica-regras-para-construcoes-na-via-costeira-mp-pede-anulacao-de-lei\/#breadcrumb"},"inLanguage":"pt-BR","potentialAction":[{"@type":"ReadAction","target":["https:\/\/deputadotaveirajr.com.br\/index.php\/prefeitura-de-natal-publica-regras-para-construcoes-na-via-costeira-mp-pede-anulacao-de-lei\/"]}]},{"@type":"ImageObject","inLanguage":"pt-BR","@id":"https:\/\/deputadotaveirajr.com.br\/index.php\/prefeitura-de-natal-publica-regras-para-construcoes-na-via-costeira-mp-pede-anulacao-de-lei\/#primaryimage","url":"https:\/\/deputadotaveirajr.com.br\/wp-content\/uploads\/2025\/10\/natal-sandro-menezes-MsW4XR-scaled.jpg","contentUrl":"https:\/\/deputadotaveirajr.com.br\/wp-content\/uploads\/2025\/10\/natal-sandro-menezes-MsW4XR-scaled.jpg","width":2560,"height":1437},{"@type":"BreadcrumbList","@id":"https:\/\/deputadotaveirajr.com.br\/index.php\/prefeitura-de-natal-publica-regras-para-construcoes-na-via-costeira-mp-pede-anulacao-de-lei\/#breadcrumb","itemListElement":[{"@type":"ListItem","position":1,"name":"In\u00edcio","item":"https:\/\/deputadotaveirajr.com.br\/"},{"@type":"ListItem","position":2,"name":"Prefeitura de Natal publica regras para constru\u00e7\u00f5es na Via Costeira; MP pede anula\u00e7\u00e3o de lei"}]},{"@type":"WebSite","@id":"https:\/\/deputadotaveirajr.com.br\/#website","url":"https:\/\/deputadotaveirajr.com.br\/","name":"Taveira Jr","description":"Deputado Estadual","publisher":{"@id":"https:\/\/deputadotaveirajr.com.br\/#organization"},"potentialAction":[{"@type":"SearchAction","target":{"@type":"EntryPoint","urlTemplate":"https:\/\/deputadotaveirajr.com.br\/?s={search_term_string}"},"query-input":{"@type":"PropertyValueSpecification","valueRequired":true,"valueName":"search_term_string"}}],"inLanguage":"pt-BR"},{"@type":"Organization","@id":"https:\/\/deputadotaveirajr.com.br\/#organization","name":"Taveira Jr","url":"https:\/\/deputadotaveirajr.com.br\/","logo":{"@type":"ImageObject","inLanguage":"pt-BR","@id":"https:\/\/deputadotaveirajr.com.br\/#\/schema\/logo\/image\/","url":"https:\/\/deputadotaveirajr.com.br\/wp-content\/uploads\/2026\/01\/logolow2a.png","contentUrl":"https:\/\/deputadotaveirajr.com.br\/wp-content\/uploads\/2026\/01\/logolow2a.png","width":290,"height":80,"caption":"Taveira Jr"},"image":{"@id":"https:\/\/deputadotaveirajr.com.br\/#\/schema\/logo\/image\/"}}]}},"_links":{"self":[{"href":"https:\/\/deputadotaveirajr.com.br\/index.php\/wp-json\/wp\/v2\/pages\/14389","targetHints":{"allow":["GET"]}}],"collection":[{"href":"https:\/\/deputadotaveirajr.com.br\/index.php\/wp-json\/wp\/v2\/pages"}],"about":[{"href":"https:\/\/deputadotaveirajr.com.br\/index.php\/wp-json\/wp\/v2\/types\/page"}],"replies":[{"embeddable":true,"href":"https:\/\/deputadotaveirajr.com.br\/index.php\/wp-json\/wp\/v2\/comments?post=14389"}],"version-history":[{"count":0,"href":"https:\/\/deputadotaveirajr.com.br\/index.php\/wp-json\/wp\/v2\/pages\/14389\/revisions"}],"wp:featuredmedia":[{"embeddable":true,"href":"https:\/\/deputadotaveirajr.com.br\/index.php\/wp-json\/wp\/v2\/media\/14390"}],"wp:attachment":[{"href":"https:\/\/deputadotaveirajr.com.br\/index.php\/wp-json\/wp\/v2\/media?parent=14389"}],"curies":[{"name":"wp","href":"https:\/\/api.w.org\/{rel}","templated":true}]}}