{"id":14401,"date":"2025-10-31T12:09:53","date_gmt":"2025-10-31T15:09:53","guid":{"rendered":"https:\/\/deputadotaveirajr.com.br\/index.php\/requalificacao-da-orla-de-ponta-negra-moradores-trabalhadores-e-empresarios-apresentam-sugestoes-em-audiencia-publica\/"},"modified":"2025-10-31T12:09:53","modified_gmt":"2025-10-31T15:09:53","slug":"requalificacao-da-orla-de-ponta-negra-moradores-trabalhadores-e-empresarios-apresentam-sugestoes-em-audiencia-publica","status":"publish","type":"page","link":"https:\/\/deputadotaveirajr.com.br\/index.php\/requalificacao-da-orla-de-ponta-negra-moradores-trabalhadores-e-empresarios-apresentam-sugestoes-em-audiencia-publica\/","title":{"rendered":"Requalifica\u00e7\u00e3o da orla de Ponta Negra: Moradores, trabalhadores e empres\u00e1rios apresentam sugest\u00f5es em audi\u00eancia p\u00fablica"},"content":{"rendered":"<p><img decoding=\"async\" src=\"https:\/\/s2-g1.glbimg.com\/buB1qATM-nNkkhO6Uqt3lw1XsJo=\/i.s3.glbimg.com\/v1\/AUTH_59edd422c0c84a879bd37670ae4f538a\/internal_photos\/bs\/2025\/r\/Y\/NAZqnzQmyEqiAb7J8b7Q\/audiencia-public.jpg\" \/><br \/>     Audi\u00eancia p\u00fablica discute projeto para orla de Natal<br \/>\nPedro Trindade\/Inter TV Cabugi<br \/>\nMoradores, trabalhadores e empres\u00e1rios de Ponta Negra, em Natal, participaram de uma audi\u00eancia p\u00fablica para apresentar sugest\u00f5es \u00e0 prefeitura sobre o projeto de requalifica\u00e7\u00e3o da orla da praia mais famosa da capital potiguar.<br \/>\nO encontro foi realizado nesta quinta-feira (30) e reuniu representantes da comunidade, do poder p\u00fablico e do setor econ\u00f4mico ligado ao turismo. O projeto deve englobar a reforma do cal\u00e7ad\u00e3o e demais estruturas da praia ap\u00f3s a engorda conclu\u00edda no in\u00edcio deste ano.<br \/>\n\ud83d\udcf3 Clique aqui para seguir o canal do g1 RN no WhatsApp<br \/>\nCom cartazes nas m\u00e3os, pescadores e moradores da Vila de Ponta Negra defenderam a preserva\u00e7\u00e3o dos espa\u00e7os tradicionais da comunidade e a participa\u00e7\u00e3o popular nas decis\u00f5es sobre o futuro da praia. Entre eles, o pescador Armando dos Santos, que criticou a falta de di\u00e1logo com a popula\u00e7\u00e3o local no processo da engorda.<br \/>\n\u201cDesde do princ\u00edpio a gente n\u00e3o foi ouvido e sempre quando querem fazer uma obra a gente n\u00e3o v\u00ea transpar\u00eancia. A gente est\u00e1 com um cuidado muito grande, sim, de perder cada vez mais os nossos espa\u00e7os, porque h\u00e1 mais de 30 anos a gente v\u00ea os nossos espa\u00e7os sendo retirados pelos grandes empreendimentos\u201d, afirmou.<br \/>\nAudi\u00eancia p\u00fablica debate urbaniza\u00e7\u00e3o da orla de Ponta Negra nesta sexta-feira (31)<br \/>\nA aposentada Neves Valentim, moradora h\u00e1 tr\u00eas d\u00e9cadas no bairro, destacou a import\u00e2ncia de ouvir quem vive e trabalha na regi\u00e3o.<br \/>\n\u201cA sugest\u00e3o que eu tenho \u00e9 que a prefeitura fa\u00e7a escutas, n\u00e9? Porque a gente precisa escutar as pessoas que moram aqui, que vivem aqui, que sobrevivem da praia, elas precisam ser escutadas para que se possa construir op\u00e7\u00f5es que realmente sejam sustent\u00e1veis\u201d, defendeu.<br \/>\nLEIA MAIS<br \/>\nPrefeitura de Natal cria grupo para discutir urbaniza\u00e7\u00e3o e paisagismo da orla de Ponta Negra ap\u00f3s engorda<br \/>\nMar avan\u00e7a sobre a engorda da praia de Ponta Negra e derruba cerca no Morro do Careca em Natal<br \/>\nPrefeitura de Natal publica regras para constru\u00e7\u00f5es na Via Costeira; MP pede anula\u00e7\u00e3o de lei<br \/>\nDe acordo com o secret\u00e1rio municipal de Parcerias, Concess\u00f5es, Empreendedorismo e Inova\u00e7\u00e3o, Arthur Dutra, o debate n\u00e3o trata da engorda da praia, mas da \u00e1rea urbana entre o cal\u00e7ad\u00e3o e as ruas de acesso.<br \/>\n\u201cA engorda \u00e9 monitorada periodicamente pela prefeitura e pela Funpec. Aqui, especificamente, o grupo trabalha para discutir o projeto de urbaniza\u00e7\u00e3o e paisagismo da faixa da orla. Esse \u00e9 o primeiro momento de escuta, n\u00e3o termina agora. Teremos novas audi\u00eancias e reuni\u00f5es segmentadas\u201d, explicou o secret\u00e1rio.<br \/>\nDe acordo com ele, o projeto dever\u00e1 seguir algumas diretrizes, como aumento das \u00e1reas de &#8220;caminhabilidade&#8221;, sombreamento, e conforto t\u00e9rmico, acessibilidade universal, al\u00e9m de aspectos ambientais, culturais, sociais, respeitando tamb\u00e9m a topografia da praia.<br \/>\nO projeto definitivo da requalifica\u00e7\u00e3o ser\u00e1 escolhido por meio de um concurso p\u00fablico nacional de arquitetura e urbanismo. Segundo Luciano Barros, coordenador do concurso, a modalidade garante transpar\u00eancia e diversidade de ideias.<br \/>\nMoradores da Ponta Negra reclamaram da engorda de Ponta Negra, durante a audi\u00eancia<br \/>\nPedro Trindade\/Inter TV Cabugi<br \/>\n\u201cO concurso \u00e9 a forma mais democr\u00e1tica de escolher um projeto arquitet\u00f4nico e urban\u00edstico para \u00e1reas p\u00fablicas. A gente dever\u00e1 receber propostas de todo o pa\u00eds e uma comiss\u00e3o de alto n\u00edvel vai escolher as melhores solu\u00e7\u00f5es\u201d, afirmou.<br \/>\n&#8220;No termo de refer\u00eancia v\u00e3o estar todas as necessidade, v\u00e3o estar todos os quereres dos cidad\u00e3os, o que \u00e9 que se almeja para o futuro da cidade atrav\u00e9s daquele projeto&#8221;, pontuou.<br \/>\nO setor hoteleiro tamb\u00e9m participou do encontro. Para o vice-presidente da Associa\u00e7\u00e3o Brasileira da Ind\u00fastria de Hot\u00e9is no Rio Grande do Norte (ABIH-RN), Jos\u00e9 Od\u00e9cio, o projeto deve integrar turismo e comunidade.<br \/>\n\u201cA gente espera que as infraestruturas que sejam criadas sejam de qualidade, porque se trata de um ambiente de praia e a gente sabe que se fizer com infraestruturas n\u00e3o adequadas isso acaba em pouco tempo. As concess\u00f5es t\u00eam que ter responsabilidade, por parte daqueles que receber, de cuidar tamb\u00e9m da praia, para que, com isso, a gente consiga criar um ambiente atrativo para todos\u201d, defendeu.<br \/>\nA prefeitura ainda n\u00e3o definiu a data da pr\u00f3xima audi\u00eancia p\u00fablica sobre o projeto.<br \/>\nVeja os v\u00eddeos mais assistidos no g1 RN<\/p>","protected":false},"excerpt":{"rendered":"<p>Audi\u00eancia p\u00fablica discute projeto para orla de Natal Pedro Trindade\/Inter TV Cabugi Moradores, trabalhadores e empres\u00e1rios de Ponta Negra, em Natal, participaram de uma audi\u00eancia p\u00fablica para apresentar sugest\u00f5es \u00e0 &#8230;<\/p>\n","protected":false},"author":0,"featured_media":14402,"parent":0,"menu_order":0,"comment_status":"closed","ping_status":"closed","template":"","meta":{"footnotes":""},"class_list":["post-14401","page","type-page","status-publish","has-post-thumbnail","hentry"],"yoast_head":"<!-- This site is optimized with the Yoast SEO plugin v27.1.1 - https:\/\/yoast.com\/product\/yoast-seo-wordpress\/ -->\n<title>Requalifica\u00e7\u00e3o da orla de Ponta Negra: Moradores, trabalhadores e empres\u00e1rios apresentam sugest\u00f5es em audi\u00eancia p\u00fablica - Taveira Jr<\/title>\n<meta name=\"robots\" content=\"index, follow, max-snippet:-1, max-image-preview:large, max-video-preview:-1\" \/>\n<link rel=\"canonical\" href=\"https:\/\/deputadotaveirajr.com.br\/index.php\/requalificacao-da-orla-de-ponta-negra-moradores-trabalhadores-e-empresarios-apresentam-sugestoes-em-audiencia-publica\/\" \/>\n<meta property=\"og:locale\" content=\"pt_BR\" \/>\n<meta property=\"og:type\" content=\"article\" \/>\n<meta property=\"og:title\" content=\"Requalifica\u00e7\u00e3o da orla de Ponta Negra: Moradores, trabalhadores e empres\u00e1rios apresentam sugest\u00f5es em audi\u00eancia p\u00fablica - Taveira Jr\" \/>\n<meta property=\"og:description\" content=\"Audi\u00eancia p\u00fablica discute projeto para orla de Natal Pedro Trindade\/Inter TV Cabugi Moradores, trabalhadores e empres\u00e1rios de Ponta Negra, em Natal, participaram de uma audi\u00eancia p\u00fablica para apresentar sugest\u00f5es \u00e0 ...\" \/>\n<meta property=\"og:url\" content=\"https:\/\/deputadotaveirajr.com.br\/index.php\/requalificacao-da-orla-de-ponta-negra-moradores-trabalhadores-e-empresarios-apresentam-sugestoes-em-audiencia-publica\/\" \/>\n<meta property=\"og:site_name\" content=\"Taveira Jr\" \/>\n<meta property=\"og:image\" content=\"https:\/\/s2-g1.glbimg.com\/buB1qATM-nNkkhO6Uqt3lw1XsJo=\/i.s3.glbimg.com\/v1\/AUTH_59edd422c0c84a879bd37670ae4f538a\/internal_photos\/bs\/2025\/r\/Y\/NAZqnzQmyEqiAb7J8b7Q\/audiencia-public.jpg\" \/>\n<meta name=\"twitter:card\" content=\"summary_large_image\" \/>\n<meta name=\"twitter:label1\" content=\"Est. tempo de leitura\" \/>\n\t<meta name=\"twitter:data1\" content=\"4 minutos\" \/>\n<script type=\"application\/ld+json\" class=\"yoast-schema-graph\">{\"@context\":\"https:\/\/schema.org\",\"@graph\":[{\"@type\":\"WebPage\",\"@id\":\"https:\/\/deputadotaveirajr.com.br\/index.php\/requalificacao-da-orla-de-ponta-negra-moradores-trabalhadores-e-empresarios-apresentam-sugestoes-em-audiencia-publica\/\",\"url\":\"https:\/\/deputadotaveirajr.com.br\/index.php\/requalificacao-da-orla-de-ponta-negra-moradores-trabalhadores-e-empresarios-apresentam-sugestoes-em-audiencia-publica\/\",\"name\":\"Requalifica\u00e7\u00e3o da orla de Ponta Negra: Moradores, trabalhadores e empres\u00e1rios apresentam sugest\u00f5es em audi\u00eancia p\u00fablica - Taveira Jr\",\"isPartOf\":{\"@id\":\"https:\/\/deputadotaveirajr.com.br\/#website\"},\"primaryImageOfPage\":{\"@id\":\"https:\/\/deputadotaveirajr.com.br\/index.php\/requalificacao-da-orla-de-ponta-negra-moradores-trabalhadores-e-empresarios-apresentam-sugestoes-em-audiencia-publica\/#primaryimage\"},\"image\":{\"@id\":\"https:\/\/deputadotaveirajr.com.br\/index.php\/requalificacao-da-orla-de-ponta-negra-moradores-trabalhadores-e-empresarios-apresentam-sugestoes-em-audiencia-publica\/#primaryimage\"},\"thumbnailUrl\":\"https:\/\/deputadotaveirajr.com.br\/wp-content\/uploads\/2025\/10\/audiencia-public-YZ1hn1.jpg\",\"datePublished\":\"2025-10-31T15:09:53+00:00\",\"breadcrumb\":{\"@id\":\"https:\/\/deputadotaveirajr.com.br\/index.php\/requalificacao-da-orla-de-ponta-negra-moradores-trabalhadores-e-empresarios-apresentam-sugestoes-em-audiencia-publica\/#breadcrumb\"},\"inLanguage\":\"pt-BR\",\"potentialAction\":[{\"@type\":\"ReadAction\",\"target\":[\"https:\/\/deputadotaveirajr.com.br\/index.php\/requalificacao-da-orla-de-ponta-negra-moradores-trabalhadores-e-empresarios-apresentam-sugestoes-em-audiencia-publica\/\"]}]},{\"@type\":\"ImageObject\",\"inLanguage\":\"pt-BR\",\"@id\":\"https:\/\/deputadotaveirajr.com.br\/index.php\/requalificacao-da-orla-de-ponta-negra-moradores-trabalhadores-e-empresarios-apresentam-sugestoes-em-audiencia-publica\/#primaryimage\",\"url\":\"https:\/\/deputadotaveirajr.com.br\/wp-content\/uploads\/2025\/10\/audiencia-public-YZ1hn1.jpg\",\"contentUrl\":\"https:\/\/deputadotaveirajr.com.br\/wp-content\/uploads\/2025\/10\/audiencia-public-YZ1hn1.jpg\",\"width\":1600,\"height\":885},{\"@type\":\"BreadcrumbList\",\"@id\":\"https:\/\/deputadotaveirajr.com.br\/index.php\/requalificacao-da-orla-de-ponta-negra-moradores-trabalhadores-e-empresarios-apresentam-sugestoes-em-audiencia-publica\/#breadcrumb\",\"itemListElement\":[{\"@type\":\"ListItem\",\"position\":1,\"name\":\"In\u00edcio\",\"item\":\"https:\/\/deputadotaveirajr.com.br\/\"},{\"@type\":\"ListItem\",\"position\":2,\"name\":\"Requalifica\u00e7\u00e3o da orla de Ponta Negra: Moradores, trabalhadores e empres\u00e1rios apresentam sugest\u00f5es em audi\u00eancia p\u00fablica\"}]},{\"@type\":\"WebSite\",\"@id\":\"https:\/\/deputadotaveirajr.com.br\/#website\",\"url\":\"https:\/\/deputadotaveirajr.com.br\/\",\"name\":\"Taveira Jr\",\"description\":\"Deputado Estadual\",\"publisher\":{\"@id\":\"https:\/\/deputadotaveirajr.com.br\/#organization\"},\"potentialAction\":[{\"@type\":\"SearchAction\",\"target\":{\"@type\":\"EntryPoint\",\"urlTemplate\":\"https:\/\/deputadotaveirajr.com.br\/?s={search_term_string}\"},\"query-input\":{\"@type\":\"PropertyValueSpecification\",\"valueRequired\":true,\"valueName\":\"search_term_string\"}}],\"inLanguage\":\"pt-BR\"},{\"@type\":\"Organization\",\"@id\":\"https:\/\/deputadotaveirajr.com.br\/#organization\",\"name\":\"Taveira Jr\",\"url\":\"https:\/\/deputadotaveirajr.com.br\/\",\"logo\":{\"@type\":\"ImageObject\",\"inLanguage\":\"pt-BR\",\"@id\":\"https:\/\/deputadotaveirajr.com.br\/#\/schema\/logo\/image\/\",\"url\":\"https:\/\/deputadotaveirajr.com.br\/wp-content\/uploads\/2026\/01\/logolow2a.png\",\"contentUrl\":\"https:\/\/deputadotaveirajr.com.br\/wp-content\/uploads\/2026\/01\/logolow2a.png\",\"width\":290,\"height\":80,\"caption\":\"Taveira Jr\"},\"image\":{\"@id\":\"https:\/\/deputadotaveirajr.com.br\/#\/schema\/logo\/image\/\"}}]}<\/script>\n<!-- \/ Yoast SEO plugin. -->","yoast_head_json":{"title":"Requalifica\u00e7\u00e3o da orla de Ponta Negra: Moradores, trabalhadores e empres\u00e1rios apresentam sugest\u00f5es em audi\u00eancia p\u00fablica - Taveira Jr","robots":{"index":"index","follow":"follow","max-snippet":"max-snippet:-1","max-image-preview":"max-image-preview:large","max-video-preview":"max-video-preview:-1"},"canonical":"https:\/\/deputadotaveirajr.com.br\/index.php\/requalificacao-da-orla-de-ponta-negra-moradores-trabalhadores-e-empresarios-apresentam-sugestoes-em-audiencia-publica\/","og_locale":"pt_BR","og_type":"article","og_title":"Requalifica\u00e7\u00e3o da orla de Ponta Negra: Moradores, trabalhadores e empres\u00e1rios apresentam sugest\u00f5es em audi\u00eancia p\u00fablica - Taveira Jr","og_description":"Audi\u00eancia p\u00fablica discute projeto para orla de Natal Pedro Trindade\/Inter TV Cabugi Moradores, trabalhadores e empres\u00e1rios de Ponta Negra, em Natal, participaram de uma audi\u00eancia p\u00fablica para apresentar sugest\u00f5es \u00e0 ...","og_url":"https:\/\/deputadotaveirajr.com.br\/index.php\/requalificacao-da-orla-de-ponta-negra-moradores-trabalhadores-e-empresarios-apresentam-sugestoes-em-audiencia-publica\/","og_site_name":"Taveira Jr","og_image":[{"url":"https:\/\/s2-g1.glbimg.com\/buB1qATM-nNkkhO6Uqt3lw1XsJo=\/i.s3.glbimg.com\/v1\/AUTH_59edd422c0c84a879bd37670ae4f538a\/internal_photos\/bs\/2025\/r\/Y\/NAZqnzQmyEqiAb7J8b7Q\/audiencia-public.jpg","type":"","width":"","height":""}],"twitter_card":"summary_large_image","twitter_misc":{"Est. tempo de leitura":"4 minutos"},"schema":{"@context":"https:\/\/schema.org","@graph":[{"@type":"WebPage","@id":"https:\/\/deputadotaveirajr.com.br\/index.php\/requalificacao-da-orla-de-ponta-negra-moradores-trabalhadores-e-empresarios-apresentam-sugestoes-em-audiencia-publica\/","url":"https:\/\/deputadotaveirajr.com.br\/index.php\/requalificacao-da-orla-de-ponta-negra-moradores-trabalhadores-e-empresarios-apresentam-sugestoes-em-audiencia-publica\/","name":"Requalifica\u00e7\u00e3o da orla de Ponta Negra: Moradores, trabalhadores e empres\u00e1rios apresentam sugest\u00f5es em audi\u00eancia p\u00fablica - Taveira Jr","isPartOf":{"@id":"https:\/\/deputadotaveirajr.com.br\/#website"},"primaryImageOfPage":{"@id":"https:\/\/deputadotaveirajr.com.br\/index.php\/requalificacao-da-orla-de-ponta-negra-moradores-trabalhadores-e-empresarios-apresentam-sugestoes-em-audiencia-publica\/#primaryimage"},"image":{"@id":"https:\/\/deputadotaveirajr.com.br\/index.php\/requalificacao-da-orla-de-ponta-negra-moradores-trabalhadores-e-empresarios-apresentam-sugestoes-em-audiencia-publica\/#primaryimage"},"thumbnailUrl":"https:\/\/deputadotaveirajr.com.br\/wp-content\/uploads\/2025\/10\/audiencia-public-YZ1hn1.jpg","datePublished":"2025-10-31T15:09:53+00:00","breadcrumb":{"@id":"https:\/\/deputadotaveirajr.com.br\/index.php\/requalificacao-da-orla-de-ponta-negra-moradores-trabalhadores-e-empresarios-apresentam-sugestoes-em-audiencia-publica\/#breadcrumb"},"inLanguage":"pt-BR","potentialAction":[{"@type":"ReadAction","target":["https:\/\/deputadotaveirajr.com.br\/index.php\/requalificacao-da-orla-de-ponta-negra-moradores-trabalhadores-e-empresarios-apresentam-sugestoes-em-audiencia-publica\/"]}]},{"@type":"ImageObject","inLanguage":"pt-BR","@id":"https:\/\/deputadotaveirajr.com.br\/index.php\/requalificacao-da-orla-de-ponta-negra-moradores-trabalhadores-e-empresarios-apresentam-sugestoes-em-audiencia-publica\/#primaryimage","url":"https:\/\/deputadotaveirajr.com.br\/wp-content\/uploads\/2025\/10\/audiencia-public-YZ1hn1.jpg","contentUrl":"https:\/\/deputadotaveirajr.com.br\/wp-content\/uploads\/2025\/10\/audiencia-public-YZ1hn1.jpg","width":1600,"height":885},{"@type":"BreadcrumbList","@id":"https:\/\/deputadotaveirajr.com.br\/index.php\/requalificacao-da-orla-de-ponta-negra-moradores-trabalhadores-e-empresarios-apresentam-sugestoes-em-audiencia-publica\/#breadcrumb","itemListElement":[{"@type":"ListItem","position":1,"name":"In\u00edcio","item":"https:\/\/deputadotaveirajr.com.br\/"},{"@type":"ListItem","position":2,"name":"Requalifica\u00e7\u00e3o da orla de Ponta Negra: Moradores, trabalhadores e empres\u00e1rios apresentam sugest\u00f5es em audi\u00eancia p\u00fablica"}]},{"@type":"WebSite","@id":"https:\/\/deputadotaveirajr.com.br\/#website","url":"https:\/\/deputadotaveirajr.com.br\/","name":"Taveira Jr","description":"Deputado Estadual","publisher":{"@id":"https:\/\/deputadotaveirajr.com.br\/#organization"},"potentialAction":[{"@type":"SearchAction","target":{"@type":"EntryPoint","urlTemplate":"https:\/\/deputadotaveirajr.com.br\/?s={search_term_string}"},"query-input":{"@type":"PropertyValueSpecification","valueRequired":true,"valueName":"search_term_string"}}],"inLanguage":"pt-BR"},{"@type":"Organization","@id":"https:\/\/deputadotaveirajr.com.br\/#organization","name":"Taveira Jr","url":"https:\/\/deputadotaveirajr.com.br\/","logo":{"@type":"ImageObject","inLanguage":"pt-BR","@id":"https:\/\/deputadotaveirajr.com.br\/#\/schema\/logo\/image\/","url":"https:\/\/deputadotaveirajr.com.br\/wp-content\/uploads\/2026\/01\/logolow2a.png","contentUrl":"https:\/\/deputadotaveirajr.com.br\/wp-content\/uploads\/2026\/01\/logolow2a.png","width":290,"height":80,"caption":"Taveira Jr"},"image":{"@id":"https:\/\/deputadotaveirajr.com.br\/#\/schema\/logo\/image\/"}}]}},"_links":{"self":[{"href":"https:\/\/deputadotaveirajr.com.br\/index.php\/wp-json\/wp\/v2\/pages\/14401","targetHints":{"allow":["GET"]}}],"collection":[{"href":"https:\/\/deputadotaveirajr.com.br\/index.php\/wp-json\/wp\/v2\/pages"}],"about":[{"href":"https:\/\/deputadotaveirajr.com.br\/index.php\/wp-json\/wp\/v2\/types\/page"}],"replies":[{"embeddable":true,"href":"https:\/\/deputadotaveirajr.com.br\/index.php\/wp-json\/wp\/v2\/comments?post=14401"}],"version-history":[{"count":0,"href":"https:\/\/deputadotaveirajr.com.br\/index.php\/wp-json\/wp\/v2\/pages\/14401\/revisions"}],"wp:featuredmedia":[{"embeddable":true,"href":"https:\/\/deputadotaveirajr.com.br\/index.php\/wp-json\/wp\/v2\/media\/14402"}],"wp:attachment":[{"href":"https:\/\/deputadotaveirajr.com.br\/index.php\/wp-json\/wp\/v2\/media?parent=14401"}],"curies":[{"name":"wp","href":"https:\/\/api.w.org\/{rel}","templated":true}]}}