{"id":14438,"date":"2025-11-03T13:46:04","date_gmt":"2025-11-03T16:46:04","guid":{"rendered":"https:\/\/deputadotaveirajr.com.br\/index.php\/justica-federal-fiscaliza-utis-contratadas-pelo-sus-em-hospitais-privados-de-natal\/"},"modified":"2025-11-03T13:46:04","modified_gmt":"2025-11-03T16:46:04","slug":"justica-federal-fiscaliza-utis-contratadas-pelo-sus-em-hospitais-privados-de-natal","status":"publish","type":"page","link":"https:\/\/deputadotaveirajr.com.br\/index.php\/justica-federal-fiscaliza-utis-contratadas-pelo-sus-em-hospitais-privados-de-natal\/","title":{"rendered":"Justi\u00e7a Federal fiscaliza UTIs contratadas pelo SUS em hospitais privados de Natal"},"content":{"rendered":"<p><img decoding=\"async\" src=\"https:\/\/s2-g1.glbimg.com\/KIMK8NZAdZYnPZdLBn6dEPcYOx8=\/i.s3.glbimg.com\/v1\/AUTH_59edd422c0c84a879bd37670ae4f538a\/internal_photos\/bs\/2025\/I\/1\/k7wJtDSlO7f7IttKnmvA\/whatsapp-image-2025-11-03-at-10.22.11.jpeg\" \/><br \/>     Justi\u00e7a Federal fiscaliza UTIs contratadas pelo SUS em hospitais privados de Natal<br \/>\nA Justi\u00e7a Federal realizou nesta segunda-feira (3) uma vistoria nos leitos de UTI (Unidade de Terapia Intensiva) utilizados pelo SUS em dois hospitais privados de Natal: o Memorial S\u00e3o Francisco e o Hospital Rio Grande.<br \/>\nA a\u00e7\u00e3o tamb\u00e9m contou com a participa\u00e7\u00e3o do Conselho Regional de Medicina do Rio Grande do Norte (Cremern), dos Minist\u00e9rios P\u00fablicos Federal e Estadual e da Secretaria Estadual de Sa\u00fade.<br \/>\n\ud83d\udcf3 Clique aqui para seguir o canal do g1 RN no WhatsApp<br \/>\nA vistoria come\u00e7ou no Hospital Memorial, onde a comitiva foi recebida pela dire\u00e7\u00e3o do hospital e conversou com pacientes, acompanhantes e funcion\u00e1rios, especialmente na UTI.<br \/>\nOs leitos de UTI s\u00e3o alvo da a\u00e7\u00e3o judicial movida pelo Cremern para abrir e manter leitos de terapia intensiva na rede SUS.<br \/>\nInspe\u00e7\u00e3o em UTIs contratadas pelo SUS em hospital do RN<br \/>\nS\u00e9rgio Henrique Santos\/Inter TV Cabugi<br \/>\n\u201cAntes da pandemia de Covid-19, esse processo j\u00e1 entrou em concilia\u00e7\u00e3o e desde l\u00e1 n\u00f3s realizamos reuni\u00f5es, audi\u00eancias autocompositivas peri\u00f3dicas, de regra bimestrais. Os 10 leitos que s\u00e3o contratualizados com o SUS, est\u00e3o, inclusive, ocupados hoje, todos abertos e ocupados. E tivemos tamb\u00e9m um di\u00e1logo inicial com a administra\u00e7\u00e3o do hospital para trazer dados, informa\u00e7\u00f5es sobre essa assist\u00eancia, dificuldades tamb\u00e9m, porque o nosso objetivo \u00e9 conhecer como o servi\u00e7o est\u00e1 sendo prestado e aprimorar\u201d, afirmou a ju\u00edza federal Gisele Leite.<br \/>\nO diretor do hospital do Hospital Memorial, Ricardo Queiroz, explicou que metade dos leitos de UTI da unidade \u00e9 destinada a pacientes encaminhados pela Secretaria Estadual de Sa\u00fade.<br \/>\n\u201cS\u00e3o pacientes cl\u00ednicos, essencialmente, vindos do interior e da Grande Natal. Ent\u00e3o, o paciente pode estar no Walfredo, Cear\u00e1-Mirim, qualquer parte do interior, pacientes cl\u00ednicos, 100%, vem para essa UTI 2&#8243;, explicou.<br \/>\nNo Hospital Rio Grande, onde a vistoria seguiu ao longo do dia, a equipe verificou 22 leitos de UTI em funcionamento, n\u00famero temporariamente ampliado em rela\u00e7\u00e3o ao contrato original, que prev\u00ea 10 vagas, at\u00e9 janeiro do pr\u00f3ximo ano.<br \/>\nVistoria em leitos de UTI contratados pelo SUS em hospitais particulares no RN<br \/>\nS\u00e9rgio Henrique Santos\/Inter TV Cabugi<br \/>\nAs inspe\u00e7\u00f5es peri\u00f3dicas nesses hospitais privados acontecem h\u00e1 13 anos, por determina\u00e7\u00e3o da Justi\u00e7a Federal.<br \/>\nAtualmente, os dois hospitais est\u00e3o com 100% de ocupa\u00e7\u00e3o nas UTIs. Na \u00faltima sexta-feira (31), dois pacientes morreram \u00e0 espera de leitos de terapia intensiva: o antenista Erberson Kleber Clementino, de 43 anos, em Santa Cruz, e o aposentado Agenor Tomaz Pereira, de 91, em Pend\u00eancias.<br \/>\nOs casos acenderam o alerta sobre a insufici\u00eancia de leitos dispon\u00edveis no estado.<br \/>\nSegundo a Secretaria Estadual de Sa\u00fade, a rede p\u00fablica estadual conta atualmente com 294 leitos de UTI, atualmente, entre os da rede pr\u00f3pria e os contratados com hospitais particulares. At\u00e9 2018, segundo a pasta, o estado contava com 161 leitos.<br \/>\nDuas pessoas morrem \u00e0 espera de leito de UTI no RN<br \/>\nVeja os v\u00eddeos mais assistidos no g1 RN<\/p>","protected":false},"excerpt":{"rendered":"<p>Justi\u00e7a Federal fiscaliza UTIs contratadas pelo SUS em hospitais privados de Natal A Justi\u00e7a Federal realizou nesta segunda-feira (3) uma vistoria nos leitos de UTI (Unidade de Terapia Intensiva) utilizados &#8230;<\/p>\n","protected":false},"author":0,"featured_media":14439,"parent":0,"menu_order":0,"comment_status":"closed","ping_status":"closed","template":"","meta":{"footnotes":""},"class_list":["post-14438","page","type-page","status-publish","has-post-thumbnail","hentry"],"yoast_head":"<!-- This site is optimized with the Yoast SEO plugin v27.1.1 - https:\/\/yoast.com\/product\/yoast-seo-wordpress\/ -->\n<title>Justi\u00e7a Federal fiscaliza UTIs contratadas pelo SUS em hospitais privados de Natal - Taveira Jr<\/title>\n<meta name=\"robots\" content=\"index, follow, max-snippet:-1, max-image-preview:large, max-video-preview:-1\" \/>\n<link rel=\"canonical\" href=\"https:\/\/deputadotaveirajr.com.br\/index.php\/justica-federal-fiscaliza-utis-contratadas-pelo-sus-em-hospitais-privados-de-natal\/\" \/>\n<meta property=\"og:locale\" content=\"pt_BR\" \/>\n<meta property=\"og:type\" content=\"article\" \/>\n<meta property=\"og:title\" content=\"Justi\u00e7a Federal fiscaliza UTIs contratadas pelo SUS em hospitais privados de Natal - Taveira Jr\" \/>\n<meta property=\"og:description\" content=\"Justi\u00e7a Federal fiscaliza UTIs contratadas pelo SUS em hospitais privados de Natal A Justi\u00e7a Federal realizou nesta segunda-feira (3) uma vistoria nos leitos de UTI (Unidade de Terapia Intensiva) utilizados ...\" \/>\n<meta property=\"og:url\" content=\"https:\/\/deputadotaveirajr.com.br\/index.php\/justica-federal-fiscaliza-utis-contratadas-pelo-sus-em-hospitais-privados-de-natal\/\" \/>\n<meta property=\"og:site_name\" content=\"Taveira Jr\" \/>\n<meta property=\"og:image\" content=\"https:\/\/s2-g1.glbimg.com\/KIMK8NZAdZYnPZdLBn6dEPcYOx8=\/i.s3.glbimg.com\/v1\/AUTH_59edd422c0c84a879bd37670ae4f538a\/internal_photos\/bs\/2025\/I\/1\/k7wJtDSlO7f7IttKnmvA\/whatsapp-image-2025-11-03-at-10.22.11.jpeg\" \/>\n<meta name=\"twitter:card\" content=\"summary_large_image\" \/>\n<meta name=\"twitter:label1\" content=\"Est. tempo de leitura\" \/>\n\t<meta name=\"twitter:data1\" content=\"3 minutos\" \/>\n<script type=\"application\/ld+json\" class=\"yoast-schema-graph\">{\"@context\":\"https:\/\/schema.org\",\"@graph\":[{\"@type\":\"WebPage\",\"@id\":\"https:\/\/deputadotaveirajr.com.br\/index.php\/justica-federal-fiscaliza-utis-contratadas-pelo-sus-em-hospitais-privados-de-natal\/\",\"url\":\"https:\/\/deputadotaveirajr.com.br\/index.php\/justica-federal-fiscaliza-utis-contratadas-pelo-sus-em-hospitais-privados-de-natal\/\",\"name\":\"Justi\u00e7a Federal fiscaliza UTIs contratadas pelo SUS em hospitais privados de Natal - Taveira Jr\",\"isPartOf\":{\"@id\":\"https:\/\/deputadotaveirajr.com.br\/#website\"},\"primaryImageOfPage\":{\"@id\":\"https:\/\/deputadotaveirajr.com.br\/index.php\/justica-federal-fiscaliza-utis-contratadas-pelo-sus-em-hospitais-privados-de-natal\/#primaryimage\"},\"image\":{\"@id\":\"https:\/\/deputadotaveirajr.com.br\/index.php\/justica-federal-fiscaliza-utis-contratadas-pelo-sus-em-hospitais-privados-de-natal\/#primaryimage\"},\"thumbnailUrl\":\"https:\/\/deputadotaveirajr.com.br\/wp-content\/uploads\/2025\/11\/whatsapp-image-2025-11-03-at-10.22.11-VNsWl1.jpg\",\"datePublished\":\"2025-11-03T16:46:04+00:00\",\"breadcrumb\":{\"@id\":\"https:\/\/deputadotaveirajr.com.br\/index.php\/justica-federal-fiscaliza-utis-contratadas-pelo-sus-em-hospitais-privados-de-natal\/#breadcrumb\"},\"inLanguage\":\"pt-BR\",\"potentialAction\":[{\"@type\":\"ReadAction\",\"target\":[\"https:\/\/deputadotaveirajr.com.br\/index.php\/justica-federal-fiscaliza-utis-contratadas-pelo-sus-em-hospitais-privados-de-natal\/\"]}]},{\"@type\":\"ImageObject\",\"inLanguage\":\"pt-BR\",\"@id\":\"https:\/\/deputadotaveirajr.com.br\/index.php\/justica-federal-fiscaliza-utis-contratadas-pelo-sus-em-hospitais-privados-de-natal\/#primaryimage\",\"url\":\"https:\/\/deputadotaveirajr.com.br\/wp-content\/uploads\/2025\/11\/whatsapp-image-2025-11-03-at-10.22.11-VNsWl1.jpg\",\"contentUrl\":\"https:\/\/deputadotaveirajr.com.br\/wp-content\/uploads\/2025\/11\/whatsapp-image-2025-11-03-at-10.22.11-VNsWl1.jpg\",\"width\":1280,\"height\":960},{\"@type\":\"BreadcrumbList\",\"@id\":\"https:\/\/deputadotaveirajr.com.br\/index.php\/justica-federal-fiscaliza-utis-contratadas-pelo-sus-em-hospitais-privados-de-natal\/#breadcrumb\",\"itemListElement\":[{\"@type\":\"ListItem\",\"position\":1,\"name\":\"In\u00edcio\",\"item\":\"https:\/\/deputadotaveirajr.com.br\/\"},{\"@type\":\"ListItem\",\"position\":2,\"name\":\"Justi\u00e7a Federal fiscaliza UTIs contratadas pelo SUS em hospitais privados de Natal\"}]},{\"@type\":\"WebSite\",\"@id\":\"https:\/\/deputadotaveirajr.com.br\/#website\",\"url\":\"https:\/\/deputadotaveirajr.com.br\/\",\"name\":\"Taveira Jr\",\"description\":\"Deputado Estadual\",\"publisher\":{\"@id\":\"https:\/\/deputadotaveirajr.com.br\/#organization\"},\"potentialAction\":[{\"@type\":\"SearchAction\",\"target\":{\"@type\":\"EntryPoint\",\"urlTemplate\":\"https:\/\/deputadotaveirajr.com.br\/?s={search_term_string}\"},\"query-input\":{\"@type\":\"PropertyValueSpecification\",\"valueRequired\":true,\"valueName\":\"search_term_string\"}}],\"inLanguage\":\"pt-BR\"},{\"@type\":\"Organization\",\"@id\":\"https:\/\/deputadotaveirajr.com.br\/#organization\",\"name\":\"Taveira Jr\",\"url\":\"https:\/\/deputadotaveirajr.com.br\/\",\"logo\":{\"@type\":\"ImageObject\",\"inLanguage\":\"pt-BR\",\"@id\":\"https:\/\/deputadotaveirajr.com.br\/#\/schema\/logo\/image\/\",\"url\":\"https:\/\/deputadotaveirajr.com.br\/wp-content\/uploads\/2026\/01\/logolow2a.png\",\"contentUrl\":\"https:\/\/deputadotaveirajr.com.br\/wp-content\/uploads\/2026\/01\/logolow2a.png\",\"width\":290,\"height\":80,\"caption\":\"Taveira Jr\"},\"image\":{\"@id\":\"https:\/\/deputadotaveirajr.com.br\/#\/schema\/logo\/image\/\"}}]}<\/script>\n<!-- \/ Yoast SEO plugin. -->","yoast_head_json":{"title":"Justi\u00e7a Federal fiscaliza UTIs contratadas pelo SUS em hospitais privados de Natal - Taveira Jr","robots":{"index":"index","follow":"follow","max-snippet":"max-snippet:-1","max-image-preview":"max-image-preview:large","max-video-preview":"max-video-preview:-1"},"canonical":"https:\/\/deputadotaveirajr.com.br\/index.php\/justica-federal-fiscaliza-utis-contratadas-pelo-sus-em-hospitais-privados-de-natal\/","og_locale":"pt_BR","og_type":"article","og_title":"Justi\u00e7a Federal fiscaliza UTIs contratadas pelo SUS em hospitais privados de Natal - Taveira Jr","og_description":"Justi\u00e7a Federal fiscaliza UTIs contratadas pelo SUS em hospitais privados de Natal A Justi\u00e7a Federal realizou nesta segunda-feira (3) uma vistoria nos leitos de UTI (Unidade de Terapia Intensiva) utilizados ...","og_url":"https:\/\/deputadotaveirajr.com.br\/index.php\/justica-federal-fiscaliza-utis-contratadas-pelo-sus-em-hospitais-privados-de-natal\/","og_site_name":"Taveira Jr","og_image":[{"url":"https:\/\/s2-g1.glbimg.com\/KIMK8NZAdZYnPZdLBn6dEPcYOx8=\/i.s3.glbimg.com\/v1\/AUTH_59edd422c0c84a879bd37670ae4f538a\/internal_photos\/bs\/2025\/I\/1\/k7wJtDSlO7f7IttKnmvA\/whatsapp-image-2025-11-03-at-10.22.11.jpeg","type":"","width":"","height":""}],"twitter_card":"summary_large_image","twitter_misc":{"Est. tempo de leitura":"3 minutos"},"schema":{"@context":"https:\/\/schema.org","@graph":[{"@type":"WebPage","@id":"https:\/\/deputadotaveirajr.com.br\/index.php\/justica-federal-fiscaliza-utis-contratadas-pelo-sus-em-hospitais-privados-de-natal\/","url":"https:\/\/deputadotaveirajr.com.br\/index.php\/justica-federal-fiscaliza-utis-contratadas-pelo-sus-em-hospitais-privados-de-natal\/","name":"Justi\u00e7a Federal fiscaliza UTIs contratadas pelo SUS em hospitais privados de Natal - Taveira Jr","isPartOf":{"@id":"https:\/\/deputadotaveirajr.com.br\/#website"},"primaryImageOfPage":{"@id":"https:\/\/deputadotaveirajr.com.br\/index.php\/justica-federal-fiscaliza-utis-contratadas-pelo-sus-em-hospitais-privados-de-natal\/#primaryimage"},"image":{"@id":"https:\/\/deputadotaveirajr.com.br\/index.php\/justica-federal-fiscaliza-utis-contratadas-pelo-sus-em-hospitais-privados-de-natal\/#primaryimage"},"thumbnailUrl":"https:\/\/deputadotaveirajr.com.br\/wp-content\/uploads\/2025\/11\/whatsapp-image-2025-11-03-at-10.22.11-VNsWl1.jpg","datePublished":"2025-11-03T16:46:04+00:00","breadcrumb":{"@id":"https:\/\/deputadotaveirajr.com.br\/index.php\/justica-federal-fiscaliza-utis-contratadas-pelo-sus-em-hospitais-privados-de-natal\/#breadcrumb"},"inLanguage":"pt-BR","potentialAction":[{"@type":"ReadAction","target":["https:\/\/deputadotaveirajr.com.br\/index.php\/justica-federal-fiscaliza-utis-contratadas-pelo-sus-em-hospitais-privados-de-natal\/"]}]},{"@type":"ImageObject","inLanguage":"pt-BR","@id":"https:\/\/deputadotaveirajr.com.br\/index.php\/justica-federal-fiscaliza-utis-contratadas-pelo-sus-em-hospitais-privados-de-natal\/#primaryimage","url":"https:\/\/deputadotaveirajr.com.br\/wp-content\/uploads\/2025\/11\/whatsapp-image-2025-11-03-at-10.22.11-VNsWl1.jpg","contentUrl":"https:\/\/deputadotaveirajr.com.br\/wp-content\/uploads\/2025\/11\/whatsapp-image-2025-11-03-at-10.22.11-VNsWl1.jpg","width":1280,"height":960},{"@type":"BreadcrumbList","@id":"https:\/\/deputadotaveirajr.com.br\/index.php\/justica-federal-fiscaliza-utis-contratadas-pelo-sus-em-hospitais-privados-de-natal\/#breadcrumb","itemListElement":[{"@type":"ListItem","position":1,"name":"In\u00edcio","item":"https:\/\/deputadotaveirajr.com.br\/"},{"@type":"ListItem","position":2,"name":"Justi\u00e7a Federal fiscaliza UTIs contratadas pelo SUS em hospitais privados de Natal"}]},{"@type":"WebSite","@id":"https:\/\/deputadotaveirajr.com.br\/#website","url":"https:\/\/deputadotaveirajr.com.br\/","name":"Taveira Jr","description":"Deputado Estadual","publisher":{"@id":"https:\/\/deputadotaveirajr.com.br\/#organization"},"potentialAction":[{"@type":"SearchAction","target":{"@type":"EntryPoint","urlTemplate":"https:\/\/deputadotaveirajr.com.br\/?s={search_term_string}"},"query-input":{"@type":"PropertyValueSpecification","valueRequired":true,"valueName":"search_term_string"}}],"inLanguage":"pt-BR"},{"@type":"Organization","@id":"https:\/\/deputadotaveirajr.com.br\/#organization","name":"Taveira Jr","url":"https:\/\/deputadotaveirajr.com.br\/","logo":{"@type":"ImageObject","inLanguage":"pt-BR","@id":"https:\/\/deputadotaveirajr.com.br\/#\/schema\/logo\/image\/","url":"https:\/\/deputadotaveirajr.com.br\/wp-content\/uploads\/2026\/01\/logolow2a.png","contentUrl":"https:\/\/deputadotaveirajr.com.br\/wp-content\/uploads\/2026\/01\/logolow2a.png","width":290,"height":80,"caption":"Taveira Jr"},"image":{"@id":"https:\/\/deputadotaveirajr.com.br\/#\/schema\/logo\/image\/"}}]}},"_links":{"self":[{"href":"https:\/\/deputadotaveirajr.com.br\/index.php\/wp-json\/wp\/v2\/pages\/14438","targetHints":{"allow":["GET"]}}],"collection":[{"href":"https:\/\/deputadotaveirajr.com.br\/index.php\/wp-json\/wp\/v2\/pages"}],"about":[{"href":"https:\/\/deputadotaveirajr.com.br\/index.php\/wp-json\/wp\/v2\/types\/page"}],"replies":[{"embeddable":true,"href":"https:\/\/deputadotaveirajr.com.br\/index.php\/wp-json\/wp\/v2\/comments?post=14438"}],"version-history":[{"count":0,"href":"https:\/\/deputadotaveirajr.com.br\/index.php\/wp-json\/wp\/v2\/pages\/14438\/revisions"}],"wp:featuredmedia":[{"embeddable":true,"href":"https:\/\/deputadotaveirajr.com.br\/index.php\/wp-json\/wp\/v2\/media\/14439"}],"wp:attachment":[{"href":"https:\/\/deputadotaveirajr.com.br\/index.php\/wp-json\/wp\/v2\/media?parent=14438"}],"curies":[{"name":"wp","href":"https:\/\/api.w.org\/{rel}","templated":true}]}}