{"id":14440,"date":"2025-11-04T08:36:30","date_gmt":"2025-11-04T11:36:30","guid":{"rendered":"https:\/\/deputadotaveirajr.com.br\/index.php\/justica-eleitoral-cassa-prefeito-e-vice-de-sao-miguel-do-gostoso-por-contratacoes-em-massa-em-ano-eleitoral\/"},"modified":"2025-11-04T08:36:30","modified_gmt":"2025-11-04T11:36:30","slug":"justica-eleitoral-cassa-prefeito-e-vice-de-sao-miguel-do-gostoso-por-contratacoes-em-massa-em-ano-eleitoral","status":"publish","type":"page","link":"https:\/\/deputadotaveirajr.com.br\/index.php\/justica-eleitoral-cassa-prefeito-e-vice-de-sao-miguel-do-gostoso-por-contratacoes-em-massa-em-ano-eleitoral\/","title":{"rendered":"Justi\u00e7a Eleitoral cassa prefeito e vice de S\u00e3o Miguel do Gostoso por contrata\u00e7\u00f5es &#8216;em massa&#8217; em ano eleitoral"},"content":{"rendered":"<p><img decoding=\"async\" src=\"https:\/\/s2-g1.glbimg.com\/DGDGF2RcKTmVAXcsenvDTc3LdXk=\/i.s3.glbimg.com\/v1\/AUTH_59edd422c0c84a879bd37670ae4f538a\/internal_photos\/bs\/2025\/V\/7\/FZEpETQXilq8Bhv8ozSg\/prefeito-e-vice-cassados.jpg\" \/><br \/>     Pol\u00edtica: Justi\u00e7a eleitoral cassa prefeito e vice de S\u00e3o Miguel do Gostoso<br \/>\nA Justi\u00e7a Eleitoral cassou os mandatos do prefeito de S\u00e3o Miguel do Gostoso, Leonardo Teixeira (PSD), conhecido como L\u00e9o de Doquinha, e do vice-prefeito, Jo\u00e3o Eudes (PT), por irregularidades nas elei\u00e7\u00f5es de 2024 no munic\u00edpio do litoral Norte potiguar.<br \/>\nA decis\u00e3o \u00e9 de primeira inst\u00e2ncia e, por isso, os dois podem seguir nos cargos enquanto aguardarem recurso no Tribunal Regional Eleitoral do Rio Grande do Norte.<br \/>\n\ud83d\udcf3 Clique aqui para seguir o canal do g1 RN no WhatsApp<br \/>\nDe acordo com a senten\u00e7a, L\u00e9o de Doquinha e Jo\u00e3o Eudes foram favorecidos por contrata\u00e7\u00f5es tempor\u00e1rias realizadas no ano passado pelo ent\u00e3o prefeito do munic\u00edpio, Renato de Doquinha.<br \/>\nSegundo a den\u00fancia que levou \u00e0 condena\u00e7\u00e3o, o ex-gestor promoveu uma \u201ccontrata\u00e7\u00e3o em massa\u201d de servidores no ano eleitoral, com o objetivo de conseguir apoio pol\u00edtico aos candidatos que apoiava.<br \/>\nPrefeito L\u00e9o de Doquinha (PSD), \u00e0 esquerda na imagem sem gravata, e o vice-prefeito Jo\u00e3o Eudes (PT), de S\u00e3o Miguel do Gostoso<br \/>\nInter TV Cabugi\/Reprodu\u00e7\u00e3o<br \/>\nConforme o processo, foram admitidos 385 servidores tempor\u00e1rios em 2024, praticamente o dobro dos contratos que j\u00e1 existiam. Para o juiz respons\u00e1vel pelo caso, as contrata\u00e7\u00f5es tiveram car\u00e1ter eleitoreiro e influenciaram o resultado das urnas.<br \/>\nCom a decis\u00e3o, L\u00e9o de Doquinha e Jo\u00e3o Eudes tiveram os votos anulados e os mandatos cassados. J\u00e1 o ex-prefeito Renato de Doquinha foi declarado ineleg\u00edvel por oito anos. A senten\u00e7a tamb\u00e9m determina a realiza\u00e7\u00e3o de novas elei\u00e7\u00f5es no munic\u00edpio.<br \/>\nEm nota, a defesa dos cassados afirmou que as contrata\u00e7\u00f5es n\u00e3o tiveram finalidade pol\u00edtica, mas atenderam \u00e0s necessidades do servi\u00e7o p\u00fablico.<br \/>\nO grupo destacou ainda que a decis\u00e3o \u00e9 de primeira inst\u00e2ncia e que o caso ser\u00e1 analisado pelo TRE.<br \/>\nVeja os v\u00eddeos mais assistidos no g1 RN<\/p>","protected":false},"excerpt":{"rendered":"<p>Pol\u00edtica: Justi\u00e7a eleitoral cassa prefeito e vice de S\u00e3o Miguel do Gostoso A Justi\u00e7a Eleitoral cassou os mandatos do prefeito de S\u00e3o Miguel do Gostoso, Leonardo Teixeira (PSD), conhecido como &#8230;<\/p>\n","protected":false},"author":0,"featured_media":14441,"parent":0,"menu_order":0,"comment_status":"closed","ping_status":"closed","template":"","meta":{"footnotes":""},"class_list":["post-14440","page","type-page","status-publish","has-post-thumbnail","hentry"],"yoast_head":"<!-- This site is optimized with the Yoast SEO plugin v27.1.1 - https:\/\/yoast.com\/product\/yoast-seo-wordpress\/ -->\n<title>Justi\u00e7a Eleitoral cassa prefeito e vice de S\u00e3o Miguel do Gostoso por contrata\u00e7\u00f5es &#039;em massa&#039; em ano eleitoral - Taveira Jr<\/title>\n<meta name=\"robots\" content=\"index, follow, max-snippet:-1, max-image-preview:large, max-video-preview:-1\" \/>\n<link rel=\"canonical\" href=\"https:\/\/deputadotaveirajr.com.br\/index.php\/justica-eleitoral-cassa-prefeito-e-vice-de-sao-miguel-do-gostoso-por-contratacoes-em-massa-em-ano-eleitoral\/\" \/>\n<meta property=\"og:locale\" content=\"pt_BR\" \/>\n<meta property=\"og:type\" content=\"article\" \/>\n<meta property=\"og:title\" content=\"Justi\u00e7a Eleitoral cassa prefeito e vice de S\u00e3o Miguel do Gostoso por contrata\u00e7\u00f5es &#039;em massa&#039; em ano eleitoral - Taveira Jr\" \/>\n<meta property=\"og:description\" content=\"Pol\u00edtica: Justi\u00e7a eleitoral cassa prefeito e vice de S\u00e3o Miguel do Gostoso A Justi\u00e7a Eleitoral cassou os mandatos do prefeito de S\u00e3o Miguel do Gostoso, Leonardo Teixeira (PSD), conhecido como ...\" \/>\n<meta property=\"og:url\" content=\"https:\/\/deputadotaveirajr.com.br\/index.php\/justica-eleitoral-cassa-prefeito-e-vice-de-sao-miguel-do-gostoso-por-contratacoes-em-massa-em-ano-eleitoral\/\" \/>\n<meta property=\"og:site_name\" content=\"Taveira Jr\" \/>\n<meta property=\"og:image\" content=\"https:\/\/s2-g1.glbimg.com\/DGDGF2RcKTmVAXcsenvDTc3LdXk=\/i.s3.glbimg.com\/v1\/AUTH_59edd422c0c84a879bd37670ae4f538a\/internal_photos\/bs\/2025\/V\/7\/FZEpETQXilq8Bhv8ozSg\/prefeito-e-vice-cassados.jpg\" \/>\n<meta name=\"twitter:card\" content=\"summary_large_image\" \/>\n<meta name=\"twitter:label1\" content=\"Est. tempo de leitura\" \/>\n\t<meta name=\"twitter:data1\" content=\"2 minutos\" \/>\n<script type=\"application\/ld+json\" class=\"yoast-schema-graph\">{\"@context\":\"https:\/\/schema.org\",\"@graph\":[{\"@type\":\"WebPage\",\"@id\":\"https:\/\/deputadotaveirajr.com.br\/index.php\/justica-eleitoral-cassa-prefeito-e-vice-de-sao-miguel-do-gostoso-por-contratacoes-em-massa-em-ano-eleitoral\/\",\"url\":\"https:\/\/deputadotaveirajr.com.br\/index.php\/justica-eleitoral-cassa-prefeito-e-vice-de-sao-miguel-do-gostoso-por-contratacoes-em-massa-em-ano-eleitoral\/\",\"name\":\"Justi\u00e7a Eleitoral cassa prefeito e vice de S\u00e3o Miguel do Gostoso por contrata\u00e7\u00f5es 'em massa' em ano eleitoral - Taveira Jr\",\"isPartOf\":{\"@id\":\"https:\/\/deputadotaveirajr.com.br\/#website\"},\"primaryImageOfPage\":{\"@id\":\"https:\/\/deputadotaveirajr.com.br\/index.php\/justica-eleitoral-cassa-prefeito-e-vice-de-sao-miguel-do-gostoso-por-contratacoes-em-massa-em-ano-eleitoral\/#primaryimage\"},\"image\":{\"@id\":\"https:\/\/deputadotaveirajr.com.br\/index.php\/justica-eleitoral-cassa-prefeito-e-vice-de-sao-miguel-do-gostoso-por-contratacoes-em-massa-em-ano-eleitoral\/#primaryimage\"},\"thumbnailUrl\":\"https:\/\/deputadotaveirajr.com.br\/wp-content\/uploads\/2025\/11\/prefeito-e-vice-cassados-ZKMgnl.jpg\",\"datePublished\":\"2025-11-04T11:36:30+00:00\",\"breadcrumb\":{\"@id\":\"https:\/\/deputadotaveirajr.com.br\/index.php\/justica-eleitoral-cassa-prefeito-e-vice-de-sao-miguel-do-gostoso-por-contratacoes-em-massa-em-ano-eleitoral\/#breadcrumb\"},\"inLanguage\":\"pt-BR\",\"potentialAction\":[{\"@type\":\"ReadAction\",\"target\":[\"https:\/\/deputadotaveirajr.com.br\/index.php\/justica-eleitoral-cassa-prefeito-e-vice-de-sao-miguel-do-gostoso-por-contratacoes-em-massa-em-ano-eleitoral\/\"]}]},{\"@type\":\"ImageObject\",\"inLanguage\":\"pt-BR\",\"@id\":\"https:\/\/deputadotaveirajr.com.br\/index.php\/justica-eleitoral-cassa-prefeito-e-vice-de-sao-miguel-do-gostoso-por-contratacoes-em-massa-em-ano-eleitoral\/#primaryimage\",\"url\":\"https:\/\/deputadotaveirajr.com.br\/wp-content\/uploads\/2025\/11\/prefeito-e-vice-cassados-ZKMgnl.jpg\",\"contentUrl\":\"https:\/\/deputadotaveirajr.com.br\/wp-content\/uploads\/2025\/11\/prefeito-e-vice-cassados-ZKMgnl.jpg\",\"width\":1200,\"height\":680},{\"@type\":\"BreadcrumbList\",\"@id\":\"https:\/\/deputadotaveirajr.com.br\/index.php\/justica-eleitoral-cassa-prefeito-e-vice-de-sao-miguel-do-gostoso-por-contratacoes-em-massa-em-ano-eleitoral\/#breadcrumb\",\"itemListElement\":[{\"@type\":\"ListItem\",\"position\":1,\"name\":\"In\u00edcio\",\"item\":\"https:\/\/deputadotaveirajr.com.br\/\"},{\"@type\":\"ListItem\",\"position\":2,\"name\":\"Justi\u00e7a Eleitoral cassa prefeito e vice de S\u00e3o Miguel do Gostoso por contrata\u00e7\u00f5es &#8216;em massa&#8217; em ano eleitoral\"}]},{\"@type\":\"WebSite\",\"@id\":\"https:\/\/deputadotaveirajr.com.br\/#website\",\"url\":\"https:\/\/deputadotaveirajr.com.br\/\",\"name\":\"Taveira Jr\",\"description\":\"Deputado Estadual\",\"publisher\":{\"@id\":\"https:\/\/deputadotaveirajr.com.br\/#organization\"},\"potentialAction\":[{\"@type\":\"SearchAction\",\"target\":{\"@type\":\"EntryPoint\",\"urlTemplate\":\"https:\/\/deputadotaveirajr.com.br\/?s={search_term_string}\"},\"query-input\":{\"@type\":\"PropertyValueSpecification\",\"valueRequired\":true,\"valueName\":\"search_term_string\"}}],\"inLanguage\":\"pt-BR\"},{\"@type\":\"Organization\",\"@id\":\"https:\/\/deputadotaveirajr.com.br\/#organization\",\"name\":\"Taveira Jr\",\"url\":\"https:\/\/deputadotaveirajr.com.br\/\",\"logo\":{\"@type\":\"ImageObject\",\"inLanguage\":\"pt-BR\",\"@id\":\"https:\/\/deputadotaveirajr.com.br\/#\/schema\/logo\/image\/\",\"url\":\"https:\/\/deputadotaveirajr.com.br\/wp-content\/uploads\/2026\/01\/logolow2a.png\",\"contentUrl\":\"https:\/\/deputadotaveirajr.com.br\/wp-content\/uploads\/2026\/01\/logolow2a.png\",\"width\":290,\"height\":80,\"caption\":\"Taveira Jr\"},\"image\":{\"@id\":\"https:\/\/deputadotaveirajr.com.br\/#\/schema\/logo\/image\/\"}}]}<\/script>\n<!-- \/ Yoast SEO plugin. -->","yoast_head_json":{"title":"Justi\u00e7a Eleitoral cassa prefeito e vice de S\u00e3o Miguel do Gostoso por contrata\u00e7\u00f5es 'em massa' em ano eleitoral - Taveira Jr","robots":{"index":"index","follow":"follow","max-snippet":"max-snippet:-1","max-image-preview":"max-image-preview:large","max-video-preview":"max-video-preview:-1"},"canonical":"https:\/\/deputadotaveirajr.com.br\/index.php\/justica-eleitoral-cassa-prefeito-e-vice-de-sao-miguel-do-gostoso-por-contratacoes-em-massa-em-ano-eleitoral\/","og_locale":"pt_BR","og_type":"article","og_title":"Justi\u00e7a Eleitoral cassa prefeito e vice de S\u00e3o Miguel do Gostoso por contrata\u00e7\u00f5es 'em massa' em ano eleitoral - Taveira Jr","og_description":"Pol\u00edtica: Justi\u00e7a eleitoral cassa prefeito e vice de S\u00e3o Miguel do Gostoso A Justi\u00e7a Eleitoral cassou os mandatos do prefeito de S\u00e3o Miguel do Gostoso, Leonardo Teixeira (PSD), conhecido como ...","og_url":"https:\/\/deputadotaveirajr.com.br\/index.php\/justica-eleitoral-cassa-prefeito-e-vice-de-sao-miguel-do-gostoso-por-contratacoes-em-massa-em-ano-eleitoral\/","og_site_name":"Taveira Jr","og_image":[{"url":"https:\/\/s2-g1.glbimg.com\/DGDGF2RcKTmVAXcsenvDTc3LdXk=\/i.s3.glbimg.com\/v1\/AUTH_59edd422c0c84a879bd37670ae4f538a\/internal_photos\/bs\/2025\/V\/7\/FZEpETQXilq8Bhv8ozSg\/prefeito-e-vice-cassados.jpg","type":"","width":"","height":""}],"twitter_card":"summary_large_image","twitter_misc":{"Est. tempo de leitura":"2 minutos"},"schema":{"@context":"https:\/\/schema.org","@graph":[{"@type":"WebPage","@id":"https:\/\/deputadotaveirajr.com.br\/index.php\/justica-eleitoral-cassa-prefeito-e-vice-de-sao-miguel-do-gostoso-por-contratacoes-em-massa-em-ano-eleitoral\/","url":"https:\/\/deputadotaveirajr.com.br\/index.php\/justica-eleitoral-cassa-prefeito-e-vice-de-sao-miguel-do-gostoso-por-contratacoes-em-massa-em-ano-eleitoral\/","name":"Justi\u00e7a Eleitoral cassa prefeito e vice de S\u00e3o Miguel do Gostoso por contrata\u00e7\u00f5es 'em massa' em ano eleitoral - Taveira Jr","isPartOf":{"@id":"https:\/\/deputadotaveirajr.com.br\/#website"},"primaryImageOfPage":{"@id":"https:\/\/deputadotaveirajr.com.br\/index.php\/justica-eleitoral-cassa-prefeito-e-vice-de-sao-miguel-do-gostoso-por-contratacoes-em-massa-em-ano-eleitoral\/#primaryimage"},"image":{"@id":"https:\/\/deputadotaveirajr.com.br\/index.php\/justica-eleitoral-cassa-prefeito-e-vice-de-sao-miguel-do-gostoso-por-contratacoes-em-massa-em-ano-eleitoral\/#primaryimage"},"thumbnailUrl":"https:\/\/deputadotaveirajr.com.br\/wp-content\/uploads\/2025\/11\/prefeito-e-vice-cassados-ZKMgnl.jpg","datePublished":"2025-11-04T11:36:30+00:00","breadcrumb":{"@id":"https:\/\/deputadotaveirajr.com.br\/index.php\/justica-eleitoral-cassa-prefeito-e-vice-de-sao-miguel-do-gostoso-por-contratacoes-em-massa-em-ano-eleitoral\/#breadcrumb"},"inLanguage":"pt-BR","potentialAction":[{"@type":"ReadAction","target":["https:\/\/deputadotaveirajr.com.br\/index.php\/justica-eleitoral-cassa-prefeito-e-vice-de-sao-miguel-do-gostoso-por-contratacoes-em-massa-em-ano-eleitoral\/"]}]},{"@type":"ImageObject","inLanguage":"pt-BR","@id":"https:\/\/deputadotaveirajr.com.br\/index.php\/justica-eleitoral-cassa-prefeito-e-vice-de-sao-miguel-do-gostoso-por-contratacoes-em-massa-em-ano-eleitoral\/#primaryimage","url":"https:\/\/deputadotaveirajr.com.br\/wp-content\/uploads\/2025\/11\/prefeito-e-vice-cassados-ZKMgnl.jpg","contentUrl":"https:\/\/deputadotaveirajr.com.br\/wp-content\/uploads\/2025\/11\/prefeito-e-vice-cassados-ZKMgnl.jpg","width":1200,"height":680},{"@type":"BreadcrumbList","@id":"https:\/\/deputadotaveirajr.com.br\/index.php\/justica-eleitoral-cassa-prefeito-e-vice-de-sao-miguel-do-gostoso-por-contratacoes-em-massa-em-ano-eleitoral\/#breadcrumb","itemListElement":[{"@type":"ListItem","position":1,"name":"In\u00edcio","item":"https:\/\/deputadotaveirajr.com.br\/"},{"@type":"ListItem","position":2,"name":"Justi\u00e7a Eleitoral cassa prefeito e vice de S\u00e3o Miguel do Gostoso por contrata\u00e7\u00f5es &#8216;em massa&#8217; em ano eleitoral"}]},{"@type":"WebSite","@id":"https:\/\/deputadotaveirajr.com.br\/#website","url":"https:\/\/deputadotaveirajr.com.br\/","name":"Taveira Jr","description":"Deputado Estadual","publisher":{"@id":"https:\/\/deputadotaveirajr.com.br\/#organization"},"potentialAction":[{"@type":"SearchAction","target":{"@type":"EntryPoint","urlTemplate":"https:\/\/deputadotaveirajr.com.br\/?s={search_term_string}"},"query-input":{"@type":"PropertyValueSpecification","valueRequired":true,"valueName":"search_term_string"}}],"inLanguage":"pt-BR"},{"@type":"Organization","@id":"https:\/\/deputadotaveirajr.com.br\/#organization","name":"Taveira Jr","url":"https:\/\/deputadotaveirajr.com.br\/","logo":{"@type":"ImageObject","inLanguage":"pt-BR","@id":"https:\/\/deputadotaveirajr.com.br\/#\/schema\/logo\/image\/","url":"https:\/\/deputadotaveirajr.com.br\/wp-content\/uploads\/2026\/01\/logolow2a.png","contentUrl":"https:\/\/deputadotaveirajr.com.br\/wp-content\/uploads\/2026\/01\/logolow2a.png","width":290,"height":80,"caption":"Taveira Jr"},"image":{"@id":"https:\/\/deputadotaveirajr.com.br\/#\/schema\/logo\/image\/"}}]}},"_links":{"self":[{"href":"https:\/\/deputadotaveirajr.com.br\/index.php\/wp-json\/wp\/v2\/pages\/14440","targetHints":{"allow":["GET"]}}],"collection":[{"href":"https:\/\/deputadotaveirajr.com.br\/index.php\/wp-json\/wp\/v2\/pages"}],"about":[{"href":"https:\/\/deputadotaveirajr.com.br\/index.php\/wp-json\/wp\/v2\/types\/page"}],"replies":[{"embeddable":true,"href":"https:\/\/deputadotaveirajr.com.br\/index.php\/wp-json\/wp\/v2\/comments?post=14440"}],"version-history":[{"count":0,"href":"https:\/\/deputadotaveirajr.com.br\/index.php\/wp-json\/wp\/v2\/pages\/14440\/revisions"}],"wp:featuredmedia":[{"embeddable":true,"href":"https:\/\/deputadotaveirajr.com.br\/index.php\/wp-json\/wp\/v2\/media\/14441"}],"wp:attachment":[{"href":"https:\/\/deputadotaveirajr.com.br\/index.php\/wp-json\/wp\/v2\/media?parent=14440"}],"curies":[{"name":"wp","href":"https:\/\/api.w.org\/{rel}","templated":true}]}}