{"id":14458,"date":"2025-11-06T15:43:46","date_gmt":"2025-11-06T18:43:46","guid":{"rendered":"https:\/\/deputadotaveirajr.com.br\/index.php\/plataforma-de-apostas-e-condenada-por-fazer-ligacoes-excessivas-a-advogada-no-rn\/"},"modified":"2025-11-06T15:43:46","modified_gmt":"2025-11-06T18:43:46","slug":"plataforma-de-apostas-e-condenada-por-fazer-ligacoes-excessivas-a-advogada-no-rn","status":"publish","type":"page","link":"https:\/\/deputadotaveirajr.com.br\/index.php\/plataforma-de-apostas-e-condenada-por-fazer-ligacoes-excessivas-a-advogada-no-rn\/","title":{"rendered":"Plataforma de apostas \u00e9 condenada por fazer liga\u00e7\u00f5es excessivas a advogada no RN"},"content":{"rendered":"<p><img decoding=\"async\" src=\"https:\/\/s2-g1.glbimg.com\/_vw04JIEC-ydal7TsRJANpL76PA=\/i.s3.glbimg.com\/v1\/AUTH_59edd422c0c84a879bd37670ae4f538a\/internal_photos\/bs\/2025\/A\/B\/FxIPyKRDeUQSMmhAPL2g\/ilustra-vicio-jogos-b-08-07-25.mp4-snapshot-00.15.924.jpg\" \/><br \/>     Jogos online<br \/>\nReprodu\u00e7\u00e3o\/TV Gazeta<br \/>\nUma empresa respons\u00e1vel por operar uma plataforma de apostas, que n\u00e3o teve o nome divulgado, foi condenada ao pagamento de R$ 2 mil em danos morais a uma advogada que relatou ter sido alvo de liga\u00e7\u00f5es excessivas e perturba\u00e7\u00e3o de sossego.<br \/>\nA decis\u00e3o foi da Justi\u00e7a do Rio Grande do Norte, em senten\u00e7a da ju\u00edza Aline Daniele Bel\u00e9m Cordeiro Lucas, do juizado especial c\u00edvel e criminal da comarca de Ass\u00fa.<br \/>\n\ud83d\udcf3 Clique aqui para seguir o canal do g1 RN no WhatsApp<br \/>\nAl\u00e9m do pagamento da indeniza\u00e7\u00e3o, a ju\u00edza tamb\u00e9m determinou que a empresa se abstenha de efetuar novas liga\u00e7\u00f5es excessivas direcionadas \u00e0 consumidora.<br \/>\nA mulher informou, no processo, que recebia diversas liga\u00e7\u00f5es ao longo do dia, inclusive fora do hor\u00e1rio comercial. As liga\u00e7\u00f5es eram feitas por n\u00fameros comuns, o que dificultava a identifica\u00e7\u00e3o das chamadas e a filtragem das liga\u00e7\u00f5es indesejadas.<br \/>\nVeja os v\u00eddeos que est\u00e3o em alta no g1<br \/>\nA advogada relatou no processo ainda que, em raz\u00e3o da atividade profissional que exerce, necessita atender a todas as liga\u00e7\u00f5es recebidas. Ela declarou que jamais se cadastrou ou manteve qualquer tipo de rela\u00e7\u00e3o contratual com a empresa.<br \/>\nInicialmente, a ju\u00edza decretou a revelia da parte promovida, com base no artigo 344 do C\u00f3digo de Processo Civil, considerando que n\u00e3o foi apresentada contesta\u00e7\u00e3o nos autos e nem proposta de acordo, apesar de ter sido devidamente citada.<br \/>\nDecis\u00e3o<br \/>\nA magistrada do caso verificou a exist\u00eancia de provas suficientes para demonstrar a conduta il\u00edcita por parte da empresa em rela\u00e7\u00e3o \u00e0 realiza\u00e7\u00e3o das liga\u00e7\u00f5es.<br \/>\nA consumidora que foi alvo das liga\u00e7\u00f5es anexou no processo grava\u00e7\u00f5es e capturas de telas das chamadas.<br \/>\nSegundo a ju\u00edza, caberia \u00e0 empresa apresentar provas que demonstrem a exist\u00eancia de fato impeditivo, modificativo ou extintivo do direito do autor, o que n\u00e3o foi feito.<br \/>\n&#8220;A realiza\u00e7\u00e3o de liga\u00e7\u00f5es promocionais incessantes configura pr\u00e1tica abusiva por violar a tranquilidade do consumidor, pr\u00e1tica vedada pelo C\u00f3digo de Defesa do Consumidor (artigo 6\u00ba, inciso VI, do CDC)\u201d, citou na decis\u00e3o.<br \/>\nV\u00eddeos mais assistidos do g1 RN<\/p>","protected":false},"excerpt":{"rendered":"<p>Jogos online Reprodu\u00e7\u00e3o\/TV Gazeta Uma empresa respons\u00e1vel por operar uma plataforma de apostas, que n\u00e3o teve o nome divulgado, foi condenada ao pagamento de R$ 2 mil em danos morais &#8230;<\/p>\n","protected":false},"author":0,"featured_media":14459,"parent":0,"menu_order":0,"comment_status":"closed","ping_status":"closed","template":"","meta":{"footnotes":""},"class_list":["post-14458","page","type-page","status-publish","has-post-thumbnail","hentry"],"yoast_head":"<!-- This site is optimized with the Yoast SEO plugin v27.1.1 - https:\/\/yoast.com\/product\/yoast-seo-wordpress\/ -->\n<title>Plataforma de apostas \u00e9 condenada por fazer liga\u00e7\u00f5es excessivas a advogada no RN - Taveira Jr<\/title>\n<meta name=\"robots\" content=\"index, follow, max-snippet:-1, max-image-preview:large, max-video-preview:-1\" \/>\n<link rel=\"canonical\" href=\"https:\/\/deputadotaveirajr.com.br\/index.php\/plataforma-de-apostas-e-condenada-por-fazer-ligacoes-excessivas-a-advogada-no-rn\/\" \/>\n<meta property=\"og:locale\" content=\"pt_BR\" \/>\n<meta property=\"og:type\" content=\"article\" \/>\n<meta property=\"og:title\" content=\"Plataforma de apostas \u00e9 condenada por fazer liga\u00e7\u00f5es excessivas a advogada no RN - Taveira Jr\" \/>\n<meta property=\"og:description\" content=\"Jogos online Reprodu\u00e7\u00e3o\/TV Gazeta Uma empresa respons\u00e1vel por operar uma plataforma de apostas, que n\u00e3o teve o nome divulgado, foi condenada ao pagamento de R$ 2 mil em danos morais ...\" \/>\n<meta property=\"og:url\" content=\"https:\/\/deputadotaveirajr.com.br\/index.php\/plataforma-de-apostas-e-condenada-por-fazer-ligacoes-excessivas-a-advogada-no-rn\/\" \/>\n<meta property=\"og:site_name\" content=\"Taveira Jr\" \/>\n<meta property=\"og:image\" content=\"https:\/\/s2-g1.glbimg.com\/_vw04JIEC-ydal7TsRJANpL76PA=\/i.s3.glbimg.com\/v1\/AUTH_59edd422c0c84a879bd37670ae4f538a\/internal_photos\/bs\/2025\/A\/B\/FxIPyKRDeUQSMmhAPL2g\/ilustra-vicio-jogos-b-08-07-25.mp4-snapshot-00.15.924.jpg\" \/>\n<meta name=\"twitter:card\" content=\"summary_large_image\" \/>\n<meta name=\"twitter:label1\" content=\"Est. tempo de leitura\" \/>\n\t<meta name=\"twitter:data1\" content=\"2 minutos\" \/>\n<script type=\"application\/ld+json\" class=\"yoast-schema-graph\">{\"@context\":\"https:\/\/schema.org\",\"@graph\":[{\"@type\":\"WebPage\",\"@id\":\"https:\/\/deputadotaveirajr.com.br\/index.php\/plataforma-de-apostas-e-condenada-por-fazer-ligacoes-excessivas-a-advogada-no-rn\/\",\"url\":\"https:\/\/deputadotaveirajr.com.br\/index.php\/plataforma-de-apostas-e-condenada-por-fazer-ligacoes-excessivas-a-advogada-no-rn\/\",\"name\":\"Plataforma de apostas \u00e9 condenada por fazer liga\u00e7\u00f5es excessivas a advogada no RN - Taveira Jr\",\"isPartOf\":{\"@id\":\"https:\/\/deputadotaveirajr.com.br\/#website\"},\"primaryImageOfPage\":{\"@id\":\"https:\/\/deputadotaveirajr.com.br\/index.php\/plataforma-de-apostas-e-condenada-por-fazer-ligacoes-excessivas-a-advogada-no-rn\/#primaryimage\"},\"image\":{\"@id\":\"https:\/\/deputadotaveirajr.com.br\/index.php\/plataforma-de-apostas-e-condenada-por-fazer-ligacoes-excessivas-a-advogada-no-rn\/#primaryimage\"},\"thumbnailUrl\":\"https:\/\/deputadotaveirajr.com.br\/wp-content\/uploads\/2025\/11\/ilustra-vicio-jogos-b-08-07-25.mp4-snapshot-00.15.924-8cHWUK.jpg\",\"datePublished\":\"2025-11-06T18:43:46+00:00\",\"breadcrumb\":{\"@id\":\"https:\/\/deputadotaveirajr.com.br\/index.php\/plataforma-de-apostas-e-condenada-por-fazer-ligacoes-excessivas-a-advogada-no-rn\/#breadcrumb\"},\"inLanguage\":\"pt-BR\",\"potentialAction\":[{\"@type\":\"ReadAction\",\"target\":[\"https:\/\/deputadotaveirajr.com.br\/index.php\/plataforma-de-apostas-e-condenada-por-fazer-ligacoes-excessivas-a-advogada-no-rn\/\"]}]},{\"@type\":\"ImageObject\",\"inLanguage\":\"pt-BR\",\"@id\":\"https:\/\/deputadotaveirajr.com.br\/index.php\/plataforma-de-apostas-e-condenada-por-fazer-ligacoes-excessivas-a-advogada-no-rn\/#primaryimage\",\"url\":\"https:\/\/deputadotaveirajr.com.br\/wp-content\/uploads\/2025\/11\/ilustra-vicio-jogos-b-08-07-25.mp4-snapshot-00.15.924-8cHWUK.jpg\",\"contentUrl\":\"https:\/\/deputadotaveirajr.com.br\/wp-content\/uploads\/2025\/11\/ilustra-vicio-jogos-b-08-07-25.mp4-snapshot-00.15.924-8cHWUK.jpg\",\"width\":1920,\"height\":1080},{\"@type\":\"BreadcrumbList\",\"@id\":\"https:\/\/deputadotaveirajr.com.br\/index.php\/plataforma-de-apostas-e-condenada-por-fazer-ligacoes-excessivas-a-advogada-no-rn\/#breadcrumb\",\"itemListElement\":[{\"@type\":\"ListItem\",\"position\":1,\"name\":\"In\u00edcio\",\"item\":\"https:\/\/deputadotaveirajr.com.br\/\"},{\"@type\":\"ListItem\",\"position\":2,\"name\":\"Plataforma de apostas \u00e9 condenada por fazer liga\u00e7\u00f5es excessivas a advogada no RN\"}]},{\"@type\":\"WebSite\",\"@id\":\"https:\/\/deputadotaveirajr.com.br\/#website\",\"url\":\"https:\/\/deputadotaveirajr.com.br\/\",\"name\":\"Taveira Jr\",\"description\":\"Deputado Estadual\",\"publisher\":{\"@id\":\"https:\/\/deputadotaveirajr.com.br\/#organization\"},\"potentialAction\":[{\"@type\":\"SearchAction\",\"target\":{\"@type\":\"EntryPoint\",\"urlTemplate\":\"https:\/\/deputadotaveirajr.com.br\/?s={search_term_string}\"},\"query-input\":{\"@type\":\"PropertyValueSpecification\",\"valueRequired\":true,\"valueName\":\"search_term_string\"}}],\"inLanguage\":\"pt-BR\"},{\"@type\":\"Organization\",\"@id\":\"https:\/\/deputadotaveirajr.com.br\/#organization\",\"name\":\"Taveira Jr\",\"url\":\"https:\/\/deputadotaveirajr.com.br\/\",\"logo\":{\"@type\":\"ImageObject\",\"inLanguage\":\"pt-BR\",\"@id\":\"https:\/\/deputadotaveirajr.com.br\/#\/schema\/logo\/image\/\",\"url\":\"https:\/\/deputadotaveirajr.com.br\/wp-content\/uploads\/2026\/01\/logolow2a.png\",\"contentUrl\":\"https:\/\/deputadotaveirajr.com.br\/wp-content\/uploads\/2026\/01\/logolow2a.png\",\"width\":290,\"height\":80,\"caption\":\"Taveira Jr\"},\"image\":{\"@id\":\"https:\/\/deputadotaveirajr.com.br\/#\/schema\/logo\/image\/\"}}]}<\/script>\n<!-- \/ Yoast SEO plugin. -->","yoast_head_json":{"title":"Plataforma de apostas \u00e9 condenada por fazer liga\u00e7\u00f5es excessivas a advogada no RN - Taveira Jr","robots":{"index":"index","follow":"follow","max-snippet":"max-snippet:-1","max-image-preview":"max-image-preview:large","max-video-preview":"max-video-preview:-1"},"canonical":"https:\/\/deputadotaveirajr.com.br\/index.php\/plataforma-de-apostas-e-condenada-por-fazer-ligacoes-excessivas-a-advogada-no-rn\/","og_locale":"pt_BR","og_type":"article","og_title":"Plataforma de apostas \u00e9 condenada por fazer liga\u00e7\u00f5es excessivas a advogada no RN - Taveira Jr","og_description":"Jogos online Reprodu\u00e7\u00e3o\/TV Gazeta Uma empresa respons\u00e1vel por operar uma plataforma de apostas, que n\u00e3o teve o nome divulgado, foi condenada ao pagamento de R$ 2 mil em danos morais ...","og_url":"https:\/\/deputadotaveirajr.com.br\/index.php\/plataforma-de-apostas-e-condenada-por-fazer-ligacoes-excessivas-a-advogada-no-rn\/","og_site_name":"Taveira Jr","og_image":[{"url":"https:\/\/s2-g1.glbimg.com\/_vw04JIEC-ydal7TsRJANpL76PA=\/i.s3.glbimg.com\/v1\/AUTH_59edd422c0c84a879bd37670ae4f538a\/internal_photos\/bs\/2025\/A\/B\/FxIPyKRDeUQSMmhAPL2g\/ilustra-vicio-jogos-b-08-07-25.mp4-snapshot-00.15.924.jpg","type":"","width":"","height":""}],"twitter_card":"summary_large_image","twitter_misc":{"Est. tempo de leitura":"2 minutos"},"schema":{"@context":"https:\/\/schema.org","@graph":[{"@type":"WebPage","@id":"https:\/\/deputadotaveirajr.com.br\/index.php\/plataforma-de-apostas-e-condenada-por-fazer-ligacoes-excessivas-a-advogada-no-rn\/","url":"https:\/\/deputadotaveirajr.com.br\/index.php\/plataforma-de-apostas-e-condenada-por-fazer-ligacoes-excessivas-a-advogada-no-rn\/","name":"Plataforma de apostas \u00e9 condenada por fazer liga\u00e7\u00f5es excessivas a advogada no RN - Taveira Jr","isPartOf":{"@id":"https:\/\/deputadotaveirajr.com.br\/#website"},"primaryImageOfPage":{"@id":"https:\/\/deputadotaveirajr.com.br\/index.php\/plataforma-de-apostas-e-condenada-por-fazer-ligacoes-excessivas-a-advogada-no-rn\/#primaryimage"},"image":{"@id":"https:\/\/deputadotaveirajr.com.br\/index.php\/plataforma-de-apostas-e-condenada-por-fazer-ligacoes-excessivas-a-advogada-no-rn\/#primaryimage"},"thumbnailUrl":"https:\/\/deputadotaveirajr.com.br\/wp-content\/uploads\/2025\/11\/ilustra-vicio-jogos-b-08-07-25.mp4-snapshot-00.15.924-8cHWUK.jpg","datePublished":"2025-11-06T18:43:46+00:00","breadcrumb":{"@id":"https:\/\/deputadotaveirajr.com.br\/index.php\/plataforma-de-apostas-e-condenada-por-fazer-ligacoes-excessivas-a-advogada-no-rn\/#breadcrumb"},"inLanguage":"pt-BR","potentialAction":[{"@type":"ReadAction","target":["https:\/\/deputadotaveirajr.com.br\/index.php\/plataforma-de-apostas-e-condenada-por-fazer-ligacoes-excessivas-a-advogada-no-rn\/"]}]},{"@type":"ImageObject","inLanguage":"pt-BR","@id":"https:\/\/deputadotaveirajr.com.br\/index.php\/plataforma-de-apostas-e-condenada-por-fazer-ligacoes-excessivas-a-advogada-no-rn\/#primaryimage","url":"https:\/\/deputadotaveirajr.com.br\/wp-content\/uploads\/2025\/11\/ilustra-vicio-jogos-b-08-07-25.mp4-snapshot-00.15.924-8cHWUK.jpg","contentUrl":"https:\/\/deputadotaveirajr.com.br\/wp-content\/uploads\/2025\/11\/ilustra-vicio-jogos-b-08-07-25.mp4-snapshot-00.15.924-8cHWUK.jpg","width":1920,"height":1080},{"@type":"BreadcrumbList","@id":"https:\/\/deputadotaveirajr.com.br\/index.php\/plataforma-de-apostas-e-condenada-por-fazer-ligacoes-excessivas-a-advogada-no-rn\/#breadcrumb","itemListElement":[{"@type":"ListItem","position":1,"name":"In\u00edcio","item":"https:\/\/deputadotaveirajr.com.br\/"},{"@type":"ListItem","position":2,"name":"Plataforma de apostas \u00e9 condenada por fazer liga\u00e7\u00f5es excessivas a advogada no RN"}]},{"@type":"WebSite","@id":"https:\/\/deputadotaveirajr.com.br\/#website","url":"https:\/\/deputadotaveirajr.com.br\/","name":"Taveira Jr","description":"Deputado Estadual","publisher":{"@id":"https:\/\/deputadotaveirajr.com.br\/#organization"},"potentialAction":[{"@type":"SearchAction","target":{"@type":"EntryPoint","urlTemplate":"https:\/\/deputadotaveirajr.com.br\/?s={search_term_string}"},"query-input":{"@type":"PropertyValueSpecification","valueRequired":true,"valueName":"search_term_string"}}],"inLanguage":"pt-BR"},{"@type":"Organization","@id":"https:\/\/deputadotaveirajr.com.br\/#organization","name":"Taveira Jr","url":"https:\/\/deputadotaveirajr.com.br\/","logo":{"@type":"ImageObject","inLanguage":"pt-BR","@id":"https:\/\/deputadotaveirajr.com.br\/#\/schema\/logo\/image\/","url":"https:\/\/deputadotaveirajr.com.br\/wp-content\/uploads\/2026\/01\/logolow2a.png","contentUrl":"https:\/\/deputadotaveirajr.com.br\/wp-content\/uploads\/2026\/01\/logolow2a.png","width":290,"height":80,"caption":"Taveira Jr"},"image":{"@id":"https:\/\/deputadotaveirajr.com.br\/#\/schema\/logo\/image\/"}}]}},"_links":{"self":[{"href":"https:\/\/deputadotaveirajr.com.br\/index.php\/wp-json\/wp\/v2\/pages\/14458","targetHints":{"allow":["GET"]}}],"collection":[{"href":"https:\/\/deputadotaveirajr.com.br\/index.php\/wp-json\/wp\/v2\/pages"}],"about":[{"href":"https:\/\/deputadotaveirajr.com.br\/index.php\/wp-json\/wp\/v2\/types\/page"}],"replies":[{"embeddable":true,"href":"https:\/\/deputadotaveirajr.com.br\/index.php\/wp-json\/wp\/v2\/comments?post=14458"}],"version-history":[{"count":0,"href":"https:\/\/deputadotaveirajr.com.br\/index.php\/wp-json\/wp\/v2\/pages\/14458\/revisions"}],"wp:featuredmedia":[{"embeddable":true,"href":"https:\/\/deputadotaveirajr.com.br\/index.php\/wp-json\/wp\/v2\/media\/14459"}],"wp:attachment":[{"href":"https:\/\/deputadotaveirajr.com.br\/index.php\/wp-json\/wp\/v2\/media?parent=14458"}],"curies":[{"name":"wp","href":"https:\/\/api.w.org\/{rel}","templated":true}]}}