{"id":14460,"date":"2025-11-07T15:28:47","date_gmt":"2025-11-07T18:28:47","guid":{"rendered":"https:\/\/deputadotaveirajr.com.br\/index.php\/lixo-internacional-e-encontrado-novamente-em-praia-em-natal\/"},"modified":"2025-11-07T15:28:47","modified_gmt":"2025-11-07T18:28:47","slug":"lixo-internacional-e-encontrado-novamente-em-praia-em-natal","status":"publish","type":"page","link":"https:\/\/deputadotaveirajr.com.br\/index.php\/lixo-internacional-e-encontrado-novamente-em-praia-em-natal\/","title":{"rendered":"Lixo internacional \u00e9 encontrado novamente em praia em Natal"},"content":{"rendered":"<p><img decoding=\"async\" src=\"https:\/\/s2-g1.glbimg.com\/DQPkEwiKDa6DTtPrkZNhvZxoWHY=\/i.s3.glbimg.com\/v1\/AUTH_59edd422c0c84a879bd37670ae4f538a\/internal_photos\/bs\/2025\/x\/g\/7AWVEuRcCV5fMiaccexQ\/whatsapp-image-2025-11-07-at-14.30.13.jpeg\" \/><br \/>     Lixo asia\u0301tico volta a parecer no litoral do RN<br \/>\nO lixo internacional voltou a aparecer na Praia do Segredo, na Via Costeira, em Natal neste m\u00eas de novembro. Foi o que informou a Companhia de Servi\u00e7os Urbanos (Urbana), empresa contratada pela prefeitura, que realiza servi\u00e7os de limpeza na capital.<br \/>\nSegundo a Urbana, os garis encontraram, na quinta-feira (6), garrafas de \u00e1gua, embalagens de macarr\u00e3o instant\u00e2neo, ch\u00e1 verde, entre outros produtos aliment\u00edcios que estavam em idiomas asi\u00e1ticos.<br \/>\n\ud83d\udcf3 Clique aqui para seguir o canal do g1 RN no WhatsApp<br \/>\n\u201cEsses res\u00edduos n\u00e3o s\u00e3o gerados em Natal, mas chegam aqui trazidos pelas correntes mar\u00edtimas. \u00c9 um reflexo do mau gerenciamento dos pl\u00e1sticos em escala mundial, um problema que ultrapassa fronteiras e exige coopera\u00e7\u00e3o entre pa\u00edses\u201d, falou o presidente da Urbana, Alvamar Vale.<br \/>\nLixo encontrado nas praias de Natal<br \/>\nDivulga\u00e7\u00e3o\/Urbana<br \/>\nLEIA TAMB\u00c9M<br \/>\nVia Costeira: A praia selvagem brasileira que virou &#8216;cemit\u00e9rio&#8217; de lixo asi\u00e1tico<br \/>\nAssocia\u00e7\u00e3o: Lixo internacional \u00e9 encontrado em pelo menos mais tr\u00eas praias do RN<br \/>\n\ud83d\udc49 No in\u00edcio deste ano, al\u00e9m de tamb\u00e9m ter sido encontrado na Via Costeira, o lixo internacional apareceu em pelo menos outras tr\u00eas praias do litoral do estado: Muri\u00fa (em Cear\u00e1-Mirim), Cabo de S\u00e3o Roque (Maxaranguape) e B\u00fazios (N\u00edsia Floresta).<br \/>\nA Associa\u00e7\u00e3o de Prote\u00e7\u00e3o e Conserva\u00e7\u00e3o Ambiental Cabo de S\u00e3o Roque havia informado ao g1, na \u00e9poca, que desde 2018 esse tipo de lixo era encontrado nas praias. Uma pesquisa de 2021 da Associa\u00e7\u00e3o apontou que, apenas na praia de Cabo de S\u00e3o Roque, havia lixo de 23 pa\u00edses diferentes.<br \/>\nA associa\u00e7\u00e3o apontou que esse lixo pode ter sido despejado por navios cargueiros que se aproximavam do litoral brasileiro para evitar algum custo a mais para descarregar o material nos portos.<br \/>\nLixo em Natal<br \/>\nA Urbana informou que mant\u00e9m a limpeza di\u00e1ria das praias, incluindo as \u00e1reas de menor movimenta\u00e7\u00e3o e que tem &#8220;o compromisso com a preserva\u00e7\u00e3o ambiental e o turismo sustent\u00e1vel&#8221;.<br \/>\nSegundo a Urbana, esse tipo de lixo internacional que foi encontrado na quinta-feira tem sido encontrado com frequ\u00eancia na Praia do Segredo, na Via Costeira.<br \/>\n&#8220;O lixo de proveni\u00eancia asi\u00e1tica tem realmente aparecido aqui. Semanalmente a gente tem visto o reaparecimento desse material&#8221;, falou F\u00e1bio Kennedy, encarregado de servi\u00e7os da Urbana.<br \/>\n&#8220;A nossa presid\u00eancia nos orienta diariamente a fazer todo o monitoramento disso, desse aparecimento desse material na praia de Ponta Negra, na Via Costeira, e nas demais praias&#8221;, completou.<br \/>\nGarrafa encontrada na praia do Segredo, na Via Costeira<br \/>\nDivulga\u00e7\u00e3o\/Urbana<br \/>\nSegundo F\u00e1bio Kennedy, apenas na Via Costeira cerca de 20 a 30 sacos de lixo s\u00e3o recolhidos nessas limpezas e seguem o mesmo destino da coleta domiciliar.<br \/>\n&#8220;O c\u00f3digo encontrado nessas embalagans de garrafa pet, de cigarros, bebidas se mostram de uma outra nacionalidade. Esse material a gente tem encontrado e a gente define como material asi\u00e1tico, n\u00e3o s\u00f3 pelos dizeres que t\u00eam nos r\u00f3tulos, como tamb\u00e9m pelo c\u00f3digo de barras que tem uma numera\u00e7\u00e3o que pertence a um outro pa\u00eds&#8221;, afirmou.<br \/>\nA companhia informou ainda que desenvolve campanhas de conscientiza\u00e7\u00e3o sobre o descarte correto de res\u00edduos e o uso respons\u00e1vel do pl\u00e1stico.<br \/>\nV\u00eddeos mais assistidos do g1 RN<\/p>","protected":false},"excerpt":{"rendered":"<p>Lixo asia\u0301tico volta a parecer no litoral do RN O lixo internacional voltou a aparecer na Praia do Segredo, na Via Costeira, em Natal neste m\u00eas de novembro. Foi o &#8230;<\/p>\n","protected":false},"author":0,"featured_media":14461,"parent":0,"menu_order":0,"comment_status":"closed","ping_status":"closed","template":"","meta":{"footnotes":""},"class_list":["post-14460","page","type-page","status-publish","has-post-thumbnail","hentry"],"yoast_head":"<!-- This site is optimized with the Yoast SEO plugin v27.1.1 - https:\/\/yoast.com\/product\/yoast-seo-wordpress\/ -->\n<title>Lixo internacional \u00e9 encontrado novamente em praia em Natal - Taveira Jr<\/title>\n<meta name=\"robots\" content=\"index, follow, max-snippet:-1, max-image-preview:large, max-video-preview:-1\" \/>\n<link rel=\"canonical\" href=\"https:\/\/deputadotaveirajr.com.br\/index.php\/lixo-internacional-e-encontrado-novamente-em-praia-em-natal\/\" \/>\n<meta property=\"og:locale\" content=\"pt_BR\" \/>\n<meta property=\"og:type\" content=\"article\" \/>\n<meta property=\"og:title\" content=\"Lixo internacional \u00e9 encontrado novamente em praia em Natal - Taveira Jr\" \/>\n<meta property=\"og:description\" content=\"Lixo asia\u0301tico volta a parecer no litoral do RN O lixo internacional voltou a aparecer na Praia do Segredo, na Via Costeira, em Natal neste m\u00eas de novembro. Foi o ...\" \/>\n<meta property=\"og:url\" content=\"https:\/\/deputadotaveirajr.com.br\/index.php\/lixo-internacional-e-encontrado-novamente-em-praia-em-natal\/\" \/>\n<meta property=\"og:site_name\" content=\"Taveira Jr\" \/>\n<meta property=\"og:image\" content=\"https:\/\/s2-g1.glbimg.com\/DQPkEwiKDa6DTtPrkZNhvZxoWHY=\/i.s3.glbimg.com\/v1\/AUTH_59edd422c0c84a879bd37670ae4f538a\/internal_photos\/bs\/2025\/x\/g\/7AWVEuRcCV5fMiaccexQ\/whatsapp-image-2025-11-07-at-14.30.13.jpeg\" \/>\n<meta name=\"twitter:card\" content=\"summary_large_image\" \/>\n<meta name=\"twitter:label1\" content=\"Est. tempo de leitura\" \/>\n\t<meta name=\"twitter:data1\" content=\"3 minutos\" \/>\n<script type=\"application\/ld+json\" class=\"yoast-schema-graph\">{\"@context\":\"https:\/\/schema.org\",\"@graph\":[{\"@type\":\"WebPage\",\"@id\":\"https:\/\/deputadotaveirajr.com.br\/index.php\/lixo-internacional-e-encontrado-novamente-em-praia-em-natal\/\",\"url\":\"https:\/\/deputadotaveirajr.com.br\/index.php\/lixo-internacional-e-encontrado-novamente-em-praia-em-natal\/\",\"name\":\"Lixo internacional \u00e9 encontrado novamente em praia em Natal - Taveira Jr\",\"isPartOf\":{\"@id\":\"https:\/\/deputadotaveirajr.com.br\/#website\"},\"primaryImageOfPage\":{\"@id\":\"https:\/\/deputadotaveirajr.com.br\/index.php\/lixo-internacional-e-encontrado-novamente-em-praia-em-natal\/#primaryimage\"},\"image\":{\"@id\":\"https:\/\/deputadotaveirajr.com.br\/index.php\/lixo-internacional-e-encontrado-novamente-em-praia-em-natal\/#primaryimage\"},\"thumbnailUrl\":\"https:\/\/deputadotaveirajr.com.br\/wp-content\/uploads\/2025\/11\/whatsapp-image-2025-11-07-at-14.30.13-2KgNa0.jpg\",\"datePublished\":\"2025-11-07T18:28:47+00:00\",\"breadcrumb\":{\"@id\":\"https:\/\/deputadotaveirajr.com.br\/index.php\/lixo-internacional-e-encontrado-novamente-em-praia-em-natal\/#breadcrumb\"},\"inLanguage\":\"pt-BR\",\"potentialAction\":[{\"@type\":\"ReadAction\",\"target\":[\"https:\/\/deputadotaveirajr.com.br\/index.php\/lixo-internacional-e-encontrado-novamente-em-praia-em-natal\/\"]}]},{\"@type\":\"ImageObject\",\"inLanguage\":\"pt-BR\",\"@id\":\"https:\/\/deputadotaveirajr.com.br\/index.php\/lixo-internacional-e-encontrado-novamente-em-praia-em-natal\/#primaryimage\",\"url\":\"https:\/\/deputadotaveirajr.com.br\/wp-content\/uploads\/2025\/11\/whatsapp-image-2025-11-07-at-14.30.13-2KgNa0.jpg\",\"contentUrl\":\"https:\/\/deputadotaveirajr.com.br\/wp-content\/uploads\/2025\/11\/whatsapp-image-2025-11-07-at-14.30.13-2KgNa0.jpg\",\"width\":1280,\"height\":856},{\"@type\":\"BreadcrumbList\",\"@id\":\"https:\/\/deputadotaveirajr.com.br\/index.php\/lixo-internacional-e-encontrado-novamente-em-praia-em-natal\/#breadcrumb\",\"itemListElement\":[{\"@type\":\"ListItem\",\"position\":1,\"name\":\"In\u00edcio\",\"item\":\"https:\/\/deputadotaveirajr.com.br\/\"},{\"@type\":\"ListItem\",\"position\":2,\"name\":\"Lixo internacional \u00e9 encontrado novamente em praia em Natal\"}]},{\"@type\":\"WebSite\",\"@id\":\"https:\/\/deputadotaveirajr.com.br\/#website\",\"url\":\"https:\/\/deputadotaveirajr.com.br\/\",\"name\":\"Taveira Jr\",\"description\":\"Deputado Estadual\",\"publisher\":{\"@id\":\"https:\/\/deputadotaveirajr.com.br\/#organization\"},\"potentialAction\":[{\"@type\":\"SearchAction\",\"target\":{\"@type\":\"EntryPoint\",\"urlTemplate\":\"https:\/\/deputadotaveirajr.com.br\/?s={search_term_string}\"},\"query-input\":{\"@type\":\"PropertyValueSpecification\",\"valueRequired\":true,\"valueName\":\"search_term_string\"}}],\"inLanguage\":\"pt-BR\"},{\"@type\":\"Organization\",\"@id\":\"https:\/\/deputadotaveirajr.com.br\/#organization\",\"name\":\"Taveira Jr\",\"url\":\"https:\/\/deputadotaveirajr.com.br\/\",\"logo\":{\"@type\":\"ImageObject\",\"inLanguage\":\"pt-BR\",\"@id\":\"https:\/\/deputadotaveirajr.com.br\/#\/schema\/logo\/image\/\",\"url\":\"https:\/\/deputadotaveirajr.com.br\/wp-content\/uploads\/2026\/01\/logolow2a.png\",\"contentUrl\":\"https:\/\/deputadotaveirajr.com.br\/wp-content\/uploads\/2026\/01\/logolow2a.png\",\"width\":290,\"height\":80,\"caption\":\"Taveira Jr\"},\"image\":{\"@id\":\"https:\/\/deputadotaveirajr.com.br\/#\/schema\/logo\/image\/\"}}]}<\/script>\n<!-- \/ Yoast SEO plugin. -->","yoast_head_json":{"title":"Lixo internacional \u00e9 encontrado novamente em praia em Natal - Taveira Jr","robots":{"index":"index","follow":"follow","max-snippet":"max-snippet:-1","max-image-preview":"max-image-preview:large","max-video-preview":"max-video-preview:-1"},"canonical":"https:\/\/deputadotaveirajr.com.br\/index.php\/lixo-internacional-e-encontrado-novamente-em-praia-em-natal\/","og_locale":"pt_BR","og_type":"article","og_title":"Lixo internacional \u00e9 encontrado novamente em praia em Natal - Taveira Jr","og_description":"Lixo asia\u0301tico volta a parecer no litoral do RN O lixo internacional voltou a aparecer na Praia do Segredo, na Via Costeira, em Natal neste m\u00eas de novembro. Foi o ...","og_url":"https:\/\/deputadotaveirajr.com.br\/index.php\/lixo-internacional-e-encontrado-novamente-em-praia-em-natal\/","og_site_name":"Taveira Jr","og_image":[{"url":"https:\/\/s2-g1.glbimg.com\/DQPkEwiKDa6DTtPrkZNhvZxoWHY=\/i.s3.glbimg.com\/v1\/AUTH_59edd422c0c84a879bd37670ae4f538a\/internal_photos\/bs\/2025\/x\/g\/7AWVEuRcCV5fMiaccexQ\/whatsapp-image-2025-11-07-at-14.30.13.jpeg","type":"","width":"","height":""}],"twitter_card":"summary_large_image","twitter_misc":{"Est. tempo de leitura":"3 minutos"},"schema":{"@context":"https:\/\/schema.org","@graph":[{"@type":"WebPage","@id":"https:\/\/deputadotaveirajr.com.br\/index.php\/lixo-internacional-e-encontrado-novamente-em-praia-em-natal\/","url":"https:\/\/deputadotaveirajr.com.br\/index.php\/lixo-internacional-e-encontrado-novamente-em-praia-em-natal\/","name":"Lixo internacional \u00e9 encontrado novamente em praia em Natal - Taveira Jr","isPartOf":{"@id":"https:\/\/deputadotaveirajr.com.br\/#website"},"primaryImageOfPage":{"@id":"https:\/\/deputadotaveirajr.com.br\/index.php\/lixo-internacional-e-encontrado-novamente-em-praia-em-natal\/#primaryimage"},"image":{"@id":"https:\/\/deputadotaveirajr.com.br\/index.php\/lixo-internacional-e-encontrado-novamente-em-praia-em-natal\/#primaryimage"},"thumbnailUrl":"https:\/\/deputadotaveirajr.com.br\/wp-content\/uploads\/2025\/11\/whatsapp-image-2025-11-07-at-14.30.13-2KgNa0.jpg","datePublished":"2025-11-07T18:28:47+00:00","breadcrumb":{"@id":"https:\/\/deputadotaveirajr.com.br\/index.php\/lixo-internacional-e-encontrado-novamente-em-praia-em-natal\/#breadcrumb"},"inLanguage":"pt-BR","potentialAction":[{"@type":"ReadAction","target":["https:\/\/deputadotaveirajr.com.br\/index.php\/lixo-internacional-e-encontrado-novamente-em-praia-em-natal\/"]}]},{"@type":"ImageObject","inLanguage":"pt-BR","@id":"https:\/\/deputadotaveirajr.com.br\/index.php\/lixo-internacional-e-encontrado-novamente-em-praia-em-natal\/#primaryimage","url":"https:\/\/deputadotaveirajr.com.br\/wp-content\/uploads\/2025\/11\/whatsapp-image-2025-11-07-at-14.30.13-2KgNa0.jpg","contentUrl":"https:\/\/deputadotaveirajr.com.br\/wp-content\/uploads\/2025\/11\/whatsapp-image-2025-11-07-at-14.30.13-2KgNa0.jpg","width":1280,"height":856},{"@type":"BreadcrumbList","@id":"https:\/\/deputadotaveirajr.com.br\/index.php\/lixo-internacional-e-encontrado-novamente-em-praia-em-natal\/#breadcrumb","itemListElement":[{"@type":"ListItem","position":1,"name":"In\u00edcio","item":"https:\/\/deputadotaveirajr.com.br\/"},{"@type":"ListItem","position":2,"name":"Lixo internacional \u00e9 encontrado novamente em praia em Natal"}]},{"@type":"WebSite","@id":"https:\/\/deputadotaveirajr.com.br\/#website","url":"https:\/\/deputadotaveirajr.com.br\/","name":"Taveira Jr","description":"Deputado Estadual","publisher":{"@id":"https:\/\/deputadotaveirajr.com.br\/#organization"},"potentialAction":[{"@type":"SearchAction","target":{"@type":"EntryPoint","urlTemplate":"https:\/\/deputadotaveirajr.com.br\/?s={search_term_string}"},"query-input":{"@type":"PropertyValueSpecification","valueRequired":true,"valueName":"search_term_string"}}],"inLanguage":"pt-BR"},{"@type":"Organization","@id":"https:\/\/deputadotaveirajr.com.br\/#organization","name":"Taveira Jr","url":"https:\/\/deputadotaveirajr.com.br\/","logo":{"@type":"ImageObject","inLanguage":"pt-BR","@id":"https:\/\/deputadotaveirajr.com.br\/#\/schema\/logo\/image\/","url":"https:\/\/deputadotaveirajr.com.br\/wp-content\/uploads\/2026\/01\/logolow2a.png","contentUrl":"https:\/\/deputadotaveirajr.com.br\/wp-content\/uploads\/2026\/01\/logolow2a.png","width":290,"height":80,"caption":"Taveira Jr"},"image":{"@id":"https:\/\/deputadotaveirajr.com.br\/#\/schema\/logo\/image\/"}}]}},"_links":{"self":[{"href":"https:\/\/deputadotaveirajr.com.br\/index.php\/wp-json\/wp\/v2\/pages\/14460","targetHints":{"allow":["GET"]}}],"collection":[{"href":"https:\/\/deputadotaveirajr.com.br\/index.php\/wp-json\/wp\/v2\/pages"}],"about":[{"href":"https:\/\/deputadotaveirajr.com.br\/index.php\/wp-json\/wp\/v2\/types\/page"}],"replies":[{"embeddable":true,"href":"https:\/\/deputadotaveirajr.com.br\/index.php\/wp-json\/wp\/v2\/comments?post=14460"}],"version-history":[{"count":0,"href":"https:\/\/deputadotaveirajr.com.br\/index.php\/wp-json\/wp\/v2\/pages\/14460\/revisions"}],"wp:featuredmedia":[{"embeddable":true,"href":"https:\/\/deputadotaveirajr.com.br\/index.php\/wp-json\/wp\/v2\/media\/14461"}],"wp:attachment":[{"href":"https:\/\/deputadotaveirajr.com.br\/index.php\/wp-json\/wp\/v2\/media?parent=14460"}],"curies":[{"name":"wp","href":"https:\/\/api.w.org\/{rel}","templated":true}]}}