{"id":14477,"date":"2025-11-10T17:28:23","date_gmt":"2025-11-10T20:28:23","guid":{"rendered":"https:\/\/deputadotaveirajr.com.br\/index.php\/jovem-que-morreu-atropelada-por-motorista-bebada-em-sp-era-natural-de-mossoro\/"},"modified":"2025-11-10T17:28:23","modified_gmt":"2025-11-10T20:28:23","slug":"jovem-que-morreu-atropelada-por-motorista-bebada-em-sp-era-natural-de-mossoro","status":"publish","type":"page","link":"https:\/\/deputadotaveirajr.com.br\/index.php\/jovem-que-morreu-atropelada-por-motorista-bebada-em-sp-era-natural-de-mossoro\/","title":{"rendered":"Jovem que morreu atropelada por motorista b\u00eabada em SP era natural de Mossor\u00f3"},"content":{"rendered":"<p><img decoding=\"async\" src=\"https:\/\/s2-g1.glbimg.com\/mEVJua8vLjgLRr2kw538rD5XsDk=\/i.s3.glbimg.com\/v1\/AUTH_59edd422c0c84a879bd37670ae4f538a\/internal_photos\/bs\/2025\/z\/3\/6TM90mQZyTJJZiDey94A\/jovem-de-25-anos-morre-ao-ser-atropelada-na-cabeca-por-motorista-suspeita-de-estar-bebada-em-sp.jpg\" \/><br \/>     Jovem de 24 anos morre ao ser atropelada por motorista em SP<br \/>\nA jovem de 24 anos anos de idade que morreu ao ser atropelada por uma motorista b\u00eabada na manh\u00e3 deste domingo (9) em S\u00e3o Paulo era natural de Mossor\u00f3, na Regi\u00e3o Oeste do Rio Grande do Norte, e havia se mudado h\u00e1 poucos meses para a capital paulista.<br \/>\nIsaura Luzia de Oliveira era enfermeira e m\u00e3e de duas filhas &#8211; uma de 4 anos e uma de 1 ano e 5 meses. A fam\u00edlia da v\u00edtima informou que o corpo de Isaura Luzia deve chegar a Mossor\u00f3 apenas na quarta-feira (12) para vel\u00f3rio e sepultamento.<br \/>\n\ud83d\udcf3 Clique aqui para seguir o canal do g1 RN no WhatsApp<br \/>\nPor volta das 7h40, a jovem caminhava pela cal\u00e7ada na Vila Medeiros, na Zona Norte de S\u00e3o Paulo, quando foi atingida e aremessada para o alto pelo carro. A motorista, tamb\u00e9m de 24 anos, fugiu sem prestar socorro, mas foi presa depois.<br \/>\nUma c\u00e2mera de seguran\u00e7a da rua flagrou o momento do impacto. No v\u00eddeo acima, a imagem foi congelada momentos antes do atropelamento.<br \/>\nSegundo a Secretaria da Seguran\u00e7a P\u00fablica de S\u00e3o Paulo, a motorista foi encontrada depois do acidente e presa por embriaguez ao volante, atropelamento, homic\u00eddio e omiss\u00e3o de socorro.<br \/>\nO carro dela foi achado a cerca de 1,6 km de dist\u00e2ncia do acidente, que aconteceu na altura do n\u00famero 259 da Avenida Ede.<br \/>\nDe acordo com o Corpo de Bombeiros, Isaura Luzia n\u00e3o resistiu aos ferimentos e teve a morte constatada pelo Servi\u00e7o de Atendimento M\u00f3vel de Urg\u00eancia (Samu) no local. O caso foi registrado no 73\u00ba Distrito Policial.<br \/>\nJovem de 25 anos morre ao ser atropelada na cabe\u00e7a por motorista suspeita de estar b\u00eabada em SP<br \/>\nReprodu\u00e7\u00e3o\/TV Globo<br \/>\nJovem de 25 anos morre ao ser atropelada por motorista<br \/>\nReprodu\u00e7\u00e3o<br \/>\nV\u00eddeos mais assistidos do g1 RN<\/p>","protected":false},"excerpt":{"rendered":"<p>Jovem de 24 anos morre ao ser atropelada por motorista em SP A jovem de 24 anos anos de idade que morreu ao ser atropelada por uma motorista b\u00eabada na &#8230;<\/p>\n","protected":false},"author":0,"featured_media":14478,"parent":0,"menu_order":0,"comment_status":"closed","ping_status":"closed","template":"","meta":{"footnotes":""},"class_list":["post-14477","page","type-page","status-publish","has-post-thumbnail","hentry"],"yoast_head":"<!-- This site is optimized with the Yoast SEO plugin v27.1.1 - https:\/\/yoast.com\/product\/yoast-seo-wordpress\/ -->\n<title>Jovem que morreu atropelada por motorista b\u00eabada em SP era natural de Mossor\u00f3 - Taveira Jr<\/title>\n<meta name=\"robots\" content=\"index, follow, max-snippet:-1, max-image-preview:large, max-video-preview:-1\" \/>\n<link rel=\"canonical\" href=\"https:\/\/deputadotaveirajr.com.br\/index.php\/jovem-que-morreu-atropelada-por-motorista-bebada-em-sp-era-natural-de-mossoro\/\" \/>\n<meta property=\"og:locale\" content=\"pt_BR\" \/>\n<meta property=\"og:type\" content=\"article\" \/>\n<meta property=\"og:title\" content=\"Jovem que morreu atropelada por motorista b\u00eabada em SP era natural de Mossor\u00f3 - Taveira Jr\" \/>\n<meta property=\"og:description\" content=\"Jovem de 24 anos morre ao ser atropelada por motorista em SP A jovem de 24 anos anos de idade que morreu ao ser atropelada por uma motorista b\u00eabada na ...\" \/>\n<meta property=\"og:url\" content=\"https:\/\/deputadotaveirajr.com.br\/index.php\/jovem-que-morreu-atropelada-por-motorista-bebada-em-sp-era-natural-de-mossoro\/\" \/>\n<meta property=\"og:site_name\" content=\"Taveira Jr\" \/>\n<meta property=\"og:image\" content=\"https:\/\/s2-g1.glbimg.com\/mEVJua8vLjgLRr2kw538rD5XsDk=\/i.s3.glbimg.com\/v1\/AUTH_59edd422c0c84a879bd37670ae4f538a\/internal_photos\/bs\/2025\/z\/3\/6TM90mQZyTJJZiDey94A\/jovem-de-25-anos-morre-ao-ser-atropelada-na-cabeca-por-motorista-suspeita-de-estar-bebada-em-sp.jpg\" \/>\n<meta name=\"twitter:card\" content=\"summary_large_image\" \/>\n<meta name=\"twitter:label1\" content=\"Est. tempo de leitura\" \/>\n\t<meta name=\"twitter:data1\" content=\"2 minutos\" \/>\n<script type=\"application\/ld+json\" class=\"yoast-schema-graph\">{\"@context\":\"https:\/\/schema.org\",\"@graph\":[{\"@type\":\"WebPage\",\"@id\":\"https:\/\/deputadotaveirajr.com.br\/index.php\/jovem-que-morreu-atropelada-por-motorista-bebada-em-sp-era-natural-de-mossoro\/\",\"url\":\"https:\/\/deputadotaveirajr.com.br\/index.php\/jovem-que-morreu-atropelada-por-motorista-bebada-em-sp-era-natural-de-mossoro\/\",\"name\":\"Jovem que morreu atropelada por motorista b\u00eabada em SP era natural de Mossor\u00f3 - Taveira Jr\",\"isPartOf\":{\"@id\":\"https:\/\/deputadotaveirajr.com.br\/#website\"},\"primaryImageOfPage\":{\"@id\":\"https:\/\/deputadotaveirajr.com.br\/index.php\/jovem-que-morreu-atropelada-por-motorista-bebada-em-sp-era-natural-de-mossoro\/#primaryimage\"},\"image\":{\"@id\":\"https:\/\/deputadotaveirajr.com.br\/index.php\/jovem-que-morreu-atropelada-por-motorista-bebada-em-sp-era-natural-de-mossoro\/#primaryimage\"},\"thumbnailUrl\":\"https:\/\/deputadotaveirajr.com.br\/wp-content\/uploads\/2025\/11\/jovem-de-25-anos-morre-ao-ser-atropelada-na-cabeca-por-motorista-suspeita-de-estar-bebada-em-sp-1jP6q7.jpg\",\"datePublished\":\"2025-11-10T20:28:23+00:00\",\"breadcrumb\":{\"@id\":\"https:\/\/deputadotaveirajr.com.br\/index.php\/jovem-que-morreu-atropelada-por-motorista-bebada-em-sp-era-natural-de-mossoro\/#breadcrumb\"},\"inLanguage\":\"pt-BR\",\"potentialAction\":[{\"@type\":\"ReadAction\",\"target\":[\"https:\/\/deputadotaveirajr.com.br\/index.php\/jovem-que-morreu-atropelada-por-motorista-bebada-em-sp-era-natural-de-mossoro\/\"]}]},{\"@type\":\"ImageObject\",\"inLanguage\":\"pt-BR\",\"@id\":\"https:\/\/deputadotaveirajr.com.br\/index.php\/jovem-que-morreu-atropelada-por-motorista-bebada-em-sp-era-natural-de-mossoro\/#primaryimage\",\"url\":\"https:\/\/deputadotaveirajr.com.br\/wp-content\/uploads\/2025\/11\/jovem-de-25-anos-morre-ao-ser-atropelada-na-cabeca-por-motorista-suspeita-de-estar-bebada-em-sp-1jP6q7.jpg\",\"contentUrl\":\"https:\/\/deputadotaveirajr.com.br\/wp-content\/uploads\/2025\/11\/jovem-de-25-anos-morre-ao-ser-atropelada-na-cabeca-por-motorista-suspeita-de-estar-bebada-em-sp-1jP6q7.jpg\",\"width\":1200,\"height\":670},{\"@type\":\"BreadcrumbList\",\"@id\":\"https:\/\/deputadotaveirajr.com.br\/index.php\/jovem-que-morreu-atropelada-por-motorista-bebada-em-sp-era-natural-de-mossoro\/#breadcrumb\",\"itemListElement\":[{\"@type\":\"ListItem\",\"position\":1,\"name\":\"In\u00edcio\",\"item\":\"https:\/\/deputadotaveirajr.com.br\/\"},{\"@type\":\"ListItem\",\"position\":2,\"name\":\"Jovem que morreu atropelada por motorista b\u00eabada em SP era natural de Mossor\u00f3\"}]},{\"@type\":\"WebSite\",\"@id\":\"https:\/\/deputadotaveirajr.com.br\/#website\",\"url\":\"https:\/\/deputadotaveirajr.com.br\/\",\"name\":\"Taveira Jr\",\"description\":\"Deputado Estadual\",\"publisher\":{\"@id\":\"https:\/\/deputadotaveirajr.com.br\/#organization\"},\"potentialAction\":[{\"@type\":\"SearchAction\",\"target\":{\"@type\":\"EntryPoint\",\"urlTemplate\":\"https:\/\/deputadotaveirajr.com.br\/?s={search_term_string}\"},\"query-input\":{\"@type\":\"PropertyValueSpecification\",\"valueRequired\":true,\"valueName\":\"search_term_string\"}}],\"inLanguage\":\"pt-BR\"},{\"@type\":\"Organization\",\"@id\":\"https:\/\/deputadotaveirajr.com.br\/#organization\",\"name\":\"Taveira Jr\",\"url\":\"https:\/\/deputadotaveirajr.com.br\/\",\"logo\":{\"@type\":\"ImageObject\",\"inLanguage\":\"pt-BR\",\"@id\":\"https:\/\/deputadotaveirajr.com.br\/#\/schema\/logo\/image\/\",\"url\":\"https:\/\/deputadotaveirajr.com.br\/wp-content\/uploads\/2026\/01\/logolow2a.png\",\"contentUrl\":\"https:\/\/deputadotaveirajr.com.br\/wp-content\/uploads\/2026\/01\/logolow2a.png\",\"width\":290,\"height\":80,\"caption\":\"Taveira Jr\"},\"image\":{\"@id\":\"https:\/\/deputadotaveirajr.com.br\/#\/schema\/logo\/image\/\"}}]}<\/script>\n<!-- \/ Yoast SEO plugin. -->","yoast_head_json":{"title":"Jovem que morreu atropelada por motorista b\u00eabada em SP era natural de Mossor\u00f3 - Taveira Jr","robots":{"index":"index","follow":"follow","max-snippet":"max-snippet:-1","max-image-preview":"max-image-preview:large","max-video-preview":"max-video-preview:-1"},"canonical":"https:\/\/deputadotaveirajr.com.br\/index.php\/jovem-que-morreu-atropelada-por-motorista-bebada-em-sp-era-natural-de-mossoro\/","og_locale":"pt_BR","og_type":"article","og_title":"Jovem que morreu atropelada por motorista b\u00eabada em SP era natural de Mossor\u00f3 - Taveira Jr","og_description":"Jovem de 24 anos morre ao ser atropelada por motorista em SP A jovem de 24 anos anos de idade que morreu ao ser atropelada por uma motorista b\u00eabada na ...","og_url":"https:\/\/deputadotaveirajr.com.br\/index.php\/jovem-que-morreu-atropelada-por-motorista-bebada-em-sp-era-natural-de-mossoro\/","og_site_name":"Taveira Jr","og_image":[{"url":"https:\/\/s2-g1.glbimg.com\/mEVJua8vLjgLRr2kw538rD5XsDk=\/i.s3.glbimg.com\/v1\/AUTH_59edd422c0c84a879bd37670ae4f538a\/internal_photos\/bs\/2025\/z\/3\/6TM90mQZyTJJZiDey94A\/jovem-de-25-anos-morre-ao-ser-atropelada-na-cabeca-por-motorista-suspeita-de-estar-bebada-em-sp.jpg","type":"","width":"","height":""}],"twitter_card":"summary_large_image","twitter_misc":{"Est. tempo de leitura":"2 minutos"},"schema":{"@context":"https:\/\/schema.org","@graph":[{"@type":"WebPage","@id":"https:\/\/deputadotaveirajr.com.br\/index.php\/jovem-que-morreu-atropelada-por-motorista-bebada-em-sp-era-natural-de-mossoro\/","url":"https:\/\/deputadotaveirajr.com.br\/index.php\/jovem-que-morreu-atropelada-por-motorista-bebada-em-sp-era-natural-de-mossoro\/","name":"Jovem que morreu atropelada por motorista b\u00eabada em SP era natural de Mossor\u00f3 - Taveira Jr","isPartOf":{"@id":"https:\/\/deputadotaveirajr.com.br\/#website"},"primaryImageOfPage":{"@id":"https:\/\/deputadotaveirajr.com.br\/index.php\/jovem-que-morreu-atropelada-por-motorista-bebada-em-sp-era-natural-de-mossoro\/#primaryimage"},"image":{"@id":"https:\/\/deputadotaveirajr.com.br\/index.php\/jovem-que-morreu-atropelada-por-motorista-bebada-em-sp-era-natural-de-mossoro\/#primaryimage"},"thumbnailUrl":"https:\/\/deputadotaveirajr.com.br\/wp-content\/uploads\/2025\/11\/jovem-de-25-anos-morre-ao-ser-atropelada-na-cabeca-por-motorista-suspeita-de-estar-bebada-em-sp-1jP6q7.jpg","datePublished":"2025-11-10T20:28:23+00:00","breadcrumb":{"@id":"https:\/\/deputadotaveirajr.com.br\/index.php\/jovem-que-morreu-atropelada-por-motorista-bebada-em-sp-era-natural-de-mossoro\/#breadcrumb"},"inLanguage":"pt-BR","potentialAction":[{"@type":"ReadAction","target":["https:\/\/deputadotaveirajr.com.br\/index.php\/jovem-que-morreu-atropelada-por-motorista-bebada-em-sp-era-natural-de-mossoro\/"]}]},{"@type":"ImageObject","inLanguage":"pt-BR","@id":"https:\/\/deputadotaveirajr.com.br\/index.php\/jovem-que-morreu-atropelada-por-motorista-bebada-em-sp-era-natural-de-mossoro\/#primaryimage","url":"https:\/\/deputadotaveirajr.com.br\/wp-content\/uploads\/2025\/11\/jovem-de-25-anos-morre-ao-ser-atropelada-na-cabeca-por-motorista-suspeita-de-estar-bebada-em-sp-1jP6q7.jpg","contentUrl":"https:\/\/deputadotaveirajr.com.br\/wp-content\/uploads\/2025\/11\/jovem-de-25-anos-morre-ao-ser-atropelada-na-cabeca-por-motorista-suspeita-de-estar-bebada-em-sp-1jP6q7.jpg","width":1200,"height":670},{"@type":"BreadcrumbList","@id":"https:\/\/deputadotaveirajr.com.br\/index.php\/jovem-que-morreu-atropelada-por-motorista-bebada-em-sp-era-natural-de-mossoro\/#breadcrumb","itemListElement":[{"@type":"ListItem","position":1,"name":"In\u00edcio","item":"https:\/\/deputadotaveirajr.com.br\/"},{"@type":"ListItem","position":2,"name":"Jovem que morreu atropelada por motorista b\u00eabada em SP era natural de Mossor\u00f3"}]},{"@type":"WebSite","@id":"https:\/\/deputadotaveirajr.com.br\/#website","url":"https:\/\/deputadotaveirajr.com.br\/","name":"Taveira Jr","description":"Deputado Estadual","publisher":{"@id":"https:\/\/deputadotaveirajr.com.br\/#organization"},"potentialAction":[{"@type":"SearchAction","target":{"@type":"EntryPoint","urlTemplate":"https:\/\/deputadotaveirajr.com.br\/?s={search_term_string}"},"query-input":{"@type":"PropertyValueSpecification","valueRequired":true,"valueName":"search_term_string"}}],"inLanguage":"pt-BR"},{"@type":"Organization","@id":"https:\/\/deputadotaveirajr.com.br\/#organization","name":"Taveira Jr","url":"https:\/\/deputadotaveirajr.com.br\/","logo":{"@type":"ImageObject","inLanguage":"pt-BR","@id":"https:\/\/deputadotaveirajr.com.br\/#\/schema\/logo\/image\/","url":"https:\/\/deputadotaveirajr.com.br\/wp-content\/uploads\/2026\/01\/logolow2a.png","contentUrl":"https:\/\/deputadotaveirajr.com.br\/wp-content\/uploads\/2026\/01\/logolow2a.png","width":290,"height":80,"caption":"Taveira Jr"},"image":{"@id":"https:\/\/deputadotaveirajr.com.br\/#\/schema\/logo\/image\/"}}]}},"_links":{"self":[{"href":"https:\/\/deputadotaveirajr.com.br\/index.php\/wp-json\/wp\/v2\/pages\/14477","targetHints":{"allow":["GET"]}}],"collection":[{"href":"https:\/\/deputadotaveirajr.com.br\/index.php\/wp-json\/wp\/v2\/pages"}],"about":[{"href":"https:\/\/deputadotaveirajr.com.br\/index.php\/wp-json\/wp\/v2\/types\/page"}],"replies":[{"embeddable":true,"href":"https:\/\/deputadotaveirajr.com.br\/index.php\/wp-json\/wp\/v2\/comments?post=14477"}],"version-history":[{"count":0,"href":"https:\/\/deputadotaveirajr.com.br\/index.php\/wp-json\/wp\/v2\/pages\/14477\/revisions"}],"wp:featuredmedia":[{"embeddable":true,"href":"https:\/\/deputadotaveirajr.com.br\/index.php\/wp-json\/wp\/v2\/media\/14478"}],"wp:attachment":[{"href":"https:\/\/deputadotaveirajr.com.br\/index.php\/wp-json\/wp\/v2\/media?parent=14477"}],"curies":[{"name":"wp","href":"https:\/\/api.w.org\/{rel}","templated":true}]}}