{"id":14481,"date":"2025-11-10T13:24:24","date_gmt":"2025-11-10T16:24:24","guid":{"rendered":"https:\/\/deputadotaveirajr.com.br\/index.php\/festival-curta-caico-leva-mostras-de-cinema-a-seis-municipios-da-regiao-serido-confira-a-programacao\/"},"modified":"2025-11-10T13:24:24","modified_gmt":"2025-11-10T16:24:24","slug":"festival-curta-caico-leva-mostras-de-cinema-a-seis-municipios-da-regiao-serido-confira-a-programacao","status":"publish","type":"page","link":"https:\/\/deputadotaveirajr.com.br\/index.php\/festival-curta-caico-leva-mostras-de-cinema-a-seis-municipios-da-regiao-serido-confira-a-programacao\/","title":{"rendered":"Festival Curta Caic\u00f3 leva mostras de cinema a seis munic\u00edpios da regi\u00e3o Serid\u00f3; confira a programa\u00e7\u00e3o"},"content":{"rendered":"<p><img decoding=\"async\" src=\"https:\/\/s2-g1.glbimg.com\/Wy1LjSBJxlQ9MU6g4SGtDklyv5I=\/i.s3.glbimg.com\/v1\/AUTH_59edd422c0c84a879bd37670ae4f538a\/internal_photos\/bs\/2025\/G\/v\/VAoERxT8eW0q6bM1NN3g\/cinema-caico.jpeg\" \/><br \/>     Festival de curta de Caic\u00f3<br \/>\nCome\u00e7ou neste domingo (9) a programa\u00e7\u00e3o cultural gratuita do festival Curta Caic\u00f3, que leva mostras de cinema e atividades formativas a seis munic\u00edpios do Serid\u00f3 potiguar. O evento segue at\u00e9 o pr\u00f3ximo s\u00e1bado (15).<br \/>\nUm dos momentos mais aguardados \u00e9 a exibi\u00e7\u00e3o especial do longa-metragem O Agente Secreto, de Kleber Mendon\u00e7a Filho, no dia 14 de novembro, \u00e0s 9h, com a presen\u00e7a de parte do elenco: T\u00e2nia Maria, Hermila Guedes, Kaiony Ven\u00e2ncio e Rob\u00e9rio Di\u00f3genes.<br \/>\n\ud83d\udcf3 Clique aqui para seguir o canal do g1 RN no WhatsApp<br \/>\nRealizado desde 2018, o festival chegou \u00e0 sua oitava edi\u00e7\u00e3o como uma das principais iniciativas de difus\u00e3o do audiovisual no interior do Rio Grande do Norte.<br \/>\nAl\u00e9m de Caic\u00f3, o evento percorre as cidades de Jardim do Serid\u00f3, Ouro Branco, Equador, Santana do Serid\u00f3 e Jardim de Piranhas, exibindo filmes das mostras competitivas e paralelas, al\u00e9m de produ\u00e7\u00f5es realizadas por alunos de escolas p\u00fablicas e jovens roteiristas formados no Laborat\u00f3rio de Roteiro do pr\u00f3prio festival.<br \/>\nCom o tema \u201cCinema, Educa\u00e7\u00e3o e Sustentabilidade\u201d, a edi\u00e7\u00e3o de 2025 prop\u00f5e reflex\u00f5es sobre o papel do cinema na forma\u00e7\u00e3o cidad\u00e3 e na conscientiza\u00e7\u00e3o ambiental.<br \/>\nMostra de cinema acontece em cidades do Serid\u00f3 potiguar<br \/>\nDivulga\u00e7\u00e3o<br \/>\nA tem\u00e1tica e as produ\u00e7\u00f5es desenvolvidas pelo festival ao longo do ano tamb\u00e9m estiveram no centro do semin\u00e1rio realizado no audit\u00f3rio da Universidade Federal do Rio Grande do Norte (UFRN) em Caic\u00f3, reunindo realizadores e estudantes em torno do debate sobre cinema, educa\u00e7\u00e3o e sustentabilidade.<br \/>\nA\u00e7\u00f5es ao longo do ano<br \/>\nAs a\u00e7\u00f5es formativas do Curta Caic\u00f3 come\u00e7aram ainda no primeiro semestre desse ano, com um circuito de oficinas de audiovisual em escolas p\u00fablicas da regi\u00e3o Serid\u00f3. O resultado desse trabalho poder\u00e1 ser conferido nas mostras itinerantes que acontecem durante o festival.<br \/>\nOutro destaque \u00e9 o Laborat\u00f3rio de Jovens Roteiristas, que selecionou talentos do Serid\u00f3 para o desenvolvimento de curtas-metragens inspirados na tem\u00e1tica do ano.<br \/>\nAs produ\u00e7\u00f5es ser\u00e3o apresentadas durante a cerim\u00f4nia de encerramento, no dia 15 de novembro, na Pra\u00e7a Monsenhor Walfredo Gurgel, em frente \u00e0 Catedral de Sant\u2019Ana.<br \/>\nA programa\u00e7\u00e3o do festival tamb\u00e9m inclui mostras de cinema no Cineland, na Casa de Cultura de Caic\u00f3 e no Sesc Serid\u00f3, ampliando o acesso do p\u00fablico \u00e0 produ\u00e7\u00e3o audiovisual brasileira.<br \/>\nFestival Curta Caic\u00f3 chega \u00e0 sua 8\u00aa edi\u00e7\u00e3o no Serid\u00f3 potiguar<br \/>\nDivulga\u00e7\u00e3o<br \/>\nOutro importante momento ser\u00e1 o F\u00f3rum do Audiovisual do Sert\u00e3o, que reunir\u00e1 realizadores do interior em um di\u00e1logo sobre pol\u00edticas de fomento e estrat\u00e9gias para fortalecer o audiovisual potiguar. Nesta oitava edi\u00e7\u00e3o, o Curta Caic\u00f3 presta homenagem a mulheres do Serid\u00f3 que se destacam no audiovisual, celebrando as atrizes T\u00e2nia Maria e M\u00facia Batista, e a realizadora Jussara Queiroz.<br \/>\nO 8\u00ba Curta Caic\u00f3 \u00e9 uma realiza\u00e7\u00e3o da Ag\u00eancia Refer\u00eancia, com patroc\u00ednio do Governo do Rio Grande do Norte, por meio da Secretaria Extraordin\u00e1ria de Cultura, Funda\u00e7\u00e3o Jos\u00e9 Augusto e Programa Cultural C\u00e2mara Cascudo, al\u00e9m da Neoenergia Cosern e do Instituto Neoenergia. O projeto conta ainda com o apoio do Sistema Fecom\u00e9rcio, por meio do Sesc RN, e das institui\u00e7\u00f5es M\u00edstika, Roteiraria, Filmes Urgentes e Inter TV, al\u00e9m dos parceiros LABRFF, ACCIRN, 9\u00aa Direc e 10\u00aa Direc.<br \/>\nPrograma\u00e7\u00e3o<br \/>\nSegunda-feira: 10 de novembro<br \/>\nOuro Branco &#8211; 19h<br \/>\nFilmes de oficinas em escolas: Escola Estadual Manoel Correia<br \/>\n&#8211; Making Off 05\u201954\u2019\u2019<br \/>\n&#8211; No Cora\u00e7\u00e3o da Terra 06\u201916\u2019\u2019<br \/>\n&#8211; O rabo da gata 12\u201906\u2019\u2019 <\/p>\n<p>Mostra S\u00e3o Francisco: Nordeste<br \/>\n&#8211; O Vento 2, de Kamilla Farias e Beiss\u00e1 (CE) &#8211; 12\u201943\u2019\u2019<br \/>\n&#8211; Vermelho de bolinhas, de Joedson Kelvin e Renata Fortes (CE) &#8211;  20\u201900\u2019\u2019<br \/>\n&#8211; Tempo de Vaqueiro, de Ramon Batista (PB) &#8211;  14\u201900\u2019\u2019<br \/>\nJardim do Serid\u00f3 &#8211; 19h<br \/>\nFilmes de oficinas em escolas: Centro Educacional Felinto El\u00edsio<br \/>\n&#8211; Vucovuco do Motor 09\u201902\u2019\u2019 <\/p>\n<p>Mostra Pax: Diversidade<br \/>\n&#8211; Fuji, de Kau\u00ea Andr\u00e9 (SP) &#8211;  11\u201900\u2019\u2019<br \/>\n&#8211; O Sonho de Anu, de Vanessa Kyp\u00e1 (PB) &#8211;  16\u201924\u2019\u2019<br \/>\n&#8211; iFid\u00e8le, de Yorrana (GO) &#8211;   14\u201908\u2019\u2019<br \/>\n&#8211; Travessia, de Karol Felicio (ES) &#8211;  15\u201900\u2019\u2019<br \/>\nTer\u00e7a-feira: 11 de novembro<br \/>\nSantana do Serid\u00f3 &#8211; 19h<br \/>\nFilmes de oficinas em escolas: Escola Estadual Jo\u00e3o Vilar da Cunha<br \/>\n&#8211; A casa, o santo e o povo &#8211; 7\u00b408\u00b4\u00b4<br \/>\nMostra Acau\u00e3: Ambiental<br \/>\n&#8211; Correnteza, de Diego Muller e Pablo Muller (RS) &#8211;  07\u201958\u2019\u2019<br \/>\n&#8211; O Presente de Cec\u00edlia, de Bruno Bask (RN) &#8211;  22\u201900\u2019\u2019<br \/>\n&#8211; A Menina da Serra, de Cleyson Gomes (PB) &#8211;  11\u201904\u2019\u2019<br \/>\n&#8211; Lendas Vivas, de Anna Karla Lima (PA) &#8211;  20\u201930\u2019\u2019<br \/>\n&#8211; Queimat\u00f3rio, de Dire\u00e7\u00e3o Coletiva (Alunos da Oficina Dulapis Lab) (PE) &#8211;  04\u201955\u2019\u2019<br \/>\nEquador &#8211; 19h<br \/>\nFilmes de oficinas em escolas: Escola Estadual K\u00e9ssia Cristina<br \/>\n&#8211; Making off 06\u201942\u2019\u2019<br \/>\n&#8211; Deus te fez, Deus te criou 20\u201900\u2019\u2019<br \/>\nMostra Rio Branco: Infanto-juvenil<br \/>\n&#8211; Z\u00e9 Lins e o Cangaceiro, de Eduardo P. Moreira (PB) &#8211;  08\u201900\u2019\u2019<br \/>\n&#8211; PiOinc, de Alex Ribondi e Ricardo Makoto (DF) &#8211;  17\u201900\u2019\u2019<br \/>\n&#8211; Eu e o Boi, o Boi e Eu, de Jane Carmen Oliveira (MG) &#8211;  05\u201944\u2019\u2019<br \/>\n&#8211; Vov\u00f3 Foi pro C\u00e9u, de Hilda Lopes Pontes e Klaus Hastenreiter (BA) &#8211; 16\u201900\u2019\u2019<br \/>\nQuarta-feira: 12 de novembro<br \/>\nSesc Serid\u00f3 &#8211; 09h30 \u00e0s 11h30 e 15 \u00e0s 17h<br \/>\nMostra Rio Branco: Infanto-Juvenil<br \/>\n&#8211; Cineland &#8211; 14h30<br \/>\nMostra Videoclip<br \/>\n&#8211; D\u2019\u00c1frika, de Chico Rasta e Preto Tipu\u00e1 (Artista: Preto Tipu\u00e1) (PI) &#8211;  04:19<br \/>\nMostra S\u00e3o Francisco: Nordeste<br \/>\n&#8211; Marcado em Barro, de Monique Morais (PE), 16\u00b4\u00b4<br \/>\nMostra Nacional<br \/>\n&#8211; Via Sacra, de Jo\u00e3o Campos (DF), 20\u00b404&#8220;<br \/>\n&#8211; Eu Tenho uma Voz, de Barbara Ramos e Juliana Albuquerque (SP) &#8211; 13\u00b445\u00b4\u00b4<br \/>\n&#8211; Sobre Ru\u00ednas, de Carol Benjamin (RJ), 17\u00b414\u00b4\u00b4<br \/>\nJardim de Piranhas &#8211; 19h<br \/>\nFilmes de oficinas em escolas: IERN Maria do Carmo Ferreira<br \/>\n&#8211; \u00c0 primeira vista 11\u201954\u2019\u2019<br \/>\n&#8211; Fio da vida 09\u201946\u2019\u2019<br \/>\nMostra Nordeste<br \/>\n&#8211; Ser\u00e3o, de Caio Bernardo da Silva (PB) &#8211; 15\u00b4\u00b4<br \/>\nMostra Diversidade<br \/>\n&#8211; Maral, de Julia K. Rojas (SC) &#8211; 18\u00b455\u00b4\u00b4<br \/>\nMostra Infanto-Juvenil<br \/>\n&#8211; Jardim da Imagem, de Guilherme Amado (RS) &#8211;  15\u00b441\u00b4\u00b4<br \/>\nQuinta-feira: 13 de novembro<br \/>\nCREAS -13H30<br \/>\nOficina de Stop Motion<br \/>\nCineland &#8211; 14h30<br \/>\nMostra Videoclip<br \/>\n&#8211; Inferno Astral, de Ana Barbieri e Jo\u00e3o Augusto (Artista: Gracinha) (RN)<br \/>\nMostra Potiguar<br \/>\n&#8211; N\u00e3o Olhe para Mim, de Mateus Barbosa e Sidenei da Silva (RN) &#8211;  07\u00b433\u2019\u2019<br \/>\n&#8211; L\u00edrico, de Bibia (RN)  &#8211; 07\u201938\u2019\u2019<br \/>\n&#8211; Nils\u00e3o, de N\u00edcolas de Sousa (RN) &#8211;  19\u201941\u2019\u2019<br \/>\n&#8211; Liberdade sem conduta, de D\u00eania Cruz (RN) 17\u201906\u2019\u2019<br \/>\nMostra Serid\u00f3<br \/>\n&#8211; Corraveara, de Julhin de Tia Lica (RN) &#8211;  10\u201948\u2019\u2019<br \/>\nMostra Nacional<br \/>\n&#8211; A Sombra de um Futuro, de Gabriel Borges (PR) &#8211; 19\u00b420\u00b4\u00b4<br \/>\nPra\u00e7a da Catedral de Sant\u00b4Ana &#8211; 19h<br \/>\nMostra Videoclip<br \/>\n&#8211; Receita de V\u00f3, de Carlon Hardt (Artista: Renan Inqu\u00e9rito e Liah Vit\u00f3ria) (PR), 3\u00b410\u00b4\u00b4<br \/>\nMostra Potiguar<br \/>\n&#8211; Divagar, de Lupa Silva &#8211;   04\u201954\u2019\u2019<br \/>\n&#8211; Fim de Jogo, de Clara Leal &#8211; 16\u201913\u2019\u2019<br \/>\nMostra Serid\u00f3<br \/>\n&#8211; Cord\u00f5es, de Adriano Dantas &#8211;  11\u201920\u2019\u2019<br \/>\n&#8211; Pup\u00e1, de Osani &#8211;  14\u201931\u2019\u2019<br \/>\nMostra Nacional<br \/>\n&#8211; O Pintor, de Victor Castilhos (RS) &#8211;  15\u201936\u2019\u2019<br \/>\nSexta-feira: 14 de novembro<br \/>\nCineland: 09h<br \/>\n&#8211; O Agente Secreto, de Kleber Mendon\u00e7a Filho, 2h40<br \/>\nCineland: 14h30<br \/>\nMostra Videoclip<br \/>\n&#8211; Voguebike, de Lucas S\u00e1 (Artista: Get\u00falio Abelha) (MA) &#8211; 4\u00b445\u00b4\u00b4<br \/>\nMostra Potiguar<br \/>\n&#8211; Canto de Acau\u00e3, de Jaya Pereira (RN) &#8211;  19\u201959\u2019\u2019<br \/>\nMostra Serid\u00f3<br \/>\n&#8211; Maria Ful\u00f4 e o Chafariz, de Andreza Edna e Anderson Bruno (RN) &#8211;  04\u201934\u2019\u2019<br \/>\n&#8211; Quanta Viol\u00eancia uma Cidade T\u00e3o Pequena Suporta?, de Maria J\u00falia Barbosa (RN)  11\u201900\u2019\u2019<br \/>\nMostra Nacional<br \/>\n&#8211; Ladeira Abaixo, de Ismael Moura (PB) &#8211;  17\u201933\u2019\u2019<br \/>\n&#8211; Os Cravos, de Renan Amaral (ES) &#8211;  14\u201954\u2019\u2019<br \/>\n&#8211; O Nome da Vida, de Amanda Pomar (MG) &#8211;  13\u00b4\u00b4<br \/>\nPra\u00e7a da Catedral de Sant\u00b4Ana &#8211; 19h<br \/>\nMostra Videoclip<br \/>\n&#8211; Timbete no Capim, de Julio Quinan (Artista: Caique Borges e Davi Jr.) (GO) &#8211; 4\u00b436\u00b4\u00b4<br \/>\nMostra Potiguar<br \/>\n&#8211; Entre Dunas, de Manoel Batista (RN) &#8211;  20\u201900\u2019\u2019<br \/>\nMostra Serid\u00f3<br \/>\n&#8211; Mariana e Ludovina, de Lourival Andrade (RN) &#8211;  15\u201948\u2019\u2019<br \/>\n&#8211; Cinco Marias, de Bruno Cesar (RN) &#8211;  12\u201942\u2019\u2019<br \/>\nMostra Nacional<br \/>\n&#8211; KM 100, de Lucas Ribeiro (SP) &#8211;  19\u201940\u2019\u2019<br \/>\nS\u00e1bado: 14 de novembro<br \/>\nCasa do Artes\u00e3o do Serid\u00f3: 09h<br \/>\nF\u00f3rum do Audiovisual do Sert\u00e3o<br \/>\nPra\u00e7a da Catedral &#8211; 19h<br \/>\nMostra de filmes do LAB RN<br \/>\n&#8211; Queimadas, de Fl\u00e1via Silva<br \/>\n&#8211; Carta D\u00b4\u00e1gua, de Nattan Pereira<br \/>\n&#8211; Fardo, de Joelson Bezerra<br \/>\n&#8211; O Som das Serras, de Eduarda Medeiros<br \/>\n&#8211; Fartura, de Agnes F\u00e9lix<br \/>\n&#8211; Filme convidado: Resson\u00e2ncia, de Ana Zepa, 20\u00b4\u00b4<br \/>\n20h30 &#8211; Cerim\u00f4nia de premia\u00e7\u00e3o e homenagens<br \/>\nVeja os v\u00eddeos mais assistidos no g1 RN<\/p>","protected":false},"excerpt":{"rendered":"<p>Festival de curta de Caic\u00f3 Come\u00e7ou neste domingo (9) a programa\u00e7\u00e3o cultural gratuita do festival Curta Caic\u00f3, que leva mostras de cinema e atividades formativas a seis munic\u00edpios do Serid\u00f3 &#8230;<\/p>\n","protected":false},"author":0,"featured_media":14482,"parent":0,"menu_order":0,"comment_status":"closed","ping_status":"closed","template":"","meta":{"footnotes":""},"class_list":["post-14481","page","type-page","status-publish","has-post-thumbnail","hentry"],"yoast_head":"<!-- This site is optimized with the Yoast SEO plugin v27.1.1 - https:\/\/yoast.com\/product\/yoast-seo-wordpress\/ -->\n<title>Festival Curta Caic\u00f3 leva mostras de cinema a seis munic\u00edpios da regi\u00e3o Serid\u00f3; confira a programa\u00e7\u00e3o - Taveira Jr<\/title>\n<meta name=\"robots\" content=\"index, follow, max-snippet:-1, max-image-preview:large, max-video-preview:-1\" \/>\n<link rel=\"canonical\" href=\"https:\/\/deputadotaveirajr.com.br\/index.php\/festival-curta-caico-leva-mostras-de-cinema-a-seis-municipios-da-regiao-serido-confira-a-programacao\/\" \/>\n<meta property=\"og:locale\" content=\"pt_BR\" \/>\n<meta property=\"og:type\" content=\"article\" \/>\n<meta property=\"og:title\" content=\"Festival Curta Caic\u00f3 leva mostras de cinema a seis munic\u00edpios da regi\u00e3o Serid\u00f3; confira a programa\u00e7\u00e3o - Taveira Jr\" \/>\n<meta property=\"og:description\" content=\"Festival de curta de Caic\u00f3 Come\u00e7ou neste domingo (9) a programa\u00e7\u00e3o cultural gratuita do festival Curta Caic\u00f3, que leva mostras de cinema e atividades formativas a seis munic\u00edpios do Serid\u00f3 ...\" \/>\n<meta property=\"og:url\" content=\"https:\/\/deputadotaveirajr.com.br\/index.php\/festival-curta-caico-leva-mostras-de-cinema-a-seis-municipios-da-regiao-serido-confira-a-programacao\/\" \/>\n<meta property=\"og:site_name\" content=\"Taveira Jr\" \/>\n<meta property=\"og:image\" content=\"https:\/\/s2-g1.glbimg.com\/Wy1LjSBJxlQ9MU6g4SGtDklyv5I=\/i.s3.glbimg.com\/v1\/AUTH_59edd422c0c84a879bd37670ae4f538a\/internal_photos\/bs\/2025\/G\/v\/VAoERxT8eW0q6bM1NN3g\/cinema-caico.jpeg\" \/>\n<meta name=\"twitter:card\" content=\"summary_large_image\" \/>\n<meta name=\"twitter:label1\" content=\"Est. tempo de leitura\" \/>\n\t<meta name=\"twitter:data1\" content=\"7 minutos\" \/>\n<script type=\"application\/ld+json\" class=\"yoast-schema-graph\">{\"@context\":\"https:\/\/schema.org\",\"@graph\":[{\"@type\":\"WebPage\",\"@id\":\"https:\/\/deputadotaveirajr.com.br\/index.php\/festival-curta-caico-leva-mostras-de-cinema-a-seis-municipios-da-regiao-serido-confira-a-programacao\/\",\"url\":\"https:\/\/deputadotaveirajr.com.br\/index.php\/festival-curta-caico-leva-mostras-de-cinema-a-seis-municipios-da-regiao-serido-confira-a-programacao\/\",\"name\":\"Festival Curta Caic\u00f3 leva mostras de cinema a seis munic\u00edpios da regi\u00e3o Serid\u00f3; confira a programa\u00e7\u00e3o - Taveira Jr\",\"isPartOf\":{\"@id\":\"https:\/\/deputadotaveirajr.com.br\/#website\"},\"primaryImageOfPage\":{\"@id\":\"https:\/\/deputadotaveirajr.com.br\/index.php\/festival-curta-caico-leva-mostras-de-cinema-a-seis-municipios-da-regiao-serido-confira-a-programacao\/#primaryimage\"},\"image\":{\"@id\":\"https:\/\/deputadotaveirajr.com.br\/index.php\/festival-curta-caico-leva-mostras-de-cinema-a-seis-municipios-da-regiao-serido-confira-a-programacao\/#primaryimage\"},\"thumbnailUrl\":\"https:\/\/deputadotaveirajr.com.br\/wp-content\/uploads\/2025\/11\/cinema-caico-sQJi60.jpg\",\"datePublished\":\"2025-11-10T16:24:24+00:00\",\"breadcrumb\":{\"@id\":\"https:\/\/deputadotaveirajr.com.br\/index.php\/festival-curta-caico-leva-mostras-de-cinema-a-seis-municipios-da-regiao-serido-confira-a-programacao\/#breadcrumb\"},\"inLanguage\":\"pt-BR\",\"potentialAction\":[{\"@type\":\"ReadAction\",\"target\":[\"https:\/\/deputadotaveirajr.com.br\/index.php\/festival-curta-caico-leva-mostras-de-cinema-a-seis-municipios-da-regiao-serido-confira-a-programacao\/\"]}]},{\"@type\":\"ImageObject\",\"inLanguage\":\"pt-BR\",\"@id\":\"https:\/\/deputadotaveirajr.com.br\/index.php\/festival-curta-caico-leva-mostras-de-cinema-a-seis-municipios-da-regiao-serido-confira-a-programacao\/#primaryimage\",\"url\":\"https:\/\/deputadotaveirajr.com.br\/wp-content\/uploads\/2025\/11\/cinema-caico-sQJi60.jpg\",\"contentUrl\":\"https:\/\/deputadotaveirajr.com.br\/wp-content\/uploads\/2025\/11\/cinema-caico-sQJi60.jpg\",\"width\":1600,\"height\":1066},{\"@type\":\"BreadcrumbList\",\"@id\":\"https:\/\/deputadotaveirajr.com.br\/index.php\/festival-curta-caico-leva-mostras-de-cinema-a-seis-municipios-da-regiao-serido-confira-a-programacao\/#breadcrumb\",\"itemListElement\":[{\"@type\":\"ListItem\",\"position\":1,\"name\":\"In\u00edcio\",\"item\":\"https:\/\/deputadotaveirajr.com.br\/\"},{\"@type\":\"ListItem\",\"position\":2,\"name\":\"Festival Curta Caic\u00f3 leva mostras de cinema a seis munic\u00edpios da regi\u00e3o Serid\u00f3; confira a programa\u00e7\u00e3o\"}]},{\"@type\":\"WebSite\",\"@id\":\"https:\/\/deputadotaveirajr.com.br\/#website\",\"url\":\"https:\/\/deputadotaveirajr.com.br\/\",\"name\":\"Taveira Jr\",\"description\":\"Deputado Estadual\",\"publisher\":{\"@id\":\"https:\/\/deputadotaveirajr.com.br\/#organization\"},\"potentialAction\":[{\"@type\":\"SearchAction\",\"target\":{\"@type\":\"EntryPoint\",\"urlTemplate\":\"https:\/\/deputadotaveirajr.com.br\/?s={search_term_string}\"},\"query-input\":{\"@type\":\"PropertyValueSpecification\",\"valueRequired\":true,\"valueName\":\"search_term_string\"}}],\"inLanguage\":\"pt-BR\"},{\"@type\":\"Organization\",\"@id\":\"https:\/\/deputadotaveirajr.com.br\/#organization\",\"name\":\"Taveira Jr\",\"url\":\"https:\/\/deputadotaveirajr.com.br\/\",\"logo\":{\"@type\":\"ImageObject\",\"inLanguage\":\"pt-BR\",\"@id\":\"https:\/\/deputadotaveirajr.com.br\/#\/schema\/logo\/image\/\",\"url\":\"https:\/\/deputadotaveirajr.com.br\/wp-content\/uploads\/2026\/01\/logolow2a.png\",\"contentUrl\":\"https:\/\/deputadotaveirajr.com.br\/wp-content\/uploads\/2026\/01\/logolow2a.png\",\"width\":290,\"height\":80,\"caption\":\"Taveira Jr\"},\"image\":{\"@id\":\"https:\/\/deputadotaveirajr.com.br\/#\/schema\/logo\/image\/\"}}]}<\/script>\n<!-- \/ Yoast SEO plugin. -->","yoast_head_json":{"title":"Festival Curta Caic\u00f3 leva mostras de cinema a seis munic\u00edpios da regi\u00e3o Serid\u00f3; confira a programa\u00e7\u00e3o - Taveira Jr","robots":{"index":"index","follow":"follow","max-snippet":"max-snippet:-1","max-image-preview":"max-image-preview:large","max-video-preview":"max-video-preview:-1"},"canonical":"https:\/\/deputadotaveirajr.com.br\/index.php\/festival-curta-caico-leva-mostras-de-cinema-a-seis-municipios-da-regiao-serido-confira-a-programacao\/","og_locale":"pt_BR","og_type":"article","og_title":"Festival Curta Caic\u00f3 leva mostras de cinema a seis munic\u00edpios da regi\u00e3o Serid\u00f3; confira a programa\u00e7\u00e3o - Taveira Jr","og_description":"Festival de curta de Caic\u00f3 Come\u00e7ou neste domingo (9) a programa\u00e7\u00e3o cultural gratuita do festival Curta Caic\u00f3, que leva mostras de cinema e atividades formativas a seis munic\u00edpios do Serid\u00f3 ...","og_url":"https:\/\/deputadotaveirajr.com.br\/index.php\/festival-curta-caico-leva-mostras-de-cinema-a-seis-municipios-da-regiao-serido-confira-a-programacao\/","og_site_name":"Taveira Jr","og_image":[{"url":"https:\/\/s2-g1.glbimg.com\/Wy1LjSBJxlQ9MU6g4SGtDklyv5I=\/i.s3.glbimg.com\/v1\/AUTH_59edd422c0c84a879bd37670ae4f538a\/internal_photos\/bs\/2025\/G\/v\/VAoERxT8eW0q6bM1NN3g\/cinema-caico.jpeg","type":"","width":"","height":""}],"twitter_card":"summary_large_image","twitter_misc":{"Est. tempo de leitura":"7 minutos"},"schema":{"@context":"https:\/\/schema.org","@graph":[{"@type":"WebPage","@id":"https:\/\/deputadotaveirajr.com.br\/index.php\/festival-curta-caico-leva-mostras-de-cinema-a-seis-municipios-da-regiao-serido-confira-a-programacao\/","url":"https:\/\/deputadotaveirajr.com.br\/index.php\/festival-curta-caico-leva-mostras-de-cinema-a-seis-municipios-da-regiao-serido-confira-a-programacao\/","name":"Festival Curta Caic\u00f3 leva mostras de cinema a seis munic\u00edpios da regi\u00e3o Serid\u00f3; confira a programa\u00e7\u00e3o - Taveira Jr","isPartOf":{"@id":"https:\/\/deputadotaveirajr.com.br\/#website"},"primaryImageOfPage":{"@id":"https:\/\/deputadotaveirajr.com.br\/index.php\/festival-curta-caico-leva-mostras-de-cinema-a-seis-municipios-da-regiao-serido-confira-a-programacao\/#primaryimage"},"image":{"@id":"https:\/\/deputadotaveirajr.com.br\/index.php\/festival-curta-caico-leva-mostras-de-cinema-a-seis-municipios-da-regiao-serido-confira-a-programacao\/#primaryimage"},"thumbnailUrl":"https:\/\/deputadotaveirajr.com.br\/wp-content\/uploads\/2025\/11\/cinema-caico-sQJi60.jpg","datePublished":"2025-11-10T16:24:24+00:00","breadcrumb":{"@id":"https:\/\/deputadotaveirajr.com.br\/index.php\/festival-curta-caico-leva-mostras-de-cinema-a-seis-municipios-da-regiao-serido-confira-a-programacao\/#breadcrumb"},"inLanguage":"pt-BR","potentialAction":[{"@type":"ReadAction","target":["https:\/\/deputadotaveirajr.com.br\/index.php\/festival-curta-caico-leva-mostras-de-cinema-a-seis-municipios-da-regiao-serido-confira-a-programacao\/"]}]},{"@type":"ImageObject","inLanguage":"pt-BR","@id":"https:\/\/deputadotaveirajr.com.br\/index.php\/festival-curta-caico-leva-mostras-de-cinema-a-seis-municipios-da-regiao-serido-confira-a-programacao\/#primaryimage","url":"https:\/\/deputadotaveirajr.com.br\/wp-content\/uploads\/2025\/11\/cinema-caico-sQJi60.jpg","contentUrl":"https:\/\/deputadotaveirajr.com.br\/wp-content\/uploads\/2025\/11\/cinema-caico-sQJi60.jpg","width":1600,"height":1066},{"@type":"BreadcrumbList","@id":"https:\/\/deputadotaveirajr.com.br\/index.php\/festival-curta-caico-leva-mostras-de-cinema-a-seis-municipios-da-regiao-serido-confira-a-programacao\/#breadcrumb","itemListElement":[{"@type":"ListItem","position":1,"name":"In\u00edcio","item":"https:\/\/deputadotaveirajr.com.br\/"},{"@type":"ListItem","position":2,"name":"Festival Curta Caic\u00f3 leva mostras de cinema a seis munic\u00edpios da regi\u00e3o Serid\u00f3; confira a programa\u00e7\u00e3o"}]},{"@type":"WebSite","@id":"https:\/\/deputadotaveirajr.com.br\/#website","url":"https:\/\/deputadotaveirajr.com.br\/","name":"Taveira Jr","description":"Deputado Estadual","publisher":{"@id":"https:\/\/deputadotaveirajr.com.br\/#organization"},"potentialAction":[{"@type":"SearchAction","target":{"@type":"EntryPoint","urlTemplate":"https:\/\/deputadotaveirajr.com.br\/?s={search_term_string}"},"query-input":{"@type":"PropertyValueSpecification","valueRequired":true,"valueName":"search_term_string"}}],"inLanguage":"pt-BR"},{"@type":"Organization","@id":"https:\/\/deputadotaveirajr.com.br\/#organization","name":"Taveira Jr","url":"https:\/\/deputadotaveirajr.com.br\/","logo":{"@type":"ImageObject","inLanguage":"pt-BR","@id":"https:\/\/deputadotaveirajr.com.br\/#\/schema\/logo\/image\/","url":"https:\/\/deputadotaveirajr.com.br\/wp-content\/uploads\/2026\/01\/logolow2a.png","contentUrl":"https:\/\/deputadotaveirajr.com.br\/wp-content\/uploads\/2026\/01\/logolow2a.png","width":290,"height":80,"caption":"Taveira Jr"},"image":{"@id":"https:\/\/deputadotaveirajr.com.br\/#\/schema\/logo\/image\/"}}]}},"_links":{"self":[{"href":"https:\/\/deputadotaveirajr.com.br\/index.php\/wp-json\/wp\/v2\/pages\/14481","targetHints":{"allow":["GET"]}}],"collection":[{"href":"https:\/\/deputadotaveirajr.com.br\/index.php\/wp-json\/wp\/v2\/pages"}],"about":[{"href":"https:\/\/deputadotaveirajr.com.br\/index.php\/wp-json\/wp\/v2\/types\/page"}],"replies":[{"embeddable":true,"href":"https:\/\/deputadotaveirajr.com.br\/index.php\/wp-json\/wp\/v2\/comments?post=14481"}],"version-history":[{"count":0,"href":"https:\/\/deputadotaveirajr.com.br\/index.php\/wp-json\/wp\/v2\/pages\/14481\/revisions"}],"wp:featuredmedia":[{"embeddable":true,"href":"https:\/\/deputadotaveirajr.com.br\/index.php\/wp-json\/wp\/v2\/media\/14482"}],"wp:attachment":[{"href":"https:\/\/deputadotaveirajr.com.br\/index.php\/wp-json\/wp\/v2\/media?parent=14481"}],"curies":[{"name":"wp","href":"https:\/\/api.w.org\/{rel}","templated":true}]}}