{"id":14483,"date":"2025-11-10T11:55:11","date_gmt":"2025-11-10T14:55:11","guid":{"rendered":"https:\/\/deputadotaveirajr.com.br\/index.php\/vitimas-de-tiroteio-em-apodi-se-envolvem-em-acidente-apos-receberem-alta-de-hospital-motociclista-morreu\/"},"modified":"2025-11-10T11:55:11","modified_gmt":"2025-11-10T14:55:11","slug":"vitimas-de-tiroteio-em-apodi-se-envolvem-em-acidente-apos-receberem-alta-de-hospital-motociclista-morreu","status":"publish","type":"page","link":"https:\/\/deputadotaveirajr.com.br\/index.php\/vitimas-de-tiroteio-em-apodi-se-envolvem-em-acidente-apos-receberem-alta-de-hospital-motociclista-morreu\/","title":{"rendered":"V\u00edtimas de tiroteio em Apodi se envolvem em acidente ap\u00f3s receberem alta de hospital; motociclista morreu"},"content":{"rendered":"<p><img decoding=\"async\" src=\"https:\/\/s2-g1.glbimg.com\/GlwHpy7IaIO0F0UaHQx4QUkjb3w=\/i.s3.glbimg.com\/v1\/AUTH_59edd422c0c84a879bd37670ae4f538a\/internal_photos\/bs\/2025\/c\/p\/OiAGfEQvmrscZQsH81yw\/acidente.jpg\" \/><br \/>     Motociclista morreu ap\u00f3s bater em carro onde estavam v\u00edtimas de tiroteio em Apodi<br \/>\nPol\u00edcia Civil\/Cedida<br \/>\nCinco das oito pessoas feridas no tiroteio que deixou uma pessoa morta em Apodi na madrugada deste domingo (9) se envolveram em um acidente de tr\u00e2nsito na volta para casa ap\u00f3s receberem alta do hospital em Mossor\u00f3, no Oeste potiguar.<br \/>\nO carro de linha onde os pacientes estavam seguia pela BR-405 no sentido a Apodi quando bateu em uma moto que transitava no sentido oposto e invadiu a contram\u00e3o. O motociclista morreu na hora.<br \/>\n\ud83d\udcf3 Clique aqui para seguir o canal do g1 RN no WhatsApp<br \/>\nO acidente aconteceu ainda na manh\u00e3 do domingo (9), por volta das 8h, na altura do quil\u00f4metro 21 da rodovia federal, a cerca de 3km da comunidade do Jucuri, zona rural de Mossor\u00f3.<br \/>\nDe acordo com a Pol\u00edcia Civil, o motociclista teria tentado realizar uma ultrapassagem for\u00e7ada, o que resultou na colis\u00e3o. Com o impacto, o condutor da moto teve o bra\u00e7o decepado e morreu antes de receber socorro m\u00e9dico.<br \/>\nTiroteio em festa no interior do RN deixou uma pessoa morte e v\u00e1rias feridas<br \/>\nO carro de linha, conduzido por um motorista de 67 anos, seguia para Apodi levando pacientes que tinham recebido alta m\u00e9dica no Hospital Regional Tarc\u00edsio Maia, em Mossor\u00f3, ap\u00f3s o tiroteio que aconteceu durante a madrugada em Apodi.<br \/>\nSegundo a Pol\u00edcia Civil, o motorista prestou socorro e fez o teste do baf\u00f4metro, que n\u00e3o indicou ingest\u00e3o de \u00e1lcool. Ningu\u00e9m que estava no carro ficou ferido.<br \/>\nO motociclista foi identificado como Erick Vin\u00edcius Nascimento de Almeida, de 30 anos, natural de Apodi.<br \/>\nEquipes do Servi\u00e7o de Atendimento M\u00f3vel de Urg\u00eancia (Samu), da Pol\u00edcia Rodovi\u00e1ria Federal (PRF), da Pol\u00edcia Militar, da Pol\u00edcia Civil e da Pol\u00edcia Cient\u00edfica do Rio Grande do Norte foram acionadas para atender a ocorr\u00eancia.<br \/>\nO corpo da v\u00edtima foi recolhido para exames na sede da Pol\u00edcia Cient\u00edfica de Mossor\u00f3.<br \/>\nVeja os v\u00eddeos mais assistidos no g1 RN<\/p>","protected":false},"excerpt":{"rendered":"<p>Motociclista morreu ap\u00f3s bater em carro onde estavam v\u00edtimas de tiroteio em Apodi Pol\u00edcia Civil\/Cedida Cinco das oito pessoas feridas no tiroteio que deixou uma pessoa morta em Apodi na &#8230;<\/p>\n","protected":false},"author":0,"featured_media":14484,"parent":0,"menu_order":0,"comment_status":"closed","ping_status":"closed","template":"","meta":{"footnotes":""},"class_list":["post-14483","page","type-page","status-publish","has-post-thumbnail","hentry"],"yoast_head":"<!-- This site is optimized with the Yoast SEO plugin v27.1.1 - https:\/\/yoast.com\/product\/yoast-seo-wordpress\/ -->\n<title>V\u00edtimas de tiroteio em Apodi se envolvem em acidente ap\u00f3s receberem alta de hospital; motociclista morreu - Taveira Jr<\/title>\n<meta name=\"robots\" content=\"index, follow, max-snippet:-1, max-image-preview:large, max-video-preview:-1\" \/>\n<link rel=\"canonical\" href=\"https:\/\/deputadotaveirajr.com.br\/index.php\/vitimas-de-tiroteio-em-apodi-se-envolvem-em-acidente-apos-receberem-alta-de-hospital-motociclista-morreu\/\" \/>\n<meta property=\"og:locale\" content=\"pt_BR\" \/>\n<meta property=\"og:type\" content=\"article\" \/>\n<meta property=\"og:title\" content=\"V\u00edtimas de tiroteio em Apodi se envolvem em acidente ap\u00f3s receberem alta de hospital; motociclista morreu - Taveira Jr\" \/>\n<meta property=\"og:description\" content=\"Motociclista morreu ap\u00f3s bater em carro onde estavam v\u00edtimas de tiroteio em Apodi Pol\u00edcia Civil\/Cedida Cinco das oito pessoas feridas no tiroteio que deixou uma pessoa morta em Apodi na ...\" \/>\n<meta property=\"og:url\" content=\"https:\/\/deputadotaveirajr.com.br\/index.php\/vitimas-de-tiroteio-em-apodi-se-envolvem-em-acidente-apos-receberem-alta-de-hospital-motociclista-morreu\/\" \/>\n<meta property=\"og:site_name\" content=\"Taveira Jr\" \/>\n<meta property=\"og:image\" content=\"https:\/\/s2-g1.glbimg.com\/GlwHpy7IaIO0F0UaHQx4QUkjb3w=\/i.s3.glbimg.com\/v1\/AUTH_59edd422c0c84a879bd37670ae4f538a\/internal_photos\/bs\/2025\/c\/p\/OiAGfEQvmrscZQsH81yw\/acidente.jpg\" \/>\n<meta name=\"twitter:card\" content=\"summary_large_image\" \/>\n<meta name=\"twitter:label1\" content=\"Est. tempo de leitura\" \/>\n\t<meta name=\"twitter:data1\" content=\"2 minutos\" \/>\n<script type=\"application\/ld+json\" class=\"yoast-schema-graph\">{\"@context\":\"https:\/\/schema.org\",\"@graph\":[{\"@type\":\"WebPage\",\"@id\":\"https:\/\/deputadotaveirajr.com.br\/index.php\/vitimas-de-tiroteio-em-apodi-se-envolvem-em-acidente-apos-receberem-alta-de-hospital-motociclista-morreu\/\",\"url\":\"https:\/\/deputadotaveirajr.com.br\/index.php\/vitimas-de-tiroteio-em-apodi-se-envolvem-em-acidente-apos-receberem-alta-de-hospital-motociclista-morreu\/\",\"name\":\"V\u00edtimas de tiroteio em Apodi se envolvem em acidente ap\u00f3s receberem alta de hospital; motociclista morreu - Taveira Jr\",\"isPartOf\":{\"@id\":\"https:\/\/deputadotaveirajr.com.br\/#website\"},\"primaryImageOfPage\":{\"@id\":\"https:\/\/deputadotaveirajr.com.br\/index.php\/vitimas-de-tiroteio-em-apodi-se-envolvem-em-acidente-apos-receberem-alta-de-hospital-motociclista-morreu\/#primaryimage\"},\"image\":{\"@id\":\"https:\/\/deputadotaveirajr.com.br\/index.php\/vitimas-de-tiroteio-em-apodi-se-envolvem-em-acidente-apos-receberem-alta-de-hospital-motociclista-morreu\/#primaryimage\"},\"thumbnailUrl\":\"https:\/\/deputadotaveirajr.com.br\/wp-content\/uploads\/2025\/11\/acidente-dFSKW4.jpg\",\"datePublished\":\"2025-11-10T14:55:11+00:00\",\"breadcrumb\":{\"@id\":\"https:\/\/deputadotaveirajr.com.br\/index.php\/vitimas-de-tiroteio-em-apodi-se-envolvem-em-acidente-apos-receberem-alta-de-hospital-motociclista-morreu\/#breadcrumb\"},\"inLanguage\":\"pt-BR\",\"potentialAction\":[{\"@type\":\"ReadAction\",\"target\":[\"https:\/\/deputadotaveirajr.com.br\/index.php\/vitimas-de-tiroteio-em-apodi-se-envolvem-em-acidente-apos-receberem-alta-de-hospital-motociclista-morreu\/\"]}]},{\"@type\":\"ImageObject\",\"inLanguage\":\"pt-BR\",\"@id\":\"https:\/\/deputadotaveirajr.com.br\/index.php\/vitimas-de-tiroteio-em-apodi-se-envolvem-em-acidente-apos-receberem-alta-de-hospital-motociclista-morreu\/#primaryimage\",\"url\":\"https:\/\/deputadotaveirajr.com.br\/wp-content\/uploads\/2025\/11\/acidente-dFSKW4.jpg\",\"contentUrl\":\"https:\/\/deputadotaveirajr.com.br\/wp-content\/uploads\/2025\/11\/acidente-dFSKW4.jpg\",\"width\":1280,\"height\":798},{\"@type\":\"BreadcrumbList\",\"@id\":\"https:\/\/deputadotaveirajr.com.br\/index.php\/vitimas-de-tiroteio-em-apodi-se-envolvem-em-acidente-apos-receberem-alta-de-hospital-motociclista-morreu\/#breadcrumb\",\"itemListElement\":[{\"@type\":\"ListItem\",\"position\":1,\"name\":\"In\u00edcio\",\"item\":\"https:\/\/deputadotaveirajr.com.br\/\"},{\"@type\":\"ListItem\",\"position\":2,\"name\":\"V\u00edtimas de tiroteio em Apodi se envolvem em acidente ap\u00f3s receberem alta de hospital; motociclista morreu\"}]},{\"@type\":\"WebSite\",\"@id\":\"https:\/\/deputadotaveirajr.com.br\/#website\",\"url\":\"https:\/\/deputadotaveirajr.com.br\/\",\"name\":\"Taveira Jr\",\"description\":\"Deputado Estadual\",\"publisher\":{\"@id\":\"https:\/\/deputadotaveirajr.com.br\/#organization\"},\"potentialAction\":[{\"@type\":\"SearchAction\",\"target\":{\"@type\":\"EntryPoint\",\"urlTemplate\":\"https:\/\/deputadotaveirajr.com.br\/?s={search_term_string}\"},\"query-input\":{\"@type\":\"PropertyValueSpecification\",\"valueRequired\":true,\"valueName\":\"search_term_string\"}}],\"inLanguage\":\"pt-BR\"},{\"@type\":\"Organization\",\"@id\":\"https:\/\/deputadotaveirajr.com.br\/#organization\",\"name\":\"Taveira Jr\",\"url\":\"https:\/\/deputadotaveirajr.com.br\/\",\"logo\":{\"@type\":\"ImageObject\",\"inLanguage\":\"pt-BR\",\"@id\":\"https:\/\/deputadotaveirajr.com.br\/#\/schema\/logo\/image\/\",\"url\":\"https:\/\/deputadotaveirajr.com.br\/wp-content\/uploads\/2026\/01\/logolow2a.png\",\"contentUrl\":\"https:\/\/deputadotaveirajr.com.br\/wp-content\/uploads\/2026\/01\/logolow2a.png\",\"width\":290,\"height\":80,\"caption\":\"Taveira Jr\"},\"image\":{\"@id\":\"https:\/\/deputadotaveirajr.com.br\/#\/schema\/logo\/image\/\"}}]}<\/script>\n<!-- \/ Yoast SEO plugin. -->","yoast_head_json":{"title":"V\u00edtimas de tiroteio em Apodi se envolvem em acidente ap\u00f3s receberem alta de hospital; motociclista morreu - Taveira Jr","robots":{"index":"index","follow":"follow","max-snippet":"max-snippet:-1","max-image-preview":"max-image-preview:large","max-video-preview":"max-video-preview:-1"},"canonical":"https:\/\/deputadotaveirajr.com.br\/index.php\/vitimas-de-tiroteio-em-apodi-se-envolvem-em-acidente-apos-receberem-alta-de-hospital-motociclista-morreu\/","og_locale":"pt_BR","og_type":"article","og_title":"V\u00edtimas de tiroteio em Apodi se envolvem em acidente ap\u00f3s receberem alta de hospital; motociclista morreu - Taveira Jr","og_description":"Motociclista morreu ap\u00f3s bater em carro onde estavam v\u00edtimas de tiroteio em Apodi Pol\u00edcia Civil\/Cedida Cinco das oito pessoas feridas no tiroteio que deixou uma pessoa morta em Apodi na ...","og_url":"https:\/\/deputadotaveirajr.com.br\/index.php\/vitimas-de-tiroteio-em-apodi-se-envolvem-em-acidente-apos-receberem-alta-de-hospital-motociclista-morreu\/","og_site_name":"Taveira Jr","og_image":[{"url":"https:\/\/s2-g1.glbimg.com\/GlwHpy7IaIO0F0UaHQx4QUkjb3w=\/i.s3.glbimg.com\/v1\/AUTH_59edd422c0c84a879bd37670ae4f538a\/internal_photos\/bs\/2025\/c\/p\/OiAGfEQvmrscZQsH81yw\/acidente.jpg","type":"","width":"","height":""}],"twitter_card":"summary_large_image","twitter_misc":{"Est. tempo de leitura":"2 minutos"},"schema":{"@context":"https:\/\/schema.org","@graph":[{"@type":"WebPage","@id":"https:\/\/deputadotaveirajr.com.br\/index.php\/vitimas-de-tiroteio-em-apodi-se-envolvem-em-acidente-apos-receberem-alta-de-hospital-motociclista-morreu\/","url":"https:\/\/deputadotaveirajr.com.br\/index.php\/vitimas-de-tiroteio-em-apodi-se-envolvem-em-acidente-apos-receberem-alta-de-hospital-motociclista-morreu\/","name":"V\u00edtimas de tiroteio em Apodi se envolvem em acidente ap\u00f3s receberem alta de hospital; motociclista morreu - Taveira Jr","isPartOf":{"@id":"https:\/\/deputadotaveirajr.com.br\/#website"},"primaryImageOfPage":{"@id":"https:\/\/deputadotaveirajr.com.br\/index.php\/vitimas-de-tiroteio-em-apodi-se-envolvem-em-acidente-apos-receberem-alta-de-hospital-motociclista-morreu\/#primaryimage"},"image":{"@id":"https:\/\/deputadotaveirajr.com.br\/index.php\/vitimas-de-tiroteio-em-apodi-se-envolvem-em-acidente-apos-receberem-alta-de-hospital-motociclista-morreu\/#primaryimage"},"thumbnailUrl":"https:\/\/deputadotaveirajr.com.br\/wp-content\/uploads\/2025\/11\/acidente-dFSKW4.jpg","datePublished":"2025-11-10T14:55:11+00:00","breadcrumb":{"@id":"https:\/\/deputadotaveirajr.com.br\/index.php\/vitimas-de-tiroteio-em-apodi-se-envolvem-em-acidente-apos-receberem-alta-de-hospital-motociclista-morreu\/#breadcrumb"},"inLanguage":"pt-BR","potentialAction":[{"@type":"ReadAction","target":["https:\/\/deputadotaveirajr.com.br\/index.php\/vitimas-de-tiroteio-em-apodi-se-envolvem-em-acidente-apos-receberem-alta-de-hospital-motociclista-morreu\/"]}]},{"@type":"ImageObject","inLanguage":"pt-BR","@id":"https:\/\/deputadotaveirajr.com.br\/index.php\/vitimas-de-tiroteio-em-apodi-se-envolvem-em-acidente-apos-receberem-alta-de-hospital-motociclista-morreu\/#primaryimage","url":"https:\/\/deputadotaveirajr.com.br\/wp-content\/uploads\/2025\/11\/acidente-dFSKW4.jpg","contentUrl":"https:\/\/deputadotaveirajr.com.br\/wp-content\/uploads\/2025\/11\/acidente-dFSKW4.jpg","width":1280,"height":798},{"@type":"BreadcrumbList","@id":"https:\/\/deputadotaveirajr.com.br\/index.php\/vitimas-de-tiroteio-em-apodi-se-envolvem-em-acidente-apos-receberem-alta-de-hospital-motociclista-morreu\/#breadcrumb","itemListElement":[{"@type":"ListItem","position":1,"name":"In\u00edcio","item":"https:\/\/deputadotaveirajr.com.br\/"},{"@type":"ListItem","position":2,"name":"V\u00edtimas de tiroteio em Apodi se envolvem em acidente ap\u00f3s receberem alta de hospital; motociclista morreu"}]},{"@type":"WebSite","@id":"https:\/\/deputadotaveirajr.com.br\/#website","url":"https:\/\/deputadotaveirajr.com.br\/","name":"Taveira Jr","description":"Deputado Estadual","publisher":{"@id":"https:\/\/deputadotaveirajr.com.br\/#organization"},"potentialAction":[{"@type":"SearchAction","target":{"@type":"EntryPoint","urlTemplate":"https:\/\/deputadotaveirajr.com.br\/?s={search_term_string}"},"query-input":{"@type":"PropertyValueSpecification","valueRequired":true,"valueName":"search_term_string"}}],"inLanguage":"pt-BR"},{"@type":"Organization","@id":"https:\/\/deputadotaveirajr.com.br\/#organization","name":"Taveira Jr","url":"https:\/\/deputadotaveirajr.com.br\/","logo":{"@type":"ImageObject","inLanguage":"pt-BR","@id":"https:\/\/deputadotaveirajr.com.br\/#\/schema\/logo\/image\/","url":"https:\/\/deputadotaveirajr.com.br\/wp-content\/uploads\/2026\/01\/logolow2a.png","contentUrl":"https:\/\/deputadotaveirajr.com.br\/wp-content\/uploads\/2026\/01\/logolow2a.png","width":290,"height":80,"caption":"Taveira Jr"},"image":{"@id":"https:\/\/deputadotaveirajr.com.br\/#\/schema\/logo\/image\/"}}]}},"_links":{"self":[{"href":"https:\/\/deputadotaveirajr.com.br\/index.php\/wp-json\/wp\/v2\/pages\/14483","targetHints":{"allow":["GET"]}}],"collection":[{"href":"https:\/\/deputadotaveirajr.com.br\/index.php\/wp-json\/wp\/v2\/pages"}],"about":[{"href":"https:\/\/deputadotaveirajr.com.br\/index.php\/wp-json\/wp\/v2\/types\/page"}],"replies":[{"embeddable":true,"href":"https:\/\/deputadotaveirajr.com.br\/index.php\/wp-json\/wp\/v2\/comments?post=14483"}],"version-history":[{"count":0,"href":"https:\/\/deputadotaveirajr.com.br\/index.php\/wp-json\/wp\/v2\/pages\/14483\/revisions"}],"wp:featuredmedia":[{"embeddable":true,"href":"https:\/\/deputadotaveirajr.com.br\/index.php\/wp-json\/wp\/v2\/media\/14484"}],"wp:attachment":[{"href":"https:\/\/deputadotaveirajr.com.br\/index.php\/wp-json\/wp\/v2\/media?parent=14483"}],"curies":[{"name":"wp","href":"https:\/\/api.w.org\/{rel}","templated":true}]}}