{"id":14485,"date":"2025-11-13T20:20:21","date_gmt":"2025-11-13T23:20:21","guid":{"rendered":"https:\/\/deputadotaveirajr.com.br\/index.php\/marinha-abre-processo-seletivo-com-14-vagas-em-natal-salario-inicial-ultrapassa-r-9-mil\/"},"modified":"2025-11-13T20:20:21","modified_gmt":"2025-11-13T23:20:21","slug":"marinha-abre-processo-seletivo-com-14-vagas-em-natal-salario-inicial-ultrapassa-r-9-mil","status":"publish","type":"page","link":"https:\/\/deputadotaveirajr.com.br\/index.php\/marinha-abre-processo-seletivo-com-14-vagas-em-natal-salario-inicial-ultrapassa-r-9-mil\/","title":{"rendered":"Marinha abre processo seletivo com 14 vagas em Natal; sal\u00e1rio inicial ultrapassa R$ 9 mil"},"content":{"rendered":"<p>Oficiais da turma de 2025 durante formatura.<br \/>\nSargento Levi\/Marinha do Brasil<br \/>\nA Marinha do Brasil abriu um processo seletivo para oficiais tempor\u00e1rios com oferta de 14 vagas para Natal. As oportunidades s\u00e3o para profissionais com ensino superior completo (veja, detalhado, mais abaixo). A remunera\u00e7\u00e3o bruta inicial ultrapassa os R$ 9 mil, segundo a ag\u00eancia de not\u00edcias oficial da Marinha.<br \/>\nAo todo, o 3\u00ba Distrito Naval abriu 40 vagas. Al\u00e9m do RN, as oportunidades s\u00e3o para os estados do Cear\u00e1, Pernambuco e Alagoas, englobados pelo distrito.<br \/>\n\ud83d\udcf3 Clique aqui para seguir o canal do g1 RN no WhatsApp<br \/>\nAs inscri\u00e7\u00f5es ficam abertas at\u00e9 o dia 8 de janeiro de 2026 e podem ser feitas no site da Marinha do Brasil. O custo \u00e9 de R$ 140.<br \/>\nO certame \u00e9 destinado a volunt\u00e1rios de ambos os sexos para 2026 nas \u00e1reas de Sa\u00fade, Apoio \u00e0 Sa\u00fade, T\u00e9cnica, Engenharia e T\u00e9cnica-Magist\u00e9rio.<br \/>\nVeja os v\u00eddeos que est\u00e3o em alta no g1<br \/>\n\u27a1\ufe0f Para concorrer a uma das vagas, \u00e9 preciso atender a determinados crit\u00e9rios, como ser brasileiro nato, ter mais de 18 e menos de 41 anos at\u00e9 a data da incorpora\u00e7\u00e3o e possuir n\u00edvel superior na \u00e1rea em que concorre, al\u00e9m de estar registrado no respectivo \u00f3rg\u00e3o fiscalizador da profiss\u00e3o, quando houver.<br \/>\nO v\u00ednculo entre os militares tempor\u00e1rios e a Marinha pode ser renovado a cada ano, podendo chegar a at\u00e9 oito anos, sem possibilidade de estabilidade.<br \/>\nO posto inicial a ser ocupado pelo Oficial RM2 (Reserva de 2\u00aa classe da Marinha) \u00e9 o de Guarda-Marinha, e o \u00faltimo posto, caso o v\u00ednculo seja renovado, \u00e9 o de Capit\u00e3o-Tenente.<br \/>\nAl\u00e9m da remunera\u00e7\u00e3o, logo a partir do curso de forma\u00e7\u00e3o, os Oficiais RM2 t\u00eam acesso a diversos benef\u00edcios, como assist\u00eancia m\u00e9dico-odontol\u00f3gica, psicol\u00f3gica, social e religiosa.<br \/>\nEtapas do Processo Seletivo<br \/>\nOs certames ser\u00e3o compostos por sete etapas. A primeira consiste em prova objetiva com 40 quest\u00f5es de L\u00edngua Portuguesa de car\u00e1ter eliminat\u00f3rio e classificat\u00f3rio.<br \/>\nA prova objetiva tem previs\u00e3o de ser realizada no dia 22 de fevereiro de 2026, com dura\u00e7\u00e3o de tr\u00eas horas.<br \/>\nVagas em Natal<br \/>\nCirurgi\u00e3o-dentista (dent\u00edstica)- 2 vagas<br \/>\nEnfermagem &#8211; 2 vagas<br \/>\nFisioterapia &#8211; 1 vaga<br \/>\nAdministra\u00e7\u00e3o &#8211; 1 vaga<br \/>\nComunica\u00e7\u00e3o Social &#8211; 1 vaga<br \/>\nDireito &#8211; 2 vagas<br \/>\nVistoriador Naval n\u00edvel 1 &#8211; 1 vaga<br \/>\nEngenharia Ambiental &#8211; 1 vaga<br \/>\nEngenharia Civil &#8211; 1 vaga<br \/>\nEngenharia Metal\u00fargica &#8211; 1 vaga<br \/>\nEngenharia Naval &#8211; 1 vaga<br \/>\nV\u00eddeos mais assistidos do g1 RN<\/p>","protected":false},"excerpt":{"rendered":"<p>Oficiais da turma de 2025 durante formatura. Sargento Levi\/Marinha do Brasil A Marinha do Brasil abriu um processo seletivo para oficiais tempor\u00e1rios com oferta de 14 vagas para Natal. As &#8230;<\/p>\n","protected":false},"author":0,"featured_media":0,"parent":0,"menu_order":0,"comment_status":"closed","ping_status":"closed","template":"","meta":{"footnotes":""},"class_list":["post-14485","page","type-page","status-publish","hentry"],"yoast_head":"<!-- This site is optimized with the Yoast SEO plugin v27.1.1 - https:\/\/yoast.com\/product\/yoast-seo-wordpress\/ -->\n<title>Marinha abre processo seletivo com 14 vagas em Natal; sal\u00e1rio inicial ultrapassa R$ 9 mil - Taveira Jr<\/title>\n<meta name=\"robots\" content=\"index, follow, max-snippet:-1, max-image-preview:large, max-video-preview:-1\" \/>\n<link rel=\"canonical\" href=\"https:\/\/deputadotaveirajr.com.br\/index.php\/marinha-abre-processo-seletivo-com-14-vagas-em-natal-salario-inicial-ultrapassa-r-9-mil\/\" \/>\n<meta property=\"og:locale\" content=\"pt_BR\" \/>\n<meta property=\"og:type\" content=\"article\" \/>\n<meta property=\"og:title\" content=\"Marinha abre processo seletivo com 14 vagas em Natal; sal\u00e1rio inicial ultrapassa R$ 9 mil - Taveira Jr\" \/>\n<meta property=\"og:description\" content=\"Oficiais da turma de 2025 durante formatura. Sargento Levi\/Marinha do Brasil A Marinha do Brasil abriu um processo seletivo para oficiais tempor\u00e1rios com oferta de 14 vagas para Natal. As ...\" \/>\n<meta property=\"og:url\" content=\"https:\/\/deputadotaveirajr.com.br\/index.php\/marinha-abre-processo-seletivo-com-14-vagas-em-natal-salario-inicial-ultrapassa-r-9-mil\/\" \/>\n<meta property=\"og:site_name\" content=\"Taveira Jr\" \/>\n<meta name=\"twitter:card\" content=\"summary_large_image\" \/>\n<meta name=\"twitter:label1\" content=\"Est. tempo de leitura\" \/>\n\t<meta name=\"twitter:data1\" content=\"2 minutos\" \/>\n<script type=\"application\/ld+json\" class=\"yoast-schema-graph\">{\"@context\":\"https:\/\/schema.org\",\"@graph\":[{\"@type\":\"WebPage\",\"@id\":\"https:\/\/deputadotaveirajr.com.br\/index.php\/marinha-abre-processo-seletivo-com-14-vagas-em-natal-salario-inicial-ultrapassa-r-9-mil\/\",\"url\":\"https:\/\/deputadotaveirajr.com.br\/index.php\/marinha-abre-processo-seletivo-com-14-vagas-em-natal-salario-inicial-ultrapassa-r-9-mil\/\",\"name\":\"Marinha abre processo seletivo com 14 vagas em Natal; sal\u00e1rio inicial ultrapassa R$ 9 mil - Taveira Jr\",\"isPartOf\":{\"@id\":\"https:\/\/deputadotaveirajr.com.br\/#website\"},\"datePublished\":\"2025-11-13T23:20:21+00:00\",\"breadcrumb\":{\"@id\":\"https:\/\/deputadotaveirajr.com.br\/index.php\/marinha-abre-processo-seletivo-com-14-vagas-em-natal-salario-inicial-ultrapassa-r-9-mil\/#breadcrumb\"},\"inLanguage\":\"pt-BR\",\"potentialAction\":[{\"@type\":\"ReadAction\",\"target\":[\"https:\/\/deputadotaveirajr.com.br\/index.php\/marinha-abre-processo-seletivo-com-14-vagas-em-natal-salario-inicial-ultrapassa-r-9-mil\/\"]}]},{\"@type\":\"BreadcrumbList\",\"@id\":\"https:\/\/deputadotaveirajr.com.br\/index.php\/marinha-abre-processo-seletivo-com-14-vagas-em-natal-salario-inicial-ultrapassa-r-9-mil\/#breadcrumb\",\"itemListElement\":[{\"@type\":\"ListItem\",\"position\":1,\"name\":\"In\u00edcio\",\"item\":\"https:\/\/deputadotaveirajr.com.br\/\"},{\"@type\":\"ListItem\",\"position\":2,\"name\":\"Marinha abre processo seletivo com 14 vagas em Natal; sal\u00e1rio inicial ultrapassa R$ 9 mil\"}]},{\"@type\":\"WebSite\",\"@id\":\"https:\/\/deputadotaveirajr.com.br\/#website\",\"url\":\"https:\/\/deputadotaveirajr.com.br\/\",\"name\":\"Taveira Jr\",\"description\":\"Deputado Estadual\",\"publisher\":{\"@id\":\"https:\/\/deputadotaveirajr.com.br\/#organization\"},\"potentialAction\":[{\"@type\":\"SearchAction\",\"target\":{\"@type\":\"EntryPoint\",\"urlTemplate\":\"https:\/\/deputadotaveirajr.com.br\/?s={search_term_string}\"},\"query-input\":{\"@type\":\"PropertyValueSpecification\",\"valueRequired\":true,\"valueName\":\"search_term_string\"}}],\"inLanguage\":\"pt-BR\"},{\"@type\":\"Organization\",\"@id\":\"https:\/\/deputadotaveirajr.com.br\/#organization\",\"name\":\"Taveira Jr\",\"url\":\"https:\/\/deputadotaveirajr.com.br\/\",\"logo\":{\"@type\":\"ImageObject\",\"inLanguage\":\"pt-BR\",\"@id\":\"https:\/\/deputadotaveirajr.com.br\/#\/schema\/logo\/image\/\",\"url\":\"https:\/\/deputadotaveirajr.com.br\/wp-content\/uploads\/2026\/01\/logolow2a.png\",\"contentUrl\":\"https:\/\/deputadotaveirajr.com.br\/wp-content\/uploads\/2026\/01\/logolow2a.png\",\"width\":290,\"height\":80,\"caption\":\"Taveira Jr\"},\"image\":{\"@id\":\"https:\/\/deputadotaveirajr.com.br\/#\/schema\/logo\/image\/\"}}]}<\/script>\n<!-- \/ Yoast SEO plugin. -->","yoast_head_json":{"title":"Marinha abre processo seletivo com 14 vagas em Natal; sal\u00e1rio inicial ultrapassa R$ 9 mil - Taveira Jr","robots":{"index":"index","follow":"follow","max-snippet":"max-snippet:-1","max-image-preview":"max-image-preview:large","max-video-preview":"max-video-preview:-1"},"canonical":"https:\/\/deputadotaveirajr.com.br\/index.php\/marinha-abre-processo-seletivo-com-14-vagas-em-natal-salario-inicial-ultrapassa-r-9-mil\/","og_locale":"pt_BR","og_type":"article","og_title":"Marinha abre processo seletivo com 14 vagas em Natal; sal\u00e1rio inicial ultrapassa R$ 9 mil - Taveira Jr","og_description":"Oficiais da turma de 2025 durante formatura. Sargento Levi\/Marinha do Brasil A Marinha do Brasil abriu um processo seletivo para oficiais tempor\u00e1rios com oferta de 14 vagas para Natal. As ...","og_url":"https:\/\/deputadotaveirajr.com.br\/index.php\/marinha-abre-processo-seletivo-com-14-vagas-em-natal-salario-inicial-ultrapassa-r-9-mil\/","og_site_name":"Taveira Jr","twitter_card":"summary_large_image","twitter_misc":{"Est. tempo de leitura":"2 minutos"},"schema":{"@context":"https:\/\/schema.org","@graph":[{"@type":"WebPage","@id":"https:\/\/deputadotaveirajr.com.br\/index.php\/marinha-abre-processo-seletivo-com-14-vagas-em-natal-salario-inicial-ultrapassa-r-9-mil\/","url":"https:\/\/deputadotaveirajr.com.br\/index.php\/marinha-abre-processo-seletivo-com-14-vagas-em-natal-salario-inicial-ultrapassa-r-9-mil\/","name":"Marinha abre processo seletivo com 14 vagas em Natal; sal\u00e1rio inicial ultrapassa R$ 9 mil - Taveira Jr","isPartOf":{"@id":"https:\/\/deputadotaveirajr.com.br\/#website"},"datePublished":"2025-11-13T23:20:21+00:00","breadcrumb":{"@id":"https:\/\/deputadotaveirajr.com.br\/index.php\/marinha-abre-processo-seletivo-com-14-vagas-em-natal-salario-inicial-ultrapassa-r-9-mil\/#breadcrumb"},"inLanguage":"pt-BR","potentialAction":[{"@type":"ReadAction","target":["https:\/\/deputadotaveirajr.com.br\/index.php\/marinha-abre-processo-seletivo-com-14-vagas-em-natal-salario-inicial-ultrapassa-r-9-mil\/"]}]},{"@type":"BreadcrumbList","@id":"https:\/\/deputadotaveirajr.com.br\/index.php\/marinha-abre-processo-seletivo-com-14-vagas-em-natal-salario-inicial-ultrapassa-r-9-mil\/#breadcrumb","itemListElement":[{"@type":"ListItem","position":1,"name":"In\u00edcio","item":"https:\/\/deputadotaveirajr.com.br\/"},{"@type":"ListItem","position":2,"name":"Marinha abre processo seletivo com 14 vagas em Natal; sal\u00e1rio inicial ultrapassa R$ 9 mil"}]},{"@type":"WebSite","@id":"https:\/\/deputadotaveirajr.com.br\/#website","url":"https:\/\/deputadotaveirajr.com.br\/","name":"Taveira Jr","description":"Deputado Estadual","publisher":{"@id":"https:\/\/deputadotaveirajr.com.br\/#organization"},"potentialAction":[{"@type":"SearchAction","target":{"@type":"EntryPoint","urlTemplate":"https:\/\/deputadotaveirajr.com.br\/?s={search_term_string}"},"query-input":{"@type":"PropertyValueSpecification","valueRequired":true,"valueName":"search_term_string"}}],"inLanguage":"pt-BR"},{"@type":"Organization","@id":"https:\/\/deputadotaveirajr.com.br\/#organization","name":"Taveira Jr","url":"https:\/\/deputadotaveirajr.com.br\/","logo":{"@type":"ImageObject","inLanguage":"pt-BR","@id":"https:\/\/deputadotaveirajr.com.br\/#\/schema\/logo\/image\/","url":"https:\/\/deputadotaveirajr.com.br\/wp-content\/uploads\/2026\/01\/logolow2a.png","contentUrl":"https:\/\/deputadotaveirajr.com.br\/wp-content\/uploads\/2026\/01\/logolow2a.png","width":290,"height":80,"caption":"Taveira Jr"},"image":{"@id":"https:\/\/deputadotaveirajr.com.br\/#\/schema\/logo\/image\/"}}]}},"_links":{"self":[{"href":"https:\/\/deputadotaveirajr.com.br\/index.php\/wp-json\/wp\/v2\/pages\/14485","targetHints":{"allow":["GET"]}}],"collection":[{"href":"https:\/\/deputadotaveirajr.com.br\/index.php\/wp-json\/wp\/v2\/pages"}],"about":[{"href":"https:\/\/deputadotaveirajr.com.br\/index.php\/wp-json\/wp\/v2\/types\/page"}],"replies":[{"embeddable":true,"href":"https:\/\/deputadotaveirajr.com.br\/index.php\/wp-json\/wp\/v2\/comments?post=14485"}],"version-history":[{"count":0,"href":"https:\/\/deputadotaveirajr.com.br\/index.php\/wp-json\/wp\/v2\/pages\/14485\/revisions"}],"wp:attachment":[{"href":"https:\/\/deputadotaveirajr.com.br\/index.php\/wp-json\/wp\/v2\/media?parent=14485"}],"curies":[{"name":"wp","href":"https:\/\/api.w.org\/{rel}","templated":true}]}}