{"id":14487,"date":"2025-11-13T16:36:00","date_gmt":"2025-11-13T19:36:00","guid":{"rendered":"https:\/\/deputadotaveirajr.com.br\/index.php\/ibge-numero-de-ocupados-cresce-mas-salarios-caem-no-rn-veja-cidades-com-melhores-medias-salariais\/"},"modified":"2025-11-13T16:36:00","modified_gmt":"2025-11-13T19:36:00","slug":"ibge-numero-de-ocupados-cresce-mas-salarios-caem-no-rn-veja-cidades-com-melhores-medias-salariais","status":"publish","type":"page","link":"https:\/\/deputadotaveirajr.com.br\/index.php\/ibge-numero-de-ocupados-cresce-mas-salarios-caem-no-rn-veja-cidades-com-melhores-medias-salariais\/","title":{"rendered":"IBGE: N\u00famero de ocupados cresce, mas sal\u00e1rios caem no RN; veja cidades com melhores m\u00e9dias salariais"},"content":{"rendered":"<p>D\u00e9cimo terceiro sal\u00e1rio<br \/>\nJos\u00e9 Cruz\/Arquivo\/Ag\u00eancia Brasil<br \/>\nO n\u00famero de pessoas ocupadas cresceu no Rio Grande do Norte, mas a m\u00e9dia salarial dos empregados caiu. Isso foi o que constatou uma pesquisa do Instituto Brasileiro de Geografia e Estat\u00edstica (IBGE), divulgada nesta quinta-feira (13).<br \/>\nA pesquisa \u00e9 referente ao ano de 2023 e foi baseada em estat\u00edsticas do Cadastro Central de Empresas (Cempre). A pesquisa divulgou ainda as cidades potiguares com as melhores m\u00e9dias salariais (veja mais abaixo).<br \/>\n\ud83d\udcf3 Clique aqui para seguir o canal do g1 RN no WhatsApp<br \/>\nSegundo o levantamento, o RN tinha 658.247 pessoas ocupadas e recebendo sal\u00e1rio nas unidades locais de empresas e outras organiza\u00e7\u00f5es atuantes do estado em 2023. Esse n\u00famero \u00e9 2,98% maior que no ano anterior.<br \/>\nO levantamento apontou, no entanto, que o sal\u00e1rio m\u00e9dio mensal pago aos trabalhadores caiu: saindo de 2,4 sal\u00e1rios m\u00ednimos para 2,3 no per\u00edodo.<br \/>\nEm m\u00e9dia, segundo o IBGE, o sal\u00e1rio mensal foi de R$ 3.033,12 no estado.<br \/>\nNo total, as unidades desembolsaram mais de R$ 25,833 bilh\u00f5es em sal\u00e1rios e outras remunera\u00e7\u00f5es ao longo do ano. O montante representa um crescimento de 8,13% em rela\u00e7\u00e3o ao total pago em 2022.<br \/>\nSetor de servi\u00e7os cresce 7% no RN<br \/>\nCidades com melhores m\u00e9dias salariais<br \/>\nA pesquisa apontou ainda que Guamar\u00e9 foi a cidade com a melhor m\u00e9dia salarial do Rio Grande do Norte em 2023 &#8211; a cidade ocupava a terceira posi\u00e7\u00e3o em 2022. A m\u00e9dia salarial no munic\u00edpio foi de R$ 4.383,86 ao pessoal ocupado nas unidades locais de empresas e outras organiza\u00e7\u00f5es do munic\u00edpio.<br \/>\nJ\u00e1 Riachuelo, que estava na primeira posi\u00e7\u00e3o, registrou uma queda de 2,68% no valor do sal\u00e1rio m\u00e9dio mensal, caindo para segundo.  Natal tamb\u00e9m perdeu posi\u00e7\u00f5es e caiu do segundo para o terceiro lugar.<br \/>\nO munic\u00edpio que registrou o menor sal\u00e1rio m\u00e9dio mensal foi Jo\u00e3o Dias, com R$ 1.564,42.<br \/>\nRanking dos munic\u00edpios com sal\u00e1rios m\u00e9dios mensais mais altos do RN em 2023:<br \/>\nGuamar\u00e9 &#8211; R$ 4.383,86<br \/>\nRiachuelo &#8211; R$ 3.769,4<br \/>\nNatal &#8211; R$ 3.712,59<br \/>\nParazinho &#8211; R$ 3.625,27<br \/>\nParan\u00e1 &#8211; R$ 3.318,41<br \/>\nN\u00famero de unidades locais cresce 5,7% no estado<br \/>\nA pesquisa tamb\u00e9m apontou que o n\u00famero de unidades locais de empresas e outras organiza\u00e7\u00f5es atuantes no Rio Grande do Norte cresceu 5,7% em 2023 em compara\u00e7\u00e3o com 2022. Segundo o IBGE, foram 120.587 unidades.<br \/>\nO n\u00famero considera apenas as unidades formais inscritas no Cadastro Nacional da Pessoa Jur\u00eddica (CNPJ).<br \/>\nA maioria continuou concentrada no grupo de atividades de com\u00e9rcio, repara\u00e7\u00e3o de ve\u00edculos automotores e motocicletas, que representou 33,73%, mas o levantamento registrou uma varia\u00e7\u00e3o de -0,64% no n\u00famero de unidades do setor.<br \/>\nA redu\u00e7\u00e3o tamb\u00e9m foi registrada no segmento de outras atividades de servi\u00e7o, que concentrou 8,12% das unidades locais, uma queda de 0,26% ante o ano anterior.<br \/>\nHouve aumento nos setores de atividades profissionais, cient\u00edficas e t\u00e9cnicas (6,74%) e de sa\u00fade humana e servi\u00e7os sociais (6,66%).<br \/>\nV\u00eddeos mais assistidos do g1 RN<\/p>","protected":false},"excerpt":{"rendered":"<p>D\u00e9cimo terceiro sal\u00e1rio Jos\u00e9 Cruz\/Arquivo\/Ag\u00eancia Brasil O n\u00famero de pessoas ocupadas cresceu no Rio Grande do Norte, mas a m\u00e9dia salarial dos empregados caiu. Isso foi o que constatou uma &#8230;<\/p>\n","protected":false},"author":0,"featured_media":0,"parent":0,"menu_order":0,"comment_status":"closed","ping_status":"closed","template":"","meta":{"footnotes":""},"class_list":["post-14487","page","type-page","status-publish","hentry"],"yoast_head":"<!-- This site is optimized with the Yoast SEO plugin v27.1.1 - https:\/\/yoast.com\/product\/yoast-seo-wordpress\/ -->\n<title>IBGE: N\u00famero de ocupados cresce, mas sal\u00e1rios caem no RN; veja cidades com melhores m\u00e9dias salariais - Taveira Jr<\/title>\n<meta name=\"robots\" content=\"index, follow, max-snippet:-1, max-image-preview:large, max-video-preview:-1\" \/>\n<link rel=\"canonical\" href=\"https:\/\/deputadotaveirajr.com.br\/index.php\/ibge-numero-de-ocupados-cresce-mas-salarios-caem-no-rn-veja-cidades-com-melhores-medias-salariais\/\" \/>\n<meta property=\"og:locale\" content=\"pt_BR\" \/>\n<meta property=\"og:type\" content=\"article\" \/>\n<meta property=\"og:title\" content=\"IBGE: N\u00famero de ocupados cresce, mas sal\u00e1rios caem no RN; veja cidades com melhores m\u00e9dias salariais - Taveira Jr\" \/>\n<meta property=\"og:description\" content=\"D\u00e9cimo terceiro sal\u00e1rio Jos\u00e9 Cruz\/Arquivo\/Ag\u00eancia Brasil O n\u00famero de pessoas ocupadas cresceu no Rio Grande do Norte, mas a m\u00e9dia salarial dos empregados caiu. Isso foi o que constatou uma ...\" \/>\n<meta property=\"og:url\" content=\"https:\/\/deputadotaveirajr.com.br\/index.php\/ibge-numero-de-ocupados-cresce-mas-salarios-caem-no-rn-veja-cidades-com-melhores-medias-salariais\/\" \/>\n<meta property=\"og:site_name\" content=\"Taveira Jr\" \/>\n<meta name=\"twitter:card\" content=\"summary_large_image\" \/>\n<meta name=\"twitter:label1\" content=\"Est. tempo de leitura\" \/>\n\t<meta name=\"twitter:data1\" content=\"3 minutos\" \/>\n<script type=\"application\/ld+json\" class=\"yoast-schema-graph\">{\"@context\":\"https:\/\/schema.org\",\"@graph\":[{\"@type\":\"WebPage\",\"@id\":\"https:\/\/deputadotaveirajr.com.br\/index.php\/ibge-numero-de-ocupados-cresce-mas-salarios-caem-no-rn-veja-cidades-com-melhores-medias-salariais\/\",\"url\":\"https:\/\/deputadotaveirajr.com.br\/index.php\/ibge-numero-de-ocupados-cresce-mas-salarios-caem-no-rn-veja-cidades-com-melhores-medias-salariais\/\",\"name\":\"IBGE: N\u00famero de ocupados cresce, mas sal\u00e1rios caem no RN; veja cidades com melhores m\u00e9dias salariais - Taveira Jr\",\"isPartOf\":{\"@id\":\"https:\/\/deputadotaveirajr.com.br\/#website\"},\"datePublished\":\"2025-11-13T19:36:00+00:00\",\"breadcrumb\":{\"@id\":\"https:\/\/deputadotaveirajr.com.br\/index.php\/ibge-numero-de-ocupados-cresce-mas-salarios-caem-no-rn-veja-cidades-com-melhores-medias-salariais\/#breadcrumb\"},\"inLanguage\":\"pt-BR\",\"potentialAction\":[{\"@type\":\"ReadAction\",\"target\":[\"https:\/\/deputadotaveirajr.com.br\/index.php\/ibge-numero-de-ocupados-cresce-mas-salarios-caem-no-rn-veja-cidades-com-melhores-medias-salariais\/\"]}]},{\"@type\":\"BreadcrumbList\",\"@id\":\"https:\/\/deputadotaveirajr.com.br\/index.php\/ibge-numero-de-ocupados-cresce-mas-salarios-caem-no-rn-veja-cidades-com-melhores-medias-salariais\/#breadcrumb\",\"itemListElement\":[{\"@type\":\"ListItem\",\"position\":1,\"name\":\"In\u00edcio\",\"item\":\"https:\/\/deputadotaveirajr.com.br\/\"},{\"@type\":\"ListItem\",\"position\":2,\"name\":\"IBGE: N\u00famero de ocupados cresce, mas sal\u00e1rios caem no RN; veja cidades com melhores m\u00e9dias salariais\"}]},{\"@type\":\"WebSite\",\"@id\":\"https:\/\/deputadotaveirajr.com.br\/#website\",\"url\":\"https:\/\/deputadotaveirajr.com.br\/\",\"name\":\"Taveira Jr\",\"description\":\"Deputado Estadual\",\"publisher\":{\"@id\":\"https:\/\/deputadotaveirajr.com.br\/#organization\"},\"potentialAction\":[{\"@type\":\"SearchAction\",\"target\":{\"@type\":\"EntryPoint\",\"urlTemplate\":\"https:\/\/deputadotaveirajr.com.br\/?s={search_term_string}\"},\"query-input\":{\"@type\":\"PropertyValueSpecification\",\"valueRequired\":true,\"valueName\":\"search_term_string\"}}],\"inLanguage\":\"pt-BR\"},{\"@type\":\"Organization\",\"@id\":\"https:\/\/deputadotaveirajr.com.br\/#organization\",\"name\":\"Taveira Jr\",\"url\":\"https:\/\/deputadotaveirajr.com.br\/\",\"logo\":{\"@type\":\"ImageObject\",\"inLanguage\":\"pt-BR\",\"@id\":\"https:\/\/deputadotaveirajr.com.br\/#\/schema\/logo\/image\/\",\"url\":\"https:\/\/deputadotaveirajr.com.br\/wp-content\/uploads\/2026\/01\/logolow2a.png\",\"contentUrl\":\"https:\/\/deputadotaveirajr.com.br\/wp-content\/uploads\/2026\/01\/logolow2a.png\",\"width\":290,\"height\":80,\"caption\":\"Taveira Jr\"},\"image\":{\"@id\":\"https:\/\/deputadotaveirajr.com.br\/#\/schema\/logo\/image\/\"}}]}<\/script>\n<!-- \/ Yoast SEO plugin. -->","yoast_head_json":{"title":"IBGE: N\u00famero de ocupados cresce, mas sal\u00e1rios caem no RN; veja cidades com melhores m\u00e9dias salariais - Taveira Jr","robots":{"index":"index","follow":"follow","max-snippet":"max-snippet:-1","max-image-preview":"max-image-preview:large","max-video-preview":"max-video-preview:-1"},"canonical":"https:\/\/deputadotaveirajr.com.br\/index.php\/ibge-numero-de-ocupados-cresce-mas-salarios-caem-no-rn-veja-cidades-com-melhores-medias-salariais\/","og_locale":"pt_BR","og_type":"article","og_title":"IBGE: N\u00famero de ocupados cresce, mas sal\u00e1rios caem no RN; veja cidades com melhores m\u00e9dias salariais - Taveira Jr","og_description":"D\u00e9cimo terceiro sal\u00e1rio Jos\u00e9 Cruz\/Arquivo\/Ag\u00eancia Brasil O n\u00famero de pessoas ocupadas cresceu no Rio Grande do Norte, mas a m\u00e9dia salarial dos empregados caiu. Isso foi o que constatou uma ...","og_url":"https:\/\/deputadotaveirajr.com.br\/index.php\/ibge-numero-de-ocupados-cresce-mas-salarios-caem-no-rn-veja-cidades-com-melhores-medias-salariais\/","og_site_name":"Taveira Jr","twitter_card":"summary_large_image","twitter_misc":{"Est. tempo de leitura":"3 minutos"},"schema":{"@context":"https:\/\/schema.org","@graph":[{"@type":"WebPage","@id":"https:\/\/deputadotaveirajr.com.br\/index.php\/ibge-numero-de-ocupados-cresce-mas-salarios-caem-no-rn-veja-cidades-com-melhores-medias-salariais\/","url":"https:\/\/deputadotaveirajr.com.br\/index.php\/ibge-numero-de-ocupados-cresce-mas-salarios-caem-no-rn-veja-cidades-com-melhores-medias-salariais\/","name":"IBGE: N\u00famero de ocupados cresce, mas sal\u00e1rios caem no RN; veja cidades com melhores m\u00e9dias salariais - Taveira Jr","isPartOf":{"@id":"https:\/\/deputadotaveirajr.com.br\/#website"},"datePublished":"2025-11-13T19:36:00+00:00","breadcrumb":{"@id":"https:\/\/deputadotaveirajr.com.br\/index.php\/ibge-numero-de-ocupados-cresce-mas-salarios-caem-no-rn-veja-cidades-com-melhores-medias-salariais\/#breadcrumb"},"inLanguage":"pt-BR","potentialAction":[{"@type":"ReadAction","target":["https:\/\/deputadotaveirajr.com.br\/index.php\/ibge-numero-de-ocupados-cresce-mas-salarios-caem-no-rn-veja-cidades-com-melhores-medias-salariais\/"]}]},{"@type":"BreadcrumbList","@id":"https:\/\/deputadotaveirajr.com.br\/index.php\/ibge-numero-de-ocupados-cresce-mas-salarios-caem-no-rn-veja-cidades-com-melhores-medias-salariais\/#breadcrumb","itemListElement":[{"@type":"ListItem","position":1,"name":"In\u00edcio","item":"https:\/\/deputadotaveirajr.com.br\/"},{"@type":"ListItem","position":2,"name":"IBGE: N\u00famero de ocupados cresce, mas sal\u00e1rios caem no RN; veja cidades com melhores m\u00e9dias salariais"}]},{"@type":"WebSite","@id":"https:\/\/deputadotaveirajr.com.br\/#website","url":"https:\/\/deputadotaveirajr.com.br\/","name":"Taveira Jr","description":"Deputado Estadual","publisher":{"@id":"https:\/\/deputadotaveirajr.com.br\/#organization"},"potentialAction":[{"@type":"SearchAction","target":{"@type":"EntryPoint","urlTemplate":"https:\/\/deputadotaveirajr.com.br\/?s={search_term_string}"},"query-input":{"@type":"PropertyValueSpecification","valueRequired":true,"valueName":"search_term_string"}}],"inLanguage":"pt-BR"},{"@type":"Organization","@id":"https:\/\/deputadotaveirajr.com.br\/#organization","name":"Taveira Jr","url":"https:\/\/deputadotaveirajr.com.br\/","logo":{"@type":"ImageObject","inLanguage":"pt-BR","@id":"https:\/\/deputadotaveirajr.com.br\/#\/schema\/logo\/image\/","url":"https:\/\/deputadotaveirajr.com.br\/wp-content\/uploads\/2026\/01\/logolow2a.png","contentUrl":"https:\/\/deputadotaveirajr.com.br\/wp-content\/uploads\/2026\/01\/logolow2a.png","width":290,"height":80,"caption":"Taveira Jr"},"image":{"@id":"https:\/\/deputadotaveirajr.com.br\/#\/schema\/logo\/image\/"}}]}},"_links":{"self":[{"href":"https:\/\/deputadotaveirajr.com.br\/index.php\/wp-json\/wp\/v2\/pages\/14487","targetHints":{"allow":["GET"]}}],"collection":[{"href":"https:\/\/deputadotaveirajr.com.br\/index.php\/wp-json\/wp\/v2\/pages"}],"about":[{"href":"https:\/\/deputadotaveirajr.com.br\/index.php\/wp-json\/wp\/v2\/types\/page"}],"replies":[{"embeddable":true,"href":"https:\/\/deputadotaveirajr.com.br\/index.php\/wp-json\/wp\/v2\/comments?post=14487"}],"version-history":[{"count":0,"href":"https:\/\/deputadotaveirajr.com.br\/index.php\/wp-json\/wp\/v2\/pages\/14487\/revisions"}],"wp:attachment":[{"href":"https:\/\/deputadotaveirajr.com.br\/index.php\/wp-json\/wp\/v2\/media?parent=14487"}],"curies":[{"name":"wp","href":"https:\/\/api.w.org\/{rel}","templated":true}]}}