{"id":14488,"date":"2025-11-13T13:32:57","date_gmt":"2025-11-13T16:32:57","guid":{"rendered":"https:\/\/deputadotaveirajr.com.br\/index.php\/receita-federal-apreende-2-toneladas-de-produtos-eletronicos-falsificados-e-sem-homologacao-da-anatel-em-natal\/"},"modified":"2025-11-13T13:32:57","modified_gmt":"2025-11-13T16:32:57","slug":"receita-federal-apreende-2-toneladas-de-produtos-eletronicos-falsificados-e-sem-homologacao-da-anatel-em-natal","status":"publish","type":"page","link":"https:\/\/deputadotaveirajr.com.br\/index.php\/receita-federal-apreende-2-toneladas-de-produtos-eletronicos-falsificados-e-sem-homologacao-da-anatel-em-natal\/","title":{"rendered":"Receita Federal apreende 2 toneladas de produtos eletr\u00f4nicos falsificados e sem homologa\u00e7\u00e3o da Anatel em Natal"},"content":{"rendered":"<p>Receita Federal apreende eletr\u00f4nicos falsificados e sem homologa\u00e7\u00e3o da Anatel em Natal<br \/>\nUma opera\u00e7\u00e3o deflagrada na manh\u00e3 desta quinta-feira (13) para combater venda de produtos eletr\u00f4nicos falsificados e sem homologa\u00e7\u00e3o pela Anatel, muitos deles de origem de contrabando, apreendeu duas toneladas de equipamentos avaliados em mais de R$ 1 milh\u00e3o.<br \/>\nA a\u00e7\u00e3o foi conduzida pela Receita Federal junto com a Anatel e a Pol\u00edcia Civil do Rio Grande do Norte no bairro Alecrim, na Zona Leste de Natal.<br \/>\n\ud83d\udcf3 Clique aqui para seguir o canal do g1 RN no WhatsApp<br \/>\nTamb\u00e9m participaram da Opera\u00e7\u00e3o Terra do Sol escrit\u00f3rios de advocacia que representam as marcas afetadas, respons\u00e1veis pela an\u00e1lise t\u00e9cnica dos produtos apreendidos.<br \/>\nSegundo a Receita, o nome da opera\u00e7\u00e3o faz refer\u00eancia ao apelido da capital potiguar e ao fato de que a cidade vem sendo utilizada como ponto de entrada e distribui\u00e7\u00e3o de diversos produtos eletr\u00f4nicos comercializados em todo o pa\u00eds.<br \/>\nSegundo o \u00f3rg\u00e3o, produtos n\u00e3o homologados ou falsificados, especialmente os eletr\u00f4nicos, oferecem riscos \u00e0 integridade f\u00edsica dos usu\u00e1rios e geram concorr\u00eancia desleal com empresas que atuam de forma regular no pa\u00eds.<br \/>\nEquipamentos eletr\u00f4nicos foram apreendidos no bairro Alecrim, na Zona Leste de Natal.<br \/>\nReceita Federal\/Reprodu\u00e7\u00e3o<\/p>","protected":false},"excerpt":{"rendered":"<p>Receita Federal apreende eletr\u00f4nicos falsificados e sem homologa\u00e7\u00e3o da Anatel em Natal Uma opera\u00e7\u00e3o deflagrada na manh\u00e3 desta quinta-feira (13) para combater venda de produtos eletr\u00f4nicos falsificados e sem homologa\u00e7\u00e3o &#8230;<\/p>\n","protected":false},"author":0,"featured_media":0,"parent":0,"menu_order":0,"comment_status":"closed","ping_status":"closed","template":"","meta":{"footnotes":""},"class_list":["post-14488","page","type-page","status-publish","hentry"],"yoast_head":"<!-- This site is optimized with the Yoast SEO plugin v27.1.1 - https:\/\/yoast.com\/product\/yoast-seo-wordpress\/ -->\n<title>Receita Federal apreende 2 toneladas de produtos eletr\u00f4nicos falsificados e sem homologa\u00e7\u00e3o da Anatel em Natal - Taveira Jr<\/title>\n<meta name=\"robots\" content=\"index, follow, max-snippet:-1, max-image-preview:large, max-video-preview:-1\" \/>\n<link rel=\"canonical\" href=\"https:\/\/deputadotaveirajr.com.br\/index.php\/receita-federal-apreende-2-toneladas-de-produtos-eletronicos-falsificados-e-sem-homologacao-da-anatel-em-natal\/\" \/>\n<meta property=\"og:locale\" content=\"pt_BR\" \/>\n<meta property=\"og:type\" content=\"article\" \/>\n<meta property=\"og:title\" content=\"Receita Federal apreende 2 toneladas de produtos eletr\u00f4nicos falsificados e sem homologa\u00e7\u00e3o da Anatel em Natal - Taveira Jr\" \/>\n<meta property=\"og:description\" content=\"Receita Federal apreende eletr\u00f4nicos falsificados e sem homologa\u00e7\u00e3o da Anatel em Natal Uma opera\u00e7\u00e3o deflagrada na manh\u00e3 desta quinta-feira (13) para combater venda de produtos eletr\u00f4nicos falsificados e sem homologa\u00e7\u00e3o ...\" \/>\n<meta property=\"og:url\" content=\"https:\/\/deputadotaveirajr.com.br\/index.php\/receita-federal-apreende-2-toneladas-de-produtos-eletronicos-falsificados-e-sem-homologacao-da-anatel-em-natal\/\" \/>\n<meta property=\"og:site_name\" content=\"Taveira Jr\" \/>\n<meta name=\"twitter:card\" content=\"summary_large_image\" \/>\n<meta name=\"twitter:label1\" content=\"Est. tempo de leitura\" \/>\n\t<meta name=\"twitter:data1\" content=\"1 minuto\" \/>\n<script type=\"application\/ld+json\" class=\"yoast-schema-graph\">{\"@context\":\"https:\/\/schema.org\",\"@graph\":[{\"@type\":\"WebPage\",\"@id\":\"https:\/\/deputadotaveirajr.com.br\/index.php\/receita-federal-apreende-2-toneladas-de-produtos-eletronicos-falsificados-e-sem-homologacao-da-anatel-em-natal\/\",\"url\":\"https:\/\/deputadotaveirajr.com.br\/index.php\/receita-federal-apreende-2-toneladas-de-produtos-eletronicos-falsificados-e-sem-homologacao-da-anatel-em-natal\/\",\"name\":\"Receita Federal apreende 2 toneladas de produtos eletr\u00f4nicos falsificados e sem homologa\u00e7\u00e3o da Anatel em Natal - Taveira Jr\",\"isPartOf\":{\"@id\":\"https:\/\/deputadotaveirajr.com.br\/#website\"},\"datePublished\":\"2025-11-13T16:32:57+00:00\",\"breadcrumb\":{\"@id\":\"https:\/\/deputadotaveirajr.com.br\/index.php\/receita-federal-apreende-2-toneladas-de-produtos-eletronicos-falsificados-e-sem-homologacao-da-anatel-em-natal\/#breadcrumb\"},\"inLanguage\":\"pt-BR\",\"potentialAction\":[{\"@type\":\"ReadAction\",\"target\":[\"https:\/\/deputadotaveirajr.com.br\/index.php\/receita-federal-apreende-2-toneladas-de-produtos-eletronicos-falsificados-e-sem-homologacao-da-anatel-em-natal\/\"]}]},{\"@type\":\"BreadcrumbList\",\"@id\":\"https:\/\/deputadotaveirajr.com.br\/index.php\/receita-federal-apreende-2-toneladas-de-produtos-eletronicos-falsificados-e-sem-homologacao-da-anatel-em-natal\/#breadcrumb\",\"itemListElement\":[{\"@type\":\"ListItem\",\"position\":1,\"name\":\"In\u00edcio\",\"item\":\"https:\/\/deputadotaveirajr.com.br\/\"},{\"@type\":\"ListItem\",\"position\":2,\"name\":\"Receita Federal apreende 2 toneladas de produtos eletr\u00f4nicos falsificados e sem homologa\u00e7\u00e3o da Anatel em Natal\"}]},{\"@type\":\"WebSite\",\"@id\":\"https:\/\/deputadotaveirajr.com.br\/#website\",\"url\":\"https:\/\/deputadotaveirajr.com.br\/\",\"name\":\"Taveira Jr\",\"description\":\"Deputado Estadual\",\"publisher\":{\"@id\":\"https:\/\/deputadotaveirajr.com.br\/#organization\"},\"potentialAction\":[{\"@type\":\"SearchAction\",\"target\":{\"@type\":\"EntryPoint\",\"urlTemplate\":\"https:\/\/deputadotaveirajr.com.br\/?s={search_term_string}\"},\"query-input\":{\"@type\":\"PropertyValueSpecification\",\"valueRequired\":true,\"valueName\":\"search_term_string\"}}],\"inLanguage\":\"pt-BR\"},{\"@type\":\"Organization\",\"@id\":\"https:\/\/deputadotaveirajr.com.br\/#organization\",\"name\":\"Taveira Jr\",\"url\":\"https:\/\/deputadotaveirajr.com.br\/\",\"logo\":{\"@type\":\"ImageObject\",\"inLanguage\":\"pt-BR\",\"@id\":\"https:\/\/deputadotaveirajr.com.br\/#\/schema\/logo\/image\/\",\"url\":\"https:\/\/deputadotaveirajr.com.br\/wp-content\/uploads\/2026\/01\/logolow2a.png\",\"contentUrl\":\"https:\/\/deputadotaveirajr.com.br\/wp-content\/uploads\/2026\/01\/logolow2a.png\",\"width\":290,\"height\":80,\"caption\":\"Taveira Jr\"},\"image\":{\"@id\":\"https:\/\/deputadotaveirajr.com.br\/#\/schema\/logo\/image\/\"}}]}<\/script>\n<!-- \/ Yoast SEO plugin. -->","yoast_head_json":{"title":"Receita Federal apreende 2 toneladas de produtos eletr\u00f4nicos falsificados e sem homologa\u00e7\u00e3o da Anatel em Natal - Taveira Jr","robots":{"index":"index","follow":"follow","max-snippet":"max-snippet:-1","max-image-preview":"max-image-preview:large","max-video-preview":"max-video-preview:-1"},"canonical":"https:\/\/deputadotaveirajr.com.br\/index.php\/receita-federal-apreende-2-toneladas-de-produtos-eletronicos-falsificados-e-sem-homologacao-da-anatel-em-natal\/","og_locale":"pt_BR","og_type":"article","og_title":"Receita Federal apreende 2 toneladas de produtos eletr\u00f4nicos falsificados e sem homologa\u00e7\u00e3o da Anatel em Natal - Taveira Jr","og_description":"Receita Federal apreende eletr\u00f4nicos falsificados e sem homologa\u00e7\u00e3o da Anatel em Natal Uma opera\u00e7\u00e3o deflagrada na manh\u00e3 desta quinta-feira (13) para combater venda de produtos eletr\u00f4nicos falsificados e sem homologa\u00e7\u00e3o ...","og_url":"https:\/\/deputadotaveirajr.com.br\/index.php\/receita-federal-apreende-2-toneladas-de-produtos-eletronicos-falsificados-e-sem-homologacao-da-anatel-em-natal\/","og_site_name":"Taveira Jr","twitter_card":"summary_large_image","twitter_misc":{"Est. tempo de leitura":"1 minuto"},"schema":{"@context":"https:\/\/schema.org","@graph":[{"@type":"WebPage","@id":"https:\/\/deputadotaveirajr.com.br\/index.php\/receita-federal-apreende-2-toneladas-de-produtos-eletronicos-falsificados-e-sem-homologacao-da-anatel-em-natal\/","url":"https:\/\/deputadotaveirajr.com.br\/index.php\/receita-federal-apreende-2-toneladas-de-produtos-eletronicos-falsificados-e-sem-homologacao-da-anatel-em-natal\/","name":"Receita Federal apreende 2 toneladas de produtos eletr\u00f4nicos falsificados e sem homologa\u00e7\u00e3o da Anatel em Natal - Taveira Jr","isPartOf":{"@id":"https:\/\/deputadotaveirajr.com.br\/#website"},"datePublished":"2025-11-13T16:32:57+00:00","breadcrumb":{"@id":"https:\/\/deputadotaveirajr.com.br\/index.php\/receita-federal-apreende-2-toneladas-de-produtos-eletronicos-falsificados-e-sem-homologacao-da-anatel-em-natal\/#breadcrumb"},"inLanguage":"pt-BR","potentialAction":[{"@type":"ReadAction","target":["https:\/\/deputadotaveirajr.com.br\/index.php\/receita-federal-apreende-2-toneladas-de-produtos-eletronicos-falsificados-e-sem-homologacao-da-anatel-em-natal\/"]}]},{"@type":"BreadcrumbList","@id":"https:\/\/deputadotaveirajr.com.br\/index.php\/receita-federal-apreende-2-toneladas-de-produtos-eletronicos-falsificados-e-sem-homologacao-da-anatel-em-natal\/#breadcrumb","itemListElement":[{"@type":"ListItem","position":1,"name":"In\u00edcio","item":"https:\/\/deputadotaveirajr.com.br\/"},{"@type":"ListItem","position":2,"name":"Receita Federal apreende 2 toneladas de produtos eletr\u00f4nicos falsificados e sem homologa\u00e7\u00e3o da Anatel em Natal"}]},{"@type":"WebSite","@id":"https:\/\/deputadotaveirajr.com.br\/#website","url":"https:\/\/deputadotaveirajr.com.br\/","name":"Taveira Jr","description":"Deputado Estadual","publisher":{"@id":"https:\/\/deputadotaveirajr.com.br\/#organization"},"potentialAction":[{"@type":"SearchAction","target":{"@type":"EntryPoint","urlTemplate":"https:\/\/deputadotaveirajr.com.br\/?s={search_term_string}"},"query-input":{"@type":"PropertyValueSpecification","valueRequired":true,"valueName":"search_term_string"}}],"inLanguage":"pt-BR"},{"@type":"Organization","@id":"https:\/\/deputadotaveirajr.com.br\/#organization","name":"Taveira Jr","url":"https:\/\/deputadotaveirajr.com.br\/","logo":{"@type":"ImageObject","inLanguage":"pt-BR","@id":"https:\/\/deputadotaveirajr.com.br\/#\/schema\/logo\/image\/","url":"https:\/\/deputadotaveirajr.com.br\/wp-content\/uploads\/2026\/01\/logolow2a.png","contentUrl":"https:\/\/deputadotaveirajr.com.br\/wp-content\/uploads\/2026\/01\/logolow2a.png","width":290,"height":80,"caption":"Taveira Jr"},"image":{"@id":"https:\/\/deputadotaveirajr.com.br\/#\/schema\/logo\/image\/"}}]}},"_links":{"self":[{"href":"https:\/\/deputadotaveirajr.com.br\/index.php\/wp-json\/wp\/v2\/pages\/14488","targetHints":{"allow":["GET"]}}],"collection":[{"href":"https:\/\/deputadotaveirajr.com.br\/index.php\/wp-json\/wp\/v2\/pages"}],"about":[{"href":"https:\/\/deputadotaveirajr.com.br\/index.php\/wp-json\/wp\/v2\/types\/page"}],"replies":[{"embeddable":true,"href":"https:\/\/deputadotaveirajr.com.br\/index.php\/wp-json\/wp\/v2\/comments?post=14488"}],"version-history":[{"count":0,"href":"https:\/\/deputadotaveirajr.com.br\/index.php\/wp-json\/wp\/v2\/pages\/14488\/revisions"}],"wp:attachment":[{"href":"https:\/\/deputadotaveirajr.com.br\/index.php\/wp-json\/wp\/v2\/media?parent=14488"}],"curies":[{"name":"wp","href":"https:\/\/api.w.org\/{rel}","templated":true}]}}