{"id":14492,"date":"2025-11-16T10:15:49","date_gmt":"2025-11-16T13:15:49","guid":{"rendered":"https:\/\/deputadotaveirajr.com.br\/index.php\/ifrn-oferta-mais-de-300-vagas-para-cursos-de-especializacao-veja-oportunidades\/"},"modified":"2025-11-16T10:15:49","modified_gmt":"2025-11-16T13:15:49","slug":"ifrn-oferta-mais-de-300-vagas-para-cursos-de-especializacao-veja-oportunidades","status":"publish","type":"page","link":"https:\/\/deputadotaveirajr.com.br\/index.php\/ifrn-oferta-mais-de-300-vagas-para-cursos-de-especializacao-veja-oportunidades\/","title":{"rendered":"IFRN oferta mais de 300 vagas para cursos de especializa\u00e7\u00e3o; veja oportunidades"},"content":{"rendered":"<p>IFRN Instituto Federal do Rio Grande do Norte Campus Natal Central<br \/>\nS\u00e9rgio Henrique Santos\/Inter TV Cabugi\/ARQUIVO<br \/>\nO Instituto Federal do Rio Grande do Norte (IFRN) est\u00e1 ofertando 305 vagas para cursos de p\u00f3s-gradua\u00e7\u00e3o para o primeiro semestre de 2026. As inscri\u00e7\u00f5es ficam abertas at\u00e9 o dia 30 de novembro, devem ser feitas pelo Portal do Candidato e custam R$ 80.<br \/>\nAs oportunidades s\u00e3o para os campi de Jo\u00e3o C\u00e2mara, Lajes, Natal-Central, Parelhas, Parnamirim, S\u00e3o Gon\u00e7alo do Amarante e S\u00e3o Paulo do Potengi.<br \/>\n\ud83d\udcf3 Clique aqui para seguir o canal do g1 RN no WhatsApp<br \/>\nO processo seletivo ser\u00e1 composto por an\u00e1lise de hist\u00f3rico e curr\u00edculo acad\u00eamico, conforme crit\u00e9rios definidos no edital.<br \/>\n\ud83d\udcc2 CLIQUE AQUI PARA VER O EDITAL<br \/>\nCandidatos inscritos no Cadastro \u00danico (Cad\u00danico) e de fam\u00edlias de baixa renda podem solicitar isen\u00e7\u00e3o da taxa de inscri\u00e7\u00e3o at\u00e9 9 de novembro.<br \/>\nVeja os v\u00eddeos que est\u00e3o em alta no g1<br \/>\nO edital reserva tamb\u00e9m 20% das vagas a candidatos autodeclarados pretos, pardos e ind\u00edgenas, 2% a quilombolas e 5% a pessoas com defici\u00eancia (PcD), em conformidade com as pol\u00edticas de a\u00e7\u00f5es afirmativas do IFRN.<br \/>\nTamb\u00e9m h\u00e1 vagas destinadas a professores e profissionais efetivos da rede p\u00fablica de ensino.<br \/>\nO resultado final est\u00e1 previsto para ser divulgado no dia 4 de fevereiro de 2026, tamb\u00e9m no Portal do Candidato.  As pr\u00e9-matr\u00edculas on-line para os cursos ocorem entre os dias 6 e 9 de fevereiro de 2026.<br \/>\nConfira as vagas<br \/>\n\ud83d\udccd Jo\u00e3o C\u00e2mara<br \/>\nEspecializa\u00e7\u00e3o em educa\u00e7\u00e3o ambiental e geografia do Semi-\u00e1rido (presencial) &#8211; Integral &#8211; 40 vagas<br \/>\n\ud83d\udccd Lajes<br \/>\nEspecializa\u00e7\u00e3o em ci\u00eancias humanas e saberes contempor\u00e2neos para a Educa\u00e7\u00e3o &#8211; Vespertino &#8211; 40 vagas<br \/>\n\ud83d\udccd Natal-Central<br \/>\nEspecializa\u00e7\u00e3o em Engenharia de Seguran\u00e7a do Trabalho &#8211; Integral &#8211; 40 vagas<br \/>\n\ud83d\udccd Parelhas<br \/>\nEspecializa\u00e7\u00e3o em ci\u00eancias humanas e saberes contempor\u00e2neos para a Educa\u00e7\u00e3o &#8211; Noturno &#8211; 40 vagas<br \/>\n\ud83d\udccd Parnamirim<br \/>\nEspecializa\u00e7\u00e3o em ensino deci\u00eancias naturais e matem\u00e1tica &#8211; Noturno &#8211; 40 vagas<br \/>\nEspecializa\u00e7\u00e3o em Ensino de Teatro &#8211; Integral &#8211; 40 vagas<br \/>\n\ud83d\udccd S\u00e3o Gon\u00e7alo do Amarante<br \/>\nEspecializa\u00e7\u00e3o em Gerenciamento de Obras &#8211; Integral &#8211; 25 vagas<br \/>\n\ud83d\udccd S\u00e3o Paulo do Potengi<br \/>\nEspecializa\u00e7\u00e3o em estudos lingu\u00edsticos e liter\u00e1rios &#8211; Integral &#8211; 40 vagas<br \/>\nV\u00eddeos mais assistidos do g1 RN<\/p>","protected":false},"excerpt":{"rendered":"<p>IFRN Instituto Federal do Rio Grande do Norte Campus Natal Central S\u00e9rgio Henrique Santos\/Inter TV Cabugi\/ARQUIVO O Instituto Federal do Rio Grande do Norte (IFRN) est\u00e1 ofertando 305 vagas para &#8230;<\/p>\n","protected":false},"author":0,"featured_media":0,"parent":0,"menu_order":0,"comment_status":"closed","ping_status":"closed","template":"","meta":{"footnotes":""},"class_list":["post-14492","page","type-page","status-publish","hentry"],"yoast_head":"<!-- This site is optimized with the Yoast SEO plugin v27.1.1 - https:\/\/yoast.com\/product\/yoast-seo-wordpress\/ -->\n<title>IFRN oferta mais de 300 vagas para cursos de especializa\u00e7\u00e3o; veja oportunidades - Taveira Jr<\/title>\n<meta name=\"robots\" content=\"index, follow, max-snippet:-1, max-image-preview:large, max-video-preview:-1\" \/>\n<link rel=\"canonical\" href=\"https:\/\/deputadotaveirajr.com.br\/index.php\/ifrn-oferta-mais-de-300-vagas-para-cursos-de-especializacao-veja-oportunidades\/\" \/>\n<meta property=\"og:locale\" content=\"pt_BR\" \/>\n<meta property=\"og:type\" content=\"article\" \/>\n<meta property=\"og:title\" content=\"IFRN oferta mais de 300 vagas para cursos de especializa\u00e7\u00e3o; veja oportunidades - Taveira Jr\" \/>\n<meta property=\"og:description\" content=\"IFRN Instituto Federal do Rio Grande do Norte Campus Natal Central S\u00e9rgio Henrique Santos\/Inter TV Cabugi\/ARQUIVO O Instituto Federal do Rio Grande do Norte (IFRN) est\u00e1 ofertando 305 vagas para ...\" \/>\n<meta property=\"og:url\" content=\"https:\/\/deputadotaveirajr.com.br\/index.php\/ifrn-oferta-mais-de-300-vagas-para-cursos-de-especializacao-veja-oportunidades\/\" \/>\n<meta property=\"og:site_name\" content=\"Taveira Jr\" \/>\n<meta name=\"twitter:card\" content=\"summary_large_image\" \/>\n<meta name=\"twitter:label1\" content=\"Est. tempo de leitura\" \/>\n\t<meta name=\"twitter:data1\" content=\"2 minutos\" \/>\n<script type=\"application\/ld+json\" class=\"yoast-schema-graph\">{\"@context\":\"https:\/\/schema.org\",\"@graph\":[{\"@type\":\"WebPage\",\"@id\":\"https:\/\/deputadotaveirajr.com.br\/index.php\/ifrn-oferta-mais-de-300-vagas-para-cursos-de-especializacao-veja-oportunidades\/\",\"url\":\"https:\/\/deputadotaveirajr.com.br\/index.php\/ifrn-oferta-mais-de-300-vagas-para-cursos-de-especializacao-veja-oportunidades\/\",\"name\":\"IFRN oferta mais de 300 vagas para cursos de especializa\u00e7\u00e3o; veja oportunidades - Taveira Jr\",\"isPartOf\":{\"@id\":\"https:\/\/deputadotaveirajr.com.br\/#website\"},\"datePublished\":\"2025-11-16T13:15:49+00:00\",\"breadcrumb\":{\"@id\":\"https:\/\/deputadotaveirajr.com.br\/index.php\/ifrn-oferta-mais-de-300-vagas-para-cursos-de-especializacao-veja-oportunidades\/#breadcrumb\"},\"inLanguage\":\"pt-BR\",\"potentialAction\":[{\"@type\":\"ReadAction\",\"target\":[\"https:\/\/deputadotaveirajr.com.br\/index.php\/ifrn-oferta-mais-de-300-vagas-para-cursos-de-especializacao-veja-oportunidades\/\"]}]},{\"@type\":\"BreadcrumbList\",\"@id\":\"https:\/\/deputadotaveirajr.com.br\/index.php\/ifrn-oferta-mais-de-300-vagas-para-cursos-de-especializacao-veja-oportunidades\/#breadcrumb\",\"itemListElement\":[{\"@type\":\"ListItem\",\"position\":1,\"name\":\"In\u00edcio\",\"item\":\"https:\/\/deputadotaveirajr.com.br\/\"},{\"@type\":\"ListItem\",\"position\":2,\"name\":\"IFRN oferta mais de 300 vagas para cursos de especializa\u00e7\u00e3o; veja oportunidades\"}]},{\"@type\":\"WebSite\",\"@id\":\"https:\/\/deputadotaveirajr.com.br\/#website\",\"url\":\"https:\/\/deputadotaveirajr.com.br\/\",\"name\":\"Taveira Jr\",\"description\":\"Deputado Estadual\",\"publisher\":{\"@id\":\"https:\/\/deputadotaveirajr.com.br\/#organization\"},\"potentialAction\":[{\"@type\":\"SearchAction\",\"target\":{\"@type\":\"EntryPoint\",\"urlTemplate\":\"https:\/\/deputadotaveirajr.com.br\/?s={search_term_string}\"},\"query-input\":{\"@type\":\"PropertyValueSpecification\",\"valueRequired\":true,\"valueName\":\"search_term_string\"}}],\"inLanguage\":\"pt-BR\"},{\"@type\":\"Organization\",\"@id\":\"https:\/\/deputadotaveirajr.com.br\/#organization\",\"name\":\"Taveira Jr\",\"url\":\"https:\/\/deputadotaveirajr.com.br\/\",\"logo\":{\"@type\":\"ImageObject\",\"inLanguage\":\"pt-BR\",\"@id\":\"https:\/\/deputadotaveirajr.com.br\/#\/schema\/logo\/image\/\",\"url\":\"https:\/\/deputadotaveirajr.com.br\/wp-content\/uploads\/2026\/01\/logolow2a.png\",\"contentUrl\":\"https:\/\/deputadotaveirajr.com.br\/wp-content\/uploads\/2026\/01\/logolow2a.png\",\"width\":290,\"height\":80,\"caption\":\"Taveira Jr\"},\"image\":{\"@id\":\"https:\/\/deputadotaveirajr.com.br\/#\/schema\/logo\/image\/\"}}]}<\/script>\n<!-- \/ Yoast SEO plugin. -->","yoast_head_json":{"title":"IFRN oferta mais de 300 vagas para cursos de especializa\u00e7\u00e3o; veja oportunidades - Taveira Jr","robots":{"index":"index","follow":"follow","max-snippet":"max-snippet:-1","max-image-preview":"max-image-preview:large","max-video-preview":"max-video-preview:-1"},"canonical":"https:\/\/deputadotaveirajr.com.br\/index.php\/ifrn-oferta-mais-de-300-vagas-para-cursos-de-especializacao-veja-oportunidades\/","og_locale":"pt_BR","og_type":"article","og_title":"IFRN oferta mais de 300 vagas para cursos de especializa\u00e7\u00e3o; veja oportunidades - Taveira Jr","og_description":"IFRN Instituto Federal do Rio Grande do Norte Campus Natal Central S\u00e9rgio Henrique Santos\/Inter TV Cabugi\/ARQUIVO O Instituto Federal do Rio Grande do Norte (IFRN) est\u00e1 ofertando 305 vagas para ...","og_url":"https:\/\/deputadotaveirajr.com.br\/index.php\/ifrn-oferta-mais-de-300-vagas-para-cursos-de-especializacao-veja-oportunidades\/","og_site_name":"Taveira Jr","twitter_card":"summary_large_image","twitter_misc":{"Est. tempo de leitura":"2 minutos"},"schema":{"@context":"https:\/\/schema.org","@graph":[{"@type":"WebPage","@id":"https:\/\/deputadotaveirajr.com.br\/index.php\/ifrn-oferta-mais-de-300-vagas-para-cursos-de-especializacao-veja-oportunidades\/","url":"https:\/\/deputadotaveirajr.com.br\/index.php\/ifrn-oferta-mais-de-300-vagas-para-cursos-de-especializacao-veja-oportunidades\/","name":"IFRN oferta mais de 300 vagas para cursos de especializa\u00e7\u00e3o; veja oportunidades - Taveira Jr","isPartOf":{"@id":"https:\/\/deputadotaveirajr.com.br\/#website"},"datePublished":"2025-11-16T13:15:49+00:00","breadcrumb":{"@id":"https:\/\/deputadotaveirajr.com.br\/index.php\/ifrn-oferta-mais-de-300-vagas-para-cursos-de-especializacao-veja-oportunidades\/#breadcrumb"},"inLanguage":"pt-BR","potentialAction":[{"@type":"ReadAction","target":["https:\/\/deputadotaveirajr.com.br\/index.php\/ifrn-oferta-mais-de-300-vagas-para-cursos-de-especializacao-veja-oportunidades\/"]}]},{"@type":"BreadcrumbList","@id":"https:\/\/deputadotaveirajr.com.br\/index.php\/ifrn-oferta-mais-de-300-vagas-para-cursos-de-especializacao-veja-oportunidades\/#breadcrumb","itemListElement":[{"@type":"ListItem","position":1,"name":"In\u00edcio","item":"https:\/\/deputadotaveirajr.com.br\/"},{"@type":"ListItem","position":2,"name":"IFRN oferta mais de 300 vagas para cursos de especializa\u00e7\u00e3o; veja oportunidades"}]},{"@type":"WebSite","@id":"https:\/\/deputadotaveirajr.com.br\/#website","url":"https:\/\/deputadotaveirajr.com.br\/","name":"Taveira Jr","description":"Deputado Estadual","publisher":{"@id":"https:\/\/deputadotaveirajr.com.br\/#organization"},"potentialAction":[{"@type":"SearchAction","target":{"@type":"EntryPoint","urlTemplate":"https:\/\/deputadotaveirajr.com.br\/?s={search_term_string}"},"query-input":{"@type":"PropertyValueSpecification","valueRequired":true,"valueName":"search_term_string"}}],"inLanguage":"pt-BR"},{"@type":"Organization","@id":"https:\/\/deputadotaveirajr.com.br\/#organization","name":"Taveira Jr","url":"https:\/\/deputadotaveirajr.com.br\/","logo":{"@type":"ImageObject","inLanguage":"pt-BR","@id":"https:\/\/deputadotaveirajr.com.br\/#\/schema\/logo\/image\/","url":"https:\/\/deputadotaveirajr.com.br\/wp-content\/uploads\/2026\/01\/logolow2a.png","contentUrl":"https:\/\/deputadotaveirajr.com.br\/wp-content\/uploads\/2026\/01\/logolow2a.png","width":290,"height":80,"caption":"Taveira Jr"},"image":{"@id":"https:\/\/deputadotaveirajr.com.br\/#\/schema\/logo\/image\/"}}]}},"_links":{"self":[{"href":"https:\/\/deputadotaveirajr.com.br\/index.php\/wp-json\/wp\/v2\/pages\/14492","targetHints":{"allow":["GET"]}}],"collection":[{"href":"https:\/\/deputadotaveirajr.com.br\/index.php\/wp-json\/wp\/v2\/pages"}],"about":[{"href":"https:\/\/deputadotaveirajr.com.br\/index.php\/wp-json\/wp\/v2\/types\/page"}],"replies":[{"embeddable":true,"href":"https:\/\/deputadotaveirajr.com.br\/index.php\/wp-json\/wp\/v2\/comments?post=14492"}],"version-history":[{"count":0,"href":"https:\/\/deputadotaveirajr.com.br\/index.php\/wp-json\/wp\/v2\/pages\/14492\/revisions"}],"wp:attachment":[{"href":"https:\/\/deputadotaveirajr.com.br\/index.php\/wp-json\/wp\/v2\/media?parent=14492"}],"curies":[{"name":"wp","href":"https:\/\/api.w.org\/{rel}","templated":true}]}}