{"id":14516,"date":"2025-11-19T17:54:07","date_gmt":"2025-11-19T20:54:07","guid":{"rendered":"https:\/\/deputadotaveirajr.com.br\/index.php\/homem-e-condenado-a-17-anos-de-prisao-por-matar-empresario-com-golpe-de-tesoura-em-mossoro\/"},"modified":"2025-11-19T17:54:07","modified_gmt":"2025-11-19T20:54:07","slug":"homem-e-condenado-a-17-anos-de-prisao-por-matar-empresario-com-golpe-de-tesoura-em-mossoro","status":"publish","type":"page","link":"https:\/\/deputadotaveirajr.com.br\/index.php\/homem-e-condenado-a-17-anos-de-prisao-por-matar-empresario-com-golpe-de-tesoura-em-mossoro\/","title":{"rendered":"Homem \u00e9 condenado a 17 anos de pris\u00e3o por matar empres\u00e1rio com golpe de tesoura em Mossor\u00f3"},"content":{"rendered":"<p><img decoding=\"async\" src=\"https:\/\/s2-g1.glbimg.com\/27Z7QUbzwArz7OuYgzwJ7SrPMQc=\/i.s3.glbimg.com\/v1\/AUTH_59edd422c0c84a879bd37670ae4f538a\/internal_photos\/bs\/2025\/a\/N\/tzdH5kRwKtJK5xv7aD8w\/empresario-morto.png\" \/><br \/>     Mossor\u00f3: r\u00e9u acusado de matar Christian Noronha vai \u00e0 j\u00fari<br \/>\nR\u00e9u confesso do assassinato do empres\u00e1rio Christian Noronha, em mar\u00e7o deste ano, em Mossor\u00f3, Francisco Ant\u00f4nio de Melo Gon\u00e7alves, de 41 anos, foi condenado nesta quarta-feira (19) a 17 anos e 6 meses de pris\u00e3o em regime fechado.<br \/>\nO crime aconteceu no dia 20 de mar\u00e7o deste ano. Christian Noronha, de 47 anos, morreu ap\u00f3s sofrer um golpe de tesoura no peito em frente \u00e0 pr\u00f3pria loja, na Rua Meira e S\u00e1, no Centro de Mossor\u00f3.<br \/>\nVEJA TAMB\u00c9M<br \/>\n&#8216;PAI EXEMPLAR&#8217;: Quem era Christian Noronha, empres\u00e1rio assassinado com golpe de tesoura em Mossor\u00f3<br \/>\n\ud83d\udcf3 Clique aqui para seguir o canal do g1 RN no WhatsApp<br \/>\nNo mesmo dia do crime, o suspeito foi preso e confessou o assassinato, o que fez a Pol\u00edcia Civil dar o caso como encerrado e encaminh\u00e1-lo \u00e0 Justi\u00e7a. Ele estava de posse da tesoura.<br \/>\nO julgamento aconteceu na manh\u00e3 desta quarta-feira (19) no F\u00f3rum Desembargador Silveira Martins.<br \/>\nEmpres\u00e1rio em Mossor\u00f3 morreu ap\u00f3s ser atingido por tesoura no peito<br \/>\nFoto 1: cedida \/ Foto 2: Antonio Dias\/Inter TV Costa Branca<br \/>\nDe acordo com o Minist\u00e9rio P\u00fablico do Rio Grande do Norte, Francisco entrou na loja do empres\u00e1rio e se aproximou do filho da v\u00edtima, pedindo dinheiro a ele. Quando o filho disse que n\u00e3o poderia dar, Francisco come\u00e7ou a ofend\u00ea-lo.<br \/>\nSegundo a den\u00fancia do MP, Christian tentou proteger o filho e foi atingido com uma tesoura no peito. Ele chegou a ser levado para o hospital, mas n\u00e3o resistiu aos ferimentos e morreu.<br \/>\nO MP defendeu a condena\u00e7\u00e3o de Francisco Ant\u00f4nio por homic\u00eddio qualificado por motivo f\u00fatil. J\u00e1 a defesa do acusado argumentava que o homem era uma pessoa em situa\u00e7\u00e3o de rua e agiu sem premedita\u00e7\u00e3o, em um momento de conflito.<br \/>\nO crime<br \/>\nO crime aconteceu por volta das 11h30 do dia 20 de mar\u00e7o e teve in\u00edcio quando o suspeito pediu dinheiro ao filho do empres\u00e1rio, que estava do lado de fora da loja. Christian saiu da loja para ver o que estava acontecendo e pediu para que o homem se retirasse.<br \/>\nDe acordo com a pol\u00edcia, o suspeito, que seria um morador de rua, tentou, primeiro, dar um soco no empres\u00e1rio, que se defendeu. Em seguida o suspeito atingiu o empres\u00e1rio com um golpe de tesoura no lado esquerdo do peito.<br \/>\nChristian foi socorrido e levado em um carro particular da fam\u00edlia para um hospital privado da cidade, mas n\u00e3o resistiu e morreu aproximadamente tr\u00eas horas ap\u00f3s o ocorrido.<br \/>\nA Pol\u00edcia Militar informou que o suspeito foi apreendido por populares at\u00e9 a chegada da pol\u00edcia.<br \/>\nV\u00eddeos mais assistidos do g1 RN<\/p>","protected":false},"excerpt":{"rendered":"<p>Mossor\u00f3: r\u00e9u acusado de matar Christian Noronha vai \u00e0 j\u00fari R\u00e9u confesso do assassinato do empres\u00e1rio Christian Noronha, em mar\u00e7o deste ano, em Mossor\u00f3, Francisco Ant\u00f4nio de Melo Gon\u00e7alves, de &#8230;<\/p>\n","protected":false},"author":0,"featured_media":14517,"parent":0,"menu_order":0,"comment_status":"closed","ping_status":"closed","template":"","meta":{"footnotes":""},"class_list":["post-14516","page","type-page","status-publish","has-post-thumbnail","hentry"],"yoast_head":"<!-- This site is optimized with the Yoast SEO plugin v27.1.1 - https:\/\/yoast.com\/product\/yoast-seo-wordpress\/ -->\n<title>Homem \u00e9 condenado a 17 anos de pris\u00e3o por matar empres\u00e1rio com golpe de tesoura em Mossor\u00f3 - Taveira Jr<\/title>\n<meta name=\"robots\" content=\"index, follow, max-snippet:-1, max-image-preview:large, max-video-preview:-1\" \/>\n<link rel=\"canonical\" href=\"https:\/\/deputadotaveirajr.com.br\/index.php\/homem-e-condenado-a-17-anos-de-prisao-por-matar-empresario-com-golpe-de-tesoura-em-mossoro\/\" \/>\n<meta property=\"og:locale\" content=\"pt_BR\" \/>\n<meta property=\"og:type\" content=\"article\" \/>\n<meta property=\"og:title\" content=\"Homem \u00e9 condenado a 17 anos de pris\u00e3o por matar empres\u00e1rio com golpe de tesoura em Mossor\u00f3 - Taveira Jr\" \/>\n<meta property=\"og:description\" content=\"Mossor\u00f3: r\u00e9u acusado de matar Christian Noronha vai \u00e0 j\u00fari R\u00e9u confesso do assassinato do empres\u00e1rio Christian Noronha, em mar\u00e7o deste ano, em Mossor\u00f3, Francisco Ant\u00f4nio de Melo Gon\u00e7alves, de ...\" \/>\n<meta property=\"og:url\" content=\"https:\/\/deputadotaveirajr.com.br\/index.php\/homem-e-condenado-a-17-anos-de-prisao-por-matar-empresario-com-golpe-de-tesoura-em-mossoro\/\" \/>\n<meta property=\"og:site_name\" content=\"Taveira Jr\" \/>\n<meta property=\"og:image\" content=\"https:\/\/s2-g1.glbimg.com\/27Z7QUbzwArz7OuYgzwJ7SrPMQc=\/i.s3.glbimg.com\/v1\/AUTH_59edd422c0c84a879bd37670ae4f538a\/internal_photos\/bs\/2025\/a\/N\/tzdH5kRwKtJK5xv7aD8w\/empresario-morto.png\" \/>\n<meta name=\"twitter:card\" content=\"summary_large_image\" \/>\n<meta name=\"twitter:label1\" content=\"Est. tempo de leitura\" \/>\n\t<meta name=\"twitter:data1\" content=\"2 minutos\" \/>\n<script type=\"application\/ld+json\" class=\"yoast-schema-graph\">{\"@context\":\"https:\/\/schema.org\",\"@graph\":[{\"@type\":\"WebPage\",\"@id\":\"https:\/\/deputadotaveirajr.com.br\/index.php\/homem-e-condenado-a-17-anos-de-prisao-por-matar-empresario-com-golpe-de-tesoura-em-mossoro\/\",\"url\":\"https:\/\/deputadotaveirajr.com.br\/index.php\/homem-e-condenado-a-17-anos-de-prisao-por-matar-empresario-com-golpe-de-tesoura-em-mossoro\/\",\"name\":\"Homem \u00e9 condenado a 17 anos de pris\u00e3o por matar empres\u00e1rio com golpe de tesoura em Mossor\u00f3 - Taveira Jr\",\"isPartOf\":{\"@id\":\"https:\/\/deputadotaveirajr.com.br\/#website\"},\"primaryImageOfPage\":{\"@id\":\"https:\/\/deputadotaveirajr.com.br\/index.php\/homem-e-condenado-a-17-anos-de-prisao-por-matar-empresario-com-golpe-de-tesoura-em-mossoro\/#primaryimage\"},\"image\":{\"@id\":\"https:\/\/deputadotaveirajr.com.br\/index.php\/homem-e-condenado-a-17-anos-de-prisao-por-matar-empresario-com-golpe-de-tesoura-em-mossoro\/#primaryimage\"},\"thumbnailUrl\":\"https:\/\/deputadotaveirajr.com.br\/wp-content\/uploads\/2025\/11\/empresario-morto-hoCC4g.jpg\",\"datePublished\":\"2025-11-19T20:54:07+00:00\",\"breadcrumb\":{\"@id\":\"https:\/\/deputadotaveirajr.com.br\/index.php\/homem-e-condenado-a-17-anos-de-prisao-por-matar-empresario-com-golpe-de-tesoura-em-mossoro\/#breadcrumb\"},\"inLanguage\":\"pt-BR\",\"potentialAction\":[{\"@type\":\"ReadAction\",\"target\":[\"https:\/\/deputadotaveirajr.com.br\/index.php\/homem-e-condenado-a-17-anos-de-prisao-por-matar-empresario-com-golpe-de-tesoura-em-mossoro\/\"]}]},{\"@type\":\"ImageObject\",\"inLanguage\":\"pt-BR\",\"@id\":\"https:\/\/deputadotaveirajr.com.br\/index.php\/homem-e-condenado-a-17-anos-de-prisao-por-matar-empresario-com-golpe-de-tesoura-em-mossoro\/#primaryimage\",\"url\":\"https:\/\/deputadotaveirajr.com.br\/wp-content\/uploads\/2025\/11\/empresario-morto-hoCC4g.jpg\",\"contentUrl\":\"https:\/\/deputadotaveirajr.com.br\/wp-content\/uploads\/2025\/11\/empresario-morto-hoCC4g.jpg\",\"width\":2000,\"height\":2000},{\"@type\":\"BreadcrumbList\",\"@id\":\"https:\/\/deputadotaveirajr.com.br\/index.php\/homem-e-condenado-a-17-anos-de-prisao-por-matar-empresario-com-golpe-de-tesoura-em-mossoro\/#breadcrumb\",\"itemListElement\":[{\"@type\":\"ListItem\",\"position\":1,\"name\":\"In\u00edcio\",\"item\":\"https:\/\/deputadotaveirajr.com.br\/\"},{\"@type\":\"ListItem\",\"position\":2,\"name\":\"Homem \u00e9 condenado a 17 anos de pris\u00e3o por matar empres\u00e1rio com golpe de tesoura em Mossor\u00f3\"}]},{\"@type\":\"WebSite\",\"@id\":\"https:\/\/deputadotaveirajr.com.br\/#website\",\"url\":\"https:\/\/deputadotaveirajr.com.br\/\",\"name\":\"Taveira Jr\",\"description\":\"Deputado Estadual\",\"publisher\":{\"@id\":\"https:\/\/deputadotaveirajr.com.br\/#organization\"},\"potentialAction\":[{\"@type\":\"SearchAction\",\"target\":{\"@type\":\"EntryPoint\",\"urlTemplate\":\"https:\/\/deputadotaveirajr.com.br\/?s={search_term_string}\"},\"query-input\":{\"@type\":\"PropertyValueSpecification\",\"valueRequired\":true,\"valueName\":\"search_term_string\"}}],\"inLanguage\":\"pt-BR\"},{\"@type\":\"Organization\",\"@id\":\"https:\/\/deputadotaveirajr.com.br\/#organization\",\"name\":\"Taveira Jr\",\"url\":\"https:\/\/deputadotaveirajr.com.br\/\",\"logo\":{\"@type\":\"ImageObject\",\"inLanguage\":\"pt-BR\",\"@id\":\"https:\/\/deputadotaveirajr.com.br\/#\/schema\/logo\/image\/\",\"url\":\"https:\/\/deputadotaveirajr.com.br\/wp-content\/uploads\/2026\/01\/logolow2a.png\",\"contentUrl\":\"https:\/\/deputadotaveirajr.com.br\/wp-content\/uploads\/2026\/01\/logolow2a.png\",\"width\":290,\"height\":80,\"caption\":\"Taveira Jr\"},\"image\":{\"@id\":\"https:\/\/deputadotaveirajr.com.br\/#\/schema\/logo\/image\/\"}}]}<\/script>\n<!-- \/ Yoast SEO plugin. -->","yoast_head_json":{"title":"Homem \u00e9 condenado a 17 anos de pris\u00e3o por matar empres\u00e1rio com golpe de tesoura em Mossor\u00f3 - Taveira Jr","robots":{"index":"index","follow":"follow","max-snippet":"max-snippet:-1","max-image-preview":"max-image-preview:large","max-video-preview":"max-video-preview:-1"},"canonical":"https:\/\/deputadotaveirajr.com.br\/index.php\/homem-e-condenado-a-17-anos-de-prisao-por-matar-empresario-com-golpe-de-tesoura-em-mossoro\/","og_locale":"pt_BR","og_type":"article","og_title":"Homem \u00e9 condenado a 17 anos de pris\u00e3o por matar empres\u00e1rio com golpe de tesoura em Mossor\u00f3 - Taveira Jr","og_description":"Mossor\u00f3: r\u00e9u acusado de matar Christian Noronha vai \u00e0 j\u00fari R\u00e9u confesso do assassinato do empres\u00e1rio Christian Noronha, em mar\u00e7o deste ano, em Mossor\u00f3, Francisco Ant\u00f4nio de Melo Gon\u00e7alves, de ...","og_url":"https:\/\/deputadotaveirajr.com.br\/index.php\/homem-e-condenado-a-17-anos-de-prisao-por-matar-empresario-com-golpe-de-tesoura-em-mossoro\/","og_site_name":"Taveira Jr","og_image":[{"url":"https:\/\/s2-g1.glbimg.com\/27Z7QUbzwArz7OuYgzwJ7SrPMQc=\/i.s3.glbimg.com\/v1\/AUTH_59edd422c0c84a879bd37670ae4f538a\/internal_photos\/bs\/2025\/a\/N\/tzdH5kRwKtJK5xv7aD8w\/empresario-morto.png","type":"","width":"","height":""}],"twitter_card":"summary_large_image","twitter_misc":{"Est. tempo de leitura":"2 minutos"},"schema":{"@context":"https:\/\/schema.org","@graph":[{"@type":"WebPage","@id":"https:\/\/deputadotaveirajr.com.br\/index.php\/homem-e-condenado-a-17-anos-de-prisao-por-matar-empresario-com-golpe-de-tesoura-em-mossoro\/","url":"https:\/\/deputadotaveirajr.com.br\/index.php\/homem-e-condenado-a-17-anos-de-prisao-por-matar-empresario-com-golpe-de-tesoura-em-mossoro\/","name":"Homem \u00e9 condenado a 17 anos de pris\u00e3o por matar empres\u00e1rio com golpe de tesoura em Mossor\u00f3 - Taveira Jr","isPartOf":{"@id":"https:\/\/deputadotaveirajr.com.br\/#website"},"primaryImageOfPage":{"@id":"https:\/\/deputadotaveirajr.com.br\/index.php\/homem-e-condenado-a-17-anos-de-prisao-por-matar-empresario-com-golpe-de-tesoura-em-mossoro\/#primaryimage"},"image":{"@id":"https:\/\/deputadotaveirajr.com.br\/index.php\/homem-e-condenado-a-17-anos-de-prisao-por-matar-empresario-com-golpe-de-tesoura-em-mossoro\/#primaryimage"},"thumbnailUrl":"https:\/\/deputadotaveirajr.com.br\/wp-content\/uploads\/2025\/11\/empresario-morto-hoCC4g.jpg","datePublished":"2025-11-19T20:54:07+00:00","breadcrumb":{"@id":"https:\/\/deputadotaveirajr.com.br\/index.php\/homem-e-condenado-a-17-anos-de-prisao-por-matar-empresario-com-golpe-de-tesoura-em-mossoro\/#breadcrumb"},"inLanguage":"pt-BR","potentialAction":[{"@type":"ReadAction","target":["https:\/\/deputadotaveirajr.com.br\/index.php\/homem-e-condenado-a-17-anos-de-prisao-por-matar-empresario-com-golpe-de-tesoura-em-mossoro\/"]}]},{"@type":"ImageObject","inLanguage":"pt-BR","@id":"https:\/\/deputadotaveirajr.com.br\/index.php\/homem-e-condenado-a-17-anos-de-prisao-por-matar-empresario-com-golpe-de-tesoura-em-mossoro\/#primaryimage","url":"https:\/\/deputadotaveirajr.com.br\/wp-content\/uploads\/2025\/11\/empresario-morto-hoCC4g.jpg","contentUrl":"https:\/\/deputadotaveirajr.com.br\/wp-content\/uploads\/2025\/11\/empresario-morto-hoCC4g.jpg","width":2000,"height":2000},{"@type":"BreadcrumbList","@id":"https:\/\/deputadotaveirajr.com.br\/index.php\/homem-e-condenado-a-17-anos-de-prisao-por-matar-empresario-com-golpe-de-tesoura-em-mossoro\/#breadcrumb","itemListElement":[{"@type":"ListItem","position":1,"name":"In\u00edcio","item":"https:\/\/deputadotaveirajr.com.br\/"},{"@type":"ListItem","position":2,"name":"Homem \u00e9 condenado a 17 anos de pris\u00e3o por matar empres\u00e1rio com golpe de tesoura em Mossor\u00f3"}]},{"@type":"WebSite","@id":"https:\/\/deputadotaveirajr.com.br\/#website","url":"https:\/\/deputadotaveirajr.com.br\/","name":"Taveira Jr","description":"Deputado Estadual","publisher":{"@id":"https:\/\/deputadotaveirajr.com.br\/#organization"},"potentialAction":[{"@type":"SearchAction","target":{"@type":"EntryPoint","urlTemplate":"https:\/\/deputadotaveirajr.com.br\/?s={search_term_string}"},"query-input":{"@type":"PropertyValueSpecification","valueRequired":true,"valueName":"search_term_string"}}],"inLanguage":"pt-BR"},{"@type":"Organization","@id":"https:\/\/deputadotaveirajr.com.br\/#organization","name":"Taveira Jr","url":"https:\/\/deputadotaveirajr.com.br\/","logo":{"@type":"ImageObject","inLanguage":"pt-BR","@id":"https:\/\/deputadotaveirajr.com.br\/#\/schema\/logo\/image\/","url":"https:\/\/deputadotaveirajr.com.br\/wp-content\/uploads\/2026\/01\/logolow2a.png","contentUrl":"https:\/\/deputadotaveirajr.com.br\/wp-content\/uploads\/2026\/01\/logolow2a.png","width":290,"height":80,"caption":"Taveira Jr"},"image":{"@id":"https:\/\/deputadotaveirajr.com.br\/#\/schema\/logo\/image\/"}}]}},"_links":{"self":[{"href":"https:\/\/deputadotaveirajr.com.br\/index.php\/wp-json\/wp\/v2\/pages\/14516","targetHints":{"allow":["GET"]}}],"collection":[{"href":"https:\/\/deputadotaveirajr.com.br\/index.php\/wp-json\/wp\/v2\/pages"}],"about":[{"href":"https:\/\/deputadotaveirajr.com.br\/index.php\/wp-json\/wp\/v2\/types\/page"}],"replies":[{"embeddable":true,"href":"https:\/\/deputadotaveirajr.com.br\/index.php\/wp-json\/wp\/v2\/comments?post=14516"}],"version-history":[{"count":0,"href":"https:\/\/deputadotaveirajr.com.br\/index.php\/wp-json\/wp\/v2\/pages\/14516\/revisions"}],"wp:featuredmedia":[{"embeddable":true,"href":"https:\/\/deputadotaveirajr.com.br\/index.php\/wp-json\/wp\/v2\/media\/14517"}],"wp:attachment":[{"href":"https:\/\/deputadotaveirajr.com.br\/index.php\/wp-json\/wp\/v2\/media?parent=14516"}],"curies":[{"name":"wp","href":"https:\/\/api.w.org\/{rel}","templated":true}]}}