{"id":14518,"date":"2025-11-19T15:51:05","date_gmt":"2025-11-19T18:51:05","guid":{"rendered":"https:\/\/deputadotaveirajr.com.br\/index.php\/ibge-abre-processo-seletivo-com-mais-de-200-vagas-no-rn-veja-oportunidades\/"},"modified":"2025-11-19T15:51:05","modified_gmt":"2025-11-19T18:51:05","slug":"ibge-abre-processo-seletivo-com-mais-de-200-vagas-no-rn-veja-oportunidades","status":"publish","type":"page","link":"https:\/\/deputadotaveirajr.com.br\/index.php\/ibge-abre-processo-seletivo-com-mais-de-200-vagas-no-rn-veja-oportunidades\/","title":{"rendered":"IBGE abre processo seletivo com mais de 200 vagas no RN; veja oportunidades"},"content":{"rendered":"<p><img decoding=\"async\" src=\"https:\/\/s2-g1.glbimg.com\/ItqHxOFmJNzuWrb7GIrGcEtu4UQ=\/i.s3.glbimg.com\/v1\/AUTH_59edd422c0c84a879bd37670ae4f538a\/internal_photos\/bs\/2025\/2\/7\/m4dGWiSpAIqACIIBxeHg\/ibge.jpg\" \/><br \/>     IBGE: vagas para profissionais em todo o Brasil<br \/>\nT\u00e2nia R\u00eago\/Ag\u00eancia Brasil\/ARQUIVO<br \/>\nO Instituto Brasileiro de Geografia e Estat\u00edstica (IBGE) anunciou nesta quarta-feira (19) a publica\u00e7\u00e3o de editais do processo seletivo simplificado que oferece 214 vagas tempor\u00e1rias no Rio Grande do Norte.<br \/>\nAo todo, s\u00e3o:<br \/>\n189 vagas para o cargo de Agente de Pesquisa e Mapeamento (APM), com remunera\u00e7\u00e3o de R$ 2.676,24, al\u00e9m de benef\u00edcios.<br \/>\n 25 vagas para o cargo de Supervisor de Coleta e Qualidade (SCQ), com remunera\u00e7\u00e3o de R$ 3.379,00, al\u00e9m de benef\u00edcios.<br \/>\nAs oportunidades s\u00e3o para os nove munic\u00edpios onde h\u00e1 ag\u00eancias do IBGE no estado (veja, mais abaixo, a distribui\u00e7\u00e3o).<br \/>\n\ud83d\udcf3 Clique aqui para seguir o canal do g1 RN no WhatsApp<br \/>\nOs cargos s\u00e3o de n\u00edvel m\u00e9dio. Para SCQ, h\u00e1 tamb\u00e9m o pr\u00e9-requisito da Carteira Nacional de Habilita\u00e7\u00e3o (CNH) definitiva ou provis\u00f3ria, no m\u00ednimo categoria B, no prazo de validade.<br \/>\nPara os aprovados, o contrato tem previs\u00e3o de dura\u00e7\u00e3o m\u00e1xima de at\u00e9 um ano, podendo ser prorrogado, desde que o prazo total n\u00e3o exceda tr\u00eas anos.<br \/>\nEm todo o Brasil, s\u00e3o mais de 9 mil vagas tempor\u00e1rias ofertadas &#8211;  o maior processo seletivo da hist\u00f3ria do \u00f3rg\u00e3o.<br \/>\nH\u00e1 reserva de vagas para Pessoas com Defici\u00eancia (PcD), Pessoas Pretas e Pardas (PPP), Pessoas Ind\u00edgenas (PI) e Pessoas Quilombolas (PQ).<br \/>\nVEJA AQUI OS EDITAIS:<br \/>\n2025\/05 &#8211; Supervisor de Coleta e Qualidade<br \/>\n2025\/04 &#8211; Agente de Pesquisas e Mapeamento<br \/>\nInscri\u00e7\u00f5es<br \/>\nA inscri\u00e7\u00f5es abrem nesta quarta-feira (19), \u00e0s 16h, e seguem at\u00e9 o dia 11 de dezembro. O valor da taxa de inscri\u00e7\u00e3o \u00e9 de R$ 38,50 para ambas as fun\u00e7\u00f5es.<br \/>\nH\u00e1 a possibilidade de isen\u00e7\u00e3o da taxa de inscri\u00e7\u00e3o para os candidatos inscritos no Cadastro \u00danico para Programas Sociais do Governo Federal (Cad\u00danico) e para doadores de medula \u00f3ssea.<br \/>\nAs inscri\u00e7\u00f5es s\u00e3o feitas no site da Funda\u00e7\u00e3o Get\u00falio Vargas (FGV), respons\u00e1vel pela realiza\u00e7\u00e3o do certame.<br \/>\nAs provas objetivas est\u00e3o previstas para 22 de fevereiro de 2026. O resultado final do processo seletivo est\u00e1 previsto para 30 de abril de 2026.<br \/>\nRemunera\u00e7\u00e3o e benef\u00edcios<br \/>\nA remunera\u00e7\u00e3o \u00e9 de R$ 2.676,24 para APM e R$ 3.379,00 para SCQ.<br \/>\nOs benef\u00edcios s\u00e3o de:<br \/>\naux\u00edlio alimenta\u00e7\u00e3o no valor de R$ 1.175;<br \/>\naux\u00edlio transporte;<br \/>\naux\u00edlio pr\u00e9-escolar;<br \/>\nf\u00e9rias proporcionais;<br \/>\n13\u00ba sal\u00e1rio proporcional.<br \/>\nA superintendente do IBGE\/RN, Fabiana F\u00e1brega de Oliveira, destaca que &#8220;durante a validade do edital, novas vagas poder\u00e3o ser abertas para substituir desligamentos por t\u00e9rmino de contrato ou baixo desempenho&#8221;.<br \/>\nSegundo a superintendente, os aprovados fora das vagas imediatas v\u00e3o compor &#8220;um grande cadastro de reserva que \u00e9 estrat\u00e9gico para o IBGE, aumentando as chances de convoca\u00e7\u00e3o&#8221;.<br \/>\nConfira as vagas<br \/>\nDistribui\u00e7\u00e3o das vagas totais de APM por munic\u00edpios &#8211; Rio Grande do Norte<br \/>\nAss\u00fa &#8211; 11 vagas totais<br \/>\nCaic\u00f3 &#8211; 11 vagas totais<br \/>\nCurrais Novos &#8211; 11 vagas totais<br \/>\nJo\u00e3o C\u00e2mara &#8211; 12 vagas totais<br \/>\nMossor\u00f3 &#8211; 23 vagas totais<br \/>\nNatal &#8211; 69 vagas totais<br \/>\nParnamirim &#8211; 27 vagas totais<br \/>\nPau dos Ferros &#8211; 13 vagas totais<br \/>\nSanto Ant\u00f4nio &#8211; 12 vagas totais<br \/>\nDistribui\u00e7\u00e3o das vagas totais de SCQ por munic\u00edpios &#8211; Rio Grande do Norte<br \/>\nAss\u00fa &#8211; 1 vaga<br \/>\nCaic\u00f3 &#8211; 1 vaga<br \/>\nCurrais Novos &#8211; 1 vaga<br \/>\nJo\u00e3o C\u00e2mara &#8211; 1 vaga<br \/>\nMossor\u00f3 &#8211; 4 vagas totais<br \/>\nNatal &#8211; 11 vagas totais<br \/>\nParnamirim &#8211; 3 vagas totais<br \/>\nPau dos Ferros &#8211; 2 vagas totais<br \/>\nSanto Ant\u00f4nio &#8211; 1 vaga<br \/>\nConte\u00fado das provas<br \/>\nAs provas s\u00e3o objetivas, de car\u00e1ter eliminat\u00f3rio e classificat\u00f3rio &#8211; elas tem dura\u00e7\u00e3o de 5 horas.<br \/>\nPara SCQ, o conte\u00fado program\u00e1tico abrange:<br \/>\nL\u00edngua Portuguesa;<br \/>\nRacioc\u00ednio L\u00f3gico Matem\u00e1tico;<br \/>\n\u00c9tica no Servi\u00e7o P\u00fablico;<br \/>\nGeografia;<br \/>\nNo\u00e7\u00f5es de Inform\u00e1tica;<br \/>\nNo\u00e7\u00f5es de Administra\u00e7\u00e3o;<br \/>\nSitua\u00e7\u00f5es Gerenciais e Geografia.<br \/>\nJ\u00e1 para APM, as quest\u00f5es s\u00e3o de de:<br \/>\nL\u00edngua Portuguesa;<br \/>\nRacioc\u00ednio L\u00f3gico Matem\u00e1tico;<br \/>\n\u00c9tica no Servi\u00e7o P\u00fablico;<br \/>\nGeografia;<br \/>\nNo\u00e7\u00f5es de Inform\u00e1tica.<br \/>\nAtribui\u00e7\u00f5es<br \/>\nEntre as atribui\u00e7\u00f5es de um SCQ est\u00e3o:<br \/>\norganizar, planejar, e executar atividades estabelecidas no cronograma de trabalho; gerenciar os trabalhos desenvolvidos nas ag\u00eancias de coleta de acordo com o cronograma previsto para as pesquisas e levantamentos; acompanhar o desenvolvimento da coleta dos dados das pesquisas e levantamentos, buscando a qualidade da informa\u00e7\u00e3o; controlar a produ\u00e7\u00e3o e a qualidade das atividades de coleta e levantamentos, entre outras.<br \/>\nJ\u00e1 as fun\u00e7\u00f5es de um APM s\u00e3o:<br \/>\nvisitar domic\u00edlios e estabelecimentos de qualquer natureza, tais como comerciais, industriais, agropecu\u00e1rios, de servi\u00e7os e \u00f3rg\u00e3os p\u00fablicos, em locais selecionados de acordo com o tema a ser pesquisado, para a coleta de dados visando \u00e0 realiza\u00e7\u00e3o de pesquisas de natureza estat\u00edstica, entre outras.<br \/>\nV\u00eddeos mais assistidos do g1 RN<\/p>","protected":false},"excerpt":{"rendered":"<p>IBGE: vagas para profissionais em todo o Brasil T\u00e2nia R\u00eago\/Ag\u00eancia Brasil\/ARQUIVO O Instituto Brasileiro de Geografia e Estat\u00edstica (IBGE) anunciou nesta quarta-feira (19) a publica\u00e7\u00e3o de editais do processo seletivo &#8230;<\/p>\n","protected":false},"author":0,"featured_media":14519,"parent":0,"menu_order":0,"comment_status":"closed","ping_status":"closed","template":"","meta":{"footnotes":""},"class_list":["post-14518","page","type-page","status-publish","has-post-thumbnail","hentry"],"yoast_head":"<!-- This site is optimized with the Yoast SEO plugin v27.1.1 - https:\/\/yoast.com\/product\/yoast-seo-wordpress\/ -->\n<title>IBGE abre processo seletivo com mais de 200 vagas no RN; veja oportunidades - Taveira Jr<\/title>\n<meta name=\"robots\" content=\"index, follow, max-snippet:-1, max-image-preview:large, max-video-preview:-1\" \/>\n<link rel=\"canonical\" href=\"https:\/\/deputadotaveirajr.com.br\/index.php\/ibge-abre-processo-seletivo-com-mais-de-200-vagas-no-rn-veja-oportunidades\/\" \/>\n<meta property=\"og:locale\" content=\"pt_BR\" \/>\n<meta property=\"og:type\" content=\"article\" \/>\n<meta property=\"og:title\" content=\"IBGE abre processo seletivo com mais de 200 vagas no RN; veja oportunidades - Taveira Jr\" \/>\n<meta property=\"og:description\" content=\"IBGE: vagas para profissionais em todo o Brasil T\u00e2nia R\u00eago\/Ag\u00eancia Brasil\/ARQUIVO O Instituto Brasileiro de Geografia e Estat\u00edstica (IBGE) anunciou nesta quarta-feira (19) a publica\u00e7\u00e3o de editais do processo seletivo ...\" \/>\n<meta property=\"og:url\" content=\"https:\/\/deputadotaveirajr.com.br\/index.php\/ibge-abre-processo-seletivo-com-mais-de-200-vagas-no-rn-veja-oportunidades\/\" \/>\n<meta property=\"og:site_name\" content=\"Taveira Jr\" \/>\n<meta property=\"og:image\" content=\"https:\/\/s2-g1.glbimg.com\/ItqHxOFmJNzuWrb7GIrGcEtu4UQ=\/i.s3.glbimg.com\/v1\/AUTH_59edd422c0c84a879bd37670ae4f538a\/internal_photos\/bs\/2025\/2\/7\/m4dGWiSpAIqACIIBxeHg\/ibge.jpg\" \/>\n<meta name=\"twitter:card\" content=\"summary_large_image\" \/>\n<meta name=\"twitter:label1\" content=\"Est. tempo de leitura\" \/>\n\t<meta name=\"twitter:data1\" content=\"4 minutos\" \/>\n<script type=\"application\/ld+json\" class=\"yoast-schema-graph\">{\"@context\":\"https:\/\/schema.org\",\"@graph\":[{\"@type\":\"WebPage\",\"@id\":\"https:\/\/deputadotaveirajr.com.br\/index.php\/ibge-abre-processo-seletivo-com-mais-de-200-vagas-no-rn-veja-oportunidades\/\",\"url\":\"https:\/\/deputadotaveirajr.com.br\/index.php\/ibge-abre-processo-seletivo-com-mais-de-200-vagas-no-rn-veja-oportunidades\/\",\"name\":\"IBGE abre processo seletivo com mais de 200 vagas no RN; veja oportunidades - Taveira Jr\",\"isPartOf\":{\"@id\":\"https:\/\/deputadotaveirajr.com.br\/#website\"},\"primaryImageOfPage\":{\"@id\":\"https:\/\/deputadotaveirajr.com.br\/index.php\/ibge-abre-processo-seletivo-com-mais-de-200-vagas-no-rn-veja-oportunidades\/#primaryimage\"},\"image\":{\"@id\":\"https:\/\/deputadotaveirajr.com.br\/index.php\/ibge-abre-processo-seletivo-com-mais-de-200-vagas-no-rn-veja-oportunidades\/#primaryimage\"},\"thumbnailUrl\":\"https:\/\/deputadotaveirajr.com.br\/wp-content\/uploads\/2025\/11\/ibge-IBW7Uk.jpg\",\"datePublished\":\"2025-11-19T18:51:05+00:00\",\"breadcrumb\":{\"@id\":\"https:\/\/deputadotaveirajr.com.br\/index.php\/ibge-abre-processo-seletivo-com-mais-de-200-vagas-no-rn-veja-oportunidades\/#breadcrumb\"},\"inLanguage\":\"pt-BR\",\"potentialAction\":[{\"@type\":\"ReadAction\",\"target\":[\"https:\/\/deputadotaveirajr.com.br\/index.php\/ibge-abre-processo-seletivo-com-mais-de-200-vagas-no-rn-veja-oportunidades\/\"]}]},{\"@type\":\"ImageObject\",\"inLanguage\":\"pt-BR\",\"@id\":\"https:\/\/deputadotaveirajr.com.br\/index.php\/ibge-abre-processo-seletivo-com-mais-de-200-vagas-no-rn-veja-oportunidades\/#primaryimage\",\"url\":\"https:\/\/deputadotaveirajr.com.br\/wp-content\/uploads\/2025\/11\/ibge-IBW7Uk.jpg\",\"contentUrl\":\"https:\/\/deputadotaveirajr.com.br\/wp-content\/uploads\/2025\/11\/ibge-IBW7Uk.jpg\",\"width\":1226,\"height\":733},{\"@type\":\"BreadcrumbList\",\"@id\":\"https:\/\/deputadotaveirajr.com.br\/index.php\/ibge-abre-processo-seletivo-com-mais-de-200-vagas-no-rn-veja-oportunidades\/#breadcrumb\",\"itemListElement\":[{\"@type\":\"ListItem\",\"position\":1,\"name\":\"In\u00edcio\",\"item\":\"https:\/\/deputadotaveirajr.com.br\/\"},{\"@type\":\"ListItem\",\"position\":2,\"name\":\"IBGE abre processo seletivo com mais de 200 vagas no RN; veja oportunidades\"}]},{\"@type\":\"WebSite\",\"@id\":\"https:\/\/deputadotaveirajr.com.br\/#website\",\"url\":\"https:\/\/deputadotaveirajr.com.br\/\",\"name\":\"Taveira Jr\",\"description\":\"Deputado Estadual\",\"publisher\":{\"@id\":\"https:\/\/deputadotaveirajr.com.br\/#organization\"},\"potentialAction\":[{\"@type\":\"SearchAction\",\"target\":{\"@type\":\"EntryPoint\",\"urlTemplate\":\"https:\/\/deputadotaveirajr.com.br\/?s={search_term_string}\"},\"query-input\":{\"@type\":\"PropertyValueSpecification\",\"valueRequired\":true,\"valueName\":\"search_term_string\"}}],\"inLanguage\":\"pt-BR\"},{\"@type\":\"Organization\",\"@id\":\"https:\/\/deputadotaveirajr.com.br\/#organization\",\"name\":\"Taveira Jr\",\"url\":\"https:\/\/deputadotaveirajr.com.br\/\",\"logo\":{\"@type\":\"ImageObject\",\"inLanguage\":\"pt-BR\",\"@id\":\"https:\/\/deputadotaveirajr.com.br\/#\/schema\/logo\/image\/\",\"url\":\"https:\/\/deputadotaveirajr.com.br\/wp-content\/uploads\/2026\/01\/logolow2a.png\",\"contentUrl\":\"https:\/\/deputadotaveirajr.com.br\/wp-content\/uploads\/2026\/01\/logolow2a.png\",\"width\":290,\"height\":80,\"caption\":\"Taveira Jr\"},\"image\":{\"@id\":\"https:\/\/deputadotaveirajr.com.br\/#\/schema\/logo\/image\/\"}}]}<\/script>\n<!-- \/ Yoast SEO plugin. -->","yoast_head_json":{"title":"IBGE abre processo seletivo com mais de 200 vagas no RN; veja oportunidades - Taveira Jr","robots":{"index":"index","follow":"follow","max-snippet":"max-snippet:-1","max-image-preview":"max-image-preview:large","max-video-preview":"max-video-preview:-1"},"canonical":"https:\/\/deputadotaveirajr.com.br\/index.php\/ibge-abre-processo-seletivo-com-mais-de-200-vagas-no-rn-veja-oportunidades\/","og_locale":"pt_BR","og_type":"article","og_title":"IBGE abre processo seletivo com mais de 200 vagas no RN; veja oportunidades - Taveira Jr","og_description":"IBGE: vagas para profissionais em todo o Brasil T\u00e2nia R\u00eago\/Ag\u00eancia Brasil\/ARQUIVO O Instituto Brasileiro de Geografia e Estat\u00edstica (IBGE) anunciou nesta quarta-feira (19) a publica\u00e7\u00e3o de editais do processo seletivo ...","og_url":"https:\/\/deputadotaveirajr.com.br\/index.php\/ibge-abre-processo-seletivo-com-mais-de-200-vagas-no-rn-veja-oportunidades\/","og_site_name":"Taveira Jr","og_image":[{"url":"https:\/\/s2-g1.glbimg.com\/ItqHxOFmJNzuWrb7GIrGcEtu4UQ=\/i.s3.glbimg.com\/v1\/AUTH_59edd422c0c84a879bd37670ae4f538a\/internal_photos\/bs\/2025\/2\/7\/m4dGWiSpAIqACIIBxeHg\/ibge.jpg","type":"","width":"","height":""}],"twitter_card":"summary_large_image","twitter_misc":{"Est. tempo de leitura":"4 minutos"},"schema":{"@context":"https:\/\/schema.org","@graph":[{"@type":"WebPage","@id":"https:\/\/deputadotaveirajr.com.br\/index.php\/ibge-abre-processo-seletivo-com-mais-de-200-vagas-no-rn-veja-oportunidades\/","url":"https:\/\/deputadotaveirajr.com.br\/index.php\/ibge-abre-processo-seletivo-com-mais-de-200-vagas-no-rn-veja-oportunidades\/","name":"IBGE abre processo seletivo com mais de 200 vagas no RN; veja oportunidades - Taveira Jr","isPartOf":{"@id":"https:\/\/deputadotaveirajr.com.br\/#website"},"primaryImageOfPage":{"@id":"https:\/\/deputadotaveirajr.com.br\/index.php\/ibge-abre-processo-seletivo-com-mais-de-200-vagas-no-rn-veja-oportunidades\/#primaryimage"},"image":{"@id":"https:\/\/deputadotaveirajr.com.br\/index.php\/ibge-abre-processo-seletivo-com-mais-de-200-vagas-no-rn-veja-oportunidades\/#primaryimage"},"thumbnailUrl":"https:\/\/deputadotaveirajr.com.br\/wp-content\/uploads\/2025\/11\/ibge-IBW7Uk.jpg","datePublished":"2025-11-19T18:51:05+00:00","breadcrumb":{"@id":"https:\/\/deputadotaveirajr.com.br\/index.php\/ibge-abre-processo-seletivo-com-mais-de-200-vagas-no-rn-veja-oportunidades\/#breadcrumb"},"inLanguage":"pt-BR","potentialAction":[{"@type":"ReadAction","target":["https:\/\/deputadotaveirajr.com.br\/index.php\/ibge-abre-processo-seletivo-com-mais-de-200-vagas-no-rn-veja-oportunidades\/"]}]},{"@type":"ImageObject","inLanguage":"pt-BR","@id":"https:\/\/deputadotaveirajr.com.br\/index.php\/ibge-abre-processo-seletivo-com-mais-de-200-vagas-no-rn-veja-oportunidades\/#primaryimage","url":"https:\/\/deputadotaveirajr.com.br\/wp-content\/uploads\/2025\/11\/ibge-IBW7Uk.jpg","contentUrl":"https:\/\/deputadotaveirajr.com.br\/wp-content\/uploads\/2025\/11\/ibge-IBW7Uk.jpg","width":1226,"height":733},{"@type":"BreadcrumbList","@id":"https:\/\/deputadotaveirajr.com.br\/index.php\/ibge-abre-processo-seletivo-com-mais-de-200-vagas-no-rn-veja-oportunidades\/#breadcrumb","itemListElement":[{"@type":"ListItem","position":1,"name":"In\u00edcio","item":"https:\/\/deputadotaveirajr.com.br\/"},{"@type":"ListItem","position":2,"name":"IBGE abre processo seletivo com mais de 200 vagas no RN; veja oportunidades"}]},{"@type":"WebSite","@id":"https:\/\/deputadotaveirajr.com.br\/#website","url":"https:\/\/deputadotaveirajr.com.br\/","name":"Taveira Jr","description":"Deputado Estadual","publisher":{"@id":"https:\/\/deputadotaveirajr.com.br\/#organization"},"potentialAction":[{"@type":"SearchAction","target":{"@type":"EntryPoint","urlTemplate":"https:\/\/deputadotaveirajr.com.br\/?s={search_term_string}"},"query-input":{"@type":"PropertyValueSpecification","valueRequired":true,"valueName":"search_term_string"}}],"inLanguage":"pt-BR"},{"@type":"Organization","@id":"https:\/\/deputadotaveirajr.com.br\/#organization","name":"Taveira Jr","url":"https:\/\/deputadotaveirajr.com.br\/","logo":{"@type":"ImageObject","inLanguage":"pt-BR","@id":"https:\/\/deputadotaveirajr.com.br\/#\/schema\/logo\/image\/","url":"https:\/\/deputadotaveirajr.com.br\/wp-content\/uploads\/2026\/01\/logolow2a.png","contentUrl":"https:\/\/deputadotaveirajr.com.br\/wp-content\/uploads\/2026\/01\/logolow2a.png","width":290,"height":80,"caption":"Taveira Jr"},"image":{"@id":"https:\/\/deputadotaveirajr.com.br\/#\/schema\/logo\/image\/"}}]}},"_links":{"self":[{"href":"https:\/\/deputadotaveirajr.com.br\/index.php\/wp-json\/wp\/v2\/pages\/14518","targetHints":{"allow":["GET"]}}],"collection":[{"href":"https:\/\/deputadotaveirajr.com.br\/index.php\/wp-json\/wp\/v2\/pages"}],"about":[{"href":"https:\/\/deputadotaveirajr.com.br\/index.php\/wp-json\/wp\/v2\/types\/page"}],"replies":[{"embeddable":true,"href":"https:\/\/deputadotaveirajr.com.br\/index.php\/wp-json\/wp\/v2\/comments?post=14518"}],"version-history":[{"count":0,"href":"https:\/\/deputadotaveirajr.com.br\/index.php\/wp-json\/wp\/v2\/pages\/14518\/revisions"}],"wp:featuredmedia":[{"embeddable":true,"href":"https:\/\/deputadotaveirajr.com.br\/index.php\/wp-json\/wp\/v2\/media\/14519"}],"wp:attachment":[{"href":"https:\/\/deputadotaveirajr.com.br\/index.php\/wp-json\/wp\/v2\/media?parent=14518"}],"curies":[{"name":"wp","href":"https:\/\/api.w.org\/{rel}","templated":true}]}}