{"id":14520,"date":"2025-11-19T13:19:33","date_gmt":"2025-11-19T16:19:33","guid":{"rendered":"https:\/\/deputadotaveirajr.com.br\/index.php\/vereador-de-natal-alega-possivel-venda-de-sentencas-na-justica-apos-decisoes-suspenderem-sessao-de-votacao-de-cassacao\/"},"modified":"2025-11-19T13:19:33","modified_gmt":"2025-11-19T16:19:33","slug":"vereador-de-natal-alega-possivel-venda-de-sentencas-na-justica-apos-decisoes-suspenderem-sessao-de-votacao-de-cassacao","status":"publish","type":"page","link":"https:\/\/deputadotaveirajr.com.br\/index.php\/vereador-de-natal-alega-possivel-venda-de-sentencas-na-justica-apos-decisoes-suspenderem-sessao-de-votacao-de-cassacao\/","title":{"rendered":"Vereador de Natal alega &#8216;poss\u00edvel venda de senten\u00e7as&#8217; na Justi\u00e7a ap\u00f3s decis\u00f5es suspenderem sess\u00e3o de vota\u00e7\u00e3o de cassa\u00e7\u00e3o"},"content":{"rendered":"<p><img decoding=\"async\" src=\"https:\/\/s2-g1.glbimg.com\/NKxN11OZ-ImWnDnwKrdKzP-VG94=\/i.s3.glbimg.com\/v1\/AUTH_59edd422c0c84a879bd37670ae4f538a\/internal_photos\/bs\/2025\/x\/Y\/2MWKJeTuamhnaWSwYdwA\/matheus-faustino.jpg\" \/><br \/>     Vereador de Natal alega &#8216;poss\u00edvel venda de senten\u00e7as&#8217; no Judici\u00e1rio do RN<br \/>\nAp\u00f3s a Justi\u00e7a do Rio Grande do Norte suspender duas sess\u00f5es da C\u00e2mara Municipal de Natal em que ocorreria a vota\u00e7\u00e3o o pedido de cassa\u00e7\u00e3o da vereadora Brisa Bracchi (PT), o vereador Matheus Faustino (Uni\u00e3o Brasil) alegou uma &#8220;poss\u00edvel venda de senten\u00e7as&#8221; por parte do judici\u00e1rio. O parlamentar, no entanto, n\u00e3o apresentou provas sobre o assunto.<br \/>\nA declara\u00e7\u00e3o foi feita pelo parlamentar durante entrevista a uma r\u00e1dio na ter\u00e7a-feira (18) e reafirmada nesta quarta-feira (19) na C\u00e2mara Municipal, em entrevista \u00e0 Inter TV Cabugi.<br \/>\n\ud83d\udcf3 Clique aqui para seguir o canal do g1 RN no WhatsApp<br \/>\n&#8220;Se houver uma interpreta\u00e7\u00e3o dessa forma, muito criativa, de utilizar apenas os artif\u00edcios tanto do regimento interno quanto do decreto para beneficiar diretamente a Brisa, acho que a popula\u00e7\u00e3o deve desconfiar de uma poss\u00edvel venda de de senten\u00e7a sim, porque n\u00e3o faz sentido. Ou \u00e9 uma coisa ou \u00e9 outra&#8221;, disse o parlamentar.<br \/>\nEm nota publicada na tarde desta quarta, Matheus Faustino disse que a fala aconteceu em um contexto de ambiente pol\u00edtico. (Veja nota completa mais abaixo).<br \/>\n&#8220;Ressalta-se que a fala, ainda que incisiva, insere-se no \u00e2mbito da liberdade de express\u00e3o pol\u00edtica, um direito constitucionalmente protegido, sobretudo no exerc\u00edcio do mandato eletivo. A cr\u00edtica foi dirigida ao crit\u00e9rio jur\u00eddico que eventualmente viesse a ser adotado, e n\u00e3o \u00e0 honra, reputa\u00e7\u00e3o ou integridade de qualquer juiz&#8221;, afirmou.<br \/>\n&#8220;Minha fala n\u00e3o teve o prop\u00f3sito de atribuir a algum juiz, de forma direta ou indireta, qualquer forma il\u00edcita, especialmente o crime de venda de senten\u00e7a. Inclusive, n\u00e3o citei nominalmente nenhum magistrado ou decis\u00e3o proferida&#8221;.<br \/>\nA Justi\u00e7a suspendeu a sess\u00e3o marcada para a ter\u00e7a-feira (18), porque a vereadora argumentou que o regimento interno da C\u00e2mara Municipal de Natal prev\u00ea que a defesa do parlamentar alvo de investiga\u00e7\u00e3o deve ser notificada de todos os atos com pelo menos 72 horas de anteced\u00eancia. A parlamentar foi notificada para a sess\u00e3o com menos de 24 horas de anteced\u00eancia.<br \/>\nLEIA MAIS<br \/>\nC\u00e2mara de Natal aprova recebimento de pedido de cassa\u00e7\u00e3o do mandato de Brisa Bracchi<br \/>\nComiss\u00e3o aprova parecer por cassa\u00e7\u00e3o do mandato da vereadora Brisa Bracchi; caso vai a plen\u00e1rio<br \/>\nJusti\u00e7a suspende sess\u00e3o que votaria cassa\u00e7\u00e3o da vereadora Brisa Bracchi<br \/>\nJusti\u00e7a suspende nova sess\u00e3o marcada para votar cassa\u00e7\u00e3o da vereadora Brisa Bracchi<br \/>\nA C\u00e2mara voltou a remarcar a sess\u00e3o para esta quarta-feira (19), mas a Justi\u00e7a suspendeu a nova sess\u00e3o pela mesma raz\u00e3o, visto que o prazo continuaria sendo descumprido.<br \/>\nCom isso, a C\u00e2mara Municipal perderia o prazo de 90 dias para concluir o processo, previsto no Decreto-Lei N\u00ba 201 de 1967, que trata dos julgamentos do caso de responsabilidade dos Prefeitos e Vereadores. Nesta quarta (19), a defesa da vereadora pediu o arquivamento do processo.<br \/>\nA Procuradoria da C\u00e2mara Municipal informou, por sua vez, que considerou no tr\u00e2mite as regras do decreto-lei, que prev\u00ea prazo de 24 horas para notifica\u00e7\u00e3o dos atos e 90 dias para conclus\u00e3o do processo. Segundo o procurador, o prazo para conclus\u00e3o do processo no regimento interno da Casa \u00e9 de 120 dias.<br \/>\nPrazos previstos no decreto-lei federal: 24 horas para notifica\u00e7\u00f5es e 90 dias para conclus\u00e3o do processo<br \/>\nPrazos previstos no regimento interno: 72 horas para notifica\u00e7\u00f5es e 120 dias para conclus\u00e3o do processo<br \/>\nVereador Matheus Faustino (Uni\u00e3o Brasil), vereador por Natal<br \/>\nInter TV Cabugi\/Reprodu\u00e7\u00e3o<br \/>\nFaustino, que foi quem protocolou a den\u00fancia contra Brisa, argumentou que o Supremo Tribunal Federal j\u00e1 havia estabelecido que somente a Uni\u00e3o pode criar legisla\u00e7\u00e3o sobre o processos do tipo, mas a vereadora estaria sendo beneficiada por regras do regimento interno e, ao mesmo tempo, do decreto lei federal, o que seria contradit\u00f3rio.<br \/>\n&#8220;Se a gente interpreta o regimento interno &#8211; que a s\u00famula vinculante do do STF 46 j\u00e1 fala que n\u00e3o vale, que tem que ser o decreto &#8211; o juiz vai l\u00e1 e fala: &#8216;vamos pegar o regimento interno para beneficiar na quest\u00e3o do prazo (de notifica\u00e7\u00e3o), e  matar o prazo com o decreto, que seria os 90 dias do processo final&#8217;. Ao meu ver, t\u00e1 muito claro aqui o que t\u00e1 acontecendo&#8221;, disse.<br \/>\nProcurado por meio da assessoria de imprensa, o Tribunal de Justi\u00e7a do Rio Grande do Norte informou que n\u00e3o vai se pronunciar sobre a declara\u00e7\u00e3o do parlamentar.<br \/>\n&#8220;A manifesta\u00e7\u00e3o de Mateus Faustino \u00e9 criminosa. Ele vai precisar falar diante da Justi\u00e7a quem comprou e quem vendeu a senten\u00e7a. N\u00e3o se pode falar uma coisa dessa contra o Poder Judici\u00e1rio&#8221;, declarou a vereadora Brisa Bracchi sobre o assunto.<br \/>\nVeja nota completa do vereador<br \/>\n&#8220;Venho a p\u00fablico esclarecer a interpreta\u00e7\u00e3o decorrente de minha manifesta\u00e7\u00e3o proferida no contexto do debate sobre o processo de cassa\u00e7\u00e3o da Vereadora Brisa Bracchi.<br \/>\nMinha fala n\u00e3o teve o prop\u00f3sito de atribuir a algum juiz, de forma direta ou indireta, qualquer forma il\u00edcita, especialmente o crime de venda de senten\u00e7a. Inclusive, n\u00e3o citei nominalmente nenhum magistrado ou decis\u00e3o proferida.<br \/>\nMinha manifesta\u00e7\u00e3o ocorreu em ambiente pol\u00edtico, em meio a discuss\u00f5es intensas sobre a correta aplica\u00e7\u00e3o das normas que regem os processos de cassa\u00e7\u00e3o no \u00e2mbito do Poder Legislativo.<br \/>\nEm todo momento me referi a um cen\u00e1rio hipot\u00e9tico e abstrato, destacando uma eventual escolha de crit\u00e9rios jur\u00eddicos que beneficiassem a Vereadora Brisa Bracchi em seu processo. A utiliza\u00e7\u00e3o, de maneira h\u00edbrida, de um regramento menos adequado (Regimento Interno) juntamente com o regramento previsto no Decreto-Lei n\u00ba 201\/67, poderia ser interpretada socialmente como favorecimento indevido, tendo em vista que a S\u00famula Vinculante n\u00ba 46 consolida o entendimento de que a legisla\u00e7\u00e3o aplic\u00e1vel \u00e9 o Decreto-Lei n\u00ba 201\/67.<br \/>\nEm nenhum momento houve afirma\u00e7\u00e3o de que qualquer magistrado respons\u00e1vel pelo caso teria conduta anti\u00e9tica, criminosa ou movida por interesses pessoais.<br \/>\nRessalta-se que a fala, ainda que incisiva, insere-se no \u00e2mbito da liberdade de express\u00e3o pol\u00edtica, um direito constitucionalmente protegido, sobretudo no exerc\u00edcio do mandato eletivo. A cr\u00edtica foi dirigida ao crit\u00e9rio jur\u00eddico que eventualmente viesse a ser adotado, e n\u00e3o \u00e0 honra, reputa\u00e7\u00e3o ou integridade de qualquer juiz.<br \/>\nReafirmo meu irrestrito respeito ao Poder Judici\u00e1rio, reconhecendo seu papel essencial no Estado Democr\u00e1tico de Direito.<br \/>\nA inten\u00e7\u00e3o sempre foi contribuir para o debate p\u00fablico, defendendo a observ\u00e2ncia do regimento jur\u00eddico adequado para processos dessa natureza no \u00e2mbito da C\u00e2mara Municipal.<br \/>\nPor fim, reitero que qualquer interpreta\u00e7\u00e3o de minha fala como acusa\u00e7\u00e3o pessoal, direta ou indireta a algum magistrado, n\u00e3o corresponde ao teor nem ao esp\u00edrito de sua manifesta\u00e7\u00e3o, sendo fruto de interpreta\u00e7\u00e3o extrapolada ou descontextualizada&#8221;.<br \/>\nO que diz a procuradoria da C\u00e2mara<br \/>\nO procurador-geral da C\u00e2mara Municipal, Gustavo Souza, afirmou que a Casa solicitou esclarescimentos \u00e0 Justi\u00e7a sobre quais prazos devem seguir.<br \/>\n&#8220;O decreto federal fala que o prazo final seria 90 dias, j\u00e1 o nosso regimento fala que o prazo final seria 120 dias. E a\u00ed n\u00f3s estamos guardando at\u00e9 um posicionamento sobre isso para adotarmos as medidas cab\u00edveis. N\u00e3o sei se ser\u00e1 aplicado, digamos, um, sincretismo entre legisla\u00e7\u00f5es&#8221;, afirmou.<br \/>\nDe acordo com ele, a peti\u00e7\u00e3o \u00e0 Justi\u00e7a tamb\u00e9m visa esclarecer se os prazos est\u00e3o suspensos desde a primeira decis\u00e3o, proferida na segunda (17).<br \/>\n&#8220;Teve uma decis\u00e3o que suspendeu segunda-feira, tem outra decis\u00e3o que suspendeu hoje (quarta). Ent\u00e3o, esses dois dias contam ou n\u00e3o para esse prazo de 90 dias? Ou o prazo vai ser de 120 dias? S\u00e3o questionamentos que n\u00f3s fizemos e aguardaremos um posicionamento para tomarmos as nossas decis\u00f5es&#8221;, explicou.<br \/>\nVeja os v\u00eddeos mais assistidos no g1 RN<\/p>","protected":false},"excerpt":{"rendered":"<p>Vereador de Natal alega &#8216;poss\u00edvel venda de senten\u00e7as&#8217; no Judici\u00e1rio do RN Ap\u00f3s a Justi\u00e7a do Rio Grande do Norte suspender duas sess\u00f5es da C\u00e2mara Municipal de Natal em que &#8230;<\/p>\n","protected":false},"author":0,"featured_media":14521,"parent":0,"menu_order":0,"comment_status":"closed","ping_status":"closed","template":"","meta":{"footnotes":""},"class_list":["post-14520","page","type-page","status-publish","has-post-thumbnail","hentry"],"yoast_head":"<!-- This site is optimized with the Yoast SEO plugin v27.1.1 - https:\/\/yoast.com\/product\/yoast-seo-wordpress\/ -->\n<title>Vereador de Natal alega &#039;poss\u00edvel venda de senten\u00e7as&#039; na Justi\u00e7a ap\u00f3s decis\u00f5es suspenderem sess\u00e3o de vota\u00e7\u00e3o de cassa\u00e7\u00e3o - Taveira Jr<\/title>\n<meta name=\"robots\" content=\"index, follow, max-snippet:-1, max-image-preview:large, max-video-preview:-1\" \/>\n<link rel=\"canonical\" href=\"https:\/\/deputadotaveirajr.com.br\/index.php\/vereador-de-natal-alega-possivel-venda-de-sentencas-na-justica-apos-decisoes-suspenderem-sessao-de-votacao-de-cassacao\/\" \/>\n<meta property=\"og:locale\" content=\"pt_BR\" \/>\n<meta property=\"og:type\" content=\"article\" \/>\n<meta property=\"og:title\" content=\"Vereador de Natal alega &#039;poss\u00edvel venda de senten\u00e7as&#039; na Justi\u00e7a ap\u00f3s decis\u00f5es suspenderem sess\u00e3o de vota\u00e7\u00e3o de cassa\u00e7\u00e3o - Taveira Jr\" \/>\n<meta property=\"og:description\" content=\"Vereador de Natal alega &#8216;poss\u00edvel venda de senten\u00e7as&#8217; no Judici\u00e1rio do RN Ap\u00f3s a Justi\u00e7a do Rio Grande do Norte suspender duas sess\u00f5es da C\u00e2mara Municipal de Natal em que ...\" \/>\n<meta property=\"og:url\" content=\"https:\/\/deputadotaveirajr.com.br\/index.php\/vereador-de-natal-alega-possivel-venda-de-sentencas-na-justica-apos-decisoes-suspenderem-sessao-de-votacao-de-cassacao\/\" \/>\n<meta property=\"og:site_name\" content=\"Taveira Jr\" \/>\n<meta property=\"og:image\" content=\"https:\/\/s2-g1.glbimg.com\/NKxN11OZ-ImWnDnwKrdKzP-VG94=\/i.s3.glbimg.com\/v1\/AUTH_59edd422c0c84a879bd37670ae4f538a\/internal_photos\/bs\/2025\/x\/Y\/2MWKJeTuamhnaWSwYdwA\/matheus-faustino.jpg\" \/>\n<meta name=\"twitter:card\" content=\"summary_large_image\" \/>\n<meta name=\"twitter:label1\" content=\"Est. tempo de leitura\" \/>\n\t<meta name=\"twitter:data1\" content=\"7 minutos\" \/>\n<script type=\"application\/ld+json\" class=\"yoast-schema-graph\">{\"@context\":\"https:\/\/schema.org\",\"@graph\":[{\"@type\":\"WebPage\",\"@id\":\"https:\/\/deputadotaveirajr.com.br\/index.php\/vereador-de-natal-alega-possivel-venda-de-sentencas-na-justica-apos-decisoes-suspenderem-sessao-de-votacao-de-cassacao\/\",\"url\":\"https:\/\/deputadotaveirajr.com.br\/index.php\/vereador-de-natal-alega-possivel-venda-de-sentencas-na-justica-apos-decisoes-suspenderem-sessao-de-votacao-de-cassacao\/\",\"name\":\"Vereador de Natal alega 'poss\u00edvel venda de senten\u00e7as' na Justi\u00e7a ap\u00f3s decis\u00f5es suspenderem sess\u00e3o de vota\u00e7\u00e3o de cassa\u00e7\u00e3o - Taveira Jr\",\"isPartOf\":{\"@id\":\"https:\/\/deputadotaveirajr.com.br\/#website\"},\"primaryImageOfPage\":{\"@id\":\"https:\/\/deputadotaveirajr.com.br\/index.php\/vereador-de-natal-alega-possivel-venda-de-sentencas-na-justica-apos-decisoes-suspenderem-sessao-de-votacao-de-cassacao\/#primaryimage\"},\"image\":{\"@id\":\"https:\/\/deputadotaveirajr.com.br\/index.php\/vereador-de-natal-alega-possivel-venda-de-sentencas-na-justica-apos-decisoes-suspenderem-sessao-de-votacao-de-cassacao\/#primaryimage\"},\"thumbnailUrl\":\"https:\/\/deputadotaveirajr.com.br\/wp-content\/uploads\/2025\/11\/matheus-faustino-sJ0MnU.jpg\",\"datePublished\":\"2025-11-19T16:19:33+00:00\",\"breadcrumb\":{\"@id\":\"https:\/\/deputadotaveirajr.com.br\/index.php\/vereador-de-natal-alega-possivel-venda-de-sentencas-na-justica-apos-decisoes-suspenderem-sessao-de-votacao-de-cassacao\/#breadcrumb\"},\"inLanguage\":\"pt-BR\",\"potentialAction\":[{\"@type\":\"ReadAction\",\"target\":[\"https:\/\/deputadotaveirajr.com.br\/index.php\/vereador-de-natal-alega-possivel-venda-de-sentencas-na-justica-apos-decisoes-suspenderem-sessao-de-votacao-de-cassacao\/\"]}]},{\"@type\":\"ImageObject\",\"inLanguage\":\"pt-BR\",\"@id\":\"https:\/\/deputadotaveirajr.com.br\/index.php\/vereador-de-natal-alega-possivel-venda-de-sentencas-na-justica-apos-decisoes-suspenderem-sessao-de-votacao-de-cassacao\/#primaryimage\",\"url\":\"https:\/\/deputadotaveirajr.com.br\/wp-content\/uploads\/2025\/11\/matheus-faustino-sJ0MnU.jpg\",\"contentUrl\":\"https:\/\/deputadotaveirajr.com.br\/wp-content\/uploads\/2025\/11\/matheus-faustino-sJ0MnU.jpg\",\"width\":1200,\"height\":708},{\"@type\":\"BreadcrumbList\",\"@id\":\"https:\/\/deputadotaveirajr.com.br\/index.php\/vereador-de-natal-alega-possivel-venda-de-sentencas-na-justica-apos-decisoes-suspenderem-sessao-de-votacao-de-cassacao\/#breadcrumb\",\"itemListElement\":[{\"@type\":\"ListItem\",\"position\":1,\"name\":\"In\u00edcio\",\"item\":\"https:\/\/deputadotaveirajr.com.br\/\"},{\"@type\":\"ListItem\",\"position\":2,\"name\":\"Vereador de Natal alega &#8216;poss\u00edvel venda de senten\u00e7as&#8217; na Justi\u00e7a ap\u00f3s decis\u00f5es suspenderem sess\u00e3o de vota\u00e7\u00e3o de cassa\u00e7\u00e3o\"}]},{\"@type\":\"WebSite\",\"@id\":\"https:\/\/deputadotaveirajr.com.br\/#website\",\"url\":\"https:\/\/deputadotaveirajr.com.br\/\",\"name\":\"Taveira Jr\",\"description\":\"Deputado Estadual\",\"publisher\":{\"@id\":\"https:\/\/deputadotaveirajr.com.br\/#organization\"},\"potentialAction\":[{\"@type\":\"SearchAction\",\"target\":{\"@type\":\"EntryPoint\",\"urlTemplate\":\"https:\/\/deputadotaveirajr.com.br\/?s={search_term_string}\"},\"query-input\":{\"@type\":\"PropertyValueSpecification\",\"valueRequired\":true,\"valueName\":\"search_term_string\"}}],\"inLanguage\":\"pt-BR\"},{\"@type\":\"Organization\",\"@id\":\"https:\/\/deputadotaveirajr.com.br\/#organization\",\"name\":\"Taveira Jr\",\"url\":\"https:\/\/deputadotaveirajr.com.br\/\",\"logo\":{\"@type\":\"ImageObject\",\"inLanguage\":\"pt-BR\",\"@id\":\"https:\/\/deputadotaveirajr.com.br\/#\/schema\/logo\/image\/\",\"url\":\"https:\/\/deputadotaveirajr.com.br\/wp-content\/uploads\/2026\/01\/logolow2a.png\",\"contentUrl\":\"https:\/\/deputadotaveirajr.com.br\/wp-content\/uploads\/2026\/01\/logolow2a.png\",\"width\":290,\"height\":80,\"caption\":\"Taveira Jr\"},\"image\":{\"@id\":\"https:\/\/deputadotaveirajr.com.br\/#\/schema\/logo\/image\/\"}}]}<\/script>\n<!-- \/ Yoast SEO plugin. -->","yoast_head_json":{"title":"Vereador de Natal alega 'poss\u00edvel venda de senten\u00e7as' na Justi\u00e7a ap\u00f3s decis\u00f5es suspenderem sess\u00e3o de vota\u00e7\u00e3o de cassa\u00e7\u00e3o - Taveira Jr","robots":{"index":"index","follow":"follow","max-snippet":"max-snippet:-1","max-image-preview":"max-image-preview:large","max-video-preview":"max-video-preview:-1"},"canonical":"https:\/\/deputadotaveirajr.com.br\/index.php\/vereador-de-natal-alega-possivel-venda-de-sentencas-na-justica-apos-decisoes-suspenderem-sessao-de-votacao-de-cassacao\/","og_locale":"pt_BR","og_type":"article","og_title":"Vereador de Natal alega 'poss\u00edvel venda de senten\u00e7as' na Justi\u00e7a ap\u00f3s decis\u00f5es suspenderem sess\u00e3o de vota\u00e7\u00e3o de cassa\u00e7\u00e3o - Taveira Jr","og_description":"Vereador de Natal alega &#8216;poss\u00edvel venda de senten\u00e7as&#8217; no Judici\u00e1rio do RN Ap\u00f3s a Justi\u00e7a do Rio Grande do Norte suspender duas sess\u00f5es da C\u00e2mara Municipal de Natal em que ...","og_url":"https:\/\/deputadotaveirajr.com.br\/index.php\/vereador-de-natal-alega-possivel-venda-de-sentencas-na-justica-apos-decisoes-suspenderem-sessao-de-votacao-de-cassacao\/","og_site_name":"Taveira Jr","og_image":[{"url":"https:\/\/s2-g1.glbimg.com\/NKxN11OZ-ImWnDnwKrdKzP-VG94=\/i.s3.glbimg.com\/v1\/AUTH_59edd422c0c84a879bd37670ae4f538a\/internal_photos\/bs\/2025\/x\/Y\/2MWKJeTuamhnaWSwYdwA\/matheus-faustino.jpg","type":"","width":"","height":""}],"twitter_card":"summary_large_image","twitter_misc":{"Est. tempo de leitura":"7 minutos"},"schema":{"@context":"https:\/\/schema.org","@graph":[{"@type":"WebPage","@id":"https:\/\/deputadotaveirajr.com.br\/index.php\/vereador-de-natal-alega-possivel-venda-de-sentencas-na-justica-apos-decisoes-suspenderem-sessao-de-votacao-de-cassacao\/","url":"https:\/\/deputadotaveirajr.com.br\/index.php\/vereador-de-natal-alega-possivel-venda-de-sentencas-na-justica-apos-decisoes-suspenderem-sessao-de-votacao-de-cassacao\/","name":"Vereador de Natal alega 'poss\u00edvel venda de senten\u00e7as' na Justi\u00e7a ap\u00f3s decis\u00f5es suspenderem sess\u00e3o de vota\u00e7\u00e3o de cassa\u00e7\u00e3o - Taveira Jr","isPartOf":{"@id":"https:\/\/deputadotaveirajr.com.br\/#website"},"primaryImageOfPage":{"@id":"https:\/\/deputadotaveirajr.com.br\/index.php\/vereador-de-natal-alega-possivel-venda-de-sentencas-na-justica-apos-decisoes-suspenderem-sessao-de-votacao-de-cassacao\/#primaryimage"},"image":{"@id":"https:\/\/deputadotaveirajr.com.br\/index.php\/vereador-de-natal-alega-possivel-venda-de-sentencas-na-justica-apos-decisoes-suspenderem-sessao-de-votacao-de-cassacao\/#primaryimage"},"thumbnailUrl":"https:\/\/deputadotaveirajr.com.br\/wp-content\/uploads\/2025\/11\/matheus-faustino-sJ0MnU.jpg","datePublished":"2025-11-19T16:19:33+00:00","breadcrumb":{"@id":"https:\/\/deputadotaveirajr.com.br\/index.php\/vereador-de-natal-alega-possivel-venda-de-sentencas-na-justica-apos-decisoes-suspenderem-sessao-de-votacao-de-cassacao\/#breadcrumb"},"inLanguage":"pt-BR","potentialAction":[{"@type":"ReadAction","target":["https:\/\/deputadotaveirajr.com.br\/index.php\/vereador-de-natal-alega-possivel-venda-de-sentencas-na-justica-apos-decisoes-suspenderem-sessao-de-votacao-de-cassacao\/"]}]},{"@type":"ImageObject","inLanguage":"pt-BR","@id":"https:\/\/deputadotaveirajr.com.br\/index.php\/vereador-de-natal-alega-possivel-venda-de-sentencas-na-justica-apos-decisoes-suspenderem-sessao-de-votacao-de-cassacao\/#primaryimage","url":"https:\/\/deputadotaveirajr.com.br\/wp-content\/uploads\/2025\/11\/matheus-faustino-sJ0MnU.jpg","contentUrl":"https:\/\/deputadotaveirajr.com.br\/wp-content\/uploads\/2025\/11\/matheus-faustino-sJ0MnU.jpg","width":1200,"height":708},{"@type":"BreadcrumbList","@id":"https:\/\/deputadotaveirajr.com.br\/index.php\/vereador-de-natal-alega-possivel-venda-de-sentencas-na-justica-apos-decisoes-suspenderem-sessao-de-votacao-de-cassacao\/#breadcrumb","itemListElement":[{"@type":"ListItem","position":1,"name":"In\u00edcio","item":"https:\/\/deputadotaveirajr.com.br\/"},{"@type":"ListItem","position":2,"name":"Vereador de Natal alega &#8216;poss\u00edvel venda de senten\u00e7as&#8217; na Justi\u00e7a ap\u00f3s decis\u00f5es suspenderem sess\u00e3o de vota\u00e7\u00e3o de cassa\u00e7\u00e3o"}]},{"@type":"WebSite","@id":"https:\/\/deputadotaveirajr.com.br\/#website","url":"https:\/\/deputadotaveirajr.com.br\/","name":"Taveira Jr","description":"Deputado Estadual","publisher":{"@id":"https:\/\/deputadotaveirajr.com.br\/#organization"},"potentialAction":[{"@type":"SearchAction","target":{"@type":"EntryPoint","urlTemplate":"https:\/\/deputadotaveirajr.com.br\/?s={search_term_string}"},"query-input":{"@type":"PropertyValueSpecification","valueRequired":true,"valueName":"search_term_string"}}],"inLanguage":"pt-BR"},{"@type":"Organization","@id":"https:\/\/deputadotaveirajr.com.br\/#organization","name":"Taveira Jr","url":"https:\/\/deputadotaveirajr.com.br\/","logo":{"@type":"ImageObject","inLanguage":"pt-BR","@id":"https:\/\/deputadotaveirajr.com.br\/#\/schema\/logo\/image\/","url":"https:\/\/deputadotaveirajr.com.br\/wp-content\/uploads\/2026\/01\/logolow2a.png","contentUrl":"https:\/\/deputadotaveirajr.com.br\/wp-content\/uploads\/2026\/01\/logolow2a.png","width":290,"height":80,"caption":"Taveira Jr"},"image":{"@id":"https:\/\/deputadotaveirajr.com.br\/#\/schema\/logo\/image\/"}}]}},"_links":{"self":[{"href":"https:\/\/deputadotaveirajr.com.br\/index.php\/wp-json\/wp\/v2\/pages\/14520","targetHints":{"allow":["GET"]}}],"collection":[{"href":"https:\/\/deputadotaveirajr.com.br\/index.php\/wp-json\/wp\/v2\/pages"}],"about":[{"href":"https:\/\/deputadotaveirajr.com.br\/index.php\/wp-json\/wp\/v2\/types\/page"}],"replies":[{"embeddable":true,"href":"https:\/\/deputadotaveirajr.com.br\/index.php\/wp-json\/wp\/v2\/comments?post=14520"}],"version-history":[{"count":0,"href":"https:\/\/deputadotaveirajr.com.br\/index.php\/wp-json\/wp\/v2\/pages\/14520\/revisions"}],"wp:featuredmedia":[{"embeddable":true,"href":"https:\/\/deputadotaveirajr.com.br\/index.php\/wp-json\/wp\/v2\/media\/14521"}],"wp:attachment":[{"href":"https:\/\/deputadotaveirajr.com.br\/index.php\/wp-json\/wp\/v2\/media?parent=14520"}],"curies":[{"name":"wp","href":"https:\/\/api.w.org\/{rel}","templated":true}]}}