{"id":14528,"date":"2025-11-22T13:47:42","date_gmt":"2025-11-22T16:47:42","guid":{"rendered":"https:\/\/deputadotaveirajr.com.br\/index.php\/imposto-de-renda-potiguares-vao-receber-r-77-milhoes-em-lote-de-restituicao-de-novembro\/"},"modified":"2025-11-22T13:47:42","modified_gmt":"2025-11-22T16:47:42","slug":"imposto-de-renda-potiguares-vao-receber-r-77-milhoes-em-lote-de-restituicao-de-novembro","status":"publish","type":"page","link":"https:\/\/deputadotaveirajr.com.br\/index.php\/imposto-de-renda-potiguares-vao-receber-r-77-milhoes-em-lote-de-restituicao-de-novembro\/","title":{"rendered":"Imposto de Renda: Potiguares v\u00e3o receber R$ 7,7 milh\u00f5es em lote de restitui\u00e7\u00e3o de novembro"},"content":{"rendered":"<p><img decoding=\"async\" src=\"https:\/\/s2-g1.glbimg.com\/IUiu5SnHkMkcu7M4AH6uaqJju8A=\/i.s3.glbimg.com\/v1\/AUTH_59edd422c0c84a879bd37670ae4f538a\/internal_photos\/bs\/2025\/k\/l\/D877BMSqAFdl1AE0dqvw\/mg-7893.webp\" \/><br \/>     Imposto de Renda<br \/>\nJo\u00e9dson Alves\/Ag\u00eancia Brasil<br \/>\nA Receita Federal anunciou que vai depositar R$ 7,7 milh\u00f5es nas contas de mais de 2 mil potiguares na pr\u00f3xima sexta-feira (28). Os valores s\u00e3o referentes a restitui\u00e7\u00f5es de declara\u00e7\u00f5es do Imposto de Renda entregues fora do prazo em 2025 ou que tiveram pend\u00eancias posteriormente regularizadas.<br \/>\nOs recursos tamb\u00e9m podem ser de cr\u00e9ditos residuais de anos anteriores.<br \/>\n\ud83d\udcf3 Clique aqui para seguir o canal do g1 RN no WhatsApp<br \/>\nAo todo, ser\u00e3o depositados R$ 7.744.138,04 nas contas de 2.150 contribuintes.<br \/>\nA consulta ao lote residual de restitui\u00e7\u00e3o do IRPF referente ao m\u00eas de novembro j\u00e1 est\u00e1 dispon\u00edvel.<br \/>\nVeja os v\u00eddeos que est\u00e3o em alta no g1<br \/>\nComo consultar<br \/>\nPara consultar a disponibilidade da restitui\u00e7\u00e3o, basta acessar o site da Receita Federal, clicar em \u201cMeu Imposto de Renda\u201d e, em seguida, \u201cConsultar a Restitui\u00e7\u00e3o\u201d.<br \/>\nA p\u00e1gina oferece instru\u00e7\u00f5es detalhadas, al\u00e9m do extrato de processamento no e-CAC, que permite ao cidad\u00e3o verificar eventuais pend\u00eancias e, se necess\u00e1rio, corrigir sua declara\u00e7\u00e3o.<br \/>\nA Receita tamb\u00e9m disponibiliza aplicativo para dispositivos m\u00f3veis, que permite consultar libera\u00e7\u00f5es de restitui\u00e7\u00f5es e a situa\u00e7\u00e3o cadastral no CPF, ampliando transpar\u00eancia e facilitando o acesso aos servi\u00e7os p\u00fablicos.<br \/>\nComo \u00e9 feito o pagamento<br \/>\nPara garantir seguran\u00e7a, a restitui\u00e7\u00e3o \u00e9 paga exclusivamente em conta banc\u00e1ria de titularidade do contribuinte. Em caso de erro nos dados banc\u00e1rios ou problema na conta de destino, a Receita oferece o servi\u00e7o de reagendamento disponibilizado pelo Banco do Brasil (BB) no prazo de at\u00e9 um ano da primeira tentativa de cr\u00e9dito.<br \/>\nCaso o contribuinte n\u00e3o resgate o valor de sua restitui\u00e7\u00e3o no prazo, dever\u00e1 requer\u00ea-lo pelo Portal e-CAC, dispon\u00edvel no site da Receita Federal, acessando o menu Declara\u00e7\u00f5es e Demonstrativos &gt; Meu Imposto de Renda e clicando em &#8220;Solicitar restitui\u00e7\u00e3o n\u00e3o resgatada na rede banc\u00e1ria&#8221;.<br \/>\nVeja os v\u00eddeos mais assistidos no g1 RN<\/p>","protected":false},"excerpt":{"rendered":"<p>Imposto de Renda Jo\u00e9dson Alves\/Ag\u00eancia Brasil A Receita Federal anunciou que vai depositar R$ 7,7 milh\u00f5es nas contas de mais de 2 mil potiguares na pr\u00f3xima sexta-feira (28). Os valores &#8230;<\/p>\n","protected":false},"author":0,"featured_media":14529,"parent":0,"menu_order":0,"comment_status":"closed","ping_status":"closed","template":"","meta":{"footnotes":""},"class_list":["post-14528","page","type-page","status-publish","has-post-thumbnail","hentry"],"yoast_head":"<!-- This site is optimized with the Yoast SEO plugin v27.1.1 - https:\/\/yoast.com\/product\/yoast-seo-wordpress\/ -->\n<title>Imposto de Renda: Potiguares v\u00e3o receber R$ 7,7 milh\u00f5es em lote de restitui\u00e7\u00e3o de novembro - Taveira Jr<\/title>\n<meta name=\"robots\" content=\"index, follow, max-snippet:-1, max-image-preview:large, max-video-preview:-1\" \/>\n<link rel=\"canonical\" href=\"https:\/\/deputadotaveirajr.com.br\/index.php\/imposto-de-renda-potiguares-vao-receber-r-77-milhoes-em-lote-de-restituicao-de-novembro\/\" \/>\n<meta property=\"og:locale\" content=\"pt_BR\" \/>\n<meta property=\"og:type\" content=\"article\" \/>\n<meta property=\"og:title\" content=\"Imposto de Renda: Potiguares v\u00e3o receber R$ 7,7 milh\u00f5es em lote de restitui\u00e7\u00e3o de novembro - Taveira Jr\" \/>\n<meta property=\"og:description\" content=\"Imposto de Renda Jo\u00e9dson Alves\/Ag\u00eancia Brasil A Receita Federal anunciou que vai depositar R$ 7,7 milh\u00f5es nas contas de mais de 2 mil potiguares na pr\u00f3xima sexta-feira (28). Os valores ...\" \/>\n<meta property=\"og:url\" content=\"https:\/\/deputadotaveirajr.com.br\/index.php\/imposto-de-renda-potiguares-vao-receber-r-77-milhoes-em-lote-de-restituicao-de-novembro\/\" \/>\n<meta property=\"og:site_name\" content=\"Taveira Jr\" \/>\n<meta property=\"og:image\" content=\"https:\/\/s2-g1.glbimg.com\/IUiu5SnHkMkcu7M4AH6uaqJju8A=\/i.s3.glbimg.com\/v1\/AUTH_59edd422c0c84a879bd37670ae4f538a\/internal_photos\/bs\/2025\/k\/l\/D877BMSqAFdl1AE0dqvw\/mg-7893.webp\" \/>\n<meta name=\"twitter:card\" content=\"summary_large_image\" \/>\n<meta name=\"twitter:label1\" content=\"Est. tempo de leitura\" \/>\n\t<meta name=\"twitter:data1\" content=\"2 minutos\" \/>\n<script type=\"application\/ld+json\" class=\"yoast-schema-graph\">{\"@context\":\"https:\/\/schema.org\",\"@graph\":[{\"@type\":\"WebPage\",\"@id\":\"https:\/\/deputadotaveirajr.com.br\/index.php\/imposto-de-renda-potiguares-vao-receber-r-77-milhoes-em-lote-de-restituicao-de-novembro\/\",\"url\":\"https:\/\/deputadotaveirajr.com.br\/index.php\/imposto-de-renda-potiguares-vao-receber-r-77-milhoes-em-lote-de-restituicao-de-novembro\/\",\"name\":\"Imposto de Renda: Potiguares v\u00e3o receber R$ 7,7 milh\u00f5es em lote de restitui\u00e7\u00e3o de novembro - Taveira Jr\",\"isPartOf\":{\"@id\":\"https:\/\/deputadotaveirajr.com.br\/#website\"},\"primaryImageOfPage\":{\"@id\":\"https:\/\/deputadotaveirajr.com.br\/index.php\/imposto-de-renda-potiguares-vao-receber-r-77-milhoes-em-lote-de-restituicao-de-novembro\/#primaryimage\"},\"image\":{\"@id\":\"https:\/\/deputadotaveirajr.com.br\/index.php\/imposto-de-renda-potiguares-vao-receber-r-77-milhoes-em-lote-de-restituicao-de-novembro\/#primaryimage\"},\"thumbnailUrl\":\"https:\/\/deputadotaveirajr.com.br\/wp-content\/uploads\/2025\/11\/mg-7893-GezgMZ.jpg\",\"datePublished\":\"2025-11-22T16:47:42+00:00\",\"breadcrumb\":{\"@id\":\"https:\/\/deputadotaveirajr.com.br\/index.php\/imposto-de-renda-potiguares-vao-receber-r-77-milhoes-em-lote-de-restituicao-de-novembro\/#breadcrumb\"},\"inLanguage\":\"pt-BR\",\"potentialAction\":[{\"@type\":\"ReadAction\",\"target\":[\"https:\/\/deputadotaveirajr.com.br\/index.php\/imposto-de-renda-potiguares-vao-receber-r-77-milhoes-em-lote-de-restituicao-de-novembro\/\"]}]},{\"@type\":\"ImageObject\",\"inLanguage\":\"pt-BR\",\"@id\":\"https:\/\/deputadotaveirajr.com.br\/index.php\/imposto-de-renda-potiguares-vao-receber-r-77-milhoes-em-lote-de-restituicao-de-novembro\/#primaryimage\",\"url\":\"https:\/\/deputadotaveirajr.com.br\/wp-content\/uploads\/2025\/11\/mg-7893-GezgMZ.jpg\",\"contentUrl\":\"https:\/\/deputadotaveirajr.com.br\/wp-content\/uploads\/2025\/11\/mg-7893-GezgMZ.jpg\",\"width\":1400,\"height\":838},{\"@type\":\"BreadcrumbList\",\"@id\":\"https:\/\/deputadotaveirajr.com.br\/index.php\/imposto-de-renda-potiguares-vao-receber-r-77-milhoes-em-lote-de-restituicao-de-novembro\/#breadcrumb\",\"itemListElement\":[{\"@type\":\"ListItem\",\"position\":1,\"name\":\"In\u00edcio\",\"item\":\"https:\/\/deputadotaveirajr.com.br\/\"},{\"@type\":\"ListItem\",\"position\":2,\"name\":\"Imposto de Renda: Potiguares v\u00e3o receber R$ 7,7 milh\u00f5es em lote de restitui\u00e7\u00e3o de novembro\"}]},{\"@type\":\"WebSite\",\"@id\":\"https:\/\/deputadotaveirajr.com.br\/#website\",\"url\":\"https:\/\/deputadotaveirajr.com.br\/\",\"name\":\"Taveira Jr\",\"description\":\"Deputado Estadual\",\"publisher\":{\"@id\":\"https:\/\/deputadotaveirajr.com.br\/#organization\"},\"potentialAction\":[{\"@type\":\"SearchAction\",\"target\":{\"@type\":\"EntryPoint\",\"urlTemplate\":\"https:\/\/deputadotaveirajr.com.br\/?s={search_term_string}\"},\"query-input\":{\"@type\":\"PropertyValueSpecification\",\"valueRequired\":true,\"valueName\":\"search_term_string\"}}],\"inLanguage\":\"pt-BR\"},{\"@type\":\"Organization\",\"@id\":\"https:\/\/deputadotaveirajr.com.br\/#organization\",\"name\":\"Taveira Jr\",\"url\":\"https:\/\/deputadotaveirajr.com.br\/\",\"logo\":{\"@type\":\"ImageObject\",\"inLanguage\":\"pt-BR\",\"@id\":\"https:\/\/deputadotaveirajr.com.br\/#\/schema\/logo\/image\/\",\"url\":\"https:\/\/deputadotaveirajr.com.br\/wp-content\/uploads\/2026\/01\/logolow2a.png\",\"contentUrl\":\"https:\/\/deputadotaveirajr.com.br\/wp-content\/uploads\/2026\/01\/logolow2a.png\",\"width\":290,\"height\":80,\"caption\":\"Taveira Jr\"},\"image\":{\"@id\":\"https:\/\/deputadotaveirajr.com.br\/#\/schema\/logo\/image\/\"}}]}<\/script>\n<!-- \/ Yoast SEO plugin. -->","yoast_head_json":{"title":"Imposto de Renda: Potiguares v\u00e3o receber R$ 7,7 milh\u00f5es em lote de restitui\u00e7\u00e3o de novembro - Taveira Jr","robots":{"index":"index","follow":"follow","max-snippet":"max-snippet:-1","max-image-preview":"max-image-preview:large","max-video-preview":"max-video-preview:-1"},"canonical":"https:\/\/deputadotaveirajr.com.br\/index.php\/imposto-de-renda-potiguares-vao-receber-r-77-milhoes-em-lote-de-restituicao-de-novembro\/","og_locale":"pt_BR","og_type":"article","og_title":"Imposto de Renda: Potiguares v\u00e3o receber R$ 7,7 milh\u00f5es em lote de restitui\u00e7\u00e3o de novembro - Taveira Jr","og_description":"Imposto de Renda Jo\u00e9dson Alves\/Ag\u00eancia Brasil A Receita Federal anunciou que vai depositar R$ 7,7 milh\u00f5es nas contas de mais de 2 mil potiguares na pr\u00f3xima sexta-feira (28). Os valores ...","og_url":"https:\/\/deputadotaveirajr.com.br\/index.php\/imposto-de-renda-potiguares-vao-receber-r-77-milhoes-em-lote-de-restituicao-de-novembro\/","og_site_name":"Taveira Jr","og_image":[{"url":"https:\/\/s2-g1.glbimg.com\/IUiu5SnHkMkcu7M4AH6uaqJju8A=\/i.s3.glbimg.com\/v1\/AUTH_59edd422c0c84a879bd37670ae4f538a\/internal_photos\/bs\/2025\/k\/l\/D877BMSqAFdl1AE0dqvw\/mg-7893.webp","type":"","width":"","height":""}],"twitter_card":"summary_large_image","twitter_misc":{"Est. tempo de leitura":"2 minutos"},"schema":{"@context":"https:\/\/schema.org","@graph":[{"@type":"WebPage","@id":"https:\/\/deputadotaveirajr.com.br\/index.php\/imposto-de-renda-potiguares-vao-receber-r-77-milhoes-em-lote-de-restituicao-de-novembro\/","url":"https:\/\/deputadotaveirajr.com.br\/index.php\/imposto-de-renda-potiguares-vao-receber-r-77-milhoes-em-lote-de-restituicao-de-novembro\/","name":"Imposto de Renda: Potiguares v\u00e3o receber R$ 7,7 milh\u00f5es em lote de restitui\u00e7\u00e3o de novembro - Taveira Jr","isPartOf":{"@id":"https:\/\/deputadotaveirajr.com.br\/#website"},"primaryImageOfPage":{"@id":"https:\/\/deputadotaveirajr.com.br\/index.php\/imposto-de-renda-potiguares-vao-receber-r-77-milhoes-em-lote-de-restituicao-de-novembro\/#primaryimage"},"image":{"@id":"https:\/\/deputadotaveirajr.com.br\/index.php\/imposto-de-renda-potiguares-vao-receber-r-77-milhoes-em-lote-de-restituicao-de-novembro\/#primaryimage"},"thumbnailUrl":"https:\/\/deputadotaveirajr.com.br\/wp-content\/uploads\/2025\/11\/mg-7893-GezgMZ.jpg","datePublished":"2025-11-22T16:47:42+00:00","breadcrumb":{"@id":"https:\/\/deputadotaveirajr.com.br\/index.php\/imposto-de-renda-potiguares-vao-receber-r-77-milhoes-em-lote-de-restituicao-de-novembro\/#breadcrumb"},"inLanguage":"pt-BR","potentialAction":[{"@type":"ReadAction","target":["https:\/\/deputadotaveirajr.com.br\/index.php\/imposto-de-renda-potiguares-vao-receber-r-77-milhoes-em-lote-de-restituicao-de-novembro\/"]}]},{"@type":"ImageObject","inLanguage":"pt-BR","@id":"https:\/\/deputadotaveirajr.com.br\/index.php\/imposto-de-renda-potiguares-vao-receber-r-77-milhoes-em-lote-de-restituicao-de-novembro\/#primaryimage","url":"https:\/\/deputadotaveirajr.com.br\/wp-content\/uploads\/2025\/11\/mg-7893-GezgMZ.jpg","contentUrl":"https:\/\/deputadotaveirajr.com.br\/wp-content\/uploads\/2025\/11\/mg-7893-GezgMZ.jpg","width":1400,"height":838},{"@type":"BreadcrumbList","@id":"https:\/\/deputadotaveirajr.com.br\/index.php\/imposto-de-renda-potiguares-vao-receber-r-77-milhoes-em-lote-de-restituicao-de-novembro\/#breadcrumb","itemListElement":[{"@type":"ListItem","position":1,"name":"In\u00edcio","item":"https:\/\/deputadotaveirajr.com.br\/"},{"@type":"ListItem","position":2,"name":"Imposto de Renda: Potiguares v\u00e3o receber R$ 7,7 milh\u00f5es em lote de restitui\u00e7\u00e3o de novembro"}]},{"@type":"WebSite","@id":"https:\/\/deputadotaveirajr.com.br\/#website","url":"https:\/\/deputadotaveirajr.com.br\/","name":"Taveira Jr","description":"Deputado Estadual","publisher":{"@id":"https:\/\/deputadotaveirajr.com.br\/#organization"},"potentialAction":[{"@type":"SearchAction","target":{"@type":"EntryPoint","urlTemplate":"https:\/\/deputadotaveirajr.com.br\/?s={search_term_string}"},"query-input":{"@type":"PropertyValueSpecification","valueRequired":true,"valueName":"search_term_string"}}],"inLanguage":"pt-BR"},{"@type":"Organization","@id":"https:\/\/deputadotaveirajr.com.br\/#organization","name":"Taveira Jr","url":"https:\/\/deputadotaveirajr.com.br\/","logo":{"@type":"ImageObject","inLanguage":"pt-BR","@id":"https:\/\/deputadotaveirajr.com.br\/#\/schema\/logo\/image\/","url":"https:\/\/deputadotaveirajr.com.br\/wp-content\/uploads\/2026\/01\/logolow2a.png","contentUrl":"https:\/\/deputadotaveirajr.com.br\/wp-content\/uploads\/2026\/01\/logolow2a.png","width":290,"height":80,"caption":"Taveira Jr"},"image":{"@id":"https:\/\/deputadotaveirajr.com.br\/#\/schema\/logo\/image\/"}}]}},"_links":{"self":[{"href":"https:\/\/deputadotaveirajr.com.br\/index.php\/wp-json\/wp\/v2\/pages\/14528","targetHints":{"allow":["GET"]}}],"collection":[{"href":"https:\/\/deputadotaveirajr.com.br\/index.php\/wp-json\/wp\/v2\/pages"}],"about":[{"href":"https:\/\/deputadotaveirajr.com.br\/index.php\/wp-json\/wp\/v2\/types\/page"}],"replies":[{"embeddable":true,"href":"https:\/\/deputadotaveirajr.com.br\/index.php\/wp-json\/wp\/v2\/comments?post=14528"}],"version-history":[{"count":0,"href":"https:\/\/deputadotaveirajr.com.br\/index.php\/wp-json\/wp\/v2\/pages\/14528\/revisions"}],"wp:featuredmedia":[{"embeddable":true,"href":"https:\/\/deputadotaveirajr.com.br\/index.php\/wp-json\/wp\/v2\/media\/14529"}],"wp:attachment":[{"href":"https:\/\/deputadotaveirajr.com.br\/index.php\/wp-json\/wp\/v2\/media?parent=14528"}],"curies":[{"name":"wp","href":"https:\/\/api.w.org\/{rel}","templated":true}]}}